{"id":7790,"date":"2025-04-04T07:52:48","date_gmt":"2025-04-04T07:52:48","guid":{"rendered":"https:\/\/fmp-components.com\/?post_type=product&#038;p=7790"},"modified":"2025-04-04T07:53:35","modified_gmt":"2025-04-04T07:53:35","slug":"planetary-ring-gear-2","status":"publish","type":"product","link":"https:\/\/fmp-components.com\/sk\/product\/planetary-ring-gear-2\/","title":{"rendered":"Plan\u00e9tov\u00e9 ozuben\u00e9 koleso"},"content":{"rendered":"<p>Plan\u00e9tov\u00e9 ozuben\u00e9 koleso, zn\u00e1me aj ako vn\u00fatorn\u00e9 ozuben\u00e9 koleso <a href=\"https:\/\/fmp-components.com\/sk\/ring-gear\/\">ozuben\u00fd veniec<\/a>, je k\u013e\u00fa\u010dovou s\u00fa\u010das\u0165ou plan\u00e9tov\u00fdch prevodov\u00fdch syst\u00e9mov, vyzna\u010duje sa zubami vyrezan\u00fdmi na vn\u00fatornom povrchu valcov\u00e9ho kr\u00fa\u017eku. Zaber\u00e1 s viacer\u00fdmi plan\u00e9tov\u00fdmi kolesami, ktor\u00e9 obiehaj\u00fa okolo centr\u00e1lneho centr\u00e1lneho kolesa, \u010do umo\u017e\u0148uje kompaktn\u00fd prenos v\u00fdkonu s vysok\u00fdm kr\u00fatiacim momentom a vynikaj\u00facou \u00fa\u010dinnos\u0165ou. Typicky je navrhnut\u00fd s evolventn\u00fdm profilom zubov, zais\u0165uje plynul\u00fd chod a rovnomern\u00e9 rozlo\u017eenie za\u0165a\u017eenia, zatia\u013e \u010do jeho ve\u013ek\u00fd priemer a vn\u00fatorn\u00e1 orient\u00e1cia umo\u017e\u0148uj\u00fa vysok\u00e9 reduk\u010dn\u00e9 pomery prevodov v obmedzenom priestore. V\u010faka tomu sa \u0161iroko pou\u017e\u00edva v aplik\u00e1ci\u00e1ch, ako s\u00fa automobilov\u00e9 prevodovky, priemyseln\u00e9 stroje a leteck\u00e9 syst\u00e9my.<\/p>\n<h2>\u0160pecifik\u00e1cia<\/h2>\n<table style=\"width: 100%;\" border=\"1\" width=\"100%\" cellspacing=\"0\" cellpadding=\"0\">\n<tbody>\n<tr>\n<td width=\"80\">\u010c\u00edslo modelu<\/td>\n<td width=\"531\">M3, M4, M5, M8, M12 at\u010f.<\/td>\n<\/tr>\n<tr>\n<td width=\"80\">Materi\u00e1l<\/td>\n<td width=\"531\">Mosadz, oce\u013e C45, nehrdzavej\u00faca oce\u013e, me\u010f, POM, hlin\u00edk, zliatina at\u010f.<\/td>\n<\/tr>\n<tr>\n<td rowspan=\"2\" width=\"80\">Povrchov\u00e1 \u00faprava<\/td>\n<td width=\"531\">Pozinkovan\u00e9, poniklovan\u00e9, pasiv\u00e1cia, oxid\u00e1cia, anodiz\u00e1cia,<\/td>\n<\/tr>\n<tr>\n<td width=\"531\">Geomet, Dacromet, \u010dierny oxid, fosf\u00e1tovanie, pr\u00e1\u0161kov\u00e9 lakovanie a elektrofor\u00e9za<\/td>\n<\/tr>\n<tr>\n<td width=\"80\">\u0160tandard<\/td>\n<td width=\"531\">ISO, DIN, ANSI, JIS, BS a ne\u0161tandardn\u00e9.<\/td>\n<\/tr>\n<tr>\n<td width=\"80\">Presnos\u0165<\/td>\n<td width=\"531\">DIN6, DIN7, DIN8, DIN9.<\/td>\n<\/tr>\n<tr>\n<td width=\"80\">O\u0161etrenie zubov<\/td>\n<td width=\"531\">Kalen\u00e9, fr\u00e9zovan\u00e9 alebo br\u00fasen\u00e9<\/td>\n<\/tr>\n<tr>\n<td width=\"80\">Tolerancia<\/td>\n<td width=\"531\">0,001 mm \u2013 0,01 mm \u2013 0,1 mm<\/td>\n<\/tr>\n<tr>\n<td width=\"80\">Dokon\u010di\u0165<\/td>\n<td width=\"531\">pieskovanie\/brokovanie, tepeln\u00e9 spracovanie, \u017e\u00edhanie, pop\u00fa\u0161\u0165anie, le\u0161tenie, eloxovanie, pozinkovanie<\/td>\n<\/tr>\n<tr>\n<td width=\"80\">Balenie vec\u00ed<\/td>\n<td width=\"531\">Plastov\u00e9 vrecko + kart\u00f3ny alebo dreven\u00e9 balenie<\/td>\n<\/tr>\n<tr>\n<td width=\"80\">Platobn\u00e9 podmienky<\/td>\n<td width=\"531\">T\/T, akredit\u00edv<\/td>\n<\/tr>\n<tr>\n<td width=\"80\">Dodacia lehota v\u00fdroby<\/td>\n<td width=\"531\">20 pracovn\u00fdch dn\u00ed pre vzorku, 25 dn\u00ed pre hromadn\u00e9 balenie<\/td>\n<\/tr>\n<tr>\n<td rowspan=\"2\" width=\"80\">Vzorky<\/td>\n<td width=\"531\">Vzorov\u00e9 cenov\u00e9 rozp\u00e4tie od $2 do $100.<\/td>\n<\/tr>\n<tr>\n<td width=\"531\">vzor expresnej po\u017eiadavky platenej klientmi<\/td>\n<\/tr>\n<tr>\n<td rowspan=\"8\" width=\"80\">Aplik\u00e1cia<\/td>\n<td width=\"531\">1. Automatick\u00fd riadiaci stroj<\/td>\n<\/tr>\n<tr>\n<td width=\"531\">2. Polovodi\u010dov\u00fd priemysel<\/td>\n<\/tr>\n<tr>\n<td width=\"531\">3. V\u0161eobecn\u00e9 priemyseln\u00e9 stroje<\/td>\n<\/tr>\n<tr>\n<td width=\"531\">4. Zdravotn\u00edcke vybavenie<\/td>\n<\/tr>\n<tr>\n<td width=\"531\">5. Zariadenia na sol\u00e1rnu energiu<\/td>\n<\/tr>\n<tr>\n<td width=\"531\">6. Obr\u00e1bac\u00ed stroj<\/td>\n<\/tr>\n<tr>\n<td width=\"531\">7. Parkovac\u00ed syst\u00e9m<\/td>\n<\/tr>\n<tr>\n<td width=\"531\">8. Zariadenia pre vysokor\u00fdchlostn\u00fa \u017eelezni\u010dn\u00fa a leteck\u00fa dopravu at\u010f.<\/td>\n<\/tr>\n<\/tbody>\n<\/table>\n<div>\n<h2 dir=\"auto\">Vlastnosti plan\u00e9tov\u00e9ho ozuben\u00e9ho kolesa<\/h2>\n<p class=\"break-words\" dir=\"auto\">Plan\u00e9tov\u00e9 ozuben\u00e9 koleso sa vyzna\u010duje vn\u00fatornou konfigur\u00e1ciou zubov, vyrezan\u00fdch na vn\u00fatornom povrchu valcov\u00e9ho prstenca, \u010do ho odli\u0161uje od vonkaj\u0161\u00edch ozuben\u00fdch kolies. Zvy\u010dajne vyu\u017e\u00edva evolventn\u00fd profil zubov, ktor\u00fd zabezpe\u010duje plynul\u00fd a efekt\u00edvny z\u00e1ber s plan\u00e9tov\u00fdmi kolesami, ktor\u00e9 sa ot\u00e1\u010daj\u00fa okolo centr\u00e1lneho slne\u010dn\u00e9ho kolesa. T\u00e1to kon\u0161trukcia umo\u017e\u0148uje kon\u0161tantn\u00fd pomer r\u00fdchlosti a vynikaj\u00face rozlo\u017eenie za\u0165a\u017eenia, \u010do prispieva k spo\u013eahliv\u00e9mu prenosu v\u00fdkonu v kompaktn\u00fdch zostav\u00e1ch.<\/p>\n<p class=\"break-words\" dir=\"auto\">Ve\u013ek\u00fd priemer a vn\u00fatorn\u00e1 orient\u00e1cia ozuben\u00e9ho kolesa umo\u017e\u0148uj\u00fa vysok\u00e9 reduk\u010dn\u00e9 pomery, v\u010faka \u010domu je k\u013e\u00fa\u010dovou s\u00fa\u010das\u0165ou plan\u00e9tov\u00fdch prevodov\u00fdch syst\u00e9mov, kde je obmedzen\u00fd priestor a vy\u017eaduje sa vysok\u00fd kr\u00fatiaci moment. Jeho schopnos\u0165 ot\u00e1\u010da\u0165 sa v rovnakom smere ako plan\u00e9tov\u00e9 koles\u00e1 zvy\u0161uje jednoduchos\u0165 syst\u00e9mu, zatia\u013e \u010do konk\u00e1vny tvar zubov m\u00f4\u017ee zlep\u0161i\u0165 kontaktn\u00fa pevnos\u0165 a odolnos\u0165. V\u010faka t\u00fdmto vlastnostiam je ide\u00e1lne pre n\u00e1ro\u010dn\u00e9 aplik\u00e1cie, ako s\u00fa automobilov\u00e9 prevodovky a \u0165a\u017ek\u00e9 stroje.<\/p>\n<p class=\"break-words\" dir=\"auto\">V\u00fdroba plan\u00e9tov\u00e9ho ozuben\u00e9ho kolesa \u010dasto zah\u0155\u0148a tvarovanie ozuben\u00e9ho kolesa kv\u00f4li jeho vn\u00fatornej geometrii, \u010do si vy\u017eaduje presnos\u0165, aby sa predi\u0161lo probl\u00e9mom s interferenciou, ako je evolventn\u00e1 alebo trochoidn\u00e1 interferencia so zodpovedaj\u00facimi ozuben\u00fdmi kolesami. Posun profilu sa be\u017ene pou\u017e\u00edva na spevnenie zubov a zabr\u00e1nenie probl\u00e9mom so z\u00e1berom, \u010d\u00edm sa zabezpe\u010d\u00ed robustnos\u0165. Jeho v\u0161estrannos\u0165 a \u00fa\u010dinnos\u0165 z neho urobili z\u00e1kladn\u00fd kame\u0148 v odvetviach, ako je leteck\u00fd a kozmick\u00fd priemysel, robotika a priemyseln\u00e1 automatiz\u00e1cia.<\/p>\n<\/div>","protected":false},"excerpt":{"rendered":"<p>A planetary ring gear, also known as an internal ring gear, is a key component in planetary gear systems, featuring teeth cut on the inner surface of a cylindrical ring. It meshes with multiple planet gears that orbit a central sun gear, enabling compact, high-torque power transmission with excellent efficiency. Typically designed with an involute [&hellip;]<\/p>","protected":false},"featured_media":4642,"comment_status":"open","ping_status":"closed","template":"","meta":{"_et_pb_use_builder":"","_et_pb_old_content":"","_et_gb_content_width":""},"product_brand":[],"product_cat":[114],"product_tag":[],"class_list":{"0":"post-7790","1":"product","2":"type-product","3":"status-publish","4":"has-post-thumbnail","6":"product_cat-ring-gear","8":"first","9":"instock","10":"shipping-taxable","11":"product-type-simple"},"_links":{"self":[{"href":"https:\/\/fmp-components.com\/sk\/wp-json\/wp\/v2\/product\/7790","targetHints":{"allow":["GET"]}}],"collection":[{"href":"https:\/\/fmp-components.com\/sk\/wp-json\/wp\/v2\/product"}],"about":[{"href":"https:\/\/fmp-components.com\/sk\/wp-json\/wp\/v2\/types\/product"}],"replies":[{"embeddable":true,"href":"https:\/\/fmp-components.com\/sk\/wp-json\/wp\/v2\/comments?post=7790"}],"wp:featuredmedia":[{"embeddable":true,"href":"https:\/\/fmp-components.com\/sk\/wp-json\/wp\/v2\/media\/4642"}],"wp:attachment":[{"href":"https:\/\/fmp-components.com\/sk\/wp-json\/wp\/v2\/media?parent=7790"}],"wp:term":[{"taxonomy":"product_brand","embeddable":true,"href":"https:\/\/fmp-components.com\/sk\/wp-json\/wp\/v2\/product_brand?post=7790"},{"taxonomy":"product_cat","embeddable":true,"href":"https:\/\/fmp-components.com\/sk\/wp-json\/wp\/v2\/product_cat?post=7790"},{"taxonomy":"product_tag","embeddable":true,"href":"https:\/\/fmp-components.com\/sk\/wp-json\/wp\/v2\/product_tag?post=7790"}],"curies":[{"name":"pracovn\u00fd list","href":"https:\/\/api.w.org\/{rel}","templated":true}]}}