{"id":7787,"date":"2025-04-04T07:21:01","date_gmt":"2025-04-04T07:21:01","guid":{"rendered":"https:\/\/fmp-components.com\/?post_type=product&#038;p=7787"},"modified":"2025-04-04T07:21:43","modified_gmt":"2025-04-04T07:21:43","slug":"internal-spur-gear","status":"publish","type":"product","link":"https:\/\/fmp-components.com\/sk\/product\/internal-spur-gear\/","title":{"rendered":"Vn\u00fatorn\u00e9 \u010deln\u00e9 ozuben\u00e9 koleso"},"content":{"rendered":"<div>\n<p class=\"break-words\" dir=\"auto\">Vn\u00fatorn\u00e9 \u010deln\u00e9 ozuben\u00e9 koles\u00e1 sa l\u00ed\u0161ia od typick\u00fdch \u010deln\u00fdch ozuben\u00fdch kolies t\u00fdm, \u017ee ich zuby s\u00fa vytvoren\u00e9 na vn\u00fatornom povrchu polotovaru. Tieto ozuben\u00e9 koles\u00e1 b\u00fdvaj\u00fa pevnej\u0161ie a \u00fa\u010dinnej\u0161ie v porovnan\u00ed s pastorkom, s ktor\u00fdm zaberaj\u00fa. Pre spr\u00e1vnu funkciu by mal by\u0165 rozstupn\u00fd priemer vn\u00fatorn\u00e9ho ozuben\u00e9ho kolesa aspo\u0148 1,5-kr\u00e1t v\u00e4\u010d\u0161\u00ed ako priemer zodpovedaj\u00faceho pastorka, inak sa hroty zubov bud\u00fa navz\u00e1jom ru\u0161i\u0165.<\/p>\n<p class=\"break-words\" dir=\"auto\">Vn\u00fatorn\u00e9 ozuben\u00e9 koles\u00e1 pon\u00fakaj\u00fa kon\u0161trukt\u00e9rom v\u00fdhodu dosiahnutia v\u00e4\u010d\u0161\u00edch kontaktn\u00fdch a hnac\u00edch pomerov pri krat\u0161\u00edch stredov\u00fdch vzdialenostiach ako \u0161tandardn\u00e9 \u010deln\u00e9 ozuben\u00e9 koles\u00e1. Okrem toho umo\u017e\u0148uj\u00fa nastavenie r\u00fdchlosti bez zmeny smeru, \u010d\u00edm eliminuj\u00fa potrebu vlo\u017een\u00e9ho ozuben\u00e9ho kolesa, ktor\u00e9 by bolo potrebn\u00e9 pri tradi\u010dn\u00fdch \u010deln\u00fdch ozuben\u00fdch koles\u00e1ch.<\/p>\n<\/div>\n<h2>\u0160pecifik\u00e1cia produktu<\/h2>\n<div class=\"table-responsive\">\n<table class=\"table\" style=\"width: 101.427%; height: 279px;\" border=\"1\">\n<tbody>\n<tr>\n<td>Tvar zuba<\/td>\n<td>Pod\u013ea po\u017eiadavky z\u00e1kazn\u00edka<\/td>\n<\/tr>\n<tr>\n<td>Materi\u00e1l<\/td>\n<td>Pod\u013ea po\u017eiadavky z\u00e1kazn\u00edka<\/td>\n<\/tr>\n<tr>\n<td>Tvar<\/td>\n<td>Pod\u013ea po\u017eiadavky z\u00e1kazn\u00edka<\/td>\n<\/tr>\n<tr>\n<td>Stupe\u0148<\/td>\n<td>Pod\u013ea po\u017eiadavky z\u00e1kazn\u00edka<\/td>\n<\/tr>\n<tr>\n<td>Technika<\/td>\n<td>Pod\u013ea po\u017eiadavky z\u00e1kazn\u00edka<\/td>\n<\/tr>\n<tr>\n<td>Uhol tlaku<\/td>\n<td>Pod\u013ea po\u017eiadavky z\u00e1kazn\u00edka<\/td>\n<\/tr>\n<tr>\n<td>Priemer<\/td>\n<td>Pod\u013ea po\u017eiadavky z\u00e1kazn\u00edka<\/td>\n<\/tr>\n<tr>\n<td>Ve\u013ekos\u0165<\/td>\n<td>Pod\u013ea po\u017eiadavky z\u00e1kazn\u00edka<\/td>\n<\/tr>\n<tr>\n<td>Minim\u00e1lne objednan\u00e9 mno\u017estvo<\/td>\n<td>1 jednotka<\/td>\n<\/tr>\n<\/tbody>\n<\/table>\n<div>\n<h3 class=\"\" dir=\"auto\">Vn\u00fatorn\u00e9 ozuben\u00e9 koles\u00e1 excelentnosti od FMP pre taliansky trh<\/h3>\n<p class=\"break-words\" dir=\"auto\">FMP je popredn\u00fd v\u00fdrobca vn\u00fatorn\u00fdch \u010deln\u00fdch ozuben\u00fdch kolies, ktor\u00fd dod\u00e1va \u0161pi\u010dkov\u00fa kvalitu <a href=\"https:\/\/fmp-components.com\/sk\/ring-gear\/\">ozuben\u00e9 koles\u00e1<\/a> pre priemyseln\u00e9 odvetvia v celom Taliansku, od Mil\u00e1na po Ben\u00e1tky. N\u00e1\u0161 rozsiahly katal\u00f3g obsahuje \u0161irok\u00fa \u0161k\u00e1lu typov ozuben\u00fdch kolies, navrhnut\u00fdch tak, aby poskytovali presnos\u0165 a spo\u013eahlivos\u0165 pre aplik\u00e1cie v stroj\u00e1rstve, automobilovom priemysle a \u010fal\u0161\u00edch oblastiach. \u010ci u\u017e p\u00f4sob\u00edte vo Florencii alebo Bologni, FMP zaru\u010duje, \u017ee ka\u017ed\u00e9 vn\u00fatorn\u00e9 \u010deln\u00e9 ozuben\u00e9 koleso sp\u013a\u0148a najvy\u0161\u0161ie \u0161tandardy a je vyroben\u00e9 s pou\u017eit\u00edm najmodernej\u0161\u00edch technol\u00f3gi\u00ed na podporu prosperuj\u00facich priemyseln\u00fdch sektorov v Taliansku. Sme va\u0161\u00edm partnerom pre odoln\u00e9 a efekt\u00edvne rie\u0161enia ozuben\u00fdch kolies prisp\u00f4soben\u00e9 miestnym potreb\u00e1m.<\/p>\n<h3 class=\"\" dir=\"auto\">Vn\u00fatorn\u00e9 ozuben\u00e9 koles\u00e1 na mieru pre va\u0161e jedine\u010dn\u00e9 po\u017eiadavky<\/h3>\n<p class=\"break-words\" dir=\"auto\">V spolo\u010dnosti FMP ideme nad r\u00e1mec \u0161tandardnej ponuky a poskytujeme plne prisp\u00f4sobite\u013en\u00e9 vn\u00fatorn\u00e9 ozuben\u00e9 koles\u00e1, ktor\u00e9 vyhovuj\u00fa va\u0161im \u0161pecifick\u00fdm projektom. Ak sa nach\u00e1dzate v Mil\u00e1ne, Ben\u00e1tkach, Florencii alebo Bologni a v na\u0161om zozname produktov nevid\u00edte presn\u00fd model, ktor\u00fd potrebujete, je pravdepodobn\u00e9, \u017ee sme ho e\u0161te nenahrali \u2013 n\u00e1\u0161 invent\u00e1r sa neust\u00e1le roz\u0161iruje. Kontaktujte n\u00e1s e-mailom s va\u0161imi \u0161pecifik\u00e1ciami a na\u0161i sk\u00fasen\u00ed technici sa v\u00e1m do 24 hod\u00edn ozv\u00fa s personalizovan\u00fdmi mo\u017enos\u0165ami. Bez oh\u013eadu na zlo\u017eitos\u0165 va\u0161ej po\u017eiadavky sa spolo\u010dnos\u0165 FMP venuje poskytovaniu r\u00fdchlych, odborn\u00fdch slu\u017eieb a vysokokvalitn\u00fdch ozuben\u00fdch kolies firm\u00e1m v celom Taliansku.<\/p>\n<\/div>\n<\/div>","protected":false},"excerpt":{"rendered":"<p>Internal Spur Gears differ from typical spur gears in that their teeth are formed on the inner surface of the blank. These gears tend to be stronger and more efficient compared to the pinion gear they mesh with. For proper function, the pitch diameter of the internal gear should be at least 1.5 times that [&hellip;]<\/p>","protected":false},"featured_media":4639,"comment_status":"open","ping_status":"closed","template":"","meta":{"_et_pb_use_builder":"","_et_pb_old_content":"","_et_gb_content_width":""},"product_brand":[],"product_cat":[114],"product_tag":[],"class_list":{"0":"post-7787","1":"product","2":"type-product","3":"status-publish","4":"has-post-thumbnail","6":"product_cat-ring-gear","8":"first","9":"instock","10":"shipping-taxable","11":"product-type-simple"},"_links":{"self":[{"href":"https:\/\/fmp-components.com\/sk\/wp-json\/wp\/v2\/product\/7787","targetHints":{"allow":["GET"]}}],"collection":[{"href":"https:\/\/fmp-components.com\/sk\/wp-json\/wp\/v2\/product"}],"about":[{"href":"https:\/\/fmp-components.com\/sk\/wp-json\/wp\/v2\/types\/product"}],"replies":[{"embeddable":true,"href":"https:\/\/fmp-components.com\/sk\/wp-json\/wp\/v2\/comments?post=7787"}],"wp:featuredmedia":[{"embeddable":true,"href":"https:\/\/fmp-components.com\/sk\/wp-json\/wp\/v2\/media\/4639"}],"wp:attachment":[{"href":"https:\/\/fmp-components.com\/sk\/wp-json\/wp\/v2\/media?parent=7787"}],"wp:term":[{"taxonomy":"product_brand","embeddable":true,"href":"https:\/\/fmp-components.com\/sk\/wp-json\/wp\/v2\/product_brand?post=7787"},{"taxonomy":"product_cat","embeddable":true,"href":"https:\/\/fmp-components.com\/sk\/wp-json\/wp\/v2\/product_cat?post=7787"},{"taxonomy":"product_tag","embeddable":true,"href":"https:\/\/fmp-components.com\/sk\/wp-json\/wp\/v2\/product_tag?post=7787"}],"curies":[{"name":"pracovn\u00fd list","href":"https:\/\/api.w.org\/{rel}","templated":true}]}}