{"id":7786,"date":"2025-04-04T07:12:32","date_gmt":"2025-04-04T07:12:32","guid":{"rendered":"https:\/\/fmp-components.com\/?post_type=product&#038;p=7786"},"modified":"2025-04-04T07:12:32","modified_gmt":"2025-04-04T07:12:32","slug":"steel-internal-gear","status":"publish","type":"product","link":"https:\/\/fmp-components.com\/sk\/product\/steel-internal-gear\/","title":{"rendered":"Oce\u013eov\u00e9 vn\u00fatorn\u00e9 ozuben\u00e9 koleso"},"content":{"rendered":"<h2>\u0160pecifik\u00e1cia produktu<\/h2>\n<div class=\"table-responsive\">\n<table class=\"table\" style=\"width: 99.372%; height: 202px;\" border=\"1\" cellspacing=\"0\" cellpadding=\"0\">\n<tbody>\n<tr>\n<td>Tvar zuba<\/td>\n<td>Intern\u00e9<\/td>\n<\/tr>\n<tr>\n<td>Materi\u00e1l<\/td>\n<td>M\u00e4kk\u00e1 oce\u013e<\/td>\n<\/tr>\n<tr>\n<td>Tvar<\/td>\n<td>Okr\u00fahle<\/td>\n<\/tr>\n<tr>\n<td>Priemer<\/td>\n<td>100 mm<\/td>\n<\/tr>\n<tr>\n<td>Krajina p\u00f4vodu<\/td>\n<td>\u010c\u00edna<\/td>\n<\/tr>\n<tr>\n<td>Povrchov\u00e1 \u00faprava<\/td>\n<td>Pr\u00e1\u0161kovo lakovan\u00e9<\/td>\n<\/tr>\n<tr>\n<td>Tvrdos\u0165<\/td>\n<td>45 HRC<\/td>\n<\/tr>\n<\/tbody>\n<\/table>\n<div>\n<h3 class=\"\" dir=\"auto\">Rie\u0161enia oce\u013eov\u00fdch vn\u00fatorn\u00fdch ozuben\u00fdch kolies od spolo\u010dnosti FMP pre taliansky priemysel<\/h3>\n<p class=\"break-words\" dir=\"auto\">Na\u0161a \u0161irok\u00e1 ponuka <a href=\"https:\/\/fmp-components.com\/sk\/ring-gear\/\">ozuben\u00e9 koles\u00e1<\/a> je navrhnut\u00fd tak, aby sp\u013a\u0148al rozmanit\u00e9 potreby stroj\u00e1rskych a automobilov\u00fdch aplik\u00e1ci\u00ed a zabezpe\u010doval odolnos\u0165 a presnos\u0165 ka\u017ed\u00e9ho produktu. \u010ci u\u017e ste vo Florencii alebo Bologni, FMP pon\u00faka r\u00f4zne typy ozuben\u00fdch kolies, vr\u00e1tane \u0161tandardn\u00fdch a \u0161pecializovan\u00fdch preveden\u00ed, v\u0161etky vyroben\u00e9 s pou\u017eit\u00edm pokro\u010dilej technol\u00f3gie pre dosiahnutie optim\u00e1lneho v\u00fdkonu. N\u00e1\u0161 z\u00e1v\u00e4zok k dokonalosti z n\u00e1s rob\u00ed d\u00f4veryhodn\u00e9ho partnera pre podniky, ktor\u00e9 h\u013eadaj\u00fa spo\u013eahliv\u00e9 rie\u0161enia ozuben\u00fdch kolies v priemyseln\u00fdch centr\u00e1ch Talianska.<\/p>\n<h3 class=\"\" dir=\"auto\">Oce\u013eov\u00e9 vn\u00fatorn\u00e9 ozuben\u00e9 koles\u00e1 na mieru prisp\u00f4soben\u00e9 va\u0161im potreb\u00e1m<\/h3>\n<p class=\"break-words\" dir=\"auto\">V spolo\u010dnosti FMP ch\u00e1peme, \u017ee ka\u017ed\u00fd projekt je jedine\u010dn\u00fd, a preto pon\u00fakame aj plne prisp\u00f4soben\u00e9 mo\u017enosti oce\u013eov\u00fdch vn\u00fatorn\u00fdch prevodov. Ak s\u00eddlite v Mil\u00e1ne, Ben\u00e1tkach, Florencii alebo inde a v na\u0161om zozname produktov nem\u00f4\u017eete n\u00e1js\u0165 presn\u00fd model, ktor\u00fd potrebujete, nebojte sa \u2013 na\u0161u ponuku neust\u00e1le aktualizujeme. Jednoducho n\u00e1m po\u0161lite e-mail s va\u0161imi po\u017eiadavkami a na\u0161i odborn\u00ed in\u017einieri v\u00e1m do 24 hod\u00edn odpovedia s rie\u0161eniami na mieru. \u010ci u\u017e ide o konkr\u00e9tnu ve\u013ekos\u0165 alebo dizajn na mieru pre va\u0161e prev\u00e1dzky v Bologni alebo in\u00fdch talianskych mest\u00e1ch, spolo\u010dnos\u0165 FMP je tu, aby podporila va\u0161e podnikanie r\u00fdchlym a profesion\u00e1lnym servisom a \u0161pi\u010dkov\u00fdmi v\u00fdrobn\u00fdmi odborn\u00fdmi znalos\u0165ami.<\/p>\n<\/div>\n<\/div>","protected":false},"excerpt":{"rendered":"<p>Product Specification Tooth Form Internal Material Mild Steel Shape Round Diameter 100 mm Country of Origin China Surface Finish Powder Coated Hardness 45 HRC Steel Internal Gear Solutions by FMP for Italian Industries Our extensive range of ring gears is designed to meet the diverse needs of machinery and automotive applications, ensuring durability and precision [&hellip;]<\/p>","protected":false},"featured_media":4647,"comment_status":"open","ping_status":"closed","template":"","meta":{"_et_pb_use_builder":"","_et_pb_old_content":"","_et_gb_content_width":""},"product_brand":[],"product_cat":[114],"product_tag":[],"class_list":{"0":"post-7786","1":"product","2":"type-product","3":"status-publish","4":"has-post-thumbnail","6":"product_cat-ring-gear","8":"first","9":"instock","10":"shipping-taxable","11":"product-type-simple"},"_links":{"self":[{"href":"https:\/\/fmp-components.com\/sk\/wp-json\/wp\/v2\/product\/7786","targetHints":{"allow":["GET"]}}],"collection":[{"href":"https:\/\/fmp-components.com\/sk\/wp-json\/wp\/v2\/product"}],"about":[{"href":"https:\/\/fmp-components.com\/sk\/wp-json\/wp\/v2\/types\/product"}],"replies":[{"embeddable":true,"href":"https:\/\/fmp-components.com\/sk\/wp-json\/wp\/v2\/comments?post=7786"}],"wp:featuredmedia":[{"embeddable":true,"href":"https:\/\/fmp-components.com\/sk\/wp-json\/wp\/v2\/media\/4647"}],"wp:attachment":[{"href":"https:\/\/fmp-components.com\/sk\/wp-json\/wp\/v2\/media?parent=7786"}],"wp:term":[{"taxonomy":"product_brand","embeddable":true,"href":"https:\/\/fmp-components.com\/sk\/wp-json\/wp\/v2\/product_brand?post=7786"},{"taxonomy":"product_cat","embeddable":true,"href":"https:\/\/fmp-components.com\/sk\/wp-json\/wp\/v2\/product_cat?post=7786"},{"taxonomy":"product_tag","embeddable":true,"href":"https:\/\/fmp-components.com\/sk\/wp-json\/wp\/v2\/product_tag?post=7786"}],"curies":[{"name":"pracovn\u00fd list","href":"https:\/\/api.w.org\/{rel}","templated":true}]}}