{"id":7781,"date":"2025-04-04T06:46:54","date_gmt":"2025-04-04T06:46:54","guid":{"rendered":"https:\/\/fmp-components.com\/?post_type=product&#038;p=7781"},"modified":"2025-04-04T06:48:36","modified_gmt":"2025-04-04T06:48:36","slug":"internal-gears-for-tractors-and-cranes","status":"publish","type":"product","link":"https:\/\/fmp-components.com\/sk\/product\/internal-gears-for-tractors-and-cranes\/","title":{"rendered":"Vn\u00fatorn\u00e9 prevody pre traktory a \u017eeriavy"},"content":{"rendered":"<h2>\u0160pecifik\u00e1cia produktu<\/h2>\n<div class=\"table-responsive\">\n<table class=\"table\" style=\"width: 99.2193%;\" border=\"1\">\n<tbody>\n<tr>\n<td style=\"width: 56.4286%;\">Typ produktu<\/td>\n<td style=\"width: 281.083%;\">\u010casti prevodovky<\/td>\n<\/tr>\n<tr>\n<td style=\"width: 56.4286%;\">Pou\u017eitie\/Aplik\u00e1cia<\/td>\n<td style=\"width: 281.083%;\">Traktor a \u017eeriav<\/td>\n<\/tr>\n<tr>\n<td style=\"width: 56.4286%;\">Materi\u00e1l<\/td>\n<td style=\"width: 281.083%;\">M\u00e4kk\u00e1 oce\u013e<\/td>\n<\/tr>\n<tr>\n<td style=\"width: 56.4286%;\">Tvar<\/td>\n<td style=\"width: 281.083%;\">Okr\u00fahle<\/td>\n<\/tr>\n<tr>\n<td style=\"width: 56.4286%;\">Typ balenia<\/td>\n<td style=\"width: 281.083%;\">Krabica<\/td>\n<\/tr>\n<tr>\n<td style=\"width: 56.4286%;\">Minim\u00e1lne objednan\u00e9 mno\u017estvo<\/td>\n<td style=\"width: 281.083%;\">10 \u010c\u00edslo<\/td>\n<\/tr>\n<\/tbody>\n<\/table>\n<\/div>\n<p>V\u010faka \u00faprimnosti a tvrdej pr\u00e1ci na\u0161ich profesion\u00e1lov sme si v tejto oblasti vydobyli miesto t\u00fdm, \u017ee pon\u00fakame prvotriedny sortiment vn\u00fatorn\u00e9ho ozuben\u00e9ho kolesa.<\/p>\n<div>\n<h3 class=\"\" dir=\"auto\">Zv\u00fd\u0161te v\u00fdkon traktorov a \u017eeriavov pomocou vn\u00fatorn\u00fdch prevodov od spolo\u010dnosti FMP v Taliansku<\/h3>\n<p class=\"break-words\" dir=\"auto\">Vn\u00fatorn\u00e9 ozuben\u00e9 koles\u00e1 zohr\u00e1vaj\u00fa k\u013e\u00fa\u010dov\u00fa \u00falohu v hladkom chode \u0165a\u017ek\u00fdch strojov, ako s\u00fa traktory a \u017eeriavy, a poskytuj\u00fa v\u00fdkon a presnos\u0165 tam, kde je to najviac potrebn\u00e9. V spolo\u010dnosti FMP vyr\u00e1bame \u0161irok\u00fa \u0161k\u00e1lu ozuben\u00fdch kolies vr\u00e1tane vysokokvalitn\u00fdch vn\u00fatorn\u00fdch ozuben\u00fdch kolies navrhnut\u00fdch tak, aby odolali n\u00e1rokom po\u013enohospod\u00e1rskeho a stavebn\u00e9ho prostredia. Od \u00farodn\u00fdch pol\u00ed ne\u010faleko Florencie a\u017e po priemyseln\u00e9 centr\u00e1 Mil\u00e1na, na\u0161e ozuben\u00e9 koles\u00e1 zabezpe\u010duj\u00fa odolnos\u0165, \u00fa\u010dinnos\u0165 a zn\u00ed\u017een\u00fa \u00fadr\u017ebu v\u00e1\u0161ho zariadenia. \u010ci u\u017e obsluhujete \u017eeriavy v ru\u0161n\u00fdch ben\u00e1tskych pr\u00edstavoch alebo traktory na vidieku Bologne, FMP poskytuje spo\u013eahliv\u00e9 rie\u0161enia prisp\u00f4soben\u00e9 rozmanit\u00fdm odvetviam Talianska.<\/p>\n<h3 class=\"\" dir=\"auto\">Vn\u00fatorn\u00e9 ozuben\u00e9 koles\u00e1 na mieru pre va\u0161e potreby \u2013 kontaktujte FMP e\u0161te dnes!<\/h3>\n<p class=\"break-words\" dir=\"auto\">FMP sa zav\u00e4zuje splni\u0165 va\u0161e \u0161pecifick\u00e9 potreby prostredn\u00edctvom na\u0161ej \u0161irokej ponuky <a href=\"https:\/\/fmp-components.com\/sk\/ring-gear\/\">ozuben\u00e9 koles\u00e1<\/a> a mo\u017enosti z\u00e1kazkovej v\u00fdroby. Ak h\u013ead\u00e1te vn\u00fatorn\u00e9 prevody pre traktory alebo \u017eeriavy a v na\u0161om zozname produktov nevid\u00edte presn\u00fd model, je pravdepodobn\u00e9, \u017ee sme ho e\u0161te nenahrali \u2013 n\u00e1\u0161 invent\u00e1r neust\u00e1le rastie. Kontaktujte n\u00e1s e-mailom s va\u0161imi po\u017eiadavkami, \u010di u\u017e ste v Mil\u00e1ne, Ben\u00e1tkach, Florencii alebo inde, a na\u0161i sk\u00fasen\u00ed technici v\u00e1m odpovedia do 24 hod\u00edn s personalizovan\u00fdm rie\u0161en\u00edm. D\u00f4verujte spolo\u010dnosti FMP, \u017ee v\u00e1m poskytne v\u00fdnimo\u010dn\u00fa kvalitu a podporu a poh\u00e1\u0148a va\u0161e stroje po celom Taliansku s presnos\u0165ou a odbornos\u0165ou.<\/p>\n<\/div>","protected":false},"excerpt":{"rendered":"<p>Product Specification Product Type Gear Parts Usage\/Application Tractor and crane Material Mild Steel Shape Round Packaging Type Box Minimum Order Quantity 10 Number With our professionals&#8217; sincerity and hard work, we have carved a niche for ourselves in this domain by offering a premium quality gamut of Internal Gear. Boost Tractor and Crane Performance with [&hellip;]<\/p>","protected":false},"featured_media":4638,"comment_status":"open","ping_status":"closed","template":"","meta":{"_et_pb_use_builder":"","_et_pb_old_content":"","_et_gb_content_width":""},"product_brand":[],"product_cat":[114],"product_tag":[],"class_list":{"0":"post-7781","1":"product","2":"type-product","3":"status-publish","4":"has-post-thumbnail","6":"product_cat-ring-gear","8":"first","9":"instock","10":"shipping-taxable","11":"product-type-simple"},"_links":{"self":[{"href":"https:\/\/fmp-components.com\/sk\/wp-json\/wp\/v2\/product\/7781","targetHints":{"allow":["GET"]}}],"collection":[{"href":"https:\/\/fmp-components.com\/sk\/wp-json\/wp\/v2\/product"}],"about":[{"href":"https:\/\/fmp-components.com\/sk\/wp-json\/wp\/v2\/types\/product"}],"replies":[{"embeddable":true,"href":"https:\/\/fmp-components.com\/sk\/wp-json\/wp\/v2\/comments?post=7781"}],"wp:featuredmedia":[{"embeddable":true,"href":"https:\/\/fmp-components.com\/sk\/wp-json\/wp\/v2\/media\/4638"}],"wp:attachment":[{"href":"https:\/\/fmp-components.com\/sk\/wp-json\/wp\/v2\/media?parent=7781"}],"wp:term":[{"taxonomy":"product_brand","embeddable":true,"href":"https:\/\/fmp-components.com\/sk\/wp-json\/wp\/v2\/product_brand?post=7781"},{"taxonomy":"product_cat","embeddable":true,"href":"https:\/\/fmp-components.com\/sk\/wp-json\/wp\/v2\/product_cat?post=7781"},{"taxonomy":"product_tag","embeddable":true,"href":"https:\/\/fmp-components.com\/sk\/wp-json\/wp\/v2\/product_tag?post=7781"}],"curies":[{"name":"pracovn\u00fd list","href":"https:\/\/api.w.org\/{rel}","templated":true}]}}