{"id":7776,"date":"2025-04-04T06:37:01","date_gmt":"2025-04-04T06:37:01","guid":{"rendered":"https:\/\/fmp-components.com\/?post_type=product&#038;p=7776"},"modified":"2025-04-04T06:39:57","modified_gmt":"2025-04-04T06:39:57","slug":"plastic-internal-gear","status":"publish","type":"product","link":"https:\/\/fmp-components.com\/sk\/product\/plastic-internal-gear\/","title":{"rendered":"Plastov\u00e9 vn\u00fatorn\u00e9 ozuben\u00e9 koleso"},"content":{"rendered":"<h3>\u0160pecifik\u00e1cia plastov\u00e9ho vn\u00fatorn\u00e9ho ozuben\u00e9ho kolesa<\/h3>\n<div class=\"table-responsive\">\n<table class=\"table\" style=\"width: 100.732%;\" border=\"1\" cellspacing=\"0\" cellpadding=\"0\">\n<tbody>\n<tr>\n<td style=\"width: 182.865%;\" colspan=\"2\">Plastov\u00e9 vn\u00fatorn\u00e9 ozuben\u00e9 koleso<\/td>\n<\/tr>\n<tr>\n<td style=\"width: 23.299%;\">Rozmer<\/td>\n<td style=\"width: 159.566%;\">\u03a660mm<\/td>\n<\/tr>\n<tr>\n<td style=\"width: 23.299%;\">Modul<\/td>\n<td style=\"width: 159.566%;\">M0,15 \u2013 M2,0<\/td>\n<\/tr>\n<tr>\n<td style=\"width: 23.299%;\">Typ materi\u00e1lu<\/td>\n<td style=\"width: 159.566%;\">POM, PA, PPA, PBT PEEK pod\u013ea vlastn\u00e9ho uv\u00e1\u017eenia<\/td>\n<\/tr>\n<tr>\n<td style=\"width: 23.299%;\">Stupe\u0148 sie\u0165ovania<\/td>\n<td style=\"width: 159.566%;\">ISO6, JGMA 1, JIS 6, AGMA 13, DIN 6, DIN 5, AGMA12<\/td>\n<\/tr>\n<tr>\n<td style=\"width: 23.299%;\">Aplik\u00e1cia<\/td>\n<td style=\"width: 159.566%;\">Automobilov\u00fd priemysel, vojensk\u00fd priemysel, leteck\u00fd priemysel, stroj\u00e1rstvo, priemysel, medic\u00edna<\/td>\n<\/tr>\n<tr>\n<td style=\"width: 23.299%;\">Prisp\u00f4soben\u00e9<\/td>\n<td style=\"width: 159.566%;\">Podporovan\u00e9 ODM\/OEM<\/td>\n<\/tr>\n<tr>\n<td style=\"width: 23.299%;\">Vzorka<\/td>\n<td style=\"width: 159.566%;\">Vzorka k dispoz\u00edcii<\/td>\n<\/tr>\n<tr>\n<td style=\"width: 23.299%;\">Sp\u00f4soby balenia<\/td>\n<td style=\"width: 159.566%;\">V\u00e1kuovo balen\u00e9 s plastovou miskou<\/td>\n<\/tr>\n<tr>\n<td style=\"width: 23.299%;\">Sp\u00f4soby doru\u010denia<\/td>\n<td style=\"width: 159.566%;\">DHL UPS<\/td>\n<\/tr>\n<tr>\n<td style=\"width: 23.299%;\">Certifik\u00e1t<\/td>\n<td style=\"width: 159.566%;\">ISO 9001: 2008\/TS16949<\/td>\n<\/tr>\n<\/tbody>\n<\/table>\n<h2>Modul plastov\u00e9ho vn\u00fatorn\u00e9ho ozuben\u00e9ho venca 1, zuby 20 \u2013 140<\/h2>\n<table style=\"border-collapse: collapse; width: 101.877%; height: 5px;\" border=\"0\" width=\"162\" cellspacing=\"0\" cellpadding=\"0\">\n<tbody>\n<tr style=\"height: 14.40pt;\">\n<td style=\"height: 14.40pt; width: 48.60pt;\" align=\"right\" width=\"81\" height=\"24\"><img loading=\"lazy\" decoding=\"async\" class=\"size-full wp-image-7777 aligncenter\" src=\"https:\/\/fmp-components.com\/wp-content\/uploads\/2025\/04\/Plastic-Internal-Ring-Gear-3.webp\" alt=\"Plastov\u00fd vn\u00fatorn\u00fd ozuben\u00fd veniec\" width=\"600\" height=\"600\" title=\"\" srcset=\"https:\/\/fmp-components.com\/wp-content\/uploads\/2025\/04\/Plastic-Internal-Ring-Gear-3.webp 600w, https:\/\/fmp-components.com\/wp-content\/uploads\/2025\/04\/Plastic-Internal-Ring-Gear-3-480x480.webp 480w\" sizes=\"(min-width: 0px) and (max-width: 480px) 480px, (min-width: 481px) 600px, 100vw\" \/><\/td>\n<td style=\"width: 48.60pt;\" align=\"right\" width=\"81\"><img loading=\"lazy\" decoding=\"async\" class=\"size-full wp-image-7778 aligncenter\" src=\"https:\/\/fmp-components.com\/wp-content\/uploads\/2025\/04\/Plastic-Internal-Ring-Gear.webp\" alt=\"Plastov\u00fd vn\u00fatorn\u00fd ozuben\u00fd veniec\" width=\"600\" height=\"600\" title=\"\" srcset=\"https:\/\/fmp-components.com\/wp-content\/uploads\/2025\/04\/Plastic-Internal-Ring-Gear.webp 600w, https:\/\/fmp-components.com\/wp-content\/uploads\/2025\/04\/Plastic-Internal-Ring-Gear-480x480.webp 480w\" sizes=\"(min-width: 0px) and (max-width: 480px) 480px, (min-width: 481px) 600px, 100vw\" \/><\/td>\n<\/tr>\n<\/tbody>\n<\/table>\n<p>Uhol tlaku: 20 \u00b0<\/p>\n<p>Materi\u00e1l: POM-C pr\u00edrodn\u00fd<\/p>\n<p>Strojovo vyroben\u00e9 ozubenie,<\/p>\n<p>vynikaj\u00faca kvalita.<\/p>\n<p>Uhol \u0161pir\u00e1ly: 0 \u00b0 (rovn\u00e9 boky)<\/p>\n<table style=\"width: 101.252%;\" border=\"1\" cellspacing=\"0\" cellpadding=\"0\">\n<tbody>\n<tr>\n<td style=\"width: 15.1436%;\">\n<p align=\"center\"><b>\u010c\u00edslo dielu<\/b><\/p>\n<\/td>\n<td style=\"width: 26.2867%;\">\n<p align=\"center\"><b>Po\u010det zubov<\/b><\/p>\n<\/td>\n<td style=\"width: 11.0501%;\">\n<p align=\"center\"><strong>b<\/strong><\/p>\n<\/td>\n<td style=\"width: 8.61619%;\">\n<p align=\"center\"><strong>A.<\/strong><\/p>\n<\/td>\n<td style=\"width: 8.61619%;\">\n<p align=\"center\"><strong>\u00f8D<\/strong><\/p>\n<\/td>\n<td style=\"width: 8.61619%;\">\n<p align=\"center\"><strong>V poriadku<\/strong><\/p>\n<\/td>\n<td style=\"width: 12.7937%;\">\n<p align=\"center\"><strong>\u00f8C<\/strong><\/p>\n<\/td>\n<td style=\"width: 154.308%;\">\n<p align=\"center\"><strong>\u00f8TK<\/strong><\/p>\n<\/td>\n<\/tr>\n<tr>\n<td class=\"xl1871\" style=\"width: 15.1436%;\" height=\"20\">\n<p align=\"center\">Polo\u017eky:<\/p>\n<\/td>\n<td class=\"xl1871\" style=\"width: 26.2867%;\">\n<p align=\"center\">\n<\/td>\n<td class=\"xl1872\" style=\"width: 11.0501%;\">\n<p align=\"center\">[mm]<\/p>\n<\/td>\n<td class=\"xl1872\" style=\"width: 8.61619%;\">\n<p align=\"center\">[mm]<\/p>\n<\/td>\n<td class=\"xl1872\" style=\"width: 8.61619%;\">\n<p align=\"center\">[mm]<\/p>\n<\/td>\n<td class=\"xl1872\" style=\"width: 8.61619%;\">\n<p align=\"center\">[mm]<\/p>\n<\/td>\n<td class=\"xl1872\" style=\"width: 12.7937%;\">\n<p align=\"center\">[mm]<\/p>\n<\/td>\n<td class=\"xl1872\" style=\"width: 154.308%;\">\n<p align=\"center\">[mm]<\/p>\n<\/td>\n<\/tr>\n<tr>\n<td class=\"xl1871\" style=\"width: 15.1436%;\" height=\"20\">\n<p align=\"center\">HR1-20<\/p>\n<\/td>\n<td class=\"xl1872\" style=\"width: 26.2867%;\">\n<p align=\"center\">20<\/p>\n<\/td>\n<td class=\"xl1872\" style=\"width: 11.0501%;\">\n<p align=\"center\">5<\/p>\n<\/td>\n<td class=\"xl1872\" style=\"width: 8.61619%;\">\n<p align=\"center\">35<\/p>\n<\/td>\n<td class=\"xl1872\" style=\"width: 8.61619%;\">\n<p align=\"center\">20<\/p>\n<\/td>\n<td class=\"xl1872\" style=\"width: 8.61619%;\">\n<p align=\"center\">18<\/p>\n<\/td>\n<td class=\"xl1872\" style=\"width: 12.7937%;\">\n<p align=\"center\">2,8 (3x)<\/p>\n<\/td>\n<td class=\"xl1872\" style=\"width: 154.308%;\">\n<p align=\"center\">29<\/p>\n<\/td>\n<\/tr>\n<tr>\n<td class=\"xl1871\" style=\"width: 15.1436%;\" height=\"20\">\n<p align=\"center\">HR1-30<\/p>\n<\/td>\n<td class=\"xl1872\" style=\"width: 26.2867%;\">\n<p align=\"center\">30<\/p>\n<\/td>\n<td class=\"xl1872\" style=\"width: 11.0501%;\">\n<p align=\"center\">5<\/p>\n<\/td>\n<td class=\"xl1872\" style=\"width: 8.61619%;\">\n<p align=\"center\">45<\/p>\n<\/td>\n<td class=\"xl1872\" style=\"width: 8.61619%;\">\n<p align=\"center\">30<\/p>\n<\/td>\n<td class=\"xl1872\" style=\"width: 8.61619%;\">\n<p align=\"center\">28<\/p>\n<\/td>\n<td class=\"xl1872\" style=\"width: 12.7937%;\">\n<p align=\"center\">2,8 (3x)<\/p>\n<\/td>\n<td class=\"xl1872\" style=\"width: 154.308%;\">\n<p align=\"center\">39<\/p>\n<\/td>\n<\/tr>\n<tr>\n<td class=\"xl1871\" style=\"width: 15.1436%;\" height=\"20\">\n<p align=\"center\">HR1-40<\/p>\n<\/td>\n<td class=\"xl1872\" style=\"width: 26.2867%;\">\n<p align=\"center\">40<\/p>\n<\/td>\n<td class=\"xl1872\" style=\"width: 11.0501%;\">\n<p align=\"center\">5<\/p>\n<\/td>\n<td class=\"xl1872\" style=\"width: 8.61619%;\">\n<p align=\"center\">55<\/p>\n<\/td>\n<td class=\"xl1872\" style=\"width: 8.61619%;\">\n<p align=\"center\">40<\/p>\n<\/td>\n<td class=\"xl1872\" style=\"width: 8.61619%;\">\n<p align=\"center\">38<\/p>\n<\/td>\n<td class=\"xl1872\" style=\"width: 12.7937%;\">\n<p align=\"center\">2,8 (3x)<\/p>\n<\/td>\n<td class=\"xl1872\" style=\"width: 154.308%;\">\n<p align=\"center\">49<\/p>\n<\/td>\n<\/tr>\n<tr>\n<td class=\"xl1871\" style=\"width: 15.1436%;\" height=\"20\">\n<p align=\"center\">HR1-50<\/p>\n<\/td>\n<td class=\"xl1872\" style=\"width: 26.2867%;\">\n<p align=\"center\">50<\/p>\n<\/td>\n<td class=\"xl1872\" style=\"width: 11.0501%;\">\n<p align=\"center\">5<\/p>\n<\/td>\n<td class=\"xl1872\" style=\"width: 8.61619%;\">\n<p align=\"center\">65<\/p>\n<\/td>\n<td class=\"xl1872\" style=\"width: 8.61619%;\">\n<p align=\"center\">50<\/p>\n<\/td>\n<td class=\"xl1872\" style=\"width: 8.61619%;\">\n<p align=\"center\">48<\/p>\n<\/td>\n<td class=\"xl1872\" style=\"width: 12.7937%;\">\n<p align=\"center\">2,8 (3x)<\/p>\n<\/td>\n<td class=\"xl1872\" style=\"width: 154.308%;\">\n<p align=\"center\">59<\/p>\n<\/td>\n<\/tr>\n<tr>\n<td class=\"xl1871\" style=\"width: 15.1436%;\" height=\"20\">\n<p align=\"center\">HR1-60<\/p>\n<\/td>\n<td class=\"xl1872\" style=\"width: 26.2867%;\">\n<p align=\"center\">60<\/p>\n<\/td>\n<td class=\"xl1872\" style=\"width: 11.0501%;\">\n<p align=\"center\">5<\/p>\n<\/td>\n<td class=\"xl1872\" style=\"width: 8.61619%;\">\n<p align=\"center\">75<\/p>\n<\/td>\n<td class=\"xl1872\" style=\"width: 8.61619%;\">\n<p align=\"center\">60<\/p>\n<\/td>\n<td class=\"xl1872\" style=\"width: 8.61619%;\">\n<p align=\"center\">58<\/p>\n<\/td>\n<td class=\"xl1872\" style=\"width: 12.7937%;\">\n<p align=\"center\">2,8 (6x)<\/p>\n<\/td>\n<td class=\"xl1872\" style=\"width: 154.308%;\">\n<p align=\"center\">69<\/p>\n<\/td>\n<\/tr>\n<tr>\n<td class=\"xl1871\" style=\"width: 15.1436%;\" height=\"20\">\n<p align=\"center\">HR1-70<\/p>\n<\/td>\n<td class=\"xl1872\" style=\"width: 26.2867%;\">\n<p align=\"center\">70<\/p>\n<\/td>\n<td class=\"xl1872\" style=\"width: 11.0501%;\">\n<p align=\"center\">5<\/p>\n<\/td>\n<td class=\"xl1872\" style=\"width: 8.61619%;\">\n<p align=\"center\">85<\/p>\n<\/td>\n<td class=\"xl1872\" style=\"width: 8.61619%;\">\n<p align=\"center\">70<\/p>\n<\/td>\n<td class=\"xl1872\" style=\"width: 8.61619%;\">\n<p align=\"center\">68<\/p>\n<\/td>\n<td class=\"xl1872\" style=\"width: 12.7937%;\">\n<p align=\"center\">2,8 (6x)<\/p>\n<\/td>\n<td class=\"xl1872\" style=\"width: 154.308%;\">\n<p align=\"center\">79<\/p>\n<\/td>\n<\/tr>\n<tr>\n<td class=\"xl1871\" style=\"width: 15.1436%;\" height=\"20\">\n<p align=\"center\">HR1-80<\/p>\n<\/td>\n<td class=\"xl1872\" style=\"width: 26.2867%;\">\n<p align=\"center\">80<\/p>\n<\/td>\n<td class=\"xl1872\" style=\"width: 11.0501%;\">\n<p align=\"center\">5<\/p>\n<\/td>\n<td class=\"xl1872\" style=\"width: 8.61619%;\">\n<p align=\"center\">95<\/p>\n<\/td>\n<td class=\"xl1872\" style=\"width: 8.61619%;\">\n<p align=\"center\">80<\/p>\n<\/td>\n<td class=\"xl1872\" style=\"width: 8.61619%;\">\n<p align=\"center\">78<\/p>\n<\/td>\n<td class=\"xl1872\" style=\"width: 12.7937%;\">\n<p align=\"center\">2,8 (6x)<\/p>\n<\/td>\n<td class=\"xl1872\" style=\"width: 154.308%;\">\n<p align=\"center\">89<\/p>\n<\/td>\n<\/tr>\n<tr>\n<td class=\"xl1871\" style=\"width: 15.1436%;\" height=\"20\">\n<p align=\"center\">HR1-90<\/p>\n<\/td>\n<td class=\"xl1872\" style=\"width: 26.2867%;\">\n<p align=\"center\">90<\/p>\n<\/td>\n<td class=\"xl1872\" style=\"width: 11.0501%;\">\n<p align=\"center\">5<\/p>\n<\/td>\n<td class=\"xl1872\" style=\"width: 8.61619%;\">\n<p align=\"center\">105<\/p>\n<\/td>\n<td class=\"xl1872\" style=\"width: 8.61619%;\">\n<p align=\"center\">90<\/p>\n<\/td>\n<td class=\"xl1872\" style=\"width: 8.61619%;\">\n<p align=\"center\">88<\/p>\n<\/td>\n<td class=\"xl1872\" style=\"width: 12.7937%;\">\n<p align=\"center\">2,8 (6x)<\/p>\n<\/td>\n<td class=\"xl1872\" style=\"width: 154.308%;\">\n<p align=\"center\">99<\/p>\n<\/td>\n<\/tr>\n<tr>\n<td class=\"xl1871\" style=\"width: 15.1436%;\" height=\"20\">\n<p align=\"center\">HR1-100<\/p>\n<\/td>\n<td class=\"xl1872\" style=\"width: 26.2867%;\">\n<p align=\"center\">100<\/p>\n<\/td>\n<td class=\"xl1872\" style=\"width: 11.0501%;\">\n<p align=\"center\">5<\/p>\n<\/td>\n<td class=\"xl1872\" style=\"width: 8.61619%;\">\n<p align=\"center\">115<\/p>\n<\/td>\n<td class=\"xl1872\" style=\"width: 8.61619%;\">\n<p align=\"center\">100<\/p>\n<\/td>\n<td class=\"xl1872\" style=\"width: 8.61619%;\">\n<p align=\"center\">98<\/p>\n<\/td>\n<td class=\"xl1872\" style=\"width: 12.7937%;\">\n<p align=\"center\">2,8 (6x)<\/p>\n<\/td>\n<td class=\"xl1872\" style=\"width: 154.308%;\">\n<p align=\"center\">109<\/p>\n<\/td>\n<\/tr>\n<tr>\n<td class=\"xl1871\" style=\"width: 15.1436%;\" height=\"20\">\n<p align=\"center\">HR1-110<\/p>\n<\/td>\n<td class=\"xl1872\" style=\"width: 26.2867%;\">\n<p align=\"center\">110<\/p>\n<\/td>\n<td class=\"xl1872\" style=\"width: 11.0501%;\">\n<p align=\"center\">5<\/p>\n<\/td>\n<td class=\"xl1872\" style=\"width: 8.61619%;\">\n<p align=\"center\">125<\/p>\n<\/td>\n<td class=\"xl1872\" style=\"width: 8.61619%;\">\n<p align=\"center\">110<\/p>\n<\/td>\n<td class=\"xl1872\" style=\"width: 8.61619%;\">\n<p align=\"center\">108<\/p>\n<\/td>\n<td class=\"xl1872\" style=\"width: 12.7937%;\">\n<p align=\"center\">2,8 (6x)<\/p>\n<\/td>\n<td class=\"xl1872\" style=\"width: 154.308%;\">\n<p align=\"center\">119<\/p>\n<\/td>\n<\/tr>\n<tr>\n<td class=\"xl1871\" style=\"width: 15.1436%;\" height=\"20\">\n<p align=\"center\">HR1-120<\/p>\n<\/td>\n<td class=\"xl1872\" style=\"width: 26.2867%;\">\n<p align=\"center\">120<\/p>\n<\/td>\n<td class=\"xl1872\" style=\"width: 11.0501%;\">\n<p align=\"center\">5<\/p>\n<\/td>\n<td class=\"xl1872\" style=\"width: 8.61619%;\">\n<p align=\"center\">135<\/p>\n<\/td>\n<td class=\"xl1872\" style=\"width: 8.61619%;\">\n<p align=\"center\">120<\/p>\n<\/td>\n<td class=\"xl1872\" style=\"width: 8.61619%;\">\n<p align=\"center\">118<\/p>\n<\/td>\n<td class=\"xl1872\" style=\"width: 12.7937%;\">\n<p align=\"center\">2,8 (8x)<\/p>\n<\/td>\n<td class=\"xl1872\" style=\"width: 154.308%;\">\n<p align=\"center\">129<\/p>\n<\/td>\n<\/tr>\n<tr>\n<td class=\"xl1871\" style=\"width: 15.1436%;\" height=\"20\">\n<p align=\"center\">HR1-130<\/p>\n<\/td>\n<td class=\"xl1872\" style=\"width: 26.2867%;\">\n<p align=\"center\">130<\/p>\n<\/td>\n<td class=\"xl1872\" style=\"width: 11.0501%;\">\n<p align=\"center\">5<\/p>\n<\/td>\n<td class=\"xl1872\" style=\"width: 8.61619%;\">\n<p align=\"center\">145<\/p>\n<\/td>\n<td class=\"xl1872\" style=\"width: 8.61619%;\">\n<p align=\"center\">130<\/p>\n<\/td>\n<td class=\"xl1872\" style=\"width: 8.61619%;\">\n<p align=\"center\">128<\/p>\n<\/td>\n<td class=\"xl1872\" style=\"width: 12.7937%;\">\n<p align=\"center\">2,8 (8x)<\/p>\n<\/td>\n<td class=\"xl1872\" style=\"width: 154.308%;\">\n<p align=\"center\">139<\/p>\n<\/td>\n<\/tr>\n<tr>\n<td class=\"xl1871\" style=\"width: 15.1436%;\" height=\"20\">\n<p align=\"center\">HR1-140<\/p>\n<\/td>\n<td class=\"xl1872\" style=\"width: 26.2867%;\">\n<p align=\"center\">140<\/p>\n<\/td>\n<td class=\"xl1872\" style=\"width: 11.0501%;\">\n<p align=\"center\">5<\/p>\n<\/td>\n<td class=\"xl1872\" style=\"width: 8.61619%;\">\n<p align=\"center\">155<\/p>\n<\/td>\n<td class=\"xl1872\" style=\"width: 8.61619%;\">\n<p align=\"center\">140<\/p>\n<\/td>\n<td class=\"xl1872\" style=\"width: 8.61619%;\">\n<p align=\"center\">138<\/p>\n<\/td>\n<td class=\"xl1872\" style=\"width: 12.7937%;\">\n<p align=\"center\">2,8 (8x)<\/p>\n<\/td>\n<td class=\"xl1872\" style=\"width: 154.308%;\">\n<p align=\"center\">149<\/p>\n<\/td>\n<\/tr>\n<\/tbody>\n<\/table>\n<p>In\u00e9 rozmery s\u00fa mo\u017en\u00e9 na po\u017eiadanie, ako aj v\u00fdroba plastov\u00fdch vn\u00fatorn\u00fdch ozuben\u00fdch kr\u00fa\u017ekov pod\u013ea v\u00fdkresov.<\/p>\n<table style=\"border-collapse: collapse; width: 101.662%; height: 5px;\" border=\"0\" width=\"162\" cellspacing=\"0\" cellpadding=\"0\">\n<tbody>\n<tr style=\"height: 14.40pt;\">\n<td style=\"height: 14.40pt; width: 48.60pt;\" align=\"right\" width=\"81\" height=\"24\"><img loading=\"lazy\" decoding=\"async\" class=\"size-full wp-image-7779 aligncenter\" src=\"https:\/\/fmp-components.com\/wp-content\/uploads\/2025\/04\/Internal-Gear-image.webp\" alt=\"Obr\u00e1zok vn\u00fatorn\u00e9ho ozuben\u00e9ho kolesa\" width=\"2048\" height=\"1951\" title=\"\" srcset=\"https:\/\/fmp-components.com\/wp-content\/uploads\/2025\/04\/Internal-Gear-image.webp 2048w, https:\/\/fmp-components.com\/wp-content\/uploads\/2025\/04\/Internal-Gear-image-1280x1219.webp 1280w, https:\/\/fmp-components.com\/wp-content\/uploads\/2025\/04\/Internal-Gear-image-980x934.webp 980w, https:\/\/fmp-components.com\/wp-content\/uploads\/2025\/04\/Internal-Gear-image-480x457.webp 480w\" sizes=\"(min-width: 0px) and (max-width: 480px) 480px, (min-width: 481px) and (max-width: 980px) 980px, (min-width: 981px) and (max-width: 1280px) 1280px, (min-width: 1281px) 2048px, 100vw\" \/><\/td>\n<td style=\"width: 48.60pt;\" align=\"right\" width=\"81\"><img loading=\"lazy\" decoding=\"async\" class=\"size-full wp-image-7780 aligncenter\" src=\"https:\/\/fmp-components.com\/wp-content\/uploads\/2025\/04\/Plastic-Internal-Gear2.webp\" alt=\"Obr\u00e1zok vn\u00fatorn\u00e9ho ozuben\u00e9ho kolesa\" width=\"480\" height=\"480\" title=\"\" srcset=\"https:\/\/fmp-components.com\/wp-content\/uploads\/2025\/04\/Plastic-Internal-Gear2.webp 480w, https:\/\/fmp-components.com\/wp-content\/uploads\/2025\/04\/Plastic-Internal-Gear2-300x300.webp 300w, https:\/\/fmp-components.com\/wp-content\/uploads\/2025\/04\/Plastic-Internal-Gear2-150x150.webp 150w, https:\/\/fmp-components.com\/wp-content\/uploads\/2025\/04\/Plastic-Internal-Gear2-12x12.webp 12w, https:\/\/fmp-components.com\/wp-content\/uploads\/2025\/04\/Plastic-Internal-Gear2-100x100.webp 100w\" sizes=\"(max-width: 480px) 100vw, 480px\" \/><\/td>\n<\/tr>\n<\/tbody>\n<\/table>\n<div class=\"message-bubble rounded-3xl prose dark:prose-invert break-words text-primary min-h-7 prose-p:opacity-95 prose-strong:opacity-100 w-full max-w-none\" dir=\"auto\">\n<h3 class=\"\" dir=\"auto\">Optimalizujte svoje stroje s plastov\u00fdmi vn\u00fatorn\u00fdmi ozuben\u00fdmi kolesami od spolo\u010dnosti FMP v Taliansku<\/h3>\n<p class=\"break-words\" dir=\"auto\">Pokia\u013e ide o zv\u00fd\u0161enie v\u00fdkonu va\u0161ich strojov, plastov\u00e9 vn\u00fatorn\u00e9 ozuben\u00e9 koles\u00e1 s\u00fa \u013eahk\u00fdm, odoln\u00fdm a cenovo v\u00fdhodn\u00fdm rie\u0161en\u00edm. V spolo\u010dnosti FMP sa \u0161pecializujeme na v\u00fdrobu \u0161irokej \u0161k\u00e1ly <a href=\"https:\/\/fmp-components.com\/sk\/ring-gear\/\">ozuben\u00e9 koles\u00e1<\/a>, vr\u00e1tane plastov\u00fdch vn\u00fatorn\u00fdch ozuben\u00fdch kolies, navrhnut\u00fdch tak, aby sp\u013a\u0148ali rozmanit\u00e9 potreby priemyseln\u00fdch odvetv\u00ed v celom Taliansku \u2013 od ru\u0161n\u00fdch mil\u00e1nskych tov\u00e1rn\u00ed a\u017e po inovat\u00edvne dielne v Ben\u00e1tkach. Na\u0161e produkty s\u00fa vyroben\u00e9 s presnos\u0165ou, aby sa zabezpe\u010dila n\u00edzka hlu\u010dnos\u0165, vysok\u00e1 \u00fa\u010dinnos\u0165 a odolnos\u0165 vo\u010di opotrebovaniu, v\u010faka \u010domu s\u00fa ide\u00e1lne pre aplik\u00e1cie v automobilovom priemysle, robotike a priemyseln\u00fdch zariadeniach. \u010ci u\u017e h\u013ead\u00e1te spo\u013eahliv\u00e9 komponenty vo Florencii alebo optimalizujete v\u00fdrobn\u00e9 linky v Bologni, spolo\u010dnos\u0165 FMP dod\u00e1va vysokokvalitn\u00e9 ozuben\u00e9 koles\u00e1 prisp\u00f4soben\u00e9 va\u0161im \u0161pecifik\u00e1ci\u00e1m.<\/p>\n<h3 class=\"\" dir=\"auto\">K dispoz\u00edcii s\u00fa vn\u00fatorn\u00e9 prevody z plastu na mieru \u2013 kontaktujte n\u00e1s e\u0161te dnes!<\/h3>\n<p class=\"break-words\" dir=\"auto\">V spolo\u010dnosti FMP sme hrd\u00ed na to, \u017ee pon\u00fakame nielen \u0161tandardn\u00e9 ozuben\u00e9 koles\u00e1, ale aj plne prisp\u00f4soben\u00e9 rie\u0161enia, ktor\u00e9 sp\u013a\u0148aj\u00fa va\u0161e jedine\u010dn\u00e9 po\u017eiadavky. Ak si prezer\u00e1te n\u00e1\u0161 zoznam produktov a nem\u00f4\u017eete n\u00e1js\u0165 presn\u00fd model plastov\u00e9ho vn\u00fatorn\u00e9ho ozuben\u00e9ho kolesa, ktor\u00fd potrebujete, nebojte sa \u2013 n\u00e1\u0161 katal\u00f3g sa neust\u00e1le roz\u0161iruje a mo\u017eno sme ho e\u0161te nenahrali. Jednoducho n\u00e1m po\u0161lite e-mail s va\u0161imi \u0161pecifik\u00e1ciami a jeden z na\u0161ich \u0161pecializovan\u00fdch technikov v\u00e1m do 24 hod\u00edn odpovie, aby v\u00e1m poskytol personalizovan\u00fa podporu a rie\u0161enie, ktor\u00e9 najlep\u0161ie vyhovuje v\u00e1\u0161mu projektu. D\u00f4verujte spolo\u010dnosti FMP, \u017ee podpor\u00ed va\u0161e inov\u00e1cie v Taliansku s bezkonkuren\u010dnou kvalitou a servisom.<\/p>\n<\/div>\n<\/div>","protected":false},"excerpt":{"rendered":"<p>\u0160pecifik\u00e1cia vn\u00fatorn\u00e9ho plastov\u00e9ho ozuben\u00e9ho kolesa Rozmer vn\u00fatorn\u00e9ho plastov\u00e9ho ozuben\u00e9ho kolesa \u03a660 mm Modul M0,15-M2,0 Typ materi\u00e1lu POM, PA, PPA, PBT PEEK na mieru Trieda z\u00e1beru ISO6, JGMA 1, JIS 6, AGMA 13, DIN 6, Din5, AGMA12 Pou\u017eitie Automobilov\u00fd priemysel, arm\u00e1da, lietadl\u00e1, stroj\u00e1rstvo, priemysel, medic\u00edna Podpora ODM\/OEM na mieru Vzorka Dostupn\u00e9 vzorky Sp\u00f4soby balenia V\u00e1kuovo balen\u00e9 s plastov\u00fdm podnosom Sp\u00f4soby doru\u010denia DHL [\u2026]<\/p>","protected":false},"featured_media":7779,"comment_status":"open","ping_status":"closed","template":"","meta":{"_et_pb_use_builder":"","_et_pb_old_content":"","_et_gb_content_width":""},"product_brand":[],"product_cat":[114],"product_tag":[],"class_list":{"0":"post-7776","1":"product","2":"type-product","3":"status-publish","4":"has-post-thumbnail","6":"product_cat-ring-gear","8":"first","9":"instock","10":"shipping-taxable","11":"product-type-simple"},"_links":{"self":[{"href":"https:\/\/fmp-components.com\/sk\/wp-json\/wp\/v2\/product\/7776","targetHints":{"allow":["GET"]}}],"collection":[{"href":"https:\/\/fmp-components.com\/sk\/wp-json\/wp\/v2\/product"}],"about":[{"href":"https:\/\/fmp-components.com\/sk\/wp-json\/wp\/v2\/types\/product"}],"replies":[{"embeddable":true,"href":"https:\/\/fmp-components.com\/sk\/wp-json\/wp\/v2\/comments?post=7776"}],"wp:featuredmedia":[{"embeddable":true,"href":"https:\/\/fmp-components.com\/sk\/wp-json\/wp\/v2\/media\/7779"}],"wp:attachment":[{"href":"https:\/\/fmp-components.com\/sk\/wp-json\/wp\/v2\/media?parent=7776"}],"wp:term":[{"taxonomy":"product_brand","embeddable":true,"href":"https:\/\/fmp-components.com\/sk\/wp-json\/wp\/v2\/product_brand?post=7776"},{"taxonomy":"product_cat","embeddable":true,"href":"https:\/\/fmp-components.com\/sk\/wp-json\/wp\/v2\/product_cat?post=7776"},{"taxonomy":"product_tag","embeddable":true,"href":"https:\/\/fmp-components.com\/sk\/wp-json\/wp\/v2\/product_tag?post=7776"}],"curies":[{"name":"pracovn\u00fd list","href":"https:\/\/api.w.org\/{rel}","templated":true}]}}