{"id":7773,"date":"2025-04-04T06:08:44","date_gmt":"2025-04-04T06:08:44","guid":{"rendered":"https:\/\/fmp-components.com\/?post_type=product&#038;p=7773"},"modified":"2025-04-04T06:38:52","modified_gmt":"2025-04-04T06:38:52","slug":"metal-internal-gear","status":"publish","type":"product","link":"https:\/\/fmp-components.com\/sk\/product\/metal-internal-gear\/","title":{"rendered":"Kovov\u00e9 vn\u00fatorn\u00e9 ozuben\u00e9 koleso"},"content":{"rendered":"<h2>\u010co je to kovov\u00e9 vn\u00fatorn\u00e9 ozuben\u00e9 koleso?<\/h2>\n<p>Kovov\u00e9 vn\u00fatorn\u00e9 ozuben\u00e9 koleso je prec\u00edzne vyroben\u00fd komponent \u0161iroko pou\u017e\u00edvan\u00fd v mechanick\u00fdch syst\u00e9moch, ktor\u00fd sa vyzna\u010duje t\u00fdm, \u017ee jeho zuby s\u00fa vyrezan\u00e9 do vn\u00fatorn\u00e9ho povrchu valcov\u00e9ho kovov\u00e9ho kr\u00fa\u017eku. Na rozdiel od vonkaj\u0161\u00edch ozuben\u00fdch kolies, vn\u00fatorn\u00e9 ozuben\u00e9 koles\u00e1 zaberaj\u00fa s vonkaj\u0161\u00edmi ozuben\u00fdmi kolesami vo vn\u00fatri svojho obvodu, \u010do umo\u017e\u0148uje kompaktn\u00e9 kon\u0161trukcie a efekt\u00edvny prenos v\u00fdkonu. Zvy\u010dajne s\u00fa vyroben\u00e9 z vysokopevnostn\u00fdch kovov, ako je oce\u013e alebo zliatiny, a pon\u00fakaj\u00fa odolnos\u0165 a odolnos\u0165 vo\u010di opotrebovaniu, v\u010faka \u010domu s\u00fa ide\u00e1lne pre aplik\u00e1cie v automobilov\u00fdch prevodovk\u00e1ch, priemyseln\u00fdch strojoch a robotike. Ich jedine\u010dn\u00e1 kon\u0161trukcia umo\u017e\u0148uje plynul\u00fd chod, zn\u00ed\u017een\u00fd hluk a zv\u00fd\u0161en\u00fd kr\u00fatiaci moment v priestorovo obmedzenom prostred\u00ed.<\/p>\n<h3>\u0160pecifik\u00e1cia<\/h3>\n<table class=\"table\" style=\"width: 100.982%; height: 321px;\" border=\"1\">\n<tbody>\n<tr>\n<td colspan=\"2\">Kovov\u00e9 vn\u00fatorn\u00e9 ozuben\u00e9 koleso<\/td>\n<\/tr>\n<tr>\n<td>Rozmer<\/td>\n<td>\u03a660mm<\/td>\n<\/tr>\n<tr>\n<td>Modul<\/td>\n<td>M0,15 \u2013 M3,0<\/td>\n<\/tr>\n<tr>\n<td>Typ materi\u00e1lu<\/td>\n<td>Kov, bronz, oce\u013e, zliatina, POM, zinok, hlin\u00edk, \u017eelezo, nehrdzavej\u00faca oce\u013e, mosadz, me\u010f<\/td>\n<\/tr>\n<tr>\n<td>Stupe\u0148 sie\u0165ovania<\/td>\n<td>ISO6, JGMA 1, JIS 6, AGMA 13, DIN 6, DIN 5, AGMA12<\/td>\n<\/tr>\n<tr>\n<td>Aplik\u00e1cia<\/td>\n<td>Automobilov\u00fd priemysel, vojensk\u00fd priemysel, leteck\u00fd priemysel, stroj\u00e1rstvo, priemysel, medic\u00edna<\/td>\n<\/tr>\n<tr>\n<td>Prisp\u00f4soben\u00e9<\/td>\n<td>ODM\/OEM<\/td>\n<\/tr>\n<tr>\n<td>Vzorka<\/td>\n<td>Vzorka k dispoz\u00edcii<\/td>\n<\/tr>\n<tr>\n<td>Sp\u00f4soby balenia<\/td>\n<td>V\u00e1kuovo balen\u00e9 s plastovou miskou<\/td>\n<\/tr>\n<tr>\n<td>Sp\u00f4soby doru\u010denia<\/td>\n<td>DHL a UPS<\/td>\n<\/tr>\n<tr>\n<td>Certifik\u00e1t<\/td>\n<td>ISO 9001: 2008\/TS16949<\/td>\n<\/tr>\n<\/tbody>\n<\/table>\n<div>\n<h3 class=\"\" dir=\"auto\">Kovov\u00e9 vn\u00fatorn\u00e9 ozuben\u00e9 koleso: Prec\u00edzne in\u017einierstvo od FMP<\/h3>\n<p class=\"break-words\" dir=\"auto\">Pokia\u013e ide o kovov\u00e9 vn\u00fatorn\u00e9 ozuben\u00e9 koles\u00e1, spolo\u010dnos\u0165 FMP je popredn\u00fdm v\u00fdrobcom, ktor\u00fd dod\u00e1va \u0161pi\u010dkov\u00e9 ozuben\u00e9 vence pre r\u00f4zne odvetvia v celom Taliansku, od mil\u00e1nskych priemyseln\u00fdch gigantov a\u017e po ben\u00e1tske sk\u00fasen\u00e9 dielne. Tieto ozuben\u00e9 koles\u00e1 s\u00fa nevyhnutn\u00e9 pre efekt\u00edvny prenos v\u00fdkonu v stroj\u00e1rstve a pon\u00fakaj\u00fa odolnos\u0165 a presnos\u0165 v aplik\u00e1ci\u00e1ch od automobilov\u00e9ho priemyslu a\u017e po \u0165a\u017ek\u00e9 zariadenia. V spolo\u010dnosti FMP vyr\u00e1bame \u0161irok\u00fa \u0161k\u00e1lu... <a href=\"https:\/\/fmp-components.com\/sk\/ring-gear\/\">Ozuben\u00e9 koles\u00e1<\/a> Pou\u017e\u00edvame vysokopevnostn\u00e9 kovy a najmodernej\u0161ie technol\u00f3gie, \u010d\u00edm zabezpe\u010dujeme vynikaj\u00faci v\u00fdkon prisp\u00f4soben\u00fd potreb\u00e1m klientov vo Florencii, Bologni a mimo nej. N\u00e1\u0161 z\u00e1v\u00e4zok ku kvalite z n\u00e1s rob\u00ed d\u00f4veryhodn\u00e9ho partnera pre firmy h\u013eadaj\u00face spo\u013eahliv\u00e9 mechanick\u00e9 rie\u0161enia.<\/p>\n<h3 class=\"\" dir=\"auto\">Prisp\u00f4sobenie a podpora pre talianskych klientov<\/h3>\n<p class=\"break-words\" dir=\"auto\">Nem\u00f4\u017eete n\u00e1js\u0165 presn\u00fd model v na\u0161om zozname produktov? Nebojte sa \u2013 znamen\u00e1 to len, \u017ee sme ho e\u0161te nenahrali. Jednoducho n\u00e1m po\u0161lite e-mail s va\u0161imi potrebami a na\u0161i odborn\u00ed in\u017einieri v\u00e1m do 24 hod\u00edn odpovedia s rie\u0161en\u00edm na mieru. Zvo\u013ete si FMP pre presnos\u0165, flexibilitu a dokonalos\u0165 in\u0161pirovan\u00fa talianskym \u0161t\u00fdlom v ka\u017edom zariaden\u00ed, ktor\u00e9 vyr\u00e1bame!<\/p>\n<\/div>","protected":false},"excerpt":{"rendered":"<p>What is Metal Internal Gear? Metal Internal Gear is a precision-engineered component widely used in mechanical systems, characterized by its teeth being cut into the inner surface of a cylindrical metal ring. Unlike external gears, internal gears mesh with external gears inside their circumference, enabling compact designs and efficient power transmission. Typically made from high-strength [&hellip;]<\/p>","protected":false},"featured_media":4641,"comment_status":"open","ping_status":"closed","template":"","meta":{"_et_pb_use_builder":"","_et_pb_old_content":"","_et_gb_content_width":""},"product_brand":[],"product_cat":[114],"product_tag":[],"class_list":{"0":"post-7773","1":"product","2":"type-product","3":"status-publish","4":"has-post-thumbnail","6":"product_cat-ring-gear","8":"first","9":"instock","10":"shipping-taxable","11":"product-type-simple"},"_links":{"self":[{"href":"https:\/\/fmp-components.com\/sk\/wp-json\/wp\/v2\/product\/7773","targetHints":{"allow":["GET"]}}],"collection":[{"href":"https:\/\/fmp-components.com\/sk\/wp-json\/wp\/v2\/product"}],"about":[{"href":"https:\/\/fmp-components.com\/sk\/wp-json\/wp\/v2\/types\/product"}],"replies":[{"embeddable":true,"href":"https:\/\/fmp-components.com\/sk\/wp-json\/wp\/v2\/comments?post=7773"}],"wp:featuredmedia":[{"embeddable":true,"href":"https:\/\/fmp-components.com\/sk\/wp-json\/wp\/v2\/media\/4641"}],"wp:attachment":[{"href":"https:\/\/fmp-components.com\/sk\/wp-json\/wp\/v2\/media?parent=7773"}],"wp:term":[{"taxonomy":"product_brand","embeddable":true,"href":"https:\/\/fmp-components.com\/sk\/wp-json\/wp\/v2\/product_brand?post=7773"},{"taxonomy":"product_cat","embeddable":true,"href":"https:\/\/fmp-components.com\/sk\/wp-json\/wp\/v2\/product_cat?post=7773"},{"taxonomy":"product_tag","embeddable":true,"href":"https:\/\/fmp-components.com\/sk\/wp-json\/wp\/v2\/product_tag?post=7773"}],"curies":[{"name":"pracovn\u00fd list","href":"https:\/\/api.w.org\/{rel}","templated":true}]}}