{"id":7751,"date":"2025-04-04T03:10:57","date_gmt":"2025-04-04T03:10:57","guid":{"rendered":"https:\/\/fmp-components.com\/?post_type=product&#038;p=7751"},"modified":"2025-04-04T05:33:32","modified_gmt":"2025-04-04T05:33:32","slug":"ring-gear-for-cement-mixer","status":"publish","type":"product","link":"https:\/\/fmp-components.com\/sk\/product\/ring-gear-for-cement-mixer\/","title":{"rendered":"Ozuben\u00fd kr\u00fa\u017eok pre mie\u0161a\u010dku cementu"},"content":{"rendered":"<div>\n<h2 dir=\"auto\">Vysokokvalitn\u00e9 ozuben\u00e9 vence pre mie\u0161a\u010dky cementu od FMP<\/h2>\n<p class=\"break-words\" dir=\"auto\">V ru\u0161n\u00fdch stavebn\u00fdch centr\u00e1ch Talianska, ako s\u00fa Mil\u00e1no, Ben\u00e1tky, Florencia a Bologna, je dopyt po spo\u013eahliv\u00fdch mie\u0161a\u010dk\u00e1ch cementu neust\u00e1ly. K\u013e\u00fa\u010dovou s\u00fa\u010das\u0165ou t\u00fdchto strojov je <a href=\"https:\/\/fmp-components.com\/sk\/ring-gear\/\">ozuben\u00fd veniec<\/a> Pre mie\u0161a\u010dky cementu, robustn\u00e9 kruhov\u00e9 ozuben\u00e9 koleso, ktor\u00e9 poh\u00e1\u0148a rot\u00e1ciu bubna pre efekt\u00edvne mie\u0161anie bet\u00f3nu. V spolo\u010dnosti FMP sa \u0161pecializujeme na v\u00fdrobu r\u00f4znych typov ozuben\u00fdch veniec vr\u00e1tane ne\u0161tandardn\u00e9ho z\u00e1kazkov\u00e9ho vysokov\u00fdkonn\u00e9ho ozuben\u00e9ho vence s ve\u013ek\u00fdm modulom a segmentov\u00fdm odliatkom z legovanej ocele s dvojitou \u0161pir\u00e1lovou \u010delom a \u010deln\u00fdm tvarom v tvare rybej kosti. Na\u0161e ozuben\u00e9 koles\u00e1 s\u00fa vyroben\u00e9 z vysokopevnostnej legovanej ocele a vylep\u0161en\u00e9 povrchovou cement\u00e1ciou alebo kalen\u00edm, tak\u017ee pon\u00fakaj\u00fa v\u00fdnimo\u010dn\u00fa nosnos\u0165 a odolnos\u0165. \u010ci u\u017e pracujete na modern\u00fdch mrakodrapoch v Mil\u00e1ne alebo re\u0161taurujete historick\u00e9 stavby vo Florencii, ozuben\u00e9 vence FMP zais\u0165uj\u00fa stabiln\u00fd prevod s n\u00edzkym n\u00e1razom, vibr\u00e1ciami a hlukom \u2013 ide\u00e1lne pre vysokor\u00fdchlostn\u00e9 stroje s \u0165a\u017ek\u00fdm za\u0165a\u017een\u00edm.<\/p>\n<h2 dir=\"auto\">\u0160pecifik\u00e1cia<\/h2>\n<\/div>\n<table style=\"width: 100%;\" border=\"1\" width=\"100%\" cellspacing=\"0\" cellpadding=\"0\">\n<tbody>\n<tr>\n<td colspan=\"2\" width=\"160\">N\u00e1zov produktu<\/td>\n<td colspan=\"2\" width=\"611\">Ozuben\u00fd kr\u00fa\u017eok<\/td>\n<\/tr>\n<tr>\n<td colspan=\"2\" width=\"160\">Zna\u010dka<\/td>\n<td colspan=\"2\" width=\"611\">FMP<\/td>\n<\/tr>\n<tr>\n<td colspan=\"2\" width=\"160\">Proces<\/td>\n<td colspan=\"2\" width=\"611\">Kovanie, obr\u00e1banie, tepeln\u00e9 spracovanie<\/td>\n<\/tr>\n<tr>\n<td colspan=\"2\" width=\"160\"><\/td>\n<td colspan=\"2\" rowspan=\"2\" width=\"611\">ve\u013ek\u00fd tla\u010diarensk\u00fd stroj, lietadl\u00e1, v\u00fdrobn\u00e9 stroje, pr\u00edstavn\u00fd priemysel, stroje \u0165a\u017ek\u00e9ho priemyslu at\u010f.<\/td>\n<\/tr>\n<tr>\n<td colspan=\"2\" width=\"160\">Aplik\u00e1cia<\/td>\n<\/tr>\n<tr>\n<td colspan=\"2\" width=\"160\">Spracovanie materi\u00e1lu<\/td>\n<td colspan=\"2\" width=\"611\">45#40CR 20CRM O20CRNIMO 17CRNIMO620CRMNTI42CRMO at\u010f.<\/td>\n<\/tr>\n<\/tbody>\n<\/table>\n<p>&nbsp;<\/p>\n<table style=\"width: 100%;\" border=\"1\" width=\"100%\" cellspacing=\"0\" cellpadding=\"0\">\n<tbody>\n<tr style=\"height: 27.60pt;\">\n<td class=\"et2\" style=\"height: 27.60pt; width: 48.00pt;\" width=\"80\" height=\"46\">Modul prevodovky<\/td>\n<td class=\"et3\" style=\"width: 48.00pt;\" width=\"80\">8-120<\/td>\n<\/tr>\n<tr style=\"height: 41.40pt;\">\n<td class=\"et4\" style=\"height: 41.40pt; width: 48.00pt;\" width=\"80\" height=\"69\">Br\u00fasenie ozuben\u00fdch kolies<\/td>\n<td class=\"et5\" style=\"width: 48.00pt;\" width=\"80\">MAX Modul 25<\/td>\n<\/tr>\n<tr style=\"height: 41.40pt;\">\n<td class=\"et4\" style=\"height: 41.40pt; width: 48.00pt;\" width=\"80\" height=\"69\">Priemer ozuben\u00e9ho kolesa<\/td>\n<td class=\"et5\" style=\"width: 48.00pt;\" width=\"80\">MAX 13 000 mm<\/td>\n<\/tr>\n<tr style=\"height: 41.40pt;\">\n<td class=\"et4\" style=\"height: 41.40pt; width: 48.00pt;\" width=\"80\" height=\"69\">Priemer \u0161pir\u00e1lov\u00e9ho ozuben\u00e9ho kolesa<\/td>\n<td class=\"et5\" style=\"width: 48.00pt;\" width=\"80\">MAX. 2 200 mm<\/td>\n<\/tr>\n<tr style=\"height: 41.40pt;\">\n<td class=\"et4\" style=\"height: 41.40pt; width: 48.00pt;\" width=\"80\" height=\"69\">D\u013a\u017eka hriade\u013ea prevodovky<\/td>\n<td class=\"et5\" style=\"width: 48.00pt;\" width=\"80\">MAX 5 000 mm<\/td>\n<\/tr>\n<tr style=\"height: 82.80pt;\">\n<td class=\"et4\" style=\"height: 82.80pt; width: 48.00pt;\" width=\"80\" height=\"138\">O\u0161etrenie zubov ozuben\u00fdch kolies<\/td>\n<td class=\"et5\" style=\"width: 48.00pt;\" width=\"80\">Povrchov\u00e9 kalenie, cementovanie a kalenie<\/td>\n<\/tr>\n<tr style=\"height: 55.95pt;\">\n<td class=\"et6\" style=\"height: 55.95pt; width: 48.00pt;\" width=\"80\" height=\"93\">Pracovn\u00fd z\u00e1vod<\/td>\n<td class=\"et7\" style=\"width: 48.00pt;\" width=\"80\">Kovanie, odlievanie a zv\u00e1ranie<\/td>\n<\/tr>\n<\/tbody>\n<\/table>\n<p><span style=\"color: #333333; font-size: 22px;\">Odbornos\u0165 spolo\u010dnosti FMP vo v\u00fdrobe ozuben\u00fdch kolies na mieru<\/span><\/p>\n<div>\n<p class=\"break-words\" dir=\"auto\">Spolo\u010dnos\u0165 FMP vynik\u00e1 ako d\u00f4veryhodn\u00fd partner pre taliansky stavebn\u00fd a stroj\u00e1rsky sektor a pon\u00faka \u0161irok\u00fa \u0161k\u00e1lu ozuben\u00fdch kolies s \u010deln\u00fdm, \u0161pir\u00e1lov\u00fdm a ryb\u00edm tvarom, v\u0161etky prisp\u00f4soben\u00e9 \u0161pecifik\u00e1ci\u00e1m z\u00e1kazn\u00edka. Na\u0161e pokro\u010dil\u00e9 v\u00fdrobn\u00e9 techniky vr\u00e1tane pr\u00e1\u0161kovej metalurgie a jedine\u010dn\u00fdch procesov tepeln\u00e9ho spracovania optimalizuj\u00fa \u0161trukt\u00faru ozuben\u00e9ho kolesa, \u010d\u00edm zvy\u0161uj\u00fa tvrdos\u0165, odolnos\u0165 proti opotrebovaniu a r\u00e1zov\u00fa v\u00fdkonnos\u0165. Pou\u017e\u00edvame vysokopevnostn\u00fa oce\u013e a zameriavame sa na dlhodob\u00fa stabilitu, \u010d\u00edm zabezpe\u010dujeme, aby na\u0161e komponenty prosperovali aj v n\u00e1ro\u010dn\u00fdch podmienkach mie\u0161ania cementu. Pre firmy v Ben\u00e1tkach, ktor\u00e9 sa zaoberaj\u00fa jedine\u010dn\u00fdmi projektmi na pobre\u017e\u00ed kan\u00e1lov, alebo pre bolonsk\u00e9 priemyseln\u00e9 odvetvia zameran\u00e9 na stroj\u00e1rstvo, spolo\u010dnos\u0165 FMP prij\u00edma z\u00e1kazkov\u00e9 objedn\u00e1vky, ktor\u00e9 presne sp\u013a\u0148aj\u00fa va\u0161e potreby. Na\u0161e mo\u017enosti siahaj\u00fa a\u017e po kovanie, odlievanie a zv\u00e1ranie vo ve\u013ekom meradle, pri\u010dom na po\u017eiadanie s\u00fa k dispoz\u00edcii aj \u010fal\u0161ie \u00fapravy, ako je br\u00fasenie ozuben\u00fdch kolies a nitrid\u00e1cia.<\/p>\n<\/div>\n<table style=\"border-collapse: collapse; width: 101.637%; height: 5px;\" border=\"0\" width=\"270\" cellspacing=\"0\" cellpadding=\"0\">\n<tbody>\n<tr style=\"height: 14.40pt;\">\n<td style=\"height: 14.4pt; width: 34.4985%;\" align=\"right\" width=\"90\" height=\"24\"><img loading=\"lazy\" decoding=\"async\" class=\"size-full wp-image-7756 aligncenter\" src=\"https:\/\/fmp-components.com\/wp-content\/uploads\/2025\/04\/Ring-Gear-For-Cement-Mixer-Factory-1.webp\" alt=\"Ozuben\u00fd veniec pre tov\u00e1re\u0148 na mie\u0161anie cementu\" width=\"889\" height=\"570\" title=\"\" srcset=\"https:\/\/fmp-components.com\/wp-content\/uploads\/2025\/04\/Ring-Gear-For-Cement-Mixer-Factory-1.webp 889w, https:\/\/fmp-components.com\/wp-content\/uploads\/2025\/04\/Ring-Gear-For-Cement-Mixer-Factory-1-480x308.webp 480w\" sizes=\"(min-width: 0px) and (max-width: 480px) 480px, (min-width: 481px) 889px, 100vw\" \/><\/td>\n<td style=\"width: 32.7072%;\" align=\"right\" width=\"90\"><img loading=\"lazy\" decoding=\"async\" class=\"size-full wp-image-7757 aligncenter\" src=\"https:\/\/fmp-components.com\/wp-content\/uploads\/2025\/04\/Ring-Gear-For-Cement-Mixer-Factory-2.webp\" alt=\"Ozuben\u00fd veniec pre tov\u00e1re\u0148 na mie\u0161anie cementu\" width=\"885\" height=\"608\" title=\"\" srcset=\"https:\/\/fmp-components.com\/wp-content\/uploads\/2025\/04\/Ring-Gear-For-Cement-Mixer-Factory-2.webp 885w, https:\/\/fmp-components.com\/wp-content\/uploads\/2025\/04\/Ring-Gear-For-Cement-Mixer-Factory-2-480x330.webp 480w\" sizes=\"(min-width: 0px) and (max-width: 480px) 480px, (min-width: 481px) 885px, 100vw\" \/><\/td>\n<td style=\"width: 31.8642%;\" align=\"right\" width=\"90\"><img loading=\"lazy\" decoding=\"async\" class=\"size-full wp-image-7758 aligncenter\" src=\"https:\/\/fmp-components.com\/wp-content\/uploads\/2025\/04\/Ring-Gear-For-Cement-Mixer-Factory-3.webp\" alt=\"Ozuben\u00fd veniec pre tov\u00e1re\u0148 na mie\u0161anie cementu\" width=\"500\" height=\"360\" title=\"\" srcset=\"https:\/\/fmp-components.com\/wp-content\/uploads\/2025\/04\/Ring-Gear-For-Cement-Mixer-Factory-3.webp 500w, https:\/\/fmp-components.com\/wp-content\/uploads\/2025\/04\/Ring-Gear-For-Cement-Mixer-Factory-3-480x346.webp 480w\" sizes=\"(min-width: 0px) and (max-width: 480px) 480px, (min-width: 481px) 500px, 100vw\" \/><\/td>\n<\/tr>\n<\/tbody>\n<\/table>\n<div>\n<h3 class=\"\" dir=\"auto\">Potrebujete konkr\u00e9tny model? Kontaktujte FMP a my v\u00e1m poskytneme odpove\u010f do 24 hod\u00edn.<\/h3>\n<p class=\"break-words\" dir=\"auto\">V spolo\u010dnosti FMP sa zav\u00e4zujeme poskytova\u0165 rie\u0161enia na mieru. Jednoducho n\u00e1m po\u0161lite e-mailom svoje \u0161pecifik\u00e1cie a na\u0161i sk\u00fasen\u00ed in\u017einieri v\u00e1m do 24 hod\u00edn odpovedia s odborn\u00fdm poradenstvom alebo n\u00e1vrhom na mieru. Na\u0161a r\u00fdchla reakcia a schopnos\u0165 zvl\u00e1dnu\u0165 ve\u013ek\u00e9 d\u00e1vky odlievania s kr\u00e1tkym cyklom z n\u00e1s robia ide\u00e1lnu vo\u013ebu pre r\u00fdchlo sa rozv\u00edjaj\u00faci stavebn\u00fd trh v Taliansku. Zv\u00fd\u0161te efektivitu svojho projektu s odoln\u00fdmi a vysokov\u00fdkonn\u00fdmi ozuben\u00fdmi vejcami od FMP \u2013 kontaktujte n\u00e1s e\u0161te dnes a poh\u00e1\u0148ajte svoju \u010fal\u0161iu stavbu!<\/p>\n<table style=\"border-collapse: collapse; width: 97.6392%; height: 54px;\" border=\"0\" width=\"243\" cellspacing=\"0\" cellpadding=\"0\">\n<tbody>\n<tr style=\"height: 14.40pt;\">\n<td style=\"height: 14.4pt; width: 31.0307%;\" align=\"right\" width=\"81\" height=\"24\">\u00a0<img loading=\"lazy\" decoding=\"async\" class=\"size-full wp-image-7763 aligncenter\" src=\"https:\/\/fmp-components.com\/wp-content\/uploads\/2025\/04\/Ring-Gear-For-Cement-Mixer-2.webp\" alt=\"Ozuben\u00fd kr\u00fa\u017eok pre mie\u0161a\u010dku cementu\" width=\"550\" height=\"550\" title=\"\" srcset=\"https:\/\/fmp-components.com\/wp-content\/uploads\/2025\/04\/Ring-Gear-For-Cement-Mixer-2.webp 550w, https:\/\/fmp-components.com\/wp-content\/uploads\/2025\/04\/Ring-Gear-For-Cement-Mixer-2-480x480.webp 480w\" sizes=\"(min-width: 0px) and (max-width: 480px) 480px, (min-width: 481px) 550px, 100vw\" \/><\/td>\n<td style=\"width: 32.7851%;\" align=\"right\" width=\"81\"><img loading=\"lazy\" decoding=\"async\" class=\"size-full wp-image-7764 aligncenter\" src=\"https:\/\/fmp-components.com\/wp-content\/uploads\/2025\/04\/Ring-Gear-For-Cement-Mixer-3.webp\" alt=\"Ozuben\u00fd kr\u00fa\u017eok pre mie\u0161a\u010dku cementu\" width=\"550\" height=\"550\" title=\"\" srcset=\"https:\/\/fmp-components.com\/wp-content\/uploads\/2025\/04\/Ring-Gear-For-Cement-Mixer-3.webp 550w, https:\/\/fmp-components.com\/wp-content\/uploads\/2025\/04\/Ring-Gear-For-Cement-Mixer-3-480x480.webp 480w\" sizes=\"(min-width: 0px) and (max-width: 480px) 480px, (min-width: 481px) 550px, 100vw\" \/><\/td>\n<td style=\"width: 36.1842%;\" align=\"right\" width=\"81\"><img loading=\"lazy\" decoding=\"async\" class=\"size-full wp-image-7762 aligncenter\" src=\"https:\/\/fmp-components.com\/wp-content\/uploads\/2025\/04\/Ring-Gear-For-Cement-Mixer-5.webp\" alt=\"Ozuben\u00fd kr\u00fa\u017eok pre mie\u0161a\u010dku cementu\" width=\"1024\" height=\"756\" title=\"\" srcset=\"https:\/\/fmp-components.com\/wp-content\/uploads\/2025\/04\/Ring-Gear-For-Cement-Mixer-5.webp 1024w, https:\/\/fmp-components.com\/wp-content\/uploads\/2025\/04\/Ring-Gear-For-Cement-Mixer-5-980x724.webp 980w, https:\/\/fmp-components.com\/wp-content\/uploads\/2025\/04\/Ring-Gear-For-Cement-Mixer-5-480x354.webp 480w\" sizes=\"(min-width: 0px) and (max-width: 480px) 480px, (min-width: 481px) and (max-width: 980px) 980px, (min-width: 981px) 1024px, 100vw\" \/><\/td>\n<\/tr>\n<\/tbody>\n<\/table>\n<\/div>","protected":false},"excerpt":{"rendered":"<p>High-Quality Ring Gears for Cement Mixers by FMP In the bustling construction hubs of Italy, such as Milan, Venice, Florence, and Bologna, the demand for reliable cement mixers is ever-present. A key component in these machines is the ring gear for cement mixers, a robust circular gear that drives the drum\u2019s rotation to blend concrete [&hellip;]<\/p>","protected":false},"featured_media":7759,"comment_status":"open","ping_status":"closed","template":"","meta":{"_et_pb_use_builder":"","_et_pb_old_content":"","_et_gb_content_width":""},"product_brand":[],"product_cat":[114],"product_tag":[],"class_list":{"0":"post-7751","1":"product","2":"type-product","3":"status-publish","4":"has-post-thumbnail","6":"product_cat-ring-gear","8":"first","9":"instock","10":"shipping-taxable","11":"product-type-simple"},"_links":{"self":[{"href":"https:\/\/fmp-components.com\/sk\/wp-json\/wp\/v2\/product\/7751","targetHints":{"allow":["GET"]}}],"collection":[{"href":"https:\/\/fmp-components.com\/sk\/wp-json\/wp\/v2\/product"}],"about":[{"href":"https:\/\/fmp-components.com\/sk\/wp-json\/wp\/v2\/types\/product"}],"replies":[{"embeddable":true,"href":"https:\/\/fmp-components.com\/sk\/wp-json\/wp\/v2\/comments?post=7751"}],"wp:featuredmedia":[{"embeddable":true,"href":"https:\/\/fmp-components.com\/sk\/wp-json\/wp\/v2\/media\/7759"}],"wp:attachment":[{"href":"https:\/\/fmp-components.com\/sk\/wp-json\/wp\/v2\/media?parent=7751"}],"wp:term":[{"taxonomy":"product_brand","embeddable":true,"href":"https:\/\/fmp-components.com\/sk\/wp-json\/wp\/v2\/product_brand?post=7751"},{"taxonomy":"product_cat","embeddable":true,"href":"https:\/\/fmp-components.com\/sk\/wp-json\/wp\/v2\/product_cat?post=7751"},{"taxonomy":"product_tag","embeddable":true,"href":"https:\/\/fmp-components.com\/sk\/wp-json\/wp\/v2\/product_tag?post=7751"}],"curies":[{"name":"pracovn\u00fd list","href":"https:\/\/api.w.org\/{rel}","templated":true}]}}