{"id":7749,"date":"2025-04-04T02:41:12","date_gmt":"2025-04-04T02:41:12","guid":{"rendered":"https:\/\/fmp-components.com\/?post_type=product&#038;p=7749"},"modified":"2025-04-04T05:33:18","modified_gmt":"2025-04-04T05:33:18","slug":"alloy-steel-internal-ring-gear","status":"publish","type":"product","link":"https:\/\/fmp-components.com\/sk\/product\/alloy-steel-internal-ring-gear\/","title":{"rendered":"Vn\u00fatorn\u00fd ozuben\u00fd veniec z legovanej ocele"},"content":{"rendered":"<div>\n<h2 dir=\"auto\">Vn\u00fatorn\u00e9 ozuben\u00e9 koles\u00e1 z legovanej ocele: Presn\u00e9 in\u017einierstvo pre taliansky priemysel<\/h2>\n<p class=\"break-words\" dir=\"auto\">Vn\u00fatorn\u00e1 \u010das\u0165 z legovanej ocele <a href=\"https:\/\/fmp-components.com\/sk\/ring-gear\/\">ozuben\u00e9 koles\u00e1<\/a> s\u00fa \u017eivotne d\u00f4le\u017eit\u00e9 komponenty mechanick\u00fdch syst\u00e9mov, zn\u00e1me svojou vysokou pevnos\u0165ou a odolnos\u0165ou proti opotrebovaniu, v\u010faka \u010domu s\u00fa ide\u00e1lne pre n\u00e1ro\u010dn\u00e9 aplik\u00e1cie, ako s\u00fa plan\u00e9tov\u00e9 prevodov\u00e9 syst\u00e9my v automobilovom priemysle a priemyseln\u00fdch strojoch. V talianskych priemyseln\u00fdch centr\u00e1ch, ako s\u00fa Mil\u00e1no a Bologna, tieto ozuben\u00e9 koles\u00e1 poh\u00e1\u0148aj\u00fa presn\u00e9 zariadenia, zatia\u013e \u010do Ben\u00e1tky sa na ne spoliehaj\u00fa v n\u00e1mornom in\u017einierstve a Florencia ich integruje do svojej bohatej trad\u00edcie remeseln\u00e9ho spracovania a modern\u00fdch technol\u00f3gi\u00ed. Tieto ozuben\u00e9 koles\u00e1, vyroben\u00e9 z legovanej ocele \u2013 \u010dasto vylep\u0161enej prvkami, ako je chr\u00f3m alebo molybd\u00e9n \u2013 zabezpe\u010duj\u00fa odolnos\u0165 a v\u00fdkon pri vysokom za\u0165a\u017een\u00ed a sp\u013a\u0148aj\u00fa potreby rozmanitej talianskej in\u017einierskej krajiny.<\/p>\n<h3 dir=\"auto\">\u0160pecifik\u00e1cia<\/h3>\n<p>(1). V\u0161etky druhy ozuben\u00fdch kolies, ozuben\u00fdch kolies, ozuben\u00fdch hriade\u013eov, presn\u00fdch ozuben\u00fdch kolies a CNC ozuben\u00fdch kolies.<br \/>\n(2). \u0160pecializujeme sa na v\u00fdrobu v\u0161etk\u00fdch druhov kovan\u00fdch automobilov\u00fdch dielov s v\u00fdkresmi<br \/>\n(3). Materi\u00e1l: tv\u00e1rna liatina, bronz, uhl\u00edkov\u00e1 oce\u013e, nehrdzavej\u00faca oce\u013e, legovan\u00e1 oce\u013e a me\u010f<br \/>\n(4). Moduly: M1 a\u017e M5<br \/>\n(5). Sp\u013a\u0148a normy ISO, DIN a ASTM<br \/>\n(6). Trieda: SUS201,SUS304,SUS316,A2-70,A2-80,A4-80,4,8 6,8 8,8 10,9 12,9<br \/>\n(7). Ve\u013ekos\u0165: Pod\u013ea v\u00fdkresu<br \/>\n(8). Certifik\u00e1cia: ISO\/TS16949:2009<\/p>\n<table style=\"width: 99.5203%; height: 640px;\" border=\"1\" width=\"813\" cellspacing=\"0\" cellpadding=\"0\">\n<tbody>\n<tr>\n<td rowspan=\"3\" width=\"179\">\n<p align=\"left\"><span data-spm-anchor-id=\"a2700.details-description.0.i4.7d85I1zII1zIju\">Materi\u00e1l<\/span><\/p>\n<\/td>\n<td width=\"190\">\n<p align=\"left\">\u00a0Uhl\u00edkov\u00e1 oce\u013e<\/p>\n<\/td>\n<td width=\"439\">\n<p align=\"left\">\u00a0SAE1020, SAE1045, Cr12, 40Cr, Y15Pb, 1214Letch<\/p>\n<\/td>\n<\/tr>\n<tr>\n<td width=\"190\">\n<p align=\"left\">\u00a0Legovan\u00e1 oce\u013e<\/p>\n<\/td>\n<td width=\"439\">\n<p align=\"left\">\u00a020CrMnTi, 16MnCr5, 20CrMnMo, 41CrMo, 17CrNiMo5 at\u010f.<\/p>\n<\/td>\n<\/tr>\n<tr>\n<td width=\"190\">\n<p align=\"left\">\u00a0Mosadz\/Bronz<\/p>\n<\/td>\n<td width=\"439\">\n<p align=\"left\">\u00a0HPb59-1, H70, CuZn39Pb2, CuZn40Pb2, C38000, CuZn40 at\u010f.<\/p>\n<\/td>\n<\/tr>\n<tr>\n<td rowspan=\"2\" width=\"179\">\n<p align=\"left\">Kontrola tolerancie<\/p>\n<\/td>\n<td width=\"190\">\n<p align=\"left\">Vonkaj\u0161\u00ed priemer<\/p>\n<\/td>\n<td width=\"439\">\n<p align=\"left\">\u00a0Na z\u00e1klade kresby<\/p>\n<\/td>\n<\/tr>\n<tr>\n<td width=\"190\">\n<p align=\"left\">D\u013a\u017ekov\u00fd rozmer<\/p>\n<\/td>\n<td width=\"439\">\n<p align=\"left\">\u00a0Na z\u00e1klade kresby<\/p>\n<\/td>\n<\/tr>\n<tr>\n<td width=\"179\">\n<p align=\"left\">Proces obr\u00e1bania<\/p>\n<\/td>\n<td colspan=\"2\" width=\"630\">\n<p align=\"left\">Odvalovacie obr\u00e1banie ozuben\u00fdch kolies, fr\u00e9zovanie ozuben\u00fdch kolies, obr\u00e1\u017eanie ozuben\u00fdch kolies, pre\u0165ahovanie ozuben\u00fdch kolies, shaving ozuben\u00fdch kolies, br\u00fasenie ozuben\u00fdch kolies a lapovanie ozuben\u00fdch kolies<\/p>\n<\/td>\n<\/tr>\n<tr>\n<td width=\"179\">\n<p align=\"left\">Presnos\u0165 zubov<\/p>\n<\/td>\n<td colspan=\"2\" width=\"630\">\n<p align=\"left\">DIN trieda 4, ISO\/GB trieda 4, AGMA trieda 13, JIS trieda 0<\/p>\n<\/td>\n<\/tr>\n<tr>\n<td width=\"179\">\n<p align=\"left\">Moduly<\/p>\n<\/td>\n<td colspan=\"2\" width=\"630\">\n<p align=\"left\">1,0, 1,25, 1,5, 1,75, 2,0, 2,25, 2,5\u2026.8,0 at\u010f.<\/p>\n<\/td>\n<\/tr>\n<tr>\n<td width=\"179\">\n<p align=\"left\">Tepeln\u00e9 spracovanie<\/p>\n<\/td>\n<td colspan=\"2\" width=\"630\">\n<p align=\"left\">Kalenie a pop\u00fa\u0161\u0165anie, cement\u00e1cia a kalenie, vysokofrekven\u010dn\u00e9 kalenie, nitrokarboniz\u00e1cia<\/p>\n<\/td>\n<\/tr>\n<tr>\n<td width=\"179\">\n<p align=\"left\">Povrchov\u00e1 \u00faprava<\/p>\n<\/td>\n<td colspan=\"2\" width=\"630\">\n<p align=\"left\">\u010ciernenie, le\u0161tenie, eloxovanie, chr\u00f3movanie, zinkovanie, niklovanie<\/p>\n<\/td>\n<\/tr>\n<tr>\n<td width=\"179\">\n<p align=\"left\">\u0160tandard<\/p>\n<\/td>\n<td colspan=\"2\" width=\"630\">\n<p align=\"left\">DIN, ISO\/GB, AGMA, JIS<\/p>\n<\/td>\n<\/tr>\n<\/tbody>\n<\/table>\n<div>\n<h3 class=\"\" dir=\"auto\">FMP: V\u00e1\u0161 d\u00f4veryhodn\u00fd partner pre ozuben\u00e9 vence na mieru v Taliansku<\/h3>\n<p class=\"break-words\" dir=\"auto\">Pon\u00fakame tie\u017e rie\u0161enia na mieru, ktor\u00e9 sp\u013a\u0148aj\u00fa va\u0161e \u0161pecifick\u00e9 po\u017eiadavky. Ak v na\u0161om zozname produktov nen\u00e1jdete model, ktor\u00fd potrebujete, je pravdepodobn\u00e9, \u017ee sme ho e\u0161te nenahrali \u2013 nev\u00e1hajte n\u00e1m posla\u0165 e-mail s va\u0161imi \u0161pecifik\u00e1ciami. Na\u0161i sk\u00fasen\u00ed technici v\u00e1m odpovedia do 24 hod\u00edn a zabezpe\u010dia, \u017ee pre v\u00e1\u0161 projekt z\u00edskate perfektn\u00e9 ozuben\u00e9 koleso, \u010di u\u017e p\u00f4sob\u00edte v mil\u00e1nskom v\u00fdrobnom sektore alebo v automobilovom srdci Bologne. FMP je va\u0161\u00edm spo\u013eahliv\u00fdm partnerom pre presn\u00e9 ozuben\u00e9 koles\u00e1 v Taliansku.<\/p>\n<table style=\"border-collapse: collapse; width: 97.75%; height: 53px;\" border=\"0\" width=\"270\" cellspacing=\"0\" cellpadding=\"0\">\n<tbody>\n<tr style=\"height: 14.40pt;\">\n<td style=\"height: 14.40pt; width: 54.00pt;\" align=\"right\" width=\"90\" height=\"24\"><img loading=\"lazy\" decoding=\"async\" class=\"size-full wp-image-7753 aligncenter\" src=\"https:\/\/fmp-components.com\/wp-content\/uploads\/2025\/04\/Alloy-Steel-Internal-Ring-Gear-1.webp\" alt=\"Vn\u00fatorn\u00fd ozuben\u00fd veniec z legovanej ocele\" width=\"650\" height=\"650\" title=\"\" srcset=\"https:\/\/fmp-components.com\/wp-content\/uploads\/2025\/04\/Alloy-Steel-Internal-Ring-Gear-1.webp 650w, https:\/\/fmp-components.com\/wp-content\/uploads\/2025\/04\/Alloy-Steel-Internal-Ring-Gear-1-480x480.webp 480w\" sizes=\"(min-width: 0px) and (max-width: 480px) 480px, (min-width: 481px) 650px, 100vw\" \/><\/td>\n<td style=\"width: 54.00pt;\" align=\"right\" width=\"90\"><img loading=\"lazy\" decoding=\"async\" class=\"size-full wp-image-7754 aligncenter\" src=\"https:\/\/fmp-components.com\/wp-content\/uploads\/2025\/04\/Alloy-Steel-Internal-Ring-Gear-2.webp\" alt=\"Vn\u00fatorn\u00fd ozuben\u00fd veniec z legovanej ocele\" width=\"650\" height=\"650\" title=\"\" srcset=\"https:\/\/fmp-components.com\/wp-content\/uploads\/2025\/04\/Alloy-Steel-Internal-Ring-Gear-2.webp 650w, https:\/\/fmp-components.com\/wp-content\/uploads\/2025\/04\/Alloy-Steel-Internal-Ring-Gear-2-480x480.webp 480w\" sizes=\"(min-width: 0px) and (max-width: 480px) 480px, (min-width: 481px) 650px, 100vw\" \/><\/td>\n<td style=\"width: 54.00pt;\" align=\"right\" width=\"90\"><img loading=\"lazy\" decoding=\"async\" class=\"size-full wp-image-7755 aligncenter\" src=\"https:\/\/fmp-components.com\/wp-content\/uploads\/2025\/04\/Alloy-Steel-Internal-Ring-Gear-3.webp\" alt=\"Vn\u00fatorn\u00fd ozuben\u00fd veniec z legovanej ocele\" width=\"650\" height=\"650\" title=\"\" srcset=\"https:\/\/fmp-components.com\/wp-content\/uploads\/2025\/04\/Alloy-Steel-Internal-Ring-Gear-3.webp 650w, https:\/\/fmp-components.com\/wp-content\/uploads\/2025\/04\/Alloy-Steel-Internal-Ring-Gear-3-480x480.webp 480w\" sizes=\"(min-width: 0px) and (max-width: 480px) 480px, (min-width: 481px) 650px, 100vw\" \/><\/td>\n<\/tr>\n<\/tbody>\n<\/table>\n<\/div>\n<\/div>","protected":false},"excerpt":{"rendered":"<p>Alloy Steel Internal Ring Gears: Precision Engineering for Italy\u2019s Industries Alloy steel internal ring gears are vital components in mechanical systems, known for their high strength and wear resistance, making them ideal for demanding applications like planetary gear systems in automotive and industrial machinery. In Italy\u2019s industrial hubs such as Milan and Bologna, these gears [&hellip;]<\/p>","protected":false},"featured_media":7750,"comment_status":"open","ping_status":"closed","template":"","meta":{"_et_pb_use_builder":"","_et_pb_old_content":"","_et_gb_content_width":""},"product_brand":[],"product_cat":[114],"product_tag":[],"class_list":{"0":"post-7749","1":"product","2":"type-product","3":"status-publish","4":"has-post-thumbnail","6":"product_cat-ring-gear","8":"first","9":"instock","10":"shipping-taxable","11":"product-type-simple"},"_links":{"self":[{"href":"https:\/\/fmp-components.com\/sk\/wp-json\/wp\/v2\/product\/7749","targetHints":{"allow":["GET"]}}],"collection":[{"href":"https:\/\/fmp-components.com\/sk\/wp-json\/wp\/v2\/product"}],"about":[{"href":"https:\/\/fmp-components.com\/sk\/wp-json\/wp\/v2\/types\/product"}],"replies":[{"embeddable":true,"href":"https:\/\/fmp-components.com\/sk\/wp-json\/wp\/v2\/comments?post=7749"}],"wp:featuredmedia":[{"embeddable":true,"href":"https:\/\/fmp-components.com\/sk\/wp-json\/wp\/v2\/media\/7750"}],"wp:attachment":[{"href":"https:\/\/fmp-components.com\/sk\/wp-json\/wp\/v2\/media?parent=7749"}],"wp:term":[{"taxonomy":"product_brand","embeddable":true,"href":"https:\/\/fmp-components.com\/sk\/wp-json\/wp\/v2\/product_brand?post=7749"},{"taxonomy":"product_cat","embeddable":true,"href":"https:\/\/fmp-components.com\/sk\/wp-json\/wp\/v2\/product_cat?post=7749"},{"taxonomy":"product_tag","embeddable":true,"href":"https:\/\/fmp-components.com\/sk\/wp-json\/wp\/v2\/product_tag?post=7749"}],"curies":[{"name":"pracovn\u00fd list","href":"https:\/\/api.w.org\/{rel}","templated":true}]}}