{"id":774,"date":"2024-12-18T06:44:58","date_gmt":"2024-12-18T06:44:58","guid":{"rendered":"https:\/\/fmp-components.com\/?page_id=8"},"modified":"2024-12-18T06:54:43","modified_gmt":"2024-12-18T06:54:43","slug":"hydraulic-cylinder-for-reach-stacker","status":"publish","type":"product","link":"https:\/\/fmp-components.com\/sk\/product\/hydraulic-cylinder-for-reach-stacker\/","title":{"rendered":"Hydraulick\u00fd valec pre reach stacker"},"content":{"rendered":"<p style=\"text-align: center;\"><span style=\"font-size: 18pt;\">Hydraulick\u00fd valec pre reach stacker<\/span><\/p>\n<p>Hydraulick\u00fd valec pre reach stackery je z\u00e1kladn\u00fd hydraulick\u00fd komponent ur\u010den\u00fd na zlep\u0161enie zdv\u00edhac\u00edch a vys\u00favac\u00edch schopnost\u00ed reach stackerov pou\u017e\u00edvan\u00fdch v logistick\u00fdch a kontajnerov\u00fdch oper\u00e1ci\u00e1ch. Tento valec zohr\u00e1va k\u013e\u00fa\u010dov\u00fa \u00falohu pri umo\u017enen\u00ed plynul\u00e9ho a presn\u00e9ho pohybu v\u00fdlo\u017en\u00edka stohova\u010da, \u010do umo\u017e\u0148uje efekt\u00edvne nakladanie, vykladanie a stohovanie kontajnerov a \u0165a\u017ek\u00fdch n\u00e1kladov.<\/p>\n<p><img loading=\"lazy\" decoding=\"async\" class=\"alignnone size-full wp-image-788\" src=\"https:\/\/fmp-components.com\/wp-content\/uploads\/2024\/12\/Reach-Stacker-Luffing-Cylinders-2.webp\" alt=\"Valce na vys\u00favanie stohova\u010dov - 2\" width=\"870\" height=\"535\" title=\"\" srcset=\"https:\/\/fmp-components.com\/wp-content\/uploads\/2024\/12\/Reach-Stacker-Luffing-Cylinders-2.webp 870w, https:\/\/fmp-components.com\/wp-content\/uploads\/2024\/12\/Reach-Stacker-Luffing-Cylinders-2-480x295.webp 480w\" sizes=\"(min-width: 0px) and (max-width: 480px) 480px, (min-width: 481px) 870px, 100vw\" \/><\/p>\n<h4>K\u013e\u00fa\u010dov\u00e9 vlastnosti:<\/h4>\n<ul>\n<li><strong>Vysok\u00e1 nosnos\u0165:<\/strong> Tento hydraulick\u00fd valec, navrhnut\u00fd na manipul\u00e1ciu s v\u00fdznamn\u00fdmi hmotnos\u0165ami, zais\u0165uje spo\u013eahliv\u00fd v\u00fdkon po\u010das zdv\u00edhac\u00edch oper\u00e1ci\u00ed s \u0165a\u017ek\u00fdmi n\u00e1kladmi, \u010do je k\u013e\u00fa\u010dov\u00e9 pre efekt\u00edvnu spr\u00e1vu n\u00e1kladu.<\/li>\n<li><strong>Robustn\u00e1 kon\u0161trukcia:<\/strong> Je vyroben\u00fd z vysokopevnostn\u00fdch materi\u00e1lov a navrhnut\u00fd tak, aby odolal n\u00e1ro\u010dn\u00fdm po\u017eiadavk\u00e1m \u0165a\u017ekej prev\u00e1dzky v prepravnom a logistickom prostred\u00ed, \u010d\u00edm zabezpe\u010duje dlhotrvaj\u00facu odolnos\u0165 a spo\u013eahlivos\u0165.<\/li>\n<li><strong>Plynul\u00e1 prev\u00e1dzka:<\/strong> Pokro\u010dil\u00e1 hydraulick\u00e1 kon\u0161trukcia umo\u017e\u0148uje plynul\u00e9 a kontrolovan\u00e9 pohyby, \u010do umo\u017e\u0148uje r\u00fdchle nastavenie po\u010das nakladania a vykladania a z\u00e1rove\u0148 minimalizuje opotrebovanie zariadenia.<\/li>\n<li><strong>Zv\u00fd\u0161en\u00e1 bezpe\u010dnos\u0165:<\/strong> Vybaven\u00e9 bezpe\u010dnostn\u00fdmi prvkami, ktor\u00e9 zabra\u0148uj\u00fa pre\u0165a\u017eeniu a zais\u0165uj\u00fa bezpe\u010dn\u00fa prev\u00e1dzku, \u010d\u00edm chr\u00e1nia obsluhu aj n\u00e1klad po\u010das manipul\u00e1cie.<\/li>\n<li><strong>V\u0161estrann\u00e9 pou\u017eitie:<\/strong> Tento hydraulick\u00fd valec, vhodn\u00fd pre r\u00f4zne konfigur\u00e1cie reach stackerov, sa dok\u00e1\u017ee prisp\u00f4sobi\u0165 r\u00f4znym prev\u00e1dzkov\u00fdm potreb\u00e1m, v\u010faka \u010domu je ide\u00e1lnou vo\u013ebou pre r\u00f4zne \u00falohy manipul\u00e1cie s kontajnermi.<\/li>\n<li><strong>N\u00edzke n\u00e1roky na \u00fadr\u017ebu:<\/strong> Je navrhnut\u00fd pre minim\u00e1lne opotrebovanie, zni\u017euje potrebu \u010dastej \u00fadr\u017eby, \u010do prispieva k zv\u00fd\u0161eniu produktivity a zn\u00ed\u017eeniu prev\u00e1dzkov\u00fdch n\u00e1kladov.<\/li>\n<\/ul>\n<p>Stru\u010dne povedan\u00e9, hydraulick\u00fd valec pre reach stacker je k\u013e\u00fa\u010dovou s\u00fa\u010das\u0165ou, ktor\u00e1 optimalizuje v\u00fdkon a efektivitu reach stackerov, \u010d\u00edm v\u00fdrazne zvy\u0161uje ich efektivitu pri manipul\u00e1cii s kontajnermi a logistick\u00fdch oper\u00e1ci\u00e1ch.<\/p>\n<h2>Teleskopick\u00fd valec pre reach stacker<\/h2>\n<p><img loading=\"lazy\" decoding=\"async\" class=\"size-full wp-image-786 aligncenter\" src=\"https:\/\/fmp-components.com\/wp-content\/uploads\/2024\/12\/Reach-Stacker-Telescopic-Cylinder.webp\" alt=\"Teleskopick\u00fd valec pre reach stacker\" width=\"500\" height=\"200\" title=\"\" srcset=\"https:\/\/fmp-components.com\/wp-content\/uploads\/2024\/12\/Reach-Stacker-Telescopic-Cylinder.webp 500w, https:\/\/fmp-components.com\/wp-content\/uploads\/2024\/12\/Reach-Stacker-Telescopic-Cylinder-480x192.webp 480w\" sizes=\"(min-width: 0px) and (max-width: 480px) 480px, (min-width: 481px) 500px, 100vw\" \/><\/p>\n<table style=\"width: 83.0024%; height: 162px;\" border=\"1\" cellspacing=\"0\" cellpadding=\"0\">\n<tbody>\n<tr>\n<td>N\u00e1zov produktu<\/td>\n<td>Teleskopick\u00fd valec pre reach stacker<\/td>\n<\/tr>\n<tr>\n<td>Vlastnosti:<\/td>\n<td>Realizujte line\u00e1rny teleskopick\u00fd pohyb ramena<\/td>\n<\/tr>\n<tr>\n<td>Priemer otvoru:<\/td>\n<td>200 mm\uff5e220 mm<\/td>\n<\/tr>\n<tr>\n<td>Priemer ty\u010de:<\/td>\n<td>150 mm\uff5e180 mm<br \/>\nZdvih \u2264 8000 mm<\/td>\n<\/tr>\n<tr>\n<td>Tlak\uff1a<\/td>\n<td>Maxim\u00e1lne 30 MPa<\/td>\n<\/tr>\n<tr>\n<td>Aplik\u00e1cie:<\/td>\n<td>Reach Stacker<\/td>\n<\/tr>\n<\/tbody>\n<\/table>\n<p><img loading=\"lazy\" decoding=\"async\" class=\"alignnone wp-image-790\" src=\"https:\/\/fmp-components.com\/wp-content\/uploads\/2024\/12\/Stacker-Telescopic-Cylinder.webp\" alt=\"Stohovac\u00ed teleskopick\u00fd valec\" width=\"761\" height=\"457\" title=\"\"><\/p>\n<p><img loading=\"lazy\" decoding=\"async\" class=\"alignnone wp-image-789\" src=\"https:\/\/fmp-components.com\/wp-content\/uploads\/2024\/12\/Stacker-Telescopic-Cylinder-1.webp\" alt=\"Stohovac\u00ed teleskopick\u00fd valec\" width=\"764\" height=\"383\" title=\"\"><\/p>\n<h2>Valec na vys\u00favanie stohova\u010da<\/h2>\n<p><img loading=\"lazy\" decoding=\"async\" class=\"size-full wp-image-784 aligncenter\" src=\"https:\/\/fmp-components.com\/wp-content\/uploads\/2024\/12\/Reach-Stacker-Luffing-Cylinder-1.webp\" alt=\"Valec na vys\u00favanie stohova\u010da\" width=\"500\" height=\"200\" title=\"\" srcset=\"https:\/\/fmp-components.com\/wp-content\/uploads\/2024\/12\/Reach-Stacker-Luffing-Cylinder-1.webp 500w, https:\/\/fmp-components.com\/wp-content\/uploads\/2024\/12\/Reach-Stacker-Luffing-Cylinder-1-480x192.webp 480w\" sizes=\"(min-width: 0px) and (max-width: 480px) 480px, (min-width: 481px) 500px, 100vw\" \/><\/p>\n<table style=\"width: 84.0327%; height: 185px;\" border=\"1\" cellspacing=\"0\" cellpadding=\"0\">\n<tbody>\n<tr>\n<td>N\u00e1zov produktu<\/td>\n<td>Valec na vys\u00favanie stohova\u010da<\/td>\n<\/tr>\n<tr>\n<td>Vlastnosti:<\/td>\n<td>Uvedomte si nakl\u00e1\u0148anie ramena hore a dole<\/td>\n<\/tr>\n<tr>\n<td>Priemer otvoru:<\/td>\n<td>100 mm\uff5e220 mm<\/td>\n<\/tr>\n<tr>\n<td>Priemer ty\u010de:<\/td>\n<td>60 mm\uff5e140 mm<br \/>\nZdvih \u2264 5 000 mm<\/td>\n<\/tr>\n<tr>\n<td>Tlak\uff1a<\/td>\n<td>Maxim\u00e1lne 30 MPa<\/td>\n<\/tr>\n<tr>\n<td>Aplik\u00e1cie:<\/td>\n<td>Reach Stacker<\/td>\n<\/tr>\n<\/tbody>\n<\/table>\n<p><img loading=\"lazy\" decoding=\"async\" class=\"alignnone wp-image-782\" src=\"https:\/\/fmp-components.com\/wp-content\/uploads\/2024\/12\/Reach-Stacker-Luffing-Cylinder.webp\" alt=\"Valec na vys\u00favanie stohova\u010da\" width=\"780\" height=\"285\" title=\"\" srcset=\"https:\/\/fmp-components.com\/wp-content\/uploads\/2024\/12\/Reach-Stacker-Luffing-Cylinder.webp 780w, https:\/\/fmp-components.com\/wp-content\/uploads\/2024\/12\/Reach-Stacker-Luffing-Cylinder-480x175.webp 480w\" sizes=\"(min-width: 0px) and (max-width: 480px) 480px, (min-width: 481px) 780px, 100vw\" \/><\/p>\n<p><img loading=\"lazy\" decoding=\"async\" class=\"alignnone wp-image-787\" src=\"https:\/\/fmp-components.com\/wp-content\/uploads\/2024\/12\/Reach-Stacker-Luffing-Cylinder-2.webp\" alt=\"Valec na vys\u00favanie stohova\u010dov 2\" width=\"774\" height=\"503\" title=\"\"><\/p>\n<h2>Riadiaci valec reach stackera<\/h2>\n<p><img loading=\"lazy\" decoding=\"async\" class=\"size-full wp-image-785 aligncenter\" src=\"https:\/\/fmp-components.com\/wp-content\/uploads\/2024\/12\/Reach-Stacker-Steering-Cylinder.webp\" alt=\"Riadiaci valec reach stackera\" width=\"500\" height=\"200\" title=\"\" srcset=\"https:\/\/fmp-components.com\/wp-content\/uploads\/2024\/12\/Reach-Stacker-Steering-Cylinder.webp 500w, https:\/\/fmp-components.com\/wp-content\/uploads\/2024\/12\/Reach-Stacker-Steering-Cylinder-480x192.webp 480w\" sizes=\"(min-width: 0px) and (max-width: 480px) 480px, (min-width: 481px) 500px, 100vw\" \/><\/p>\n<table style=\"width: 84.0349%; height: 200px;\" border=\"1\" cellspacing=\"0\" cellpadding=\"0\">\n<tbody>\n<tr style=\"height: 23px;\">\n<td style=\"height: 23px;\">N\u00e1zov produktu<\/td>\n<td style=\"height: 23px;\">Valec na vys\u00favanie stohova\u010da<\/td>\n<\/tr>\n<tr style=\"height: 23px;\">\n<td style=\"height: 23px;\">Vlastnosti:<\/td>\n<td style=\"height: 23px;\">Realizujte nastavenie smeru pneumat\u00edk \u017eeriavu<\/td>\n<\/tr>\n<tr style=\"height: 23px;\">\n<td style=\"height: 23px;\">Priemer otvoru:<\/td>\n<td style=\"height: 23px;\">80 mm\uff5e200 mm<\/td>\n<\/tr>\n<tr style=\"height: 47px;\">\n<td style=\"height: 47px;\">Priemer ty\u010de:<\/td>\n<td style=\"height: 47px;\">60 mm\uff5e100 mm<br \/>\nZdvih \u2264 9500 mm<\/td>\n<\/tr>\n<tr style=\"height: 23px;\">\n<td style=\"height: 23px;\">Tlak\uff1a<\/td>\n<td style=\"height: 23px;\">Maxim\u00e1lne 25 MPa<\/td>\n<\/tr>\n<tr style=\"height: 23px;\">\n<td style=\"height: 23px;\">Aplik\u00e1cie:<\/td>\n<td style=\"height: 23px;\">Reach Stacker<\/td>\n<\/tr>\n<\/tbody>\n<\/table>\n<p><img loading=\"lazy\" decoding=\"async\" class=\"alignnone wp-image-793\" src=\"https:\/\/fmp-components.com\/wp-content\/uploads\/2024\/12\/Reach-Stacker-Steering-Cylinder-1.webp\" alt=\"Riadiaci valec reach stackera\" width=\"794\" height=\"269\" title=\"\" srcset=\"https:\/\/fmp-components.com\/wp-content\/uploads\/2024\/12\/Reach-Stacker-Steering-Cylinder-1.webp 794w, https:\/\/fmp-components.com\/wp-content\/uploads\/2024\/12\/Reach-Stacker-Steering-Cylinder-1-480x163.webp 480w\" sizes=\"(min-width: 0px) and (max-width: 480px) 480px, (min-width: 481px) 794px, 100vw\" \/><\/p>\n<p><img loading=\"lazy\" decoding=\"async\" class=\"alignnone size-full wp-image-794\" src=\"https:\/\/fmp-components.com\/wp-content\/uploads\/2024\/12\/Reach-Stacker-Steering-Cylinder1.webp\" alt=\"Riadiaci valec reach stackera1\" width=\"828\" height=\"297\" title=\"\" srcset=\"https:\/\/fmp-components.com\/wp-content\/uploads\/2024\/12\/Reach-Stacker-Steering-Cylinder1.webp 828w, https:\/\/fmp-components.com\/wp-content\/uploads\/2024\/12\/Reach-Stacker-Steering-Cylinder1-480x172.webp 480w\" sizes=\"(min-width: 0px) and (max-width: 480px) 480px, (min-width: 481px) 828px, 100vw\" \/><\/p>\n<h2>V\u00fdhody hydraulick\u00e9ho valca pre stohova\u010de s v\u00fdsuvn\u00fdm stohova\u010dom<\/h2>\n<p>Hydraulick\u00fd valec pre reach stackery pon\u00faka nieko\u013eko v\u00fdznamn\u00fdch v\u00fdhod, ktor\u00e9 zvy\u0161uj\u00fa v\u00fdkon a spo\u013eahlivos\u0165 reach stackerov v logistick\u00fdch a kontajnerov\u00fdch oper\u00e1ci\u00e1ch.<\/p>\n<p>Jednou z hlavn\u00fdch v\u00fdhod je jeho vysok\u00e1 nosnos\u0165, ktor\u00e1 umo\u017e\u0148uje hydraulick\u00e9mu valcu bezpe\u010dne zdv\u00edha\u0165 a manipulova\u0165 s \u0165a\u017ek\u00fdmi kontajnermi a bremenami. T\u00e1to schopnos\u0165 je k\u013e\u00fa\u010dov\u00e1 pre efekt\u00edvne riadenie n\u00e1kladu v ru\u0161nom prostred\u00ed prepravy a logistiky.<\/p>\n<p>Valec poskytuje presn\u00e9 ovl\u00e1danie, ktor\u00e9 umo\u017e\u0148uje plynul\u00e9 a presn\u00e9 pohyby v\u00fdlo\u017en\u00edka reach stackeru. T\u00e1to presnos\u0165 pom\u00e1ha oper\u00e1torom presne umiest\u0148ova\u0165 kontajnery, \u010d\u00edm sa zni\u017euje riziko neh\u00f4d a zlep\u0161uje celkov\u00e1 prev\u00e1dzkov\u00e1 efektivita.<\/p>\n<p>Hydraulick\u00fd valec je vyroben\u00fd z robustn\u00fdch materi\u00e1lov a je navrhnut\u00fd tak, aby odolal n\u00e1ro\u010dn\u00fdm podmienkam \u0165a\u017ekej prev\u00e1dzky. Jeho odolnos\u0165 zais\u0165uje dlhotrvaj\u00faci v\u00fdkon aj v drsn\u00fdch podmienkach, \u010d\u00edm sa zni\u017euje frekvencia opr\u00e1v a v\u00fdmen.<\/p>\n<p>\u010eal\u0161ou v\u00fdhodou s\u00fa vylep\u0161en\u00e9 bezpe\u010dnostn\u00e9 prvky integrovan\u00e9 do hydraulickej kon\u0161trukcie. Tieto funkcie pom\u00e1haj\u00fa predch\u00e1dza\u0165 pre\u0165a\u017eeniu a zabezpe\u010duj\u00fa bezpe\u010dn\u00fa prev\u00e1dzku, \u010d\u00edm chr\u00e1nia zariadenie aj person\u00e1l po\u010das manipula\u010dn\u00fdch \u00faloh.<\/p>\n<p>Hydraulick\u00fd valec tie\u017e umo\u017e\u0148uje plynul\u00fd chod, \u010do minimalizuje opotrebovanie valca aj samotn\u00e9ho reach stackera. T\u00e1to plynul\u00e1 funk\u010dnos\u0165 zvy\u0161uje produktivitu t\u00fdm, \u017ee umo\u017e\u0148uje r\u00fdchlej\u0161ie procesy nakladania a vykladania.<\/p>\n<p>V\u0161estrannos\u0165 hydraulick\u00e9ho valca navy\u0161e umo\u017e\u0148uje jeho pou\u017eitie v r\u00f4znych modeloch reach stackerov, v\u010faka \u010domu sa d\u00e1 prisp\u00f4sobi\u0165 r\u00f4znym prev\u00e1dzkov\u00fdm potreb\u00e1m a zv\u00fd\u0161i\u0165 jeho vyu\u017eite\u013enos\u0165 pri manipul\u00e1cii s kontajnermi.<\/p>\n<p>N\u00edzke n\u00e1roky na \u00fadr\u017ebu hydraulick\u00e9ho valca napokon prispievaj\u00fa k zn\u00ed\u017eeniu prestojov a prev\u00e1dzkov\u00fdch n\u00e1kladov. Jeho kon\u0161trukcia sa zameriava na spo\u013eahlivos\u0165 a dlh\u00fa \u017eivotnos\u0165, \u010do zabezpe\u010duje efekt\u00edvnu prev\u00e1dzku reach stackerov bez \u010dast\u00fdch preru\u0161en\u00ed.<\/p>\n<p>Stru\u010dne povedan\u00e9, hydraulick\u00fd valec pre reach stackery je nevyhnutn\u00fd pre optimaliz\u00e1ciu efekt\u00edvnosti, bezpe\u010dnosti a spo\u013eahlivosti reach stackerov, \u010d\u00edm sa v\u00fdrazne zvy\u0161uje ich v\u00fdkon pri manipul\u00e1cii s kontajnermi a logistick\u00fdch oper\u00e1ci\u00e1ch.<\/p>\n<p><img loading=\"lazy\" decoding=\"async\" class=\"alignnone  wp-image-795\" src=\"https:\/\/fmp-components.com\/wp-content\/uploads\/2024\/12\/Choose-Reach-Stacker-Steering-Cylinder.webp\" alt=\"Riadiaci valec pre vy\u0165ahovac\u00ed stohova\u010d\" width=\"853\" height=\"443\" title=\"\"><\/p>\n<h3>O FMP<\/h3>\n<p>FMP je \u0161pecializovan\u00e1 spolo\u010dnos\u0165 zaoberaj\u00faca sa stroj\u00e1rskou v\u00fdrobou hydraulick\u00fdch valcov. Od svojho zalo\u017eenia sa spolo\u010dnos\u0165 zameriava na v\u00fdskum a v\u00fdrobu hydraulick\u00fdch technol\u00f3gi\u00ed a \u00faspe\u0161ne pre\u0161la z rozmanit\u00e9ho sortimentu produktov, ktor\u00fd zah\u0155\u0148al zberov\u00e9 a stavebn\u00e9 stroje, na \u0161pecializ\u00e1ciu na komponenty po\u013enohospod\u00e1rskych traktorov. S viac ako desa\u0165ro\u010dn\u00fdmi sk\u00fasenos\u0165ami vo v\u00fdrobe a riaden\u00ed zabezpe\u010duje FMP vysoko kvalitn\u00e9 produkty prostredn\u00edctvom pokro\u010dil\u00fdch v\u00fdrobn\u00fdch techn\u00edk.<\/p>\n<p>Ako sa spolo\u010dnos\u0165 vyv\u00edjala, vyvinula komplexn\u00fa obr\u00e1baciu v\u00fdrobn\u00fa linku, mont\u00e1\u017enu linku a linku na lakovanie. N\u00e1\u0161 t\u00edm pozost\u00e1va zo sk\u00fasen\u00fdch mana\u017e\u00e9rov, sk\u00fasen\u00fdch strojn\u00fdch kon\u0161trukt\u00e9rov a vysoko kvalifikovan\u00fdch technikov, ktor\u00ed spolo\u010dne pracuj\u00fa na udr\u017ean\u00ed stabilnej kvality v\u00fdroby a z\u00e1rove\u0148 efekt\u00edvnej kontrole kontinuity a efektivity procesov.<\/p>\n<p>Spolo\u010dnos\u0165 FMP sa riadi filozofiou \u201eTechnologick\u00e9 inov\u00e1cie poh\u00e1\u0148aj\u00face pokrok, kvalita vytv\u00e1raj\u00faca zna\u010dky, remeseln\u00e9 spracovanie zabezpe\u010duj\u00face kvalitu a budovanie dlhodob\u00fdch obojstranne v\u00fdhodn\u00fdch vz\u0165ahov\u201c. N\u00e1\u0161 z\u00e1v\u00e4zok poskytova\u0165 vysokokvalitn\u00e9 produkty a vynikaj\u00face slu\u017eby z\u00e1kazn\u00edkom zost\u00e1va hlavn\u00fdm cie\u013eom, ke\u010f\u017ee neust\u00e1le uspokojujeme vyv\u00edjaj\u00face sa potreby trhu.<\/p>\n<p><img loading=\"lazy\" decoding=\"async\" class=\"alignnone size-full wp-image-426\" src=\"https:\/\/fmp-components.com\/wp-content\/uploads\/2024\/12\/Sanitation-Machinery-Locking-Hydraulic-Cylinder-factory.webp\" sizes=\"(min-width: 0px) and (max-width: 480px) 480px, (min-width: 481px) and (max-width: 980px) 980px, (min-width: 981px) and (max-width: 1280px) 1280px, (min-width: 1281px) 1414px, 100vw\" srcset=\"https:\/\/fmp-components.com\/wp-content\/uploads\/2024\/12\/Sanitation-Machinery-Locking-Hydraulic-Cylinder-factory.webp 1414w, https:\/\/fmp-components.com\/wp-content\/uploads\/2024\/12\/Sanitation-Machinery-Locking-Hydraulic-Cylinder-factory-1280x529.webp 1280w, https:\/\/fmp-components.com\/wp-content\/uploads\/2024\/12\/Sanitation-Machinery-Locking-Hydraulic-Cylinder-factory-980x405.webp 980w, https:\/\/fmp-components.com\/wp-content\/uploads\/2024\/12\/Sanitation-Machinery-Locking-Hydraulic-Cylinder-factory-480x198.webp 480w\" alt=\"Sanit\u00e1rne stroje, uzamykacie hydraulick\u00e9 valce, tov\u00e1re\u0148\" width=\"1414\" height=\"584\" title=\"\"><\/p>\n<p>Autor: CX<\/p>","protected":false},"excerpt":{"rendered":"<p>Hydraulick\u00fd valec pre reach stacker je d\u00f4le\u017eit\u00fd hydraulick\u00fd komponent navrhnut\u00fd tak, aby poskytoval potrebn\u00fa zdv\u00edhaciu a vys\u00favaciu silu pre v\u00fdlo\u017en\u00edk reach stackera. Tento valec umo\u017e\u0148uje plynul\u00e9 a presn\u00e9 pohyby, ktor\u00e9 umo\u017e\u0148uj\u00fa obsluhe efekt\u00edvne zdv\u00edha\u0165, sp\u00fa\u0161\u0165a\u0165 a vys\u00fava\u0165 ramen\u00e1 reach stackera pre jednoduch\u00fa manipul\u00e1ciu s kontajnermi a \u0165a\u017ek\u00fdmi bremenami. Je vyroben\u00fd z vysokopevnostn\u00fdch materi\u00e1lov a je navrhnut\u00fd tak, aby odolal n\u00e1rokom n\u00e1ro\u010dn\u00fdch oper\u00e1ci\u00ed v logistickom a prepravnom prostred\u00ed, \u010d\u00edm zais\u0165uje odolnos\u0165 a spo\u013eahlivos\u0165. Pokro\u010dil\u00e1 hydraulick\u00e1 kon\u0161trukcia umo\u017e\u0148uje r\u00fdchle nastavenie a lep\u0161iu kontrolu, \u010d\u00edm sa zlep\u0161uje prev\u00e1dzkov\u00e1 efektivita a bezpe\u010dnos\u0165 po\u010das manipul\u00e1cie s kontajnermi. Tento hydraulick\u00fd valec je nevyhnutn\u00fd pre optimaliz\u00e1ciu v\u00fdkonu reach stackerov a v\u00fdznamne prispieva k efekt\u00edvnemu riadeniu n\u00e1kladu v pr\u00edstavoch a skladoch.<\/p>","protected":false},"featured_media":783,"comment_status":"open","ping_status":"closed","template":"","meta":{"_et_pb_use_builder":"","_et_pb_old_content":"","_et_gb_content_width":""},"product_brand":[],"product_cat":[28],"product_tag":[],"class_list":{"0":"post-774","1":"product","2":"type-product","3":"status-publish","4":"has-post-thumbnail","6":"product_cat-offshore-hydraulic-cylinders","8":"first","9":"instock","10":"shipping-taxable","11":"product-type-simple"},"_links":{"self":[{"href":"https:\/\/fmp-components.com\/sk\/wp-json\/wp\/v2\/product\/774","targetHints":{"allow":["GET"]}}],"collection":[{"href":"https:\/\/fmp-components.com\/sk\/wp-json\/wp\/v2\/product"}],"about":[{"href":"https:\/\/fmp-components.com\/sk\/wp-json\/wp\/v2\/types\/product"}],"replies":[{"embeddable":true,"href":"https:\/\/fmp-components.com\/sk\/wp-json\/wp\/v2\/comments?post=774"}],"wp:featuredmedia":[{"embeddable":true,"href":"https:\/\/fmp-components.com\/sk\/wp-json\/wp\/v2\/media\/783"}],"wp:attachment":[{"href":"https:\/\/fmp-components.com\/sk\/wp-json\/wp\/v2\/media?parent=774"}],"wp:term":[{"taxonomy":"product_brand","embeddable":true,"href":"https:\/\/fmp-components.com\/sk\/wp-json\/wp\/v2\/product_brand?post=774"},{"taxonomy":"product_cat","embeddable":true,"href":"https:\/\/fmp-components.com\/sk\/wp-json\/wp\/v2\/product_cat?post=774"},{"taxonomy":"product_tag","embeddable":true,"href":"https:\/\/fmp-components.com\/sk\/wp-json\/wp\/v2\/product_tag?post=774"}],"curies":[{"name":"pracovn\u00fd list","href":"https:\/\/api.w.org\/{rel}","templated":true}]}}