{"id":7727,"date":"2025-04-03T06:15:43","date_gmt":"2025-04-03T06:15:43","guid":{"rendered":"https:\/\/fmp-components.com\/?post_type=product&#038;p=7727"},"modified":"2025-04-03T06:27:46","modified_gmt":"2025-04-03T06:27:46","slug":"planetary-ring-gear","status":"publish","type":"product","link":"https:\/\/fmp-components.com\/sk\/product\/planetary-ring-gear\/","title":{"rendered":"Plan\u00e9tov\u00e9 ozuben\u00e9 koleso"},"content":{"rendered":"<div>\n<h2>Pr\u00e9miov\u00e9 plan\u00e9tov\u00e9 ozuben\u00e9 koles\u00e1 s FMP v Taliansku<\/h2>\n<p class=\"break-words\">Pokia\u013e ide o presn\u00e9 in\u017einierstvo a spo\u013eahliv\u00e9 strojn\u00e9 komponenty, plan\u00e9tov\u00e9 ozuben\u00e9 koleso je k\u013e\u00fa\u010dov\u00fdm prvkom v nespo\u010detn\u00fdch aplik\u00e1ci\u00e1ch, od automobilov\u00fdch syst\u00e9mov a\u017e po priemyseln\u00e9 zariadenia. V spolo\u010dnosti FMP sme hrd\u00ed na to, \u017ee sme popredn\u00fdm v\u00fdrobcom vysokokvalitn\u00fdch plan\u00e9tov\u00fdch ozuben\u00fdch kolies, ktor\u00e9 sl\u00fa\u017eia podnikom a priemyseln\u00fdm odvetviam v celom Taliansku vr\u00e1tane miest ako Mil\u00e1no, Ben\u00e1tky, Florencia a Bologna. N\u00e1\u0161 \u0161irok\u00fd sortiment plan\u00e9tov\u00fdch ozuben\u00fdch kolies je navrhnut\u00fd tak, aby sp\u013a\u0148al r\u00f4zne v\u00fdkonnostn\u00e9 potreby a zabezpe\u010doval odolnos\u0165, \u00fa\u010dinnos\u0165 a bezprobl\u00e9mov\u00fa integr\u00e1ciu do va\u0161ich syst\u00e9mov.<\/p>\n<\/div>\n<h3>\u0160pecifik\u00e1cia<\/h3>\n<table style=\"width: 100%;\" border=\"1\" width=\"100%\" cellspacing=\"0\" cellpadding=\"0\">\n<tbody>\n<tr style=\"height: 30.00pt;\">\n<td class=\"et2\" style=\"height: 30.00pt; width: 48.00pt;\" width=\"80\" height=\"50\">\u010c\u00edslo modelu<\/td>\n<td class=\"et2\" style=\"width: 318.60pt;\" width=\"531\">M3, M4, M5, M8, M12 at\u010f.<\/td>\n<\/tr>\n<tr style=\"height: 30.00pt;\">\n<td class=\"et2\" style=\"height: 30.00pt; width: 48.00pt;\" width=\"80\" height=\"50\">Materi\u00e1l<\/td>\n<td class=\"et2\" style=\"width: 318.60pt;\" width=\"531\">Mosadz, oce\u013e C45, nehrdzavej\u00faca oce\u013e, me\u010f, POM, hlin\u00edk, zliatina at\u010f.<\/td>\n<\/tr>\n<tr style=\"height: 30.00pt;\">\n<td class=\"et2\" style=\"height: 60.00pt; width: 48.00pt;\" rowspan=\"2\" width=\"80\" height=\"100\">Povrchov\u00e1 \u00faprava<\/td>\n<td class=\"et2\" style=\"width: 318.60pt;\" width=\"531\">Pozinkovan\u00e9, poniklovan\u00e9, pasiv\u00e1cia, oxid\u00e1cia, anodiz\u00e1cia,<\/td>\n<\/tr>\n<tr style=\"height: 30.00pt;\">\n<td class=\"et2\" style=\"width: 318.60pt;\" width=\"531\">Geomet, Dacromet, \u010dierny oxid, fosf\u00e1tovanie, pr\u00e1\u0161kov\u00e9 lakovanie a elektrofor\u00e9za<\/td>\n<\/tr>\n<tr style=\"height: 30.00pt;\">\n<td class=\"et2\" style=\"height: 30.00pt; width: 48.00pt;\" width=\"80\" height=\"50\">\u0160tandard<\/td>\n<td class=\"et2\" style=\"width: 318.60pt;\" width=\"531\">ISO, DIN, ANSI, JIS, BS a ne\u0161tandardn\u00e9.<\/td>\n<\/tr>\n<tr style=\"height: 30.00pt;\">\n<td class=\"et2\" style=\"height: 30.00pt; width: 48.00pt;\" width=\"80\" height=\"50\">Presnos\u0165<\/td>\n<td class=\"et2\" style=\"width: 318.60pt;\" width=\"531\">DIN6, DIN7, DIN8, DIN9.<\/td>\n<\/tr>\n<tr style=\"height: 45.00pt;\">\n<td class=\"et2\" style=\"height: 45.00pt; width: 48.00pt;\" width=\"80\" height=\"75\">O\u0161etrenie zubov<\/td>\n<td class=\"et2\" style=\"width: 318.60pt;\" width=\"531\">Kalen\u00e9, fr\u00e9zovan\u00e9 alebo br\u00fasen\u00e9<\/td>\n<\/tr>\n<tr style=\"height: 30.00pt;\">\n<td class=\"et2\" style=\"height: 30.00pt; width: 48.00pt;\" width=\"80\" height=\"50\">Tolerancia<\/td>\n<td class=\"et2\" style=\"width: 318.60pt;\" width=\"531\">0,001 mm \u2013 0,01 mm \u2013 0,1 mm<\/td>\n<\/tr>\n<tr style=\"height: 30.00pt;\">\n<td class=\"et2\" style=\"height: 30.00pt; width: 48.00pt;\" width=\"80\" height=\"50\">Dokon\u010di\u0165<\/td>\n<td class=\"et2\" style=\"width: 318.60pt;\" width=\"531\">pieskovanie\/brokovanie, tepeln\u00e9 spracovanie, \u017e\u00edhanie, pop\u00fa\u0161\u0165anie, le\u0161tenie, eloxovanie, pozinkovanie<\/td>\n<\/tr>\n<tr style=\"height: 30.00pt;\">\n<td class=\"et2\" style=\"height: 30.00pt; width: 48.00pt;\" width=\"80\" height=\"50\">Balenie vec\u00ed<\/td>\n<td class=\"et2\" style=\"width: 318.60pt;\" width=\"531\">Plastov\u00e9 vrecko + kart\u00f3ny alebo dreven\u00e9 balenie<\/td>\n<\/tr>\n<tr style=\"height: 15.00pt;\">\n<td class=\"et2\" style=\"height: 30.00pt; width: 48.00pt;\" rowspan=\"2\" width=\"80\" height=\"50\">Vzorky<\/td>\n<td class=\"et2\" style=\"width: 318.60pt;\" width=\"531\">Vzorov\u00e9 cenov\u00e9 rozp\u00e4tie od $2 do $100.<\/td>\n<\/tr>\n<tr style=\"height: 15.00pt;\">\n<td class=\"et2\" style=\"width: 318.60pt;\" width=\"531\">vzor expresnej po\u017eiadavky platenej klientmi<\/td>\n<\/tr>\n<tr style=\"height: 15.00pt;\">\n<td class=\"et2\" style=\"height: 135.00pt; width: 48.00pt;\" rowspan=\"8\" width=\"80\" height=\"225\">Aplik\u00e1cia<\/td>\n<td class=\"et2\" style=\"width: 318.60pt;\" width=\"531\">1. Automatick\u00fd riadiaci stroj<\/td>\n<\/tr>\n<tr style=\"height: 15.00pt;\">\n<td class=\"et2\" style=\"width: 318.60pt;\" width=\"531\">2. Polovodi\u010dov\u00fd priemysel<\/td>\n<\/tr>\n<tr style=\"height: 15.00pt;\">\n<td class=\"et2\" style=\"width: 318.60pt;\" width=\"531\">3. V\u0161eobecn\u00e9 priemyseln\u00e9 stroje<\/td>\n<\/tr>\n<tr style=\"height: 15.00pt;\">\n<td class=\"et2\" style=\"width: 318.60pt;\" width=\"531\">4. Zdravotn\u00edcke vybavenie<\/td>\n<\/tr>\n<tr style=\"height: 15.00pt;\">\n<td class=\"et2\" style=\"width: 318.60pt;\" width=\"531\">5. Zariadenia na sol\u00e1rnu energiu<\/td>\n<\/tr>\n<tr style=\"height: 15.00pt;\">\n<td class=\"et2\" style=\"width: 318.60pt;\" width=\"531\">6. Obr\u00e1bac\u00ed stroj<\/td>\n<\/tr>\n<tr style=\"height: 15.00pt;\">\n<td class=\"et2\" style=\"width: 318.60pt;\" width=\"531\">7. Parkovac\u00ed syst\u00e9m<\/td>\n<\/tr>\n<tr style=\"height: 30.00pt;\">\n<td class=\"et2\" style=\"width: 318.60pt;\" width=\"531\">8. Zariadenia pre vysokor\u00fdchlostn\u00fa \u017eelezni\u010dn\u00fa a leteck\u00fa dopravu at\u010f.<\/td>\n<\/tr>\n<\/tbody>\n<\/table>\n<div>\n<h4>Pre\u010do si vybra\u0165 FMP pre plan\u00e9tov\u00e9 ozuben\u00e9 koles\u00e1?<\/h4>\n<p class=\"break-words\">Spolo\u010dnos\u0165 FMP so s\u00eddlom v srdci Talianska sa \u0161pecializuje na v\u00fdrobu r\u00f4znych typov plan\u00e9tov\u00fdch ozuben\u00fdch kolies prisp\u00f4soben\u00fdch va\u0161im \u0161pecifick\u00fdm po\u017eiadavk\u00e1m. \u010ci u\u017e h\u013ead\u00e1te komponenty pre pokro\u010dil\u00fa v\u00fdrobu v Mil\u00e1ne, pracujete v Ben\u00e1tkach na projektoch n\u00e1morn\u00e9ho in\u017einierstva vo Florencii a vylep\u0161ujete automatiza\u010dn\u00e9 syst\u00e9my alebo v Bologni modernizujete automobilov\u00e9 dizajny, m\u00e1me pre v\u00e1s v\u0161etko. Na\u0161e produkty s\u00fa vyroben\u00e9 s presnos\u0165ou a skon\u0161truovan\u00e9 tak, aby odolali t\u00fdm naj\u0165a\u017e\u0161\u00edm podmienkam, v\u010faka \u010domu s\u00fa \u0161pi\u010dkovou vo\u013ebou pre taliansky priemysel.<\/p>\n<p class=\"break-words\">Okrem na\u0161ej \u0161tandardnej ponuky poskytujeme aj plan\u00e9tov\u00e9 ozuben\u00e9 koles\u00e1 na mieru, ktor\u00e9 zodpovedaj\u00fa va\u0161im jedine\u010dn\u00fdm \u0161pecifik\u00e1ci\u00e1m. V spolo\u010dnosti FMP ch\u00e1peme, \u017ee ka\u017ed\u00fd projekt je in\u00fd, a n\u00e1\u0161 t\u00edm sk\u00fasen\u00fdch in\u017einierov je pripraven\u00fd s vami spolupracova\u0165 na vytvoren\u00ed dokonal\u00e9ho rie\u0161enia. Od v\u00fdberu materi\u00e1lu a\u017e po dimenzovanie ozuben\u00e9ho kolesa zabezpe\u010dujeme, aby va\u0161e ozuben\u00e9 koleso na mieru bezchybne fungovalo vo va\u0161ej aplik\u00e1cii.<\/p>\n<\/div>\n<table style=\"width: 99.375%; height: 49px;\" border=\"0\" width=\"240\" cellspacing=\"0\" cellpadding=\"0\">\n<tbody>\n<tr>\n<td width=\"80\" height=\"24\">\u00a0\u00a0<img loading=\"lazy\" decoding=\"async\" class=\"size-full wp-image-7731 aligncenter\" src=\"https:\/\/fmp-components.com\/wp-content\/uploads\/2025\/04\/Internal-Spur-Gear-Rings-3.webp\" alt=\"Vn\u00fatorn\u00e9 ozuben\u00e9 kr\u00fa\u017eky s \u010deln\u00fdmi ozuben\u00fdmi kolesami\" width=\"600\" height=\"600\" title=\"\" srcset=\"https:\/\/fmp-components.com\/wp-content\/uploads\/2025\/04\/Internal-Spur-Gear-Rings-3.webp 600w, https:\/\/fmp-components.com\/wp-content\/uploads\/2025\/04\/Internal-Spur-Gear-Rings-3-480x480.webp 480w\" sizes=\"(min-width: 0px) and (max-width: 480px) 480px, (min-width: 481px) 600px, 100vw\" \/><\/td>\n<td width=\"80\"><img loading=\"lazy\" decoding=\"async\" class=\"size-full wp-image-7729 aligncenter\" src=\"https:\/\/fmp-components.com\/wp-content\/uploads\/2025\/04\/Internal-Spur-Gear-Rings-1.webp\" alt=\"Vn\u00fatorn\u00e9 ozuben\u00e9 kr\u00fa\u017eky s \u010deln\u00fdmi ozuben\u00fdmi kolesami\" width=\"600\" height=\"600\" title=\"\" srcset=\"https:\/\/fmp-components.com\/wp-content\/uploads\/2025\/04\/Internal-Spur-Gear-Rings-1.webp 600w, https:\/\/fmp-components.com\/wp-content\/uploads\/2025\/04\/Internal-Spur-Gear-Rings-1-480x480.webp 480w\" sizes=\"(min-width: 0px) and (max-width: 480px) 480px, (min-width: 481px) 600px, 100vw\" \/><\/td>\n<td width=\"80\"><strong><img loading=\"lazy\" decoding=\"async\" class=\"size-full wp-image-7730 aligncenter\" src=\"https:\/\/fmp-components.com\/wp-content\/uploads\/2025\/04\/Internal-Spur-Gear-Rings-4.webp\" alt=\"Vn\u00fatorn\u00e9 ozuben\u00e9 kr\u00fa\u017eky s \u010deln\u00fdmi ozuben\u00fdmi kolesami\" width=\"1024\" height=\"1024\" title=\"\" srcset=\"https:\/\/fmp-components.com\/wp-content\/uploads\/2025\/04\/Internal-Spur-Gear-Rings-4.webp 1024w, https:\/\/fmp-components.com\/wp-content\/uploads\/2025\/04\/Internal-Spur-Gear-Rings-4-980x980.webp 980w, https:\/\/fmp-components.com\/wp-content\/uploads\/2025\/04\/Internal-Spur-Gear-Rings-4-480x480.webp 480w\" sizes=\"(min-width: 0px) and (max-width: 480px) 480px, (min-width: 481px) and (max-width: 980px) 980px, (min-width: 981px) 1024px, 100vw\" \/><\/strong><\/td>\n<\/tr>\n<\/tbody>\n<\/table>\n<p>&nbsp;<\/p>","protected":false},"excerpt":{"rendered":"<p>Premium Planetary Ring Gears with FMP in Italy When it comes to precision engineering and reliable machinery components, a planetary ring gear is a critical element in countless applications, from automotive systems to industrial equipment. At FMP, we take pride in being a leading manufacturer of high-quality planetary ring gears, serving businesses and industries across [&hellip;]<\/p>","protected":false},"featured_media":7729,"comment_status":"open","ping_status":"closed","template":"","meta":{"_et_pb_use_builder":"","_et_pb_old_content":"","_et_gb_content_width":""},"product_brand":[],"product_cat":[113],"product_tag":[],"class_list":{"0":"post-7727","1":"product","2":"type-product","3":"status-publish","4":"has-post-thumbnail","6":"product_cat-planetary-gear","8":"first","9":"instock","10":"shipping-taxable","11":"product-type-simple"},"_links":{"self":[{"href":"https:\/\/fmp-components.com\/sk\/wp-json\/wp\/v2\/product\/7727","targetHints":{"allow":["GET"]}}],"collection":[{"href":"https:\/\/fmp-components.com\/sk\/wp-json\/wp\/v2\/product"}],"about":[{"href":"https:\/\/fmp-components.com\/sk\/wp-json\/wp\/v2\/types\/product"}],"replies":[{"embeddable":true,"href":"https:\/\/fmp-components.com\/sk\/wp-json\/wp\/v2\/comments?post=7727"}],"wp:featuredmedia":[{"embeddable":true,"href":"https:\/\/fmp-components.com\/sk\/wp-json\/wp\/v2\/media\/7729"}],"wp:attachment":[{"href":"https:\/\/fmp-components.com\/sk\/wp-json\/wp\/v2\/media?parent=7727"}],"wp:term":[{"taxonomy":"product_brand","embeddable":true,"href":"https:\/\/fmp-components.com\/sk\/wp-json\/wp\/v2\/product_brand?post=7727"},{"taxonomy":"product_cat","embeddable":true,"href":"https:\/\/fmp-components.com\/sk\/wp-json\/wp\/v2\/product_cat?post=7727"},{"taxonomy":"product_tag","embeddable":true,"href":"https:\/\/fmp-components.com\/sk\/wp-json\/wp\/v2\/product_tag?post=7727"}],"curies":[{"name":"pracovn\u00fd list","href":"https:\/\/api.w.org\/{rel}","templated":true}]}}