{"id":7722,"date":"2025-04-03T06:11:33","date_gmt":"2025-04-03T06:11:33","guid":{"rendered":"https:\/\/fmp-components.com\/?post_type=product&#038;p=7722"},"modified":"2025-04-03T06:11:33","modified_gmt":"2025-04-03T06:11:33","slug":"internal-planetary-gear-kit","status":"publish","type":"product","link":"https:\/\/fmp-components.com\/sk\/product\/internal-planetary-gear-kit\/","title":{"rendered":"S\u00faprava vn\u00fatorn\u00fdch plan\u00e9tov\u00fdch prevodov"},"content":{"rendered":"<p>Vn\u00fatorn\u00e1 plan\u00e9tov\u00e1 s\u00faprava je kompaktn\u00fd mechanick\u00fd syst\u00e9m pozost\u00e1vaj\u00faci z centr\u00e1lneho centr\u00e1lneho kolesa, okolit\u00fdch plan\u00e9tov\u00fdch kolies a vonkaj\u0161ieho ozuben\u00e9ho kolesa, ur\u010den\u00fd na efekt\u00edvny prenos kr\u00fatiaceho momentu a nastavenie r\u00fdchlosti v strojoch, ako s\u00fa prevodovky alebo motory.<\/p>\n<h2>\u0160pecifik\u00e1cia<\/h2>\n<table style=\"width: 100%;\" border=\"1\" width=\"100%\" cellspacing=\"0\" cellpadding=\"0\">\n<tbody>\n<tr style=\"height: 30.00pt;\">\n<td class=\"et2\" style=\"height: 30.00pt; width: 48.00pt;\" width=\"80\" height=\"50\">\u010c\u00edslo modelu<\/td>\n<td class=\"et2\" style=\"width: 318.60pt;\" width=\"531\">M3, M4, M5, M8, M12 at\u010f.<\/td>\n<\/tr>\n<tr style=\"height: 30.00pt;\">\n<td class=\"et2\" style=\"height: 30.00pt; width: 48.00pt;\" width=\"80\" height=\"50\">Materi\u00e1l<\/td>\n<td class=\"et2\" style=\"width: 318.60pt;\" width=\"531\">Mosadz, oce\u013e C45, nehrdzavej\u00faca oce\u013e, me\u010f, POM, hlin\u00edk, zliatina at\u010f.<\/td>\n<\/tr>\n<tr style=\"height: 30.00pt;\">\n<td class=\"et2\" style=\"height: 60.00pt; width: 48.00pt;\" rowspan=\"2\" width=\"80\" height=\"100\">Povrchov\u00e1 \u00faprava<\/td>\n<td class=\"et2\" style=\"width: 318.60pt;\" width=\"531\">Pozinkovan\u00e9, poniklovan\u00e9, pasiv\u00e1cia, oxid\u00e1cia, anodiz\u00e1cia,<\/td>\n<\/tr>\n<tr style=\"height: 30.00pt;\">\n<td class=\"et2\" style=\"width: 318.60pt;\" width=\"531\">Geomet, Dacromet, \u010dierny oxid, fosf\u00e1tovanie, pr\u00e1\u0161kov\u00e9 lakovanie a elektrofor\u00e9za<\/td>\n<\/tr>\n<tr style=\"height: 30.00pt;\">\n<td class=\"et2\" style=\"height: 30.00pt; width: 48.00pt;\" width=\"80\" height=\"50\">\u0160tandard<\/td>\n<td class=\"et2\" style=\"width: 318.60pt;\" width=\"531\">ISO, DIN, ANSI, JIS, BS a ne\u0161tandardn\u00e9.<\/td>\n<\/tr>\n<tr style=\"height: 30.00pt;\">\n<td class=\"et2\" style=\"height: 30.00pt; width: 48.00pt;\" width=\"80\" height=\"50\">Presnos\u0165<\/td>\n<td class=\"et2\" style=\"width: 318.60pt;\" width=\"531\">DIN6, DIN7, DIN8, DIN9.<\/td>\n<\/tr>\n<tr style=\"height: 45.00pt;\">\n<td class=\"et2\" style=\"height: 45.00pt; width: 48.00pt;\" width=\"80\" height=\"75\">O\u0161etrenie zubov<\/td>\n<td class=\"et2\" style=\"width: 318.60pt;\" width=\"531\">Kalen\u00e9, fr\u00e9zovan\u00e9 alebo br\u00fasen\u00e9<\/td>\n<\/tr>\n<tr style=\"height: 30.00pt;\">\n<td class=\"et2\" style=\"height: 30.00pt; width: 48.00pt;\" width=\"80\" height=\"50\">Tolerancia<\/td>\n<td class=\"et2\" style=\"width: 318.60pt;\" width=\"531\">0,001 mm \u2013 0,01 mm \u2013 0,1 mm<\/td>\n<\/tr>\n<tr style=\"height: 30.00pt;\">\n<td class=\"et2\" style=\"height: 30.00pt; width: 48.00pt;\" width=\"80\" height=\"50\">Dokon\u010di\u0165<\/td>\n<td class=\"et2\" style=\"width: 318.60pt;\" width=\"531\">pieskovanie\/brokovanie, tepeln\u00e9 spracovanie, \u017e\u00edhanie, pop\u00fa\u0161\u0165anie, le\u0161tenie, eloxovanie, pozinkovanie<\/td>\n<\/tr>\n<tr style=\"height: 30.00pt;\">\n<td class=\"et2\" style=\"height: 30.00pt; width: 48.00pt;\" width=\"80\" height=\"50\">Balenie vec\u00ed<\/td>\n<td class=\"et2\" style=\"width: 318.60pt;\" width=\"531\">Plastov\u00e9 vrecko + kart\u00f3ny alebo dreven\u00e9 balenie<\/td>\n<\/tr>\n<tr style=\"height: 15.00pt;\">\n<td class=\"et2\" style=\"height: 30.00pt; width: 48.00pt;\" rowspan=\"2\" width=\"80\" height=\"50\">Vzorky<\/td>\n<td class=\"et2\" style=\"width: 318.60pt;\" width=\"531\">Vzorov\u00e9 cenov\u00e9 rozp\u00e4tie od $2 do $100.<\/td>\n<\/tr>\n<tr style=\"height: 15.00pt;\">\n<td class=\"et2\" style=\"width: 318.60pt;\" width=\"531\">vzor expresnej po\u017eiadavky platenej klientmi<\/td>\n<\/tr>\n<tr style=\"height: 15.00pt;\">\n<td class=\"et2\" style=\"height: 135.00pt; width: 48.00pt;\" rowspan=\"8\" width=\"80\" height=\"225\">Aplik\u00e1cia<\/td>\n<td class=\"et2\" style=\"width: 318.60pt;\" width=\"531\">1. Automatick\u00fd riadiaci stroj<\/td>\n<\/tr>\n<tr style=\"height: 15.00pt;\">\n<td class=\"et2\" style=\"width: 318.60pt;\" width=\"531\">2. Polovodi\u010dov\u00fd priemysel<\/td>\n<\/tr>\n<tr style=\"height: 15.00pt;\">\n<td class=\"et2\" style=\"width: 318.60pt;\" width=\"531\">3. V\u0161eobecn\u00e9 priemyseln\u00e9 stroje<\/td>\n<\/tr>\n<tr style=\"height: 15.00pt;\">\n<td class=\"et2\" style=\"width: 318.60pt;\" width=\"531\">4. Zdravotn\u00edcke vybavenie<\/td>\n<\/tr>\n<tr style=\"height: 15.00pt;\">\n<td class=\"et2\" style=\"width: 318.60pt;\" width=\"531\">5. Zariadenia na sol\u00e1rnu energiu<\/td>\n<\/tr>\n<tr style=\"height: 15.00pt;\">\n<td class=\"et2\" style=\"width: 318.60pt;\" width=\"531\">6. Obr\u00e1bac\u00ed stroj<\/td>\n<\/tr>\n<tr style=\"height: 15.00pt;\">\n<td class=\"et2\" style=\"width: 318.60pt;\" width=\"531\">7. Parkovac\u00ed syst\u00e9m<\/td>\n<\/tr>\n<tr style=\"height: 30.00pt;\">\n<td class=\"et2\" style=\"width: 318.60pt;\" width=\"531\">8. Zariadenia pre vysokor\u00fdchlostn\u00fa \u017eelezni\u010dn\u00fa a leteck\u00fa dopravu at\u010f.<\/td>\n<\/tr>\n<\/tbody>\n<\/table>\n<h2>O FMP<\/h2>\n<p>V spolo\u010dnosti FMP sa \u0161pecializujeme na v\u00fdrobu \u0161irokej \u0161k\u00e1ly s\u00faprav plan\u00e9tov\u00fdch prevodov, ktor\u00e9 s\u00fa navrhnut\u00e9 tak, aby poskytovali v\u00fdnimo\u010dn\u00fd kr\u00fatiaci moment a presnos\u0165 pre r\u00f4zne priemyseln\u00e9 aplik\u00e1cie. \u010ci u\u017e ste v Mil\u00e1ne, Ben\u00e1tkach, Florencii alebo Bologni, na\u0161e produkty uspokoja rozmanit\u00e9 potreby, od \u0161tandardn\u00fdch modelov a\u017e po plne prisp\u00f4soben\u00e9 rie\u0161enia. Ako popredn\u00fd dod\u00e1vate\u013e so s\u00eddlom v Taliansku sme hrd\u00ed na to, \u017ee pon\u00fakame mo\u017enosti na mieru, ktor\u00e9 sp\u013a\u0148aj\u00fa va\u0161e \u0161pecifick\u00e9 po\u017eiadavky. Ak v na\u0161om zozname produktov nen\u00e1jdete presn\u00fd model, ktor\u00fd potrebujete, nebojte sa! Mo\u017eno e\u0161te nie je nahran\u00fd. Jednoducho n\u00e1m po\u0161lite e-mail s va\u0161imi po\u017eiadavkami a na\u0161i odborn\u00ed technici v\u00e1m do 24 hod\u00edn odpovedia s rie\u0161en\u00edm vytvoren\u00fdm \u0161peci\u00e1lne pre v\u00e1s.<\/p>\n<table style=\"width: 101%; height: 98px;\" border=\"0\" width=\"240\" cellspacing=\"0\" cellpadding=\"0\">\n<tbody>\n<tr>\n<td width=\"80\" height=\"24\"><img loading=\"lazy\" decoding=\"async\" class=\"size-full wp-image-7726 aligncenter\" src=\"https:\/\/fmp-components.com\/wp-content\/uploads\/2025\/04\/planetary-gear-set-kit-1.webp\" alt=\"s\u00faprava-plan\u00e9tov\u00fdch-prevodov\" width=\"1024\" height=\"1024\" title=\"\" srcset=\"https:\/\/fmp-components.com\/wp-content\/uploads\/2025\/04\/planetary-gear-set-kit-1.webp 1024w, https:\/\/fmp-components.com\/wp-content\/uploads\/2025\/04\/planetary-gear-set-kit-1-980x980.webp 980w, https:\/\/fmp-components.com\/wp-content\/uploads\/2025\/04\/planetary-gear-set-kit-1-480x480.webp 480w\" sizes=\"(min-width: 0px) and (max-width: 480px) 480px, (min-width: 481px) and (max-width: 980px) 980px, (min-width: 981px) 1024px, 100vw\" \/><\/td>\n<td width=\"80\"><img loading=\"lazy\" decoding=\"async\" class=\"size-full wp-image-7725 aligncenter\" src=\"https:\/\/fmp-components.com\/wp-content\/uploads\/2025\/04\/planetary-gear-set-kit-3.webp\" alt=\"s\u00faprava-plan\u00e9tov\u00fdch-prevodov\" width=\"1024\" height=\"1024\" title=\"\" srcset=\"https:\/\/fmp-components.com\/wp-content\/uploads\/2025\/04\/planetary-gear-set-kit-3.webp 1024w, https:\/\/fmp-components.com\/wp-content\/uploads\/2025\/04\/planetary-gear-set-kit-3-980x980.webp 980w, https:\/\/fmp-components.com\/wp-content\/uploads\/2025\/04\/planetary-gear-set-kit-3-480x480.webp 480w\" sizes=\"(min-width: 0px) and (max-width: 480px) 480px, (min-width: 481px) and (max-width: 980px) 980px, (min-width: 981px) 1024px, 100vw\" \/><\/td>\n<td width=\"80\"><strong><img loading=\"lazy\" decoding=\"async\" class=\"size-full wp-image-7724 aligncenter\" src=\"https:\/\/fmp-components.com\/wp-content\/uploads\/2025\/04\/planetary-gear-set-kit-2.webp\" alt=\"s\u00faprava-plan\u00e9tov\u00fdch-prevodov\" width=\"1024\" height=\"1024\" title=\"\" srcset=\"https:\/\/fmp-components.com\/wp-content\/uploads\/2025\/04\/planetary-gear-set-kit-2.webp 1024w, https:\/\/fmp-components.com\/wp-content\/uploads\/2025\/04\/planetary-gear-set-kit-2-980x980.webp 980w, https:\/\/fmp-components.com\/wp-content\/uploads\/2025\/04\/planetary-gear-set-kit-2-480x480.webp 480w\" sizes=\"(min-width: 0px) and (max-width: 480px) 480px, (min-width: 481px) and (max-width: 980px) 980px, (min-width: 981px) 1024px, 100vw\" \/><\/strong><\/td>\n<\/tr>\n<\/tbody>\n<\/table>","protected":false},"excerpt":{"rendered":"<p>S\u00faprava vn\u00fatorn\u00e9ho plan\u00e9tov\u00e9ho prevodu je kompaktn\u00fd mechanick\u00fd syst\u00e9m pozost\u00e1vaj\u00faci z centr\u00e1lneho centr\u00e1lneho kolesa, okolit\u00fdch plan\u00e9tov\u00fdch kolies a vonkaj\u0161ieho ozuben\u00e9ho kolesa, ur\u010den\u00fd na efekt\u00edvny prenos kr\u00fatiaceho momentu a nastavenie r\u00fdchlosti v strojoch, ako s\u00fa prevodovky alebo motory. \u0160pecifik\u00e1cia \u010c\u00edslo modelu M3, M4, M5, M8, M12 at\u010f. Materi\u00e1l Mosadz, oce\u013e C45, nehrdzavej\u00faca oce\u013e, me\u010f, POM, hlin\u00edk, zliatina a [\u2026]<\/p>","protected":false},"featured_media":7725,"comment_status":"open","ping_status":"closed","template":"","meta":{"_et_pb_use_builder":"","_et_pb_old_content":"","_et_gb_content_width":""},"product_brand":[],"product_cat":[113],"product_tag":[],"class_list":{"0":"post-7722","1":"product","2":"type-product","3":"status-publish","4":"has-post-thumbnail","6":"product_cat-planetary-gear","8":"first","9":"instock","10":"shipping-taxable","11":"product-type-simple"},"_links":{"self":[{"href":"https:\/\/fmp-components.com\/sk\/wp-json\/wp\/v2\/product\/7722","targetHints":{"allow":["GET"]}}],"collection":[{"href":"https:\/\/fmp-components.com\/sk\/wp-json\/wp\/v2\/product"}],"about":[{"href":"https:\/\/fmp-components.com\/sk\/wp-json\/wp\/v2\/types\/product"}],"replies":[{"embeddable":true,"href":"https:\/\/fmp-components.com\/sk\/wp-json\/wp\/v2\/comments?post=7722"}],"wp:featuredmedia":[{"embeddable":true,"href":"https:\/\/fmp-components.com\/sk\/wp-json\/wp\/v2\/media\/7725"}],"wp:attachment":[{"href":"https:\/\/fmp-components.com\/sk\/wp-json\/wp\/v2\/media?parent=7722"}],"wp:term":[{"taxonomy":"product_brand","embeddable":true,"href":"https:\/\/fmp-components.com\/sk\/wp-json\/wp\/v2\/product_brand?post=7722"},{"taxonomy":"product_cat","embeddable":true,"href":"https:\/\/fmp-components.com\/sk\/wp-json\/wp\/v2\/product_cat?post=7722"},{"taxonomy":"product_tag","embeddable":true,"href":"https:\/\/fmp-components.com\/sk\/wp-json\/wp\/v2\/product_tag?post=7722"}],"curies":[{"name":"pracovn\u00fd list","href":"https:\/\/api.w.org\/{rel}","templated":true}]}}