{"id":7721,"date":"2025-04-03T05:48:55","date_gmt":"2025-04-03T05:48:55","guid":{"rendered":"https:\/\/fmp-components.com\/?post_type=product&#038;p=7721"},"modified":"2025-04-03T05:54:27","modified_gmt":"2025-04-03T05:54:27","slug":"internal-planetary-gear","status":"publish","type":"product","link":"https:\/\/fmp-components.com\/sk\/product\/internal-planetary-gear\/","title":{"rendered":"Vn\u00fatorn\u00fd plan\u00e9tov\u00fd prevod"},"content":{"rendered":"<h2>Vn\u00fatorn\u00e9 plan\u00e9tov\u00e9 prevody: Presnos\u0165 a v\u00fdkon od FMP<\/h2>\n<p>Vn\u00fatorn\u00e9 plan\u00e9tov\u00e9 prevody, d\u00f4le\u017eit\u00e1 s\u00fa\u010das\u0165 mechanizmov plan\u00e9tov\u00fdch prevodov, s\u00fa zn\u00e1me svojou schopnos\u0165ou poskytova\u0165 vysok\u00fd kr\u00fatiaci moment a presn\u00e9 zn\u00ed\u017eenie r\u00fdchlosti v kompaktn\u00fdch kon\u0161trukci\u00e1ch. Tieto syst\u00e9my sa vyzna\u010duj\u00fa centr\u00e1lnym kolesom, obe\u017en\u00fdmi plan\u00e9tov\u00fdmi kolesami a vn\u00fatorn\u00fdm ozuben\u00fdm vencem, ktor\u00e9 vn\u00fatorne zaber\u00e1 s plan\u00e9tov\u00fdmi kolesami. T\u00e1to jedine\u010dn\u00e1 konfigur\u00e1cia rob\u00ed vn\u00fatorn\u00e9 plan\u00e9tov\u00e9 prevody nevyhnutn\u00fdmi pre priemyseln\u00e9 odvetvia v celom Taliansku, od automobilov\u00fdch dieln\u00ed v Mil\u00e1ne a\u017e po stroj\u00e1rske centr\u00e1 v Bologni. V spolo\u010dnosti FMP sa \u0161pecializujeme na v\u00fdrobu t\u00fdchto pokro\u010dil\u00fdch prevodov\u00fdch syst\u00e9mov a pon\u00fakame rie\u0161enia na mieru, ktor\u00e9 sp\u013a\u0148aj\u00fa rozmanit\u00e9 potreby na\u0161ich klientov.<\/p>\n<div>\n<h3>\u010co s\u00fa to vn\u00fatorn\u00e9 plan\u00e9tov\u00e9 prevody?<\/h3>\n<p class=\"break-words\">Vn\u00fatorn\u00fd plan\u00e9tov\u00fd prevodov\u00fd syst\u00e9m pozost\u00e1va z:<\/p>\n<ul class=\"marker:text-secondary\">\n<li class=\"break-words\"><strong>Slne\u010dn\u00e9 vybavenie<\/strong>Centr\u00e1lne ozuben\u00e9 koleso, ktor\u00e9 poh\u00e1\u0148a mechanizmus.<\/li>\n<li class=\"break-words\"><strong>Plan\u00e9tov\u00e9 prevody<\/strong>Ozuben\u00e9 koles\u00e1 obiehaj\u00face okolo centr\u00e1lneho kolesa, spojen\u00e9 un\u00e1\u0161a\u010dom.<\/li>\n<li class=\"break-words\"><strong>Vn\u00fatorn\u00e9 ozuben\u00e9 koleso (veje\u010dn\u00e9 ozuben\u00e9 koleso)<\/strong>Ozuben\u00e9 koleso so zubami na vn\u00fatornom povrchu, ktor\u00e9 zaber\u00e1 s plan\u00e9tov\u00fdmi kolesami.<\/li>\n<\/ul>\n<p class=\"break-words\">Na rozdiel od syst\u00e9mov s vonkaj\u0161\u00edm ozuben\u00fdm kolesom umo\u017e\u0148uje kon\u0161trukcia s vn\u00fatorn\u00fdm ozuben\u00fdm kolesom vy\u0161\u0161ie reduk\u010dn\u00e9 pomery na men\u0161om p\u00f4doryse, v\u010faka \u010domu je ide\u00e1lna pre aplik\u00e1cie, ktor\u00e9 vy\u017eaduj\u00fa energetick\u00fa a priestorov\u00fa \u00fa\u010dinnos\u0165. Upevnen\u00edm r\u00f4znych komponentov (ako je vn\u00fatorn\u00fd ozuben\u00fd koleso alebo nosi\u010d) m\u00f4\u017ee syst\u00e9m dosiahnu\u0165 r\u00f4zne reduk\u010dn\u00e9 pomery, \u010do poskytuje flexibilitu in\u017einierom na celom svete.<\/p>\n<\/div>\n<h3>\u0160pecifik\u00e1cia<\/h3>\n<table style=\"width: 100%;\" border=\"1\" width=\"100%\" cellspacing=\"0\" cellpadding=\"0\">\n<tbody>\n<tr>\n<td width=\"80\">\u010c\u00edslo modelu<\/td>\n<td width=\"531\">M3, M4, M5, M8, M12 at\u010f.<\/td>\n<\/tr>\n<tr>\n<td width=\"80\">Materi\u00e1l<\/td>\n<td width=\"531\">Mosadz, oce\u013e C45, nehrdzavej\u00faca oce\u013e, me\u010f, POM, hlin\u00edk, zliatina at\u010f.<\/td>\n<\/tr>\n<tr>\n<td rowspan=\"2\" width=\"80\">Povrchov\u00e1 \u00faprava<\/td>\n<td width=\"531\">Pozinkovan\u00e9, poniklovan\u00e9, pasiv\u00e1cia, oxid\u00e1cia, anodiz\u00e1cia,<\/td>\n<\/tr>\n<tr>\n<td width=\"531\">Geomet, Dacromet, \u010dierny oxid, fosf\u00e1tovanie, pr\u00e1\u0161kov\u00e9 lakovanie a elektrofor\u00e9za<\/td>\n<\/tr>\n<tr>\n<td width=\"80\">\u0160tandard<\/td>\n<td width=\"531\">ISO, DIN, ANSI, JIS, BS a ne\u0161tandardn\u00e9.<\/td>\n<\/tr>\n<tr>\n<td width=\"80\">Presnos\u0165<\/td>\n<td width=\"531\">DIN6, DIN7, DIN8, DIN9.<\/td>\n<\/tr>\n<tr>\n<td width=\"80\">O\u0161etrenie zubov<\/td>\n<td width=\"531\">Kalen\u00e9, fr\u00e9zovan\u00e9 alebo br\u00fasen\u00e9<\/td>\n<\/tr>\n<tr>\n<td width=\"80\">Tolerancia<\/td>\n<td width=\"531\">0,001 mm \u2013 0,01 mm \u2013 0,1 mm<\/td>\n<\/tr>\n<tr>\n<td width=\"80\">Dokon\u010di\u0165<\/td>\n<td width=\"531\">pieskovanie\/brokovanie, tepeln\u00e9 spracovanie, \u017e\u00edhanie, pop\u00fa\u0161\u0165anie, le\u0161tenie, eloxovanie, pozinkovanie<\/td>\n<\/tr>\n<tr>\n<td width=\"80\">Balenie vec\u00ed<\/td>\n<td width=\"531\">Plastov\u00e9 vrecko + kart\u00f3ny alebo dreven\u00e9 balenie<\/td>\n<\/tr>\n<tr>\n<td width=\"80\">Dodacia lehota v\u00fdroby<\/td>\n<td width=\"531\">20 pracovn\u00fdch dn\u00ed pre vzorku, 25 dn\u00ed pre hromadn\u00e9 balenie<\/td>\n<\/tr>\n<tr>\n<td rowspan=\"8\" width=\"80\">Aplik\u00e1cia<\/td>\n<td width=\"531\">1. Automatick\u00fd riadiaci stroj<\/td>\n<\/tr>\n<tr>\n<td width=\"531\">2. Polovodi\u010dov\u00fd priemysel<\/td>\n<\/tr>\n<tr>\n<td width=\"531\">3. V\u0161eobecn\u00e9 priemyseln\u00e9 stroje<\/td>\n<\/tr>\n<tr>\n<td width=\"531\">4. Zdravotn\u00edcke vybavenie<\/td>\n<\/tr>\n<tr>\n<td width=\"531\">5. Zariadenia na sol\u00e1rnu energiu<\/td>\n<\/tr>\n<tr>\n<td width=\"531\">6. Obr\u00e1bac\u00ed stroj<\/td>\n<\/tr>\n<tr>\n<td width=\"531\">7. Parkovac\u00ed syst\u00e9m<\/td>\n<\/tr>\n<tr>\n<td width=\"531\">8. Zariadenia pre vysokor\u00fdchlostn\u00fa \u017eelezni\u010dn\u00fa a leteck\u00fa dopravu at\u010f.<\/td>\n<\/tr>\n<\/tbody>\n<\/table>\n<div>\n<h3>Pre\u010do si vybra\u0165 vn\u00fatorn\u00e9 plan\u00e9tov\u00e9 prevody?<\/h3>\n<p class=\"break-words\">Medzi v\u00fdhody vn\u00fatorn\u00fdch plan\u00e9tov\u00fdch prevodov patria:<\/p>\n<ul class=\"marker:text-secondary\">\n<li class=\"break-words\"><strong>Vysok\u00e9 reduk\u010dn\u00e9 pomery<\/strong>Dosiahnut\u00e9 interakciou vn\u00fatorn\u00e9ho ozuben\u00e9ho kolesa s plan\u00e9tov\u00fdmi kolesami.<\/li>\n<li class=\"break-words\"><strong>Kompaktn\u00e1 ve\u013ekos\u0165<\/strong>Ide\u00e1lne pre aplik\u00e1cie s obmedzen\u00fdm priestorom.<\/li>\n<li class=\"break-words\"><strong>Robustn\u00fd kr\u00fatiaci moment<\/strong>Ide\u00e1lne pre n\u00e1ro\u010dn\u00e9 \u00falohy.<\/li>\n<li class=\"break-words\"><strong>V\u0161estrannos\u0165<\/strong>Nastavite\u013en\u00e9 konfigur\u00e1cie vyhovuj\u00fa r\u00f4znym potreb\u00e1m.<\/li>\n<\/ul>\n<p class=\"break-words\">Pre podniky v automobilovom sektore Mil\u00e1na alebo v priemyseln\u00fdch z\u00f3nach Florencie sa tieto v\u00fdhody premietaj\u00fa do zv\u00fd\u0161enej efektivity a odolnosti.<\/p>\n<h2>FMP: V\u00e1\u0161 expert na vn\u00fatorn\u00e9 plan\u00e9tov\u00e9 prevody v Taliansku<\/h2>\n<p class=\"break-words\">V spolo\u010dnosti FMP sme hrd\u00ed na to, \u017ee sme popredn\u00fdm v\u00fdrobcom vn\u00fatorn\u00fdch plan\u00e9tov\u00fdch prevodov a sl\u00fa\u017eime klientom od Ben\u00e1tok po Bolognu. Na\u0161a ponuka zah\u0155\u0148a:<\/p>\n<ul class=\"marker:text-secondary\">\n<li class=\"break-words\"><strong>Rozmanit\u00fd sortiment<\/strong>Vyr\u00e1bame r\u00f4zne typy vn\u00fatorn\u00fdch plan\u00e9tov\u00fdch prevodov, od \u0161tandardn\u00fdch preveden\u00ed a\u017e po zlo\u017eit\u00e9 syst\u00e9my.<\/li>\n<li class=\"break-words\"><strong>Prisp\u00f4sobenie<\/strong>Potrebujete rie\u0161enie na mieru? Na\u0161i in\u017einieri dok\u00e1\u017eu navrhn\u00fa\u0165 a vyrobi\u0165 vn\u00fatorn\u00e9 plan\u00e9tov\u00e9 prevody na mieru pod\u013ea va\u0161ich \u0161pecifik\u00e1ci\u00ed.<\/li>\n<li class=\"break-words\"><strong>Prec\u00edzne remeseln\u00e9 spracovanie<\/strong>V\u010faka pokro\u010dilej technol\u00f3gii zabezpe\u010dujeme, aby ka\u017ed\u00fd v\u00fdstroj sp\u013a\u0148al pr\u00edsne \u0161tandardy kvality.<\/li>\n<\/ul>\n<table style=\"width: 100.875%; height: 89px;\" border=\"0\" width=\"240\" cellspacing=\"0\" cellpadding=\"0\">\n<tbody>\n<tr>\n<td width=\"80\" height=\"24\"><img loading=\"lazy\" decoding=\"async\" class=\"size-full wp-image-7717 aligncenter\" src=\"https:\/\/fmp-components.com\/wp-content\/uploads\/2025\/04\/Planetary-Gear-set-factory-2-scaled.webp\" sizes=\"(min-width: 0px) and (max-width: 480px) 480px, (min-width: 481px) and (max-width: 980px) 980px, (min-width: 981px) and (max-width: 1280px) 1280px, (min-width: 1281px) 2560px, 100vw\" srcset=\"https:\/\/fmp-components.com\/wp-content\/uploads\/2025\/04\/Planetary-Gear-set-factory-2-scaled.webp 2560w, https:\/\/fmp-components.com\/wp-content\/uploads\/2025\/04\/Planetary-Gear-set-factory-2-1280x1280.webp 1280w, https:\/\/fmp-components.com\/wp-content\/uploads\/2025\/04\/Planetary-Gear-set-factory-2-980x980.webp 980w, https:\/\/fmp-components.com\/wp-content\/uploads\/2025\/04\/Planetary-Gear-set-factory-2-480x480.webp 480w\" alt=\"\u884c\u661f\u9f7f\u8f6e\u7ec4\u5de5\u5382\" width=\"2560\" height=\"2560\" title=\"\"><\/td>\n<td width=\"80\"><img loading=\"lazy\" decoding=\"async\" class=\"size-full wp-image-7718 aligncenter\" src=\"https:\/\/fmp-components.com\/wp-content\/uploads\/2025\/04\/Planetary-Gear-set-factory-4.webp\" sizes=\"(min-width: 0px) and (max-width: 480px) 480px, (min-width: 481px) 600px, 100vw\" srcset=\"https:\/\/fmp-components.com\/wp-content\/uploads\/2025\/04\/Planetary-Gear-set-factory-4.webp 600w, https:\/\/fmp-components.com\/wp-content\/uploads\/2025\/04\/Planetary-Gear-set-factory-4-480x480.webp 480w\" alt=\"\u884c\u661f\u9f7f\u8f6e\u7ec4\u5de5\u5382\" width=\"600\" height=\"600\" title=\"\"><\/td>\n<td width=\"80\"><strong><img loading=\"lazy\" decoding=\"async\" class=\"size-full wp-image-7719 aligncenter\" src=\"https:\/\/fmp-components.com\/wp-content\/uploads\/2025\/04\/Planetary-Gear-set-factory-1-scaled.webp\" sizes=\"(min-width: 0px) and (max-width: 480px) 480px, (min-width: 481px) and (max-width: 980px) 980px, (min-width: 981px) and (max-width: 1280px) 1280px, (min-width: 1281px) 2560px, 100vw\" srcset=\"https:\/\/fmp-components.com\/wp-content\/uploads\/2025\/04\/Planetary-Gear-set-factory-1-scaled.webp 2560w, https:\/\/fmp-components.com\/wp-content\/uploads\/2025\/04\/Planetary-Gear-set-factory-1-1280x1280.webp 1280w, https:\/\/fmp-components.com\/wp-content\/uploads\/2025\/04\/Planetary-Gear-set-factory-1-980x980.webp 980w, https:\/\/fmp-components.com\/wp-content\/uploads\/2025\/04\/Planetary-Gear-set-factory-1-480x480.webp 480w\" alt=\"\u884c\u661f\u9f7f\u8f6e\u7ec4\u5de5\u5382\" width=\"2560\" height=\"2560\" title=\"\"><\/strong><\/td>\n<\/tr>\n<\/tbody>\n<\/table>\n<\/div>","protected":false},"excerpt":{"rendered":"<p>Internal Planetary Gears: Precision and Power by FMP Internal planetary gears, a vital component of planetary gear mechanisms, are renowned for their ability to deliver high torque and precise speed reduction in compact designs. These systems feature a central sun gear, orbiting planet gears, and an internal ring gear that meshes internally with the planet [&hellip;]<\/p>","protected":false},"featured_media":4625,"comment_status":"open","ping_status":"closed","template":"","meta":{"_et_pb_use_builder":"","_et_pb_old_content":"","_et_gb_content_width":""},"product_brand":[],"product_cat":[113],"product_tag":[],"class_list":{"0":"post-7721","1":"product","2":"type-product","3":"status-publish","4":"has-post-thumbnail","6":"product_cat-planetary-gear","8":"first","9":"instock","10":"shipping-taxable","11":"product-type-simple"},"_links":{"self":[{"href":"https:\/\/fmp-components.com\/sk\/wp-json\/wp\/v2\/product\/7721","targetHints":{"allow":["GET"]}}],"collection":[{"href":"https:\/\/fmp-components.com\/sk\/wp-json\/wp\/v2\/product"}],"about":[{"href":"https:\/\/fmp-components.com\/sk\/wp-json\/wp\/v2\/types\/product"}],"replies":[{"embeddable":true,"href":"https:\/\/fmp-components.com\/sk\/wp-json\/wp\/v2\/comments?post=7721"}],"wp:featuredmedia":[{"embeddable":true,"href":"https:\/\/fmp-components.com\/sk\/wp-json\/wp\/v2\/media\/4625"}],"wp:attachment":[{"href":"https:\/\/fmp-components.com\/sk\/wp-json\/wp\/v2\/media?parent=7721"}],"wp:term":[{"taxonomy":"product_brand","embeddable":true,"href":"https:\/\/fmp-components.com\/sk\/wp-json\/wp\/v2\/product_brand?post=7721"},{"taxonomy":"product_cat","embeddable":true,"href":"https:\/\/fmp-components.com\/sk\/wp-json\/wp\/v2\/product_cat?post=7721"},{"taxonomy":"product_tag","embeddable":true,"href":"https:\/\/fmp-components.com\/sk\/wp-json\/wp\/v2\/product_tag?post=7721"}],"curies":[{"name":"pracovn\u00fd list","href":"https:\/\/api.w.org\/{rel}","templated":true}]}}