{"id":7713,"date":"2025-04-03T05:19:05","date_gmt":"2025-04-03T05:19:05","guid":{"rendered":"https:\/\/fmp-components.com\/?post_type=product&#038;p=7713"},"modified":"2025-04-03T05:39:42","modified_gmt":"2025-04-03T05:39:42","slug":"planetary-gear-sets","status":"publish","type":"product","link":"https:\/\/fmp-components.com\/sk\/product\/planetary-gear-sets\/","title":{"rendered":"Planetov\u00e9 prevodovky"},"content":{"rendered":"<div>\n<h2>Z\u00e1klady plan\u00e9tov\u00fdch prevodov<\/h2>\n<p class=\"break-words\">Plan\u00e9tov\u00e9 s\u00fakolesia, zn\u00e1me aj ako epicyklick\u00e9 prevodov\u00e9 syst\u00e9my, s\u00fa z\u00e1kladn\u00fdm kame\u0148om modern\u00e9ho stroj\u00e1rstva. V jadre tieto syst\u00e9my pozost\u00e1vaj\u00fa z centr\u00e1lneho centr\u00e1lneho kolesa, obiehaj\u00facich plan\u00e9tov\u00fdch kolies namontovan\u00fdch na nosi\u010di a vonkaj\u0161ieho ozuben\u00e9ho vence. Toto jedine\u010dn\u00e9 usporiadanie umo\u017e\u0148uje plan\u00e9tov\u00fdm s\u00fakolesiam poskytova\u0165 v\u00fdnimo\u010dn\u00fd kr\u00fatiaci moment, zn\u00ed\u017eenie r\u00fdchlosti a \u00fa\u010dinnos\u0165 v kompaktnom preveden\u00ed. \u010ci u\u017e ste v Mil\u00e1ne, Ben\u00e1tkach, Florencii alebo Bologni, priemyseln\u00e9 odvetvia v celom Taliansku sa spoliehaj\u00fa na tieto robustn\u00e9 syst\u00e9my pre aplik\u00e1cie od automobilov\u00fdch prevodoviek a\u017e po priemyseln\u00e9 stroje.<\/p>\n<p class=\"break-words\">V spolo\u010dnosti FMP sa \u0161pecializujeme na v\u00fdrobu vysokokvalitn\u00fdch plan\u00e9tov\u00fdch s\u00fakol\u00ed prisp\u00f4soben\u00fdch r\u00f4znym potreb\u00e1m. S d\u00f4razom na presnos\u0165 a inov\u00e1cie sl\u00fa\u017eime klientom v celom Taliansku a mimo neho a zabezpe\u010dujeme \u0161pi\u010dkov\u00fd v\u00fdkon ka\u017ed\u00e9ho nami vyroben\u00e9ho prevodov\u00e9ho stup\u0148a.<\/p>\n<\/div>\n<p><img loading=\"lazy\" decoding=\"async\" class=\"size-full wp-image-7714 aligncenter\" src=\"https:\/\/fmp-components.com\/wp-content\/uploads\/2025\/04\/Planetary-Gear-set-1.webp\" alt=\"Plan\u00e9tov\u00e9 ozuben\u00e9 koleso\" width=\"943\" height=\"634\" title=\"\" srcset=\"https:\/\/fmp-components.com\/wp-content\/uploads\/2025\/04\/Planetary-Gear-set-1.webp 943w, https:\/\/fmp-components.com\/wp-content\/uploads\/2025\/04\/Planetary-Gear-set-1-480x323.webp 480w\" sizes=\"(min-width: 0px) and (max-width: 480px) 480px, (min-width: 481px) 943px, 100vw\" \/><\/p>\n<div>\n<h4>\u010co s\u00fa plan\u00e9tov\u00e9 prevodovky?<\/h4>\n<p class=\"break-words\">Plan\u00e9tov\u00e1 prevodovka pracuje s tromi k\u013e\u00fa\u010dov\u00fdmi komponentmi:<\/p>\n<ul class=\"marker:text-secondary\">\n<li class=\"break-words\"><strong>Slne\u010dn\u00e9 vybavenie<\/strong>Centr\u00e1lne ozuben\u00e9 koleso (\u010dasto zn\u00e1zornen\u00e9 \u017eltou farbou), ktor\u00e9 poh\u00e1\u0148a syst\u00e9m.<\/li>\n<li class=\"break-words\"><strong>Plan\u00e9tov\u00e9 prevody<\/strong>Viacero ozuben\u00fdch kolies (zvy\u010dajne modr\u00fdch), ktor\u00e9 obiehaj\u00fa okolo centr\u00e1lneho kolesa, namontovan\u00e9ho na pohyblivom nosi\u010di (zelen\u00fd).<\/li>\n<li class=\"break-words\"><strong>Ozuben\u00fd veniec<\/strong>Vonkaj\u0161ie ozuben\u00e9 koleso (ru\u017eov\u00e9), ktor\u00e9 zaber\u00e1 s plan\u00e9tov\u00fdmi kolesami a uzatv\u00e1ra syst\u00e9m.<\/li>\n<\/ul>\n<p class=\"break-words\">T\u00e1to konfigur\u00e1cia umo\u017e\u0148uje v\u0161estrann\u00e9 prevodov\u00e9 pomery a vysok\u00fd kr\u00fatiaci moment, v\u010faka \u010domu s\u00fa plan\u00e9tov\u00e9 prevodovky ide\u00e1lne pre aplik\u00e1cie, kde s\u00fa priestor a hmotnos\u0165 kritick\u00e9. Od jednoduch\u00fdch kon\u0161trukci\u00ed a\u017e po zlo\u017eit\u00e9 zlo\u017een\u00e9 syst\u00e9my, ich prisp\u00f4sobivos\u0165 vyhovuje \u0161irokej \u0161k\u00e1le odvetv\u00ed.<\/p>\n<h4>Aplik\u00e1cie plan\u00e9tov\u00fdch prevodov\u00fdch s\u00fakol\u00ed<\/h4>\n<p class=\"break-words\">Plan\u00e9tov\u00e9 prevodovky sa \u0161iroko pou\u017e\u00edvaj\u00fa v celom Taliansku, od priemyseln\u00fdch centier Mil\u00e1na a Bologne a\u017e po stroj\u00e1rske dielne vo Florencii a Ben\u00e1tkach. Ich schopnos\u0165 zabezpe\u010di\u0165 v\u00fdrazn\u00e9 zn\u00ed\u017eenie r\u00fdchlosti a kr\u00fatiaceho momentu v kompaktnom preveden\u00ed ich rob\u00ed nevyhnutn\u00fdmi v:<\/p>\n<ul class=\"marker:text-secondary\">\n<li class=\"break-words\"><strong>Automobily a ter\u00e9nne vozidl\u00e1<\/strong>Nach\u00e1dza sa v automatick\u00fdch prevodovk\u00e1ch a pohonoch kolies.<\/li>\n<li class=\"break-words\"><strong>Priemyseln\u00e9 stroje<\/strong>Pohon dopravn\u00edkov, mie\u0161a\u010diek a lesn\u00edckych strojov.<\/li>\n<li class=\"break-words\"><strong>Spotrebn\u00fd tovar<\/strong>Pou\u017e\u00edva sa v elektrick\u00fdch skrutkova\u010doch a prevodov\u00fdch syst\u00e9moch bicyklov.<\/li>\n<li class=\"break-words\"><strong>Aplik\u00e1cie pre vysok\u00e9 za\u0165a\u017eenie<\/strong>Podpora traktorov, stavebn\u00fdch strojov a turb\u00ednov\u00fdch motorov.<\/li>\n<\/ul>\n<p class=\"break-words\">Rozde\u013eovanie z\u00e1\u0165a\u017ee viacer\u00fdmi plan\u00e9tov\u00fdmi prevodmi zais\u0165uje odolnos\u0165 a odolnos\u0165 vo\u010di opotrebovaniu, \u010do je vlastnos\u0165, ktor\u00fa si talianski v\u00fdrobcovia a in\u017einieri v mest\u00e1ch ako Mil\u00e1no a Bologna obzvl\u00e1\u0161\u0165 cenia pri prev\u00e1dzke s vysok\u00fdm dopadom.<\/p>\n<div>\n<h4>Pre\u010do si vybra\u0165 plan\u00e9tov\u00e9 prevodovky?<\/h4>\n<p class=\"break-words\">V\u00fdhody plan\u00e9tov\u00fdch prevodoviek s\u00fa jasn\u00e9:<\/p>\n<ul class=\"marker:text-secondary\">\n<li class=\"break-words\"><strong>Vysok\u00e1 hustota kr\u00fatiaceho momentu<\/strong>Viacer\u00e9 plan\u00e9tov\u00e9 prevody rozde\u013euj\u00fa za\u0165a\u017eenie a zvy\u0161uj\u00fa v\u00fdkon.<\/li>\n<li class=\"break-words\"><strong>Kompaktn\u00fd dizajn<\/strong>Ide\u00e1lne pre aplik\u00e1cie s obmedzen\u00fdm priestorom.<\/li>\n<li class=\"break-words\"><strong>Trvanlivos\u0165<\/strong>Rovnomern\u00e9 rozlo\u017eenie za\u0165a\u017eenia predl\u017euje \u017eivotnos\u0165 prevodovky.<\/li>\n<li class=\"break-words\"><strong>Flexibilita<\/strong>\u013dahko nastavite\u013en\u00e9 prevodov\u00e9 pomery \u00fapravou un\u00e1\u0161a\u010da alebo centr\u00e1lneho kolesa.<\/li>\n<\/ul>\n<p class=\"break-words\">Pre firmy v Ben\u00e1tkach alebo Florencii, ktor\u00e9 chc\u00fa optimalizova\u0165 v\u00fdkon strojov, sa tieto v\u00fdhody premietaj\u00fa do efekt\u00edvnosti a spo\u013eahlivosti, \u010d\u00edm sa zni\u017euj\u00fa prestoje a n\u00e1klady na \u00fadr\u017ebu.<\/p>\n<p><img loading=\"lazy\" decoding=\"async\" class=\"wp-image-7716 aligncenter\" src=\"https:\/\/fmp-components.com\/wp-content\/uploads\/2025\/04\/Planetary-Gear-set-2.webp\" alt=\"Plan\u00e9tov\u00e9 ozuben\u00e9 koleso\" width=\"809\" height=\"539\" title=\"\" srcset=\"https:\/\/fmp-components.com\/wp-content\/uploads\/2025\/04\/Planetary-Gear-set-2.webp 809w, https:\/\/fmp-components.com\/wp-content\/uploads\/2025\/04\/Planetary-Gear-set-2-480x320.webp 480w\" sizes=\"(min-width: 0px) and (max-width: 480px) 480px, (min-width: 481px) 809px, 100vw\" \/><\/p>\n<h4>FMP: V\u00e1\u0161 d\u00f4veryhodn\u00fd v\u00fdrobca plan\u00e9tov\u00fdch prevodov v Taliansku<\/h4>\n<p class=\"break-words\">V spolo\u010dnosti FMP sme hrd\u00ed na to, \u017ee sme popredn\u00fdm v\u00fdrobcom plan\u00e9tov\u00fdch prevodoviek a sl\u00fa\u017eime klientom v celom Taliansku a na celom svete. Na z\u00e1klade na\u0161ich rozsiahlych technick\u00fdch znalost\u00ed pon\u00fakame:<\/p>\n<ul class=\"marker:text-secondary\">\n<li class=\"break-words\"><strong>R\u00f4znorodos\u0165 typov<\/strong>Od \u0161tandardn\u00fdch kon\u0161trukci\u00ed a\u017e po komplexn\u00e9 zlo\u017een\u00e9 syst\u00e9my, vyr\u00e1bame plan\u00e9tov\u00e9 prevodovky pre v\u0161etky aplik\u00e1cie.<\/li>\n<li class=\"break-words\"><strong>Prisp\u00f4sobenie<\/strong>Potrebujete \u0161pecifick\u00fa konfigur\u00e1ciu? Na\u0161i sk\u00fasen\u00ed in\u017einieri v Taliansku dok\u00e1\u017eu navrhn\u00fa\u0165 a vyrobi\u0165 plan\u00e9tov\u00e9 prevodovky na mieru, ktor\u00e9 presne sp\u013a\u0148aj\u00fa va\u0161e \u0161pecifik\u00e1cie.<\/li>\n<li class=\"break-words\"><strong>Presn\u00e1 v\u00fdroba<\/strong>Pomocou pokro\u010dil\u00fdch techn\u00edk zabezpe\u010dujeme, aby ka\u017ed\u00fd prevodov\u00fd stupe\u0148 sp\u013a\u0148al najvy\u0161\u0161ie \u0161tandardy kvality a v\u00fdkonu.<\/li>\n<\/ul>\n<p class=\"break-words\">\u010ci u\u017e p\u00f4sob\u00edte v ru\u0161nom priemyselnom sektore Mil\u00e1na, inovat\u00edvnych diel\u0148ach Ben\u00e1tok, stroj\u00e1rskych centr\u00e1ch Bologne alebo remeseln\u00fdch in\u017einierskych priestoroch Florencie, FMP je va\u0161\u00edm partnerom pre rie\u0161enia plan\u00e9tov\u00fdch prevodoviek.<\/p>\n<table style=\"border-collapse: collapse; width: 101.625%; height: 50px;\" border=\"0\" width=\"240\" cellspacing=\"0\" cellpadding=\"0\">\n<tbody>\n<tr style=\"height: 14.40pt;\">\n<td style=\"height: 14.40pt; width: 48.00pt;\" width=\"80\" height=\"24\"><img loading=\"lazy\" decoding=\"async\" class=\"size-full wp-image-7717 aligncenter\" src=\"https:\/\/fmp-components.com\/wp-content\/uploads\/2025\/04\/Planetary-Gear-set-factory-2-scaled.webp\" alt=\"Tov\u00e1re\u0148 na plan\u00e9tov\u00e9 prevody\" width=\"2560\" height=\"2560\" title=\"\" srcset=\"https:\/\/fmp-components.com\/wp-content\/uploads\/2025\/04\/Planetary-Gear-set-factory-2-scaled.webp 2560w, https:\/\/fmp-components.com\/wp-content\/uploads\/2025\/04\/Planetary-Gear-set-factory-2-1280x1280.webp 1280w, https:\/\/fmp-components.com\/wp-content\/uploads\/2025\/04\/Planetary-Gear-set-factory-2-980x980.webp 980w, https:\/\/fmp-components.com\/wp-content\/uploads\/2025\/04\/Planetary-Gear-set-factory-2-480x480.webp 480w\" sizes=\"(min-width: 0px) and (max-width: 480px) 480px, (min-width: 481px) and (max-width: 980px) 980px, (min-width: 981px) and (max-width: 1280px) 1280px, (min-width: 1281px) 2560px, 100vw\" \/><\/td>\n<td style=\"width: 48.00pt;\" width=\"80\"><img loading=\"lazy\" decoding=\"async\" class=\"size-full wp-image-7718 aligncenter\" src=\"https:\/\/fmp-components.com\/wp-content\/uploads\/2025\/04\/Planetary-Gear-set-factory-4.webp\" alt=\"Tov\u00e1re\u0148 na plan\u00e9tov\u00e9 prevody\" width=\"600\" height=\"600\" title=\"\" srcset=\"https:\/\/fmp-components.com\/wp-content\/uploads\/2025\/04\/Planetary-Gear-set-factory-4.webp 600w, https:\/\/fmp-components.com\/wp-content\/uploads\/2025\/04\/Planetary-Gear-set-factory-4-480x480.webp 480w\" sizes=\"(min-width: 0px) and (max-width: 480px) 480px, (min-width: 481px) 600px, 100vw\" \/><\/td>\n<td style=\"width: 48.00pt;\" width=\"80\"><strong><img loading=\"lazy\" decoding=\"async\" class=\"size-full wp-image-7719 aligncenter\" src=\"https:\/\/fmp-components.com\/wp-content\/uploads\/2025\/04\/Planetary-Gear-set-factory-1-scaled.webp\" alt=\"Tov\u00e1re\u0148 na plan\u00e9tov\u00e9 prevody\" width=\"2560\" height=\"2560\" title=\"\" srcset=\"https:\/\/fmp-components.com\/wp-content\/uploads\/2025\/04\/Planetary-Gear-set-factory-1-scaled.webp 2560w, https:\/\/fmp-components.com\/wp-content\/uploads\/2025\/04\/Planetary-Gear-set-factory-1-1280x1280.webp 1280w, https:\/\/fmp-components.com\/wp-content\/uploads\/2025\/04\/Planetary-Gear-set-factory-1-980x980.webp 980w, https:\/\/fmp-components.com\/wp-content\/uploads\/2025\/04\/Planetary-Gear-set-factory-1-480x480.webp 480w\" sizes=\"(min-width: 0px) and (max-width: 480px) 480px, (min-width: 481px) and (max-width: 980px) 980px, (min-width: 981px) and (max-width: 1280px) 1280px, (min-width: 1281px) 2560px, 100vw\" \/><\/strong><\/td>\n<\/tr>\n<\/tbody>\n<\/table>\n<\/div>\n<\/div>","protected":false},"excerpt":{"rendered":"<p>The Fundamentals of Planetary Gear Sets Planetary gear sets, also known as epicyclic gear systems, are a cornerstone of modern mechanical engineering. At their core, these systems consist of a central sun gear, orbiting planet gears mounted on a carrier, and an outer ring gear. This unique arrangement allows planetary gear sets to deliver exceptional [&hellip;]<\/p>","protected":false},"featured_media":7720,"comment_status":"open","ping_status":"closed","template":"","meta":{"_et_pb_use_builder":"","_et_pb_old_content":"","_et_gb_content_width":""},"product_brand":[],"product_cat":[113],"product_tag":[],"class_list":{"0":"post-7713","1":"product","2":"type-product","3":"status-publish","4":"has-post-thumbnail","6":"product_cat-planetary-gear","8":"first","9":"instock","10":"shipping-taxable","11":"product-type-simple"},"_links":{"self":[{"href":"https:\/\/fmp-components.com\/sk\/wp-json\/wp\/v2\/product\/7713","targetHints":{"allow":["GET"]}}],"collection":[{"href":"https:\/\/fmp-components.com\/sk\/wp-json\/wp\/v2\/product"}],"about":[{"href":"https:\/\/fmp-components.com\/sk\/wp-json\/wp\/v2\/types\/product"}],"replies":[{"embeddable":true,"href":"https:\/\/fmp-components.com\/sk\/wp-json\/wp\/v2\/comments?post=7713"}],"wp:featuredmedia":[{"embeddable":true,"href":"https:\/\/fmp-components.com\/sk\/wp-json\/wp\/v2\/media\/7720"}],"wp:attachment":[{"href":"https:\/\/fmp-components.com\/sk\/wp-json\/wp\/v2\/media?parent=7713"}],"wp:term":[{"taxonomy":"product_brand","embeddable":true,"href":"https:\/\/fmp-components.com\/sk\/wp-json\/wp\/v2\/product_brand?post=7713"},{"taxonomy":"product_cat","embeddable":true,"href":"https:\/\/fmp-components.com\/sk\/wp-json\/wp\/v2\/product_cat?post=7713"},{"taxonomy":"product_tag","embeddable":true,"href":"https:\/\/fmp-components.com\/sk\/wp-json\/wp\/v2\/product_tag?post=7713"}],"curies":[{"name":"pracovn\u00fd list","href":"https:\/\/api.w.org\/{rel}","templated":true}]}}