{"id":761,"date":"2024-12-18T06:11:37","date_gmt":"2024-12-18T06:11:37","guid":{"rendered":"https:\/\/fmp-components.com\/?page_id=8"},"modified":"2024-12-18T06:27:29","modified_gmt":"2024-12-18T06:27:29","slug":"hydraulic-cylinder-for-offshore-crane","status":"publish","type":"product","link":"https:\/\/fmp-components.com\/sk\/product\/hydraulic-cylinder-for-offshore-crane\/","title":{"rendered":"Hydraulick\u00fd valec pre pobre\u017en\u00fd \u017eeriav"},"content":{"rendered":"<p style=\"text-align: center;\"><span style=\"font-size: 18pt;\">Hydraulick\u00fd valec pre pobre\u017en\u00fd \u017eeriav<\/span><\/p>\n<p>Hydraulick\u00fd valec pre pobre\u017en\u00e9 \u017eeriavy je z\u00e1kladn\u00fd hydraulick\u00fd komponent ur\u010den\u00fd na zabezpe\u010denie zdv\u00edhac\u00edch a sp\u00fa\u0161\u0165ac\u00edch schopnost\u00ed potrebn\u00fdch na prev\u00e1dzku pobre\u017en\u00fdch \u017eeriavov. Tento valec zohr\u00e1va k\u013e\u00fa\u010dov\u00fa \u00falohu pri umo\u017enen\u00ed presn\u00e9ho ovl\u00e1dania a pohybu v\u00fdlo\u017en\u00edka \u017eeriavu a \u010fal\u0161\u00edch mechanizmov, \u010d\u00edm zabezpe\u010duje bezpe\u010dn\u00fa a efekt\u00edvnu manipul\u00e1ciu s \u0165a\u017ek\u00fdmi bremenami v n\u00e1ro\u010dnom n\u00e1mornom prostred\u00ed.<\/p>\n<p><img loading=\"lazy\" decoding=\"async\" class=\"alignnone wp-image-780\" src=\"https:\/\/fmp-components.com\/wp-content\/uploads\/2024\/12\/Offshore-Crane-Folding-Arm-Tilt-Cylinder-2.webp\" alt=\"Nakl\u00e1pac\u00ed valec sklopn\u00e9ho ramena \u017eeriavu na mori\" width=\"935\" height=\"304\" title=\"\" srcset=\"https:\/\/fmp-components.com\/wp-content\/uploads\/2024\/12\/Offshore-Crane-Folding-Arm-Tilt-Cylinder-2.webp 935w, https:\/\/fmp-components.com\/wp-content\/uploads\/2024\/12\/Offshore-Crane-Folding-Arm-Tilt-Cylinder-2-480x156.webp 480w\" sizes=\"(min-width: 0px) and (max-width: 480px) 480px, (min-width: 481px) 935px, 100vw\" \/><\/p>\n<h4>K\u013e\u00fa\u010dov\u00e9 vlastnosti:<\/h4>\n<ul>\n<li><strong>Vysok\u00e1 nosnos\u0165:<\/strong> Tento hydraulick\u00fd valec, navrhnut\u00fd na zvl\u00e1dnutie zna\u010dn\u00fdch hmotnost\u00ed, zais\u0165uje spo\u013eahliv\u00fd v\u00fdkon po\u010das zdv\u00edhac\u00edch oper\u00e1ci\u00ed s vysokou hmotnos\u0165ou, \u010do je k\u013e\u00fa\u010dov\u00e9 pre v\u00fdstavbu a \u00fadr\u017ebu na mori.<\/li>\n<li><strong>Robustn\u00e1 kon\u0161trukcia:<\/strong> Vyroben\u00fd z vysokopevnostn\u00fdch materi\u00e1lov, je navrhnut\u00fd tak, aby odolal drsn\u00fdm podmienkam typick\u00fdm pre pobre\u017en\u00e9 prostredie, vr\u00e1tane vystavenia slanej vode, vysok\u00e9mu tlaku a extr\u00e9mnemu po\u010dasiu.<\/li>\n<li><strong>Plynul\u00e1 prev\u00e1dzka:<\/strong> Pokro\u010dil\u00e1 hydraulick\u00e1 kon\u0161trukcia umo\u017e\u0148uje plynul\u00e9 a kontrolovan\u00e9 pohyby, \u010do umo\u017e\u0148uje r\u00fdchle nastavenie a zvy\u0161uje celkov\u00fa prev\u00e1dzkov\u00fa efektivitu.<\/li>\n<li><strong>Bezpe\u010dnostn\u00e9 mechanizmy:<\/strong> Vybaven\u00e9 vstavan\u00fdmi bezpe\u010dnostn\u00fdmi prvkami, ktor\u00e9 zabra\u0148uj\u00fa pre\u0165a\u017eeniu a zais\u0165uj\u00fa bezpe\u010dn\u00fa prev\u00e1dzku, \u010d\u00edm chr\u00e1nia person\u00e1l aj zariadenia po\u010das zdv\u00edhac\u00edch \u010dinnost\u00ed.<\/li>\n<li><strong>V\u0161estrann\u00e9 pou\u017eitie:<\/strong> Tento hydraulick\u00fd valec je vhodn\u00fd pre r\u00f4zne konfigur\u00e1cie \u017eeriavov na mori a dok\u00e1\u017ee sa prisp\u00f4sobi\u0165 r\u00f4znym prev\u00e1dzkov\u00fdm potreb\u00e1m, v\u010faka \u010domu je v\u0161estrann\u00fd pre cel\u00fd rad n\u00e1morn\u00fdch aplik\u00e1ci\u00ed.<\/li>\n<li><strong>N\u00edzke n\u00e1roky na \u00fadr\u017ebu:<\/strong> Je navrhnut\u00fd s oh\u013eadom na minim\u00e1lne opotrebenie, zni\u017euje potrebu \u00fadr\u017eby a prev\u00e1dzkov\u00e9 prestoje, \u010d\u00edm prispieva k zv\u00fd\u0161eniu produktivity.<\/li>\n<\/ul>\n<p>Stru\u010dne povedan\u00e9, hydraulick\u00fd valec pre pobre\u017en\u00e9 \u017eeriavy je k\u013e\u00fa\u010dovou s\u00fa\u010das\u0165ou, ktor\u00e1 optimalizuje v\u00fdkon a bezpe\u010dnos\u0165 pobre\u017en\u00fdch \u017eeriavov, \u010d\u00edm v\u00fdrazne zvy\u0161uje efektivitu n\u00e1morn\u00fdch stavebn\u00fdch, v\u0155tac\u00edch a \u00fadr\u017eb\u00e1rskych oper\u00e1ci\u00ed.<\/p>\n<h2>Hlavn\u00fd v\u00fdlo\u017en\u00edk \u017eeriavu na mori<\/h2>\n<p>Hydraulick\u00fd valec na vykl\u00e1panie hlavn\u00e9ho v\u00fdlo\u017en\u00edka \u017eeriavu pre n\u00e1morn\u00e9 pou\u017eitie je k\u013e\u00fa\u010dov\u00fd hydraulick\u00fd komponent zodpovedn\u00fd za riadenie vykl\u00e1pacieho pohybu hlavn\u00e9ho v\u00fdlo\u017en\u00edka \u017eeriavu. Tento valec umo\u017e\u0148uje presn\u00e9 zdv\u00edhanie a sp\u00fa\u0161\u0165anie v\u00fdlo\u017en\u00edka, \u010do umo\u017e\u0148uje optim\u00e1lne polohovanie po\u010das zdv\u00edhac\u00edch oper\u00e1ci\u00ed. Je vyroben\u00fd z vysokopevnostn\u00fdch materi\u00e1lov a je navrhnut\u00fd tak, aby odolal n\u00e1ro\u010dn\u00fdm podmienkam prostredia na mori vr\u00e1tane vystavenia slanej vode a extr\u00e9mnemu po\u010dasiu. Plynul\u00fd hydraulick\u00fd chod umo\u017e\u0148uje r\u00fdchle a presn\u00e9 nastavenie, \u010d\u00edm zvy\u0161uje prev\u00e1dzkov\u00fa efektivitu a bezpe\u010dnos\u0165. Tento vykl\u00e1pac\u00ed valec je nevyhnutn\u00fd pre efekt\u00edvny v\u00fdkon \u017eeriavov pre n\u00e1morn\u00e9 pou\u017eitie a v\u00fdznamne prispieva k \u00faspechu n\u00e1morn\u00fdch stavebn\u00fdch, \u00fadr\u017eb\u00e1rskych a vrtn\u00fdch pr\u00e1c.<\/p>\n<p><img loading=\"lazy\" decoding=\"async\" class=\"size-full wp-image-773 aligncenter\" src=\"https:\/\/fmp-components.com\/wp-content\/uploads\/2024\/12\/Offshore-Crane-Main-Boom-Luffing-Cylinder.webp\" alt=\"Hlavn\u00fd v\u00fdlo\u017en\u00edk \u017eeriavu na mori\" width=\"500\" height=\"200\" title=\"\" srcset=\"https:\/\/fmp-components.com\/wp-content\/uploads\/2024\/12\/Offshore-Crane-Main-Boom-Luffing-Cylinder.webp 500w, https:\/\/fmp-components.com\/wp-content\/uploads\/2024\/12\/Offshore-Crane-Main-Boom-Luffing-Cylinder-480x192.webp 480w\" sizes=\"(min-width: 0px) and (max-width: 480px) 480px, (min-width: 481px) 500px, 100vw\" \/><\/p>\n<table style=\"width: 87.4644%; height: 209px;\" border=\"1\" cellspacing=\"0\" cellpadding=\"0\">\n<tbody>\n<tr>\n<td>N\u00e1zov produktu<\/td>\n<td>Hlavn\u00fd v\u00fdlo\u017en\u00edk \u017eeriavu na mori<\/td>\n<\/tr>\n<tr>\n<td>Vlastnosti:<\/td>\n<td>Poskytuje pr\u00edtla\u010dn\u00fa silu na realiz\u00e1ciu nakl\u00e1\u0148ania v\u00fdlo\u017en\u00edka \u017eeriavu<\/td>\n<\/tr>\n<tr>\n<td>Priemer otvoru:<\/td>\n<td>A\u017e 580 mm<\/td>\n<\/tr>\n<tr>\n<td>Priemer ty\u010de:<\/td>\n<td>A\u017e 440 mm<br \/>\nZdvih a\u017e 5635 mm<\/td>\n<\/tr>\n<tr>\n<td>\u0164ahov\u00e1 sila:<\/td>\n<td>Maxim\u00e1lne 8454 kN<br \/>\n(Priemer valcov 580 mm\/tlak 32 MPa)<\/td>\n<\/tr>\n<tr>\n<td>Aplik\u00e1cie:<\/td>\n<td>Pobre\u017en\u00fd \u017eeriav<\/td>\n<\/tr>\n<\/tbody>\n<\/table>\n<p><img loading=\"lazy\" decoding=\"async\" class=\"alignnone wp-image-778\" src=\"https:\/\/fmp-components.com\/wp-content\/uploads\/2024\/12\/Offshore-Crane-Main-Boom-Luffing-Cylinder-1.webp\" alt=\"Hlavn\u00fd v\u00fdlo\u017en\u00edk \u017eeriavu na otvorenom mori - 1\" width=\"810\" height=\"480\" title=\"\"><\/p>\n<p><img loading=\"lazy\" decoding=\"async\" class=\"alignnone wp-image-781\" src=\"https:\/\/fmp-components.com\/wp-content\/uploads\/2024\/12\/Offshore-Crane-Main-Boom-Luffing-Cylinder-2.webp\" alt=\"Hlavn\u00fd v\u00fdlo\u017en\u00edk \u017eeriavu na mori\" width=\"813\" height=\"254\" title=\"\" srcset=\"https:\/\/fmp-components.com\/wp-content\/uploads\/2024\/12\/Offshore-Crane-Main-Boom-Luffing-Cylinder-2.webp 813w, https:\/\/fmp-components.com\/wp-content\/uploads\/2024\/12\/Offshore-Crane-Main-Boom-Luffing-Cylinder-2-480x150.webp 480w\" sizes=\"(min-width: 0px) and (max-width: 480px) 480px, (min-width: 481px) 813px, 100vw\" \/><\/p>\n<h2>Nakl\u00e1pac\u00ed valec sklopn\u00e9ho ramena \u017eeriavu na mori<\/h2>\n<p>Nakl\u00e1pac\u00ed valec skladacieho ramena \u017eeriavu pre n\u00e1morn\u00e9 pou\u017eitie je d\u00f4le\u017eit\u00fd hydraulick\u00fd komponent, ktor\u00fd u\u013eah\u010duje nakl\u00e1pac\u00ed pohyb skladacieho ramena \u017eeriavu. Tento valec poskytuje potrebn\u00fa silu na zdv\u00edhanie a sp\u00fa\u0161\u0165anie ramena, \u010do umo\u017e\u0148uje presn\u00e9 polohovanie po\u010das nakladania a vykladania. Je vyroben\u00fd z vysokopevnostn\u00fdch materi\u00e1lov a je navrhnut\u00fd tak, aby odolal drsn\u00e9mu morsk\u00e9mu prostrediu vr\u00e1tane vystavenia slanej vode a vysok\u00e9mu tlaku. Hydraulick\u00fd syst\u00e9m umo\u017e\u0148uje plynul\u00e9 a kontrolovan\u00e9 pohyby, \u010d\u00edm zvy\u0161uje prev\u00e1dzkov\u00fa efektivitu a bezpe\u010dnos\u0165 po\u010das prev\u00e1dzky \u017eeriavu. Tento nakl\u00e1pac\u00ed valec je nevyhnutn\u00fd pre optimaliz\u00e1ciu v\u00fdkonu \u017eeriavov pre n\u00e1morn\u00e9 pou\u017eitie a v\u00fdznamne prispieva k efekt\u00edvnosti n\u00e1mornej v\u00fdstavby, \u00fadr\u017eby a logistick\u00fdch \u00faloh.<\/p>\n<p><img loading=\"lazy\" decoding=\"async\" class=\"size-full wp-image-772 aligncenter\" src=\"https:\/\/fmp-components.com\/wp-content\/uploads\/2024\/12\/Offshore-Crane-Folding-Arm-Tilt-Cylinder.webp\" alt=\"Nakl\u00e1pac\u00ed valec sklopn\u00e9ho ramena \u017eeriavu na mori\" width=\"500\" height=\"200\" title=\"\" srcset=\"https:\/\/fmp-components.com\/wp-content\/uploads\/2024\/12\/Offshore-Crane-Folding-Arm-Tilt-Cylinder.webp 500w, https:\/\/fmp-components.com\/wp-content\/uploads\/2024\/12\/Offshore-Crane-Folding-Arm-Tilt-Cylinder-480x192.webp 480w\" sizes=\"(min-width: 0px) and (max-width: 480px) 480px, (min-width: 481px) 500px, 100vw\" \/><\/p>\n<table style=\"width: 86.8088%; height: 199px;\" border=\"1\" cellspacing=\"0\" cellpadding=\"0\">\n<tbody>\n<tr>\n<td>N\u00e1zov produktu<\/td>\n<td>Nakl\u00e1pac\u00ed valec sklopn\u00e9ho ramena \u017eeriavu na mori<\/td>\n<\/tr>\n<tr>\n<td>Vlastnosti:<\/td>\n<td>Zabezpe\u010dte pr\u00edtla\u010dn\u00fa a \u0165a\u017en\u00fa silu pou\u017eit\u00fa na nastavenie horizont\u00e1lneho uhla predlaktia \u017eeriavu<\/td>\n<\/tr>\n<tr>\n<td>Priemer otvoru:<\/td>\n<td>A\u017e 580 mm<\/td>\n<\/tr>\n<tr>\n<td>Priemer ty\u010de:<\/td>\n<td>Do 400 mm<br \/>\nZdvih a\u017e 5170 mm<\/td>\n<\/tr>\n<tr>\n<td>\u0164ahov\u00e1 sila \/ Pr\u00edtla\u010dn\u00e1 sila:<\/td>\n<td>Maxim\u00e1lne 8454 kN\/3589 kN<br \/>\n(Priemer valcov 580 mm\/tlak 32 MPa)<\/td>\n<\/tr>\n<tr>\n<td>Aplik\u00e1cie:<\/td>\n<td>Pobre\u017en\u00fd \u017eeriav<\/td>\n<\/tr>\n<\/tbody>\n<\/table>\n<p><img loading=\"lazy\" decoding=\"async\" class=\"alignnone wp-image-777\" src=\"https:\/\/fmp-components.com\/wp-content\/uploads\/2024\/12\/Offshore-Crane-Folding-Arm-Tilt-Cylinder-1.webp\" alt=\"Nakl\u00e1pac\u00ed valec s ramenom a sklopn\u00fdm ramenom pre offshore \u017eeriav\" width=\"803\" height=\"481\" title=\"\"><\/p>\n<h2>Pobre\u017en\u00fd \u017eeriav typu A Sto\u017eiarov\u00fd \u017eeriavov\u00fd valec<\/h2>\n<p>Hydraulick\u00fd valec na vykl\u00e1panie sto\u017eiara \u017eeriavu typu A pre pobre\u017en\u00e9 \u017eeriavy je k\u013e\u00fa\u010dov\u00fd hydraulick\u00fd komponent ur\u010den\u00fd na ovl\u00e1danie vykl\u00e1pacieho pohybu sto\u017eiara \u017eeriavu. Tento valec poskytuje potrebn\u00fa silu na zdv\u00edhanie a sp\u00fa\u0161\u0165anie sto\u017eiara, \u010do umo\u017e\u0148uje presn\u00e9 nastavenie pre optim\u00e1lne umiestnenie po\u010das zdv\u00edhac\u00edch oper\u00e1ci\u00ed. Je vyroben\u00fd z vysokopevnostn\u00fdch materi\u00e1lov a je navrhnut\u00fd tak, aby odolal n\u00e1ro\u010dn\u00fdm podmienkam pobre\u017en\u00e9ho prostredia vr\u00e1tane vystavenia slanej vode a extr\u00e9mnemu po\u010dasiu. Plynul\u00fd hydraulick\u00fd chod zais\u0165uje r\u00fdchle a presn\u00e9 pohyby, \u010d\u00edm zvy\u0161uje prev\u00e1dzkov\u00fa efektivitu a bezpe\u010dnos\u0165. Tento vykl\u00e1pac\u00ed valec je nevyhnutn\u00fd pre efekt\u00edvny v\u00fdkon sto\u017eiarov\u00fdch \u017eeriavov typu A a v\u00fdznamne prispieva k \u00faspechu n\u00e1morn\u00fdch stavebn\u00fdch, v\u0155tac\u00edch a \u00fadr\u017eb\u00e1rskych \u010dinnost\u00ed.<\/p>\n<p><img loading=\"lazy\" decoding=\"async\" class=\"size-full wp-image-771 aligncenter\" src=\"https:\/\/fmp-components.com\/wp-content\/uploads\/2024\/12\/Offshore-Crane-A-Type-Mast-Crane-Luffing-Cylinder.webp\" alt=\"Pobre\u017en\u00fd \u017eeriav typu A Sto\u017eiarov\u00fd \u017eeriavov\u00fd valec\" width=\"500\" height=\"200\" title=\"\" srcset=\"https:\/\/fmp-components.com\/wp-content\/uploads\/2024\/12\/Offshore-Crane-A-Type-Mast-Crane-Luffing-Cylinder.webp 500w, https:\/\/fmp-components.com\/wp-content\/uploads\/2024\/12\/Offshore-Crane-A-Type-Mast-Crane-Luffing-Cylinder-480x192.webp 480w\" sizes=\"(min-width: 0px) and (max-width: 480px) 480px, (min-width: 481px) 500px, 100vw\" \/><\/p>\n<table style=\"width: 87.239%; height: 196px;\" border=\"1\" cellspacing=\"0\" cellpadding=\"0\">\n<tbody>\n<tr>\n<td>N\u00e1zov produktu<\/td>\n<td>Pobre\u017en\u00fd \u017eeriav typu A Sto\u017eiarov\u00fd \u017eeriavov\u00fd valec<\/td>\n<\/tr>\n<tr>\n<td>Vlastnosti:<\/td>\n<td>Zabezpe\u010dte pr\u00edtla\u010dn\u00fa a \u0165a\u017en\u00fa silu pou\u017eit\u00fa na nastavenie horizont\u00e1lneho uhla predlaktia \u017eeriavu<\/td>\n<\/tr>\n<tr>\n<td>Priemer otvoru:<\/td>\n<td>A\u017e 580 mm<\/td>\n<\/tr>\n<tr>\n<td>Priemer ty\u010de:<\/td>\n<td>Do 400 mm<br \/>\nZdvih a\u017e 5170 mm<\/td>\n<\/tr>\n<tr>\n<td>\u0164ahov\u00e1 sila \/ Pr\u00edtla\u010dn\u00e1 sila:<\/td>\n<td>Maxim\u00e1lne 8454 kN\/3589 kN<br \/>\n(Priemer valcov 580 mm\/tlak 32 MPa)<\/td>\n<\/tr>\n<tr>\n<td>Aplik\u00e1cie:<\/td>\n<td>Pobre\u017en\u00fd \u017eeriav<\/td>\n<\/tr>\n<\/tbody>\n<\/table>\n<p data-sourcepos=\"14:1-14:90\"><img loading=\"lazy\" decoding=\"async\" class=\"alignnone wp-image-779\" src=\"https:\/\/fmp-components.com\/wp-content\/uploads\/2024\/12\/Offshore-Crane-A-Type-Mast-Crane-Luffing-Cylinder-1.webp\" alt=\"Pobre\u017en\u00fd \u017eeriav typu A Sto\u017eiarov\u00fd \u017eeriavov\u00fd valec\" width=\"811\" height=\"404\" title=\"\" srcset=\"https:\/\/fmp-components.com\/wp-content\/uploads\/2024\/12\/Offshore-Crane-A-Type-Mast-Crane-Luffing-Cylinder-1.webp 811w, https:\/\/fmp-components.com\/wp-content\/uploads\/2024\/12\/Offshore-Crane-A-Type-Mast-Crane-Luffing-Cylinder-1-480x239.webp 480w\" sizes=\"(min-width: 0px) and (max-width: 480px) 480px, (min-width: 481px) 811px, 100vw\" \/><\/p>\n<h2>V\u00fdhody hydraulick\u00e9ho valca \u017eeriavu na mori<\/h2>\n<p>Hydraulick\u00fd valec pre pobre\u017en\u00e9 \u017eeriavy pon\u00faka nieko\u013eko k\u013e\u00fa\u010dov\u00fdch v\u00fdhod, ktor\u00e9 zvy\u0161uj\u00fa v\u00fdkon a spo\u013eahlivos\u0165 pobre\u017en\u00fdch \u017eeriavov v n\u00e1morn\u00fdch a priemyseln\u00fdch aplik\u00e1ci\u00e1ch.<\/p>\n<p>Jednou z hlavn\u00fdch v\u00fdhod je jeho vysok\u00e1 nosnos\u0165, ktor\u00e1 umo\u017e\u0148uje bezpe\u010dn\u00e9 zdv\u00edhanie a manipul\u00e1ciu s \u0165a\u017ek\u00fdmi bremenami, \u010do je typick\u00e9 pre oper\u00e1cie na mori. T\u00e1to kapacita je nevyhnutn\u00e1 pre udr\u017eanie prev\u00e1dzkovej efekt\u00edvnosti a bezpe\u010dnosti po\u010das zlo\u017eit\u00fdch zdv\u00edhac\u00edch \u00faloh.<\/p>\n<p>Hydraulick\u00fd valec tie\u017e poskytuje presn\u00e9 ovl\u00e1danie, ktor\u00e9 umo\u017e\u0148uje plynul\u00e9 a presn\u00e9 nastavenie polohy ramena. T\u00e1to presnos\u0165 je k\u013e\u00fa\u010dov\u00e1 pre zaistenie bezpe\u010dnej prev\u00e1dzky, najm\u00e4 v n\u00e1ro\u010dn\u00fdch pobre\u017en\u00fdch prostrediach, kde sa podmienky m\u00f4\u017eu r\u00fdchlo meni\u0165.<\/p>\n<p>F\u013ea\u0161a je vyroben\u00e1 z odoln\u00fdch materi\u00e1lov a navrhnut\u00e1 tak, aby odolala n\u00e1ro\u010dn\u00fdm n\u00e1morn\u00fdm podmienkam vr\u00e1tane vystavenia slanej vode, koroz\u00edvnym prvkom a extr\u00e9mnym teplot\u00e1m. T\u00e1to odolnos\u0165 zais\u0165uje dlhotrvaj\u00faci v\u00fdkon a zni\u017euje potrebu \u010dast\u00fdch v\u00fdmen.<\/p>\n<p>\u010eal\u0161ou v\u00fdznamnou v\u00fdhodou s\u00fa vylep\u0161en\u00e9 bezpe\u010dnostn\u00e9 prvky integrovan\u00e9 do hydraulickej kon\u0161trukcie. Tieto funkcie pom\u00e1haj\u00fa predch\u00e1dza\u0165 pre\u0165a\u017eeniu a zabezpe\u010duj\u00fa bezpe\u010dn\u00fa prev\u00e1dzku, \u010d\u00edm chr\u00e1nia person\u00e1l aj zariadenia po\u010das zdv\u00edhac\u00edch \u010dinnost\u00ed.<\/p>\n<p>Hydraulick\u00fd syst\u00e9m tie\u017e umo\u017e\u0148uje plynul\u00fd chod, \u010do minimalizuje opotrebovanie valca aj samotn\u00e9ho \u017eeriavu. T\u00e1to plynul\u00e1 funk\u010dnos\u0165 pom\u00e1ha zlep\u0161i\u0165 celkov\u00fa prev\u00e1dzkov\u00fa efektivitu a zni\u017euje po\u017eiadavky na \u00fadr\u017ebu.<\/p>\n<p>Okrem toho v\u0161estrannos\u0165 hydraulick\u00e9ho valca umo\u017e\u0148uje jeho prisp\u00f4sobenie r\u00f4znym konfigur\u00e1ci\u00e1m \u017eeriavov na mori, v\u010faka \u010domu je vhodn\u00fd pre \u0161irok\u00fa \u0161k\u00e1lu aplik\u00e1ci\u00ed, od stavebn\u00fdch pr\u00e1c a\u017e po \u00fadr\u017ebu a v\u0155tanie.<\/p>\n<p>N\u00edzke n\u00e1roky na \u00fadr\u017ebu hydraulick\u00e9ho valca napokon prispievaj\u00fa k zn\u00ed\u017eeniu prestojov a prev\u00e1dzkov\u00fdch n\u00e1kladov. Jeho kon\u0161trukcia sa zameriava na spo\u013eahlivos\u0165 a dlh\u00fa \u017eivotnos\u0165, \u010do zabezpe\u010duje, \u017ee oper\u00e1cie na mori m\u00f4\u017eu prebieha\u0165 bez preru\u0161enia.<\/p>\n<p>Stru\u010dne povedan\u00e9, hydraulick\u00fd valec pre pobre\u017en\u00e9 \u017eeriavy je nevyhnutn\u00fd pre optimaliz\u00e1ciu \u00fa\u010dinnosti, bezpe\u010dnosti a spo\u013eahlivosti pobre\u017en\u00fdch \u017eeriavov, \u010d\u00edm sa v\u00fdrazne zvy\u0161uje ich v\u00fdkon v n\u00e1ro\u010dn\u00fdch n\u00e1morn\u00fdch prostrediach.<\/p>\n<p data-sourcepos=\"14:1-14:90\"><img loading=\"lazy\" decoding=\"async\" class=\"alignnone wp-image-776\" src=\"https:\/\/fmp-components.com\/wp-content\/uploads\/2024\/12\/A-Type-Mast-Crane-Luffing-Cylinder-for-Offshore-Crane.webp\" alt=\"V\u00fdkyvn\u00fd valec \u017eeriavu typu A pre pobre\u017en\u00e9 \u017eeriavy\" width=\"840\" height=\"442\" title=\"\"><\/p>\n<h3>O FMP<\/h3>\n<p>FMP je \u0161pecializovan\u00e1 spolo\u010dnos\u0165 zaoberaj\u00faca sa stroj\u00e1rskou v\u00fdrobou hydraulick\u00fdch valcov. Od svojho zalo\u017eenia sa spolo\u010dnos\u0165 zameriava na v\u00fdskum a v\u00fdrobu hydraulick\u00fdch technol\u00f3gi\u00ed a \u00faspe\u0161ne pre\u0161la z rozmanit\u00e9ho sortimentu produktov, ktor\u00fd zah\u0155\u0148al zberov\u00e9 a stavebn\u00e9 stroje, na \u0161pecializ\u00e1ciu na komponenty po\u013enohospod\u00e1rskych traktorov. S viac ako desa\u0165ro\u010dn\u00fdmi sk\u00fasenos\u0165ami vo v\u00fdrobe a riaden\u00ed zabezpe\u010duje FMP vysoko kvalitn\u00e9 produkty prostredn\u00edctvom pokro\u010dil\u00fdch v\u00fdrobn\u00fdch techn\u00edk.<\/p>\n<p>Ako sa spolo\u010dnos\u0165 vyv\u00edjala, vyvinula komplexn\u00fa obr\u00e1baciu v\u00fdrobn\u00fa linku, mont\u00e1\u017enu linku a linku na lakovanie. N\u00e1\u0161 t\u00edm pozost\u00e1va zo sk\u00fasen\u00fdch mana\u017e\u00e9rov, sk\u00fasen\u00fdch strojn\u00fdch kon\u0161trukt\u00e9rov a vysoko kvalifikovan\u00fdch technikov, ktor\u00ed spolo\u010dne pracuj\u00fa na udr\u017ean\u00ed stabilnej kvality v\u00fdroby a z\u00e1rove\u0148 efekt\u00edvnej kontrole kontinuity a efektivity procesov.<\/p>\n<p>Spolo\u010dnos\u0165 FMP sa riadi filozofiou \u201eTechnologick\u00e9 inov\u00e1cie poh\u00e1\u0148aj\u00face pokrok, kvalita vytv\u00e1raj\u00faca zna\u010dky, remeseln\u00e9 spracovanie zabezpe\u010duj\u00face kvalitu a budovanie dlhodob\u00fdch obojstranne v\u00fdhodn\u00fdch vz\u0165ahov\u201c. N\u00e1\u0161 z\u00e1v\u00e4zok poskytova\u0165 vysokokvalitn\u00e9 produkty a vynikaj\u00face slu\u017eby z\u00e1kazn\u00edkom zost\u00e1va hlavn\u00fdm cie\u013eom, ke\u010f\u017ee neust\u00e1le uspokojujeme vyv\u00edjaj\u00face sa potreby trhu.<\/p>\n<p><img loading=\"lazy\" decoding=\"async\" class=\"alignnone size-full wp-image-426\" src=\"https:\/\/fmp-components.com\/wp-content\/uploads\/2024\/12\/Sanitation-Machinery-Locking-Hydraulic-Cylinder-factory.webp\" sizes=\"(min-width: 0px) and (max-width: 480px) 480px, (min-width: 481px) and (max-width: 980px) 980px, (min-width: 981px) and (max-width: 1280px) 1280px, (min-width: 1281px) 1414px, 100vw\" srcset=\"https:\/\/fmp-components.com\/wp-content\/uploads\/2024\/12\/Sanitation-Machinery-Locking-Hydraulic-Cylinder-factory.webp 1414w, https:\/\/fmp-components.com\/wp-content\/uploads\/2024\/12\/Sanitation-Machinery-Locking-Hydraulic-Cylinder-factory-1280x529.webp 1280w, https:\/\/fmp-components.com\/wp-content\/uploads\/2024\/12\/Sanitation-Machinery-Locking-Hydraulic-Cylinder-factory-980x405.webp 980w, https:\/\/fmp-components.com\/wp-content\/uploads\/2024\/12\/Sanitation-Machinery-Locking-Hydraulic-Cylinder-factory-480x198.webp 480w\" alt=\"Sanit\u00e1rne stroje, uzamykacie hydraulick\u00e9 valce, tov\u00e1re\u0148\" width=\"1414\" height=\"584\" title=\"\"><\/p>\n<p>Autor: CX<\/p>","protected":false},"excerpt":{"rendered":"<p>Hydraulick\u00fd valec pre pobre\u017en\u00e9 \u017eeriavy je d\u00f4le\u017eit\u00fdm komponentom ur\u010den\u00fdm na zabezpe\u010denie potrebnej zdv\u00edhacej a sp\u00fa\u0161\u0165acej sily pre v\u00fdlo\u017en\u00edk \u017eeriavu a \u010fal\u0161ie prev\u00e1dzkov\u00e9 mechanizmy. Tento hydraulick\u00fd valec umo\u017e\u0148uje presn\u00e9 ovl\u00e1danie a pohyb, \u010do umo\u017e\u0148uje bezpe\u010dn\u00fa manipul\u00e1ciu s \u0165a\u017ek\u00fdmi bremenami v n\u00e1ro\u010dn\u00fdch pobre\u017en\u00fdch prostrediach. Je vyroben\u00fd z vysokopevnostn\u00fdch materi\u00e1lov a je navrhnut\u00fd tak, aby odolal drsn\u00fdm n\u00e1morn\u00fdm podmienkam vr\u00e1tane vystavenia slanej vode a extr\u00e9mnemu po\u010dasiu, \u010d\u00edm zais\u0165uje odolnos\u0165 a spo\u013eahlivos\u0165. Plynul\u00fd hydraulick\u00fd chod umo\u017e\u0148uje r\u00fdchle nastavenie, zvy\u0161uje prev\u00e1dzkov\u00fa efektivitu a bezpe\u010dnos\u0165 po\u010das zdv\u00edhac\u00edch oper\u00e1ci\u00ed. Tento hydraulick\u00fd valec je nevyhnutn\u00fd na optimaliz\u00e1ciu v\u00fdkonu pobre\u017en\u00fdch \u017eeriavov a v\u00fdznamne prispieva k efekt\u00edvnosti n\u00e1morn\u00fdch stavebn\u00fdch, v\u0155tac\u00edch a \u00fadr\u017eb\u00e1rskych \u010dinnost\u00ed.<\/p>","protected":false},"featured_media":770,"comment_status":"open","ping_status":"closed","template":"","meta":{"_et_pb_use_builder":"","_et_pb_old_content":"","_et_gb_content_width":""},"product_brand":[],"product_cat":[28],"product_tag":[],"class_list":{"0":"post-761","1":"product","2":"type-product","3":"status-publish","4":"has-post-thumbnail","6":"product_cat-offshore-hydraulic-cylinders","8":"first","9":"instock","10":"shipping-taxable","11":"product-type-simple"},"_links":{"self":[{"href":"https:\/\/fmp-components.com\/sk\/wp-json\/wp\/v2\/product\/761","targetHints":{"allow":["GET"]}}],"collection":[{"href":"https:\/\/fmp-components.com\/sk\/wp-json\/wp\/v2\/product"}],"about":[{"href":"https:\/\/fmp-components.com\/sk\/wp-json\/wp\/v2\/types\/product"}],"replies":[{"embeddable":true,"href":"https:\/\/fmp-components.com\/sk\/wp-json\/wp\/v2\/comments?post=761"}],"wp:featuredmedia":[{"embeddable":true,"href":"https:\/\/fmp-components.com\/sk\/wp-json\/wp\/v2\/media\/770"}],"wp:attachment":[{"href":"https:\/\/fmp-components.com\/sk\/wp-json\/wp\/v2\/media?parent=761"}],"wp:term":[{"taxonomy":"product_brand","embeddable":true,"href":"https:\/\/fmp-components.com\/sk\/wp-json\/wp\/v2\/product_brand?post=761"},{"taxonomy":"product_cat","embeddable":true,"href":"https:\/\/fmp-components.com\/sk\/wp-json\/wp\/v2\/product_cat?post=761"},{"taxonomy":"product_tag","embeddable":true,"href":"https:\/\/fmp-components.com\/sk\/wp-json\/wp\/v2\/product_tag?post=761"}],"curies":[{"name":"pracovn\u00fd list","href":"https:\/\/api.w.org\/{rel}","templated":true}]}}