{"id":751,"date":"2024-12-18T05:37:50","date_gmt":"2024-12-18T05:37:50","guid":{"rendered":"https:\/\/fmp-components.com\/?page_id=8"},"modified":"2024-12-18T05:39:02","modified_gmt":"2024-12-18T05:39:02","slug":"pile-driving-barge-luffing-cylinder","status":"publish","type":"product","link":"https:\/\/fmp-components.com\/sk\/product\/pile-driving-barge-luffing-cylinder\/","title":{"rendered":"Valec na vych\u00fdlenie bar\u017ee"},"content":{"rendered":"<p style=\"text-align: center;\"><span style=\"font-size: 18pt;\">Valec na vych\u00fdlenie bar\u017ee<\/span><\/p>\n<p>Hydraulick\u00fd valec na vykl\u00e1panie bar\u017e\u00ed je z\u00e1kladn\u00fd hydraulick\u00fd komponent ur\u010den\u00fd na umo\u017enenie vykl\u00e1pacieho pohybu ramena \u017eeriavu na bar\u017e\u00e1ch na zab\u00edjanie bar\u017e\u00ed. Tento valec zohr\u00e1va k\u013e\u00fa\u010dov\u00fa \u00falohu pri poskytovan\u00ed potrebnej sily na zdv\u00edhanie a sp\u00fa\u0161\u0165anie ramena \u017eeriavu, \u010do umo\u017e\u0148uje presn\u00e9 polohovanie bar\u00e1nia po\u010das in\u0161tala\u010dn\u00fdch pr\u00e1c.<\/p>\n<p><img loading=\"lazy\" decoding=\"async\" class=\"alignnone size-full wp-image-754\" src=\"https:\/\/fmp-components.com\/wp-content\/uploads\/2024\/12\/Pile-Driving-Barge-Luffing-Cylinder-1-1.webp\" alt=\"Valec na bar\u00e1novanie-\u010dln-vychy\u013eovanie-1\" width=\"1024\" height=\"675\" title=\"\" srcset=\"https:\/\/fmp-components.com\/wp-content\/uploads\/2024\/12\/Pile-Driving-Barge-Luffing-Cylinder-1-1.webp 1024w, https:\/\/fmp-components.com\/wp-content\/uploads\/2024\/12\/Pile-Driving-Barge-Luffing-Cylinder-1-1-980x646.webp 980w, https:\/\/fmp-components.com\/wp-content\/uploads\/2024\/12\/Pile-Driving-Barge-Luffing-Cylinder-1-1-480x316.webp 480w\" sizes=\"(min-width: 0px) and (max-width: 480px) 480px, (min-width: 481px) and (max-width: 980px) 980px, (min-width: 981px) 1024px, 100vw\" \/><\/p>\n<h4>K\u013e\u00fa\u010dov\u00e9 vlastnosti:<\/h4>\n<ul>\n<li><strong>Vysok\u00e1 nosnos\u0165:<\/strong> V\u00fdkyvn\u00fd valec, navrhnut\u00fd na zvl\u00e1dnutie zna\u010dn\u00fdch za\u0165a\u017een\u00ed, zais\u0165uje stabiln\u00fd a kontrolovan\u00fd pohyb ramena \u017eeriavu po\u010das zat\u013akania pil\u00f3t.<\/li>\n<li><strong>Robustn\u00e1 kon\u0161trukcia:<\/strong> Tento valec je vyroben\u00fd z vysokopevnostn\u00fdch materi\u00e1lov a je skon\u0161truovan\u00fd tak, aby odolal drsn\u00e9mu morsk\u00e9mu prostrediu a vysok\u00e9mu tlaku spojen\u00e9mu s pilotn\u00fdmi pr\u00e1cami, \u010d\u00edm zais\u0165uje dlhotrvaj\u00facu odolnos\u0165 a spo\u013eahlivos\u0165.<\/li>\n<li><strong>Plynul\u00e1 prev\u00e1dzka:<\/strong> Pokro\u010dil\u00e1 hydraulick\u00e1 kon\u0161trukcia umo\u017e\u0148uje plynul\u00e9 a efekt\u00edvne nastavenie, \u010do u\u013eah\u010duje r\u00fdchle a presn\u00e9 polohovanie zariadenia na zat\u013akanie pilotov.<\/li>\n<li><strong>Zv\u00fd\u0161en\u00e1 bezpe\u010dnos\u0165:<\/strong> Vybaven\u00e9 bezpe\u010dnostn\u00fdmi mechanizmami, ktor\u00e9 zabra\u0148uj\u00fa nadmern\u00e9mu natiahnutiu a zais\u0165uj\u00fa bezpe\u010dn\u00fa prev\u00e1dzku, \u010d\u00edm prispievaj\u00fa k celkovej bezpe\u010dnosti pilotn\u00fdch pr\u00e1c.<\/li>\n<li><strong>V\u0161estrann\u00e9 pou\u017eitie:<\/strong> Tento vychy\u013eovac\u00ed valec, vhodn\u00fd pre r\u00f4zne typy bar\u017e\u00ed na bar\u00e1\u017ee, sa dok\u00e1\u017ee prisp\u00f4sobi\u0165 r\u00f4znym prev\u00e1dzkov\u00fdm potreb\u00e1m, v\u010faka \u010domu je ide\u00e1lny pre r\u00f4zne projekty n\u00e1mornej v\u00fdstavby.<\/li>\n<li><strong>N\u00edzke n\u00e1roky na \u00fadr\u017ebu:<\/strong> Je navrhnut\u00fd pre minim\u00e1lne opotrebovanie, zni\u017euje potrebu \u010dastej \u00fadr\u017eby, \u010do prispieva k zv\u00fd\u0161eniu produktivity a zn\u00ed\u017eeniu prev\u00e1dzkov\u00fdch n\u00e1kladov.<\/li>\n<\/ul>\n<p>Vychy\u013eovac\u00ed valec pre bar\u017ee na zatl\u00e1\u010danie bar\u017e\u00ed je nevyhnutn\u00fd pre optimaliz\u00e1ciu v\u00fdkonu oper\u00e1ci\u00ed zatl\u00e1\u010dania bar\u017e\u00ed, \u010d\u00edm sa v\u00fdrazne zvy\u0161uje \u00fa\u010dinnos\u0165 a efekt\u00edvnos\u0165 v\u00fdstavby z\u00e1kladov a projektov n\u00e1morn\u00e9ho in\u017einierstva.<\/p>\n<h2>Valec na vych\u00fdlenie bar\u017ee<\/h2>\n<p><img loading=\"lazy\" decoding=\"async\" class=\"size-full wp-image-753 aligncenter\" src=\"https:\/\/fmp-components.com\/wp-content\/uploads\/2024\/12\/Pile-Driving-Barge-Luffing-Cylinder-1.webp\" alt=\"Valec na baranie zat\u013akanie-\u010dln-vychy\u013eovanie-\" width=\"600\" height=\"600\" title=\"\" srcset=\"https:\/\/fmp-components.com\/wp-content\/uploads\/2024\/12\/Pile-Driving-Barge-Luffing-Cylinder-1.webp 600w, https:\/\/fmp-components.com\/wp-content\/uploads\/2024\/12\/Pile-Driving-Barge-Luffing-Cylinder-1-480x480.webp 480w\" sizes=\"(min-width: 0px) and (max-width: 480px) 480px, (min-width: 481px) 600px, 100vw\" \/><\/p>\n<table style=\"width: 97.7861%; height: 234px;\" border=\"1\" cellspacing=\"0\" cellpadding=\"0\">\n<tbody>\n<tr style=\"height: 23px;\">\n<td style=\"height: 23px; width: 12.6359%;\">N\u00e1zov produktu<\/td>\n<td style=\"height: 23px; width: 110.054%;\">Valec na vych\u00fdlenie bar\u017ee<\/td>\n<\/tr>\n<tr style=\"height: 47px;\">\n<td style=\"height: 47px; width: 12.6359%;\">Vlastnosti:<\/td>\n<td style=\"height: 47px; width: 110.054%;\">ot\u00e1\u010da\u0165 r\u00e1m pil\u00f3ty a nies\u0165 za\u0165a\u017eenie a prijat\u00e1 vonkaj\u0161ia sila je nielen ve\u013ek\u00e1, ale aj zlo\u017eit\u00e1<\/td>\n<\/tr>\n<tr style=\"height: 47px;\">\n<td style=\"height: 47px; width: 12.6359%;\">Priemer otvoru:<\/td>\n<td style=\"height: 47px; width: 110.054%;\">A\u017e 1400 mm<\/td>\n<\/tr>\n<tr style=\"height: 47px;\">\n<td style=\"height: 47px; width: 12.6359%;\">Priemer ty\u010de:<\/td>\n<td style=\"height: 47px; width: 110.054%;\">Do 900 mm<br \/>\nZdvih a\u017e 15500 mm<\/td>\n<\/tr>\n<tr style=\"height: 47px;\">\n<td style=\"height: 47px; width: 12.6359%;\">\u0164ahov\u00e1 sila:<\/td>\n<td style=\"height: 47px; width: 110.054%;\">28465KN<br \/>\n(tlak 25 MPa)<\/td>\n<\/tr>\n<tr style=\"height: 23px;\">\n<td style=\"height: 23px; width: 12.6359%;\">Aplik\u00e1cie:<\/td>\n<td style=\"height: 23px; width: 110.054%;\">Zdv\u00edhacia plo\u0161ina na mori<\/td>\n<\/tr>\n<\/tbody>\n<\/table>\n<h2>Aplik\u00e1cie valca na vych\u00fdlenie bar\u017e\u00ed<\/h2>\n<p>V\u00fdkyvn\u00fd valec pre bar\u017ee na zat\u013akanie bar\u017e\u00ed sa pou\u017e\u00edva v r\u00f4znych n\u00e1morn\u00fdch stavebn\u00fdch a pilotn\u00fdch projektoch, kde zohr\u00e1va d\u00f4le\u017eit\u00fa \u00falohu pri zabezpe\u010dovan\u00ed stability a bezpe\u010dnosti r\u00f4znych kon\u0161trukci\u00ed. Tu je nieko\u013eko k\u013e\u00fa\u010dov\u00fdch aplik\u00e1ci\u00ed:<\/p>\n<p>Pri stavbe mostov s\u00fa vykl\u00e1pacie valce nevyhnutn\u00e9 na zat\u013akanie pil\u00f3t do rie\u010dneho alebo morsk\u00e9ho dna, \u010d\u00edm sa vytv\u00e1raj\u00fa robustn\u00e9 z\u00e1klady pre mostn\u00e9 piliere a opory. Tento proces je k\u013e\u00fa\u010dov\u00fd pre zabezpe\u010denie integrity mostnej kon\u0161trukcie.<\/p>\n<p>Pri v\u00fdstavbe pr\u00edstavisk a m\u00f3l tieto valce u\u013eah\u010duj\u00fa in\u0161tal\u00e1ciu pil\u00f3t, ktor\u00e9 tvoria stabiln\u00e9 z\u00e1klady pre pr\u00edstavisk\u00e1, m\u00f3la a in\u00e9 n\u00e1bre\u017en\u00e9 stavby. Bezpe\u010dn\u00fdm ukotven\u00edm t\u00fdchto z\u00e1kladov dok\u00e1\u017eu unies\u0165 za\u0165a\u017eenie kladen\u00e9 lo\u010fami a zariadeniami na manipul\u00e1ciu s n\u00e1kladom.<\/p>\n<p>Pri v\u00fdstavbe vetern\u00fdch elektr\u00e1rn\u00ed na mori sa na in\u0161tal\u00e1ciu z\u00e1kladov pre vetern\u00e9 turb\u00edny pou\u017e\u00edvaj\u00fa v\u00fdkyvn\u00e9 valce. Ich presn\u00e9 polohovanie umo\u017e\u0148uje presn\u00e9 zat\u013akanie pil\u00f3t do morsk\u00e9ho dna, \u010d\u00edm sa zabezpe\u010d\u00ed bezpe\u010dn\u00e1 z\u00e1klad\u0148a pre turb\u00edny.<\/p>\n<p>Pri stavbe m\u00f3l a delf\u00ednov\u00fdch kon\u0161trukci\u00ed, ktor\u00e9 s\u00fa k\u013e\u00fa\u010dov\u00e9 pre kotvenie plavidiel a ochranu pr\u00edstavov, sa na zat\u013akanie pil\u00f3t do vody alebo morsk\u00e9ho dna pou\u017e\u00edvaj\u00fa v\u00fdkyvn\u00e9 valce. Vytv\u00e1raj\u00fa sa tak odoln\u00e9 z\u00e1klady, ktor\u00e9 odol\u00e1vaj\u00fa sil\u00e1m vyv\u00edjan\u00fdm vodou a plavidlami.<\/p>\n<p>Pri v\u00fdstavbe ropn\u00fdch a plynov\u00fdch plo\u0161\u00edn s\u00fa v\u00fdkyvn\u00e9 valce k\u013e\u00fa\u010dov\u00e9 pre zat\u013akanie pil\u00f3t do morsk\u00e9ho dna, \u010d\u00edm sa tvor\u00ed z\u00e1klad pre nosn\u00fa kon\u0161trukciu plo\u0161iny. To zais\u0165uje stabilitu a bezpe\u010dnos\u0165 plo\u0161iny v n\u00e1ro\u010dn\u00fdch podmienkach na mori.<\/p>\n<p>Okrem toho, pri projektoch roz\u0161irovania a bagrovania pr\u00edstavov, vykl\u00e1pacie valce u\u013eah\u010duj\u00fa in\u0161tal\u00e1ciu nov\u00fdch pil\u00f3t alebo v\u00fdmenu existuj\u00facich. To je nevyhnutn\u00e9 pre moderniz\u00e1ciu infra\u0161trukt\u00fary s cie\u013eom prisp\u00f4sobi\u0165 sa v\u00e4\u010d\u0161\u00edm plavidl\u00e1m, zv\u00fd\u0161i\u0165 kapacitu pr\u00edstavu a zlep\u0161i\u0165 naviga\u010dn\u00e9 kan\u00e1ly.<\/p>\n<p>Celkovo vzat\u00e9, v\u0161estrannos\u0165 a \u00fa\u010dinnos\u0165 valca na vych\u00fdlenie bar\u017e\u00ed z neho rob\u00ed nepostr\u00e1date\u013en\u00fd n\u00e1stroj v r\u00f4znych aplik\u00e1ci\u00e1ch n\u00e1mornej v\u00fdstavby.<\/p>\n<p><img loading=\"lazy\" decoding=\"async\" class=\"alignnone wp-image-752\" src=\"https:\/\/fmp-components.com\/wp-content\/uploads\/2024\/12\/Pile-Driving-Barge-Luffing-Cylinder.webp\" alt=\"Valec na vych\u00fdlenie bar\u017ee\" width=\"955\" height=\"480\" title=\"\" srcset=\"https:\/\/fmp-components.com\/wp-content\/uploads\/2024\/12\/Pile-Driving-Barge-Luffing-Cylinder.webp 955w, https:\/\/fmp-components.com\/wp-content\/uploads\/2024\/12\/Pile-Driving-Barge-Luffing-Cylinder-480x241.webp 480w\" sizes=\"(min-width: 0px) and (max-width: 480px) 480px, (min-width: 481px) 955px, 100vw\" \/><\/p>\n<h3>O FMP<\/h3>\n<p>FMP je \u0161pecializovan\u00e1 spolo\u010dnos\u0165 zaoberaj\u00faca sa stroj\u00e1rskou v\u00fdrobou hydraulick\u00fdch valcov. Od svojho zalo\u017eenia sa spolo\u010dnos\u0165 zameriava na v\u00fdskum a v\u00fdrobu hydraulick\u00fdch technol\u00f3gi\u00ed a \u00faspe\u0161ne pre\u0161la z rozmanit\u00e9ho sortimentu produktov, ktor\u00fd zah\u0155\u0148al zberov\u00e9 a stavebn\u00e9 stroje, na \u0161pecializ\u00e1ciu na komponenty po\u013enohospod\u00e1rskych traktorov. S viac ako desa\u0165ro\u010dn\u00fdmi sk\u00fasenos\u0165ami vo v\u00fdrobe a riaden\u00ed zabezpe\u010duje FMP vysoko kvalitn\u00e9 produkty prostredn\u00edctvom pokro\u010dil\u00fdch v\u00fdrobn\u00fdch techn\u00edk.<\/p>\n<p>Ako sa spolo\u010dnos\u0165 vyv\u00edjala, vyvinula komplexn\u00fa obr\u00e1baciu v\u00fdrobn\u00fa linku, mont\u00e1\u017enu linku a linku na lakovanie. N\u00e1\u0161 t\u00edm pozost\u00e1va zo sk\u00fasen\u00fdch mana\u017e\u00e9rov, sk\u00fasen\u00fdch strojn\u00fdch kon\u0161trukt\u00e9rov a vysoko kvalifikovan\u00fdch technikov, ktor\u00ed spolo\u010dne pracuj\u00fa na udr\u017ean\u00ed stabilnej kvality v\u00fdroby a z\u00e1rove\u0148 efekt\u00edvnej kontrole kontinuity a efektivity procesov.<\/p>\n<p>Spolo\u010dnos\u0165 FMP sa riadi filozofiou \u201eTechnologick\u00e9 inov\u00e1cie poh\u00e1\u0148aj\u00face pokrok, kvalita vytv\u00e1raj\u00faca zna\u010dky, remeseln\u00e9 spracovanie zabezpe\u010duj\u00face kvalitu a budovanie dlhodob\u00fdch obojstranne v\u00fdhodn\u00fdch vz\u0165ahov\u201c. N\u00e1\u0161 z\u00e1v\u00e4zok poskytova\u0165 vysokokvalitn\u00e9 produkty a vynikaj\u00face slu\u017eby z\u00e1kazn\u00edkom zost\u00e1va hlavn\u00fdm cie\u013eom, ke\u010f\u017ee neust\u00e1le uspokojujeme vyv\u00edjaj\u00face sa potreby trhu.<\/p>\n<p><img loading=\"lazy\" decoding=\"async\" class=\"alignnone size-full wp-image-426\" src=\"https:\/\/fmp-components.com\/wp-content\/uploads\/2024\/12\/Sanitation-Machinery-Locking-Hydraulic-Cylinder-factory.webp\" sizes=\"(min-width: 0px) and (max-width: 480px) 480px, (min-width: 481px) and (max-width: 980px) 980px, (min-width: 981px) and (max-width: 1280px) 1280px, (min-width: 1281px) 1414px, 100vw\" srcset=\"https:\/\/fmp-components.com\/wp-content\/uploads\/2024\/12\/Sanitation-Machinery-Locking-Hydraulic-Cylinder-factory.webp 1414w, https:\/\/fmp-components.com\/wp-content\/uploads\/2024\/12\/Sanitation-Machinery-Locking-Hydraulic-Cylinder-factory-1280x529.webp 1280w, https:\/\/fmp-components.com\/wp-content\/uploads\/2024\/12\/Sanitation-Machinery-Locking-Hydraulic-Cylinder-factory-980x405.webp 980w, https:\/\/fmp-components.com\/wp-content\/uploads\/2024\/12\/Sanitation-Machinery-Locking-Hydraulic-Cylinder-factory-480x198.webp 480w\" alt=\"Sanit\u00e1rne stroje, uzamykacie hydraulick\u00e9 valce, tov\u00e1re\u0148\" width=\"1414\" height=\"584\" title=\"\"><\/p>\n<p>Autor: CX<\/p>","protected":false},"excerpt":{"rendered":"<p>Vykl\u00e1pac\u00ed valec pre bar\u017ee na zatl\u00e1\u010danie bar\u017e\u00ed je kritick\u00fd hydraulick\u00fd komponent ur\u010den\u00fd na u\u013eah\u010denie vykl\u00e1pacieho pohybu ramena \u017eeriavu na bar\u017e\u00e1ch na zatl\u00e1\u010danie bar\u017e\u00ed. Tento valec poskytuje potrebn\u00fa silu na zdv\u00edhanie a sp\u00fa\u0161\u0165anie ramena, \u010do umo\u017e\u0148uje presn\u00e9 polohovanie bar\u017ee po\u010das in\u0161tala\u010dn\u00fdch pr\u00e1c. Je vyroben\u00fd z vysokopevnostn\u00fdch materi\u00e1lov a je navrhnut\u00fd tak, aby odolal n\u00e1ro\u010dn\u00fdm podmienkam morsk\u00e9ho prostredia, \u010d\u00edm zais\u0165uje odolnos\u0165 a spo\u013eahlivos\u0165 aj pri vysok\u00fdch tlakoch. Plynul\u00fd hydraulick\u00fd chod umo\u017e\u0148uje r\u00fdchle nastavenie, \u010d\u00edm zvy\u0161uje prev\u00e1dzkov\u00fa efektivitu a bezpe\u010dnos\u0165 po\u010das zatl\u00e1\u010dania bar\u017e\u00ed. Tento vykl\u00e1pac\u00ed valec je nevyhnutn\u00fd na optimaliz\u00e1ciu v\u00fdkonu bar\u017e\u00ed na zatl\u00e1\u010danie bar\u017e\u00ed a v\u00fdznamne prispieva k efekt\u00edvnej v\u00fdstavbe z\u00e1kladov a projektom n\u00e1morn\u00e9ho in\u017einierstva.<\/p>","protected":false},"featured_media":753,"comment_status":"open","ping_status":"closed","template":"","meta":{"_et_pb_use_builder":"","_et_pb_old_content":"","_et_gb_content_width":""},"product_brand":[],"product_cat":[28],"product_tag":[],"class_list":{"0":"post-751","1":"product","2":"type-product","3":"status-publish","4":"has-post-thumbnail","6":"product_cat-offshore-hydraulic-cylinders","8":"first","9":"instock","10":"shipping-taxable","11":"product-type-simple"},"_links":{"self":[{"href":"https:\/\/fmp-components.com\/sk\/wp-json\/wp\/v2\/product\/751","targetHints":{"allow":["GET"]}}],"collection":[{"href":"https:\/\/fmp-components.com\/sk\/wp-json\/wp\/v2\/product"}],"about":[{"href":"https:\/\/fmp-components.com\/sk\/wp-json\/wp\/v2\/types\/product"}],"replies":[{"embeddable":true,"href":"https:\/\/fmp-components.com\/sk\/wp-json\/wp\/v2\/comments?post=751"}],"wp:featuredmedia":[{"embeddable":true,"href":"https:\/\/fmp-components.com\/sk\/wp-json\/wp\/v2\/media\/753"}],"wp:attachment":[{"href":"https:\/\/fmp-components.com\/sk\/wp-json\/wp\/v2\/media?parent=751"}],"wp:term":[{"taxonomy":"product_brand","embeddable":true,"href":"https:\/\/fmp-components.com\/sk\/wp-json\/wp\/v2\/product_brand?post=751"},{"taxonomy":"product_cat","embeddable":true,"href":"https:\/\/fmp-components.com\/sk\/wp-json\/wp\/v2\/product_cat?post=751"},{"taxonomy":"product_tag","embeddable":true,"href":"https:\/\/fmp-components.com\/sk\/wp-json\/wp\/v2\/product_tag?post=751"}],"curies":[{"name":"pracovn\u00fd list","href":"https:\/\/api.w.org\/{rel}","templated":true}]}}