{"id":7451,"date":"2025-03-26T07:59:56","date_gmt":"2025-03-26T07:59:56","guid":{"rendered":"https:\/\/fmp-components.com\/?post_type=product&#038;p=7451"},"modified":"2025-03-26T08:37:56","modified_gmt":"2025-03-26T08:37:56","slug":"plastic-spur-gears","status":"publish","type":"product","link":"https:\/\/fmp-components.com\/sk\/product\/plastic-spur-gears\/","title":{"rendered":"Plastov\u00e9 ozuben\u00e9 koles\u00e1"},"content":{"rendered":"<h2>Plastov\u00e9 ozuben\u00e9 koles\u00e1: Kvalita a prisp\u00f4sobenie<\/h2>\n<p class=\"break-words\">Plastov\u00e9 ozuben\u00e9 koles\u00e1 s\u00fa d\u00f4le\u017eit\u00fdmi s\u00fa\u010das\u0165ami modern\u00fdch strojov a zohr\u00e1vaj\u00fa k\u013e\u00fa\u010dov\u00fa \u00falohu v odvetviach, ako je automobilov\u00fd priemysel, elektronika a zdravotn\u00edcke zariadenia. Tieto \u013eahk\u00e9 a odoln\u00e9 ozuben\u00e9 koles\u00e1 s\u00fa navrhnut\u00e9 tak, aby efekt\u00edvne pren\u00e1\u0161ali pohyb a z\u00e1rove\u0148 zni\u017eovali hluk a opotrebenie. V spolo\u010dnosti FMP sme hrd\u00ed na to, \u017ee sme popredn\u00fdm v\u00fdrobcom plastov\u00fdch ozuben\u00fdch kolies. <a href=\"https:\/\/fmp-components.com\/sk\/spur-gear-2\/\">\u010celn\u00e9 ozuben\u00e9 koles\u00e1<\/a>, ktor\u00e1 pon\u00faka \u0161irok\u00fa \u0161k\u00e1lu \u0161tandardn\u00fdch mo\u017enost\u00ed a prisp\u00f4soben\u00ed na mieru, aby vyhovovala va\u0161im \u0161pecifick\u00fdm potreb\u00e1m. \u010ci u\u017e s\u00eddlite v Mil\u00e1ne, Ben\u00e1tkach, Florencii alebo Bologni, FMP je va\u0161\u00edm d\u00f4veryhodn\u00fdm partnerom pre vysoko kvalitn\u00e9 rie\u0161enia ozuben\u00fdch kolies.<\/p>\n<table style=\"border-collapse: collapse; width: 98.5%; height: 51px;\" border=\"0\" width=\"240\" cellspacing=\"0\" cellpadding=\"0\">\n<tbody>\n<tr style=\"height: 14.40pt;\">\n<td style=\"height: 14.40pt; width: 48.00pt;\" align=\"right\" width=\"80\" height=\"24\">\u00a0\u00a0<img loading=\"lazy\" decoding=\"async\" class=\"size-full wp-image-7456 aligncenter\" src=\"https:\/\/fmp-components.com\/wp-content\/uploads\/2025\/03\/plastic-spur-gear-5_1.webp\" alt=\"plastov\u00e9 ozuben\u00e9 koleso s \u010deln\u00fdm ozuben\u00fdm kolesom\" width=\"600\" height=\"600\" title=\"\" srcset=\"https:\/\/fmp-components.com\/wp-content\/uploads\/2025\/03\/plastic-spur-gear-5_1.webp 600w, https:\/\/fmp-components.com\/wp-content\/uploads\/2025\/03\/plastic-spur-gear-5_1-480x480.webp 480w\" sizes=\"(min-width: 0px) and (max-width: 480px) 480px, (min-width: 481px) 600px, 100vw\" \/><\/td>\n<td style=\"width: 48.00pt;\" align=\"right\" width=\"80\"><img loading=\"lazy\" decoding=\"async\" class=\"size-full wp-image-7457 aligncenter\" src=\"https:\/\/fmp-components.com\/wp-content\/uploads\/2025\/03\/plastic-spur-gear-4_1.webp\" alt=\"plastov\u00e9 ozuben\u00e9 koleso s \u010deln\u00fdm ozuben\u00fdm kolesom\" width=\"800\" height=\"800\" title=\"\" srcset=\"https:\/\/fmp-components.com\/wp-content\/uploads\/2025\/03\/plastic-spur-gear-4_1.webp 800w, https:\/\/fmp-components.com\/wp-content\/uploads\/2025\/03\/plastic-spur-gear-4_1-480x480.webp 480w\" sizes=\"(min-width: 0px) and (max-width: 480px) 480px, (min-width: 481px) 800px, 100vw\" \/><\/td>\n<td style=\"width: 48.00pt;\" align=\"right\" width=\"80\"><img loading=\"lazy\" decoding=\"async\" class=\"size-full wp-image-7458 aligncenter\" src=\"https:\/\/fmp-components.com\/wp-content\/uploads\/2025\/03\/plastic-spur-gear-3.webp\" alt=\"plastov\u00e9 ozuben\u00e9 koleso s \u010deln\u00fdm ozuben\u00fdm kolesom\" width=\"600\" height=\"600\" title=\"\" srcset=\"https:\/\/fmp-components.com\/wp-content\/uploads\/2025\/03\/plastic-spur-gear-3.webp 600w, https:\/\/fmp-components.com\/wp-content\/uploads\/2025\/03\/plastic-spur-gear-3-480x480.webp 480w\" sizes=\"(min-width: 0px) and (max-width: 480px) 480px, (min-width: 481px) 600px, 100vw\" \/><\/td>\n<\/tr>\n<\/tbody>\n<\/table>\n<h3>FMP: V\u00e1\u0161 expert na v\u00fdrobu plastov\u00fdch ozuben\u00fdch kolies<\/h3>\n<p class=\"break-words\">FMP je profesion\u00e1lny v\u00fdrobca \u0161pecializuj\u00faci sa na v\u00fdrobu plastov\u00fdch ozuben\u00fdch kolies. V\u010faka najmodernej\u0161ej technol\u00f3gii a sk\u00fasen\u00e9mu in\u017einierskemu t\u00edmu dod\u00e1vame produkty, ktor\u00e9 sp\u013a\u0148aj\u00fa pr\u00edsne \u0161tandardy kvality. N\u00e1\u0161 z\u00e1v\u00e4zok k dokonalosti z n\u00e1s rob\u00ed preferovan\u00e9ho dod\u00e1vate\u013ea pre firmy v celom Taliansku a mimo neho.<\/p>\n<div>\n<h3>Vlastnosti plastov\u00fdch ozuben\u00fdch kolies FMP<\/h3>\n<p class=\"break-words\">Na\u0161e plastov\u00e9 ozuben\u00e9 koles\u00e1 s\u00fa vyroben\u00e9 z prvotriednych materi\u00e1lov, \u010do poskytuje v\u00fdrazn\u00e9 v\u00fdhody oproti tradi\u010dn\u00fdm kovov\u00fdm alternat\u00edvam. Tu je to, \u010do odli\u0161uje na\u0161e produkty:<\/p>\n<ul class=\"marker:text-secondary\">\n<li class=\"break-words\"><strong>Trvanlivos\u0165<\/strong>Navrhnut\u00e9 pre odolnos\u0165 vo\u010di opotrebovaniu, \u010do zais\u0165uje dlhodob\u00fa spo\u013eahlivos\u0165 aj v n\u00e1ro\u010dn\u00fdch podmienkach.<\/li>\n<li class=\"break-words\"><strong>\u013dahk\u00fd dizajn<\/strong>Ide\u00e1lne pre aplik\u00e1cie, kde je nevyhnutn\u00e9 zn\u00ed\u017ei\u0165 hmotnos\u0165, napr\u00edklad v prenosn\u00fdch zariadeniach alebo vozidl\u00e1ch.<\/li>\n<li class=\"break-words\"><strong>Tich\u00e1 prev\u00e1dzka<\/strong>Minimalizuje zvukov\u00fd v\u00fdkon, v\u010faka \u010domu s\u00fa ide\u00e1lne pre prostredia citliv\u00e9 na hluk, ako s\u00fa zdravotn\u00edcke zariadenia alebo kancel\u00e1rie.<\/li>\n<li class=\"break-words\"><strong>Odolnos\u0165 proti kor\u00f3zii<\/strong>Na rozdiel od kovov\u00fdch ozuben\u00fdch kolies s\u00fa na\u0161e plastov\u00e9 ozuben\u00e9 koles\u00e1 odoln\u00e9 vo\u010di hrdzi a degrad\u00e1cii, \u010d\u00edm pon\u00fakaj\u00fa vynikaj\u00faci v\u00fdkon v n\u00e1ro\u010dn\u00fdch podmienkach.<\/li>\n<\/ul>\n<p class=\"break-words\">Vyr\u00e1bame r\u00f4zne typy plastov\u00fdch ozuben\u00fdch kolies, ktor\u00e9 vyhovuj\u00fa r\u00f4znym aplik\u00e1ci\u00e1m, od \u0161tandardn\u00fdch modelov a\u017e po \u0161pecializovan\u00e9 prevedenia so zv\u00fd\u0161enou pevnos\u0165ou alebo jedine\u010dn\u00fdmi \u0161pecifik\u00e1ciami.<\/p>\n<div>\n<h2>Plastov\u00e9 ozuben\u00e9 koles\u00e1 na mieru prisp\u00f4soben\u00e9 va\u0161im potreb\u00e1m<\/h2>\n<p class=\"break-words\">V spolo\u010dnosti FMP ch\u00e1peme, \u017ee \u0161tandardn\u00e9 rie\u0161enia nie v\u017edy vyhovuj\u00fa ka\u017ed\u00e9mu projektu. Preto pon\u00fakame komplexn\u00e9 slu\u017eby prisp\u00f4sobenia. \u010ci u\u017e potrebujete konkr\u00e9tnu ve\u013ekos\u0165, materi\u00e1l alebo konfigur\u00e1ciu, n\u00e1\u0161 t\u00edm je vybaven\u00fd na navrhnutie a v\u00fdrobu plastov\u00fdch ozuben\u00fdch kolies pod\u013ea va\u0161ich presn\u00fdch \u0161pecifik\u00e1ci\u00ed.<\/p>\n<p class=\"break-words\">Ak v na\u0161om zozname produktov nevid\u00edte model, ktor\u00fd potrebujete, nebojte sa \u2013 m\u00f4\u017ee to jednoducho znamena\u0165, \u017ee sme e\u0161te nemali mo\u017enos\u0165 aktualizova\u0165 n\u00e1\u0161 katal\u00f3g. Kontaktujte n\u00e1s e-mailom na adrese <a href=\"mailto:info@fmpcomponents.it\">info@fmpcomponents.it<\/a>\u00a0s podrobnos\u0165ami o va\u0161ich po\u017eiadavk\u00e1ch. Na\u0161i technici v\u00e1m odpovedia do 24 hod\u00edn a poskytn\u00fa v\u00e1m odborn\u00e9 poradenstvo a rie\u0161enie na mieru, ktor\u00e9 bude vyhovova\u0165 va\u0161im potreb\u00e1m.<\/p>\n<table style=\"border-collapse: collapse; width: 98.5%; height: 41px;\" border=\"0\" width=\"240\" cellspacing=\"0\" cellpadding=\"0\">\n<tbody>\n<tr style=\"height: 14.40pt;\">\n<td style=\"height: 14.40pt; width: 48.00pt;\" align=\"right\" width=\"80\" height=\"24\"><img loading=\"lazy\" decoding=\"async\" class=\"size-full wp-image-7455 aligncenter\" src=\"https:\/\/fmp-components.com\/wp-content\/uploads\/2025\/03\/plastic-spur-gear-6_1.webp\" alt=\"plastov\u00e9 ozuben\u00e9 koleso s \u010deln\u00fdm ozuben\u00fdm kolesom\" width=\"600\" height=\"600\" title=\"\" srcset=\"https:\/\/fmp-components.com\/wp-content\/uploads\/2025\/03\/plastic-spur-gear-6_1.webp 600w, https:\/\/fmp-components.com\/wp-content\/uploads\/2025\/03\/plastic-spur-gear-6_1-480x480.webp 480w\" sizes=\"(min-width: 0px) and (max-width: 480px) 480px, (min-width: 481px) 600px, 100vw\" \/><\/td>\n<td style=\"width: 48.00pt;\" align=\"right\" width=\"80\"><img loading=\"lazy\" decoding=\"async\" class=\"alignnone size-full wp-image-7459\" src=\"https:\/\/fmp-components.com\/wp-content\/uploads\/2025\/03\/plastic-spur-gear-2.webp\" alt=\"plastov\u00e9 ozuben\u00e9 koleso s \u010deln\u00fdm ozuben\u00fdm kolesom\" width=\"720\" height=\"720\" title=\"\" srcset=\"https:\/\/fmp-components.com\/wp-content\/uploads\/2025\/03\/plastic-spur-gear-2.webp 720w, https:\/\/fmp-components.com\/wp-content\/uploads\/2025\/03\/plastic-spur-gear-2-480x480.webp 480w\" sizes=\"(min-width: 0px) and (max-width: 480px) 480px, (min-width: 481px) 720px, 100vw\" \/><\/td>\n<td style=\"width: 48.00pt;\" align=\"right\" width=\"80\"><img loading=\"lazy\" decoding=\"async\" class=\"alignnone size-full wp-image-7454\" src=\"https:\/\/fmp-components.com\/wp-content\/uploads\/2025\/03\/plastic-spur-gear-7.webp\" alt=\"plastov\u00e9 ozuben\u00e9 koleso s \u010deln\u00fdm ozuben\u00fdm kolesom\" width=\"600\" height=\"600\" title=\"\" srcset=\"https:\/\/fmp-components.com\/wp-content\/uploads\/2025\/03\/plastic-spur-gear-7.webp 600w, https:\/\/fmp-components.com\/wp-content\/uploads\/2025\/03\/plastic-spur-gear-7-480x480.webp 480w\" sizes=\"(min-width: 0px) and (max-width: 480px) 480px, (min-width: 481px) 600px, 100vw\" \/><\/td>\n<\/tr>\n<\/tbody>\n<\/table>\n<\/div>\n<\/div>","protected":false},"excerpt":{"rendered":"<p>Plastic Spur Gears: Quality and Customization Plastic Spur Gears are vital components in modern machinery, playing a key role in industries such as automotive, electronics, and medical equipment. These lightweight, durable gears are designed to transmit motion efficiently while reducing noise and wear. At FMP, we take pride in being a leading manufacturer of Plastic [&hellip;]<\/p>","protected":false},"featured_media":7452,"comment_status":"open","ping_status":"closed","template":"","meta":{"_et_pb_use_builder":"","_et_pb_old_content":"","_et_gb_content_width":""},"product_brand":[],"product_cat":[109],"product_tag":[],"class_list":{"0":"post-7451","1":"product","2":"type-product","3":"status-publish","4":"has-post-thumbnail","6":"product_cat-spur-gear","8":"first","9":"instock","10":"shipping-taxable","11":"product-type-simple"},"_links":{"self":[{"href":"https:\/\/fmp-components.com\/sk\/wp-json\/wp\/v2\/product\/7451","targetHints":{"allow":["GET"]}}],"collection":[{"href":"https:\/\/fmp-components.com\/sk\/wp-json\/wp\/v2\/product"}],"about":[{"href":"https:\/\/fmp-components.com\/sk\/wp-json\/wp\/v2\/types\/product"}],"replies":[{"embeddable":true,"href":"https:\/\/fmp-components.com\/sk\/wp-json\/wp\/v2\/comments?post=7451"}],"wp:featuredmedia":[{"embeddable":true,"href":"https:\/\/fmp-components.com\/sk\/wp-json\/wp\/v2\/media\/7452"}],"wp:attachment":[{"href":"https:\/\/fmp-components.com\/sk\/wp-json\/wp\/v2\/media?parent=7451"}],"wp:term":[{"taxonomy":"product_brand","embeddable":true,"href":"https:\/\/fmp-components.com\/sk\/wp-json\/wp\/v2\/product_brand?post=7451"},{"taxonomy":"product_cat","embeddable":true,"href":"https:\/\/fmp-components.com\/sk\/wp-json\/wp\/v2\/product_cat?post=7451"},{"taxonomy":"product_tag","embeddable":true,"href":"https:\/\/fmp-components.com\/sk\/wp-json\/wp\/v2\/product_tag?post=7451"}],"curies":[{"name":"pracovn\u00fd list","href":"https:\/\/api.w.org\/{rel}","templated":true}]}}