{"id":744,"date":"2024-12-18T05:28:55","date_gmt":"2024-12-18T05:28:55","guid":{"rendered":"https:\/\/fmp-components.com\/?page_id=8"},"modified":"2024-12-18T05:32:12","modified_gmt":"2024-12-18T05:32:12","slug":"drilling-platform-steel-wire-rope-tensioner-cylinder","status":"publish","type":"product","link":"https:\/\/fmp-components.com\/sk\/product\/drilling-platform-steel-wire-rope-tensioner-cylinder\/","title":{"rendered":"Nap\u00ednac\u00ed valec oce\u013eov\u00e9ho lana pre v\u0155taciu plo\u0161inu"},"content":{"rendered":"<p style=\"text-align: center;\"><span style=\"font-size: 18pt;\">Nap\u00ednac\u00ed valec oce\u013eov\u00e9ho lana pre v\u0155taciu plo\u0161inu<\/span><\/p>\n<p>Nap\u00ednac\u00ed valec oce\u013eov\u00e9ho lana pre v\u0155taciu plo\u0161inu je z\u00e1kladn\u00fd hydraulick\u00fd komponent ur\u010den\u00fd na zabezpe\u010denie optim\u00e1lneho nap\u00ednania oce\u013eov\u00fdch l\u00e1n pou\u017e\u00edvan\u00fdch pri v\u0155tan\u00ed. Tento valec zohr\u00e1va k\u013e\u00fa\u010dov\u00fa \u00falohu pri udr\u017eiavan\u00ed bezpe\u010dnosti a efekt\u00edvnosti v\u0155tac\u00edch oper\u00e1ci\u00ed t\u00fdm, \u017ee poskytuje potrebn\u00fa silu na nastavenie a stabiliz\u00e1ciu napnutia oce\u013eov\u00e9ho lana, \u010do je nevyhnutn\u00e9 pre spr\u00e1vne fungovanie v\u0155tacieho zariadenia.<\/p>\n<p><img loading=\"lazy\" decoding=\"async\" class=\"alignnone size-full wp-image-745\" src=\"https:\/\/fmp-components.com\/wp-content\/uploads\/2024\/12\/Drilling-Platform-Steel-Wire-Rope-Tensioner-Cylinder.webp\" alt=\"V\u0155tacia plo\u0161ina-Oce\u013e-L\u00e1no-Nap\u00edna\u010d-Valec\" width=\"1024\" height=\"607\" title=\"\" srcset=\"https:\/\/fmp-components.com\/wp-content\/uploads\/2024\/12\/Drilling-Platform-Steel-Wire-Rope-Tensioner-Cylinder.webp 1024w, https:\/\/fmp-components.com\/wp-content\/uploads\/2024\/12\/Drilling-Platform-Steel-Wire-Rope-Tensioner-Cylinder-980x581.webp 980w, https:\/\/fmp-components.com\/wp-content\/uploads\/2024\/12\/Drilling-Platform-Steel-Wire-Rope-Tensioner-Cylinder-480x285.webp 480w\" sizes=\"(min-width: 0px) and (max-width: 480px) 480px, (min-width: 481px) and (max-width: 980px) 980px, (min-width: 981px) 1024px, 100vw\" \/><\/p>\n<h4>K\u013e\u00fa\u010dov\u00e9 vlastnosti:<\/h4>\n<ul>\n<li><strong>Vysok\u00e1 nap\u00e4\u0165ov\u00e1 kapacita:<\/strong> Tento valec, navrhnut\u00fd tak, aby zvl\u00e1dal zna\u010dn\u00e9 za\u0165a\u017eenie, efekt\u00edvne riadi nap\u00e4tie oce\u013eov\u00fdch l\u00e1n a zais\u0165uje konzistentn\u00fd v\u00fdkon v n\u00e1ro\u010dn\u00fdch podmienkach.<\/li>\n<li><strong>Robustn\u00e1 kon\u0161trukcia:<\/strong> Nap\u00ednac\u00ed valec je vyroben\u00fd z vysokopevnostn\u00fdch materi\u00e1lov a je skon\u0161truovan\u00fd tak, aby odolal drsn\u00e9mu prostrediu a vysok\u00e9mu tlaku typick\u00e9mu pre v\u0155tacie oper\u00e1cie, a pon\u00faka dlhotrvaj\u00facu odolnos\u0165 a spo\u013eahlivos\u0165.<\/li>\n<li><strong>Plynul\u00e1 prev\u00e1dzka:<\/strong> Pokro\u010dil\u00e1 hydraulick\u00e1 kon\u0161trukcia umo\u017e\u0148uje plynul\u00e9 a presn\u00e9 nastavenie, \u010do u\u013eah\u010duje r\u00fdchle zmeny nap\u00e4tia pod\u013ea potreby po\u010das v\u0155tania.<\/li>\n<li><strong>Bezpe\u010dnostn\u00e9 mechanizmy:<\/strong> Obsahuje bezpe\u010dnostn\u00e9 prvky, ktor\u00e9 zabra\u0148uj\u00fa nadmern\u00e9mu napnutiu a zais\u0165uj\u00fa bezpe\u010dn\u00fa prev\u00e1dzku, \u010d\u00edm zvy\u0161uj\u00fa celkov\u00fa bezpe\u010dnos\u0165 v\u0155tac\u00edch oper\u00e1ci\u00ed.<\/li>\n<li><strong>V\u0161estrann\u00e9 pou\u017eitie:<\/strong> Tento valec je vhodn\u00fd pre r\u00f4zne v\u0155tacie platformy a dok\u00e1\u017ee sa prisp\u00f4sobi\u0165 r\u00f4znym prev\u00e1dzkov\u00fdm potreb\u00e1m, v\u010faka \u010domu je v\u0161estrannou vo\u013ebou pre r\u00f4zne v\u0155tacie prostredia.<\/li>\n<li><strong>N\u00edzke n\u00e1roky na \u00fadr\u017ebu:<\/strong> Je navrhnut\u00fd s oh\u013eadom na minim\u00e1lne opotrebenie, zni\u017euje potrebu \u00fadr\u017eby a prev\u00e1dzkov\u00e9 prestoje, \u010d\u00edm prispieva k zv\u00fd\u0161eniu produktivity.<\/li>\n<\/ul>\n<p>Stru\u010dne povedan\u00e9, nap\u00ednac\u00ed valec oce\u013eov\u00e9ho lana pre vrtn\u00fa plo\u0161inu je nevyhnutn\u00fd pre optimaliz\u00e1ciu v\u00fdkonu a bezpe\u010dnosti v\u0155tac\u00edch oper\u00e1ci\u00ed, \u010d\u00edm sa v\u00fdrazne zvy\u0161uje \u00fa\u010dinnos\u0165 a spo\u013eahlivos\u0165 vrtn\u00fdch plo\u0161\u00edn v ter\u00e9ne.<\/p>\n<h2>Nap\u00ednac\u00ed valec oce\u013eov\u00e9ho lana pre v\u0155taciu plo\u0161inu<\/h2>\n<p><img loading=\"lazy\" decoding=\"async\" class=\"size-full wp-image-749 aligncenter\" src=\"https:\/\/fmp-components.com\/wp-content\/uploads\/2024\/12\/Drilling-Platform-Steel-Wire-Rope-Tensioner-Cylinder-1-1.webp\" alt=\"V\u0155tacia plo\u0161ina-Oce\u013e-L\u00e1no-Nap\u00edna\u010d-Valec\" width=\"600\" height=\"600\" title=\"\" srcset=\"https:\/\/fmp-components.com\/wp-content\/uploads\/2024\/12\/Drilling-Platform-Steel-Wire-Rope-Tensioner-Cylinder-1-1.webp 600w, https:\/\/fmp-components.com\/wp-content\/uploads\/2024\/12\/Drilling-Platform-Steel-Wire-Rope-Tensioner-Cylinder-1-1-480x480.webp 480w\" sizes=\"(min-width: 0px) and (max-width: 480px) 480px, (min-width: 481px) 600px, 100vw\" \/><\/p>\n<table style=\"width: 96.3174%; height: 185px;\" border=\"1\" cellspacing=\"0\" cellpadding=\"0\">\n<tbody>\n<tr>\n<td>N\u00e1zov produktu<\/td>\n<td>Nap\u00ednac\u00ed valec oce\u013eov\u00e9ho lana pre v\u0155taciu plo\u0161inu<\/td>\n<\/tr>\n<tr>\n<td>Vlastnosti:<\/td>\n<td>Poskytuje pr\u00edtla\u010dn\u00fa silu a nap\u00edna oce\u013eov\u00e9 lano cez kladku<\/td>\n<\/tr>\n<tr>\n<td>Priemer otvoru:<\/td>\n<td>A\u017e 620 mm<\/td>\n<\/tr>\n<tr>\n<td>Priemer ty\u010de:<\/td>\n<td>A\u017e 580 mm<\/td>\n<\/tr>\n<tr>\n<td>\u0164ahov\u00e1 sila:<\/td>\n<td>Maxim\u00e1lne 8500 kN<\/td>\n<\/tr>\n<tr>\n<td>\u0160pecifik\u00e1cie:<\/td>\n<td>Poskytnite valce s hmotnos\u0165ou 889KN, 1112KN, 1245KN a \u010fal\u0161ie s r\u00f4znymi po\u017eiadavkami na napnutie<\/td>\n<\/tr>\n<tr>\n<td>Aplik\u00e1cie:<\/td>\n<td>Zdv\u00edhacia plo\u0161ina na mori<\/td>\n<\/tr>\n<\/tbody>\n<\/table>\n<h2>V\u00fdhody nap\u00ednacieho valca oce\u013eov\u00e9ho lana pre v\u0155taciu plo\u0161inu<\/h2>\n<p>Nap\u00ednac\u00ed valec oce\u013eov\u00e9ho lana pre vrtn\u00fa plo\u0161inu pon\u00faka mno\u017estvo v\u00fdhod, ktor\u00e9 zd\u00f4raz\u0148uj\u00fa jeho d\u00f4le\u017eitos\u0165 pri vrtn\u00fdch oper\u00e1ci\u00e1ch na mori. Tu s\u00fa niektor\u00e9 k\u013e\u00fa\u010dov\u00e9 v\u00fdhody:<\/p>\n<p>Jednou z hlavn\u00fdch v\u00fdhod je presn\u00e1 regul\u00e1cia napnutia. Tento valec umo\u017e\u0148uje oper\u00e1torom jemne nastavi\u0165 napnutie oce\u013eov\u00fdch l\u00e1n modul\u00e1ciou hydraulick\u00e9ho tlaku. Dosiahnutie spr\u00e1vnej \u00farovne napnutia je k\u013e\u00fa\u010dov\u00e9 pre zabezpe\u010denie optim\u00e1lneho v\u00fdkonu oce\u013eov\u00fdch l\u00e1n po\u010das v\u0155tania.<\/p>\n<p>\u010eal\u0161ou v\u00fdznamnou v\u00fdhodou je zv\u00fd\u0161en\u00e1 bezpe\u010dnos\u0165. Nap\u00ednac\u00ed valec je vybaven\u00fd pokro\u010dil\u00fdmi bezpe\u010dnostn\u00fdmi prvkami, ako s\u00fa tlakov\u00e9 senzory a ochrann\u00e9 mechanizmy, ktor\u00e9 pom\u00e1haj\u00fa predch\u00e1dza\u0165 nadmern\u00e9mu napnutiu alebo n\u00e1hlemu uvo\u013eneniu nap\u00e4tia. Tieto funkcie zais\u0165uj\u00fa bezpe\u010dn\u00fa prev\u00e1dzku a chr\u00e1nia person\u00e1l aj zariadenie pred potenci\u00e1lnymi nebezpe\u010denstvami.<\/p>\n<p>Valec tie\u017e prispieva k zlep\u0161eniu prev\u00e1dzkovej efekt\u00edvnosti. Udr\u017eiavan\u00edm vhodn\u00e9ho napnutia oce\u013eov\u00fdch l\u00e1n zabezpe\u010duje plynul\u00fd a kontrolovan\u00fd pohyb vrtnej kol\u00f3ny a u\u013eah\u010duje zdv\u00edhanie \u0165a\u017ek\u00fdch bremien. To vedie k zv\u00fd\u0161enej produktivite a skr\u00e1teniu prestojov pri v\u0155tan\u00ed.<\/p>\n<p>Okrem toho je pozoruhodn\u00e1 odolnos\u0165 a spo\u013eahlivos\u0165 nap\u00ednacieho valca. Je vyroben\u00fd z vysokopevnostn\u00fdch materi\u00e1lov a je navrhnut\u00fd tak, aby odolal n\u00e1ro\u010dn\u00fdm podmienkam v\u0155tania na mori vr\u00e1tane koroz\u00edvnej slanej vody, vysok\u00e9ho tlaku a extr\u00e9mnych tepl\u00f4t. T\u00e1to odolnos\u0165 zais\u0165uje konzistentn\u00fd v\u00fdkon v priebehu \u010dasu.<\/p>\n<p>Nap\u00ednac\u00ed valec navy\u0161e pon\u00faka v\u0161estrann\u00e9 pou\u017eitie. M\u00f4\u017ee sa pou\u017e\u00edva\u0165 s r\u00f4znymi ve\u013ekos\u0165ami a typmi oce\u013eov\u00fdch l\u00e1n, v\u010faka \u010domu je prisp\u00f4sobite\u013en\u00fd r\u00f4znym v\u0155tac\u00edm \u00faloh\u00e1m, ako je v\u0155tanie, zdv\u00edhanie a manipul\u00e1cia s bremenami. T\u00e1to flexibilita poskytuje komplexn\u00e9 rie\u0161enie na udr\u017eiavanie napnutia oce\u013eov\u00e9ho lana po\u010das viacer\u00fdch oper\u00e1ci\u00ed.<\/p>\n<p>Kon\u0161trukcia nap\u00ednacieho valca napokon kladie d\u00f4raz na \u00fadr\u017ebu a jednoduchos\u0165 prev\u00e1dzky. Jeho komponenty s\u00fa \u013eahko pr\u00edstupn\u00e9 na kontrolu a pravideln\u00fa \u00fadr\u017ebu, \u010do pom\u00e1ha zabezpe\u010di\u0165 optim\u00e1lnu funkciu a minimalizuje prestoje. T\u00e1to jednoduch\u00e1 \u00fadr\u017eba prispieva k celkovej efektivite v\u0155tac\u00edch oper\u00e1ci\u00ed a zabezpe\u010duje, \u017ee zariadenie zostane v perfektnom stave.<\/p>\n<p><img loading=\"lazy\" decoding=\"async\" class=\"alignnone wp-image-746\" src=\"https:\/\/fmp-components.com\/wp-content\/uploads\/2024\/12\/Drilling-Platform-Steel-Wire-Rope-Tensioner-Cylinder-1.webp\" alt=\"Nap\u00ednac\u00ed valec oce\u013eov\u00e9ho lana pre v\u0155taciu plo\u0161inu\" width=\"925\" height=\"648\" title=\"\" srcset=\"https:\/\/fmp-components.com\/wp-content\/uploads\/2024\/12\/Drilling-Platform-Steel-Wire-Rope-Tensioner-Cylinder-1.webp 925w, https:\/\/fmp-components.com\/wp-content\/uploads\/2024\/12\/Drilling-Platform-Steel-Wire-Rope-Tensioner-Cylinder-1-480x336.webp 480w\" sizes=\"(min-width: 0px) and (max-width: 480px) 480px, (min-width: 481px) 925px, 100vw\" \/><\/p>\n<h3>O FMP<\/h3>\n<p>FMP je \u0161pecializovan\u00e1 spolo\u010dnos\u0165 zaoberaj\u00faca sa stroj\u00e1rskou v\u00fdrobou hydraulick\u00fdch valcov. Od svojho zalo\u017eenia sa spolo\u010dnos\u0165 zameriava na v\u00fdskum a v\u00fdrobu hydraulick\u00fdch technol\u00f3gi\u00ed a \u00faspe\u0161ne pre\u0161la z rozmanit\u00e9ho sortimentu produktov, ktor\u00fd zah\u0155\u0148al zberov\u00e9 a stavebn\u00e9 stroje, na \u0161pecializ\u00e1ciu na komponenty po\u013enohospod\u00e1rskych traktorov. S viac ako desa\u0165ro\u010dn\u00fdmi sk\u00fasenos\u0165ami vo v\u00fdrobe a riaden\u00ed zabezpe\u010duje FMP vysoko kvalitn\u00e9 produkty prostredn\u00edctvom pokro\u010dil\u00fdch v\u00fdrobn\u00fdch techn\u00edk.<\/p>\n<p>Ako sa spolo\u010dnos\u0165 vyv\u00edjala, vyvinula komplexn\u00fa obr\u00e1baciu v\u00fdrobn\u00fa linku, mont\u00e1\u017enu linku a linku na lakovanie. N\u00e1\u0161 t\u00edm pozost\u00e1va zo sk\u00fasen\u00fdch mana\u017e\u00e9rov, sk\u00fasen\u00fdch strojn\u00fdch kon\u0161trukt\u00e9rov a vysoko kvalifikovan\u00fdch technikov, ktor\u00ed spolo\u010dne pracuj\u00fa na udr\u017ean\u00ed stabilnej kvality v\u00fdroby a z\u00e1rove\u0148 efekt\u00edvnej kontrole kontinuity a efektivity procesov.<\/p>\n<p>Spolo\u010dnos\u0165 FMP sa riadi filozofiou \u201eTechnologick\u00e9 inov\u00e1cie poh\u00e1\u0148aj\u00face pokrok, kvalita vytv\u00e1raj\u00faca zna\u010dky, remeseln\u00e9 spracovanie zabezpe\u010duj\u00face kvalitu a budovanie dlhodob\u00fdch obojstranne v\u00fdhodn\u00fdch vz\u0165ahov\u201c. N\u00e1\u0161 z\u00e1v\u00e4zok poskytova\u0165 vysokokvalitn\u00e9 produkty a vynikaj\u00face slu\u017eby z\u00e1kazn\u00edkom zost\u00e1va hlavn\u00fdm cie\u013eom, ke\u010f\u017ee neust\u00e1le uspokojujeme vyv\u00edjaj\u00face sa potreby trhu.<\/p>\n<p><img loading=\"lazy\" decoding=\"async\" class=\"alignnone size-full wp-image-426\" src=\"https:\/\/fmp-components.com\/wp-content\/uploads\/2024\/12\/Sanitation-Machinery-Locking-Hydraulic-Cylinder-factory.webp\" sizes=\"(min-width: 0px) and (max-width: 480px) 480px, (min-width: 481px) and (max-width: 980px) 980px, (min-width: 981px) and (max-width: 1280px) 1280px, (min-width: 1281px) 1414px, 100vw\" srcset=\"https:\/\/fmp-components.com\/wp-content\/uploads\/2024\/12\/Sanitation-Machinery-Locking-Hydraulic-Cylinder-factory.webp 1414w, https:\/\/fmp-components.com\/wp-content\/uploads\/2024\/12\/Sanitation-Machinery-Locking-Hydraulic-Cylinder-factory-1280x529.webp 1280w, https:\/\/fmp-components.com\/wp-content\/uploads\/2024\/12\/Sanitation-Machinery-Locking-Hydraulic-Cylinder-factory-980x405.webp 980w, https:\/\/fmp-components.com\/wp-content\/uploads\/2024\/12\/Sanitation-Machinery-Locking-Hydraulic-Cylinder-factory-480x198.webp 480w\" alt=\"Sanit\u00e1rne stroje, uzamykacie hydraulick\u00e9 valce, tov\u00e1re\u0148\" width=\"1414\" height=\"584\" title=\"\"><\/p>\n<p>Autor: CX<\/p>","protected":false},"excerpt":{"rendered":"<p>Nap\u00ednac\u00ed valec oce\u013eov\u00fdch l\u00e1n pre vrtn\u00fa plo\u0161inu je k\u013e\u00fa\u010dov\u00fd hydraulick\u00fd komponent ur\u010den\u00fd na udr\u017eiavanie optim\u00e1lneho napnutia oce\u013eov\u00fdch l\u00e1n pou\u017e\u00edvan\u00fdch pri v\u0155tan\u00ed. Tento valec poskytuje potrebn\u00fa silu na nastavenie a stabiliz\u00e1ciu napnutia oce\u013eov\u00fdch l\u00e1n, \u010d\u00edm zais\u0165uje bezpe\u010dn\u00fa a efekt\u00edvnu prev\u00e1dzku vrtnej plo\u0161iny. Je vyroben\u00fd z vysokopevnostn\u00fdch materi\u00e1lov a je navrhnut\u00fd tak, aby odolal n\u00e1ro\u010dn\u00fdm podmienkam a vysok\u00e9mu tlaku typick\u00e9mu pre v\u0155tacie prostredie, \u010d\u00edm zais\u0165uje odolnos\u0165 a spo\u013eahlivos\u0165. Plynul\u00fd hydraulick\u00fd chod umo\u017e\u0148uje presn\u00e9 nastavenie, \u010d\u00edm zvy\u0161uje prev\u00e1dzkov\u00fa efektivitu a bezpe\u010dnos\u0165 po\u010das v\u0155tania. Tento nap\u00ednac\u00ed valec je nevyhnutn\u00fd na optimaliz\u00e1ciu v\u00fdkonu vrtn\u00fdch plo\u0161\u00edn a v\u00fdznamne prispieva k efektivite v\u0155tania a celkovej integrite zariadenia.<\/p>","protected":false},"featured_media":749,"comment_status":"open","ping_status":"closed","template":"","meta":{"_et_pb_use_builder":"","_et_pb_old_content":"","_et_gb_content_width":""},"product_brand":[],"product_cat":[28],"product_tag":[],"class_list":{"0":"post-744","1":"product","2":"type-product","3":"status-publish","4":"has-post-thumbnail","6":"product_cat-offshore-hydraulic-cylinders","8":"first","9":"instock","10":"shipping-taxable","11":"product-type-simple"},"_links":{"self":[{"href":"https:\/\/fmp-components.com\/sk\/wp-json\/wp\/v2\/product\/744","targetHints":{"allow":["GET"]}}],"collection":[{"href":"https:\/\/fmp-components.com\/sk\/wp-json\/wp\/v2\/product"}],"about":[{"href":"https:\/\/fmp-components.com\/sk\/wp-json\/wp\/v2\/types\/product"}],"replies":[{"embeddable":true,"href":"https:\/\/fmp-components.com\/sk\/wp-json\/wp\/v2\/comments?post=744"}],"wp:featuredmedia":[{"embeddable":true,"href":"https:\/\/fmp-components.com\/sk\/wp-json\/wp\/v2\/media\/749"}],"wp:attachment":[{"href":"https:\/\/fmp-components.com\/sk\/wp-json\/wp\/v2\/media?parent=744"}],"wp:term":[{"taxonomy":"product_brand","embeddable":true,"href":"https:\/\/fmp-components.com\/sk\/wp-json\/wp\/v2\/product_brand?post=744"},{"taxonomy":"product_cat","embeddable":true,"href":"https:\/\/fmp-components.com\/sk\/wp-json\/wp\/v2\/product_cat?post=744"},{"taxonomy":"product_tag","embeddable":true,"href":"https:\/\/fmp-components.com\/sk\/wp-json\/wp\/v2\/product_tag?post=744"}],"curies":[{"name":"pracovn\u00fd list","href":"https:\/\/api.w.org\/{rel}","templated":true}]}}