{"id":7404,"date":"2025-03-25T07:23:21","date_gmt":"2025-03-25T07:23:21","guid":{"rendered":"https:\/\/fmp-components.com\/?post_type=product&#038;p=7404"},"modified":"2025-03-26T08:39:36","modified_gmt":"2025-03-26T08:39:36","slug":"medical-stainless-spur-gear","status":"publish","type":"product","link":"https:\/\/fmp-components.com\/sk\/product\/medical-stainless-spur-gear\/","title":{"rendered":"Lek\u00e1rske ozuben\u00e9 koleso z nehrdzavej\u00facej ocele"},"content":{"rendered":"<div>\n<h3>Ozuben\u00e9 koles\u00e1 z nehrdzavej\u00facej ocele v medic\u00ednskych aplik\u00e1ci\u00e1ch<\/h3>\n<p class=\"break-words\">Pokia\u013e ide o presn\u00e9 stroj\u00e1rstvo, ozuben\u00e9 koles\u00e1 z nehrdzavej\u00facej ocele vynikaj\u00fa ako k\u013e\u00fa\u010dov\u00e1 s\u00fa\u010das\u0165 v r\u00f4znych odvetviach, najm\u00e4 v zdravotn\u00edctve. V spolo\u010dnosti FMP sa \u0161pecializujeme na v\u00fdrobu vysokokvalitn\u00fdch ozuben\u00fdch kolies z nehrdzavej\u00facej ocele, ktor\u00e9 s\u00fa prisp\u00f4soben\u00e9 tak, aby sp\u013a\u0148ali pr\u00edsne po\u017eiadavky zdravotn\u00edckych zariaden\u00ed. \u010ci u\u017e ste v Mil\u00e1ne, Ben\u00e1tkach, Florencii, Bologni alebo kdeko\u013evek inde v Taliansku, na\u0161e odborn\u00e9 znalosti zaru\u010duj\u00fa, \u017ee va\u0161e potreby t\u00fdkaj\u00face sa odoln\u00e9ho a spo\u013eahliv\u00e9ho materi\u00e1lu bud\u00fa splnen\u00e9. <a href=\"https:\/\/fmp-components.com\/sk\/spur-gear-2\/\">\u010deln\u00e9 ozuben\u00e9 koles\u00e1<\/a> s\u00fa splnen\u00e9 s vynikaj\u00facou kvalitou.<\/p>\n<table style=\"border-collapse: collapse; width: 98.7077%; height: 14px;\" border=\"0\" width=\"162\" cellspacing=\"0\" cellpadding=\"0\">\n<tbody>\n<tr style=\"height: 14.40pt;\">\n<td style=\"height: 14px; width: 49.8728%;\" align=\"right\" width=\"81\" height=\"24\"><img loading=\"lazy\" decoding=\"async\" class=\"size-full wp-image-7414 aligncenter\" src=\"https:\/\/fmp-components.com\/wp-content\/uploads\/2025\/03\/Stainless-steel-Spur-Gear-1.webp\" alt=\"\u010celn\u00e9 ozuben\u00e9 koleso z nehrdzavej\u00facej ocele\" width=\"250\" height=\"250\" title=\"\" srcset=\"https:\/\/fmp-components.com\/wp-content\/uploads\/2025\/03\/Stainless-steel-Spur-Gear-1.webp 250w, https:\/\/fmp-components.com\/wp-content\/uploads\/2025\/03\/Stainless-steel-Spur-Gear-1-150x150.webp 150w, https:\/\/fmp-components.com\/wp-content\/uploads\/2025\/03\/Stainless-steel-Spur-Gear-1-12x12.webp 12w, https:\/\/fmp-components.com\/wp-content\/uploads\/2025\/03\/Stainless-steel-Spur-Gear-1-100x100.webp 100w\" sizes=\"(max-width: 250px) 100vw, 250px\" \/><\/td>\n<td style=\"width: 49.8728%; height: 14px;\" align=\"right\" width=\"81\"><img loading=\"lazy\" decoding=\"async\" class=\"size-full wp-image-7413 aligncenter\" src=\"https:\/\/fmp-components.com\/wp-content\/uploads\/2025\/03\/Stainless-steel-Spur-Gear-2.webp\" alt=\"\u010celn\u00e9 ozuben\u00e9 koleso z nehrdzavej\u00facej ocele\" width=\"300\" height=\"300\" title=\"\" srcset=\"https:\/\/fmp-components.com\/wp-content\/uploads\/2025\/03\/Stainless-steel-Spur-Gear-2.webp 300w, https:\/\/fmp-components.com\/wp-content\/uploads\/2025\/03\/Stainless-steel-Spur-Gear-2-150x150.webp 150w, https:\/\/fmp-components.com\/wp-content\/uploads\/2025\/03\/Stainless-steel-Spur-Gear-2-12x12.webp 12w, https:\/\/fmp-components.com\/wp-content\/uploads\/2025\/03\/Stainless-steel-Spur-Gear-2-100x100.webp 100w\" sizes=\"(max-width: 300px) 100vw, 300px\" \/><\/td>\n<\/tr>\n<\/tbody>\n<\/table>\n<h2>\u010co s\u00fa to ozuben\u00e9 koles\u00e1 z nehrdzavej\u00facej ocele?<\/h2>\n<p class=\"break-words\">\u010celn\u00e9 ozuben\u00e9 koles\u00e1 s\u00fa najjednoduch\u0161\u00edm a najn\u00e1kladovo najefekt\u00edvnej\u0161\u00edm typom presn\u00fdch ozuben\u00fdch kolies, ktor\u00e9 sa vyzna\u010duj\u00fa rovn\u00fdmi zubami usporiadan\u00fdmi rovnobe\u017ene s osou ot\u00e1\u010dania ozuben\u00e9ho kolesa. Tieto ozuben\u00e9 koles\u00e1 efekt\u00edvne pren\u00e1\u0161aj\u00fa pohyb a v\u00fdkon medzi rovnobe\u017en\u00fdmi hriade\u013emi, ktor\u00e9 sa ot\u00e1\u010daj\u00fa v opa\u010dn\u00fdch smeroch. Nerezov\u00e1 oce\u013e v\u010faka svojej odolnosti vo\u010di kor\u00f3zii a trvanlivosti rob\u00ed z t\u00fdchto ozuben\u00fdch kolies ide\u00e1lnu vo\u013ebu pre aplik\u00e1cie vy\u017eaduj\u00face hygienu a dlh\u00fa \u017eivotnos\u0165 \u2013 k\u013e\u00fa\u010dov\u00e9 vlastnosti v oblasti medic\u00edny.<\/p>\n<p class=\"break-words\">V spolo\u010dnosti FMP pon\u00fakame \u010deln\u00e9 ozuben\u00e9 koles\u00e1, ktor\u00e9 sp\u013a\u0148aj\u00fa a prekra\u010duj\u00fa \u0161tandardy kvality AGMA (Americk\u00e1 asoci\u00e1cia v\u00fdrobcov ozuben\u00fdch kolies). Na\u0161e \u010deln\u00e9 ozuben\u00e9 koles\u00e1 z nehrdzavej\u00facej ocele sa dod\u00e1vaj\u00fa s mo\u017enos\u0165ami prisp\u00f4sobenia vr\u00e1tane uhlov z\u00e1beru 14,5\u00b0 alebo 20\u00b0, r\u00f4znych ve\u013ekost\u00ed otvorov a priemerov rozstupov od 4 DP do 96 DP.<\/p>\n<\/div>\n<h2>\u0160pecifik\u00e1cia<\/h2>\n<p>Rozmer: \u03a63 mm - \u03a6120 mm<br \/>\nModul: M0.25<br \/>\nTyp materi\u00e1lu: Nerezov\u00e1 oce\u013e, pod\u013ea po\u017eiadaviek z\u00e1kazn\u00edka<\/p>\n<div class=\"table-responsive\">\n<table class=\"table\" style=\"width: 101.186%; height: 344px;\" border=\"1\">\n<tbody>\n<tr>\n<td colspan=\"2\">Lek\u00e1rske nerezov\u00e9 ozuben\u00e9 koleso<\/td>\n<\/tr>\n<tr>\n<td>Rozmer<\/td>\n<td>\u03a65 mm<\/td>\n<\/tr>\n<tr>\n<td>Modul<\/td>\n<td>M0,15, M0,2, M0,25 \u2013 M0,8, M0,8<br \/>\nM1.0<\/td>\n<\/tr>\n<tr>\n<td>Typ materi\u00e1lu<\/td>\n<td>Nerezov\u00e1 oce\u013e<\/td>\n<\/tr>\n<tr>\n<td>Stupe\u0148 sie\u0165ovania<\/td>\n<td>ISO 6, JGMA 1, JIS 6, AGMA 13, DIN 6, DIN 5, AGMA12<\/td>\n<\/tr>\n<tr>\n<td>Aplik\u00e1cia<\/td>\n<td>Automobilov\u00fd priemysel, arm\u00e1da, lietadl\u00e1, stroj\u00e1rstvo,<\/td>\n<\/tr>\n<tr>\n<td>Prisp\u00f4soben\u00e9<\/td>\n<td>ODM\/OEM<\/td>\n<\/tr>\n<tr>\n<td>Vzorka<\/td>\n<td>Vzorka k dispoz\u00edcii<\/td>\n<\/tr>\n<tr>\n<td>Sp\u00f4soby balenia<\/td>\n<td>V\u00e1kuovo balen\u00e9 s plastovou miskou<\/td>\n<\/tr>\n<tr>\n<td>Sp\u00f4soby doru\u010denia<\/td>\n<td>DHL UPS<\/td>\n<\/tr>\n<tr>\n<td>Certifik\u00e1t<\/td>\n<td>ISO 9001: 2008\/TS16949<\/td>\n<\/tr>\n<\/tbody>\n<\/table>\n<div>\n<h3>Aplik\u00e1cie ozuben\u00fdch kolies z nehrdzavej\u00facej ocele v zdravotn\u00edckych zariadeniach<\/h3>\n<p class=\"break-words\">V medic\u00ednskom priemysle s\u00fa presnos\u0165, spo\u013eahlivos\u0165 a \u010distota nevyhnutnos\u0165ou. Ozuben\u00e9 koles\u00e1 z nehrdzavej\u00facej ocele zohr\u00e1vaj\u00fa k\u013e\u00fa\u010dov\u00fa \u00falohu v zariadeniach, ako s\u00fa:<\/p>\n<ul class=\"marker:text-secondary\">\n<li class=\"break-words\"><strong>Centrif\u00fagy<\/strong>Tieto stroje, ktor\u00e9 sa pou\u017e\u00edvaj\u00fa v laborat\u00f3ri\u00e1ch v Mil\u00e1ne a Bologni na odde\u013eovanie kvapal\u00edn, sa spoliehaj\u00fa na \u010deln\u00e9 ozuben\u00e9 koles\u00e1 pre konzistentn\u00fd rota\u010dn\u00fd v\u00fdkon.<\/li>\n<li class=\"break-words\"><strong>Lek\u00e1rske \u010derpadl\u00e1<\/strong>Od inf\u00faznych p\u00famp a\u017e po dialyza\u010dn\u00e9 pr\u00edstroje, ozuben\u00e9 koles\u00e1 z nehrdzavej\u00facej ocele zabezpe\u010duj\u00fa plynul\u00e9 a presn\u00e9 pod\u00e1vanie tekut\u00edn, \u010do je v nemocniciach v Ben\u00e1tkach a Florencii nevyhnutnos\u0165.<\/li>\n<li class=\"break-words\"><strong>Chirurgick\u00e9 n\u00e1stroje<\/strong>Presn\u00e9 n\u00e1stroje, ako s\u00fa robotick\u00e9 chirurgick\u00e9 syst\u00e9my, sa spoliehaj\u00fa na trvanlivos\u0165 a odolnos\u0165 ozuben\u00fdch kolies z nehrdzavej\u00facej ocele vo\u010di kor\u00f3zii, aby zabezpe\u010dili bezchybn\u00fd v\u00fdkon.<\/li>\n<li class=\"break-words\"><strong>Zdvih\u00e1ky a zdv\u00edhacie zariadenia<\/strong>V rehabilita\u010dn\u00fdch zariadeniach alebo opera\u010dn\u00fdch stoloch poskytuj\u00fa \u010deln\u00e9 ozuben\u00e9 koles\u00e1 mechanick\u00fa v\u00fdhodu potrebn\u00fa pre bezpe\u010dn\u00fa manipul\u00e1ciu s pacientom.<\/li>\n<\/ul>\n<p class=\"break-words\">V\u010faka svojim inherentn\u00fdm vlastnostiam \u2013 odolnosti vo\u010di hrdzi, \u013eahkej steriliz\u00e1cii a pevnosti \u2013 je nehrdzavej\u00faca oce\u013e preferovan\u00fdm materi\u00e1lom pre tieto aplik\u00e1cie a zabezpe\u010duje s\u00falad s pr\u00edsnymi lek\u00e1rskymi normami.<\/p>\n<div>\n<h4>FMP: V\u00e1\u0161 d\u00f4veryhodn\u00fd partner pre ozuben\u00e9 koles\u00e1 z nehrdzavej\u00facej ocele v Taliansku<\/h4>\n<p class=\"break-words\">V spolo\u010dnosti FMP sme hrd\u00ed na to, \u017ee sme popredn\u00fdm v\u00fdrobcom \u010deln\u00fdch ozuben\u00fdch kolies z nehrdzavej\u00facej ocele a sl\u00fa\u017eime v\u00fdrobcom origin\u00e1lnych dielov (OEM), distrib\u00fatorom a trhom s presn\u00fdmi strojmi. Na z\u00e1klade dlhoro\u010dn\u00fdch sk\u00fasenost\u00ed vyr\u00e1bame \u0161irok\u00fa \u0161k\u00e1lu \u010deln\u00fdch ozuben\u00fdch kolies z r\u00f4znych materi\u00e1lov vr\u00e1tane ocele, nehrdzavej\u00facej ocele, hlin\u00edka a mosadze. Na\u0161a ponuka zah\u0155\u0148a:<\/p>\n<ul class=\"marker:text-secondary\">\n<li class=\"break-words\"><strong>Ozuben\u00e9 koles\u00e1 s \u010deln\u00fdmi ozuben\u00fdmi kolesami<\/strong>K dispoz\u00edcii s n\u00e1bojmi, ve\u013ekos\u0165ami otvorov od 0,437 palca a prisp\u00f4sobite\u013en\u00fdmi priemermi rozstupov.<\/li>\n<li class=\"break-words\"><strong>Vlastn\u00e9 \u010deln\u00e9 ozuben\u00e9 koles\u00e1<\/strong>Prisp\u00f4soben\u00e9 va\u0161im \u0161pecifick\u00fdm po\u017eiadavk\u00e1m, \u010di u\u017e ide o jedine\u010dn\u00fd po\u010det zubov, uhol tlaku alebo materi\u00e1l.<\/li>\n<\/ul>\n<p class=\"break-words\">Ch\u00e1peme, \u017ee ka\u017ed\u00fd projekt je jedine\u010dn\u00fd. Preto pon\u00fakame z\u00e1kazkov\u00fa v\u00fdrobu ozuben\u00fdch kolies klientom po celom Taliansku, od ru\u0161n\u00fdch priemyseln\u00fdch centier Mil\u00e1na a\u017e po inovat\u00edvne technologick\u00e9 centr\u00e1 Ben\u00e1tok. \u010ci u\u017e potrebujete \u010deln\u00e9 ozuben\u00e9 koles\u00e1, ku\u017ee\u013eov\u00e9 ozuben\u00e9 koles\u00e1, \u0161pir\u00e1lov\u00e9 ozuben\u00e9 koles\u00e1 alebo dokonca polotovary ozuben\u00fdch kolies, na\u0161i in\u017einieri s\u00fa vybaven\u00ed na to, aby v\u00e1m poskytli prec\u00edzne spracovan\u00e9 rie\u0161enia.<\/p>\n<h4>Neviete n\u00e1js\u0165 svoj model? Kontaktujte n\u00e1s!<\/h4>\n<p class=\"break-words\">Ak si prezer\u00e1te n\u00e1\u0161 zoznam produktov a nevid\u00edte presne ten ozuben\u00fd prevod z nehrdzavej\u00facej ocele, ktor\u00fd potrebujete, nebojte sa \u2013 pravdepodobne sme ho e\u0161te nemali mo\u017enos\u0165 nahra\u0165. N\u00e1\u0161 sortiment je rozsiahly a na\u0161e mo\u017enosti \u010faleko presahuj\u00fa r\u00e1mec toho, \u010do je uveden\u00e9. Jednoducho n\u00e1m po\u0161lite e-mail s va\u0161imi po\u017eiadavkami a n\u00e1\u0161 t\u00edm v\u00e1m odpovie do... <strong>24 hod\u00edn<\/strong>.<\/p>\n<p class=\"break-words\">\n<\/div>\n<\/div>\n<\/div>","protected":false},"excerpt":{"rendered":"<p>Stainless Steel Spur Gears in Medical Applications When it comes to precision engineering, stainless steel spur gears stand out as a vital component across various industries, particularly in the medical sector. At FMP, we specialize in producing high-quality stainless steel spur gears tailored to meet the rigorous demands of medical equipment. Whether you\u2019re in Milan, [&hellip;]<\/p>","protected":false},"featured_media":7412,"comment_status":"open","ping_status":"closed","template":"","meta":{"_et_pb_use_builder":"","_et_pb_old_content":"","_et_gb_content_width":""},"product_brand":[],"product_cat":[109],"product_tag":[],"class_list":{"0":"post-7404","1":"product","2":"type-product","3":"status-publish","4":"has-post-thumbnail","6":"product_cat-spur-gear","8":"first","9":"instock","10":"shipping-taxable","11":"product-type-simple"},"_links":{"self":[{"href":"https:\/\/fmp-components.com\/sk\/wp-json\/wp\/v2\/product\/7404","targetHints":{"allow":["GET"]}}],"collection":[{"href":"https:\/\/fmp-components.com\/sk\/wp-json\/wp\/v2\/product"}],"about":[{"href":"https:\/\/fmp-components.com\/sk\/wp-json\/wp\/v2\/types\/product"}],"replies":[{"embeddable":true,"href":"https:\/\/fmp-components.com\/sk\/wp-json\/wp\/v2\/comments?post=7404"}],"wp:featuredmedia":[{"embeddable":true,"href":"https:\/\/fmp-components.com\/sk\/wp-json\/wp\/v2\/media\/7412"}],"wp:attachment":[{"href":"https:\/\/fmp-components.com\/sk\/wp-json\/wp\/v2\/media?parent=7404"}],"wp:term":[{"taxonomy":"product_brand","embeddable":true,"href":"https:\/\/fmp-components.com\/sk\/wp-json\/wp\/v2\/product_brand?post=7404"},{"taxonomy":"product_cat","embeddable":true,"href":"https:\/\/fmp-components.com\/sk\/wp-json\/wp\/v2\/product_cat?post=7404"},{"taxonomy":"product_tag","embeddable":true,"href":"https:\/\/fmp-components.com\/sk\/wp-json\/wp\/v2\/product_tag?post=7404"}],"curies":[{"name":"pracovn\u00fd list","href":"https:\/\/api.w.org\/{rel}","templated":true}]}}