{"id":7391,"date":"2025-03-25T02:52:39","date_gmt":"2025-03-25T02:52:39","guid":{"rendered":"https:\/\/fmp-components.com\/?post_type=product&#038;p=7391"},"modified":"2025-03-26T08:40:15","modified_gmt":"2025-03-26T08:40:15","slug":"automotive-spur-gear","status":"publish","type":"product","link":"https:\/\/fmp-components.com\/sk\/product\/automotive-spur-gear\/","title":{"rendered":"Automobilov\u00e9 ozuben\u00e9 koleso"},"content":{"rendered":"<div class=\"message-bubble rounded-3xl prose dark:prose-invert break-words text-primary min-h-7 prose-p:opacity-95 prose-strong:opacity-100 bg-foreground border border-input-border max-w-[100%] sm:max-w-[90%] px-4 py-2.5 rounded-br-lg\" dir=\"auto\">\n<div>\n<h2>\u00daloha \u010deln\u00fdch ozuben\u00fdch kolies v automobilovom in\u017einierstve<\/h2>\n<p class=\"break-words\">\u010celn\u00e9 ozuben\u00e9 koles\u00e1 s\u00fa z\u00e1kladn\u00fdm kame\u0148om automobilov\u00e9ho in\u017einierstva, jazdnej \u00fa\u010dinnosti, spo\u013eahlivosti a inov\u00e1ci\u00ed v r\u00f4znych mechanick\u00fdch syst\u00e9moch vozidiel. \u010celn\u00e9 ozuben\u00e9 koles\u00e1, zn\u00e1me svojou priamo\u010diarou kon\u0161trukciou a robustn\u00fdm v\u00fdkonom, sa \u0161iroko pou\u017e\u00edvaj\u00fa v automobilov\u00fdch aplik\u00e1ci\u00e1ch po celom Taliansku \u2013 od ru\u0161n\u00fdch ul\u00edc Mil\u00e1na a\u017e po malebn\u00e9 cesty Ben\u00e1tok, Florencie a Bologne. V spolo\u010dnosti FMP sa \u0161pecializujeme na v\u00fdrobu vysokokvalitn\u00fdch automobilov\u00fdch \u010deln\u00fdch ozuben\u00fdch kolies, prisp\u00f4soben\u00fdch tak, aby sp\u013a\u0148ali rozmanit\u00e9 potreby odvetvia, vr\u00e1tane z\u00e1kazkov\u00fdch rie\u0161en\u00ed pre klientov v Taliansku a mimo neho.<\/p>\n<p><img loading=\"lazy\" decoding=\"async\" class=\"size-full wp-image-7397 aligncenter\" src=\"https:\/\/fmp-components.com\/wp-content\/uploads\/2025\/03\/Automotive-Spur-Gear.webp\" alt=\"Automobilov\u00fd priemysel - \u010celn\u00e9 ozuben\u00e9 koleso\" width=\"1114\" height=\"918\" title=\"\" srcset=\"https:\/\/fmp-components.com\/wp-content\/uploads\/2025\/03\/Automotive-Spur-Gear.webp 1114w, https:\/\/fmp-components.com\/wp-content\/uploads\/2025\/03\/Automotive-Spur-Gear-980x808.webp 980w, https:\/\/fmp-components.com\/wp-content\/uploads\/2025\/03\/Automotive-Spur-Gear-480x396.webp 480w\" sizes=\"(min-width: 0px) and (max-width: 480px) 480px, (min-width: 481px) and (max-width: 980px) 980px, (min-width: 981px) 1114px, 100vw\" \/><\/p>\n<h2>\u0160pecifik\u00e1cia<\/h2>\n<\/div>\n<\/div>\n<p>Rozmer: \u03a63 mm - \u03a6120 mm<br \/>\nModul: M0.15-M2.2<br \/>\nTyp materi\u00e1lu: Kov, bronz, oce\u013e, zliatina, zinok, hlin\u00edk, \u017eelezo, nehrdzavej\u00faca oce\u013e, mosadz, me\u010f pod\u013ea po\u017eiadaviek z\u00e1kazn\u00edka<\/p>\n<div class=\"table-responsive\">\n<table class=\"table\" style=\"width: 102%; height: 289px;\" border=\"1\">\n<tbody>\n<tr style=\"height: 24px;\">\n<td style=\"height: 24px;\" colspan=\"2\">Automobilov\u00e9 ozuben\u00e9 koleso<\/td>\n<\/tr>\n<tr style=\"height: 24px;\">\n<td style=\"height: 24px;\">Rozmer<\/td>\n<td style=\"height: 24px;\">\u03a616 mm<\/td>\n<\/tr>\n<tr style=\"height: 49px;\">\n<td style=\"height: 49px;\">Modul<\/td>\n<td style=\"height: 49px;\">M0,15, M0,2, M0,25-M0,8,<br \/>\nM1.0<\/td>\n<\/tr>\n<tr style=\"height: 24px;\">\n<td style=\"height: 24px;\">Typ materi\u00e1lu<\/td>\n<td style=\"height: 24px;\">Kov, bronz, oce\u013e, zliatina, POM, zinok, hlin\u00edk, \u017eelezo, nehrdzavej\u00faca oce\u013e, mosadz, me\u010f<\/td>\n<\/tr>\n<tr style=\"height: 24px;\">\n<td style=\"height: 24px;\">Stupe\u0148 sie\u0165ovania<\/td>\n<td style=\"height: 24px;\">GB 6, ISO 6, JGMA 1, JIS 6, AGMA 13, DIN 6, AGMA12<\/td>\n<\/tr>\n<tr style=\"height: 24px;\">\n<td style=\"height: 24px;\">Aplik\u00e1cia<\/td>\n<td style=\"height: 24px;\">Medic\u00edna, automobilov\u00fd priemysel, arm\u00e1da, lietadl\u00e1, stroj\u00e1rstvo.<\/td>\n<\/tr>\n<tr style=\"height: 24px;\">\n<td style=\"height: 24px;\">Prisp\u00f4soben\u00e9<\/td>\n<td style=\"height: 24px;\">ODM\/OEM<\/td>\n<\/tr>\n<tr style=\"height: 24px;\">\n<td style=\"height: 24px;\">Vzorka<\/td>\n<td style=\"height: 24px;\">Vzorka k dispoz\u00edcii<\/td>\n<\/tr>\n<tr style=\"height: 24px;\">\n<td style=\"height: 24px;\">Sp\u00f4soby balenia<\/td>\n<td style=\"height: 24px;\">V\u00e1kuovo balen\u00e9 s plastovou miskou<\/td>\n<\/tr>\n<tr style=\"height: 24px;\">\n<td style=\"height: 24px;\">Sp\u00f4soby doru\u010denia<\/td>\n<td style=\"height: 24px;\">DHL &amp; TNT &amp; FedEx &amp; UPS<\/td>\n<\/tr>\n<tr style=\"height: 24px;\">\n<td style=\"height: 24px;\">Certifik\u00e1t<\/td>\n<td style=\"height: 24px;\">ISO 9001: 2008\/TS16949.<\/td>\n<\/tr>\n<\/tbody>\n<\/table>\n<div>\n<h4>Prenos v\u00fdkonu: Srdce automobilov\u00e9ho pohybu<\/h4>\n<p class=\"break-words\">V automobilovom svete s\u00fa \u010deln\u00e9 ozuben\u00e9 koles\u00e1 nevyhnutn\u00e9 pre prenos v\u00fdkonu. Efekt\u00edvne pren\u00e1\u0161aj\u00fa rota\u010dn\u00fd pohyb a kr\u00fatiaci moment z motora na komponenty, ako je prevodovka, diferenci\u00e1l a koles\u00e1. \u010ci u\u017e jazd\u00edte po k\u013eukat\u00fdch cest\u00e1ch Tosk\u00e1nska alebo v roz\u013eahlej mestskej \u010dasti Mil\u00e1na, \u010deln\u00e9 ozuben\u00e9 koles\u00e1 zabezpe\u010duj\u00fa plynul\u00fd prenos v\u00fdkonu, \u010do umo\u017e\u0148uje vozidl\u00e1m pohybova\u0165 sa dopredu alebo dozadu s presnos\u0165ou. V spolo\u010dnosti FMP s\u00fa na\u0161e automobilov\u00e9 \u010deln\u00e9 ozuben\u00e9 koles\u00e1 navrhnut\u00e9 pre odolnos\u0165 a v\u00fdkon, \u010d\u00edm podporuj\u00fa v\u00fdrobcov v celom Taliansku pri vytv\u00e1ran\u00ed spo\u013eahliv\u00fdch vozidiel.<\/p>\n<h4>Redukcia prevodov\u00e9ho stup\u0148a: Optimaliz\u00e1cia v\u00fdkonu a \u00fa\u010dinnosti<\/h4>\n<p class=\"break-words\">\u010celn\u00e9 ozuben\u00e9 koles\u00e1 vynikaj\u00fa v syst\u00e9moch redukcie prevodov, \u010do je d\u00f4le\u017eit\u00fd proces na vyv\u00e1\u017eenie r\u00fdchlosti a kr\u00fatiaceho momentu v automobiloch. \u00dapravou prevodov\u00fdch pomerov \u010deln\u00e9 ozuben\u00e9 koles\u00e1 transformuj\u00fa vysokor\u00fdchlostn\u00fd v\u00fdkon motora s n\u00edzkym kr\u00fatiacim momentom na v\u00fdkon s vysok\u00fdm kr\u00fatiacim momentom potrebn\u00fd na koles\u00e1ch pri ni\u017e\u0161\u00edch ot\u00e1\u010dkach. To zvy\u0161uje spotrebu paliva a v\u00fdkon motora \u2013 k\u013e\u00fa\u010dov\u00e9 priority pre vodi\u010dov v ekologicky uvedomel\u00fdch mest\u00e1ch, ako s\u00fa Florencia a Bologna. Prec\u00edzne vyroben\u00e9 \u010deln\u00e9 ozuben\u00e9 koles\u00e1 FMP zabezpe\u010duj\u00fa optim\u00e1lnu redukciu prevodov, \u010do pom\u00e1ha talianskym automobilk\u00e1m sp\u013a\u0148a\u0165 pr\u00edsne normy \u00fa\u010dinnosti.<\/p>\n<h4>Prevodov\u00e9 syst\u00e9my: Umo\u017enenie plynul\u00e9ho radenia prevodov\u00fdch stup\u0148ov<\/h4>\n<p class=\"break-words\">Od manu\u00e1lnych a\u017e po automatick\u00e9 prevodovky s\u00fa \u010deln\u00e9 ozuben\u00e9 koles\u00e1 neoddelite\u013enou s\u00fa\u010das\u0165ou prevodov\u00fdch syst\u00e9mov. V manu\u00e1lnych nastaveniach zaberaj\u00fa r\u00f4zne prevodov\u00e9 stupne so vstupn\u00fdm hriade\u013eom pre plynul\u00e9 radenie, zatia\u013e \u010do v automatick\u00fdch syst\u00e9moch prispievaj\u00fa k konfigur\u00e1ci\u00e1m plan\u00e9tov\u00fdch prevodov pre plynul\u00e9 prechody. \u010ci u\u017e ste mechanik v Ben\u00e1tkach alebo in\u017einier v Mil\u00e1ne, FMP pon\u00faka rad \u010deln\u00fdch ozuben\u00fdch kolies navrhnut\u00fdch tak, aby zv\u00fd\u0161ili spo\u013eahlivos\u0165 prevodovky a pohodlie vodi\u010da.<\/p>\n<div>\n<h3>Spolo\u010dnos\u0165 FMP: V\u00e1\u0161 d\u00f4veryhodn\u00fd partner pre automobilov\u00e9 ozuben\u00e9 koles\u00e1 v Taliansku<\/h3>\n<p class=\"break-words\">V spolo\u010dnosti FMP sme hrd\u00ed na to, \u017ee vyr\u00e1bame \u0161irok\u00fa \u0161k\u00e1lu automobilov\u00fdch ozuben\u00fdch kolies, od \u0161tandardn\u00fdch preveden\u00ed a\u017e po plne prisp\u00f4soben\u00e9 rie\u0161enia. Sl\u00fa\u017eime klientom po celom Taliansku \u2013 \u010di u\u017e v Mil\u00e1ne, Ben\u00e1tkach, Florencii alebo Bologni \u2013 a uspokojujeme rozmanit\u00e9 potreby automobilov\u00e9ho priemyslu s presnos\u0165ou a odborn\u00fdmi znalos\u0165ami. N\u00e1\u0161 v\u00fdrobn\u00fd proces zah\u0155\u0148a pokro\u010dil\u00e9 techniky, ako je br\u00fasenie a shaving ozuben\u00fdch kolies, aby sme zabezpe\u010dili vynikaj\u00facu presnos\u0165 a pevnos\u0165, v\u010faka \u010domu s\u00fa na\u0161e ozuben\u00e9 koles\u00e1 prvou vo\u013ebou talianskych in\u017einierov.<\/p>\n<p class=\"break-words\">Ak nevid\u00edte konkr\u00e9tne <a href=\"https:\/\/fmp-components.com\/sk\/spur-gear-2\/\">\u010deln\u00e9 ozuben\u00e9 koleso<\/a> Ak v na\u0161om zozname produktov n\u00e1jdete model, ktor\u00fd potrebujete, nebojte sa \u2013 znamen\u00e1 to jednoducho, \u017ee sme ho e\u0161te nemali mo\u017enos\u0165 nahra\u0165. V\u00edtame objedn\u00e1vky na mieru a poz\u00fdvame v\u00e1s, aby ste <strong>nap\u00ed\u0161te n\u00e1m e-mail<\/strong> s va\u0161imi po\u017eiadavkami. Na\u0161i sk\u00fasen\u00ed technici v\u00e1m odpovedia do <strong>24 hod\u00edn<\/strong>, \u010d\u00edm poskytujeme rie\u0161enia na mieru, ktor\u00e9 sp\u013a\u0148aj\u00fa va\u0161e potreby.<\/p>\n<\/div>\n<\/div>\n<\/div>","protected":false},"excerpt":{"rendered":"<p>The Role of Spur Gears in Automotive Engineering Spur gears are a cornerstone of automotive engineering, driving efficiency, reliability, and innovation across various mechanical systems in vehicles. Known for their straightforward design and robust performance, spur gears are widely utilized in automotive applications throughout Italy\u2014from the bustling streets of Milan to the scenic roads of [&hellip;]<\/p>","protected":false},"featured_media":4606,"comment_status":"open","ping_status":"closed","template":"","meta":{"_et_pb_use_builder":"","_et_pb_old_content":"","_et_gb_content_width":""},"product_brand":[],"product_cat":[109],"product_tag":[],"class_list":{"0":"post-7391","1":"product","2":"type-product","3":"status-publish","4":"has-post-thumbnail","6":"product_cat-spur-gear","8":"first","9":"instock","10":"shipping-taxable","11":"product-type-simple"},"_links":{"self":[{"href":"https:\/\/fmp-components.com\/sk\/wp-json\/wp\/v2\/product\/7391","targetHints":{"allow":["GET"]}}],"collection":[{"href":"https:\/\/fmp-components.com\/sk\/wp-json\/wp\/v2\/product"}],"about":[{"href":"https:\/\/fmp-components.com\/sk\/wp-json\/wp\/v2\/types\/product"}],"replies":[{"embeddable":true,"href":"https:\/\/fmp-components.com\/sk\/wp-json\/wp\/v2\/comments?post=7391"}],"wp:featuredmedia":[{"embeddable":true,"href":"https:\/\/fmp-components.com\/sk\/wp-json\/wp\/v2\/media\/4606"}],"wp:attachment":[{"href":"https:\/\/fmp-components.com\/sk\/wp-json\/wp\/v2\/media?parent=7391"}],"wp:term":[{"taxonomy":"product_brand","embeddable":true,"href":"https:\/\/fmp-components.com\/sk\/wp-json\/wp\/v2\/product_brand?post=7391"},{"taxonomy":"product_cat","embeddable":true,"href":"https:\/\/fmp-components.com\/sk\/wp-json\/wp\/v2\/product_cat?post=7391"},{"taxonomy":"product_tag","embeddable":true,"href":"https:\/\/fmp-components.com\/sk\/wp-json\/wp\/v2\/product_tag?post=7391"}],"curies":[{"name":"pracovn\u00fd list","href":"https:\/\/api.w.org\/{rel}","templated":true}]}}