{"id":7384,"date":"2025-03-24T06:59:56","date_gmt":"2025-03-24T06:59:56","guid":{"rendered":"https:\/\/fmp-components.com\/?post_type=product&#038;p=7384"},"modified":"2025-03-26T08:41:37","modified_gmt":"2025-03-26T08:41:37","slug":"ground-helical-gears","status":"publish","type":"product","link":"https:\/\/fmp-components.com\/sk\/product\/ground-helical-gears\/","title":{"rendered":"Br\u00fasen\u00e9 \u0161pir\u00e1lov\u00e9 ozuben\u00e9 koles\u00e1"},"content":{"rendered":"<div>\n<p class=\"break-words\">Ke\u010f s\u00fa presnos\u0165, odolnos\u0165 a plynul\u00fd chod prvorad\u00e9, br\u00fasen\u00e9 \u0161pir\u00e1lov\u00e9 ozuben\u00e9 koles\u00e1 sa javia ako v\u00fdnimo\u010dn\u00e1 vo\u013eba pre syst\u00e9my prenosu energie. Tieto ozuben\u00e9 koles\u00e1, ktor\u00e9 sa vyzna\u010duj\u00fa \u0161ikm\u00fdmi zubami a starostlivo br\u00fasen\u00fdmi povrchmi, pon\u00fakaj\u00fa vynikaj\u00faci v\u00fdkon pri aplik\u00e1ci\u00e1ch s vysok\u00fdm za\u0165a\u017een\u00edm a vysokou r\u00fdchlos\u0165ou. V spolo\u010dnosti FMP sme hrd\u00ed na to, \u017ee vyr\u00e1bame \u0161irok\u00fa \u0161k\u00e1lu br\u00fasen\u00fdch ozuben\u00fdch kolies. <a href=\"https:\/\/fmp-components.com\/sk\/helical-gears\/\">\u0161pir\u00e1lov\u00e9 ozuben\u00e9 koles\u00e1<\/a>, ktor\u00e1 poskytuje \u0161tandardn\u00e9 aj z\u00e1kazkov\u00e9 rie\u0161enia pre r\u00f4zne odvetvia na celom svete. V tomto \u010dl\u00e1nku presk\u00famame pou\u017eit\u00e9 materi\u00e1ly, dostupn\u00e9 modely a to, ako spolo\u010dnos\u0165 FMP dod\u00e1va vysokokvalitn\u00e9 ozuben\u00e9 koles\u00e1 prisp\u00f4soben\u00e9 va\u0161im potreb\u00e1m.<\/p>\n<h2>\u010co s\u00fa to br\u00fasen\u00e9 \u0161pir\u00e1lov\u00e9 ozuben\u00e9 koles\u00e1?<\/h2>\n<p class=\"break-words\">Br\u00fasen\u00e9 \u0161pir\u00e1lov\u00e9 ozuben\u00e9 koles\u00e1 s\u00fa typom \u0161pir\u00e1lov\u00e9ho ozuben\u00e9ho kolesa, kde s\u00fa povrchy zubov po tepelnom spracovan\u00ed presne br\u00fasen\u00e9, aby sa dosiahla v\u00fdnimo\u010dn\u00e1 presnos\u0165 a hladkos\u0165. \u0160pir\u00e1lov\u00e1 kon\u0161trukcia \u2013 so zubami rezan\u00fdmi pod uhlom k osi ozuben\u00e9ho kolesa \u2013 zais\u0165uje postupn\u00fd z\u00e1ber, \u010d\u00edm sa zni\u017euje hluk a vibr\u00e1cie v porovnan\u00ed s \u010deln\u00fdmi ozuben\u00fdmi kolesami. Proces br\u00fasenia zlep\u0161uje povrchov\u00fa \u00fapravu a rozmerov\u00fa presnos\u0165, v\u010faka \u010domu s\u00fa tieto ozuben\u00e9 koles\u00e1 ide\u00e1lne pre aplik\u00e1cie vy\u017eaduj\u00face minim\u00e1lnu v\u00f4\u013eu a maxim\u00e1lnu \u00fa\u010dinnos\u0165, ako s\u00fa prevodovky, automobilov\u00e9 syst\u00e9my a priemyseln\u00e9 stroje.<\/p>\n<\/div>\n<h2>\u0160pecifik\u00e1cia<\/h2>\n<table style=\"width: 100%;\" border=\"1\" width=\"100%\" cellspacing=\"0\" cellpadding=\"0\">\n<thead><\/thead>\n<tbody>\n<tr>\n<td>Typ otvoru<\/td>\n<td>Zem<\/td>\n<\/tr>\n<tr>\n<td>Prie\u010dny modul<\/td>\n<td>1<\/td>\n<\/tr>\n<tr>\n<td>Po\u010det zubov<\/td>\n<td>100<\/td>\n<\/tr>\n<tr>\n<td>Smer Helixu<\/td>\n<td>\u013dav\u00e1 ruka<\/td>\n<\/tr>\n<tr>\n<td>Tvar<\/td>\n<td>S1<\/td>\n<\/tr>\n<tr>\n<td>V\u0155tanie (A)<\/td>\n<td>15,0 (mm)<\/td>\n<\/tr>\n<tr>\n<td>Priemer n\u00e1boja (B)<\/td>\n<td>50,0 (mm)<\/td>\n<\/tr>\n<tr>\n<td>Priemer rozstupu (C)<\/td>\n<td>100,00 (mm)<\/td>\n<\/tr>\n<tr>\n<td>Vonkaj\u0161\u00ed priemer (D)<\/td>\n<td>102,00 (mm)<\/td>\n<\/tr>\n<tr>\n<td>\u0160\u00edrka tv\u00e1re (E)<\/td>\n<td>8,0 (mm)<\/td>\n<\/tr>\n<tr>\n<td>\u0160\u00edrka n\u00e1boja (F)<\/td>\n<td>10,0 (mm)<\/td>\n<\/tr>\n<tr>\n<td>Celkov\u00e1 d\u013a\u017eka (G)<\/td>\n<td>18,00 (mm)<\/td>\n<\/tr>\n<tr>\n<td>Uhol \u0161pir\u00e1ly<\/td>\n<td>21\u00b030\u2032<\/td>\n<\/tr>\n<tr>\n<td>Uhol tlaku<\/td>\n<td>20\u00b0<\/td>\n<\/tr>\n<\/tbody>\n<\/table>\n<div>\n<h3>Materi\u00e1ly pou\u017e\u00edvan\u00e9 v br\u00fasen\u00fdch \u0161pir\u00e1lov\u00fdch ozuben\u00fdch koles\u00e1ch<\/h3>\n<p class=\"break-words\">V\u00fdber materi\u00e1lu je rozhoduj\u00faci pre v\u00fdkon br\u00fasen\u00fdch \u0161pir\u00e1lov\u00fdch ozuben\u00fdch kolies. V spolo\u010dnosti FMP vyber\u00e1me vysokokvalitn\u00e9 materi\u00e1ly, aby sme zabezpe\u010dili pevnos\u0165, odolnos\u0165 proti opotrebovaniu a dlh\u00fa \u017eivotnos\u0165. Ni\u017e\u0161ie je uveden\u00e1 tabu\u013eka s podrobnos\u0165ami o be\u017en\u00fdch materi\u00e1loch a ich vlastnostiach:<\/p>\n<div class=\"overflow-x-auto my-2\">\n<table style=\"width: 100%;\" border=\"1\" width=\"100%\" cellspacing=\"0\" cellpadding=\"0\">\n<thead class=\"border-b border-primary\/20\">\n<tr class=\"border-primary\/10\">\n<th class=\"break-words\"><strong>Materi\u00e1l<\/strong><\/th>\n<th class=\"break-words\"><strong>Nehnute\u013enosti<\/strong><\/th>\n<th class=\"break-words\"><strong>Be\u017en\u00e9 aplik\u00e1cie<\/strong><\/th>\n<\/tr>\n<\/thead>\n<tbody>\n<tr class=\"border-primary\/10\">\n<td class=\"break-words\"><strong>Uhl\u00edkov\u00e1 oce\u013e (napr. C45)<\/strong><\/td>\n<td class=\"break-words\">Vysok\u00e1 pevnos\u0165, n\u00e1kladovo efekt\u00edvne, dobr\u00e1 obrobite\u013enos\u0165<\/td>\n<td class=\"break-words\">V\u0161eobecn\u00e9 stroje, automobilov\u00e9 prevody<\/td>\n<\/tr>\n<tr class=\"border-primary\/10\">\n<td class=\"break-words\"><strong>Legovan\u00e1 oce\u013e (napr. 4140)<\/strong><\/td>\n<td class=\"break-words\">Zv\u00fd\u0161en\u00e1 h\u00fa\u017eevnatos\u0165, odolnos\u0165 proti opotrebovaniu<\/td>\n<td class=\"break-words\">\u0164a\u017ek\u00e9 prevodovky, priemyseln\u00e9 pohony<\/td>\n<\/tr>\n<tr class=\"border-primary\/10\">\n<td class=\"break-words\"><strong>Nerezov\u00e1 oce\u013e<\/strong><\/td>\n<td class=\"break-words\">Odolnos\u0165 vo\u010di kor\u00f3zii, trvanlivos\u0165<\/td>\n<td class=\"break-words\">Spracovanie potrav\u00edn, n\u00e1morn\u00e9 aplik\u00e1cie<\/td>\n<\/tr>\n<tr class=\"border-primary\/10\">\n<td class=\"break-words\"><strong>Povrchovo kalen\u00e1 oce\u013e<\/strong><\/td>\n<td class=\"break-words\">Tvrd\u00fd povrch, pevn\u00e9 jadro<\/td>\n<td class=\"break-words\">Vysoko za\u0165a\u017eite\u013en\u00e9, vysoko presn\u00e9 syst\u00e9my<\/td>\n<\/tr>\n<tr class=\"border-primary\/10\">\n<td class=\"break-words\"><strong>N\u00e1strojov\u00e1 oce\u013e<\/strong><\/td>\n<td class=\"break-words\">Extr\u00e9mna tvrdos\u0165, tepeln\u00e1 odolnos\u0165<\/td>\n<td class=\"break-words\">\u0160pecializovan\u00e9 vysokor\u00fdchlostn\u00e9 stroje<\/td>\n<\/tr>\n<\/tbody>\n<\/table>\n<\/div>\n<p class=\"break-words\">Tieto materi\u00e1ly n\u00e1m umo\u017e\u0148uj\u00fa vyr\u00e1ba\u0165 ozuben\u00e9 koles\u00e1, ktor\u00e9 odol\u00e1vaj\u00fa n\u00e1ro\u010dn\u00fdm prostrediam, od priemyseln\u00fdch z\u00e1vodov a\u017e po dielne presn\u00e9ho stroj\u00e1rstva.<\/p>\n<h3>Dostupn\u00e9 modely br\u00fasen\u00fdch \u0161pir\u00e1lov\u00fdch ozuben\u00fdch kolies<\/h3>\n<p class=\"break-words\">Spolo\u010dnos\u0165 FMP pon\u00faka \u0161irok\u00fd sortiment modelov br\u00fasen\u00fdch \u0161pir\u00e1lov\u00fdch ozuben\u00fdch kolies, ktor\u00e9 sp\u013a\u0148aj\u00fa r\u00f4zne \u0161pecifik\u00e1cie. V nasleduj\u00facej tabu\u013eke s\u00fa uveden\u00e9 niektor\u00e9 z na\u0161ich \u0161tandardn\u00fdch pon\u00fak, hoci vieme prisp\u00f4sobi\u0165 aj va\u0161im presn\u00fdm po\u017eiadavk\u00e1m:<\/p>\n<div class=\"overflow-x-auto my-2\">\n<table style=\"width: 100%;\" border=\"1\" width=\"100%\" cellspacing=\"0\" cellpadding=\"0\">\n<thead class=\"border-b border-primary\/20\">\n<tr class=\"border-primary\/10\">\n<th class=\"break-words\"><strong>Model<\/strong><\/th>\n<th class=\"break-words\"><strong>Modul<\/strong><\/th>\n<th class=\"break-words\"><strong>Po\u010det zubov<\/strong><\/th>\n<th class=\"break-words\"><strong>Uhol tlaku<\/strong><\/th>\n<th class=\"break-words\"><strong>Uhol \u0161pir\u00e1ly<\/strong><\/th>\n<th class=\"break-words\"><strong>Mo\u017enosti materi\u00e1lu<\/strong><\/th>\n<\/tr>\n<\/thead>\n<tbody>\n<tr class=\"border-primary\/10\">\n<td class=\"break-words\">GHG-101<\/td>\n<td class=\"break-words\">1.0<\/td>\n<td class=\"break-words\">20<\/td>\n<td class=\"break-words\">20\u00b0<\/td>\n<td class=\"break-words\">15\u00b0<\/td>\n<td class=\"break-words\">Uhl\u00edkov\u00e1 oce\u013e, legovan\u00e1 oce\u013e<\/td>\n<\/tr>\n<tr class=\"border-primary\/10\">\n<td class=\"break-words\">GHG-152<\/td>\n<td class=\"break-words\">1.5<\/td>\n<td class=\"break-words\">30<\/td>\n<td class=\"break-words\">20\u00b0<\/td>\n<td class=\"break-words\">20\u00b0<\/td>\n<td class=\"break-words\">Nerezov\u00e1 oce\u013e, n\u00e1strojov\u00e1 oce\u013e<\/td>\n<\/tr>\n<tr class=\"border-primary\/10\">\n<td class=\"break-words\">GHG-203<\/td>\n<td class=\"break-words\">2.0<\/td>\n<td class=\"break-words\">25<\/td>\n<td class=\"break-words\">20\u00b0<\/td>\n<td class=\"break-words\">15\u00b0<\/td>\n<td class=\"break-words\">Povrchovo kalen\u00e1 oce\u013e<\/td>\n<\/tr>\n<tr class=\"border-primary\/10\">\n<td class=\"break-words\">GHG-305<\/td>\n<td class=\"break-words\">3.0<\/td>\n<td class=\"break-words\">40<\/td>\n<td class=\"break-words\">20\u00b0<\/td>\n<td class=\"break-words\">25\u00b0<\/td>\n<td class=\"break-words\">Legovan\u00e1 oce\u013e, nehrdzavej\u00faca oce\u013e<\/td>\n<\/tr>\n<tr class=\"border-primary\/10\">\n<td class=\"break-words\">GHG-Custom<\/td>\n<td class=\"break-words\">Vlastn\u00e9<\/td>\n<td class=\"break-words\">Vlastn\u00e9<\/td>\n<td class=\"break-words\">Vlastn\u00e9<\/td>\n<td class=\"break-words\">Vlastn\u00e9<\/td>\n<td class=\"break-words\">Ak\u00e9ko\u013evek<\/td>\n<\/tr>\n<\/tbody>\n<\/table>\n<\/div>\n<p class=\"break-words\">Tieto modely s\u00fa navrhnut\u00e9 pre presnos\u0165 a spo\u013eahlivos\u0165, \u010d\u00edm zabezpe\u010duj\u00fa optim\u00e1lny v\u00fdkon v aplik\u00e1ci\u00e1ch od mal\u00fdch zariaden\u00ed a\u017e po ve\u013ek\u00e9 priemyseln\u00e9 syst\u00e9my.<\/p>\n<div>\n<h4>Spolo\u010dnos\u0165 FMP: V\u00e1\u0161 zdroj pre br\u00fasen\u00e9 \u0161pir\u00e1lov\u00e9 ozuben\u00e9 koles\u00e1<\/h4>\n<p class=\"break-words\">V spolo\u010dnosti FMP sa \u0161pecializujeme na v\u00fdrobu br\u00fasen\u00fdch \u0161pir\u00e1lov\u00fdch ozuben\u00fdch kolies, ktor\u00e9 sp\u013a\u0148aj\u00fa najvy\u0161\u0161ie \u0161tandardy kvality a v\u00fdkonu. \u010ci u\u017e potrebujete \u0161tandardn\u00fd model alebo rie\u0161enie na mieru, m\u00e1me pre v\u00e1s v\u0161etko. Na\u0161a ponuka zah\u0155\u0148a:<\/p>\n<ul class=\"marker:text-secondary\">\n<li class=\"break-words\"><strong>\u0160irok\u00e1 ponuka<\/strong>Od \u013eahk\u00fdch prevodov a\u017e po vysokov\u00fdkonn\u00e9 mo\u017enosti, uspokojujeme v\u0161etky odvetvia.<\/li>\n<li class=\"break-words\"><strong>Prisp\u00f4sobenie<\/strong>N\u00e1\u0161 t\u00edm dok\u00e1\u017ee navrhn\u00fa\u0165 a vyrobi\u0165 br\u00fasen\u00e9 \u0161pir\u00e1lov\u00e9 ozuben\u00e9 koles\u00e1 prisp\u00f4soben\u00e9 va\u0161im \u0161pecifick\u00fdm potreb\u00e1m a zabezpe\u010di\u0165 tak dokonal\u00e9 prisp\u00f4sobenie sa va\u0161ej aplik\u00e1cii.<\/li>\n<li class=\"break-words\"><strong>Presn\u00e9 br\u00fasenie<\/strong>Ka\u017ed\u00fd ozuben\u00fd prevod je br\u00fasen\u00fd s presn\u00fdmi toleranciami, \u010do zais\u0165uje n\u00edzku hlu\u010dnos\u0165, vysok\u00fa \u00fa\u010dinnos\u0165 a pred\u013a\u017een\u00fa \u017eivotnos\u0165.<\/li>\n<\/ul>\n<p class=\"break-words\">Ak v na\u0161om zozname nen\u00e1jdete presn\u00fd model, ktor\u00fd potrebujete, nebojte sa \u2013 n\u00e1\u0161 katal\u00f3g produktov sa neust\u00e1le roz\u0161iruje. Je mo\u017en\u00e9, \u017ee sme ho e\u0161te neaktualizovali o na\u0161e najnov\u0161ie n\u00e1vrhy. Sta\u010d\u00ed n\u00e1m posla\u0165 e-mail s va\u0161imi po\u017eiadavkami a na\u0161i odborn\u00ed technici v\u00e1m odpovedia do... <strong>24 hod\u00edn<\/strong> s rie\u0161en\u00edm prisp\u00f4soben\u00fdm v\u00e1\u0161mu projektu. Zaviazali sme sa splni\u0165 va\u0161e potreby bez oh\u013eadu na ich zlo\u017eitos\u0165.<\/p>\n<h4>Aplik\u00e1cie br\u00fasen\u00fdch \u0161pir\u00e1lov\u00fdch ozuben\u00fdch kolies<\/h4>\n<p class=\"break-words\">Br\u00fasen\u00e9 \u0161pir\u00e1lov\u00e9 ozuben\u00e9 koles\u00e1 s\u00fa cenen\u00e9 pre svoju v\u0161estrannos\u0165 a presnos\u0165, v\u010faka \u010domu s\u00fa nevyhnutn\u00e9 v mnoh\u00fdch odvetviach:<\/p>\n<ul class=\"marker:text-secondary\">\n<li class=\"break-words\"><strong>Automobilov\u00fd priemysel<\/strong>Pou\u017e\u00edva sa v prevodov\u00fdch syst\u00e9moch pre plynul\u00fd a tich\u00fd chod.<\/li>\n<li class=\"break-words\"><strong>Priemyseln\u00e9 stroje<\/strong>Nap\u00e1janie prevodoviek a pohonov vo v\u00fdrobn\u00fdch z\u00e1vodoch.<\/li>\n<li class=\"break-words\"><strong>Letectvo a kozmonautika<\/strong>Presn\u00e9 komponenty pre vysokov\u00fdkonn\u00e9 zariadenia.<\/li>\n<li class=\"break-words\"><strong>N\u00e1morn\u00e9<\/strong>Odoln\u00e9 prevody pre pohon a pomocn\u00e9 syst\u00e9my.<\/li>\n<\/ul>\n<p class=\"break-words\">Ich schopnos\u0165 zvl\u00e1da\u0165 vysok\u00e9 za\u0165a\u017eenie a udr\u017eiava\u0165 presnos\u0165 v n\u00e1ro\u010dn\u00fdch podmienkach z nich rob\u00ed preferovan\u00fa vo\u013ebu pre in\u017einierov a v\u00fdrobcov.<\/p>\n<h4>Pre\u010do si vybra\u0165 FMP?<\/h4>\n<p class=\"break-words\">Spolo\u010dnos\u0165 FMP vynik\u00e1 ako d\u00f4veryhodn\u00fd v\u00fdrobca br\u00fasen\u00fdch \u0161pir\u00e1lov\u00fdch ozuben\u00fdch kolies v\u010faka n\u00e1\u0161mu odhodlaniu pre kvalitu a spokojnos\u0165 z\u00e1kazn\u00edkov. Vyu\u017e\u00edvame pokro\u010dil\u00e9 techniky br\u00fasenia a pr\u00edsnu kontrolu kvality, aby sme zabezpe\u010dili, \u017ee ka\u017ed\u00e9 ozuben\u00e9 koleso sp\u013a\u0148a va\u0161e o\u010dak\u00e1vania. Na\u0161e r\u00fdchle reak\u010dn\u00e9 doby \u2013 technici odpovedaj\u00fa do 24 hod\u00edn \u2013 a schopnos\u0165 prisp\u00f4sobi\u0165 sa n\u00e1s odli\u0161uj\u00fa ako spo\u013eahliv\u00e9ho partnera pre firmy na celom svete.<\/p>\n<p><img loading=\"lazy\" decoding=\"async\" class=\"size-full wp-image-7387 aligncenter\" src=\"https:\/\/fmp-components.com\/wp-content\/uploads\/2025\/03\/Ground-Helical-Gears-Product-2.webp\" alt=\"Br\u00fasen\u00e9 \u0161pir\u00e1lov\u00e9 ozuben\u00e9 koles\u00e1\" width=\"1200\" height=\"300\" title=\"\" srcset=\"https:\/\/fmp-components.com\/wp-content\/uploads\/2025\/03\/Ground-Helical-Gears-Product-2.webp 1200w, https:\/\/fmp-components.com\/wp-content\/uploads\/2025\/03\/Ground-Helical-Gears-Product-2-980x245.webp 980w, https:\/\/fmp-components.com\/wp-content\/uploads\/2025\/03\/Ground-Helical-Gears-Product-2-480x120.webp 480w\" sizes=\"(min-width: 0px) and (max-width: 480px) 480px, (min-width: 481px) and (max-width: 980px) 980px, (min-width: 981px) 1200px, 100vw\" \/><\/p>\n<\/div>\n<\/div>","protected":false},"excerpt":{"rendered":"<p>When precision, durability, and smooth operation are paramount, Ground Helical Gears emerge as an exceptional choice for power transmission systems. These gears, characterized by their angled teeth and meticulously ground surfaces, offer superior performance in high-load and high-speed applications. At FMP Company, we are proud to manufacture a wide variety of ground helical gears, serving [&hellip;]<\/p>","protected":false},"featured_media":7386,"comment_status":"open","ping_status":"closed","template":"","meta":{"_et_pb_use_builder":"","_et_pb_old_content":"","_et_gb_content_width":""},"product_brand":[],"product_cat":[108],"product_tag":[],"class_list":{"0":"post-7384","1":"product","2":"type-product","3":"status-publish","4":"has-post-thumbnail","6":"product_cat-helical-gear","8":"first","9":"instock","10":"shipping-taxable","11":"product-type-simple"},"_links":{"self":[{"href":"https:\/\/fmp-components.com\/sk\/wp-json\/wp\/v2\/product\/7384","targetHints":{"allow":["GET"]}}],"collection":[{"href":"https:\/\/fmp-components.com\/sk\/wp-json\/wp\/v2\/product"}],"about":[{"href":"https:\/\/fmp-components.com\/sk\/wp-json\/wp\/v2\/types\/product"}],"replies":[{"embeddable":true,"href":"https:\/\/fmp-components.com\/sk\/wp-json\/wp\/v2\/comments?post=7384"}],"wp:featuredmedia":[{"embeddable":true,"href":"https:\/\/fmp-components.com\/sk\/wp-json\/wp\/v2\/media\/7386"}],"wp:attachment":[{"href":"https:\/\/fmp-components.com\/sk\/wp-json\/wp\/v2\/media?parent=7384"}],"wp:term":[{"taxonomy":"product_brand","embeddable":true,"href":"https:\/\/fmp-components.com\/sk\/wp-json\/wp\/v2\/product_brand?post=7384"},{"taxonomy":"product_cat","embeddable":true,"href":"https:\/\/fmp-components.com\/sk\/wp-json\/wp\/v2\/product_cat?post=7384"},{"taxonomy":"product_tag","embeddable":true,"href":"https:\/\/fmp-components.com\/sk\/wp-json\/wp\/v2\/product_tag?post=7384"}],"curies":[{"name":"pracovn\u00fd list","href":"https:\/\/api.w.org\/{rel}","templated":true}]}}