{"id":7380,"date":"2025-03-24T06:05:22","date_gmt":"2025-03-24T06:05:22","guid":{"rendered":"https:\/\/fmp-components.com\/?post_type=product&#038;p=7380"},"modified":"2025-03-26T08:41:57","modified_gmt":"2025-03-26T08:41:57","slug":"plastic-helical-gear","status":"publish","type":"product","link":"https:\/\/fmp-components.com\/sk\/product\/plastic-helical-gear\/","title":{"rendered":"Plastov\u00e9 \u0161pir\u00e1lov\u00e9 ozuben\u00e9 koleso"},"content":{"rendered":"<div>\n<h2>Plastov\u00e9 \u0161pir\u00e1lov\u00e9 ozuben\u00e9 koles\u00e1<\/h2>\n<p class=\"break-words\">Pokia\u013e ide o efekt\u00edvny prenos v\u00fdkonu a plynul\u00fd chod, plastov\u00e9 \u0161pir\u00e1lov\u00e9 ozuben\u00e9 koles\u00e1 s\u00fa najlep\u0161ou vo\u013ebou pre priemyseln\u00e9 odvetvia na celom svete. Tieto ozuben\u00e9 koles\u00e1, zn\u00e1me svojimi \u0161ikm\u00fdmi zubami a tich\u00fdm chodom, s\u00fa \u010doraz ob\u013e\u00fabenej\u0161ie v aplik\u00e1ci\u00e1ch od automobilov\u00fdch syst\u00e9mov a\u017e po priemyseln\u00e9 stroje. V spolo\u010dnosti FMP sa \u0161pecializujeme na v\u00fdrobu \u0161irokej \u0161k\u00e1ly plastov\u00fdch... <a href=\"https:\/\/fmp-components.com\/sk\/helical-gears\/\">\u0161pir\u00e1lov\u00e9 ozuben\u00e9 koles\u00e1<\/a>a pon\u00faka \u0161tandardn\u00e9 modely aj rie\u0161enia na mieru, ktor\u00e9 sp\u013a\u0148aj\u00fa rozmanit\u00e9 potreby podnikov v celom Taliansku \u2013 od v\u00fdrobn\u00fdch centier v Mil\u00e1ne a\u017e po n\u00e1morn\u00fd priemysel v Ben\u00e1tkach.<\/p>\n<h3>Pre\u010do plastov\u00e9 \u0161pir\u00e1lov\u00e9 ozuben\u00e9 koles\u00e1?<\/h3>\n<p class=\"break-words\">Plastov\u00e9 \u0161pir\u00e1lov\u00e9 ozuben\u00e9 koles\u00e1 kombinuj\u00fa v\u00fdhody kon\u0161trukcie \u0161pir\u00e1lov\u00e9ho ozuben\u00e9ho kolesa \u2013 ako je postupn\u00fd z\u00e1ber zubov pre zn\u00ed\u017eenie hluku a vy\u0161\u0161iu nosnos\u0165 \u2013 s v\u00fdhodami plastov\u00fdch materi\u00e1lov vr\u00e1tane odolnosti vo\u010di kor\u00f3zii, \u013eahkej kon\u0161trukcie a n\u00e1kladovej efekt\u00edvnosti. Na rozdiel od svojich kovov\u00fdch n\u00e1protivkov s\u00fa plastov\u00e9 \u0161pir\u00e1lov\u00e9 ozuben\u00e9 koles\u00e1 ide\u00e1lne pre aplik\u00e1cie, kde je prioritou zn\u00ed\u017eenie hmotnosti a tich\u0161ia prev\u00e1dzka, v\u010faka \u010domu s\u00fa z\u00e1kladom v prosperuj\u00facich sektoroch v mest\u00e1ch ako Bologna a Florencia.<\/p>\n<\/div>\n<p><img loading=\"lazy\" decoding=\"async\" class=\"alignnone size-full wp-image-7382\" src=\"https:\/\/fmp-components.com\/wp-content\/uploads\/2025\/03\/plastic-helical-gear-2.webp\" alt=\"plastov\u00e9 \u0161pir\u00e1lov\u00e9 ozuben\u00e9 koleso\" width=\"900\" height=\"300\" title=\"\" srcset=\"https:\/\/fmp-components.com\/wp-content\/uploads\/2025\/03\/plastic-helical-gear-2.webp 900w, https:\/\/fmp-components.com\/wp-content\/uploads\/2025\/03\/plastic-helical-gear-2-480x160.webp 480w\" sizes=\"(min-width: 0px) and (max-width: 480px) 480px, (min-width: 481px) 900px, 100vw\" \/><\/p>\n<p>\u3001<\/p>\n<div>\n<h4>Materi\u00e1ly pou\u017e\u00edvan\u00e9 v plastov\u00fdch \u0161pir\u00e1lov\u00fdch ozuben\u00fdch koles\u00e1ch<\/h4>\n<p class=\"break-words\">V\u00fdkon plastov\u00e9ho \u0161pir\u00e1lov\u00e9ho ozuben\u00e9ho kolesa z\u00e1vis\u00ed vo ve\u013ekej miere od materi\u00e1lu, z ktor\u00e9ho je vyroben\u00e9. V spolo\u010dnosti FMP pou\u017e\u00edvame vysoko kvalitn\u00e9 polym\u00e9ry prisp\u00f4soben\u00e9 \u0161pecifick\u00fdm aplik\u00e1ci\u00e1m. Ni\u017e\u0161ie je uveden\u00e1 tabu\u013eka s preh\u013eadom be\u017en\u00fdch materi\u00e1lov a ich vlastnost\u00ed:<\/p>\n<div class=\"overflow-x-auto my-2\">\n<table style=\"width: 100%;\" border=\"1\" width=\"100%\" cellspacing=\"0\" cellpadding=\"0\">\n<thead class=\"border-b border-primary\/20\">\n<tr class=\"border-primary\/10\">\n<th class=\"break-words\"><strong>Materi\u00e1l<\/strong><\/th>\n<th class=\"break-words\"><strong>Nehnute\u013enosti<\/strong><\/th>\n<th class=\"break-words\"><strong>Be\u017en\u00e9 aplik\u00e1cie<\/strong><\/th>\n<\/tr>\n<\/thead>\n<tbody>\n<tr class=\"border-primary\/10\">\n<td class=\"break-words\"><strong>Nylon (PA)<\/strong><\/td>\n<td class=\"break-words\">Vysok\u00e1 pevnos\u0165, odolnos\u0165 proti opotrebovaniu, n\u00edzke trenie<\/td>\n<td class=\"break-words\">Priemyseln\u00e9 stroje, automobilov\u00e9 diely<\/td>\n<\/tr>\n<tr class=\"border-primary\/10\">\n<td class=\"break-words\"><strong>POM (acet\u00e1l)<\/strong><\/td>\n<td class=\"break-words\">Vynikaj\u00faca rozmerov\u00e1 stabilita, n\u00edzka absorpcia vlhkosti<\/td>\n<td class=\"break-words\">Presn\u00e9 ozuben\u00e9 koles\u00e1, \u010derpadl\u00e1, dopravn\u00edky<\/td>\n<\/tr>\n<tr class=\"border-primary\/10\">\n<td class=\"break-words\"><strong>PEEK<\/strong><\/td>\n<td class=\"break-words\">Odolnos\u0165 vo\u010di vysok\u00fdm teplot\u00e1m, chemick\u00e1 odolnos\u0165<\/td>\n<td class=\"break-words\">Letectvo a kozmonautika, zdravotn\u00edcke pom\u00f4cky<\/td>\n<\/tr>\n<tr class=\"border-primary\/10\">\n<td class=\"break-words\"><strong>Polykarbon\u00e1t (PC)<\/strong><\/td>\n<td class=\"break-words\">Odolnos\u0165 vo\u010di n\u00e1razom, prieh\u013eadnos\u0165<\/td>\n<td class=\"break-words\">Spotrebn\u00e1 elektronika, \u013eahk\u00e9 prevody<\/td>\n<\/tr>\n<tr class=\"border-primary\/10\">\n<td class=\"break-words\"><strong>PP (polypropyl\u00e9n)<\/strong><\/td>\n<td class=\"break-words\">\u013dahk\u00e1, chemicky odoln\u00e1<\/td>\n<td class=\"break-words\">Fluidn\u00e9 syst\u00e9my, aplik\u00e1cie s n\u00edzkym za\u0165a\u017een\u00edm<\/td>\n<\/tr>\n<\/tbody>\n<\/table>\n<\/div>\n<p class=\"break-words\">Tieto materi\u00e1ly n\u00e1m umo\u017e\u0148uj\u00fa vyr\u00e1ba\u0165 ozuben\u00e9 koles\u00e1, ktor\u00e9 sp\u013a\u0148aj\u00fa \u0161pecifick\u00e9 po\u017eiadavky priemyseln\u00fdch odvetv\u00ed v Mil\u00e1ne, kde vl\u00e1dne presn\u00e9 in\u017einierstvo, alebo v Ben\u00e1tkach, kde s\u00fa komponenty odoln\u00e9 vo\u010di kor\u00f3zii nevyhnutn\u00e9 pre morsk\u00e9 prostredie.<\/p>\n<h4>Dostupn\u00e9 modely plastov\u00fdch \u0161pir\u00e1lov\u00fdch ozuben\u00fdch kolies<\/h4>\n<p class=\"break-words\">Spolo\u010dnos\u0165 FMP pon\u00faka r\u00f4zne modely plastov\u00fdch \u0161pir\u00e1lov\u00fdch ozuben\u00fdch kolies, ktor\u00e9 vyhovuj\u00fa r\u00f4znym \u0161pecifik\u00e1ci\u00e1m. Ni\u017e\u0161ie je uveden\u00e1 tabu\u013eka s niektor\u00fdmi z na\u0161ich \u0161tandardn\u00fdch modelov, hoci na\u0161e mo\u017enosti siahaj\u00fa \u010faleko za tento zoznam:<\/p>\n<div class=\"overflow-x-auto my-2\">\n<table style=\"width: 100%;\" border=\"1\" width=\"100%\" cellspacing=\"0\" cellpadding=\"0\">\n<thead class=\"border-b border-primary\/20\">\n<tr class=\"border-primary\/10\">\n<th class=\"break-words\"><strong>Model<\/strong><\/th>\n<th class=\"break-words\"><strong>Modul<\/strong><\/th>\n<th class=\"break-words\"><strong>Po\u010det zubov<\/strong><\/th>\n<th class=\"break-words\"><strong>Uhol tlaku<\/strong><\/th>\n<th class=\"break-words\"><strong>Uhol \u0161pir\u00e1ly<\/strong><\/th>\n<th class=\"break-words\"><strong>Mo\u017enosti materi\u00e1lu<\/strong><\/th>\n<\/tr>\n<\/thead>\n<tbody>\n<tr class=\"border-primary\/10\">\n<td class=\"break-words\">PHG-101<\/td>\n<td class=\"break-words\">1.0<\/td>\n<td class=\"break-words\">20<\/td>\n<td class=\"break-words\">20\u00b0<\/td>\n<td class=\"break-words\">15\u00b0<\/td>\n<td class=\"break-words\">Nylon, POM<\/td>\n<\/tr>\n<tr class=\"border-primary\/10\">\n<td class=\"break-words\">PHG-152<\/td>\n<td class=\"break-words\">1.5<\/td>\n<td class=\"break-words\">30<\/td>\n<td class=\"break-words\">20\u00b0<\/td>\n<td class=\"break-words\">20\u00b0<\/td>\n<td class=\"break-words\">POM, PEEK<\/td>\n<\/tr>\n<tr class=\"border-primary\/10\">\n<td class=\"break-words\">PHG-203<\/td>\n<td class=\"break-words\">2.0<\/td>\n<td class=\"break-words\">25<\/td>\n<td class=\"break-words\">20\u00b0<\/td>\n<td class=\"break-words\">15\u00b0<\/td>\n<td class=\"break-words\">Nylon, polykarbon\u00e1t<\/td>\n<\/tr>\n<tr class=\"border-primary\/10\">\n<td class=\"break-words\">PHG-305<\/td>\n<td class=\"break-words\">3.0<\/td>\n<td class=\"break-words\">40<\/td>\n<td class=\"break-words\">20\u00b0<\/td>\n<td class=\"break-words\">25\u00b0<\/td>\n<td class=\"break-words\">PEEK, PP<\/td>\n<\/tr>\n<tr class=\"border-primary\/10\">\n<td class=\"break-words\">PHG-Vlastn\u00e9<\/td>\n<td class=\"break-words\">Vlastn\u00e9<\/td>\n<td class=\"break-words\">Vlastn\u00e9<\/td>\n<td class=\"break-words\">Vlastn\u00e9<\/td>\n<td class=\"break-words\">Vlastn\u00e9<\/td>\n<td class=\"break-words\">Ak\u00e9ko\u013evek<\/td>\n<\/tr>\n<\/tbody>\n<\/table>\n<\/div>\n<p class=\"break-words\">Tieto modely s\u00fa navrhnut\u00e9 tak, aby vyhovovali \u0161irokej \u0161k\u00e1le aplik\u00e1ci\u00ed, od mal\u00fdch zariaden\u00ed v remeseln\u00fdch diel\u0148ach vo Florencii a\u017e po n\u00e1ro\u010dn\u00e9 syst\u00e9my v priemyseln\u00fdch z\u00f3nach v Bologni. Ka\u017ed\u00fd prevodov\u00fd stupe\u0148 je navrhnut\u00fd pre optim\u00e1lny v\u00fdkon, \u010d\u00edm sa zabezpe\u010d\u00ed plynul\u00fd prenos v\u00fdkonu a odolnos\u0165.<\/p>\n<div>\n<h3>Spolo\u010dnos\u0165 FMP: V\u00e1\u0161 partner pre plastov\u00e9 \u0161pir\u00e1lov\u00e9 ozuben\u00e9 koles\u00e1 v Taliansku<\/h3>\n<p class=\"break-words\">V spolo\u010dnosti FMP sme hrd\u00ed na to, \u017ee sme popredn\u00fdm v\u00fdrobcom plastov\u00fdch \u0161pir\u00e1lov\u00fdch ozuben\u00fdch kolies v Taliansku. \u010ci u\u017e s\u00eddlite v Mil\u00e1ne, Ben\u00e1tkach, Florencii alebo Bologni, pon\u00fakame:<\/p>\n<ul class=\"marker:text-secondary\">\n<li class=\"break-words\"><strong>Rozmanit\u00fd sortiment produktov<\/strong>Od \u0161tandardn\u00fdch modelov a\u017e po \u0161pecializovan\u00e9 prevedenia, pokr\u00fdvame v\u0161etky va\u0161e potreby t\u00fdkaj\u00face sa vybavenia.<\/li>\n<li class=\"break-words\"><strong>Slu\u017eby prisp\u00f4sobenia<\/strong>Potrebujete jedine\u010dn\u00e9 ozuben\u00e9 koleso pre konkr\u00e9tny projekt? N\u00e1\u0161 t\u00edm dok\u00e1\u017ee navrhn\u00fa\u0165 a vyrobi\u0165 plastov\u00e9 \u0161pir\u00e1lov\u00e9 ozuben\u00e9 koles\u00e1 na mieru pod\u013ea va\u0161ich presn\u00fdch \u0161pecifik\u00e1ci\u00ed.<\/li>\n<li class=\"break-words\"><strong>Lokalizovan\u00e1 expert\u00edza<\/strong>Rozumieme priemyselnej krajine Talianska a zabezpe\u010dujeme, aby na\u0161e rie\u0161enia zodpovedali potreb\u00e1m miestnych trhov.<\/li>\n<\/ul>\n<h3>Neviete n\u00e1js\u0165 svoj model?<\/h3>\n<p class=\"break-words\">Ak model, ktor\u00fd potrebujete, nie je uveden\u00fd vy\u0161\u0161ie, nebojte sa \u2013 n\u00e1\u0161 katal\u00f3g produktov sa neust\u00e1le vyv\u00edja. Je mo\u017en\u00e9, \u017ee sme e\u0161te nenahrali najnov\u0161ie pr\u00edrastky. Jednoducho n\u00e1m po\u0161lite e-mail s va\u0161imi po\u017eiadavkami a na\u0161i sk\u00fasen\u00ed technici v\u00e1m do 24 hod\u00edn odpovedia s rie\u0161en\u00edm.<\/p>\n<\/div>\n<\/div>","protected":false},"excerpt":{"rendered":"<p>Plastic Helical Gears When it comes to efficient power transmission and smooth operation, Plastic Helical Gears are a top choice for industries worldwide. Known for their angled teeth and quiet performance, these gears are increasingly popular in applications ranging from automotive systems to industrial machinery. At FMP Company, we specialize in manufacturing a wide range [&hellip;]<\/p>","protected":false},"featured_media":7381,"comment_status":"open","ping_status":"closed","template":"","meta":{"_et_pb_use_builder":"","_et_pb_old_content":"","_et_gb_content_width":""},"product_brand":[],"product_cat":[108],"product_tag":[],"class_list":{"0":"post-7380","1":"product","2":"type-product","3":"status-publish","4":"has-post-thumbnail","6":"product_cat-helical-gear","8":"first","9":"instock","10":"shipping-taxable","11":"product-type-simple"},"_links":{"self":[{"href":"https:\/\/fmp-components.com\/sk\/wp-json\/wp\/v2\/product\/7380","targetHints":{"allow":["GET"]}}],"collection":[{"href":"https:\/\/fmp-components.com\/sk\/wp-json\/wp\/v2\/product"}],"about":[{"href":"https:\/\/fmp-components.com\/sk\/wp-json\/wp\/v2\/types\/product"}],"replies":[{"embeddable":true,"href":"https:\/\/fmp-components.com\/sk\/wp-json\/wp\/v2\/comments?post=7380"}],"wp:featuredmedia":[{"embeddable":true,"href":"https:\/\/fmp-components.com\/sk\/wp-json\/wp\/v2\/media\/7381"}],"wp:attachment":[{"href":"https:\/\/fmp-components.com\/sk\/wp-json\/wp\/v2\/media?parent=7380"}],"wp:term":[{"taxonomy":"product_brand","embeddable":true,"href":"https:\/\/fmp-components.com\/sk\/wp-json\/wp\/v2\/product_brand?post=7380"},{"taxonomy":"product_cat","embeddable":true,"href":"https:\/\/fmp-components.com\/sk\/wp-json\/wp\/v2\/product_cat?post=7380"},{"taxonomy":"product_tag","embeddable":true,"href":"https:\/\/fmp-components.com\/sk\/wp-json\/wp\/v2\/product_tag?post=7380"}],"curies":[{"name":"pracovn\u00fd list","href":"https:\/\/api.w.org\/{rel}","templated":true}]}}