{"id":7372,"date":"2025-03-24T03:00:29","date_gmt":"2025-03-24T03:00:29","guid":{"rendered":"https:\/\/fmp-components.com\/?post_type=product&#038;p=7372"},"modified":"2025-04-08T02:34:44","modified_gmt":"2025-04-08T02:34:44","slug":"crossed-helical-gear-screw-gear","status":"publish","type":"product","link":"https:\/\/fmp-components.com\/sk\/product\/crossed-helical-gear-screw-gear\/","title":{"rendered":"Prekr\u00ed\u017een\u00e9 \u0161pir\u00e1lov\u00e9 ozuben\u00e9 koleso (skrutkov\u00e9 ozuben\u00e9 koleso)"},"content":{"rendered":"<div>\n<h2 dir=\"auto\">Skrutkov\u00e9 ozuben\u00e9 koles\u00e1 (kr\u00ed\u017een\u00e9 \u0161pir\u00e1lov\u00e9 ozuben\u00e9 koles\u00e1)<\/h2>\n<p class=\"break-words\" dir=\"auto\">Skrutkov\u00e9 ozuben\u00e9 koles\u00e1, niekedy naz\u00fdvan\u00e9 aj skr\u00ed\u017een\u00e9 \u0161pir\u00e1lov\u00e9 ozuben\u00e9 koles\u00e1, s\u00fa \u0161peci\u00e1lne ozuben\u00e9 koles\u00e1, ktor\u00e9 pom\u00e1haj\u00fa pres\u00fava\u0165 veci medzi dvoma hriade\u013emi (ako napr\u00edklad ty\u010de, ktor\u00e9 sa ot\u00e1\u010daj\u00fa), ktor\u00e9 sa nedot\u00fdkaj\u00fa a nie s\u00fa zarovnan\u00e9 priamo. Be\u017en\u00e9 \u0161pir\u00e1lov\u00e9 ozuben\u00e9 koles\u00e1 pre rovn\u00e9 hriadele maj\u00fa rovnak\u00fd uhol nato\u010denia, ale nato\u010dia sa opa\u010dn\u00fdmi smermi. Pri skrutkov\u00fdch ozuben\u00fdch koles\u00e1ch m\u00f4\u017eu by\u0165 uhly nato\u010denia \u013eubovo\u013en\u00e9 a uhol medzi hriade\u013emi je zvy\u010dajne s\u00fa\u010det dvoch uhlov nato\u010denia. Be\u017en\u00fd uhol je 90 stup\u0148ov, ako roh, ale m\u00f4\u017eu fungova\u0165 aj in\u00e9 uhly. Tieto ozuben\u00e9 koles\u00e1 sa dot\u00fdkaj\u00fa iba v mal\u00fdch bodoch, nie na ve\u013ek\u00fdch \u010diarach, tak\u017ee nie s\u00fa tak\u00e9 pevn\u00e9 ani \u00fa\u010dinn\u00e9 ako in\u00e9 ozuben\u00e9 koles\u00e1 a nedok\u00e1\u017eu unies\u0165 super \u0165a\u017ek\u00e9 veci.<\/p>\n<h3 dir=\"auto\">Ak\u00e9 s\u00fa a ako funguj\u00fa<\/h3>\n<ul class=\"marker:text-secondary\" dir=\"auto\">\n<li class=\"break-words\"><strong>Pozrite sa<\/strong>Skrutkov\u00e9 ozuben\u00e9 koles\u00e1 maj\u00fa zuby, ktor\u00e9 sa kr\u00fatia ako \u0161pir\u00e1la na okr\u00fahlom disku. Zuby sa m\u00f4\u017eu nakl\u00e1\u0148a\u0165 doprava alebo do\u013eava.<\/li>\n<li class=\"break-words\"><strong>Pohyb<\/strong>Ke\u010f sa ot\u00e1\u010daj\u00fa, nekot\u00fa\u013eaj\u00fa sa len ako in\u00e9 ozuben\u00e9 koles\u00e1 \u2013 kr\u00fatia sa ako skrutka zas\u00favan\u00e1 do dreva. Kv\u00f4li tomu sa v mal\u00fdch bodoch po sebe k\u013a\u017eu namiesto toho, aby sa kot\u00fa\u013eali hladko.<\/li>\n<li class=\"break-words\"><strong>R\u00fdchlos\u0165<\/strong>R\u00fdchlos\u0165 ot\u00e1\u010dania z\u00e1vis\u00ed od po\u010dtu zubov hnacieho ozuben\u00e9ho kolesa (toho, ktor\u00e9 ich sp\u00fa\u0161\u0165a) v porovnan\u00ed s hnan\u00fdm ozuben\u00fdm kolesom (t\u00fdm, ktor\u00e9 nasleduje). Je to len po\u010det zubov na jednom delen\u00fd druh\u00fdm \u2013 \u017eiadne zlo\u017eit\u00e9 pravidl\u00e1 ako niektor\u00e9 in\u00e9 ozuben\u00e9 koles\u00e1!<\/li>\n<\/ul>\n<h3 dir=\"auto\">Materi\u00e1ly a p\u00e1rovanie<\/h3>\n<ul class=\"marker:text-secondary\" dir=\"auto\">\n<li class=\"break-words\"><strong>Veci, z ktor\u00fdch s\u00fa vyroben\u00e9<\/strong>Ak s\u00fa obe ozuben\u00e9 koles\u00e1 vyroben\u00e9 z rovnak\u00e9ho materi\u00e1lu, m\u00f4\u017eu sa pr\u00edli\u0161 trie\u0165 a po\u0161kriaba\u0165. Preto je lep\u0161ie pou\u017ei\u0165 r\u00f4zne materi\u00e1ly, napr\u00edklad oce\u013e s plastom alebo nehrdzavej\u00facu oce\u013e s bronzom.<\/li>\n<li class=\"break-words\"><strong>Mo\u017enosti<\/strong>M\u00f4\u017eete ich zohna\u0165 z ocele (pevn\u00e9), nehrdzavej\u00facej ocele (nehrdzavej\u00fa, vhodn\u00e9 do potravin\u00e1rskych strojov), hlin\u00edkovo-bronzov\u00e9ho prevedenia (odoln\u00e9 vo\u010di opotrebovaniu) alebo plastu (\u013eahk\u00e9 a nepotrebuj\u00fa olej).<\/li>\n<\/ul>\n<h3 dir=\"auto\">Ako funguj\u00fa a kde sa pou\u017e\u00edvaj\u00fa<\/h3>\n<ul class=\"marker:text-secondary\" dir=\"auto\">\n<li class=\"break-words\"><strong>Sila a r\u00fdchlos\u0165<\/strong>Nie s\u00fa najlep\u0161ie na pren\u00e1\u0161anie \u0165a\u017ek\u00fdch vec\u00ed alebo superr\u00fdchle ot\u00e1\u010danie kv\u00f4li v\u0161etk\u00e9mu k\u013azaniu. Najlep\u0161ie funguj\u00fa na stredne \u0165a\u017ek\u00e9 \u00falohy.<\/li>\n<li class=\"break-words\"><strong>Pracovn\u00e9 miesta<\/strong>M\u00f4\u017eete ich n\u00e1js\u0165 v strojoch, ktor\u00e9 vyr\u00e1baj\u00fa veci, premiest\u0148uj\u00fa veci, ako s\u00fa dopravn\u00edkov\u00e9 p\u00e1sy, alebo poh\u00e1\u0148aj\u00fa \u010derpadl\u00e1 \u2013 veci, ktor\u00e9 nepotrebuj\u00fa ve\u013ea energie.<\/li>\n<li class=\"break-words\"><strong>Olej<\/strong>Ke\u010f\u017ee sa ve\u013ea \u0161m\u00fdkaj\u00fa, potrebuj\u00fa \u0161peci\u00e1lny olej (napr\u00edklad hypoidn\u00fd prevodov\u00fd olej), aby sa zabr\u00e1nilo ich pr\u00edli\u0161 r\u00fdchlemu opotrebovaniu.<\/li>\n<\/ul>\n<h3 dir=\"auto\">Dobr\u00e9 a nie a\u017e tak dobr\u00e9 \u010dasti<\/h3>\n<ul class=\"marker:text-secondary\" dir=\"auto\">\n<li class=\"break-words\"><strong>Dobr\u00e9 veci<\/strong>S\u00fa tich\u00e9, ke\u010f be\u017eia, a daj\u00fa sa trochu pos\u00fava\u0165 zo strany na stranu bez toho, aby sa naru\u0161il ich fungovanie. S\u00fa skvel\u00e9 pre hriadele, ktor\u00e9 sa kr\u00ed\u017eia, ale nedot\u00fdkaj\u00fa.<\/li>\n<li class=\"break-words\"><strong>Nie a\u017e tak dobr\u00e9 veci<\/strong>K\u013azanie ich rob\u00ed menej efekt\u00edvnymi a nezvl\u00e1daj\u00fa ve\u013ek\u00e9 bremen\u00e1, preto\u017ee sa dot\u00fdkaj\u00fa iba v mal\u00fdch bodoch. Tie\u017e sa ve\u013ea tla\u010dia do str\u00e1n, tak\u017ee potrebuj\u00fa pevn\u00e9 podpery.<\/li>\n<\/ul>\n<h3 dir=\"auto\">Typy a podrobnosti<\/h3>\n<ul class=\"marker:text-secondary\" dir=\"auto\">\n<li class=\"break-words\"><strong>Druhy<\/strong>Dod\u00e1vaj\u00fa sa vo ve\u013ekostiach naz\u00fdvan\u00fdch moduly 1 a\u017e 4, s 10 a\u017e 30 zubami. V pr\u00edpade potreby m\u00f4\u017eete prida\u0165 otvory alebo ich trochu zmeni\u0165.<\/li>\n<li class=\"break-words\"><strong>Uhly skr\u00fatenia<\/strong>\u010casto maj\u00fa 45-stup\u0148ov\u00fd uhol a m\u00f4\u017eete ich sp\u00e1rova\u0165 r\u00f4znymi sp\u00f4sobmi \u2013 oba sa kr\u00fatia rovnak\u00fdm alebo opa\u010dn\u00fdm smerom \u2013 v z\u00e1vislosti od toho, ako s\u00fa hriadele nastaven\u00e9.<\/li>\n<\/ul>\n<p class=\"break-words\" dir=\"auto\">Stru\u010dne povedan\u00e9, skrutkov\u00e9 prevody s\u00fa skvel\u00e9 na tich\u00e9 a \u013eahk\u00e9 pres\u00favanie vec\u00ed medzi skr\u00ed\u017een\u00fdmi hriade\u013emi, ale nie s\u00fa to najsilnej\u0161ie ani najr\u00fdchlej\u0161ie prevody, preto\u017ee sa k\u013a\u017eu namiesto toho, aby sa kot\u00fa\u013eali, a dot\u00fdkaj\u00fa sa iba na mal\u00fdch miestach.<\/p>\n<\/div>\n<h2>Skr\u00ed\u017een\u00e9 \u0161pir\u00e1lov\u00e9 ozuben\u00e9 koles\u00e1 (skrutkov\u00e9 ozuben\u00e9 koles\u00e1): Presn\u00e9 in\u017einierstvo od spolo\u010dnosti FMP<\/h2>\n<p>Skr\u00ed\u017een\u00e9 \u0161pir\u00e1lov\u00e9 ozuben\u00e9 koles\u00e1, be\u017ene zn\u00e1me ako skrutkov\u00e9 ozuben\u00e9 koles\u00e1, s\u00fa \u0161pecializovan\u00fdm typom hyperboloidn\u00e9ho ozuben\u00e9ho kolesa ur\u010den\u00e9ho na jedine\u010dn\u00fd \u00fa\u010del sp\u00e1jania \u0161ikm\u00fdch hriade\u013eov \u2013 os\u00ed, ktor\u00e9 sa kr\u00ed\u017eia bez pret\u00ednania. Na rozdiel od tradi\u010dn\u00fdch <a href=\"https:\/\/fmp-components.com\/sk\/helical-gears\/\">\u0161pir\u00e1lov\u00e9 ozuben\u00e9 koles\u00e1<\/a> V\u010faka rovnobe\u017en\u00fdm osami umo\u017e\u0148uj\u00fa skrutkov\u00e9 ozuben\u00e9 koles\u00e1 prenos pohybu medzi nerovnobe\u017en\u00fdmi, nepret\u00ednaj\u00facimi sa hriade\u013emi, \u010dasto pod uhlom 90\u00b0, hoci s\u00fa mo\u017en\u00e9 aj in\u00e9 konfigur\u00e1cie. V\u010faka tomu s\u00fa nevyhnutnou s\u00fa\u010das\u0165ou mechanick\u00fdch syst\u00e9mov vy\u017eaduj\u00facich v\u0161estrann\u00e9 zarovnanie hriade\u013eov. V Taliansku, kde sa priemyseln\u00e9 inov\u00e1cie rozv\u00edjaj\u00fa v mest\u00e1ch ako Mil\u00e1no, Ben\u00e1tky, Florencia a Bologna, dopyt po vysokokvalitn\u00fdch skrutkov\u00fdch ozuben\u00fdch koles\u00e1ch neust\u00e1le rastie a spolo\u010dnos\u0165 FMP je hrd\u00e1 na to, \u017ee t\u00fato potrebu uspokojuje odborne vypracovan\u00fdmi rie\u0161eniami.<\/p>\n<p><img loading=\"lazy\" decoding=\"async\" class=\"wp-image-7376 aligncenter\" src=\"https:\/\/fmp-components.com\/wp-content\/uploads\/2025\/03\/screw-gear-crossed-helical-gear-product-9.webp\" alt=\"skrutkov\u00e9 ozuben\u00e9 koleso so skr\u00ed\u017een\u00fdm \u0161pir\u00e1lov\u00fdm ozuben\u00fdm kolesom\" width=\"958\" height=\"239\" title=\"\" srcset=\"https:\/\/fmp-components.com\/wp-content\/uploads\/2025\/03\/screw-gear-crossed-helical-gear-product-9.webp 958w, https:\/\/fmp-components.com\/wp-content\/uploads\/2025\/03\/screw-gear-crossed-helical-gear-product-9-480x120.webp 480w\" sizes=\"(min-width: 0px) and (max-width: 480px) 480px, (min-width: 481px) 958px, 100vw\" \/><\/p>\n<p>Skrutkov\u00e9 ozuben\u00e9 koles\u00e1 funguj\u00fa sk\u00f4r s charakteristick\u00fdm skrutkov\u00fdm pohybom ako s \u010dist\u00fdm valiv\u00fdm pohybom, \u010do je v\u00fdsledkom ich r\u00f4znych uhlov skrutkovice (hoci s rovnakou d\u013a\u017ekou skrutkovice). Tento klzn\u00fd pohyb bokov, hoci vy\u017eaduje \u0161peci\u00e1lne mazanie, ako je hypoidn\u00fd prevodov\u00fd olej, aby sa minimalizovalo opotrebenie, pon\u00faka jedine\u010dn\u00e9 v\u00fdhody, ako je tich\u00e1 prev\u00e1dzka a axi\u00e1lna flexibilita. Na rozdiel od paraleln\u00fdch \u0161pir\u00e1lov\u00fdch ozuben\u00fdch kolies, ktor\u00e9 prech\u00e1dzaj\u00fa z bodov\u00e9ho do priameho kontaktu, skr\u00ed\u017een\u00e9 \u0161pir\u00e1lov\u00e9 ozuben\u00e9 koles\u00e1 si zachov\u00e1vaj\u00fa bodov\u00fd kontakt, v\u010faka \u010domu s\u00fa ide\u00e1lne pre aplik\u00e1cie s miernym kr\u00fatiacim momentom a r\u00fdchlos\u0165ou, ako s\u00fa pohony obr\u00e1bac\u00edch strojov. V porovnan\u00ed so z\u00e1vitovkov\u00fdmi ozuben\u00fdmi kolesami, ktor\u00e9 poskytuj\u00fa vy\u0161\u0161\u00ed kr\u00fatiaci moment prostredn\u00edctvom priameho kontaktu, skrutkov\u00e9 ozuben\u00e9 koles\u00e1 vynikaj\u00fa tich\u0161\u00edm v\u00fdkonom \u2013 ide\u00e1lne pre presn\u00fd priemysel v ru\u0161n\u00fdch centr\u00e1ch, ako s\u00fa Mil\u00e1no a Florencia.<\/p>\n<h2>\u0160pecifik\u00e1cia skr\u00ed\u017een\u00e9ho \u0161pir\u00e1lov\u00e9ho ozuben\u00e9ho kolesa<\/h2>\n<table class=\"table\" border=\"1\" width=\"100%\" cellspacing=\"0\" cellpadding=\"0\">\n<tbody>\n<tr class=\"firstRow\">\n<td>\u010c\u00edslo modelu<\/td>\n<td>M1, M1,5, M2, M2,5, M3, M4, M5, M8, M12 at\u010f.<\/td>\n<\/tr>\n<tr>\n<td>Materi\u00e1l<\/td>\n<td>Mosadz, oce\u013e C45, nehrdzavej\u00faca oce\u013e, me\u010f, POM, hlin\u00edk, zliatina at\u010f.<\/td>\n<\/tr>\n<tr>\n<td>Povrchov\u00e1 \u00faprava<\/td>\n<td>Pozinkovan\u00e9, niklovan\u00e9, pasiv\u00e1cia, oxid\u00e1cia, anodiz\u00e1cia, geometria, dacromet, \u010dierny oxid, fosf\u00e1tovanie, pr\u00e1\u0161kov\u00e9 lakovanie a elektrofor\u00e9za.<\/td>\n<\/tr>\n<tr>\n<td>\u0160tandard<\/td>\n<td>ISO, DIN, ANSI, JIS, BS a ne\u0161tandardn\u00e9.<\/td>\n<\/tr>\n<tr>\n<td>Presnos\u0165<\/td>\n<td>DIN6, DIN7, DIN8, DIN9.<\/td>\n<\/tr>\n<tr>\n<td>O\u0161etrenie zubov<\/td>\n<td>Kalen\u00e9, fr\u00e9zovan\u00e9 alebo br\u00fasen\u00e9<\/td>\n<\/tr>\n<tr>\n<td>Tolerancia<\/td>\n<td>0,001 mm \u2013 0,01 mm \u2013 0,1 mm<\/td>\n<\/tr>\n<tr>\n<td>Dokon\u010di\u0165<\/td>\n<td>pieskovanie\/brokovanie, tepeln\u00e9 spracovanie, \u017e\u00edhanie, pop\u00fa\u0161\u0165anie, le\u0161tenie, eloxovanie, pozinkovanie<\/td>\n<\/tr>\n<tr>\n<td>Balenie vec\u00ed<\/td>\n<td>Plastov\u00e9 vrecko + kart\u00f3ny alebo dreven\u00e9 balenie<\/td>\n<\/tr>\n<tr>\n<td>Platobn\u00e9 podmienky<\/td>\n<td>T\/T, akredit\u00edv<\/td>\n<\/tr>\n<tr>\n<td>Dodacia lehota v\u00fdroby<\/td>\n<td>20 pracovn\u00fdch dn\u00ed pre vzorku, 25 dn\u00ed pre hromadn\u00e9 balenie<\/td>\n<\/tr>\n<tr>\n<td>Vzorky<\/td>\n<td>Uk\u00e1\u017ekov\u00e9 cenov\u00e9 rozp\u00e4tie od $2 do $100. Expresn\u00e1 \u017eiados\u0165 o vzorku hraden\u00e1 klientmi.<\/td>\n<\/tr>\n<tr>\n<td>Aplik\u00e1cia<\/td>\n<td>1. Automatick\u00e9 riadiace stroje 2. Polovodi\u010dov\u00fd priemysel 3. V\u0161eobecn\u00e9 priemyseln\u00e9 stroje 4. Zdravotn\u00edcke zariadenia 5. Zariadenia na sol\u00e1rnu energiu 6. Obr\u00e1bacie stroje 7. Parkovac\u00ed syst\u00e9m 8. Vysokor\u00fdchlostn\u00e9 \u017eelezni\u010dn\u00e9 a leteck\u00e9 dopravn\u00e9 zariadenia at\u010f.<\/td>\n<\/tr>\n<\/tbody>\n<\/table>\n<h2 class=\"break-words\">Typy z\u00e1vitov\u00fdch ozuben\u00fdch kolies (kr\u00ed\u017een\u00e9 \u0161pir\u00e1lov\u00e9 ozuben\u00e9 koles\u00e1)<\/h2>\n<div>\n<table style=\"width: 100%;\" border=\"1\" width=\"100%\" cellspacing=\"0\" cellpadding=\"0\">\n<thead class=\"border-b border-primary\/20\">\n<tr class=\"border-primary\/10\">\n<th class=\"break-words\"><strong>Kateg\u00f3ria<\/strong><\/th>\n<th class=\"break-words\"><strong>Zlo\u017eenie materi\u00e1lu<\/strong><\/th>\n<th class=\"break-words\"><strong>Rozsah modulov<\/strong><\/th>\n<th class=\"break-words\"><strong>Uhol \u0161pir\u00e1ly<\/strong><\/th>\n<th class=\"break-words\"><strong>Po\u010det zubov<\/strong><\/th>\n<th class=\"break-words\"><strong>Pevnos\u0165 (v \u0165ahu)<\/strong><\/th>\n<th class=\"break-words\"><strong>Odolnos\u0165 proti kor\u00f3zii<\/strong><\/th>\n<th class=\"break-words\"><strong>Typick\u00e9 aplik\u00e1cie<\/strong><\/th>\n<\/tr>\n<\/thead>\n<tbody>\n<tr class=\"border-primary\/10\">\n<td class=\"break-words\"><strong>Oce\u013eov\u00e9 skrutkov\u00e9 ozuben\u00e9 koles\u00e1<\/strong><\/td>\n<td class=\"break-words\">Uhl\u00edkov\u00e1 oce\u013e alebo legovan\u00e1 oce\u013e (napr. AISI 1045, 4140)<\/td>\n<td class=\"break-words\">1 a\u017e 4<\/td>\n<td class=\"break-words\">typicky 45\u00b0<\/td>\n<td class=\"break-words\">10 a\u017e 50+<\/td>\n<td class=\"break-words\">500 \u2013 1 000 MPa<\/td>\n<td class=\"break-words\">N\u00edzka a\u017e stredn\u00e1<\/td>\n<td class=\"break-words\">Priemyseln\u00e9 stroje, automobilov\u00e9 syst\u00e9my<\/td>\n<\/tr>\n<tr class=\"border-primary\/10\">\n<td class=\"break-words\"><strong>Skrutkov\u00e9 ozuben\u00e9 koles\u00e1 z nehrdzavej\u00facej ocele<\/strong><\/td>\n<td class=\"break-words\">Nerezov\u00e1 oce\u013e (napr. SUS303, SUS304)<\/td>\n<td class=\"break-words\">1 a\u017e 4<\/td>\n<td class=\"break-words\">typicky 45\u00b0<\/td>\n<td class=\"break-words\">10 a\u017e 50+<\/td>\n<td class=\"break-words\">500 \u2013 700 MPa<\/td>\n<td class=\"break-words\">Vysok\u00e1<\/td>\n<td class=\"break-words\">Potravin\u00e1rske stroje, n\u00e1morn\u00e9 vybavenie<\/td>\n<\/tr>\n<tr class=\"border-primary\/10\">\n<td class=\"break-words\"><strong>Hlin\u00edkov\u00e9 bronzov\u00e9 skrutkov\u00e9 ozuben\u00e9 koles\u00e1<\/strong><\/td>\n<td class=\"break-words\">Hlin\u00edkov\u00fd bronz (napr. CuAl10Fe5Ni5)<\/td>\n<td class=\"break-words\">1 a\u017e 4<\/td>\n<td class=\"break-words\">typicky 45\u00b0<\/td>\n<td class=\"break-words\">10 a\u017e 50+<\/td>\n<td class=\"break-words\">600 \u2013 800 MPa<\/td>\n<td class=\"break-words\">Ve\u013emi vysok\u00e1<\/td>\n<td class=\"break-words\">\u0160nekov\u00e9 pohony, koroz\u00edvne prostredie<\/td>\n<\/tr>\n<tr class=\"border-primary\/10\">\n<td class=\"break-words\"><strong>Plastov\u00e9 skrutkov\u00e9 ozuben\u00e9 koles\u00e1<\/strong><\/td>\n<td class=\"break-words\">Nylon, acetal alebo MC nylon<\/td>\n<td class=\"break-words\">1 a\u017e 3<\/td>\n<td class=\"break-words\">typicky 45\u00b0<\/td>\n<td class=\"break-words\">10 a\u017e 40+<\/td>\n<td class=\"break-words\">50 \u2013 100 MPa<\/td>\n<td class=\"break-words\">Vysok\u00e1<\/td>\n<td class=\"break-words\">\u013dahk\u00e9 syst\u00e9my, pou\u017eitie citliv\u00e9 na hluk<\/td>\n<\/tr>\n<tr class=\"border-primary\/10\">\n<td class=\"break-words\"><strong>Kovov\u00e9 skrutkov\u00e9 ozuben\u00e9 koles\u00e1<\/strong><\/td>\n<td class=\"break-words\">V\u0161eobecn\u00e9 kovy (napr. mosadz, liatina)<\/td>\n<td class=\"break-words\">1 a\u017e 4<\/td>\n<td class=\"break-words\">typicky 45\u00b0<\/td>\n<td class=\"break-words\">10 a\u017e 50+<\/td>\n<td class=\"break-words\">300 \u2013 800 MPa<\/td>\n<td class=\"break-words\">R\u00f4zne (od najni\u017e\u0161ej po najvy\u0161\u0161iu)<\/td>\n<td class=\"break-words\">V\u0161eobecn\u00fd prenos energie, stroj\u00e1rstvo<\/td>\n<\/tr>\n<\/tbody>\n<\/table>\n<div>\n<h3 class=\"\" dir=\"auto\">Pozn\u00e1mky k \u0161pecifik\u00e1ci\u00e1m:<\/h3>\n<ol class=\"marker:text-secondary\" dir=\"auto\">\n<li class=\"break-words\"><strong>Rozsah modulov<\/strong>Modul (miera ve\u013ekosti zuba ozuben\u00e9ho kolesa) sa pre v\u00e4\u010d\u0161inu z\u00e1vitov\u00fdch ozuben\u00fdch kolies zvy\u010dajne pohybuje od 1 do 4, hoci v z\u00e1vislosti od aplik\u00e1cie m\u00f4\u017eu by\u0165 k dispoz\u00edcii men\u0161ie alebo v\u00e4\u010d\u0161ie moduly.<\/li>\n<li class=\"break-words\"><strong>Uhol \u0161pir\u00e1ly<\/strong>Skrutkov\u00e9 ozuben\u00e9 koles\u00e1 be\u017ene pou\u017e\u00edvaj\u00fa uhol skrutkovice 45\u00b0, aby umo\u017enili prenos pohybu hriade\u013ea bez pret\u00ednania sa a rovnobe\u017enosti, hoci sa to m\u00f4\u017ee mierne l\u00ed\u0161i\u0165.<\/li>\n<li class=\"break-words\"><strong>Po\u010det zubov<\/strong>Po\u010det zubov z\u00e1vis\u00ed od ve\u013ekosti ozuben\u00e9ho kolesa a pou\u017eitia, zvy\u010dajne sa pohybuje od 10 do viac ako 50.<\/li>\n<li class=\"break-words\"><strong>Pevnos\u0165 (v \u0165ahu)<\/strong>Pevnos\u0165 v \u0165ahu sa l\u00ed\u0161i v z\u00e1vislosti od materi\u00e1lu; oce\u013e a hlin\u00edkov\u00fd bronz pon\u00fakaj\u00fa vysok\u00fa pevnos\u0165, zatia\u013e \u010do plast m\u00e1 ni\u017e\u0161iu pevnos\u0165, ale je \u013eahk\u00fd.<\/li>\n<li class=\"break-words\"><strong>Odolnos\u0165 proti kor\u00f3zii<\/strong>Nerezov\u00e1 oce\u013e a hlin\u00edkov\u00fd bronz vynikaj\u00fa v koroz\u00edvnom prostred\u00ed, zatia\u013e \u010do uhl\u00edkov\u00e1 oce\u013e vy\u017eaduje n\u00e1tery alebo \u00fapravy pre podobn\u00fd v\u00fdkon.<\/li>\n<li class=\"break-words\"><strong>Aplik\u00e1cie<\/strong>Ka\u017ed\u00fd materi\u00e1l vyhovuje \u0161pecifick\u00fdm potreb\u00e1m \u2013 oce\u013e pre odolnos\u0165, nehrdzavej\u00faca oce\u013e pre hygienu, hlin\u00edkov\u00fd bronz pre odolnos\u0165 proti opotrebovaniu, plast pre n\u00edzku hlu\u010dnos\u0165\/hmotnos\u0165 a in\u00e9 kovy pre v\u0161estrannos\u0165.<\/li>\n<\/ol>\n<p class=\"break-words\" dir=\"auto\">T\u00e1to tabu\u013eka uv\u00e1dza \u0161pecifik\u00e1cie \u0161pir\u00e1lov\u00fdch ozuben\u00fdch kolies pod\u013ea kateg\u00f3rie. Presn\u00e9 podrobnosti n\u00e1jdete <a href=\"mailto:info@fmpcomponents.it\">e-mail<\/a> n\u00e1s.<\/p>\n<\/div>\n<\/div>\n<div>\n<h2>Pre\u010do si vybra\u0165 FMP?<\/h2>\n<p class=\"break-words\">Ako d\u00f4veryhodn\u00fd v\u00fdrobca spolo\u010dnos\u0165 FMP vyr\u00e1ba \u0161irok\u00fd sortiment skr\u00ed\u017een\u00fdch \u0161pir\u00e1lov\u00fdch ozuben\u00fdch kolies (skrutkov\u00fdch ozuben\u00fdch kolies), ktor\u00e9 vyhovuj\u00fa r\u00f4znym priemyseln\u00fdm aplik\u00e1ci\u00e1m. \u010ci u\u017e ste v Mil\u00e1ne a h\u013ead\u00e1te \u0161tandardn\u00e9 modely, alebo v Ben\u00e1tkach, kde potrebujete dizajn na mieru, pon\u00fakame prisp\u00f4sobenie, aby sme zabezpe\u010dili, \u017ee va\u0161e stroje bud\u00fa fungova\u0165 \u010do najlep\u0161ie. Na\u0161e ozuben\u00e9 koles\u00e1 s\u00fa navrhnut\u00e9 s presnos\u0165ou a sp\u013a\u0148aj\u00fa najvy\u0161\u0161ie \u0161tandardy odolnosti a \u00fa\u010dinnosti. Ak si prezer\u00e1te n\u00e1\u0161 zoznam produktov \u2013 \u010di u\u017e z Florencie, Bologne alebo in\u00fdch miest \u2013 a nen\u00e1jdete presn\u00fd model, ktor\u00fd potrebujete, bu\u010fte si ist\u00ed, \u017ee pravdepodobne len \u010dak\u00e1 na svoj debut v na\u0161om katal\u00f3gu. Jednoducho n\u00e1m po\u0161lite e-mail s va\u0161imi po\u017eiadavkami a na\u0161i sk\u00fasen\u00ed technici v\u00e1m do 24 hod\u00edn odpovedia s rie\u0161en\u00edm na mieru.<\/p>\n<p class=\"break-words\">Spolo\u010dnos\u0165 FMP sa zaviazala podporova\u0165 taliansky priemysel prostredn\u00edctvom \u0161pi\u010dkovej technol\u00f3gie z\u00e1vitovkov\u00fdch prevodov. Od modern\u00fdch tov\u00e1rn\u00ed v Mil\u00e1ne a\u017e po historick\u00e9 remeseln\u00e9 spracovanie vo Florencii, od n\u00e1morn\u00fdch inov\u00e1ci\u00ed v Ben\u00e1tkach a\u017e po mechanick\u00e9 znalosti v Bologni, sme tu, aby sme poh\u00e1\u0148ali va\u0161e prev\u00e1dzky spo\u013eahliv\u00fdmi, na mieru vyroben\u00fdmi skr\u00ed\u017een\u00fdmi \u0161pir\u00e1lov\u00fdmi prevodmi. Kontaktujte n\u00e1s e\u0161te dnes a presk\u00famajte na\u0161u ponuku alebo sa informujte o konkr\u00e9tnom modeli \u2013 n\u00e1\u0161 t\u00edm je pripraven\u00fd v\u00e1m promptne pom\u00f4c\u0165 a zabezpe\u010di\u0165, aby va\u0161e projekty zostali na spr\u00e1vnej ceste s kvalitou a presnos\u0165ou, ktor\u00fa si zasl\u00fa\u017eite.<\/p>\n<p><img loading=\"lazy\" decoding=\"async\" class=\"wp-image-7374 aligncenter\" src=\"https:\/\/fmp-components.com\/wp-content\/uploads\/2025\/03\/screw-gear-crossed-helical-gear-product-7.webp\" alt=\"skrutkov\u00e9 ozuben\u00e9 koleso so skr\u00ed\u017een\u00fdm \u0161pir\u00e1lov\u00fdm ozuben\u00fdm kolesom\" width=\"932\" height=\"621\" title=\"\" srcset=\"https:\/\/fmp-components.com\/wp-content\/uploads\/2025\/03\/screw-gear-crossed-helical-gear-product-7.webp 932w, https:\/\/fmp-components.com\/wp-content\/uploads\/2025\/03\/screw-gear-crossed-helical-gear-product-7-480x320.webp 480w\" sizes=\"(min-width: 0px) and (max-width: 480px) 480px, (min-width: 481px) 932px, 100vw\" \/><\/p>\n<\/div>","protected":false},"excerpt":{"rendered":"<p>Screw Gears (Crossed Helical Gears) Screw gears, sometimes called crossed helical gears, are special gears that help move things between two shafts (like sticks that spin) that don\u2019t touch and aren\u2019t lined up straight. Regular helical gears for straight shafts have the same twist angle but twist in opposite ways. For screw gears, the twist [&hellip;]<\/p>","protected":false},"featured_media":7375,"comment_status":"open","ping_status":"closed","template":"","meta":{"_et_pb_use_builder":"","_et_pb_old_content":"","_et_gb_content_width":""},"product_brand":[],"product_cat":[108],"product_tag":[],"class_list":{"0":"post-7372","1":"product","2":"type-product","3":"status-publish","4":"has-post-thumbnail","6":"product_cat-helical-gear","8":"first","9":"instock","10":"shipping-taxable","11":"product-type-simple"},"_links":{"self":[{"href":"https:\/\/fmp-components.com\/sk\/wp-json\/wp\/v2\/product\/7372","targetHints":{"allow":["GET"]}}],"collection":[{"href":"https:\/\/fmp-components.com\/sk\/wp-json\/wp\/v2\/product"}],"about":[{"href":"https:\/\/fmp-components.com\/sk\/wp-json\/wp\/v2\/types\/product"}],"replies":[{"embeddable":true,"href":"https:\/\/fmp-components.com\/sk\/wp-json\/wp\/v2\/comments?post=7372"}],"wp:featuredmedia":[{"embeddable":true,"href":"https:\/\/fmp-components.com\/sk\/wp-json\/wp\/v2\/media\/7375"}],"wp:attachment":[{"href":"https:\/\/fmp-components.com\/sk\/wp-json\/wp\/v2\/media?parent=7372"}],"wp:term":[{"taxonomy":"product_brand","embeddable":true,"href":"https:\/\/fmp-components.com\/sk\/wp-json\/wp\/v2\/product_brand?post=7372"},{"taxonomy":"product_cat","embeddable":true,"href":"https:\/\/fmp-components.com\/sk\/wp-json\/wp\/v2\/product_cat?post=7372"},{"taxonomy":"product_tag","embeddable":true,"href":"https:\/\/fmp-components.com\/sk\/wp-json\/wp\/v2\/product_tag?post=7372"}],"curies":[{"name":"pracovn\u00fd list","href":"https:\/\/api.w.org\/{rel}","templated":true}]}}