{"id":7369,"date":"2025-03-24T02:45:01","date_gmt":"2025-03-24T02:45:01","guid":{"rendered":"https:\/\/fmp-components.com\/?post_type=product&#038;p=7369"},"modified":"2025-03-26T08:42:56","modified_gmt":"2025-03-26T08:42:56","slug":"mining-machinery-carburized-helical-gear","status":"publish","type":"product","link":"https:\/\/fmp-components.com\/sk\/product\/mining-machinery-carburized-helical-gear\/","title":{"rendered":"\u0164a\u017eobn\u00e9 stroje s cementovan\u00fdm \u0161pir\u00e1lov\u00fdm ozuben\u00fdm kolesom"},"content":{"rendered":"<div class=\"sliderTable mt10 mb10 sliderTable-index0 change-to-org\">\n<div class=\"inner\">\n<div>\n<p class=\"break-words\">Ako popredn\u00fd v\u00fdrobca v tomto odvetv\u00ed sa spolo\u010dnos\u0165 FMP \u0161pecializuje na v\u00fdrobu \u0161irokej \u0161k\u00e1ly cementovan\u00fdch bansk\u00fdch strojov <a href=\"https:\/\/fmp-components.com\/sk\/helical-gears\/\">\u0160pir\u00e1lov\u00e9 ozuben\u00e9 koles\u00e1<\/a> navrhnut\u00e9 tak, aby sp\u013a\u0148ali n\u00e1ro\u010dn\u00e9 potreby bansk\u00fdch prev\u00e1dzok. Na\u0161e ozuben\u00e9 koles\u00e1 s\u00fa vyroben\u00e9 s presnos\u0165ou s vyu\u017eit\u00edm pokro\u010dil\u00fdch techn\u00edk cement\u00e1cie, aby sa zabezpe\u010dila v\u00fdnimo\u010dn\u00e1 odolnos\u0165, pevnos\u0165 a v\u00fdkon v extr\u00e9mnych podmienkach. \u010ci u\u017e po\u017eadujete \u0161tandardn\u00e9 modely alebo rie\u0161enia na mieru, FMP pon\u00faka mo\u017enosti prisp\u00f4soben\u00e9 va\u0161im \u0161pecifick\u00fdm po\u017eiadavk\u00e1m, \u010d\u00edm sa zabezpe\u010d\u00ed optim\u00e1lna \u00fa\u010dinnos\u0165 a spo\u013eahlivos\u0165 va\u0161ich bansk\u00fdch strojov.<\/p>\n<p class=\"break-words\">V spolo\u010dnosti FMP sme hrd\u00ed na n\u00e1\u0161 rozsiahly sortiment produktov, ale ak v na\u0161om katal\u00f3gu nen\u00e1jdete presn\u00fd model cementovan\u00e9ho \u0161pir\u00e1lov\u00e9ho ozuben\u00e9ho kolesa pre bansk\u00e9 stroje, ktor\u00fd potrebujete, nemus\u00edte sa ob\u00e1va\u0165 \u2013 znamen\u00e1 to jednoducho, \u017ee sme ho e\u0161te nemali mo\u017enos\u0165 uvies\u0165. Odpor\u00fa\u010dame v\u00e1m, aby ste n\u00e1s kontaktovali e-mailom s podrobnos\u0165ami o modeli, ktor\u00fd h\u013ead\u00e1te. N\u00e1\u0161 \u0161pecializovan\u00fd t\u00edm technikov v\u00e1m odpovie do 24 hod\u00edn a poskytne v\u00e1m odborn\u00e9 poradenstvo a rie\u0161enia, ktor\u00e9 splnia va\u0161e potreby, a zabezpe\u010d\u00ed, \u017ee z\u00edskate perfektn\u00e9 ozuben\u00e9 koleso pre va\u0161u aplik\u00e1ciu.<\/p>\n<p><img loading=\"lazy\" decoding=\"async\" class=\"wp-image-7378 aligncenter\" src=\"https:\/\/fmp-components.com\/wp-content\/uploads\/2025\/03\/Mining-Machinery-Carburized-Helical-Gear-1.webp\" alt=\"\u0164a\u017eobn\u00e9 stroje s cementovan\u00fdm \u0161pir\u00e1lov\u00fdm ozuben\u00fdm kolesom\" width=\"899\" height=\"600\" title=\"\" srcset=\"https:\/\/fmp-components.com\/wp-content\/uploads\/2025\/03\/Mining-Machinery-Carburized-Helical-Gear-1.webp 899w, https:\/\/fmp-components.com\/wp-content\/uploads\/2025\/03\/Mining-Machinery-Carburized-Helical-Gear-1-480x320.webp 480w\" sizes=\"(min-width: 0px) and (max-width: 480px) 480px, (min-width: 481px) 899px, 100vw\" \/><\/p>\n<\/div>\n<h2>\u0160pecifik\u00e1cia<\/h2>\n<table border=\"1\" width=\"100%\">\n<tbody>\n<tr class=\"firstRow\">\n<th colspan=\"2\" valign=\"top\">Z\u00e1kladn\u00e9 \u00fadaje o v\u00fdstroji<\/th>\n<\/tr>\n<tr>\n<td valign=\"center\">Tvar zuba ozuben\u00e9ho kolesa<\/td>\n<td valign=\"center\">evolventa<\/td>\n<\/tr>\n<tr>\n<td valign=\"center\">Materi\u00e1l ozuben\u00e9ho kolesa<\/td>\n<td valign=\"center\">18CrNiMo6<\/td>\n<\/tr>\n<tr>\n<td valign=\"center\">Proces ozubenia<\/td>\n<td valign=\"center\">kovanie, cement\u00e1cia, rovinn\u00e9 a vn\u00fatorn\u00e9 br\u00fasenie, br\u00fasenie zubov, l\u00edniov\u00e9 rezanie<\/td>\n<\/tr>\n<tr>\n<td valign=\"center\">Uhol tlaku<\/td>\n<td valign=\"center\">20\u00b0<\/td>\n<\/tr>\n<tr>\n<td valign=\"center\">\u00darove\u0148 kvality<\/td>\n<td valign=\"center\">DIN 3962 trieda 6<\/td>\n<\/tr>\n<tr>\n<td valign=\"center\">Typ prevodov\u00e9ho stup\u0148a<\/td>\n<td valign=\"center\">M=9, Z=33, a=20\u00b0, \u03b2=8\u00b0, x=0,2, pravoto\u010div\u00fd<\/td>\n<\/tr>\n<\/tbody>\n<\/table>\n<\/div>\n<\/div>\n<h3>Mo\u017enosti ozuben\u00e9ho kolesa\/dr\u00e1\u017ekovania<\/h3>\n<div class=\"sliderTable mt10 mb10 sliderTable-index1 change-to-org\">\n<div class=\"inner\">\n<table border=\"1\" width=\"100%\">\n<tbody>\n<tr class=\"firstRow\">\n<th colspan=\"4\" valign=\"top\">Vn\u00fatorn\u00e9 ozuben\u00e9 koles\u00e1 a vn\u00fatorn\u00e9 dr\u00e1\u017ekovanie<\/th>\n<\/tr>\n<tr>\n<td valign=\"top\"><\/td>\n<td valign=\"top\">FR\u00c9ZOVANIE<\/td>\n<td valign=\"top\">TVAROVANIE<\/td>\n<td valign=\"top\">\u0160KR\u00cdPANIE ZUBOV<\/td>\n<\/tr>\n<tr>\n<td valign=\"top\">Maxim\u00e1lna vonkaj\u0161ia hustota (OD)<\/td>\n<td valign=\"top\">2500 mm<\/td>\n<td valign=\"top\">2500 mm<\/td>\n<td valign=\"top\">2500 mm<\/td>\n<\/tr>\n<tr>\n<td valign=\"top\">Minim\u00e1lny preukaz toto\u017enosti<\/td>\n<td valign=\"top\">650 mm<\/td>\n<td valign=\"top\">50 mm<\/td>\n<td valign=\"top\">100 mm<\/td>\n<\/tr>\n<tr>\n<td valign=\"top\">Maxim\u00e1lna \u0161\u00edrka tv\u00e1re<\/td>\n<td valign=\"top\">500 mm<\/td>\n<td valign=\"top\">500 mm<\/td>\n<td valign=\"top\">500 mm<\/td>\n<\/tr>\n<tr>\n<td valign=\"top\">Maxim\u00e1lny diametr\u00e1lny rozstup<\/td>\n<td valign=\"top\">DP 1<\/td>\n<td valign=\"top\">DP 1<\/td>\n<td valign=\"top\">DP 0,5<\/td>\n<\/tr>\n<tr>\n<td valign=\"top\">Maxim\u00e1lny modul<\/td>\n<td valign=\"top\">26 mm<\/td>\n<td valign=\"top\">26 mm<\/td>\n<td valign=\"top\">45 mm<\/td>\n<\/tr>\n<tr>\n<td valign=\"top\">\u00darove\u0148 AGMA\/\u00darove\u0148 DIN<\/td>\n<td valign=\"top\">Trieda DIN 8<\/td>\n<td valign=\"top\">Trieda DIN 8<\/td>\n<td valign=\"top\">Trieda DIN 4<\/td>\n<\/tr>\n<tr>\n<td valign=\"top\">Povrchov\u00e1 \u00faprava zubov<\/td>\n<td valign=\"top\">Relat\u00edvna citlivos\u0165 3,2<\/td>\n<td valign=\"top\">Relat\u00edvna citlivos\u0165 3,2<\/td>\n<td valign=\"top\">Relat\u00edvna citlivos\u0165 (Ra) 0,6<\/td>\n<\/tr>\n<tr>\n<td valign=\"top\">Maxim\u00e1lny uhol \u0161pir\u00e1ly<\/td>\n<td valign=\"top\">\u00b122,5\u00b0<\/td>\n<td valign=\"top\">\u00b122,5\u00b0<\/td>\n<td valign=\"top\">\u00b145\u00b0<\/td>\n<\/tr>\n<tr>\n<th colspan=\"4\" valign=\"top\">Vonkaj\u0161ie ozuben\u00e9 koles\u00e1 a vonkaj\u0161ie dr\u00e1\u017ekovanie<\/th>\n<\/tr>\n<tr>\n<td valign=\"top\"><\/td>\n<td valign=\"top\">ODVA\u013dOVANIE<\/td>\n<td valign=\"top\">FR\u00c9ZOVANIE<\/td>\n<td valign=\"top\">\u0160KR\u00cdPANIE ZUBOV<\/td>\n<\/tr>\n<tr>\n<td valign=\"top\">Maxim\u00e1lna vonkaj\u0161ia hustota (OD)<\/td>\n<td valign=\"top\">1250 mm<\/td>\n<td valign=\"top\">2500 mm<\/td>\n<td valign=\"top\">2500 mm<\/td>\n<\/tr>\n<tr>\n<td valign=\"top\">Minim\u00e1lna vonkaj\u0161ia hustota (OD)<\/td>\n<td valign=\"top\">20 mm<\/td>\n<td valign=\"top\">200 mm<\/td>\n<td valign=\"top\">20 mm<\/td>\n<\/tr>\n<tr>\n<td valign=\"top\">Maxim\u00e1lna \u0161\u00edrka tv\u00e1re<\/td>\n<td valign=\"top\">500 mm<\/td>\n<td valign=\"top\">500 mm<\/td>\n<td valign=\"top\">1480 mm<\/td>\n<\/tr>\n<tr>\n<td valign=\"top\">Maxim\u00e1lny diametr\u00e1lny rozstup<\/td>\n<td valign=\"top\">DP 1<\/td>\n<td valign=\"top\">DP 1<\/td>\n<td valign=\"top\">DP 0,5<\/td>\n<\/tr>\n<tr>\n<td valign=\"top\">Maxim\u00e1lny modul<\/td>\n<td valign=\"top\">26 mm<\/td>\n<td valign=\"top\">26 mm<\/td>\n<td valign=\"top\">45 mm<\/td>\n<\/tr>\n<tr>\n<td valign=\"top\">\u00darove\u0148 AGMA\/\u00darove\u0148 DIN<\/td>\n<td valign=\"top\">Trieda DIN 8<\/td>\n<td valign=\"top\">Trieda DIN 8<\/td>\n<td valign=\"top\">Trieda DIN 4<\/td>\n<\/tr>\n<tr>\n<td valign=\"top\">Povrchov\u00e1 \u00faprava zubov<\/td>\n<td valign=\"top\">Relat\u00edvna citlivos\u0165 3,2<\/td>\n<td valign=\"top\">Relat\u00edvna citlivos\u0165 3,2<\/td>\n<td valign=\"top\">Relat\u00edvna citlivos\u0165 (Ra) 0,6<\/td>\n<\/tr>\n<tr>\n<td valign=\"top\">Maxim\u00e1lny uhol \u0161pir\u00e1ly<\/td>\n<td valign=\"top\">\u00b145\u00b0<\/td>\n<td valign=\"top\">\u00b145\u00b0<\/td>\n<td valign=\"top\">\u00b145\u00b0<\/td>\n<\/tr>\n<\/tbody>\n<\/table>\n<\/div>\n<\/div>","protected":false},"excerpt":{"rendered":"<ul class=\"pro-info-list fix\">\n<li class=\"prod-specifics-brand\"><label>Tvar zuba ozuben\u00e9ho kolesa:\u00a0<\/label>evolventa<\/li>\n<li class=\"prod-specifics-brand\"><label>Materi\u00e1l prevodovky:<\/label>18CrNiMo6<\/li>\n<li class=\"prod-specifics-brand\"><label>Uhol tlaku:<\/label>20\u00b0<\/li>\n<li class=\"prod-specifics-brand\"><label>\u00darove\u0148 kvality:\u00a0<\/label>DIN 3962 trieda 6<\/li>\n<\/ul>","protected":false},"featured_media":4595,"comment_status":"open","ping_status":"closed","template":"","meta":{"_et_pb_use_builder":"","_et_pb_old_content":"","_et_gb_content_width":""},"product_brand":[],"product_cat":[108],"product_tag":[],"class_list":{"0":"post-7369","1":"product","2":"type-product","3":"status-publish","4":"has-post-thumbnail","6":"product_cat-helical-gear","8":"first","9":"instock","10":"shipping-taxable","11":"product-type-simple"},"_links":{"self":[{"href":"https:\/\/fmp-components.com\/sk\/wp-json\/wp\/v2\/product\/7369","targetHints":{"allow":["GET"]}}],"collection":[{"href":"https:\/\/fmp-components.com\/sk\/wp-json\/wp\/v2\/product"}],"about":[{"href":"https:\/\/fmp-components.com\/sk\/wp-json\/wp\/v2\/types\/product"}],"replies":[{"embeddable":true,"href":"https:\/\/fmp-components.com\/sk\/wp-json\/wp\/v2\/comments?post=7369"}],"wp:featuredmedia":[{"embeddable":true,"href":"https:\/\/fmp-components.com\/sk\/wp-json\/wp\/v2\/media\/4595"}],"wp:attachment":[{"href":"https:\/\/fmp-components.com\/sk\/wp-json\/wp\/v2\/media?parent=7369"}],"wp:term":[{"taxonomy":"product_brand","embeddable":true,"href":"https:\/\/fmp-components.com\/sk\/wp-json\/wp\/v2\/product_brand?post=7369"},{"taxonomy":"product_cat","embeddable":true,"href":"https:\/\/fmp-components.com\/sk\/wp-json\/wp\/v2\/product_cat?post=7369"},{"taxonomy":"product_tag","embeddable":true,"href":"https:\/\/fmp-components.com\/sk\/wp-json\/wp\/v2\/product_tag?post=7369"}],"curies":[{"name":"pracovn\u00fd list","href":"https:\/\/api.w.org\/{rel}","templated":true}]}}