{"id":7364,"date":"2025-03-24T02:21:03","date_gmt":"2025-03-24T02:21:03","guid":{"rendered":"https:\/\/fmp-components.com\/?post_type=product&#038;p=7364"},"modified":"2025-03-26T08:43:59","modified_gmt":"2025-03-26T08:43:59","slug":"high-speed-train-locomotive-hard-tooth-flank-helical-gear","status":"publish","type":"product","link":"https:\/\/fmp-components.com\/sk\/product\/high-speed-train-locomotive-hard-tooth-flank-helical-gear\/","title":{"rendered":"Vysokor\u00fdchlostn\u00e1 vlakov\u00e1 lokomot\u00edva s tvrd\u00fdm zubom a bo\u010dn\u00fdm \u0161pir\u00e1lov\u00fdm ozuben\u00fdm kolesom"},"content":{"rendered":"<div class=\"sliderTable mt10 mb10 sliderTable-index0 change-to-org\">\n<div class=\"inner\">\n<h2>\u00daloha \u0161pir\u00e1lov\u00fdch ozuben\u00fdch kolies s tvrd\u00fdmi zubami vo vysokor\u00fdchlostn\u00fdch lokomot\u00edvach<\/h2>\n<div>Vysokor\u00fdchlostn\u00e9 lokomot\u00edvy vy\u017eaduj\u00fa ozuben\u00e9 koles\u00e1, ktor\u00e9 dok\u00e1\u017eu odola\u0165 extr\u00e9mnym prev\u00e1dzkov\u00fdm podmienkam a z\u00e1rove\u0148 si zachova\u0165 plynul\u00fd a efekt\u00edvny v\u00fdkon. Tvrd\u00fd bok zuba. <a href=\"https:\/\/fmp-components.com\/sk\/helical-gears\/\">\u0161pir\u00e1lov\u00e9 ozuben\u00e9 koles\u00e1<\/a> s\u00fa optim\u00e1lnym rie\u0161en\u00edm pre tieto aplik\u00e1cie v\u010faka svojej v\u00fdnimo\u010dnej pevnosti, presnosti a schopnosti zvl\u00e1da\u0165 vysok\u00e9 za\u0165a\u017eenie a r\u00fdchlosti. Tieto prevody s\u00fa \u0161peci\u00e1lne navrhnut\u00e9 tak, aby minimalizovali hluk a vibr\u00e1cie, \u010d\u00edm zvy\u0161uj\u00fa pohodlie cestuj\u00facich a z\u00e1rove\u0148 zabezpe\u010duj\u00fa spo\u013eahlivos\u0165 vysokor\u00fdchlostn\u00fdch \u017eelezni\u010dn\u00fdch syst\u00e9mov. Ich robustn\u00e1 kon\u0161trukcia tie\u017e zni\u017euje potrebu \u010dastej \u00fadr\u017eby, v\u010faka \u010domu s\u00fa k\u013e\u00fa\u010dov\u00fdm komponentom pre dlh\u00fa \u017eivotnos\u0165 a spo\u013eahlivos\u0165 modern\u00fdch lokomot\u00edv.<\/div>\n<h2>\u0160pecifik\u00e1cia<\/h2>\n<table border=\"1\" width=\"100%\">\n<tbody>\n<tr class=\"firstRow\">\n<th colspan=\"2\" valign=\"top\">Z\u00e1kladn\u00e9 \u00fadaje o v\u00fdstroji<\/th>\n<\/tr>\n<tr>\n<td valign=\"center\">Tvar zuba ozuben\u00e9ho kolesa<\/td>\n<td valign=\"center\">evolventa<\/td>\n<\/tr>\n<tr>\n<td valign=\"center\">Materi\u00e1l ozuben\u00e9ho kolesa<\/td>\n<td valign=\"center\">17CrNiMo6<\/td>\n<\/tr>\n<tr>\n<td valign=\"center\">Proces ozubenia<\/td>\n<td valign=\"center\">kovanie, s\u00fastru\u017eenie, odva\u013eovanie, cementovanie, vonkaj\u0161ie br\u00fasenie, br\u00fasenie zubov<\/td>\n<\/tr>\n<tr>\n<td valign=\"center\">Uhol tlaku<\/td>\n<td valign=\"center\">20\u00b0<\/td>\n<\/tr>\n<tr>\n<td valign=\"center\">\u00darove\u0148 kvality<\/td>\n<td valign=\"center\">DIN 3962 Trieda 6<\/td>\n<\/tr>\n<tr>\n<td valign=\"center\">Typ prevodov\u00e9ho stup\u0148a<\/td>\n<td valign=\"center\">Mn=4, Z=132, \u03b2=18\u00b0<\/td>\n<\/tr>\n<\/tbody>\n<\/table>\n<\/div>\n<\/div>\n<p><strong>MO\u017dNOSTI OZUBEN\u00c9HO KOLENIA\/DR\u00c1\u017dKOVANIA<\/strong><\/p>\n<div class=\"sliderTable mt10 mb10 sliderTable-index1 change-to-org\">\n<div class=\"inner\">\n<table border=\"1\" width=\"100%\">\n<tbody>\n<tr class=\"firstRow\">\n<th colspan=\"4\" valign=\"top\">VN\u00daTORN\u00c9 OZUBEN\u00c9 KOLES\u00c1 A VN\u00daTORN\u00c9 DR\u00c1\u017dKY<\/th>\n<\/tr>\n<tr>\n<td valign=\"top\"><\/td>\n<td valign=\"top\">FR\u00c9ZOVANIE<\/td>\n<td valign=\"top\">TVAROVANIE<\/td>\n<td valign=\"top\">\u0160KR\u00cdPANIE ZUBOV<\/td>\n<\/tr>\n<tr>\n<td valign=\"top\">Maxim\u00e1lna vonkaj\u0161ia hustota (OD)<\/td>\n<td valign=\"top\">2500 mm<\/td>\n<td valign=\"top\">2500 mm<\/td>\n<td valign=\"top\">2500 mm<\/td>\n<\/tr>\n<tr>\n<td valign=\"top\">Minim\u00e1lny preukaz toto\u017enosti<\/td>\n<td valign=\"top\">650 mm<\/td>\n<td valign=\"top\">50 mm<\/td>\n<td valign=\"top\">100 mm<\/td>\n<\/tr>\n<tr>\n<td valign=\"top\">Maxim\u00e1lna \u0161\u00edrka tv\u00e1re<\/td>\n<td valign=\"top\">500 mm<\/td>\n<td valign=\"top\">500 mm<\/td>\n<td valign=\"top\">500 mm<\/td>\n<\/tr>\n<tr>\n<td valign=\"top\">Maxim\u00e1lny diametr\u00e1lny rozstup<\/td>\n<td valign=\"top\">DP 1<\/td>\n<td valign=\"top\">DP 1<\/td>\n<td valign=\"top\">DP 0,5<\/td>\n<\/tr>\n<tr>\n<td valign=\"top\">Maxim\u00e1lny modul<\/td>\n<td valign=\"top\">26 mm<\/td>\n<td valign=\"top\">26 mm<\/td>\n<td valign=\"top\">45 mm<\/td>\n<\/tr>\n<tr>\n<td valign=\"top\">\u00darove\u0148 AGMA\/\u00darove\u0148 DIN<\/td>\n<td valign=\"top\">Trieda DIN 8<\/td>\n<td valign=\"top\">Trieda DIN 8<\/td>\n<td valign=\"top\">Trieda DIN 4<\/td>\n<\/tr>\n<tr>\n<td valign=\"top\">Povrchov\u00e1 \u00faprava zubov<\/td>\n<td valign=\"top\">Relat\u00edvna citlivos\u0165 3,2<\/td>\n<td valign=\"top\">Relat\u00edvna citlivos\u0165 3,2<\/td>\n<td valign=\"top\">Relat\u00edvna citlivos\u0165 (Ra) 0,6<\/td>\n<\/tr>\n<tr>\n<td valign=\"top\">Maxim\u00e1lny uhol \u0161pir\u00e1ly<\/td>\n<td valign=\"top\">\u00b122,5\u00b0<\/td>\n<td valign=\"top\">\u00b122,5\u00b0<\/td>\n<td valign=\"top\">\u00b145\u00b0<\/td>\n<\/tr>\n<tr>\n<th colspan=\"4\" valign=\"top\">VONKAJ\u0160IE OZUBEN\u00c9 KOLES\u00c1 A VONKAJ\u0160IE DR\u00c1\u017dKY<\/th>\n<\/tr>\n<tr>\n<td valign=\"top\"><\/td>\n<td valign=\"top\">ODVA\u013dOVANIE<\/td>\n<td valign=\"top\">FR\u00c9ZOVANIE<\/td>\n<td valign=\"top\">\u0160KR\u00cdPANIE ZUBOV<\/td>\n<\/tr>\n<tr>\n<td valign=\"top\">Maxim\u00e1lna vonkaj\u0161ia hustota (OD)<\/td>\n<td valign=\"top\">1250 mm<\/td>\n<td valign=\"top\">2500 mm<\/td>\n<td valign=\"top\">2500 mm<\/td>\n<\/tr>\n<tr>\n<td valign=\"top\">Minim\u00e1lna vonkaj\u0161ia hustota (OD)<\/td>\n<td valign=\"top\">20 mm<\/td>\n<td valign=\"top\">200 mm<\/td>\n<td valign=\"top\">20 mm<\/td>\n<\/tr>\n<tr>\n<td valign=\"top\">Maxim\u00e1lna \u0161\u00edrka tv\u00e1re<\/td>\n<td valign=\"top\">500 mm<\/td>\n<td valign=\"top\">500 mm<\/td>\n<td valign=\"top\">1480 mm<\/td>\n<\/tr>\n<tr>\n<td valign=\"top\">Maxim\u00e1lny diametr\u00e1lny rozstup<\/td>\n<td valign=\"top\">DP 1<\/td>\n<td valign=\"top\">DP 1<\/td>\n<td valign=\"top\">DP 0,5<\/td>\n<\/tr>\n<tr>\n<td valign=\"top\">Maxim\u00e1lny modul<\/td>\n<td valign=\"top\">26 mm<\/td>\n<td valign=\"top\">26 mm<\/td>\n<td valign=\"top\">45 mm<\/td>\n<\/tr>\n<tr>\n<td valign=\"top\">\u00darove\u0148 AGMA\/\u00darove\u0148 DIN<\/td>\n<td valign=\"top\">Trieda DIN 8<\/td>\n<td valign=\"top\">Trieda DIN 8<\/td>\n<td valign=\"top\">Trieda DIN 4<\/td>\n<\/tr>\n<tr>\n<td valign=\"top\">Povrchov\u00e1 \u00faprava zubov<\/td>\n<td valign=\"top\">Relat\u00edvna citlivos\u0165 3,2<\/td>\n<td valign=\"top\">Relat\u00edvna citlivos\u0165 3,2<\/td>\n<td valign=\"top\">Relat\u00edvna citlivos\u0165 (Ra) 0,6<\/td>\n<\/tr>\n<tr>\n<td valign=\"top\">Maxim\u00e1lny uhol \u0161pir\u00e1ly<\/td>\n<td valign=\"top\">\u00b145\u00b0<\/td>\n<td valign=\"top\">\u00b145\u00b0<\/td>\n<td valign=\"top\">\u00b145\u00b0<\/td>\n<\/tr>\n<\/tbody>\n<\/table>\n<div><\/div>\n<h3>Spolo\u010dnos\u0165 FMP: V\u00e1\u0161 partner pre vysoko kvalitn\u00e9 lokomot\u00edvne prevody<\/h3>\n<div><\/div>\n<div>Spolo\u010dnos\u0165 FMP je popredn\u00fdm v\u00fdrobcom \u0161pir\u00e1lov\u00fdch ozuben\u00fdch kolies s tvrd\u00fdmi bokmi zubov pre vysokor\u00fdchlostn\u00e9 lokomot\u00edvy a pon\u00faka \u0161irok\u00fa \u0161k\u00e1lu typov ozuben\u00fdch kolies navrhnut\u00fdch tak, aby sp\u013a\u0148ali pr\u00edsne po\u017eiadavky \u017eelezni\u010dn\u00e9ho priemyslu. Na\u0161e ozuben\u00e9 koles\u00e1 s\u00fa vyroben\u00e9 pod\u013ea najvy\u0161\u0161\u00edch \u0161tandardov, \u010do zaru\u010duje \u0161pi\u010dkov\u00fd v\u00fdkon a odolnos\u0165 aj v t\u00fdch najn\u00e1ro\u010dnej\u0161\u00edch prostrediach. Pon\u00fakame tie\u017e v\u00fdrobu ozuben\u00fdch kolies na mieru, aby sme vyhoveli jedine\u010dn\u00fdm \u0161pecifik\u00e1ci\u00e1m. Ak model ozuben\u00e9ho kolesa, ktor\u00fd po\u017eadujete, nie je uveden\u00fd v na\u0161om katal\u00f3gu produktov, znamen\u00e1 to jednoducho, \u017ee sme ho e\u0161te nenahrali \u2013 m\u00f4\u017eete si by\u0165 ist\u00ed, \u017ee st\u00e1le dok\u00e1\u017eeme splni\u0165 va\u0161e potreby. Po\u0161lite n\u00e1m e-mail s va\u0161imi po\u017eiadavkami a na\u0161i sk\u00fasen\u00ed technici v\u00e1m odpovedia do 24 hod\u00edn, aby v\u00e1m pomohli n\u00e1js\u0165 ide\u00e1lne rie\u0161enie ozuben\u00e9ho kolesa pre va\u0161u lokomot\u00edvu.<\/div>\n<\/div>\n<\/div>","protected":false},"excerpt":{"rendered":"<ul class=\"pro-info-list fix\">\n<li class=\"prod-specifics-brand\"><label>Tvar zuba ozuben\u00e9ho kolesa:\u00a0<\/label>evolventa<\/li>\n<li class=\"prod-specifics-brand\"><label>Materi\u00e1l prevodovky:<\/label>17CrNiMo6<\/li>\n<li class=\"prod-specifics-brand\"><label>Uhol tlaku:<\/label>20\u00b0<\/li>\n<li class=\"prod-specifics-brand\"><label>\u00darove\u0148 kvality:\u00a0<\/label>DIN 3962 Trieda 6<\/li>\n<\/ul>","protected":false},"featured_media":4590,"comment_status":"open","ping_status":"closed","template":"","meta":{"_et_pb_use_builder":"","_et_pb_old_content":"","_et_gb_content_width":""},"product_brand":[],"product_cat":[108],"product_tag":[],"class_list":{"0":"post-7364","1":"product","2":"type-product","3":"status-publish","4":"has-post-thumbnail","6":"product_cat-helical-gear","8":"first","9":"instock","10":"shipping-taxable","11":"product-type-simple"},"_links":{"self":[{"href":"https:\/\/fmp-components.com\/sk\/wp-json\/wp\/v2\/product\/7364","targetHints":{"allow":["GET"]}}],"collection":[{"href":"https:\/\/fmp-components.com\/sk\/wp-json\/wp\/v2\/product"}],"about":[{"href":"https:\/\/fmp-components.com\/sk\/wp-json\/wp\/v2\/types\/product"}],"replies":[{"embeddable":true,"href":"https:\/\/fmp-components.com\/sk\/wp-json\/wp\/v2\/comments?post=7364"}],"wp:featuredmedia":[{"embeddable":true,"href":"https:\/\/fmp-components.com\/sk\/wp-json\/wp\/v2\/media\/4590"}],"wp:attachment":[{"href":"https:\/\/fmp-components.com\/sk\/wp-json\/wp\/v2\/media?parent=7364"}],"wp:term":[{"taxonomy":"product_brand","embeddable":true,"href":"https:\/\/fmp-components.com\/sk\/wp-json\/wp\/v2\/product_brand?post=7364"},{"taxonomy":"product_cat","embeddable":true,"href":"https:\/\/fmp-components.com\/sk\/wp-json\/wp\/v2\/product_cat?post=7364"},{"taxonomy":"product_tag","embeddable":true,"href":"https:\/\/fmp-components.com\/sk\/wp-json\/wp\/v2\/product_tag?post=7364"}],"curies":[{"name":"pracovn\u00fd list","href":"https:\/\/api.w.org\/{rel}","templated":true}]}}