{"id":7356,"date":"2025-03-24T02:05:34","date_gmt":"2025-03-24T02:05:34","guid":{"rendered":"https:\/\/fmp-components.com\/?post_type=product&#038;p=7356"},"modified":"2025-03-26T08:44:19","modified_gmt":"2025-03-26T08:44:19","slug":"double-helical-gears-for-agricultural-machinery","status":"publish","type":"product","link":"https:\/\/fmp-components.com\/sk\/product\/double-helical-gears-for-agricultural-machinery\/","title":{"rendered":"Dvojit\u00e9 \u0161pir\u00e1lov\u00e9 ozuben\u00e9 koles\u00e1 pre po\u013enohospod\u00e1rske stroje"},"content":{"rendered":"<h2>Dvojit\u00e9 \u0161pir\u00e1lov\u00e9 ozuben\u00e9 koles\u00e1 v po\u013enohospod\u00e1rskych strojoch<\/h2>\n<div>Dvojit\u00fd <a href=\"https:\/\/fmp-components.com\/sk\/helical-gears\/\">\u0161pir\u00e1lov\u00e9 ozuben\u00e9 koles\u00e1<\/a> pre po\u013enohospod\u00e1rske stroje s\u00fa nevyhnutn\u00e9 pre zv\u00fd\u0161enie v\u00fdkonu a odolnosti po\u013enohospod\u00e1rskych zariaden\u00ed. Tieto ozuben\u00e9 koles\u00e1 s jedine\u010dn\u00fdmi zubami v tvare V s\u00fa odborne navrhnut\u00e9 tak, aby zvl\u00e1dali \u0165a\u017ek\u00e9 za\u0165a\u017eenia a pr\u00edsne po\u017eiadavky traktorov, kombajnov, kultiv\u00e1torov a in\u00fdch po\u013enohospod\u00e1rskych strojov. Elimin\u00e1ciou axi\u00e1lneho tlaku a minimaliz\u00e1ciou vibr\u00e1ci\u00ed zabezpe\u010duj\u00fa dvojit\u00e9 \u0161pir\u00e1lov\u00e9 ozuben\u00e9 koles\u00e1 plynul\u00fd a efekt\u00edvny chod, \u010do je rozhoduj\u00face pre zn\u00ed\u017eenie opotrebenia a z\u00e1rove\u0148 pred\u013a\u017eenie \u017eivotnosti va\u0161ich strojov. T\u00e1to spo\u013eahlivos\u0165 vedie k zv\u00fd\u0161enej produktivite a skr\u00e1teniu prestojov, v\u010faka \u010domu s\u00fa nevyhnutnou s\u00fa\u010das\u0165ou pre po\u013enohospod\u00e1rov, ktor\u00ed sa sna\u017eia optimalizova\u0165 svoju prev\u00e1dzku.<\/div>\n<h2>Z\u00e1kazkov\u00e9 prevodov\u00e9 ozuben\u00e9 koles\u00e1 \u2013 Dvojit\u00e9 \u0161pir\u00e1lov\u00e9 ozuben\u00e9 koleso pre gu\u013eov\u00fd mlyn<\/h2>\n<div class=\"table-responsive\">\n<table class=\"table\" style=\"width: 97.719%;\" border=\"1\">\n<tbody>\n<tr>\n<td style=\"width: 56.7823%;\">Typ prevodov\u00e9ho stup\u0148a<\/td>\n<td style=\"width: 224.921%;\">Dvojit\u00e9 \u0161pir\u00e1lov\u00e9 ozuben\u00e9 koleso<\/td>\n<\/tr>\n<tr>\n<td style=\"width: 56.7823%;\">Materi\u00e1l<\/td>\n<td style=\"width: 224.921%;\">Kovanie<\/td>\n<\/tr>\n<tr>\n<td style=\"width: 56.7823%;\">Met\u00f3da v\u00fdroby ozuben\u00fdch kolies<\/td>\n<td style=\"width: 224.921%;\">Fr\u00e9zovanie ozuben\u00fdch kolies<\/td>\n<\/tr>\n<\/tbody>\n<\/table>\n<\/div>\n<p>Materi\u00e1l: 42CrMo<\/p>\n<div class=\"table-responsive\">\n<table class=\"table\" style=\"width: 97.6019%;\" border=\"1\">\n<tbody>\n<tr>\n<td style=\"width: 41.806%;\">POROVNANIE KLASIFIKA\u010cN\u00ddCH TRIEDN\u00ddCH OZNA\u010cEN\u00cd OCELE<\/td>\n<td style=\"width: 12.3746%;\"><\/td>\n<td style=\"width: 11.8729%;\"><\/td>\n<td style=\"width: 7.19064%;\"><\/td>\n<td style=\"width: 11.3712%;\"><\/td>\n<td style=\"width: 66.388%;\"><\/td>\n<\/tr>\n<tr>\n<td style=\"width: 41.806%;\">\u010c\u00cdNA\/VB<\/td>\n<td style=\"width: 12.3746%;\">ISO<\/td>\n<td style=\"width: 11.8729%;\">GOST<\/td>\n<td style=\"width: 7.19064%;\">ASTM<\/td>\n<td style=\"width: 11.3712%;\">JIS<\/td>\n<td style=\"width: 66.388%;\">DIN<\/td>\n<\/tr>\n<tr>\n<td style=\"width: 41.806%;\">45<\/td>\n<td style=\"width: 12.3746%;\">C45E4<\/td>\n<td style=\"width: 11.8729%;\">45<\/td>\n<td style=\"width: 7.19064%;\">1045<\/td>\n<td style=\"width: 11.3712%;\">S45C<\/td>\n<td style=\"width: 66.388%;\">CK45<\/td>\n<\/tr>\n<tr>\n<td style=\"width: 41.806%;\">40Cr<\/td>\n<td style=\"width: 12.3746%;\">41Cr4<\/td>\n<td style=\"width: 11.8729%;\">40-n\u00e1sobok<\/td>\n<td style=\"width: 7.19064%;\">5140<\/td>\n<td style=\"width: 11.3712%;\">SCR440<\/td>\n<td style=\"width: 66.388%;\">41Cr4<\/td>\n<\/tr>\n<tr>\n<td style=\"width: 41.806%;\">20CrMo<\/td>\n<td style=\"width: 12.3746%;\">18CrMo4<\/td>\n<td style=\"width: 11.8729%;\">20XM<\/td>\n<td style=\"width: 7.19064%;\">4118<\/td>\n<td style=\"width: 11.3712%;\">SCM22<\/td>\n<td style=\"width: 66.388%;\">25CrMo4<\/td>\n<\/tr>\n<tr>\n<td style=\"width: 41.806%;\">42CrMo<\/td>\n<td style=\"width: 12.3746%;\">42CrMo4<\/td>\n<td style=\"width: 11.8729%;\">38XM<\/td>\n<td style=\"width: 7.19064%;\">4140<\/td>\n<td style=\"width: 11.3712%;\">SCM440<\/td>\n<td style=\"width: 66.388%;\">42CrMo4<\/td>\n<\/tr>\n<tr>\n<td style=\"width: 41.806%;\">20CrMnTi<\/td>\n<td style=\"width: 12.3746%;\"><\/td>\n<td style=\"width: 11.8729%;\">18X\u0413T<\/td>\n<td style=\"width: 7.19064%;\"><\/td>\n<td style=\"width: 11.3712%;\">SMK22<\/td>\n<td style=\"width: 66.388%;\"><\/td>\n<\/tr>\n<tr>\n<td style=\"width: 41.806%;\">20Cr2Ni4<\/td>\n<td style=\"width: 12.3746%;\"><\/td>\n<td style=\"width: 11.8729%;\">20X2H4A<\/td>\n<td style=\"width: 7.19064%;\"><\/td>\n<td style=\"width: 11.3712%;\"><\/td>\n<td style=\"width: 66.388%;\"><\/td>\n<\/tr>\n<tr>\n<td style=\"width: 41.806%;\">20CrNiMo<\/td>\n<td style=\"width: 12.3746%;\">20CrNiMo2<\/td>\n<td style=\"width: 11.8729%;\">20XHM<\/td>\n<td style=\"width: 7.19064%;\">8720<\/td>\n<td style=\"width: 11.3712%;\">SNCM220<\/td>\n<td style=\"width: 66.388%;\">21NiCrMo2<\/td>\n<\/tr>\n<tr>\n<td style=\"width: 41.806%;\">40CrNiMoA<\/td>\n<td style=\"width: 12.3746%;\"><\/td>\n<td style=\"width: 11.8729%;\">40XH2MA\/<br \/>\n40XHMA<\/td>\n<td style=\"width: 7.19064%;\">4340<\/td>\n<td style=\"width: 11.3712%;\">SNCM439<\/td>\n<td style=\"width: 66.388%;\">40NiCrMo6\/<br \/>\n36NiCrMo4<\/td>\n<\/tr>\n<tr>\n<td style=\"width: 41.806%;\">20CrNi2Mo<\/td>\n<td style=\"width: 12.3746%;\">20NiCrMo7<\/td>\n<td style=\"width: 11.8729%;\">20XH2MA<\/td>\n<td style=\"width: 7.19064%;\">4320<\/td>\n<td style=\"width: 11.3712%;\">SNCM420<\/td>\n<td style=\"width: 66.388%;\"><\/td>\n<\/tr>\n<\/tbody>\n<\/table>\n<\/div>\n<p>Fr\u00e9zovanie zubov<\/p>\n<p>Diely na mieru, vyr\u00e1bame diely pod\u013ea v\u00fdkresov alebo vzoriek z\u00e1kazn\u00edka.<\/p>\n<p>Pou\u017e\u00edvame in\u017einiersky softv\u00e9r: AutoCAD, Solidworks<\/p>\n<h3>Spolo\u010dnos\u0165 FMP: V\u00e1\u0161 d\u00f4veryhodn\u00fd zdroj pre dvoj\u0161pir\u00e1lov\u00e9 ozuben\u00e9 koles\u00e1<\/h3>\n<div>Ako popredn\u00fd v\u00fdrobca dvojit\u00fdch \u0161pir\u00e1lov\u00fdch ozuben\u00fdch kolies pre po\u013enohospod\u00e1rske stroje pon\u00faka spolo\u010dnos\u0165 FMP \u0161irok\u00fa \u0161k\u00e1lu \u0161tandardn\u00fdch a z\u00e1kazkov\u00fdch ozuben\u00fdch rie\u0161en\u00ed, ktor\u00e9 sp\u013a\u0148aj\u00fa rozmanit\u00e9 potreby po\u013enohospod\u00e1rskeho priemyslu. Na\u0161e produkty s\u00fa vyroben\u00e9 s presnos\u0165ou a kvalitou, aby poskytovali optim\u00e1lny v\u00fdkon aj v t\u00fdch najn\u00e1ro\u010dnej\u0161\u00edch po\u013enohospod\u00e1rskych aplik\u00e1ci\u00e1ch. Ak v na\u0161om zozname produktov nen\u00e1jdete konkr\u00e9tny model ozuben\u00e9ho kolesa, ktor\u00fd potrebujete, znamen\u00e1 to jednoducho, \u017ee sme ho e\u0161te nemali mo\u017enos\u0165 nahra\u0165 \u2013 nebojte sa! Jednoducho n\u00e1m po\u0161lite e-mail s va\u0161imi po\u017eiadavkami a n\u00e1\u0161 sk\u00fasen\u00fd technick\u00fd t\u00edm v\u00e1m odpovie do 24 hod\u00edn a poskytne v\u00e1m prisp\u00f4soben\u00fa podporu, aby ste na\u0161li perfektn\u00e9 rie\u0161enie ozuben\u00e9ho kolesa pre va\u0161e po\u013enohospod\u00e1rske stroje.<\/div>\n<div>\n<table style=\"border-collapse: collapse; width: 100.021%; height: 9px;\" border=\"0\" width=\"243\" cellspacing=\"0\" cellpadding=\"0\">\n<tbody>\n<tr style=\"height: 14.40pt;\">\n<td style=\"height: 14.4pt; width: 38.3298%;\" align=\"right\" width=\"81\" height=\"24\"><img loading=\"lazy\" decoding=\"async\" class=\"size-full wp-image-7360 aligncenter\" src=\"https:\/\/fmp-components.com\/wp-content\/uploads\/2025\/03\/Double-Helical-Gears-For-Agricultural-Machinery1.webp\" alt=\"Dvojit\u00e9 \u0161pir\u00e1lov\u00e9 ozuben\u00e9 koles\u00e1 pre po\u013enohospod\u00e1rske stroje\" width=\"523\" height=\"400\" title=\"\" srcset=\"https:\/\/fmp-components.com\/wp-content\/uploads\/2025\/03\/Double-Helical-Gears-For-Agricultural-Machinery1.webp 523w, https:\/\/fmp-components.com\/wp-content\/uploads\/2025\/03\/Double-Helical-Gears-For-Agricultural-Machinery1-480x367.webp 480w\" sizes=\"(min-width: 0px) and (max-width: 480px) 480px, (min-width: 481px) 523px, 100vw\" \/><\/td>\n<td style=\"width: 29.6574%;\" align=\"right\" width=\"81\"><img loading=\"lazy\" decoding=\"async\" class=\"alignnone size-full wp-image-7361\" src=\"https:\/\/fmp-components.com\/wp-content\/uploads\/2025\/03\/Double-Helical-Gears-For-Agricultural-Machinery2.webp\" alt=\"Dvojit\u00e9 \u0161pir\u00e1lov\u00e9 ozuben\u00e9 koles\u00e1 pre po\u013enohospod\u00e1rske stroje\" width=\"382\" height=\"400\" title=\"\" srcset=\"https:\/\/fmp-components.com\/wp-content\/uploads\/2025\/03\/Double-Helical-Gears-For-Agricultural-Machinery2.webp 382w, https:\/\/fmp-components.com\/wp-content\/uploads\/2025\/03\/Double-Helical-Gears-For-Agricultural-Machinery2-287x300.webp 287w, https:\/\/fmp-components.com\/wp-content\/uploads\/2025\/03\/Double-Helical-Gears-For-Agricultural-Machinery2-11x12.webp 11w\" sizes=\"(max-width: 382px) 100vw, 382px\" \/><\/td>\n<td style=\"width: 31.9057%;\" align=\"right\" width=\"81\"><img loading=\"lazy\" decoding=\"async\" class=\"size-full wp-image-7362 aligncenter\" src=\"https:\/\/fmp-components.com\/wp-content\/uploads\/2025\/03\/Double-Helical-Gears-For-Agricultural-Machinery3.webp\" alt=\"\" width=\"840\" height=\"800\" title=\"\" srcset=\"https:\/\/fmp-components.com\/wp-content\/uploads\/2025\/03\/Double-Helical-Gears-For-Agricultural-Machinery3.webp 840w, https:\/\/fmp-components.com\/wp-content\/uploads\/2025\/03\/Double-Helical-Gears-For-Agricultural-Machinery3-480x457.webp 480w\" sizes=\"(min-width: 0px) and (max-width: 480px) 480px, (min-width: 481px) 840px, 100vw\" \/><\/td>\n<\/tr>\n<\/tbody>\n<\/table>\n<\/div>","protected":false},"excerpt":{"rendered":"<p>Dvojit\u00e9 \u0161pir\u00e1lov\u00e9 ozuben\u00e9 koles\u00e1 pre po\u013enohospod\u00e1rske stroje<br \/>\nTvrdos\u0165 povrchu: 40-45 HRC<br \/>\nStupe\u0148 presnosti prevodovky: 8-10 stupe\u0148<\/p>","protected":false},"featured_media":7363,"comment_status":"open","ping_status":"closed","template":"","meta":{"_et_pb_use_builder":"","_et_pb_old_content":"","_et_gb_content_width":""},"product_brand":[],"product_cat":[108],"product_tag":[],"class_list":{"0":"post-7356","1":"product","2":"type-product","3":"status-publish","4":"has-post-thumbnail","6":"product_cat-helical-gear","8":"first","9":"instock","10":"shipping-taxable","11":"product-type-simple"},"_links":{"self":[{"href":"https:\/\/fmp-components.com\/sk\/wp-json\/wp\/v2\/product\/7356","targetHints":{"allow":["GET"]}}],"collection":[{"href":"https:\/\/fmp-components.com\/sk\/wp-json\/wp\/v2\/product"}],"about":[{"href":"https:\/\/fmp-components.com\/sk\/wp-json\/wp\/v2\/types\/product"}],"replies":[{"embeddable":true,"href":"https:\/\/fmp-components.com\/sk\/wp-json\/wp\/v2\/comments?post=7356"}],"wp:featuredmedia":[{"embeddable":true,"href":"https:\/\/fmp-components.com\/sk\/wp-json\/wp\/v2\/media\/7363"}],"wp:attachment":[{"href":"https:\/\/fmp-components.com\/sk\/wp-json\/wp\/v2\/media?parent=7356"}],"wp:term":[{"taxonomy":"product_brand","embeddable":true,"href":"https:\/\/fmp-components.com\/sk\/wp-json\/wp\/v2\/product_brand?post=7356"},{"taxonomy":"product_cat","embeddable":true,"href":"https:\/\/fmp-components.com\/sk\/wp-json\/wp\/v2\/product_cat?post=7356"},{"taxonomy":"product_tag","embeddable":true,"href":"https:\/\/fmp-components.com\/sk\/wp-json\/wp\/v2\/product_tag?post=7356"}],"curies":[{"name":"pracovn\u00fd list","href":"https:\/\/api.w.org\/{rel}","templated":true}]}}