{"id":7343,"date":"2025-03-23T08:14:08","date_gmt":"2025-03-23T08:14:08","guid":{"rendered":"https:\/\/fmp-components.com\/?post_type=product&#038;p=7343"},"modified":"2025-03-26T08:46:51","modified_gmt":"2025-03-26T08:46:51","slug":"steel-double-helical-gear","status":"publish","type":"product","link":"https:\/\/fmp-components.com\/sk\/product\/steel-double-helical-gear\/","title":{"rendered":"Oce\u013eov\u00e9 dvojit\u00e9 \u0161pir\u00e1lov\u00e9 ozuben\u00e9 koleso"},"content":{"rendered":"<div>\n<h2>Pr\u00e9miov\u00e9 oce\u013eov\u00e9 dvojit\u00e9 \u0161pir\u00e1lov\u00e9 ozuben\u00e9 koles\u00e1 od FMP<\/h2>\n<p class=\"break-words\">Oce\u013eov\u00e9 dvojit\u00e9 \u0161pir\u00e1lov\u00e9 ozuben\u00e9 koles\u00e1 s\u00fa d\u00f4le\u017eit\u00fdmi komponentmi v \u0165a\u017ek\u00fdch strojoch a s\u00fa cenen\u00e9 pre svoju schopnos\u0165 pren\u00e1\u0161a\u0165 vysok\u00fd kr\u00fatiaci moment a z\u00e1rove\u0148 minimalizova\u0165 hluk a vibr\u00e1cie. Tieto ozuben\u00e9 koles\u00e1, ktor\u00e9 sa vyzna\u010duj\u00fa zubami v tvare V, s\u00fa nevyhnutn\u00e9 v odvetviach, ako je v\u00fdroba ocele, v\u00fdroba energie a ban\u00edctvo, kde s\u00fa spo\u013eahlivos\u0165 a \u00fa\u010dinnos\u0165 kritick\u00e9. V spolo\u010dnosti FMP, d\u00f4veryhodnom l\u00eddrovi vo v\u00fdrobe ozuben\u00fdch kolies, vyr\u00e1bame \u0161irok\u00fa \u0161k\u00e1lu oce\u013eov\u00fdch dvojit\u00fdch ozuben\u00fdch kolies. <a href=\"https:\/\/fmp-components.com\/sk\/helical-gears\/\">\u0160pir\u00e1lov\u00e9 ozuben\u00e9 koles\u00e1<\/a> aby splnili rozmanit\u00e9 po\u017eiadavky t\u00fdchto sektorov. Od \u0161tandardn\u00fdch modelov a\u017e po \u0161pecializovan\u00e9 prevedenia, ka\u017ed\u00fd prevodov\u00fd stupe\u0148 je starostlivo vyroben\u00fd s pou\u017eit\u00edm vysoko kvalitnej ocele a najmodernej\u0161\u00edch v\u00fdrobn\u00fdch techn\u00edk, \u010do zaru\u010duje v\u00fdnimo\u010dn\u00fa presnos\u0165 a odolnos\u0165 aj pre tie najn\u00e1ro\u010dnej\u0161ie aplik\u00e1cie.<\/p>\n<h3>Rie\u0161enia na mieru a odborn\u00e1 podpora<\/h3>\n<p class=\"break-words\">V spolo\u010dnosti FMP si uvedomujeme, \u017ee ka\u017ed\u00fd projekt m\u00e1 jedine\u010dn\u00e9 po\u017eiadavky, a preto pon\u00fakame z\u00e1kazkov\u00e9 v\u00fdrobn\u00e9 slu\u017eby pre oce\u013eov\u00e9 dvoj\u0161pir\u00e1lov\u00e9 ozuben\u00e9 koles\u00e1. \u010ci u\u017e potrebujete konkr\u00e9tnu ve\u013ekos\u0165, materi\u00e1l alebo vlastn\u00fd dizajn, n\u00e1\u0161 t\u00edm sk\u00fasen\u00fdch in\u017einierov je vybaven\u00fd na vytvorenie rie\u0161enia presne prisp\u00f4soben\u00e9ho va\u0161im \u0161pecifik\u00e1ci\u00e1m. Ak v na\u0161om zozname produktov nevid\u00edte model, ktor\u00fd h\u013ead\u00e1te, znamen\u00e1 to jednoducho, \u017ee sme ho e\u0161te nemali mo\u017enos\u0165 uvies\u0165. Poz\u00fdvame v\u00e1s, aby ste n\u00e1s kontaktovali e-mailom s va\u0161imi po\u017eiadavkami a n\u00e1\u0161 \u0161pecializovan\u00fd t\u00edm v\u00e1m do 24 hod\u00edn odpovie, aby prediskutoval, ako m\u00f4\u017eeme va\u0161e potreby splni\u0165. S FMP sa m\u00f4\u017eete spo\u013eahn\u00fa\u0165 na personalizovan\u00e9 slu\u017eby a \u0161pi\u010dkov\u00e9 odborn\u00e9 znalosti, ktor\u00e9 v\u00e1m poskytn\u00fa dokonal\u00e9 rie\u0161enie pre ozuben\u00e9 koles\u00e1.<\/p>\n<\/div>\n<p>Oce\u013eov\u00e9 dvojz\u00e1vitov\u00e9 ozuben\u00e9 koleso<\/p>\n<p>Materi\u00e1l: SS, prisp\u00f4soben\u00fd<\/p>\n<p>Priemer: 20 mm, prisp\u00f4soben\u00e9<\/p>\n<h2>\u0160pecifik\u00e1cia produktu<\/h2>\n<div class=\"table-responsive\">\n<table class=\"table\" style=\"width: 99.1008%; height: 212px;\" border=\"1\">\n<tbody>\n<tr>\n<td>Typ prevodov\u00e9ho stup\u0148a<\/td>\n<td>\u0160pir\u00e1lov\u00e9 ozuben\u00e9 koleso<\/td>\n<\/tr>\n<tr>\n<td>Materi\u00e1l<\/td>\n<td>SS<\/td>\n<\/tr>\n<tr>\n<td>Tvar<\/td>\n<td>Okr\u00fahle<\/td>\n<\/tr>\n<tr>\n<td>Priemer<\/td>\n<td>20 mm<\/td>\n<\/tr>\n<tr>\n<td>Povrchov\u00e1 \u00faprava<\/td>\n<td>Le\u0161ten\u00e9<\/td>\n<\/tr>\n<tr>\n<td>Krajina p\u00f4vodu<\/td>\n<td>Vyroben\u00e9 v \u010c\u00edne<\/td>\n<\/tr>\n<\/tbody>\n<\/table>\n<p>&nbsp;<\/p>\n<p><img loading=\"lazy\" decoding=\"async\" class=\"size-full wp-image-4579 aligncenter\" src=\"https:\/\/fmp-components.com\/wp-content\/uploads\/2025\/01\/Steel-Double-Helical-Gear.webp\" alt=\"Oce\u013eov\u00e9 dvojit\u00e9 \u0161pir\u00e1lov\u00e9 ozuben\u00e9 koleso\" width=\"800\" height=\"800\" title=\"\" srcset=\"https:\/\/fmp-components.com\/wp-content\/uploads\/2025\/01\/Steel-Double-Helical-Gear.webp 800w, https:\/\/fmp-components.com\/wp-content\/uploads\/2025\/01\/Steel-Double-Helical-Gear-480x480.webp 480w\" sizes=\"(min-width: 0px) and (max-width: 480px) 480px, (min-width: 481px) 800px, 100vw\" \/><\/p>\n<\/div>","protected":false},"excerpt":{"rendered":"<p>Premium Steel Double Helical Gears from FMP Steel Double Helical Gears are vital components in heavy-duty machinery, prized for their ability to transmit high torque while minimizing noise and vibration. These gears, distinguished by their V-shaped teeth, are indispensable in industries such as steel manufacturing, power generation, and mining, where reliability and efficiency are critical. [&hellip;]<\/p>","protected":false},"featured_media":4579,"comment_status":"open","ping_status":"closed","template":"","meta":{"_et_pb_use_builder":"","_et_pb_old_content":"","_et_gb_content_width":""},"product_brand":[],"product_cat":[108],"product_tag":[],"class_list":{"0":"post-7343","1":"product","2":"type-product","3":"status-publish","4":"has-post-thumbnail","6":"product_cat-helical-gear","8":"first","9":"instock","10":"shipping-taxable","11":"product-type-simple"},"_links":{"self":[{"href":"https:\/\/fmp-components.com\/sk\/wp-json\/wp\/v2\/product\/7343","targetHints":{"allow":["GET"]}}],"collection":[{"href":"https:\/\/fmp-components.com\/sk\/wp-json\/wp\/v2\/product"}],"about":[{"href":"https:\/\/fmp-components.com\/sk\/wp-json\/wp\/v2\/types\/product"}],"replies":[{"embeddable":true,"href":"https:\/\/fmp-components.com\/sk\/wp-json\/wp\/v2\/comments?post=7343"}],"wp:featuredmedia":[{"embeddable":true,"href":"https:\/\/fmp-components.com\/sk\/wp-json\/wp\/v2\/media\/4579"}],"wp:attachment":[{"href":"https:\/\/fmp-components.com\/sk\/wp-json\/wp\/v2\/media?parent=7343"}],"wp:term":[{"taxonomy":"product_brand","embeddable":true,"href":"https:\/\/fmp-components.com\/sk\/wp-json\/wp\/v2\/product_brand?post=7343"},{"taxonomy":"product_cat","embeddable":true,"href":"https:\/\/fmp-components.com\/sk\/wp-json\/wp\/v2\/product_cat?post=7343"},{"taxonomy":"product_tag","embeddable":true,"href":"https:\/\/fmp-components.com\/sk\/wp-json\/wp\/v2\/product_tag?post=7343"}],"curies":[{"name":"pracovn\u00fd list","href":"https:\/\/api.w.org\/{rel}","templated":true}]}}