{"id":7332,"date":"2025-03-23T07:37:55","date_gmt":"2025-03-23T07:37:55","guid":{"rendered":"https:\/\/fmp-components.com\/?post_type=product&#038;p=7332"},"modified":"2025-03-26T08:47:29","modified_gmt":"2025-03-26T08:47:29","slug":"industrial-alloy-steel-double-helical-gears","status":"publish","type":"product","link":"https:\/\/fmp-components.com\/sk\/product\/industrial-alloy-steel-double-helical-gears\/","title":{"rendered":"Priemyseln\u00e9 dvoj\u0161pir\u00e1lov\u00e9 ozuben\u00e9 koles\u00e1 z legovanej ocele"},"content":{"rendered":"<div>V spolo\u010dnosti FMP sme hrd\u00ed na v\u00fdrobu \u0161irokej \u0161k\u00e1ly dvojit\u00fdch oce\u013eov\u00fdch kon\u0161trukci\u00ed <a href=\"https:\/\/fmp-components.com\/sk\/helical-gears\/\">\u0160pir\u00e1lov\u00e9 ozuben\u00e9 koles\u00e1<\/a>, vyroben\u00e9 tak, aby poskytovali presnos\u0165 a odolnos\u0165 pre r\u00f4zne priemyseln\u00e9 aplik\u00e1cie. \u010ci u\u017e potrebujete \u0161tandardn\u00e9 prevedenia alebo nie\u010do jedine\u010dn\u00e9, radi prij\u00edmame objedn\u00e1vky na mieru, ktor\u00e9 presne sp\u013a\u0148aj\u00fa va\u0161e \u0161pecifik\u00e1cie. Nena\u0161li ste v na\u0161om zozname produktov konkr\u00e9tny model, ktor\u00fd h\u013ead\u00e1te? Nebojte sa \u2013 znamen\u00e1 to len, \u017ee sme e\u0161te nemali mo\u017enos\u0165 aktualizova\u0165 n\u00e1\u0161 online katal\u00f3g. Jednoducho n\u00e1m po\u0161lite e-mail s va\u0161imi po\u017eiadavkami a na\u0161i sk\u00fasen\u00ed technici sa v\u00e1m do 24 hod\u00edn ozv\u00fa s rie\u0161en\u00edm na mieru. Pom\u00f4\u017eeme v\u00e1m n\u00e1js\u0165 perfektn\u00e9 vybavenie pre v\u00e1\u0161 projekt!<\/div>\n<div><\/div>\n<table class=\"table\" style=\"width: 101.013%; height: 165px;\" border=\"1\">\n<tbody>\n<tr>\n<td style=\"width: 38.6592%;\">Typ prevodov\u00e9ho stup\u0148a<\/td>\n<td style=\"width: 60.6704%;\">Dvojit\u00e1 \u0161pir\u00e1lov\u00e1<\/td>\n<\/tr>\n<tr>\n<td style=\"width: 38.6592%;\">Pou\u017eitie\/Aplik\u00e1cia<\/td>\n<td style=\"width: 60.6704%;\">Priemyseln\u00e9<\/td>\n<\/tr>\n<tr>\n<td style=\"width: 38.6592%;\">Tvar zuba<\/td>\n<td style=\"width: 60.6704%;\">Dvojit\u00fd<\/td>\n<\/tr>\n<tr>\n<td style=\"width: 38.6592%;\">Materi\u00e1l<\/td>\n<td style=\"width: 60.6704%;\">Legovan\u00e1 oce\u013e<\/td>\n<\/tr>\n<tr>\n<td style=\"width: 38.6592%;\">Tvar<\/td>\n<td style=\"width: 60.6704%;\">Okr\u00fahle<\/td>\n<\/tr>\n<tr>\n<td style=\"width: 38.6592%;\">Minim\u00e1lne objednan\u00e9 mno\u017estvo<\/td>\n<td style=\"width: 60.6704%;\">1<\/td>\n<\/tr>\n<\/tbody>\n<\/table>\n<p><img loading=\"lazy\" decoding=\"async\" class=\"alignnone size-full wp-image-7333\" src=\"https:\/\/fmp-components.com\/wp-content\/uploads\/2025\/03\/double-helical-gear-.webp\" alt=\"dvojit\u00e9 \u0161pir\u00e1lov\u00e9 ozuben\u00e9 koleso\" width=\"1000\" height=\"929\" title=\"\" srcset=\"https:\/\/fmp-components.com\/wp-content\/uploads\/2025\/03\/double-helical-gear-.webp 1000w, https:\/\/fmp-components.com\/wp-content\/uploads\/2025\/03\/double-helical-gear--980x910.webp 980w, https:\/\/fmp-components.com\/wp-content\/uploads\/2025\/03\/double-helical-gear--480x446.webp 480w\" sizes=\"(min-width: 0px) and (max-width: 480px) 480px, (min-width: 481px) and (max-width: 980px) 980px, (min-width: 981px) 1000px, 100vw\" \/><\/p>","protected":false},"excerpt":{"rendered":"<p>At FMP Company, we take pride in manufacturing a wide variety of Alloy Steel Double Helical Gears, crafted to deliver precision and durability for diverse industrial applications. Whether you need standard designs or something unique, we gladly accept custom orders to meet your exact specifications. Can\u2019t find the specific model you\u2019re looking for in our [&hellip;]<\/p>","protected":false},"featured_media":4591,"comment_status":"open","ping_status":"closed","template":"","meta":{"_et_pb_use_builder":"","_et_pb_old_content":"","_et_gb_content_width":""},"product_brand":[],"product_cat":[108],"product_tag":[],"class_list":{"0":"post-7332","1":"product","2":"type-product","3":"status-publish","4":"has-post-thumbnail","6":"product_cat-helical-gear","8":"first","9":"instock","10":"shipping-taxable","11":"product-type-simple"},"_links":{"self":[{"href":"https:\/\/fmp-components.com\/sk\/wp-json\/wp\/v2\/product\/7332","targetHints":{"allow":["GET"]}}],"collection":[{"href":"https:\/\/fmp-components.com\/sk\/wp-json\/wp\/v2\/product"}],"about":[{"href":"https:\/\/fmp-components.com\/sk\/wp-json\/wp\/v2\/types\/product"}],"replies":[{"embeddable":true,"href":"https:\/\/fmp-components.com\/sk\/wp-json\/wp\/v2\/comments?post=7332"}],"wp:featuredmedia":[{"embeddable":true,"href":"https:\/\/fmp-components.com\/sk\/wp-json\/wp\/v2\/media\/4591"}],"wp:attachment":[{"href":"https:\/\/fmp-components.com\/sk\/wp-json\/wp\/v2\/media?parent=7332"}],"wp:term":[{"taxonomy":"product_brand","embeddable":true,"href":"https:\/\/fmp-components.com\/sk\/wp-json\/wp\/v2\/product_brand?post=7332"},{"taxonomy":"product_cat","embeddable":true,"href":"https:\/\/fmp-components.com\/sk\/wp-json\/wp\/v2\/product_cat?post=7332"},{"taxonomy":"product_tag","embeddable":true,"href":"https:\/\/fmp-components.com\/sk\/wp-json\/wp\/v2\/product_tag?post=7332"}],"curies":[{"name":"pracovn\u00fd list","href":"https:\/\/api.w.org\/{rel}","templated":true}]}}