{"id":7326,"date":"2025-03-23T07:03:25","date_gmt":"2025-03-23T07:03:25","guid":{"rendered":"https:\/\/fmp-components.com\/?post_type=product&#038;p=7326"},"modified":"2025-03-26T08:47:52","modified_gmt":"2025-03-26T08:47:52","slug":"aircraft-double-helical-gear","status":"publish","type":"product","link":"https:\/\/fmp-components.com\/sk\/product\/aircraft-double-helical-gear\/","title":{"rendered":"Dvojit\u00e9 \u0161pir\u00e1lov\u00e9 ozuben\u00e9 koleso lietadla"},"content":{"rendered":"<p><img loading=\"lazy\" decoding=\"async\" class=\"alignnone size-full wp-image-7327\" src=\"https:\/\/fmp-components.com\/wp-content\/uploads\/2025\/03\/Aircraft-Double-Helical-Gear-1.webp\" alt=\"Dvojit\u00fd \u0161pir\u00e1lov\u00fd prevod lietadla\" width=\"1214\" height=\"736\" title=\"\" srcset=\"https:\/\/fmp-components.com\/wp-content\/uploads\/2025\/03\/Aircraft-Double-Helical-Gear-1.webp 1214w, https:\/\/fmp-components.com\/wp-content\/uploads\/2025\/03\/Aircraft-Double-Helical-Gear-1-980x594.webp 980w, https:\/\/fmp-components.com\/wp-content\/uploads\/2025\/03\/Aircraft-Double-Helical-Gear-1-480x291.webp 480w\" sizes=\"(min-width: 0px) and (max-width: 480px) 480px, (min-width: 481px) and (max-width: 980px) 980px, (min-width: 981px) 1214px, 100vw\" \/><\/p>\n<p>Rozmer: \u03a63 mm - \u03a6120 mm<br \/>\nModul: M0.2<br \/>\nTyp materi\u00e1lu: Kov pod\u013ea po\u017eiadaviek z\u00e1kazn\u00edka<\/p>\n<div class=\"table-responsive\">\n<table class=\"table\" style=\"width: 101.086%; height: 352px;\" border=\"1\">\n<tbody>\n<tr>\n<td colspan=\"2\">Dvojit\u00e9 \u0161pir\u00e1lov\u00e9 ozuben\u00e9 koleso lietadla<\/td>\n<\/tr>\n<tr>\n<td>Rozmer<\/td>\n<td>\u03a68 mm<\/td>\n<\/tr>\n<tr>\n<td>Modul<\/td>\n<td>M0,15 \u2013 M2,0<\/td>\n<\/tr>\n<tr>\n<td>Typ materi\u00e1lu<\/td>\n<td>Kov, bronz, oce\u013e, zliatina, POM, zinok, hlin\u00edk, \u017eelezo, nehrdzavej\u00faca oce\u013e, mosadz, me\u010f<\/td>\n<\/tr>\n<tr>\n<td>Stupe\u0148 sie\u0165ovania<\/td>\n<td>ISO6, JGMA 1, JIS 6, AGMA 13, DIN 6, DIN 5, AGMA12<\/td>\n<\/tr>\n<tr>\n<td>Aplik\u00e1cia<\/td>\n<td>Automobilov\u00fd priemysel, vojensk\u00fd priemysel, leteck\u00fd priemysel, stroj\u00e1rstvo, priemysel, medic\u00edna<\/td>\n<\/tr>\n<tr>\n<td>Prisp\u00f4soben\u00e9<\/td>\n<td>ODM\/OEM<\/td>\n<\/tr>\n<tr>\n<td>Vzorka<\/td>\n<td>Vzorka k dispoz\u00edcii<\/td>\n<\/tr>\n<tr>\n<td>Sp\u00f4soby balenia<\/td>\n<td>V\u00e1kuovo balen\u00e9 s plastovou miskou<\/td>\n<\/tr>\n<tr>\n<td>Sp\u00f4soby doru\u010denia<\/td>\n<td>DHL a UPS<\/td>\n<\/tr>\n<tr>\n<td>Certifik\u00e1t<\/td>\n<td>ISO 9001: 2008\/TS16949<\/td>\n<\/tr>\n<\/tbody>\n<\/table>\n<div>V spolo\u010dnosti FMP s hrdos\u0165ou vyr\u00e1bame \u0161irok\u00fd sortiment lietadlov\u00fdch dvojkr\u00eddlov\u00fdch... <a href=\"https:\/\/fmp-components.com\/sk\/helical-gears\/\">\u0160pir\u00e1lov\u00e9 ozuben\u00e9 koles\u00e1<\/a>, navrhnut\u00e9 tak, aby sp\u013a\u0148ali rozmanit\u00e9 potreby leteck\u00e9ho priemyslu. \u010ci u\u017e h\u013ead\u00e1te \u0161tandardn\u00e9 modely alebo \u0161pecializovan\u00e9 rie\u0161enia, pon\u00fakame aj z\u00e1kazkov\u00e9 objedn\u00e1vky prisp\u00f4soben\u00e9 va\u0161im \u0161pecifick\u00fdm po\u017eiadavk\u00e1m. Ak v na\u0161om zozname produktov nen\u00e1jdete presn\u00fd model, ktor\u00fd potrebujete, nebojte sa \u2013 znamen\u00e1 to jednoducho, \u017ee sme ho e\u0161te nemali mo\u017enos\u0165 nahra\u0165. Po\u0161lite n\u00e1m e-mail s va\u0161imi \u0161pecifik\u00e1ciami a na\u0161i odborn\u00ed technici v\u00e1m odpovedia do 24 hod\u00edn, aby v\u00e1m pomohli s rie\u0161en\u00edm.<\/div>\n<p><img loading=\"lazy\" decoding=\"async\" class=\"wp-image-7328 aligncenter\" src=\"https:\/\/fmp-components.com\/wp-content\/uploads\/2025\/03\/Aircraft-Double-Helical-Gear-2.webp\" alt=\"Dvojit\u00fd \u0161pir\u00e1lov\u00fd prevod lietadla\" width=\"952\" height=\"213\" title=\"\" srcset=\"https:\/\/fmp-components.com\/wp-content\/uploads\/2025\/03\/Aircraft-Double-Helical-Gear-2.webp 952w, https:\/\/fmp-components.com\/wp-content\/uploads\/2025\/03\/Aircraft-Double-Helical-Gear-2-480x108.webp 480w\" sizes=\"(min-width: 0px) and (max-width: 480px) 480px, (min-width: 481px) 952px, 100vw\" \/><\/p>\n<\/div>","protected":false},"excerpt":{"rendered":"<p>Dimension:\u03a63mm- \u03a6120mm Module: M0.2 Material Type: Metal as customer required Aircraft Double Helical Gear Dimension \u03a68mm Module M0.15-M2.0 Material Type Metal, Bronze, Steel, Alloy, POM, Zinc, Aluminum, Iron, Stainless, Brass, Copper Meshing Grade ISO6, JGMA 1, JIS 6, AGMA 13, DIN 6,Din5,AGMA12 Application Automotive, Military, Aircraft, Mechanical, industrial, Medical Customized ODM\/OEM Sample Sample available Modes [&hellip;]<\/p>","protected":false},"featured_media":4580,"comment_status":"open","ping_status":"closed","template":"","meta":{"_et_pb_use_builder":"","_et_pb_old_content":"","_et_gb_content_width":""},"product_brand":[],"product_cat":[108],"product_tag":[],"class_list":{"0":"post-7326","1":"product","2":"type-product","3":"status-publish","4":"has-post-thumbnail","6":"product_cat-helical-gear","8":"first","9":"instock","10":"shipping-taxable","11":"product-type-simple"},"_links":{"self":[{"href":"https:\/\/fmp-components.com\/sk\/wp-json\/wp\/v2\/product\/7326","targetHints":{"allow":["GET"]}}],"collection":[{"href":"https:\/\/fmp-components.com\/sk\/wp-json\/wp\/v2\/product"}],"about":[{"href":"https:\/\/fmp-components.com\/sk\/wp-json\/wp\/v2\/types\/product"}],"replies":[{"embeddable":true,"href":"https:\/\/fmp-components.com\/sk\/wp-json\/wp\/v2\/comments?post=7326"}],"wp:featuredmedia":[{"embeddable":true,"href":"https:\/\/fmp-components.com\/sk\/wp-json\/wp\/v2\/media\/4580"}],"wp:attachment":[{"href":"https:\/\/fmp-components.com\/sk\/wp-json\/wp\/v2\/media?parent=7326"}],"wp:term":[{"taxonomy":"product_brand","embeddable":true,"href":"https:\/\/fmp-components.com\/sk\/wp-json\/wp\/v2\/product_brand?post=7326"},{"taxonomy":"product_cat","embeddable":true,"href":"https:\/\/fmp-components.com\/sk\/wp-json\/wp\/v2\/product_cat?post=7326"},{"taxonomy":"product_tag","embeddable":true,"href":"https:\/\/fmp-components.com\/sk\/wp-json\/wp\/v2\/product_tag?post=7326"}],"curies":[{"name":"pracovn\u00fd list","href":"https:\/\/api.w.org\/{rel}","templated":true}]}}