{"id":7315,"date":"2025-03-23T06:22:18","date_gmt":"2025-03-23T06:22:18","guid":{"rendered":"https:\/\/fmp-components.com\/?post_type=product&#038;p=7315"},"modified":"2025-03-26T08:48:09","modified_gmt":"2025-03-26T08:48:09","slug":"double-helical-gear","status":"publish","type":"product","link":"https:\/\/fmp-components.com\/sk\/product\/double-helical-gear\/","title":{"rendered":"Dvojit\u00e9 \u0161pir\u00e1lov\u00e9 ozuben\u00e9 koleso"},"content":{"rendered":"<p><img loading=\"lazy\" decoding=\"async\" class=\"alignnone size-full wp-image-7319\" src=\"https:\/\/fmp-components.com\/wp-content\/uploads\/2025\/03\/double-helical-gear-2.webp\" alt=\"dvojit\u00e9 \u0161pir\u00e1lov\u00e9 ozuben\u00e9 koleso\" width=\"1500\" height=\"1004\" title=\"\" srcset=\"https:\/\/fmp-components.com\/wp-content\/uploads\/2025\/03\/double-helical-gear-2.webp 1500w, https:\/\/fmp-components.com\/wp-content\/uploads\/2025\/03\/double-helical-gear-2-1280x857.webp 1280w, https:\/\/fmp-components.com\/wp-content\/uploads\/2025\/03\/double-helical-gear-2-980x656.webp 980w, https:\/\/fmp-components.com\/wp-content\/uploads\/2025\/03\/double-helical-gear-2-480x321.webp 480w\" sizes=\"(min-width: 0px) and (max-width: 480px) 480px, (min-width: 481px) and (max-width: 980px) 980px, (min-width: 981px) and (max-width: 1280px) 1280px, (min-width: 1281px) 1500px, 100vw\" \/>\u00a0Dvojit\u00e9 \u0161pir\u00e1lov\u00e9 ozuben\u00e9 koles\u00e1, \u010dasto ozna\u010dovan\u00e9 ako ozuben\u00e9 koles\u00e1 v tvare rybej kosti, predstavuj\u00fa vrchol in\u017einierskej vynaliezavosti v technol\u00f3gii ozuben\u00fdch kolies. Tieto ozuben\u00e9 koles\u00e1 kombinuj\u00fa siln\u00e9 str\u00e1nky <a href=\"https:\/\/fmp-components.com\/sk\/helical-gears\/\">\u0161pir\u00e1lov\u00e9 ozuben\u00e9 koles\u00e1<\/a>\u2014 ako napr\u00edklad plynul\u00fd chod a vysok\u00e1 nosnos\u0165 \u2014 s jedine\u010dnou kon\u0161trukciou, ktor\u00e1 eliminuje axi\u00e1lny tlak, v\u010faka \u010domu s\u00fa nevyhnutn\u00e9 v n\u00e1ro\u010dn\u00fdch priemyseln\u00fdch aplik\u00e1ci\u00e1ch. V spolo\u010dnosti FMP sa \u0161pecializujeme na v\u00fdrobu \u0161irokej \u0161k\u00e1ly dvoj\u0161pir\u00e1lov\u00fdch ozuben\u00fdch kolies prisp\u00f4soben\u00fdch tak, aby sp\u013a\u0148ali r\u00f4zne potreby v celom Taliansku, od priemyseln\u00fdch centier Mil\u00e1na a Bologne a\u017e po in\u017einierske centr\u00e1 Florencie a Ben\u00e1tok.<\/p>\n<div>\n<h2>\u010co s\u00fa to dvojit\u00e9 \u0161pir\u00e1lov\u00e9 ozuben\u00e9 koles\u00e1?<\/h2>\n<p class=\"break-words\">Dvojit\u00e9 \u0161pir\u00e1lov\u00e9 ozuben\u00e9 koles\u00e1 pozost\u00e1vaj\u00fa z dvoch s\u00e1d \u0161pir\u00e1lov\u00fdch zubov \u2013 jednej s \u013eavostrann\u00fdm skr\u00faten\u00edm a druhej s pravostrann\u00fdm skr\u00faten\u00edm \u2013 usporiadan\u00fdch symetricky na jednom ozubenom kolese. T\u00e1to konfigur\u00e1cia v tvare \u201eV\u201c ich odli\u0161uje od jednoduch\u00fdch \u0161pir\u00e1lov\u00fdch ozuben\u00fdch kolies a ozuben\u00fdch kolies v tvare rybej kosti, pri\u010dom tie druh\u00e9 nemaj\u00fa centr\u00e1lnu dr\u00e1\u017eku. Proti\u013eahl\u00e9 uhly \u0161pir\u00e1ly vyru\u0161uj\u00fa axi\u00e1lne sily, \u010d\u00edm zabezpe\u010duj\u00fa plynulej\u0161\u00ed a tich\u0161\u00ed chod a zn\u00ed\u017een\u00e9 opotrebovanie lo\u017e\u00edsk. \u010ci u\u017e ste v Mil\u00e1ne a h\u013ead\u00e1te presn\u00e9 ozuben\u00e9 koles\u00e1 pre turb\u00ednov\u00e9 stroje, alebo v Ben\u00e1tkach h\u013ead\u00e1te komponenty pre lodn\u00fd pohon, dvojit\u00e9 \u0161pir\u00e1lov\u00e9 ozuben\u00e9 koles\u00e1 pon\u00fakaj\u00fa bezkonkuren\u010dn\u00fa spo\u013eahlivos\u0165.<\/p>\n<h3>Dizajn a \u0161trukt\u00fara<\/h3>\n<p class=\"break-words\">Charakteristick\u00fdm znakom dvojit\u00e9ho \u0161pir\u00e1lov\u00e9ho ozuben\u00e9ho kolesa je jeho dvojit\u00e1 \u0161pir\u00e1lov\u00e1 kon\u0161trukcia:<\/p>\n<ul class=\"marker:text-secondary\">\n<li class=\"break-words\"><strong>Uhol \u0161pir\u00e1ly<\/strong>\u013dav\u00e1 a prav\u00e1 \u0161pir\u00e1la maj\u00fa rovnak\u00e9 uhly, ale opa\u010dn\u00fa orient\u00e1ciu, \u010d\u00edm neutralizuj\u00fa axi\u00e1lny tlak.<\/li>\n<li class=\"break-words\"><strong>Centr\u00e1lna medzera<\/strong>Na rozdiel od ozuben\u00fdch kolies v tvare rybej kosti maj\u00fa dvojit\u00e9 \u0161pir\u00e1lov\u00e9 ozuben\u00e9 koles\u00e1 medzi \u0161pir\u00e1lami mal\u00fa dr\u00e1\u017eku, \u010do u\u013eah\u010duje v\u00fdrobu a mont\u00e1\u017e.<\/li>\n<li class=\"break-words\"><strong>Zapojenie zubov<\/strong>Prekr\u00fdvaj\u00face sa zuby poskytuj\u00fa vy\u0161\u0161\u00ed kontaktn\u00fd pomer, rovnomerne rozkladaj\u00fa za\u0165a\u017eenie a zvy\u0161uj\u00fa odolnos\u0165.<\/li>\n<\/ul>\n<p class=\"break-words\">T\u00e1to kon\u0161trukcia zais\u0165uje optim\u00e1lny v\u00fdkon v aplik\u00e1ci\u00e1ch s vysok\u00fdm kr\u00fatiacim momentom, \u010do je vlastnos\u0165, ktor\u00fa oce\u0148uj\u00fa in\u017einieri v sektore \u0165a\u017ek\u00e9ho stroj\u00e1rstva v Bologni a v leteckom priemysle vo Florencii.<\/p>\n<table style=\"border-collapse: collapse; width: 98.2154%; height: 5px;\" border=\"0\" width=\"162\" cellspacing=\"0\" cellpadding=\"0\">\n<tbody>\n<tr style=\"height: 14.40pt;\">\n<td style=\"height: 14.40pt; width: 48.60pt;\" width=\"81\" height=\"24\"><img loading=\"lazy\" decoding=\"async\" class=\"wp-image-7318 aligncenter\" src=\"https:\/\/fmp-components.com\/wp-content\/uploads\/2025\/03\/double-helical-gear-3.webp\" alt=\"dvojit\u00e9 \u0161pir\u00e1lov\u00e9 ozuben\u00e9 koleso\" width=\"462\" height=\"307\" title=\"\"><\/td>\n<td style=\"width: 48.60pt;\" align=\"right\" width=\"81\"><img loading=\"lazy\" decoding=\"async\" class=\"size-full wp-image-7320 aligncenter\" src=\"https:\/\/fmp-components.com\/wp-content\/uploads\/2025\/03\/double-helical-gear-1.webp\" alt=\"dvojit\u00e9 \u0161pir\u00e1lov\u00e9 ozuben\u00e9 koleso\" width=\"600\" height=\"399\" title=\"\" srcset=\"https:\/\/fmp-components.com\/wp-content\/uploads\/2025\/03\/double-helical-gear-1.webp 600w, https:\/\/fmp-components.com\/wp-content\/uploads\/2025\/03\/double-helical-gear-1-480x319.webp 480w\" sizes=\"(min-width: 0px) and (max-width: 480px) 480px, (min-width: 481px) 600px, 100vw\" \/><\/td>\n<\/tr>\n<\/tbody>\n<\/table>\n<h3>Ako funguj\u00fa dvojit\u00e9 \u0161pir\u00e1lov\u00e9 ozuben\u00e9 koles\u00e1<\/h3>\n<p class=\"break-words\">Dvojit\u00e9 \u0161pir\u00e1lov\u00e9 ozuben\u00e9 koles\u00e1 pren\u00e1\u0161aj\u00fa rota\u010dn\u00fd pohyb medzi rovnobe\u017en\u00fdmi hriade\u013emi s v\u00fdnimo\u010dnou \u00fa\u010dinnos\u0165ou. S\u00fa\u010dasn\u00fd z\u00e1ber proti\u013eahl\u00fdch \u0161pir\u00e1lov\u00fdch zubov vyrovn\u00e1va axi\u00e1lne sily, \u010d\u00edm sa eliminuje potreba \u010fal\u0161\u00edch axi\u00e1lnych lo\u017e\u00edsk \u2013 \u010do je v\u00fdznamn\u00e1 v\u00fdhoda oproti jednoduch\u00fdm \u0161pir\u00e1lov\u00fdm ozuben\u00fdm koles\u00e1m. V\u00fdsledkom s\u00fa zn\u00ed\u017een\u00e9 vibr\u00e1cie a hluk, v\u010faka \u010domu s\u00fa ide\u00e1lne pre vysokor\u00fdchlostn\u00fa prev\u00e1dzku v prosperuj\u00facich priemyseln\u00fdch mest\u00e1ch Talianska, ako s\u00fa Mil\u00e1no a Tur\u00edn.<\/p>\n<div>\n<h2>V\u00fdhody dvojit\u00fdch \u0161pir\u00e1lov\u00fdch ozuben\u00fdch kolies<\/h2>\n<p class=\"break-words\">Dvojit\u00e9 \u0161pir\u00e1lov\u00e9 ozuben\u00e9 koles\u00e1 pon\u00fakaj\u00fa mno\u017estvo v\u00fdhod:<\/p>\n<ul class=\"marker:text-secondary\">\n<li class=\"break-words\"><strong>Vysok\u00e1 nosnos\u0165<\/strong>Ide\u00e1lne pre n\u00e1ro\u010dn\u00e9 aplik\u00e1cie v \u0165a\u017eobnom a oceliarskom priemysle v Bologni.<\/li>\n<li class=\"break-words\"><strong>Tich\u00e1 prev\u00e1dzka<\/strong>Hladk\u00fd z\u00e1ber zubov minimalizuje hluk, \u010do je k\u013e\u00fa\u010dov\u00fd faktor pre presn\u00fa v\u00fdrobu spolo\u010dnosti Florence.<\/li>\n<li class=\"break-words\"><strong>\u017diadny axi\u00e1lny tlak<\/strong>Vyv\u00e1\u017een\u00e1 kon\u0161trukcia predl\u017euje \u017eivotnos\u0165 lo\u017e\u00edsk a zni\u017euje n\u00e1klady na \u00fadr\u017ebu v n\u00e1mornom sektore Ben\u00e1tok.<\/li>\n<li class=\"break-words\"><strong>Zv\u00fd\u0161en\u00e1 \u00fa\u010dinnos\u0165<\/strong>Nepretr\u017eit\u00fd kontakt zubov zvy\u0161uje prenos kr\u00fatiaceho momentu a optimalizuje vyu\u017eitie energie.<\/li>\n<li class=\"break-words\"><strong>Trvanlivos\u0165<\/strong>Rovnomern\u00e9 rozlo\u017eenie z\u00e1\u0165a\u017ee zais\u0165uje dlh\u00fa \u017eivotnos\u0165, ktor\u00e1 je pre mil\u00e1nske elektr\u00e1rne nevyhnutn\u00e1.<\/li>\n<li class=\"break-words\"><strong>Kompaktn\u00fd dizajn<\/strong>Vysok\u00fd v\u00fdkon na men\u0161om p\u00f4doryse je vhodn\u00fd pre aplik\u00e1cie s obmedzen\u00fdm priestorom.<\/li>\n<\/ul>\n<p class=\"break-words\">V\u010faka t\u00fdmto v\u00fdhod\u00e1m s\u00fa dvojit\u00e9 \u0161pir\u00e1lov\u00e9 ozuben\u00e9 koles\u00e1 preferovanou vo\u013ebou v rozmanitej priemyselnej krajine Talianska.<\/p>\n<h3>Aplik\u00e1cie dvojit\u00fdch \u0161pir\u00e1lov\u00fdch ozuben\u00fdch kolies<\/h3>\n<p class=\"break-words\">Dvojit\u00e9 \u0161pir\u00e1lov\u00e9 ozuben\u00e9 koles\u00e1 vynikaj\u00fa v r\u00f4znych odvetviach:<\/p>\n<ul class=\"marker:text-secondary\">\n<li class=\"break-words\"><strong>\u0164a\u017ek\u00e9 stroje<\/strong>Pou\u017e\u00edva sa v drvi\u010doch a dopravn\u00edkoch v priemyseln\u00fdch z\u00f3nach Bologne.<\/li>\n<li class=\"break-words\"><strong>V\u00fdroba energie<\/strong>Neoddelite\u013en\u00e1 s\u00fa\u010das\u0165 turb\u00ednov\u00fdch prevodoviek v mil\u00e1nskych energetick\u00fdch zariadeniach.<\/li>\n<li class=\"break-words\"><strong>Ropa a plyn<\/strong>Nevyhnutn\u00e9 pre vrtn\u00e9 syst\u00e9my na pobre\u017en\u00fdch plo\u0161in\u00e1ch v bl\u00edzkosti Ben\u00e1tok.<\/li>\n<li class=\"break-words\"><strong>Automobilov\u00fd a leteck\u00fd priemysel<\/strong>Prevodovky s vysok\u00fdm kr\u00fatiacim momentom v stroj\u00e1rskych centr\u00e1ch Florencie.<\/li>\n<li class=\"break-words\"><strong>Pohon n\u00e1morn\u00fdch lod\u00ed<\/strong>Poh\u00e1\u0148anie lod\u00ed pozd\u013a\u017e talianskych pobre\u017en\u00fdch miest ako Janov a Ben\u00e1tky.<\/li>\n<\/ul>\n<h2>Spolo\u010dnos\u0165 FMP: V\u00e1\u0161 partner v oblasti rie\u0161en\u00ed dvojit\u00fdch \u0161pir\u00e1lov\u00fdch ozuben\u00fdch kolies<\/h2>\n<p>Vyr\u00e1bame dvojit\u00e9 \u0161pir\u00e1lov\u00e9 korunov\u00e9 koles\u00e1 a hriadele do \u00d8 2 000 mm. Optim\u00e1lne korekcie profilu zuba, opracovania hrotu a kore\u0148a zuba, ako aj polomeru kore\u0148a zabezpe\u010duj\u00fa plynul\u00fd a tich\u00fd chod s optim\u00e1lnymi hlu\u010dn\u00fdmi vlastnos\u0165ami pohonu.<\/p>\n<p class=\"break-words\">V spolo\u010dnosti FMP sme hrd\u00ed na to, \u017ee vyr\u00e1bame \u0161irok\u00fa \u0161k\u00e1lu dvojit\u00fdch \u0161pir\u00e1lov\u00fdch ozuben\u00fdch kolies, od \u0161tandardn\u00fdch modelov a\u017e po prevedenia s \u00fazkou medzerou, \u0161pir\u00e1lov\u00e9 ozuben\u00e9 koles\u00e1, \u010deln\u00e9 ozuben\u00e9 koles\u00e1, vn\u00fatorn\u00e9 ozuben\u00e9 koles\u00e1 a pastorky. S\u00eddlime v Taliansku a sl\u00fa\u017eime klientom v Mil\u00e1ne, Ben\u00e1tkach, Florencii, Bologni a \u010fal\u0161\u00edch krajin\u00e1ch a dod\u00e1vame prec\u00edzne skon\u0161truovan\u00e9 rie\u0161enia pre ka\u017ed\u00fd projekt.<\/p>\n<ul class=\"marker:text-secondary\">\n<li class=\"break-words\"><strong>Vlastn\u00e9 ozuben\u00e9 koles\u00e1<\/strong>Potrebujete \u0161pecifick\u00fd dizajn? Pon\u00fakame plne prisp\u00f4soben\u00e9 dvojit\u00e9 \u0161pir\u00e1lov\u00e9 ozuben\u00e9 koles\u00e1 prisp\u00f4soben\u00e9 va\u0161im po\u017eiadavk\u00e1m, \u010di u\u017e pre leteck\u00fd priemysel vo Florencii alebo n\u00e1morn\u00e9 aplik\u00e1cie v Ben\u00e1tkach.<\/li>\n<li class=\"break-words\"><strong>Rozsiahly sortiment<\/strong>N\u00e1\u0161 sortiment produktov zah\u0155\u0148a dvojit\u00e9 \u0161pir\u00e1lov\u00e9 ozuben\u00e9 koles\u00e1 s priemerom a\u017e 8 metrov, vyroben\u00e9 pomocou modern\u00fdch strojov a vysokopevnostn\u00fdch ocel\u00ed, aby odolali n\u00e1ro\u010dn\u00e9mu prostrediu.<\/li>\n<li class=\"break-words\"><strong>Nie je v na\u0161om katal\u00f3gu?<\/strong>Ak v na\u0161om zozname produktov nen\u00e1jdete model, ktor\u00fd potrebujete \u2013 \u010di u\u017e v Mil\u00e1ne alebo Bologni \u2013 je pravdepodobn\u00e9, \u017ee sme ho e\u0161te nenahrali. Sta\u010d\u00ed n\u00e1m nap\u00edsa\u0165 e-mail na adresu <a href=\"mailto:info@fmpcomponents.it\">info@fmpcomponents.it<\/a> s va\u0161imi \u0161pecifik\u00e1ciami a na\u0161i technici v\u00e1m odpovedia s rie\u0161en\u00edm do 24 hod\u00edn.<\/li>\n<\/ul>\n<table style=\"border-collapse: collapse; width: 101.516%; height: 681px;\" border=\"0\" width=\"589\" cellspacing=\"0\" cellpadding=\"0\">\n<tbody>\n<tr style=\"height: 16.20pt;\">\n<td class=\"et2\" style=\"height: 48px; width: 52.6196%;\" rowspan=\"2\" width=\"526\" height=\"54\">\u00a0\u00a0<img loading=\"lazy\" decoding=\"async\" class=\"size-full wp-image-7325 aligncenter\" src=\"https:\/\/fmp-components.com\/wp-content\/uploads\/2025\/03\/double-helical-gear-7.webp\" alt=\"dvojit\u00e9 \u0161pir\u00e1lov\u00e9 ozuben\u00e9 koleso\" width=\"1152\" height=\"1536\" title=\"\" srcset=\"https:\/\/fmp-components.com\/wp-content\/uploads\/2025\/03\/double-helical-gear-7.webp 1152w, https:\/\/fmp-components.com\/wp-content\/uploads\/2025\/03\/double-helical-gear-7-980x1307.webp 980w, https:\/\/fmp-components.com\/wp-content\/uploads\/2025\/03\/double-helical-gear-7-480x640.webp 480w\" sizes=\"(min-width: 0px) and (max-width: 480px) 480px, (min-width: 481px) and (max-width: 980px) 980px, (min-width: 981px) 1152px, 100vw\" \/><\/td>\n<td class=\"et3\" style=\"width: 47.2665%; height: 25px;\" align=\"right\" width=\"63\"><img loading=\"lazy\" decoding=\"async\" class=\"size-full wp-image-7323 aligncenter\" src=\"https:\/\/fmp-components.com\/wp-content\/uploads\/2025\/03\/double-helical-gear-9.webp\" alt=\"dvojit\u00e9 \u0161pir\u00e1lov\u00e9 ozuben\u00e9 koleso\" width=\"1600\" height=\"1200\" title=\"\" srcset=\"https:\/\/fmp-components.com\/wp-content\/uploads\/2025\/03\/double-helical-gear-9.webp 1600w, https:\/\/fmp-components.com\/wp-content\/uploads\/2025\/03\/double-helical-gear-9-1280x960.webp 1280w, https:\/\/fmp-components.com\/wp-content\/uploads\/2025\/03\/double-helical-gear-9-980x735.webp 980w, https:\/\/fmp-components.com\/wp-content\/uploads\/2025\/03\/double-helical-gear-9-480x360.webp 480w\" sizes=\"(min-width: 0px) and (max-width: 480px) 480px, (min-width: 481px) and (max-width: 980px) 980px, (min-width: 981px) and (max-width: 1280px) 1280px, (min-width: 1281px) 1600px, 100vw\" \/><\/td>\n<\/tr>\n<tr style=\"height: 16.20pt;\">\n<td class=\"et3\" style=\"height: 23px; width: 47.2665%;\" align=\"right\"><img loading=\"lazy\" decoding=\"async\" class=\"size-full wp-image-7324 aligncenter\" src=\"https:\/\/fmp-components.com\/wp-content\/uploads\/2025\/03\/double-helical-gear-8.webp\" alt=\"dvojit\u00e9 \u0161pir\u00e1lov\u00e9 ozuben\u00e9 koleso\" width=\"2048\" height=\"1366\" title=\"\" srcset=\"https:\/\/fmp-components.com\/wp-content\/uploads\/2025\/03\/double-helical-gear-8.webp 2048w, https:\/\/fmp-components.com\/wp-content\/uploads\/2025\/03\/double-helical-gear-8-1280x854.webp 1280w, https:\/\/fmp-components.com\/wp-content\/uploads\/2025\/03\/double-helical-gear-8-980x654.webp 980w, https:\/\/fmp-components.com\/wp-content\/uploads\/2025\/03\/double-helical-gear-8-480x320.webp 480w\" sizes=\"(min-width: 0px) and (max-width: 480px) 480px, (min-width: 481px) and (max-width: 980px) 980px, (min-width: 981px) and (max-width: 1280px) 1280px, (min-width: 1281px) 2048px, 100vw\" \/><\/td>\n<\/tr>\n<\/tbody>\n<\/table>\n<h4>Optimalizovan\u00e1 v\u00fdroba pre talianske trhy<\/h4>\n<p class=\"break-words\">Spolo\u010dnos\u0165 FMP vyu\u017e\u00edva najmodernej\u0161ie technol\u00f3gie vr\u00e1tane anal\u00fdzy kontaktu zubov na b\u00e1ze kone\u010dn\u00fdch prvkov a kontinu\u00e1lneho gener\u00e1torov\u00e9ho br\u00fasenia na zabezpe\u010denie presnosti a kvality. Na\u0161e ozuben\u00e9 koles\u00e1 sp\u013a\u0148aj\u00fa normy kvality AGMA 12 a pon\u00fakaj\u00fa vynikaj\u00faci v\u00fdkon pre priemyseln\u00e9 odvetvia v Tur\u00edne, Janove a \u010fal\u0161\u00edch oblastiach. \u010ci u\u017e optimalizujete hustotu v\u00fdkonu v mil\u00e1nskych turboprevodovk\u00e1ch alebo zni\u017eujete hluk v projektoch elektromobility vo Florencii, FMP v\u00e1m to poskytne.<\/p>\n<p class=\"break-words\">Dvojit\u00e9 \u0161pir\u00e1lov\u00e9 ozuben\u00e9 koles\u00e1 s\u00fa z\u00e1kladn\u00fdm kame\u0148om modern\u00e9ho in\u017einierstva, ktor\u00e9 sp\u00e1ja pevnos\u0165, \u00fa\u010dinnos\u0165 a tich\u00fa prev\u00e1dzku. V spolo\u010dnosti FMP sa zav\u00e4zujeme poskytova\u0165 talianskym priemyseln\u00fdm l\u00eddrom \u2013 od Mil\u00e1na po Ben\u00e1tky \u2013 \u0161pi\u010dkov\u00e9 rie\u0161enia v oblasti ozuben\u00fdch kolies. \u010ci u\u017e potrebujete be\u017ene dostupn\u00e9 produkty alebo z\u00e1kazkov\u00e9 n\u00e1vrhy, kontaktujte n\u00e1s e\u0161te dnes. Ak v\u00e1\u0161 po\u017eadovan\u00fd model nie je v zozname, nev\u00e1hajte n\u00e1m posla\u0165 e-mail \u2013 n\u00e1\u0161 t\u00edm je pripraven\u00fd v\u00e1m pom\u00f4c\u0165 do 24 hod\u00edn. Nechajte spolo\u010dnos\u0165 FMP poh\u00e1\u0148a\u0165 v\u00e1\u0161 \u010fal\u0161\u00ed projekt s presnos\u0165ou a spo\u013eahlivos\u0165ou.<\/p>\n<p><img loading=\"lazy\" decoding=\"async\" class=\"wp-image-7321 aligncenter\" src=\"https:\/\/fmp-components.com\/wp-content\/uploads\/2025\/03\/double-helical-gear-5.webp\" alt=\"dvojit\u00e9 \u0161pir\u00e1lov\u00e9 ozuben\u00e9 koleso\" width=\"944\" height=\"707\" title=\"\" srcset=\"https:\/\/fmp-components.com\/wp-content\/uploads\/2025\/03\/double-helical-gear-5.webp 944w, https:\/\/fmp-components.com\/wp-content\/uploads\/2025\/03\/double-helical-gear-5-480x359.webp 480w\" sizes=\"(min-width: 0px) and (max-width: 480px) 480px, (min-width: 481px) 944px, 100vw\" \/><\/p>\n<\/div>\n<\/div>","protected":false},"excerpt":{"rendered":"<p>\u00a0Dvojit\u00e9 \u0161pir\u00e1lov\u00e9 ozuben\u00e9 koles\u00e1, \u010dasto ozna\u010dovan\u00e9 ako ozuben\u00e9 koles\u00e1 v tvare rybej kosti, predstavuj\u00fa vrchol in\u017einierskej vynaliezavosti v technol\u00f3gii ozuben\u00fdch kolies. Tieto ozuben\u00e9 koles\u00e1 kombinuj\u00fa siln\u00e9 str\u00e1nky \u0161pir\u00e1lov\u00fdch ozuben\u00fdch kolies \u2013 ako je plynul\u00fd chod a vysok\u00e1 nosnos\u0165 \u2013 s jedine\u010dnou kon\u0161trukciou, ktor\u00e1 eliminuje axi\u00e1lny tlak, v\u010faka \u010domu s\u00fa nevyhnutn\u00e9 v n\u00e1ro\u010dn\u00fdch priemyseln\u00fdch aplik\u00e1ci\u00e1ch. V spolo\u010dnosti FMP sa \u0161pecializujeme na v\u00fdrobu [\u2026]<\/p>","protected":false},"featured_media":7322,"comment_status":"open","ping_status":"closed","template":"","meta":{"_et_pb_use_builder":"","_et_pb_old_content":"","_et_gb_content_width":""},"product_brand":[],"product_cat":[108],"product_tag":[],"class_list":{"0":"post-7315","1":"product","2":"type-product","3":"status-publish","4":"has-post-thumbnail","6":"product_cat-helical-gear","8":"first","9":"instock","10":"shipping-taxable","11":"product-type-simple"},"_links":{"self":[{"href":"https:\/\/fmp-components.com\/sk\/wp-json\/wp\/v2\/product\/7315","targetHints":{"allow":["GET"]}}],"collection":[{"href":"https:\/\/fmp-components.com\/sk\/wp-json\/wp\/v2\/product"}],"about":[{"href":"https:\/\/fmp-components.com\/sk\/wp-json\/wp\/v2\/types\/product"}],"replies":[{"embeddable":true,"href":"https:\/\/fmp-components.com\/sk\/wp-json\/wp\/v2\/comments?post=7315"}],"wp:featuredmedia":[{"embeddable":true,"href":"https:\/\/fmp-components.com\/sk\/wp-json\/wp\/v2\/media\/7322"}],"wp:attachment":[{"href":"https:\/\/fmp-components.com\/sk\/wp-json\/wp\/v2\/media?parent=7315"}],"wp:term":[{"taxonomy":"product_brand","embeddable":true,"href":"https:\/\/fmp-components.com\/sk\/wp-json\/wp\/v2\/product_brand?post=7315"},{"taxonomy":"product_cat","embeddable":true,"href":"https:\/\/fmp-components.com\/sk\/wp-json\/wp\/v2\/product_cat?post=7315"},{"taxonomy":"product_tag","embeddable":true,"href":"https:\/\/fmp-components.com\/sk\/wp-json\/wp\/v2\/product_tag?post=7315"}],"curies":[{"name":"pracovn\u00fd list","href":"https:\/\/api.w.org\/{rel}","templated":true}]}}