{"id":7314,"date":"2025-03-23T06:03:15","date_gmt":"2025-03-23T06:03:15","guid":{"rendered":"https:\/\/fmp-components.com\/?post_type=product&#038;p=7314"},"modified":"2025-03-23T06:10:51","modified_gmt":"2025-03-23T06:10:51","slug":"helical-angle-7-internal-helical-ring-gear","status":"publish","type":"product","link":"https:\/\/fmp-components.com\/sk\/product\/helical-angle-7-internal-helical-ring-gear\/","title":{"rendered":"\u0160pir\u00e1lov\u00fd uhol 7 Vn\u00fatorn\u00e9 \u0161pir\u00e1lov\u00e9 ozuben\u00e9 koleso"},"content":{"rendered":"<div class=\"J_module\">\n<div class=\"detail-decorate-json-renderer-container\">\n<div class=\"magic-1\">\n<div class=\"magic-2\">\n<div class=\"magic-3\">\n<div class=\"magic-4\">\n<h3 class=\"magic-5\" data-spm-anchor-id=\"a2700.details.0.i31.212e5440VhHX7p\">\u0160pecifik\u00e1cia \u0161pir\u00e1lov\u00e9ho ozuben\u00e9ho kolesa<\/h3>\n<\/div>\n<\/div>\n<\/div>\n<\/div>\n<\/div>\n<\/div>\n<div class=\"J_module\">\n<div class=\"ife-detail-decorate-table\">\n<table class=\"all magic-7\" style=\"width: 102.206%; height: 323px;\" border=\"1\">\n<tbody>\n<tr>\n<td colspan=\"4\" rowspan=\"1\">\n<div class=\"magic-8\">\n<div class=\"magic-5\" data-spm-anchor-id=\"a2700.siteadmin.0.i174.58853333j5JHlI\"><strong>Vn\u00fatorn\u00e9 ozuben\u00e9 koles\u00e1 a vn\u00fatorn\u00e9 dr\u00e1\u017ekovanie<\/strong><\/div>\n<\/div>\n<\/td>\n<\/tr>\n<tr>\n<td colspan=\"1\" rowspan=\"1\">\n<div class=\"magic-13\"><\/div>\n<\/td>\n<td colspan=\"1\" rowspan=\"1\">\n<div class=\"magic-10\">\n<div class=\"magic-5\"><span class=\"magic-14\">Fr\u00e9zovanie zubov<\/span><\/div>\n<\/div>\n<\/td>\n<td colspan=\"1\" rowspan=\"1\">\n<div class=\"magic-11\">\n<div class=\"magic-5\"><span class=\"magic-14\">Tvarovanie zubov<\/span><\/div>\n<\/div>\n<\/td>\n<td colspan=\"1\" rowspan=\"1\">\n<div class=\"magic-15\">\n<div class=\"magic-5\"><span class=\"magic-14\">\u0160kr\u00edpanie zubami<\/span><\/div>\n<\/div>\n<\/td>\n<\/tr>\n<tr>\n<td colspan=\"1\" rowspan=\"1\">\n<div class=\"magic-13\"><span class=\"magic-14\">Maxim\u00e1lna vonkaj\u0161ia hustota (OD)<\/span><\/div>\n<\/td>\n<td colspan=\"1\" rowspan=\"1\">\n<div class=\"magic-10\"><span class=\"magic-14\">2500 mm<\/span><\/div>\n<\/td>\n<td colspan=\"1\" rowspan=\"1\">\n<div class=\"magic-11\"><span class=\"magic-14\">2500 mm<\/span><\/div>\n<\/td>\n<td colspan=\"1\" rowspan=\"1\">\n<div class=\"magic-15\"><span class=\"magic-14\">2500 mm<\/span><\/div>\n<\/td>\n<\/tr>\n<tr>\n<td colspan=\"1\" rowspan=\"1\">\n<div class=\"magic-13\"><span class=\"magic-14\">Minim\u00e1lny preukaz toto\u017enosti<\/span><\/div>\n<\/td>\n<td colspan=\"1\" rowspan=\"1\">\n<div class=\"magic-10\"><span class=\"magic-14\">650 mm<\/span><\/div>\n<\/td>\n<td colspan=\"1\" rowspan=\"1\">\n<div class=\"magic-11\"><span class=\"magic-14\">50 mm<\/span><\/div>\n<\/td>\n<td colspan=\"1\" rowspan=\"1\">\n<div class=\"magic-15\"><span class=\"magic-14\">100 mm<\/span><\/div>\n<\/td>\n<\/tr>\n<tr>\n<td colspan=\"1\" rowspan=\"1\">\n<div class=\"magic-13\"><span class=\"magic-14\">Maxim\u00e1lna \u0161\u00edrka tv\u00e1re<\/span><\/div>\n<\/td>\n<td colspan=\"1\" rowspan=\"1\">\n<div class=\"magic-10\"><span class=\"magic-14\">500 mm<\/span><\/div>\n<\/td>\n<td colspan=\"1\" rowspan=\"1\">\n<div class=\"magic-11\"><span class=\"magic-14\">500 mm<\/span><\/div>\n<\/td>\n<td colspan=\"1\" rowspan=\"1\">\n<div class=\"magic-15\"><span class=\"magic-14\">500 mm<\/span><\/div>\n<\/td>\n<\/tr>\n<tr>\n<td colspan=\"1\" rowspan=\"1\">\n<div class=\"magic-13\"><span class=\"magic-14\">Maxim\u00e1lny diametr\u00e1lny rozstup<\/span><\/div>\n<\/td>\n<td colspan=\"1\" rowspan=\"1\">\n<div class=\"magic-10\"><span class=\"magic-14\">DP1<\/span><\/div>\n<\/td>\n<td colspan=\"1\" rowspan=\"1\">\n<div class=\"magic-11\"><span class=\"magic-14\">DP1<\/span><\/div>\n<\/td>\n<td colspan=\"1\" rowspan=\"1\">\n<div class=\"magic-15\"><span class=\"magic-14\">DP0,5<\/span><\/div>\n<\/td>\n<\/tr>\n<tr>\n<td colspan=\"1\" rowspan=\"1\">\n<div class=\"magic-13\"><span class=\"magic-14\">Maxim\u00e1lny modul<\/span><\/div>\n<\/td>\n<td colspan=\"1\" rowspan=\"1\">\n<div class=\"magic-10\"><span class=\"magic-14\">26mm<\/span><\/div>\n<\/td>\n<td colspan=\"1\" rowspan=\"1\">\n<div class=\"magic-11\"><span class=\"magic-14\">26mm<\/span><\/div>\n<\/td>\n<td colspan=\"1\" rowspan=\"1\">\n<div class=\"magic-15\"><span class=\"magic-14\">45 mm<\/span><\/div>\n<\/td>\n<\/tr>\n<tr>\n<td colspan=\"1\" rowspan=\"1\">\n<div class=\"magic-13\"><span class=\"magic-14\">Trieda AGMA \/ Trieda DIN<\/span><\/div>\n<\/td>\n<td colspan=\"1\" rowspan=\"1\">\n<div class=\"magic-10\"><span class=\"magic-14\">DIN trieda 8<\/span><\/div>\n<\/td>\n<td colspan=\"1\" rowspan=\"1\">\n<div class=\"magic-11\"><span class=\"magic-14\">DIN trieda 8<\/span><\/div>\n<\/td>\n<td colspan=\"1\" rowspan=\"1\">\n<div class=\"magic-15\"><span class=\"magic-14\">DIN trieda 4<\/span><\/div>\n<\/td>\n<\/tr>\n<tr>\n<td colspan=\"1\" rowspan=\"1\">\n<div class=\"magic-13\"><span class=\"magic-14\">Povrchov\u00e1 \u00faprava zubov<\/span><\/div>\n<\/td>\n<td colspan=\"1\" rowspan=\"1\">\n<div class=\"magic-10\"><span class=\"magic-14\">Relat\u00edvna citlivos\u0165 3,2<\/span><\/div>\n<\/td>\n<td colspan=\"1\" rowspan=\"1\">\n<div class=\"magic-11\"><span class=\"magic-14\">Relat\u00edvna citlivos\u0165 3,2<\/span><\/div>\n<\/td>\n<td colspan=\"1\" rowspan=\"1\">\n<div class=\"magic-15\"><span class=\"magic-14\">Relat\u00edvna citlivos\u0165 (Ra) 0,6<\/span><\/div>\n<\/td>\n<\/tr>\n<tr>\n<td colspan=\"1\" rowspan=\"1\">\n<div class=\"magic-13\"><span class=\"magic-14\">Maxim\u00e1lny uhol \u0161pir\u00e1ly<\/span><\/div>\n<\/td>\n<td colspan=\"1\" rowspan=\"1\">\n<div class=\"magic-10\"><span class=\"magic-14\">\u00b122,5\u00b0<\/span><\/div>\n<\/td>\n<td colspan=\"1\" rowspan=\"1\">\n<div class=\"magic-11\"><span class=\"magic-14\">\u00b122,5\u00b0<\/span><\/div>\n<\/td>\n<td colspan=\"1\" rowspan=\"1\">\n<div class=\"magic-15\"><span class=\"magic-14\">\u00b145\u00b0<\/span><\/div>\n<\/td>\n<\/tr>\n<\/tbody>\n<\/table>\n<\/div>\n<\/div>\n<div class=\"J_module\">\n<div class=\"ife-detail-decorate-table\">\n<p>&nbsp;<\/p>\n<table class=\"all magic-7\" style=\"width: 101.883%; height: 244px;\" border=\"1\">\n<tbody>\n<tr>\n<td colspan=\"4\" rowspan=\"1\">\n<div class=\"magic-16\">\n<div class=\"magic-5\" data-spm-anchor-id=\"a2700.siteadmin.0.i170.58853333j5JHlI\"><strong>Vonkaj\u0161ie ozuben\u00e9 koles\u00e1 a vonkaj\u0161ie dr\u00e1\u017eky<\/strong><\/div>\n<\/div>\n<\/td>\n<\/tr>\n<tr>\n<td colspan=\"1\" rowspan=\"1\">\n<div class=\"magic-19\"><span class=\"magic-14\">Maxim\u00e1lna vonkaj\u0161ia hustota (OD)<\/span><\/div>\n<\/td>\n<td colspan=\"1\" rowspan=\"1\">\n<div class=\"magic-17\"><span class=\"magic-14\">1250 mm<\/span><\/div>\n<\/td>\n<td colspan=\"1\" rowspan=\"1\">\n<div class=\"magic-11\"><span class=\"magic-14\">2500 mm<\/span><\/div>\n<\/td>\n<td colspan=\"1\" rowspan=\"1\">\n<div class=\"magic-11\"><span class=\"magic-14\">2500 mm<\/span><\/div>\n<\/td>\n<\/tr>\n<tr>\n<td colspan=\"1\" rowspan=\"1\">\n<div class=\"magic-19\"><span class=\"magic-14\">Minim\u00e1lny preukaz toto\u017enosti<\/span><\/div>\n<\/td>\n<td colspan=\"1\" rowspan=\"1\">\n<div class=\"magic-17\"><span class=\"magic-14\">20 mm<\/span><\/div>\n<\/td>\n<td colspan=\"1\" rowspan=\"1\">\n<div class=\"magic-11\"><span class=\"magic-14\">200 mm<\/span><\/div>\n<\/td>\n<td colspan=\"1\" rowspan=\"1\">\n<div class=\"magic-11\"><span class=\"magic-14\">20 mm<\/span><\/div>\n<\/td>\n<\/tr>\n<tr>\n<td colspan=\"1\" rowspan=\"1\">\n<div class=\"magic-19\"><span class=\"magic-14\">Maxim\u00e1lna \u0161\u00edrka tv\u00e1re<\/span><\/div>\n<\/td>\n<td colspan=\"1\" rowspan=\"1\">\n<div class=\"magic-17\"><span class=\"magic-14\">500 mm<\/span><\/div>\n<\/td>\n<td colspan=\"1\" rowspan=\"1\">\n<div class=\"magic-11\"><span class=\"magic-14\">500 mm<\/span><\/div>\n<\/td>\n<td colspan=\"1\" rowspan=\"1\">\n<div class=\"magic-11\"><span class=\"magic-14\">1480 mm<\/span><\/div>\n<\/td>\n<\/tr>\n<tr>\n<td colspan=\"1\" rowspan=\"1\">\n<div class=\"magic-19\"><span class=\"magic-14\">Maxim\u00e1lny diametr\u00e1lny rozstup<\/span><\/div>\n<\/td>\n<td colspan=\"1\" rowspan=\"1\">\n<div class=\"magic-17\"><span class=\"magic-14\">DP 1<\/span><\/div>\n<\/td>\n<td colspan=\"1\" rowspan=\"1\">\n<div class=\"magic-11\"><span class=\"magic-14\">DP 1<\/span><\/div>\n<\/td>\n<td colspan=\"1\" rowspan=\"1\">\n<div class=\"magic-11\"><span class=\"magic-14\">DP 0,5<\/span><\/div>\n<\/td>\n<\/tr>\n<tr>\n<td colspan=\"1\" rowspan=\"1\">\n<div class=\"magic-19\"><span class=\"magic-14\">Maxim\u00e1lny modul<\/span><\/div>\n<\/td>\n<td colspan=\"1\" rowspan=\"1\">\n<div class=\"magic-17\"><span class=\"magic-14\">26 mm<\/span><\/div>\n<\/td>\n<td colspan=\"1\" rowspan=\"1\">\n<div class=\"magic-11\"><span class=\"magic-14\">26 mm<\/span><\/div>\n<\/td>\n<td colspan=\"1\" rowspan=\"1\">\n<div class=\"magic-11\"><span class=\"magic-14\">45 mm<\/span><\/div>\n<\/td>\n<\/tr>\n<tr>\n<td colspan=\"1\" rowspan=\"1\">\n<div class=\"magic-19\"><span class=\"magic-14\">Trieda AGMA \/ Trieda DIN<\/span><\/div>\n<\/td>\n<td colspan=\"1\" rowspan=\"1\">\n<div class=\"magic-17\"><span class=\"magic-14\">DIN trieda 8<\/span><\/div>\n<\/td>\n<td colspan=\"1\" rowspan=\"1\">\n<div class=\"magic-11\"><span class=\"magic-14\">DIN trieda 8<\/span><\/div>\n<\/td>\n<td colspan=\"1\" rowspan=\"1\">\n<div class=\"magic-11\"><span class=\"magic-14\">DIN trieda 4<\/span><\/div>\n<\/td>\n<\/tr>\n<tr>\n<td colspan=\"1\" rowspan=\"1\">\n<div class=\"magic-19\"><span class=\"magic-14\">Povrchov\u00e1 \u00faprava zubov<\/span><\/div>\n<\/td>\n<td colspan=\"1\" rowspan=\"1\">\n<div class=\"magic-17\"><span class=\"magic-14\">Relat\u00edvna citlivos\u0165 3,2<\/span><\/div>\n<\/td>\n<td colspan=\"1\" rowspan=\"1\">\n<div class=\"magic-11\"><span class=\"magic-14\">Relat\u00edvna citlivos\u0165 3,2<\/span><\/div>\n<\/td>\n<td colspan=\"1\" rowspan=\"1\">\n<div class=\"magic-11\"><span class=\"magic-14\">Relat\u00edvna citlivos\u0165 (Ra) 0,6<\/span><\/div>\n<\/td>\n<\/tr>\n<tr>\n<td colspan=\"1\" rowspan=\"1\">\n<div class=\"magic-19\"><span class=\"magic-14\">Maxim\u00e1lny uhol \u0161pir\u00e1ly<\/span><\/div>\n<\/td>\n<td colspan=\"1\" rowspan=\"1\">\n<div class=\"magic-17\"><span class=\"magic-14\">\u00b145\u00b0<\/span><\/div>\n<\/td>\n<td colspan=\"1\" rowspan=\"1\">\n<div class=\"magic-11\"><span class=\"magic-14\">\u00b145\u00b0<\/span><\/div>\n<\/td>\n<td colspan=\"1\" rowspan=\"1\">\n<div class=\"magic-11\"><span class=\"magic-14\">\u00b145\u00b0<\/span><\/div>\n<\/td>\n<\/tr>\n<\/tbody>\n<\/table>\n<div>\n<h2>Vlastnosti \u0161pir\u00e1lov\u00e9ho ozuben\u00e9ho kolesa<\/h2>\n<p class=\"break-words\">\u0160pir\u00e1lov\u00e9 ozuben\u00e9 koleso je \u0161pecializovan\u00fd typ ozuben\u00e9ho kolesa, ktor\u00fd sa vyzna\u010duje jedine\u010dn\u00fdm dizajnom a funk\u010dnos\u0165ou. Ni\u017e\u0161ie s\u00fa uveden\u00e9 k\u013e\u00fa\u010dov\u00e9 vlastnosti \u0161pir\u00e1lov\u00e9ho ozuben\u00e9ho kolesa v angli\u010dtine:<\/p>\n<ol class=\"marker:text-secondary\">\n<li class=\"break-words\"><strong>Dizajn \u0161pir\u00e1lov\u00fdch zubov<\/strong>Na rozdiel od rovn\u00fdch ozuben\u00fdch kolies maj\u00fa \u0161pir\u00e1lov\u00e9 ozuben\u00e9 koles\u00e1 zuby, ktor\u00e9 s\u00fa zrezan\u00e9 pod uhlom (uhol \u0161pir\u00e1ly) k osi ozuben\u00e9ho kolesa. Toto \u0161pir\u00e1lov\u00e9 usporiadanie umo\u017e\u0148uje postupn\u00fd z\u00e1ber zubov, \u010d\u00edm sa zni\u017euje n\u00e1raz a opotrebenie po\u010das prev\u00e1dzky.<\/li>\n<li class=\"break-words\"><strong>Konfigur\u00e1cia vn\u00fatorn\u00e9ho ozuben\u00e9ho kolesa<\/strong>Ako ozuben\u00fd veniec m\u00e1 zuby na vn\u00fatornom obvode valcov\u00e9ho venieca, ktor\u00e9 s\u00fa ur\u010den\u00e9 na z\u00e1ber s vonkaj\u0161\u00edm ozuben\u00fdm kolesom (zvy\u010dajne pastorkom). Toto vn\u00fatorn\u00e9 rozlo\u017eenie zubov ho odli\u0161uje od vonkaj\u0161\u00edch \u0161pir\u00e1lov\u00fdch ozuben\u00fdch kolies.<\/li>\n<li class=\"break-words\"><strong>Plynul\u00e1 a tich\u00e1 prev\u00e1dzka<\/strong>Uhlov\u00e9 zuby umo\u017e\u0148uj\u00fa s\u00fa\u010dasn\u00fd kontakt viacer\u00fdch zubov, \u010d\u00edm sa rozklad\u00e1 za\u0165a\u017eenie a minimalizuje hluk a vibr\u00e1cie v porovnan\u00ed s \u010deln\u00fdmi ozuben\u00fdmi kolesami. V\u010faka tomu s\u00fa \u0161pir\u00e1lov\u00e9 ozuben\u00e9 koles\u00e1 ide\u00e1lne pre aplik\u00e1cie vy\u017eaduj\u00face tich\u00fd chod.<\/li>\n<li class=\"break-words\"><strong>Vysok\u00e1 nosnos\u0165<\/strong>\u0160pir\u00e1lov\u00e1 kon\u0161trukcia zv\u00e4\u010d\u0161uje kontaktn\u00fa plochu medzi zaberaj\u00facimi zubami, \u010d\u00edm sa zlep\u0161uje schopnos\u0165 ozuben\u00e9ho kolesa zvl\u00e1da\u0165 vy\u0161\u0161ie za\u0165a\u017eenie a pren\u00e1\u0161a\u0165 v\u00e4\u010d\u0161\u00ed kr\u00fatiaci moment ako priame vn\u00fatorn\u00e9 ozuben\u00e9 koles\u00e1 podobnej ve\u013ekosti.<\/li>\n<li class=\"break-words\"><strong>Generovanie axi\u00e1lneho \u0165ahu<\/strong>V d\u00f4sledku uhla \u0161pir\u00e1ly vytv\u00e1raj\u00fa \u0161pir\u00e1lov\u00e9 ozuben\u00e9 koles\u00e1 po\u010das prev\u00e1dzky axi\u00e1lne sily. To si vy\u017eaduje pou\u017eitie axi\u00e1lnych lo\u017e\u00edsk alebo in\u00fdch mechanizmov na p\u00f4sobenie proti axi\u00e1lnej sile, \u010do je kritick\u00fdm faktorom pri kon\u0161trukcii a aplik\u00e1cii.<\/li>\n<\/ol>\n<\/div>\n<\/div>\n<\/div>","protected":false},"excerpt":{"rendered":"<p>Helical Ring Gear Specification Internal gears and internal splines Teeth Milling Teeth Shaping Teeth grinding Maximum O.D. 2500mm 2500mm 2500mm Minimum I.D. 650mm 50mm 100mm Maximum Face Width 500mm 500mm 500mm Maximum Diametral Pitch DP1 DP1 DP0.5 Maximum Module 26mm 26mm 45mm AGMA Grade \/ DIN Grade DIN grade 8 DIN grade 8 DIN grade [&hellip;]<\/p>","protected":false},"featured_media":4589,"comment_status":"open","ping_status":"closed","template":"","meta":{"_et_pb_use_builder":"","_et_pb_old_content":"","_et_gb_content_width":""},"product_brand":[],"product_cat":[108],"product_tag":[],"class_list":{"0":"post-7314","1":"product","2":"type-product","3":"status-publish","4":"has-post-thumbnail","6":"product_cat-helical-gear","8":"first","9":"instock","10":"shipping-taxable","11":"product-type-simple"},"_links":{"self":[{"href":"https:\/\/fmp-components.com\/sk\/wp-json\/wp\/v2\/product\/7314","targetHints":{"allow":["GET"]}}],"collection":[{"href":"https:\/\/fmp-components.com\/sk\/wp-json\/wp\/v2\/product"}],"about":[{"href":"https:\/\/fmp-components.com\/sk\/wp-json\/wp\/v2\/types\/product"}],"replies":[{"embeddable":true,"href":"https:\/\/fmp-components.com\/sk\/wp-json\/wp\/v2\/comments?post=7314"}],"wp:featuredmedia":[{"embeddable":true,"href":"https:\/\/fmp-components.com\/sk\/wp-json\/wp\/v2\/media\/4589"}],"wp:attachment":[{"href":"https:\/\/fmp-components.com\/sk\/wp-json\/wp\/v2\/media?parent=7314"}],"wp:term":[{"taxonomy":"product_brand","embeddable":true,"href":"https:\/\/fmp-components.com\/sk\/wp-json\/wp\/v2\/product_brand?post=7314"},{"taxonomy":"product_cat","embeddable":true,"href":"https:\/\/fmp-components.com\/sk\/wp-json\/wp\/v2\/product_cat?post=7314"},{"taxonomy":"product_tag","embeddable":true,"href":"https:\/\/fmp-components.com\/sk\/wp-json\/wp\/v2\/product_tag?post=7314"}],"curies":[{"name":"pracovn\u00fd list","href":"https:\/\/api.w.org\/{rel}","templated":true}]}}