{"id":7243,"date":"2025-03-21T01:45:53","date_gmt":"2025-03-21T01:45:53","guid":{"rendered":"https:\/\/fmp-components.com\/?post_type=product&#038;p=7243"},"modified":"2025-04-05T06:52:39","modified_gmt":"2025-04-05T06:52:39","slug":"plastic-worm-gears","status":"publish","type":"product","link":"https:\/\/fmp-components.com\/sk\/product\/plastic-worm-gears\/","title":{"rendered":"Plastov\u00e9 z\u00e1vitovkov\u00e9 prevody"},"content":{"rendered":"<h2>Plastov\u00e9 z\u00e1vitovkov\u00e9 prevody: Odoln\u00e9 a prisp\u00f4sobite\u013en\u00e9 rie\u0161enia od spolo\u010dnosti FMP<\/h2>\n<p class=\"break-words\">Plastov\u00e9 z\u00e1vitovkov\u00e9 prevody s\u00fa d\u00f4le\u017eit\u00fdmi komponentmi modern\u00fdch strojov a pon\u00fakaj\u00fa jedine\u010dn\u00fa kombin\u00e1ciu odolnosti, v\u0161estrannosti a \u00fa\u010dinnosti. V spolo\u010dnosti FMP sa \u0161pecializujeme na v\u00fdrobu vysoko kvalitn\u00fdch plastov. <a href=\"https:\/\/fmp-components.com\/sk\/worm-gear-and-worm-shaft-2\/\">z\u00e1vitovkov\u00e9 prevody<\/a> navrhnut\u00e9 tak, aby sp\u013a\u0148ali rozmanit\u00e9 potreby priemyseln\u00fdch odvetv\u00ed v Taliansku a mimo neho. \u010ci u\u017e po\u017eadujete \u0161tandardn\u00e9 modely alebo rie\u0161enia na mieru, na\u0161e odborn\u00e9 znalosti v\u00e1m zaru\u010dia spo\u013eahliv\u00e9 a prisp\u00f4soben\u00e9 produkty.<\/p>\n<p><img loading=\"lazy\" decoding=\"async\" class=\"size-full wp-image-7245 aligncenter\" src=\"https:\/\/fmp-components.com\/wp-content\/uploads\/2025\/03\/plastic-worm-gear-2.webp\" alt=\"plastov\u00fd z\u00e1vitovkov\u00fd prevod\" width=\"975\" height=\"762\" title=\"\" srcset=\"https:\/\/fmp-components.com\/wp-content\/uploads\/2025\/03\/plastic-worm-gear-2.webp 975w, https:\/\/fmp-components.com\/wp-content\/uploads\/2025\/03\/plastic-worm-gear-2-480x375.webp 480w\" sizes=\"(min-width: 0px) and (max-width: 480px) 480px, (min-width: 481px) 975px, 100vw\" \/><\/p>\n<div>\n<h3>Pre\u010do si vybra\u0165 plastov\u00e9 z\u00e1vitovkov\u00e9 prevody?<\/h3>\n<p class=\"break-words\">Plastov\u00e9 z\u00e1vitovkov\u00e9 prevody poskytuj\u00fa oproti svojim kovov\u00fdm n\u00e1protivkom v\u00fdrazn\u00e9 v\u00fdhody, v\u010faka \u010domu s\u00fa preferovanou vo\u013ebou v r\u00f4znych aplik\u00e1ci\u00e1ch:<\/p>\n<ul class=\"marker:text-secondary\">\n<li class=\"break-words\"><strong>\u013dahk\u00fd dizajn<\/strong>Plastov\u00e9 z\u00e1vitovkov\u00e9 prevody s\u00fa v\u00fdrazne \u013eah\u0161ie ako kovov\u00e9 ozuben\u00e9 koles\u00e1, zni\u017euj\u00fa hmotnos\u0165 strojov a zvy\u0161uj\u00fa energetick\u00fa \u00fa\u010dinnos\u0165.<\/li>\n<li class=\"break-words\"><strong>Odolnos\u0165 vo\u010di hrdzi<\/strong>S\u00fa odoln\u00e9 vo\u010di kor\u00f3zii, vynikaj\u00fa vo vlhkom alebo drsnom prostred\u00ed a zabezpe\u010duj\u00fa dlhodob\u00fd v\u00fdkon.<\/li>\n<li class=\"break-words\"><strong>Tich\u00e1 prev\u00e1dzka<\/strong>Ich plynul\u00fd chod minimalizuje hluk, \u010do je ide\u00e1lne pre aplik\u00e1cie vy\u017eaduj\u00face tich\u00fd chod, ako s\u00fa napr\u00edklad zdravotn\u00edcke pom\u00f4cky alebo spotrebn\u00e1 elektronika.<\/li>\n<li class=\"break-words\"><strong>N\u00e1kladovo efekt\u00edvna v\u00fdroba<\/strong>Vstrekovanie plastov umo\u017e\u0148uje cenovo dostupn\u00fa v\u00fdrobu vo ve\u013ekom meradle bez kompromisov v kvalite.<\/li>\n<li class=\"break-words\"><strong>Samomazacie vlastnosti<\/strong>S\u00fa vyroben\u00e9 z materi\u00e1lov ako polyacet\u00e1l (POM) a MC nylon a \u010dasto funguj\u00fa bez dodato\u010dn\u00e9ho mazania, \u010do zni\u017euje potrebu \u00fadr\u017eby.<\/li>\n<\/ul>\n<p class=\"break-words\">V Taliansku sa tieto vlastnosti \u010doraz viac do\u017eaduj\u00fa v odvetviach ako v\u00fdroba potrav\u00edn, spotrebn\u00e1 elektronika a v\u00fdroba zdravotn\u00edckych zariaden\u00ed. \u013dahk\u00e1 a nehrdzavej\u00faca povaha plastov\u00fdch z\u00e1vitovkov\u00fdch prevodov dokonale zhoduje s potrebami talianskych podnikov h\u013eadaj\u00facich efekt\u00edvne a spo\u013eahliv\u00e9 rie\u0161enia.<\/p>\n<p><img loading=\"lazy\" decoding=\"async\" class=\"size-full wp-image-7247 aligncenter\" src=\"https:\/\/fmp-components.com\/wp-content\/uploads\/2025\/03\/plastic-worm-gear-3.webp\" alt=\"plastov\u00fd z\u00e1vitovkov\u00fd prevod\" width=\"813\" height=\"473\" title=\"\" srcset=\"https:\/\/fmp-components.com\/wp-content\/uploads\/2025\/03\/plastic-worm-gear-3.webp 813w, https:\/\/fmp-components.com\/wp-content\/uploads\/2025\/03\/plastic-worm-gear-3-480x279.webp 480w\" sizes=\"(min-width: 0px) and (max-width: 480px) 480px, (min-width: 481px) 813px, 100vw\" \/><\/p>\n<h2>\u0160pecifik\u00e1cia<\/h2>\n<table style=\"width: 100%;\" border=\"1\" width=\"100%\" cellspacing=\"0\" cellpadding=\"0\">\n<tbody>\n<tr style=\"height: 15.15pt;\">\n<td style=\"height: 15.15pt; width: 48.00pt;\" align=\"right\" width=\"80\" height=\"25\">\u00a0\u00a0<img loading=\"lazy\" decoding=\"async\" class=\"wp-image-7796 aligncenter\" src=\"https:\/\/fmp-components.com\/wp-content\/uploads\/2025\/03\/plastic-worm-gear-manufacturer.jpg\" alt=\"v\u00fdrobca plastov\u00fdch z\u00e1vitovkov\u00fdch prevodov\" width=\"448\" height=\"356\" title=\"\" srcset=\"https:\/\/fmp-components.com\/wp-content\/uploads\/2025\/03\/plastic-worm-gear-manufacturer.jpg 195w, https:\/\/fmp-components.com\/wp-content\/uploads\/2025\/03\/plastic-worm-gear-manufacturer-15x12.jpg 15w\" sizes=\"(max-width: 448px) 100vw, 448px\" \/><\/td>\n<td style=\"width: 48.00pt;\" align=\"right\" width=\"80\"><img loading=\"lazy\" decoding=\"async\" class=\"wp-image-7795 aligncenter\" src=\"https:\/\/fmp-components.com\/wp-content\/uploads\/2025\/03\/worm-gear-manufacturer.jpg\" alt=\"\u0161pecifik\u00e1cia plastov\u00e9ho z\u00e1vitovkov\u00e9ho prevodu\" width=\"488\" height=\"334\" title=\"\" srcset=\"https:\/\/fmp-components.com\/wp-content\/uploads\/2025\/03\/worm-gear-manufacturer.jpg 190w, https:\/\/fmp-components.com\/wp-content\/uploads\/2025\/03\/worm-gear-manufacturer-18x12.jpg 18w\" sizes=\"(max-width: 488px) 100vw, 488px\" \/><\/td>\n<\/tr>\n<tr style=\"height: 15.15pt;\">\n<td class=\"et2\" style=\"height: 15.15pt; width: 48.00pt;\" width=\"80\" height=\"25\">Typ<\/td>\n<td class=\"et3\" style=\"width: 48.00pt;\" width=\"80\">\u010cerv<\/td>\n<\/tr>\n<tr style=\"height: 29.55pt;\">\n<td class=\"et2\" style=\"height: 29.55pt; width: 48.00pt;\" width=\"80\" height=\"49\">Modul<\/td>\n<td class=\"et3\" style=\"width: 48.00pt;\" width=\"80\">M0,2 \u2013 M2,0<\/td>\n<\/tr>\n<tr style=\"height: 58.35pt;\">\n<td class=\"et2\" style=\"height: 58.35pt; width: 48.00pt;\" width=\"80\" height=\"97\">Materi\u00e1l<\/td>\n<td class=\"et3\" style=\"width: 48.00pt;\" width=\"80\">Polyacet\u00e1l (POM) \/ Nylon<\/td>\n<\/tr>\n<tr style=\"height: 58.35pt;\">\n<td class=\"et2\" style=\"height: 58.35pt; width: 48.00pt;\" width=\"80\" height=\"97\">V\u0155tanie<\/td>\n<td class=\"et3\" style=\"width: 48.00pt;\" width=\"80\">\u00d81,40 mm\/ \u00d81,90 mm<\/td>\n<\/tr>\n<tr style=\"height: 101.55pt;\">\n<td class=\"et2\" style=\"height: 101.55pt; width: 48.00pt;\" width=\"80\" height=\"169\">Vonkaj\u0161\u00ed priemer<\/td>\n<td class=\"et3\" style=\"width: 48.00pt;\" width=\"80\">\u00d84,0 mm\/ \u00d85,0 mm\/ \u00d86,0 mm (flexibiln\u00e9)<\/td>\n<\/tr>\n<tr style=\"height: 72.75pt;\">\n<td class=\"et2\" style=\"height: 72.75pt; width: 48.00pt;\" width=\"80\" height=\"121\">D\u013a\u017eka<\/td>\n<td class=\"et3\" style=\"width: 48.00pt;\" width=\"80\">6,0 mm\/ 8,5 mm\/ 10,0 mm (flexibiln\u00e9)<\/td>\n<\/tr>\n<\/tbody>\n<\/table>\n<div><\/div>\n<div>\n<table style=\"width: 100%;\" border=\"1\" width=\"100%\" cellspacing=\"0\" cellpadding=\"0\">\n<tbody>\n<tr style=\"height: 15.15pt;\">\n<td class=\"et2\" style=\"height: 15.15pt; width: 96.00pt;\" colspan=\"2\" width=\"160\" height=\"25\"><img loading=\"lazy\" decoding=\"async\" class=\"alignnone wp-image-7797\" src=\"https:\/\/fmp-components.com\/wp-content\/uploads\/2025\/03\/plastic-worm-gear-manufacturer-1.jpg\" alt=\"plastov\u00fd z\u00e1vitovkov\u00fd prevod\" width=\"938\" height=\"376\" title=\"\" srcset=\"https:\/\/fmp-components.com\/wp-content\/uploads\/2025\/03\/plastic-worm-gear-manufacturer-1.jpg 938w, https:\/\/fmp-components.com\/wp-content\/uploads\/2025\/03\/plastic-worm-gear-manufacturer-1-480x192.jpg 480w\" sizes=\"(min-width: 0px) and (max-width: 480px) 480px, (min-width: 481px) 938px, 100vw\" \/><\/td>\n<\/tr>\n<tr style=\"height: 55.95pt;\">\n<td class=\"et3\" style=\"height: 55.95pt; width: 48.00pt;\" width=\"80\" height=\"93\">Polo\u017eka<\/td>\n<td class=\"et4\" style=\"width: 48.00pt;\" width=\"80\">M0.4*30T Ozuben\u00e9 koleso + z\u00e1vitovka<\/td>\n<\/tr>\n<tr style=\"height: 28.35pt;\">\n<td class=\"et3\" style=\"height: 28.35pt; width: 48.00pt;\" width=\"80\" height=\"47\">Materi\u00e1l<\/td>\n<td class=\"et4\" style=\"width: 48.00pt;\" width=\"80\">TEPCON_M90-10<\/td>\n<\/tr>\n<tr style=\"height: 14.55pt;\">\n<td class=\"et3\" style=\"height: 14.55pt; width: 48.00pt;\" width=\"80\" height=\"24\">Modul<\/td>\n<td class=\"et4\" style=\"width: 48.00pt;\" width=\"80\">M0.4<\/td>\n<\/tr>\n<tr style=\"height: 28.35pt;\">\n<td class=\"et3\" style=\"height: 28.35pt; width: 48.00pt;\" width=\"80\" height=\"47\">Po\u010det zubov<\/td>\n<td class=\"et4\" style=\"width: 48.00pt;\" width=\"80\">30T \/ 1T<\/td>\n<\/tr>\n<tr style=\"height: 28.35pt;\">\n<td class=\"et3\" style=\"height: 28.35pt; width: 48.00pt;\" width=\"80\" height=\"47\">Hmotnos\u0165<\/td>\n<td class=\"et4\" style=\"width: 48.00pt;\" width=\"80\">0,75 g \/ ks<\/td>\n<\/tr>\n<tr style=\"height: 55.95pt;\">\n<td class=\"et3\" style=\"height: 55.95pt; width: 48.00pt;\" width=\"80\" height=\"93\">Aplik\u00e1cia<\/td>\n<td class=\"et4\" style=\"width: 48.00pt;\" width=\"80\">IP kamera, monitor at\u010f.<\/td>\n<\/tr>\n<\/tbody>\n<\/table>\n<\/div>\n<\/div>\n<table style=\"width: 100%;\" border=\"1\" width=\"100%\" cellspacing=\"0\" cellpadding=\"0\">\n<tbody>\n<tr style=\"height: 15.15pt;\">\n<td class=\"et2\" style=\"height: 15.15pt; width: 96.00pt;\" colspan=\"2\" width=\"160\" height=\"25\"><img loading=\"lazy\" decoding=\"async\" class=\"alignnone wp-image-7798\" src=\"https:\/\/fmp-components.com\/wp-content\/uploads\/2025\/03\/plastic-worm-gear-manufacturer-2.jpg\" alt=\"plastov\u00fd z\u00e1vitovkov\u00fd prevod\" width=\"930\" height=\"371\" title=\"\" srcset=\"https:\/\/fmp-components.com\/wp-content\/uploads\/2025\/03\/plastic-worm-gear-manufacturer-2.jpg 930w, https:\/\/fmp-components.com\/wp-content\/uploads\/2025\/03\/plastic-worm-gear-manufacturer-2-480x191.jpg 480w\" sizes=\"(min-width: 0px) and (max-width: 480px) 480px, (min-width: 481px) 930px, 100vw\" \/><\/td>\n<\/tr>\n<tr style=\"height: 28.35pt;\">\n<td class=\"et3\" style=\"height: 28.35pt; width: 48.00pt;\" width=\"80\" height=\"47\">Polo\u017eka<\/td>\n<td class=\"et4\" style=\"width: 48.00pt;\" width=\"80\">M0.4 Prav\u00fd \u010derv<\/td>\n<\/tr>\n<tr style=\"height: 28.35pt;\">\n<td class=\"et3\" style=\"height: 28.35pt; width: 48.00pt;\" width=\"80\" height=\"47\">Materi\u00e1l<\/td>\n<td class=\"et4\" style=\"width: 48.00pt;\" width=\"80\">TEPCON_M90-10<\/td>\n<\/tr>\n<tr style=\"height: 14.55pt;\">\n<td class=\"et3\" style=\"height: 14.55pt; width: 48.00pt;\" width=\"80\" height=\"24\">Modul<\/td>\n<td class=\"et4\" style=\"width: 48.00pt;\" width=\"80\">M0.4<\/td>\n<\/tr>\n<tr style=\"height: 28.35pt;\">\n<td class=\"et3\" style=\"height: 28.35pt; width: 48.00pt;\" width=\"80\" height=\"47\">Po\u010det zubov<\/td>\n<td class=\"et4\" style=\"width: 48.00pt;\" width=\"80\">1T (prav\u00fd)<\/td>\n<\/tr>\n<tr style=\"height: 28.35pt;\">\n<td class=\"et3\" style=\"height: 28.35pt; width: 48.00pt;\" width=\"80\" height=\"47\">Hmotnos\u0165<\/td>\n<td class=\"et4\" style=\"width: 48.00pt;\" width=\"80\">0,22 g \/ ks<\/td>\n<\/tr>\n<tr style=\"height: 124.95pt;\">\n<td class=\"et3\" style=\"height: 124.95pt; width: 48.00pt;\" width=\"80\" height=\"208\">Aplik\u00e1cia<\/td>\n<td class=\"et4\" style=\"width: 48.00pt;\" width=\"80\">Pou\u017e\u00edva sa v prevodovke nastavovania sp\u00e4tn\u00e9ho zrkadla automobilu.<\/td>\n<\/tr>\n<\/tbody>\n<\/table>\n<div><\/div>\n<div>\n<div>\n<table style=\"width: 100%;\" border=\"1\" width=\"100%\" cellspacing=\"0\" cellpadding=\"0\">\n<tbody>\n<tr style=\"height: 15.15pt;\">\n<td class=\"et2\" style=\"height: 15.15pt; width: 96.00pt;\" colspan=\"2\" width=\"160\" height=\"25\"><img loading=\"lazy\" decoding=\"async\" class=\"wp-image-7794 aligncenter\" src=\"https:\/\/fmp-components.com\/wp-content\/uploads\/2025\/03\/plastic-worm-gear-manufacturer-3.jpg\" alt=\"v\u00fdrobca plastov\u00fdch z\u00e1vitovkov\u00fdch prevodov\" width=\"960\" height=\"378\" title=\"\" srcset=\"https:\/\/fmp-components.com\/wp-content\/uploads\/2025\/03\/plastic-worm-gear-manufacturer-3.jpg 960w, https:\/\/fmp-components.com\/wp-content\/uploads\/2025\/03\/plastic-worm-gear-manufacturer-3-480x189.jpg 480w\" sizes=\"(min-width: 0px) and (max-width: 480px) 480px, (min-width: 481px) 960px, 100vw\" \/><\/td>\n<\/tr>\n<tr style=\"height: 55.95pt;\">\n<td class=\"et3\" style=\"height: 55.95pt; width: 48.00pt;\" width=\"80\" height=\"93\">Polo\u017eka<\/td>\n<td class=\"et4\" style=\"width: 48.00pt;\" width=\"80\">Skrutka a matica prevodov\u00e9ho stup\u0148a<\/td>\n<\/tr>\n<tr style=\"height: 14.55pt;\">\n<td class=\"et3\" style=\"height: 14.55pt; width: 48.00pt;\" width=\"80\" height=\"24\">Materi\u00e1l<\/td>\n<td class=\"et4\" style=\"width: 48.00pt;\" width=\"80\">ODM<\/td>\n<\/tr>\n<tr style=\"height: 14.55pt;\">\n<td class=\"et3\" style=\"height: 14.55pt; width: 48.00pt;\" width=\"80\" height=\"24\">Modul<\/td>\n<td class=\"et4\" style=\"width: 48.00pt;\" width=\"80\">ODM<\/td>\n<\/tr>\n<tr style=\"height: 28.35pt;\">\n<td class=\"et3\" style=\"height: 28.35pt; width: 48.00pt;\" width=\"80\" height=\"47\">Po\u010det zubov<\/td>\n<td class=\"et4\" style=\"width: 48.00pt;\" width=\"80\">ODM<\/td>\n<\/tr>\n<tr style=\"height: 14.55pt;\">\n<td class=\"et3\" style=\"height: 14.55pt; width: 48.00pt;\" width=\"80\" height=\"24\">Hmotnos\u0165<\/td>\n<td class=\"et4\" style=\"width: 48.00pt;\" width=\"80\">ODM<\/td>\n<\/tr>\n<tr style=\"height: 97.35pt;\">\n<td class=\"et3\" style=\"height: 97.35pt; width: 48.00pt;\" width=\"80\" height=\"162\">Aplik\u00e1cia<\/td>\n<td class=\"et4\" style=\"width: 48.00pt;\" width=\"80\">Plat\u00ed v prevodovke nastavovacieho vodn\u00e9ho ventilu.<\/td>\n<\/tr>\n<\/tbody>\n<\/table>\n<h2>Plastov\u00e9 z\u00e1vitovkov\u00e9 prevody od spolo\u010dnosti FMP: Kvalita a prisp\u00f4sobenie<\/h2>\n<p class=\"break-words\">V spolo\u010dnosti FMP sme hrd\u00ed na to, \u017ee dod\u00e1vame \u0161irok\u00fd sortiment plastov\u00fdch z\u00e1vitovkov\u00fdch prevodov, ktor\u00e9 vyhovuj\u00fa r\u00f4znym aplik\u00e1ci\u00e1m:<\/p>\n<ul class=\"marker:text-secondary\">\n<li class=\"break-words\"><strong>Rozmanit\u00fd sortiment produktov<\/strong>N\u00e1\u0161 katal\u00f3g obsahuje \u0161tandardn\u00e9 plastov\u00e9 z\u00e1vitovkov\u00e9 prevody s modulmi od 0,5 do 3 a prevodov\u00fdmi pomermi od 10 do 50, vyroben\u00e9 z vysoko kvalitn\u00e9ho MC nylonu alebo POM.<\/li>\n<li class=\"break-words\"><strong>Slu\u017eby prisp\u00f4sobenia<\/strong>Ch\u00e1peme, \u017ee ka\u017ed\u00fd projekt m\u00e1 jedine\u010dn\u00e9 po\u017eiadavky. N\u00e1\u0161 t\u00edm pon\u00faka plastov\u00e9 z\u00e1vitovkov\u00e9 prevody na mieru prisp\u00f4soben\u00e9 va\u0161im \u0161pecifik\u00e1ci\u00e1m, \u010d\u00edm zabezpe\u010d\u00ed optim\u00e1lny v\u00fdkon pre va\u0161u \u0161pecifick\u00fa aplik\u00e1ciu.<\/li>\n<li class=\"break-words\"><strong>Nenach\u00e1dzate svoj model?<\/strong>Ak nie je v zozname uveden\u00e9 vybavenie, ktor\u00e9 potrebujete, nebojte sa \u2013 mo\u017eno e\u0161te nie je nahran\u00e9 do n\u00e1\u0161ho zoznamu produktov. Sta\u010d\u00ed n\u00e1m nap\u00edsa\u0165 e-mail na adresu <a href=\"mailto:info@fmpcomponents.it\">info@fmpcomponents.it<\/a>\u00a0s va\u0161imi po\u017eiadavkami a na\u0161i technici v\u00e1m odpovedia do 24 hod\u00edn.<\/li>\n<\/ul>\n<p class=\"break-words\">V\u010faka n\u00e1\u0161mu z\u00e1v\u00e4zku ku kvalite a flexibilite je spolo\u010dnos\u0165 FMP d\u00f4veryhodn\u00fdm partnerom pre taliansky priemysel, ktor\u00fd h\u013ead\u00e1 odoln\u00e9 plastov\u00e9 ozuben\u00e9 koles\u00e1.<\/p>\n<p><img loading=\"lazy\" decoding=\"async\" class=\"size-full wp-image-7248 aligncenter\" src=\"https:\/\/fmp-components.com\/wp-content\/uploads\/2025\/03\/plastic-worm-gear-4.webp\" alt=\"plastov\u00fd z\u00e1vitovkov\u00fd prevod\" width=\"760\" height=\"518\" title=\"\" srcset=\"https:\/\/fmp-components.com\/wp-content\/uploads\/2025\/03\/plastic-worm-gear-4.webp 760w, https:\/\/fmp-components.com\/wp-content\/uploads\/2025\/03\/plastic-worm-gear-4-480x327.webp 480w\" sizes=\"(min-width: 0px) and (max-width: 480px) 480px, (min-width: 481px) 760px, 100vw\" \/><\/p>\n<div>\n<h3>Materi\u00e1ly a excelentnos\u0165 vo v\u00fdrobe<\/h3>\n<p class=\"break-words\">V\u00fdkon plastov\u00fdch z\u00e1vitovkov\u00fdch prevodov z\u00e1vis\u00ed od materi\u00e1lov a procesov pou\u017eit\u00fdch pri ich v\u00fdrobe:<\/p>\n<ul class=\"marker:text-secondary\">\n<li class=\"break-words\"><strong>Pr\u00e9miov\u00e9 materi\u00e1ly<\/strong>Pou\u017e\u00edvame technick\u00e9 plasty ako POM (polyacetal) a MC Nylon, ktor\u00e9 s\u00fa zn\u00e1me svojou pevnos\u0165ou, odolnos\u0165ou proti opotrebovaniu a schopnos\u0165ou fungova\u0165 bez mazania. Pre n\u00e1ro\u010dn\u00e9 aplik\u00e1cie s v\u00fdkyvmi tepl\u00f4t alebo vysok\u00fdm za\u0165a\u017een\u00edm m\u00f4\u017eeme pre v\u00e4\u010d\u0161iu stabilitu integrova\u0165 kovov\u00e9 n\u00e1boje (napr. S45C alebo nehrdzavej\u00facu oce\u013e).<\/li>\n<li class=\"break-words\"><strong>Pokro\u010dil\u00e1 v\u00fdroba<\/strong>Na\u0161a v\u00fdroba kombinuje presn\u00e9 vstrekovanie plastov s odborn\u00fdm obr\u00e1ban\u00edm, \u010d\u00edm zabezpe\u010duje, \u017ee ka\u017ed\u00e9 ozuben\u00e9 koleso sp\u013a\u0148a pr\u00edsne \u0161tandardy kvality. Tento proces zaru\u010duje odolnos\u0165, rozmerov\u00fa presnos\u0165 a n\u00e1kladov\u00fa efekt\u00edvnos\u0165.<\/li>\n<\/ul>\n<p class=\"break-words\">V\u010faka t\u00fdmto schopnostiam vyr\u00e1bame plastov\u00e9 z\u00e1vitovkov\u00e9 prevody, ktor\u00e9 vynikaj\u00fa v rozmanitom priemyselnom prostred\u00ed Talianska, od pobre\u017en\u00fdch z\u00e1vodov na spracovanie potrav\u00edn a\u017e po v\u00fdrobcov high-tech elektroniky.<\/p>\n<table style=\"border-collapse: collapse; width: 104.125%; height: 59px;\" border=\"0\" width=\"160\" cellspacing=\"0\" cellpadding=\"0\">\n<tbody>\n<tr style=\"height: 14.40pt;\">\n<td style=\"height: 14.4pt; width: 56.4815%;\" align=\"right\" width=\"80\" height=\"24\"><img loading=\"lazy\" decoding=\"async\" class=\"size-full wp-image-7799 aligncenter\" src=\"https:\/\/fmp-components.com\/wp-content\/uploads\/2025\/03\/nylon-Electronic-Power-Steering-System-Worm-Gear.webp\" alt=\"nylonov\u00fd elektronick\u00fd posil\u0148ova\u010d riadenia z\u00e1vitovkov\u00fd prevod\" width=\"1920\" height=\"1440\" title=\"\" srcset=\"https:\/\/fmp-components.com\/wp-content\/uploads\/2025\/03\/nylon-Electronic-Power-Steering-System-Worm-Gear.webp 1920w, https:\/\/fmp-components.com\/wp-content\/uploads\/2025\/03\/nylon-Electronic-Power-Steering-System-Worm-Gear-1280x960.webp 1280w, https:\/\/fmp-components.com\/wp-content\/uploads\/2025\/03\/nylon-Electronic-Power-Steering-System-Worm-Gear-980x735.webp 980w, https:\/\/fmp-components.com\/wp-content\/uploads\/2025\/03\/nylon-Electronic-Power-Steering-System-Worm-Gear-480x360.webp 480w\" sizes=\"(min-width: 0px) and (max-width: 480px) 480px, (min-width: 481px) and (max-width: 980px) 980px, (min-width: 981px) and (max-width: 1280px) 1280px, (min-width: 1281px) 1920px, 100vw\" \/><\/td>\n<td style=\"width: 43.5185%;\" align=\"right\" width=\"80\"><img loading=\"lazy\" decoding=\"async\" class=\"size-full wp-image-7800 aligncenter\" src=\"https:\/\/fmp-components.com\/wp-content\/uploads\/2025\/03\/plastic-worm-gear-manufacturer-5.webp\" alt=\"v\u00fdrobca plastov\u00fdch z\u00e1vitovkov\u00fdch prevodov\" width=\"1920\" height=\"1792\" title=\"\" srcset=\"https:\/\/fmp-components.com\/wp-content\/uploads\/2025\/03\/plastic-worm-gear-manufacturer-5.webp 1920w, https:\/\/fmp-components.com\/wp-content\/uploads\/2025\/03\/plastic-worm-gear-manufacturer-5-1280x1195.webp 1280w, https:\/\/fmp-components.com\/wp-content\/uploads\/2025\/03\/plastic-worm-gear-manufacturer-5-980x915.webp 980w, https:\/\/fmp-components.com\/wp-content\/uploads\/2025\/03\/plastic-worm-gear-manufacturer-5-480x448.webp 480w\" sizes=\"(min-width: 0px) and (max-width: 480px) 480px, (min-width: 481px) and (max-width: 980px) 980px, (min-width: 981px) and (max-width: 1280px) 1280px, (min-width: 1281px) 1920px, 100vw\" \/><\/td>\n<\/tr>\n<\/tbody>\n<\/table>\n<h3>\u017diadosti v Taliansku<\/h3>\n<p class=\"break-words\">Plastov\u00e9 z\u00e1vitovkov\u00e9 prevody od spolo\u010dnosti FMP osved\u010dili svoju hodnotu na talianskych trhoch:<\/p>\n<ul class=\"marker:text-secondary\">\n<li class=\"break-words\"><strong>V\u00fdroba potrav\u00edn<\/strong>V strojoch vy\u017eaduj\u00facich hygienu a odolnos\u0165 vo\u010di vlhkosti zabezpe\u010duj\u00fa na\u0161e prevody odoln\u00e9 vo\u010di hrdzi spo\u013eahliv\u00fa prev\u00e1dzku bez rizika kontamin\u00e1cie.<\/li>\n<li class=\"break-words\"><strong>Spotrebn\u00e1 elektronika<\/strong>Ich n\u00edzka hmotnos\u0165 a tich\u00fd v\u00fdkon vylep\u0161uj\u00fa zariadenia ako tla\u010diarne a fotoapar\u00e1ty, \u010d\u00edm sp\u013a\u0148aj\u00fa dopyt Talianska po inovat\u00edvnych technol\u00f3gi\u00e1ch.<\/li>\n<li class=\"break-words\"><strong>Zdravotn\u00edcke vybavenie<\/strong>N\u00edzka hlu\u010dnos\u0165 a odolnos\u0165 na\u0161ich prevodov podporuj\u00fa presn\u00e9 pr\u00edstroje, ktor\u00e9 s\u00fa rast\u00facim sektorom v talianskom zdravotn\u00edctve.<\/li>\n<\/ul>\n<\/div>\n<\/div>\n<\/div>","protected":false},"excerpt":{"rendered":"<p>Plastic Worm Gears: Durable, Customizable Solutions from FMP Company Plastic worm gears are vital components in modern machinery, offering a unique combination of durability, versatility, and efficiency. At FMP Company, we specialize in manufacturing high-quality plastic worm gears designed to meet the diverse needs of industries across Italy and beyond. Whether you require standard models [&hellip;]<\/p>","protected":false},"featured_media":7244,"comment_status":"open","ping_status":"closed","template":"","meta":{"_et_pb_use_builder":"","_et_pb_old_content":"","_et_gb_content_width":""},"product_brand":[],"product_cat":[107],"product_tag":[],"class_list":{"0":"post-7243","1":"product","2":"type-product","3":"status-publish","4":"has-post-thumbnail","6":"product_cat-worm-gear","8":"first","9":"instock","10":"shipping-taxable","11":"product-type-simple"},"_links":{"self":[{"href":"https:\/\/fmp-components.com\/sk\/wp-json\/wp\/v2\/product\/7243","targetHints":{"allow":["GET"]}}],"collection":[{"href":"https:\/\/fmp-components.com\/sk\/wp-json\/wp\/v2\/product"}],"about":[{"href":"https:\/\/fmp-components.com\/sk\/wp-json\/wp\/v2\/types\/product"}],"replies":[{"embeddable":true,"href":"https:\/\/fmp-components.com\/sk\/wp-json\/wp\/v2\/comments?post=7243"}],"wp:featuredmedia":[{"embeddable":true,"href":"https:\/\/fmp-components.com\/sk\/wp-json\/wp\/v2\/media\/7244"}],"wp:attachment":[{"href":"https:\/\/fmp-components.com\/sk\/wp-json\/wp\/v2\/media?parent=7243"}],"wp:term":[{"taxonomy":"product_brand","embeddable":true,"href":"https:\/\/fmp-components.com\/sk\/wp-json\/wp\/v2\/product_brand?post=7243"},{"taxonomy":"product_cat","embeddable":true,"href":"https:\/\/fmp-components.com\/sk\/wp-json\/wp\/v2\/product_cat?post=7243"},{"taxonomy":"product_tag","embeddable":true,"href":"https:\/\/fmp-components.com\/sk\/wp-json\/wp\/v2\/product_tag?post=7243"}],"curies":[{"name":"pracovn\u00fd list","href":"https:\/\/api.w.org\/{rel}","templated":true}]}}