{"id":7228,"date":"2025-03-21T00:55:52","date_gmt":"2025-03-21T00:55:52","guid":{"rendered":"https:\/\/fmp-components.com\/?post_type=product&#038;p=7228"},"modified":"2025-03-21T01:26:57","modified_gmt":"2025-03-21T01:26:57","slug":"worm-and-wheel","status":"publish","type":"product","link":"https:\/\/fmp-components.com\/sk\/product\/worm-and-wheel\/","title":{"rendered":"\u010cerv a koleso"},"content":{"rendered":"<p><span style=\"color: #333333; font-size: 26px;\">\u010co s\u00fa to z\u00e1vitovkov\u00e9 a kolesov\u00e9 prevody?<\/span><\/p>\n<div>\n<p class=\"break-words\">A <strong>syst\u00e9m z\u00e1vitovkov\u00fdch a kolesov\u00fdch prevodov<\/strong> je \u0161pecializovan\u00fd typ ozuben\u00e9ho prevodu, ktor\u00fd pren\u00e1\u0161a pohyb medzi dvoma nepret\u00ednaj\u00facimi sa hriade\u013emi, zvy\u010dajne pod uhlom 90 stup\u0148ov. Syst\u00e9m pozost\u00e1va z dvoch k\u013e\u00fa\u010dov\u00fdch komponentov:<\/p>\n<ul class=\"marker:text-secondary\">\n<li class=\"break-words\"><strong>\u010cerv<\/strong>Valcov\u00fd, skrutkovit\u00fd komponent so \u0161pir\u00e1lov\u00fdmi z\u00e1vitmi.<\/li>\n<li class=\"break-words\"><strong>Z\u00e1vitovkov\u00e9 koleso<\/strong>Ozuben\u00e9 koleso pripom\u00ednaj\u00face \u0161pir\u00e1lov\u00e9 ozuben\u00e9 koleso, ale s konk\u00e1vnymi zubami navrhnut\u00fdmi tak, aby maximalizovali kontakt so z\u00e1vitovkou.<\/li>\n<\/ul>\n<p class=\"break-words\">T\u00e1to jedine\u010dn\u00e1 kon\u0161trukcia umo\u017e\u0148uje vysok\u00e9 reduk\u010dn\u00e9 pomery v kompaktnom preveden\u00ed, v\u010faka \u010domu s\u00fa z\u00e1vitovkov\u00e9 a kolesov\u00e9 prevody ide\u00e1lnym rie\u0161en\u00edm pre aplik\u00e1cie vy\u017eaduj\u00face v\u00fdrazn\u00e9 zn\u00ed\u017eenie r\u00fdchlosti a zv\u00fd\u0161enie kr\u00fatiaceho momentu.<\/p>\n<table style=\"width: 100%;\" border=\"1\" width=\"100%\" cellspacing=\"0\" cellpadding=\"0\">\n<tbody>\n<tr style=\"height: 14.40pt;\">\n<td style=\"height: 14.4pt; width: 23.927%;\" width=\"83\" height=\"24\">\u00a0\u00a0\u00a0<img loading=\"lazy\" decoding=\"async\" class=\"alignnone size-full wp-image-7234\" src=\"https:\/\/fmp-components.com\/wp-content\/uploads\/2025\/03\/worm-and-wheel-5.webp\" alt=\"z\u00e1vitovkov\u00fd syst\u00e9m\" width=\"768\" height=\"695\" title=\"\" srcset=\"https:\/\/fmp-components.com\/wp-content\/uploads\/2025\/03\/worm-and-wheel-5.webp 768w, https:\/\/fmp-components.com\/wp-content\/uploads\/2025\/03\/worm-and-wheel-5-480x434.webp 480w\" sizes=\"(min-width: 0px) and (max-width: 480px) 480px, (min-width: 481px) 768px, 100vw\" \/><\/td>\n<td style=\"width: 24.4635%;\" align=\"right\" width=\"80\">\u00a0<img loading=\"lazy\" decoding=\"async\" class=\"alignnone size-full wp-image-7238\" src=\"https:\/\/fmp-components.com\/wp-content\/uploads\/2025\/03\/worm-and-wheel-1-1.webp\" alt=\"z\u00e1vitovka a koleso \" width=\"518\" height=\"345\" title=\"\" srcset=\"https:\/\/fmp-components.com\/wp-content\/uploads\/2025\/03\/worm-and-wheel-1-1.webp 518w, https:\/\/fmp-components.com\/wp-content\/uploads\/2025\/03\/worm-and-wheel-1-1-480x320.webp 480w\" sizes=\"(min-width: 0px) and (max-width: 480px) 480px, (min-width: 481px) 518px, 100vw\" \/><\/td>\n<td style=\"width: 27.146%;\" align=\"right\" width=\"154\"><img loading=\"lazy\" decoding=\"async\" class=\"alignnone size-full wp-image-7237\" src=\"https:\/\/fmp-components.com\/wp-content\/uploads\/2025\/03\/worm-and-wheel-2-1.webp\" alt=\"z\u00e1vitovka a koleso \" width=\"518\" height=\"345\" title=\"\" srcset=\"https:\/\/fmp-components.com\/wp-content\/uploads\/2025\/03\/worm-and-wheel-2-1.webp 518w, https:\/\/fmp-components.com\/wp-content\/uploads\/2025\/03\/worm-and-wheel-2-1-480x320.webp 480w\" sizes=\"(min-width: 0px) and (max-width: 480px) 480px, (min-width: 481px) 518px, 100vw\" \/><\/td>\n<td style=\"width: 24.1416%;\" width=\"80\"><img loading=\"lazy\" decoding=\"async\" class=\"alignnone size-full wp-image-7231\" src=\"https:\/\/fmp-components.com\/wp-content\/uploads\/2025\/03\/worm-and-wheel-2.webp\" alt=\"z\u00e1vitovkov\u00fd syst\u00e9m\" width=\"768\" height=\"695\" title=\"\" srcset=\"https:\/\/fmp-components.com\/wp-content\/uploads\/2025\/03\/worm-and-wheel-2.webp 768w, https:\/\/fmp-components.com\/wp-content\/uploads\/2025\/03\/worm-and-wheel-2-480x434.webp 480w\" sizes=\"(min-width: 0px) and (max-width: 480px) 480px, (min-width: 481px) 768px, 100vw\" \/><\/td>\n<\/tr>\n<tr style=\"height: 14.40pt;\">\n<td style=\"height: 14.4pt; width: 23.927%;\" height=\"24\"><img loading=\"lazy\" decoding=\"async\" class=\"alignnone size-full wp-image-7235\" src=\"https:\/\/fmp-components.com\/wp-content\/uploads\/2025\/03\/worm-and-wheel-6.webp\" alt=\"z\u00e1vitovkov\u00fd syst\u00e9m\" width=\"768\" height=\"695\" title=\"\" srcset=\"https:\/\/fmp-components.com\/wp-content\/uploads\/2025\/03\/worm-and-wheel-6.webp 768w, https:\/\/fmp-components.com\/wp-content\/uploads\/2025\/03\/worm-and-wheel-6-480x434.webp 480w\" sizes=\"(min-width: 0px) and (max-width: 480px) 480px, (min-width: 481px) 768px, 100vw\" \/><\/td>\n<td style=\"width: 24.4635%;\" align=\"right\"><img loading=\"lazy\" decoding=\"async\" class=\"alignnone size-full wp-image-7233\" src=\"https:\/\/fmp-components.com\/wp-content\/uploads\/2025\/03\/worm-and-wheel-4.webp\" alt=\"z\u00e1vitovkov\u00fd syst\u00e9m\" width=\"768\" height=\"695\" title=\"\" srcset=\"https:\/\/fmp-components.com\/wp-content\/uploads\/2025\/03\/worm-and-wheel-4.webp 768w, https:\/\/fmp-components.com\/wp-content\/uploads\/2025\/03\/worm-and-wheel-4-480x434.webp 480w\" sizes=\"(min-width: 0px) and (max-width: 480px) 480px, (min-width: 481px) 768px, 100vw\" \/><\/td>\n<td style=\"width: 27.146%;\" align=\"right\"><img loading=\"lazy\" decoding=\"async\" class=\"alignnone size-full wp-image-7236\" src=\"https:\/\/fmp-components.com\/wp-content\/uploads\/2025\/03\/worm-and-wheel-1.webp\" alt=\"z\u00e1vitovkov\u00fd syst\u00e9m\" width=\"768\" height=\"695\" title=\"\" srcset=\"https:\/\/fmp-components.com\/wp-content\/uploads\/2025\/03\/worm-and-wheel-1.webp 768w, https:\/\/fmp-components.com\/wp-content\/uploads\/2025\/03\/worm-and-wheel-1-480x434.webp 480w\" sizes=\"(min-width: 0px) and (max-width: 480px) 480px, (min-width: 481px) 768px, 100vw\" \/><\/td>\n<td style=\"width: 24.1416%;\"><img loading=\"lazy\" decoding=\"async\" class=\"alignnone size-full wp-image-7232\" src=\"https:\/\/fmp-components.com\/wp-content\/uploads\/2025\/03\/worm-and-wheel-3.webp\" alt=\"z\u00e1vitovkov\u00fd syst\u00e9m\" width=\"768\" height=\"695\" title=\"\" srcset=\"https:\/\/fmp-components.com\/wp-content\/uploads\/2025\/03\/worm-and-wheel-3.webp 768w, https:\/\/fmp-components.com\/wp-content\/uploads\/2025\/03\/worm-and-wheel-3-480x434.webp 480w\" sizes=\"(min-width: 0px) and (max-width: 480px) 480px, (min-width: 481px) 768px, 100vw\" \/><\/td>\n<\/tr>\n<\/tbody>\n<\/table>\n<h3>\u0160pecifik\u00e1cia<\/h3>\n<p>Rozmer: \u03a65 mm - \u03a6120 mm<br \/>\nModul: M0.2-M2.2<br \/>\nTyp materi\u00e1lu: hlin\u00edk, bronz, oce\u013e, zliatina, zinok at\u010f. pod\u013ea po\u017eiadaviek z\u00e1kazn\u00edka<\/p>\n<div class=\"table-responsive\">\n<table style=\"width: 100%;\" border=\"1\" width=\"100%\" cellspacing=\"0\" cellpadding=\"0\">\n<tbody>\n<tr class=\"firstRow\">\n<td colspan=\"2\">Presn\u00e9 z\u00e1vitovkov\u00e9 prevody v automobilov\u00fdch zariadeniach<\/td>\n<\/tr>\n<tr>\n<td>Rozmer<\/td>\n<td>\u03a65 mm - \u03a6120 mm<\/td>\n<\/tr>\n<tr>\n<td>Modul<\/td>\n<td>M0,2 \u2013 M2,2<\/td>\n<\/tr>\n<tr>\n<td>Typ materi\u00e1lu<\/td>\n<td>Hlin\u00edk, bronz, oce\u013e, zliatina, zinok at\u010f. pod\u013ea po\u017eiadaviek z\u00e1kazn\u00edka<\/td>\n<\/tr>\n<tr>\n<td>Stupe\u0148 sie\u0165ovania<\/td>\n<td>JGMA1\/2\/3\/4\/5\/6\/7\/8 ISO 8\/7\/6\/5\/4<br \/>\nDIN 6\/5\/4\/3 AGME 12\/13\/14\/15\/16<\/td>\n<\/tr>\n<tr>\n<td>Tepeln\u00e9 spracovanie<\/td>\n<td>I\u00d3NOV\u00dd NITRID<\/td>\n<\/tr>\n<tr>\n<td>Aplik\u00e1cia<\/td>\n<td>Automobilov\u00fd priemysel, medic\u00edna, priemysel, arm\u00e1da, lietadl\u00e1, stroj\u00e1rstvo at\u010f.<\/td>\n<\/tr>\n<tr>\n<td>Prisp\u00f4soben\u00e9<\/td>\n<td>ODM\/OEM<\/td>\n<\/tr>\n<tr>\n<td>Vzorka<\/td>\n<td>Vzorka k dispoz\u00edcii<\/td>\n<\/tr>\n<tr>\n<td>Sp\u00f4soby balenia<\/td>\n<td>V\u00e1kuovo balen\u00e9 s plastovou miskou<\/td>\n<\/tr>\n<tr>\n<td>Sp\u00f4soby doru\u010denia<\/td>\n<td>DHL &amp; TNT &amp; FedEx &amp; UPS<\/td>\n<\/tr>\n<tr>\n<td>Certifik\u00e1t<\/td>\n<td>ISO9001:2008 a TS\/ISO16949:2008<\/td>\n<\/tr>\n<\/tbody>\n<\/table>\n<\/div>\n<\/div>\n<p><img loading=\"lazy\" decoding=\"async\" class=\"alignnone  wp-image-7240\" src=\"https:\/\/fmp-components.com\/wp-content\/uploads\/2025\/03\/worm-and-wheel-product-3.webp\" alt=\"z\u00e1vitovkov\u00fd syst\u00e9m\" width=\"938\" height=\"500\" title=\"\" srcset=\"https:\/\/fmp-components.com\/wp-content\/uploads\/2025\/03\/worm-and-wheel-product-3.webp 938w, https:\/\/fmp-components.com\/wp-content\/uploads\/2025\/03\/worm-and-wheel-product-3-480x256.webp 480w\" sizes=\"(min-width: 0px) and (max-width: 480px) 480px, (min-width: 481px) 938px, 100vw\" \/> <img loading=\"lazy\" decoding=\"async\" class=\"alignnone size-full wp-image-7241\" src=\"https:\/\/fmp-components.com\/wp-content\/uploads\/2025\/03\/worm-and-wheel-product-2.webp\" alt=\"z\u00e1vitovkov\u00fd syst\u00e9m\" width=\"937\" height=\"469\" title=\"\" srcset=\"https:\/\/fmp-components.com\/wp-content\/uploads\/2025\/03\/worm-and-wheel-product-2.webp 937w, https:\/\/fmp-components.com\/wp-content\/uploads\/2025\/03\/worm-and-wheel-product-2-480x240.webp 480w\" sizes=\"(min-width: 0px) and (max-width: 480px) 480px, (min-width: 481px) 937px, 100vw\" \/><\/p>\n<div>\n<h2>K\u013e\u00fa\u010dov\u00e9 vlastnosti a v\u00fdhody<\/h2>\n<p class=\"break-words\">Z\u00e1vitovkov\u00e9 a kolesov\u00e9 prevody pon\u00fakaj\u00fa v\u00fdrazn\u00e9 v\u00fdhody, v\u010faka \u010domu s\u00fa nevyhnutn\u00e9 v r\u00f4znych odvetviach:<\/p>\n<ul class=\"marker:text-secondary\">\n<li class=\"break-words\"><strong>Vysok\u00fd reduk\u010dn\u00fd pomer<\/strong>\u013dahko dosiahnete v\u00fdrazn\u00e9 zn\u00ed\u017eenie r\u00fdchlosti, ide\u00e1lne pre aplik\u00e1cie s vysok\u00fdm kr\u00fatiacim momentom.<\/li>\n<li class=\"break-words\"><strong>Kompaktn\u00fd dizajn<\/strong>Patr\u00ed medzi priestorovo najefekt\u00edvnej\u0161ie prevodov\u00e9 syst\u00e9my, ktor\u00e9 prin\u00e1\u0161aj\u00fa ve\u013ek\u00e9 \u00faspory v minim\u00e1lnom priestore.<\/li>\n<li class=\"break-words\"><strong>Samosvorn\u00e1 schopnos\u0165<\/strong>Ke\u010f s\u00fa optimalizovan\u00e9 uhol n\u00e1behu a koeficient trenia, tieto ozuben\u00e9 koles\u00e1 m\u00f4\u017eu zabr\u00e1ni\u0165 sp\u00e4tn\u00e9mu chodu, \u010d\u00edm sa zvy\u0161uje bezpe\u010dnos\u0165 v ur\u010dit\u00fdch nastaveniach.<\/li>\n<li class=\"break-words\"><strong>Plynul\u00e1 a tich\u00e1 prev\u00e1dzka<\/strong>Klzn\u00fd kontakt medzi z\u00e1vitovkou a kolesom zais\u0165uje tich\u0161\u00ed chod v porovnan\u00ed s in\u00fdmi typmi prevodov.<\/li>\n<\/ul>\n<p class=\"break-words\">V\u010faka t\u00fdmto vlastnostiam s\u00fa z\u00e1vitovkov\u00e9 a kolesov\u00e9 prevody v\u0161estrannou vo\u013ebou pre priemyseln\u00e9 aj presn\u00e9 aplik\u00e1cie.<\/p>\n<div>\n<h2>Aplik\u00e1cie z\u00e1vitovkov\u00fdch a kolesov\u00fdch prevodov<\/h2>\n<p class=\"break-words\">Z\u00e1vitovkov\u00e9 a kolesov\u00e9 prevody sa pou\u017e\u00edvaj\u00fa v \u0161irokej \u0161k\u00e1le scen\u00e1rov vr\u00e1tane:<\/p>\n<ul class=\"marker:text-secondary\">\n<li class=\"break-words\"><strong>Reduk\u010dn\u00e9 zariadenia r\u00fdchlosti<\/strong>Be\u017en\u00e9 v strojoch vy\u017eaduj\u00facich riaden\u00e9 v\u00fdstupn\u00e9 r\u00fdchlosti.<\/li>\n<li class=\"break-words\"><strong>V\u00fd\u0165ahy<\/strong>Zabezpe\u010denie spo\u013eahliv\u00fdch zdv\u00edhac\u00edch mechanizmov.<\/li>\n<li class=\"break-words\"><strong>Obr\u00e1bacie stroje<\/strong>Zabezpe\u010denie presnosti a prenosu v\u00fdkonu.<\/li>\n<li class=\"break-words\"><strong>Re\u0165azov\u00e9 kladkostroje<\/strong>U\u013eah\u010denie zdv\u00edhania \u0165a\u017ek\u00fdch bremien v\u010faka kompaktn\u00e9mu prevodov\u00e9mu syst\u00e9mu.<\/li>\n<li class=\"break-words\"><strong>Ryb\u00e1rske navijaky<\/strong>Pon\u00faka plynul\u00e9 ovl\u00e1danie s vysok\u00fdm prevodov\u00fdm pomerom.<\/li>\n<li class=\"break-words\"><strong>Posil\u0148ova\u010d riadenia pre automobily<\/strong>Zlep\u0161enie ovl\u00e1date\u013enosti vozidla.<\/li>\n<li class=\"break-words\"><strong>Robotika a zdravotn\u00edcke vybavenie<\/strong>Vyu\u017eitie ozuben\u00fdch kolies s mal\u00fdm modulom pre presn\u00e9 \u00falohy.<\/li>\n<\/ul>\n<p class=\"break-words\">V Taliansku sa odvetvia ako automobilov\u00fd priemysel, robotika a v\u00fdroba strojov \u2013 k\u013e\u00fa\u010dov\u00e9 sektory v regi\u00f3noch ako Emilia-Romagna a Lombardia \u2013 spoliehaj\u00fa na tieto prevody pre ich \u00fa\u010dinnos\u0165 a spo\u013eahlivos\u0165.<\/p>\n<div>\n<h2>Spolo\u010dnos\u0165 FMP: V\u00e1\u0161 d\u00f4veryhodn\u00fd v\u00fdrobca z\u00e1vitovkov\u00fdch a kot\u00fa\u010dov\u00fdch hriade\u013eov v Taliansku<\/h2>\n<p class=\"break-words\">V spolo\u010dnosti FMP sme hrd\u00ed na to, \u017ee sme popredn\u00fdm dod\u00e1vate\u013eom z\u00e1vitovkov\u00fdch a kolesov\u00fdch prevodov a v\u010faka \u0161irokej ponuke produktov a mo\u017enostiam prisp\u00f4sobenia uspokojujeme rozmanit\u00e9 potreby. Medzi na\u0161e ponuky patr\u00ed:<\/p>\n<ul class=\"marker:text-secondary\">\n<li class=\"break-words\"><strong>Jedno- a viac\u0161tartov\u00e9 \u010dervy<\/strong>K dispoz\u00edcii s r\u00f4znym po\u010dtom z\u00e1vitov pre prisp\u00f4soben\u00e9 reduk\u010dn\u00e9 pomery.<\/li>\n<li class=\"break-words\"><strong>Z\u00e1vitovkov\u00e9 koles\u00e1<\/strong>Vyr\u00e1ba sa s r\u00f4znym po\u010dtom zubov a modulmi pre \u0161pecifick\u00e9 aplik\u00e1cie.<\/li>\n<li class=\"break-words\"><strong>Vlastn\u00e9 n\u00e1vrhy<\/strong>Navrhnut\u00e9 tak, aby sp\u013a\u0148ali va\u0161e jedine\u010dn\u00e9 po\u017eiadavky bez oh\u013eadu na zlo\u017eitos\u0165.<\/li>\n<\/ul>\n<p><img loading=\"lazy\" decoding=\"async\" class=\"size-full wp-image-7229 aligncenter\" src=\"https:\/\/fmp-components.com\/wp-content\/uploads\/2025\/03\/worm-wheel-factory.webp\" alt=\"tov\u00e1re\u0148 na z\u00e1vitovkov\u00e9 koles\u00e1\" width=\"1740\" height=\"630\" title=\"\" srcset=\"https:\/\/fmp-components.com\/wp-content\/uploads\/2025\/03\/worm-wheel-factory.webp 1740w, https:\/\/fmp-components.com\/wp-content\/uploads\/2025\/03\/worm-wheel-factory-1280x463.webp 1280w, https:\/\/fmp-components.com\/wp-content\/uploads\/2025\/03\/worm-wheel-factory-980x355.webp 980w, https:\/\/fmp-components.com\/wp-content\/uploads\/2025\/03\/worm-wheel-factory-480x174.webp 480w\" sizes=\"(min-width: 0px) and (max-width: 480px) 480px, (min-width: 481px) and (max-width: 980px) 980px, (min-width: 981px) and (max-width: 1280px) 1280px, (min-width: 1281px) 1740px, 100vw\" \/><\/p>\n<h3>Neviete n\u00e1js\u0165 svoj model?<\/h3>\n<p class=\"break-words\">Ak v na\u0161om zozname produktov nen\u00e1jdete presne po\u017eadovan\u00fd z\u00e1vitovkov\u00fd prevod, nebojte sa \u2013 pravdepodobne sme ho e\u0161te nemali mo\u017enos\u0165 nahra\u0165. Jednoducho <strong>nap\u00ed\u0161te n\u00e1m e-mail<\/strong> s va\u0161imi \u0161pecifik\u00e1ciami a na\u0161i odborn\u00ed technici v\u00e1m do 24 hod\u00edn odpovedia s rie\u0161en\u00edm prisp\u00f4soben\u00fdm va\u0161im potreb\u00e1m. \u010ci u\u017e ste v Mil\u00e1ne, Tur\u00edne alebo kdeko\u013evek inde v Taliansku, sme tu, aby sme v\u00e1m pomohli r\u00fdchlym a personalizovan\u00fdm servisom.<\/p>\n<div>\n<h2>Technick\u00e9 aspekty pre z\u00e1vitovkov\u00e9 a kolesov\u00e9 prevody<\/h2>\n<p class=\"break-words\">Navrhovanie \u00fa\u010dinn\u00e9ho syst\u00e9mu z\u00e1vitovky a kolesa si vy\u017eaduje pozornos\u0165 venovan\u00e1 nieko\u013ek\u00fdm kritick\u00fdm parametrom:<\/p>\n<ul class=\"marker:text-secondary\">\n<li class=\"break-words\"><strong>Modul<\/strong>: Definuje ve\u013ekos\u0165 zubov ozuben\u00e9ho kolesa.<\/li>\n<li class=\"break-words\"><strong>Uhol tlaku<\/strong>Ovplyv\u0148uje nosnos\u0165 a \u00fa\u010dinnos\u0165.<\/li>\n<li class=\"break-words\"><strong>Po\u010det zubov na z\u00e1vitovkovom kolese<\/strong>Ur\u010duje reduk\u010dn\u00fd pomer spolu s po\u010dtom z\u00e1vitov z\u00e1vitovky.<\/li>\n<li class=\"break-words\"><strong>Po\u010det vl\u00e1kien na \u010derve<\/strong>Jednoduch\u00e9, dvojit\u00e9 alebo trojit\u00e9 \u0161tarty ovplyv\u0148uj\u00fa r\u00fdchlos\u0165 a kr\u00fatiaci moment.<\/li>\n<li class=\"break-words\"><strong>Priemer rozstupu z\u00e1vitovky<\/strong>Ovplyv\u0148uje geometriu ozuben\u00e9ho kolesa.<\/li>\n<li class=\"break-words\"><strong>Vzdialenos\u0165 stredu<\/strong>Zais\u0165uje spr\u00e1vne zarovnanie medzi hriade\u013emi.<\/li>\n<\/ul>\n<p class=\"break-words\">Napr\u00edklad syst\u00e9m s modulom 3, priemerom rozstupu z\u00e1vitovky 44 mm, stredovou vzdialenos\u0165ou 67 mm a z\u00e1vitovkov\u00fdm kolesom s 30 zubami m\u00f4\u017ee dosiahnu\u0165 reduk\u010dn\u00e9 pomery ako 30:1 (z\u00e1vitovka s jedn\u00fdm z\u00e1vitom) alebo 15:1 (z\u00e1vitovka s dvoma z\u00e1vitmi), nastavite\u013en\u00e9 zmenou po\u010dtu z\u00e1vitov.<\/p>\n<p class=\"break-words\"><img loading=\"lazy\" decoding=\"async\" class=\"wp-image-7242 aligncenter\" src=\"https:\/\/fmp-components.com\/wp-content\/uploads\/2025\/03\/worm-and-wheel-product-5.webp\" alt=\"z\u00e1vitovkov\u00fd a kolesov\u00fd produkt 5\" width=\"839\" height=\"581\" title=\"\" srcset=\"https:\/\/fmp-components.com\/wp-content\/uploads\/2025\/03\/worm-and-wheel-product-5.webp 390w, https:\/\/fmp-components.com\/wp-content\/uploads\/2025\/03\/worm-and-wheel-product-5-300x208.webp 300w, https:\/\/fmp-components.com\/wp-content\/uploads\/2025\/03\/worm-and-wheel-product-5-18x12.webp 18w\" sizes=\"(max-width: 839px) 100vw, 839px\" \/><\/p>\n<\/div>\n<\/div>\n<\/div>\n<\/div>","protected":false},"excerpt":{"rendered":"<p>What Are Worm and Wheel Gears? A worm and wheel gear system is a specialized type of gear transmission that transfers motion between two non-intersecting shafts, typically at a 90-degree angle. The system comprises two key components: Worm: A cylindrical, screw-like component with spiral threads. Worm Wheel: A gear resembling a helical gear, but with [&hellip;]<\/p>","protected":false},"featured_media":7239,"comment_status":"open","ping_status":"closed","template":"","meta":{"_et_pb_use_builder":"","_et_pb_old_content":"","_et_gb_content_width":""},"product_brand":[],"product_cat":[107],"product_tag":[],"class_list":{"0":"post-7228","1":"product","2":"type-product","3":"status-publish","4":"has-post-thumbnail","6":"product_cat-worm-gear","8":"first","9":"instock","10":"shipping-taxable","11":"product-type-simple"},"_links":{"self":[{"href":"https:\/\/fmp-components.com\/sk\/wp-json\/wp\/v2\/product\/7228","targetHints":{"allow":["GET"]}}],"collection":[{"href":"https:\/\/fmp-components.com\/sk\/wp-json\/wp\/v2\/product"}],"about":[{"href":"https:\/\/fmp-components.com\/sk\/wp-json\/wp\/v2\/types\/product"}],"replies":[{"embeddable":true,"href":"https:\/\/fmp-components.com\/sk\/wp-json\/wp\/v2\/comments?post=7228"}],"wp:featuredmedia":[{"embeddable":true,"href":"https:\/\/fmp-components.com\/sk\/wp-json\/wp\/v2\/media\/7239"}],"wp:attachment":[{"href":"https:\/\/fmp-components.com\/sk\/wp-json\/wp\/v2\/media?parent=7228"}],"wp:term":[{"taxonomy":"product_brand","embeddable":true,"href":"https:\/\/fmp-components.com\/sk\/wp-json\/wp\/v2\/product_brand?post=7228"},{"taxonomy":"product_cat","embeddable":true,"href":"https:\/\/fmp-components.com\/sk\/wp-json\/wp\/v2\/product_cat?post=7228"},{"taxonomy":"product_tag","embeddable":true,"href":"https:\/\/fmp-components.com\/sk\/wp-json\/wp\/v2\/product_tag?post=7228"}],"curies":[{"name":"pracovn\u00fd list","href":"https:\/\/api.w.org\/{rel}","templated":true}]}}