{"id":7174,"date":"2025-03-20T02:01:26","date_gmt":"2025-03-20T02:01:26","guid":{"rendered":"https:\/\/fmp-components.com\/?post_type=product&#038;p=7174"},"modified":"2025-03-26T08:51:30","modified_gmt":"2025-03-26T08:51:30","slug":"duplex-worm-gear","status":"publish","type":"product","link":"https:\/\/fmp-components.com\/sk\/product\/duplex-worm-gear\/","title":{"rendered":"Duplexn\u00fd z\u00e1vitovkov\u00fd prevod"},"content":{"rendered":"<p>Duplexn\u00fd z\u00e1vitovkov\u00fd prevod je \u0161pecializovan\u00fd mechanick\u00fd komponent ur\u010den\u00fd pre vysoko presn\u00e9 aplik\u00e1cie, ktor\u00fd pon\u00faka zv\u00fd\u0161en\u00fa odolnos\u0165 a \u00fa\u010dinnos\u0165 v syst\u00e9moch prenosu energie. V spolo\u010dnosti FMP s hrdos\u0165ou vyr\u00e1bame \u0161irok\u00fa \u0161k\u00e1lu duplexn\u00fdch prevodov. <a href=\"https:\/\/fmp-components.com\/sk\/worm-gear-and-worm-shaft-2\/\">\u0160nekov\u00e9 prevody<\/a> v r\u00f4znych typoch a \u0161pecifik\u00e1ci\u00e1ch, aby sme splnili r\u00f4zne potreby odvetvia. Pon\u00fakame tie\u017e rie\u0161enia na mieru prisp\u00f4soben\u00e9 va\u0161im jedine\u010dn\u00fdm po\u017eiadavk\u00e1m. Ak v na\u0161om zozname produktov nen\u00e1jdete konkr\u00e9tny model, ktor\u00fd h\u013ead\u00e1te, znamen\u00e1 to jednoducho, \u017ee sme ho e\u0161te nenahrali \u2013 nev\u00e1hajte n\u00e1m posla\u0165 e-mail s po\u017eadovan\u00fdmi \u0161pecifik\u00e1ciami a na\u0161i sk\u00fasen\u00ed technici v\u00e1m odpovedia do 24 hod\u00edn, aby v\u00e1m pomohli.<\/p>\n<p><img loading=\"lazy\" decoding=\"async\" class=\"size-full wp-image-7180 aligncenter\" src=\"https:\/\/fmp-components.com\/wp-content\/uploads\/2025\/03\/duplex-worm-gear-1.webp\" alt=\"duplexn\u00fd z\u00e1vitovkov\u00fd prevod\" width=\"620\" height=\"420\" title=\"\" srcset=\"https:\/\/fmp-components.com\/wp-content\/uploads\/2025\/03\/duplex-worm-gear-1.webp 620w, https:\/\/fmp-components.com\/wp-content\/uploads\/2025\/03\/duplex-worm-gear-1-480x325.webp 480w\" sizes=\"(min-width: 0px) and (max-width: 480px) 480px, (min-width: 481px) 620px, 100vw\" \/><\/p>\n<h2>\u0160pecifik\u00e1cia duplexn\u00e9ho z\u00e1vitovkov\u00e9ho prevodu<\/h2>\n<p>Dvojit\u00fd z\u00e1vitovkov\u00fd prevod ozna\u010duje z\u00e1vitovkov\u00fd prevod, kde s\u00fa dva boky vyroben\u00e9 s jemne odli\u0161n\u00fdmi modulmi a priemerov\u00fdmi kvocientmi, \u010do m\u00e1 za n\u00e1sledok r\u00f4zne uhly n\u00e1behu na ka\u017edom profile zuba. T\u00e1to kon\u0161trukcia sp\u00f4sobuje, \u017ee hr\u00fabka zuba sa postupne zv\u00e4\u010d\u0161uje pozd\u013a\u017e d\u013a\u017eky z\u00e1vitovkov\u00e9ho prevodu, zatia\u013e \u010do priestor medzi z\u00e1vitmi sa zu\u017euje, \u010do umo\u017e\u0148uje presn\u00fa kontrolu v\u00f4le.<\/p>\n<p>Na z\u00e1vitovkovom kolese ved\u00fa tieto odli\u0161n\u00e9 moduly k jedine\u010dn\u00fdm koeficientom modifik\u00e1cie adit\u00edv a priemerom valivej kru\u017enice na ka\u017edom boku, \u010d\u00edm sa vytv\u00e1raj\u00fa odli\u0161n\u00e9 profily vpredu a vzadu. Hr\u00fabka zubov a medzery v\u0161ak zost\u00e1vaj\u00fa po celom obvode kolesa rovnak\u00e9.<\/p>\n<p>Na nastavenie v\u00f4le sa z\u00e1vitovka axi\u00e1lne pohybuje, \u010d\u00edm sa zarovn\u00e1 \u010das\u0165 s vhodnou hr\u00fabkou zuba pre z\u00e1ber s kolesom a dosiahnutie po\u017eadovanej \u00farovne v\u00f4le (pozri obr. 1). T\u00e1to met\u00f3da umo\u017e\u0148uje jednoduch\u00e9 ladenie v\u00f4le na \u013eubovo\u013en\u00fa preferovan\u00fa hodnotu po\u010das mont\u00e1\u017ee ozuben\u00e9ho kolesa. Dokonca aj opotrebovan\u00e9 ozuben\u00e9 koles\u00e1 je mo\u017en\u00e9 jemne a plynule nastavi\u0165 bez zmeny kontaktu zubov alebo sp\u00f4sobenia probl\u00e9mov so z\u00e1berom.<\/p>\n<p>Okrem op\u00edsan\u00e9ho duplexn\u00e9ho pr\u00edstupu, \u010fal\u0161ie met\u00f3dy regul\u00e1cie v\u00f4le z\u00e1vitovkov\u00e9ho prevodu zah\u0155\u0148aj\u00fa: nastavenie stredovej vzdialenosti ot\u00e1\u010dan\u00edm excentrick\u00e9ho n\u00e1boja, ktor\u00fd podopiera z\u00e1vitovkov\u00fd hriade\u013e a koleso; axi\u00e1lne posunutie ku\u017ee\u013eov\u00e9ho z\u00e1vitovka (obr. 2a); rozdelenie z\u00e1vitovky na dve \u010dasti (obr. 2b), ktor\u00e9 sa daj\u00fa ot\u00e1\u010da\u0165 alebo pos\u00fava\u0165 vo\u010di sebe (Ottov syst\u00e9m); alebo rozdelenie kolesa na dva disky (obr. 2c), ktor\u00e9 sa daj\u00fa nastavi\u0165 bli\u017e\u0161ie k sebe.<\/p>\n<table style=\"width: 100%; height: 28px;\" border=\"1\" width=\"100%\" cellspacing=\"0\" cellpadding=\"0\">\n<tbody>\n<tr style=\"height: 14.40pt;\">\n<td style=\"height: 14px; width: 49.8pt;\" width=\"83\" height=\"24\">\u00a0<img loading=\"lazy\" decoding=\"async\" class=\"alignnone size-full wp-image-7176\" src=\"https:\/\/fmp-components.com\/wp-content\/uploads\/2025\/03\/Duplex-Worms-1.webp\" alt=\"Duplexn\u00e9 \u010dervy\" width=\"450\" height=\"450\" title=\"\" srcset=\"https:\/\/fmp-components.com\/wp-content\/uploads\/2025\/03\/Duplex-Worms-1.webp 450w, https:\/\/fmp-components.com\/wp-content\/uploads\/2025\/03\/Duplex-Worms-1-300x300.webp 300w, https:\/\/fmp-components.com\/wp-content\/uploads\/2025\/03\/Duplex-Worms-1-150x150.webp 150w, https:\/\/fmp-components.com\/wp-content\/uploads\/2025\/03\/Duplex-Worms-1-12x12.webp 12w, https:\/\/fmp-components.com\/wp-content\/uploads\/2025\/03\/Duplex-Worms-1-100x100.webp 100w\" sizes=\"(max-width: 450px) 100vw, 450px\" \/><\/td>\n<td style=\"width: 48pt; height: 14px;\" align=\"right\" width=\"80\"><img loading=\"lazy\" decoding=\"async\" class=\"alignnone size-full wp-image-7175\" src=\"https:\/\/fmp-components.com\/wp-content\/uploads\/2025\/03\/Duplex-Worms-2.webp\" alt=\"Duplexn\u00e9 \u010dervy\" width=\"450\" height=\"450\" title=\"\" srcset=\"https:\/\/fmp-components.com\/wp-content\/uploads\/2025\/03\/Duplex-Worms-2.webp 450w, https:\/\/fmp-components.com\/wp-content\/uploads\/2025\/03\/Duplex-Worms-2-300x300.webp 300w, https:\/\/fmp-components.com\/wp-content\/uploads\/2025\/03\/Duplex-Worms-2-150x150.webp 150w, https:\/\/fmp-components.com\/wp-content\/uploads\/2025\/03\/Duplex-Worms-2-12x12.webp 12w, https:\/\/fmp-components.com\/wp-content\/uploads\/2025\/03\/Duplex-Worms-2-100x100.webp 100w\" sizes=\"(max-width: 450px) 100vw, 450px\" \/><\/td>\n<\/tr>\n<tr style=\"height: 14.40pt;\">\n<td style=\"height: 14px; text-align: center;\" height=\"24\"><strong>obr. 1<\/strong><\/td>\n<td style=\"height: 14px; text-align: center;\" align=\"right\"><strong>obr. 2<\/strong><\/td>\n<\/tr>\n<\/tbody>\n<\/table>\n<div>\n<h3 class=\"break-words\">Upozornenie pri mont\u00e1\u017ei<\/h3>\n<p class=\"break-words\">Dvojit\u00e9 z\u00e1vitovkov\u00e9 prevody maj\u00fa na pravej a \u013eavej strane zubov r\u00f4zne moduly, \u010do si vy\u017eaduje spr\u00e1vne zarovnanie z\u00e1vitovky a z\u00e1vitovkov\u00e9ho kolesa. Pred mont\u00e1\u017eou sa uistite, \u017ee s\u00fa starostlivo skontrolovan\u00e9 nasleduj\u00face dva body.<\/p>\n<ol class=\"marker:text-secondary\">\n<li class=\"break-words\">Potvrdenie orient\u00e1cie zostavy<br \/>\nDvojit\u00e1 z\u00e1vitovka aj z\u00e1vitovkov\u00e9 koleso s\u00fa ozna\u010den\u00e9 \u0161\u00edpkou, ktor\u00e1 ukazuje spr\u00e1vny smer mont\u00e1\u017ee. Po\u010das mont\u00e1\u017ee zarovnajte z\u00e1vitovku a z\u00e1vitovkov\u00e9 koleso tak, aby \u0161\u00edpka na z\u00e1vitovke zodpovedala smeru \u0161\u00edpky na z\u00e1vitovkovom kolese, vidite\u013enej spredu. Ak je zarovnanie nespr\u00e1vne, stredov\u00e1 vzdialenos\u0165 \u201ea\u201c prekro\u010d\u00ed \u0161tandardn\u00fd rozmer, \u010do povedie k probl\u00e9mom s mont\u00e1\u017eou a slab\u00e9mu z\u00e1beru ozuben\u00fdch kolies. (Pozri obr. 3)<\/li>\n<\/ol>\n<p><img loading=\"lazy\" decoding=\"async\" class=\"alignnone size-full wp-image-7179\" src=\"https:\/\/fmp-components.com\/wp-content\/uploads\/2025\/03\/Duplex-Worms-3.webp\" alt=\"Duplexn\u00e9 \u010dervy\" width=\"900\" height=\"500\" title=\"\" srcset=\"https:\/\/fmp-components.com\/wp-content\/uploads\/2025\/03\/Duplex-Worms-3.webp 900w, https:\/\/fmp-components.com\/wp-content\/uploads\/2025\/03\/Duplex-Worms-3-480x267.webp 480w\" sizes=\"(min-width: 0px) and (max-width: 480px) 480px, (min-width: 481px) 900px, 100vw\" \/><\/p>\n<p style=\"text-align: center;\"><strong>obr. 3<\/strong><\/p>\n<p>Obr. 3 \u0160\u00edpka ozna\u010duje spr\u00e1vnu orient\u00e1ciu dvoch ozuben\u00fdch kolies po zmontovan\u00ed. Ako je zn\u00e1zornen\u00e9, obe \u0161\u00edpky musia smerova\u0165 rovnak\u00fdm smerom.<\/p>\n<p class=\"adj\"><span class=\"bold\">2. Overenie referen\u010dnej polohy<\/span><br \/>\nDr\u00e1\u017eka v tvare V (60 \u309c, h\u013abka 0,3 mm) na hrotovom obvode dvojit\u00e9ho z\u00e1vitovkov\u00e9ho zuba ozna\u010duje referen\u010dn\u00fd zub. Ozuben\u00e9 koleso je ur\u010den\u00e9 tak, aby malo v\u00f4\u013eu takmer nulov\u00fa (\u00b1 0,045), ke\u010f je referen\u010dn\u00fd zub umiestnen\u00fd v jednej rovine so stredom ot\u00e1\u010dania z\u00e1vitovkov\u00e9ho kolesa s osovou vzdialenos\u0165ou nastavenou na hodnotu \u201ea\u201c. (Obr. 4)<\/p>\n<p><img loading=\"lazy\" decoding=\"async\" class=\"alignnone size-full wp-image-7178\" src=\"https:\/\/fmp-components.com\/wp-content\/uploads\/2025\/03\/Duplex-Worms-4.webp\" alt=\"Duplexn\u00e9 \u010dervy\" width=\"900\" height=\"400\" title=\"\" srcset=\"https:\/\/fmp-components.com\/wp-content\/uploads\/2025\/03\/Duplex-Worms-4.webp 900w, https:\/\/fmp-components.com\/wp-content\/uploads\/2025\/03\/Duplex-Worms-4-480x213.webp 480w\" sizes=\"(min-width: 0px) and (max-width: 480px) 480px, (min-width: 481px) 900px, 100vw\" \/><\/p>\n<p style=\"text-align: center;\"><strong>obr. 4<\/strong><\/p>\n<h3>Pr\u00edklad aplik\u00e1cie<\/h3>\n<p><img loading=\"lazy\" decoding=\"async\" class=\"alignnone size-full wp-image-7187\" src=\"https:\/\/fmp-components.com\/wp-content\/uploads\/2025\/03\/Duplex-Worm-gear-application.webp\" alt=\"Pou\u017eitie duplexn\u00e9ho z\u00e1vitovkov\u00e9ho prevodu\" width=\"1240\" height=\"391\" title=\"\" srcset=\"https:\/\/fmp-components.com\/wp-content\/uploads\/2025\/03\/Duplex-Worm-gear-application.webp 1240w, https:\/\/fmp-components.com\/wp-content\/uploads\/2025\/03\/Duplex-Worm-gear-application-980x309.webp 980w, https:\/\/fmp-components.com\/wp-content\/uploads\/2025\/03\/Duplex-Worm-gear-application-480x151.webp 480w\" sizes=\"(min-width: 0px) and (max-width: 480px) 480px, (min-width: 481px) and (max-width: 980px) 980px, (min-width: 981px) 1240px, 100vw\" \/><\/p>\n<p>Vy\u0161\u0161ie uveden\u00e9 obr\u00e1zky s\u00fa len pr\u00edklady n\u00e1vrhu a nepredstavuj\u00fa n\u00e1vrhy skuto\u010dn\u00fdch strojov alebo zariaden\u00ed.<\/p>\n<h3>S\u00favisiaci produkt<\/h3>\n<p>Toto je len \u010das\u0165 produktov, pre viac produktov n\u00e1s pros\u00edm kontaktujte.<\/p>\n<p><img loading=\"lazy\" decoding=\"async\" class=\"size-full wp-image-7190 aligncenter\" src=\"https:\/\/fmp-components.com\/wp-content\/uploads\/2025\/03\/duplex-worm-gear-product-2.webp\" alt=\"duplexn\u00fd z\u00e1vitovkov\u00fd prevod\" width=\"1000\" height=\"700\" title=\"\" srcset=\"https:\/\/fmp-components.com\/wp-content\/uploads\/2025\/03\/duplex-worm-gear-product-2.webp 1000w, https:\/\/fmp-components.com\/wp-content\/uploads\/2025\/03\/duplex-worm-gear-product-2-980x686.webp 980w, https:\/\/fmp-components.com\/wp-content\/uploads\/2025\/03\/duplex-worm-gear-product-2-480x336.webp 480w\" sizes=\"(min-width: 0px) and (max-width: 480px) 480px, (min-width: 481px) and (max-width: 980px) 980px, (min-width: 981px) 1000px, 100vw\" \/><\/p>\n<\/div>","protected":false},"excerpt":{"rendered":"<p>A Duplex Worm Gear is a specialized mechanical component designed for high-precision applications, offering enhanced durability and efficiency in power transmission systems. At FMP Company, we proudly manufacture a wide range of Duplex Worm Gears in various types and specifications to meet diverse industry needs. We also offer customized solutions tailored to your unique requirements. [&hellip;]<\/p>","protected":false},"featured_media":7188,"comment_status":"open","ping_status":"closed","template":"","meta":{"_et_pb_use_builder":"","_et_pb_old_content":"","_et_gb_content_width":""},"product_brand":[],"product_cat":[107],"product_tag":[],"class_list":{"0":"post-7174","1":"product","2":"type-product","3":"status-publish","4":"has-post-thumbnail","6":"product_cat-worm-gear","8":"first","9":"instock","10":"shipping-taxable","11":"product-type-simple"},"_links":{"self":[{"href":"https:\/\/fmp-components.com\/sk\/wp-json\/wp\/v2\/product\/7174","targetHints":{"allow":["GET"]}}],"collection":[{"href":"https:\/\/fmp-components.com\/sk\/wp-json\/wp\/v2\/product"}],"about":[{"href":"https:\/\/fmp-components.com\/sk\/wp-json\/wp\/v2\/types\/product"}],"replies":[{"embeddable":true,"href":"https:\/\/fmp-components.com\/sk\/wp-json\/wp\/v2\/comments?post=7174"}],"wp:featuredmedia":[{"embeddable":true,"href":"https:\/\/fmp-components.com\/sk\/wp-json\/wp\/v2\/media\/7188"}],"wp:attachment":[{"href":"https:\/\/fmp-components.com\/sk\/wp-json\/wp\/v2\/media?parent=7174"}],"wp:term":[{"taxonomy":"product_brand","embeddable":true,"href":"https:\/\/fmp-components.com\/sk\/wp-json\/wp\/v2\/product_brand?post=7174"},{"taxonomy":"product_cat","embeddable":true,"href":"https:\/\/fmp-components.com\/sk\/wp-json\/wp\/v2\/product_cat?post=7174"},{"taxonomy":"product_tag","embeddable":true,"href":"https:\/\/fmp-components.com\/sk\/wp-json\/wp\/v2\/product_tag?post=7174"}],"curies":[{"name":"pracovn\u00fd list","href":"https:\/\/api.w.org\/{rel}","templated":true}]}}