{"id":7168,"date":"2025-03-20T01:19:21","date_gmt":"2025-03-20T01:19:21","guid":{"rendered":"https:\/\/fmp-components.com\/?post_type=product&#038;p=7168"},"modified":"2025-03-26T08:52:09","modified_gmt":"2025-03-26T08:52:09","slug":"stainless-steel-worm-gear-for-cnc-machinery","status":"publish","type":"product","link":"https:\/\/fmp-components.com\/sk\/product\/stainless-steel-worm-gear-for-cnc-machinery\/","title":{"rendered":"Nerezov\u00fd z\u00e1vitovkov\u00fd prevod pre CNC stroje"},"content":{"rendered":"<p>V spolo\u010dnosti FMP sa \u0161pecializujeme na v\u00fdrobu \u0161irokej \u0161k\u00e1ly v\u00fdrobkov z nehrdzavej\u00facej ocele <a href=\"https:\/\/fmp-components.com\/sk\/worm-gear-and-worm-shaft-2\/\">\u0160nekov\u00e9 prevody<\/a> navrhnut\u00e9 tak, aby sp\u013a\u0148ali r\u00f4zne priemyseln\u00e9 potreby. Okrem n\u00e1\u0161ho rozsiahleho katal\u00f3gu pon\u00fakame aj rie\u0161enia na mieru prisp\u00f4soben\u00e9 va\u0161im \u0161pecifick\u00fdm po\u017eiadavk\u00e1m. Ak v na\u0161om zozname produktov nen\u00e1jdete presn\u00fd model, ktor\u00fd h\u013ead\u00e1te, pravdepodobne sme ho e\u0161te nemali mo\u017enos\u0165 aktualizova\u0165. Nev\u00e1hajte n\u00e1m posla\u0165 e-mail s podrobnos\u0165ami o modeli, ktor\u00fd potrebujete, a na\u0161i technici v\u00e1m odpovedia do 24 hod\u00edn, aby v\u00e1m pomohli.<\/p>\n<p><img loading=\"lazy\" decoding=\"async\" class=\"size-full wp-image-7172 aligncenter\" src=\"https:\/\/fmp-components.com\/wp-content\/uploads\/2025\/03\/Stainless-Steel-Worm-Gear-for-CNC-Machinery-4.webp\" alt=\"Z\u00e1vitovkov\u00fd prevod z nehrdzavej\u00facej ocele pre CNC stroje\" width=\"500\" height=\"600\" title=\"\" srcset=\"https:\/\/fmp-components.com\/wp-content\/uploads\/2025\/03\/Stainless-Steel-Worm-Gear-for-CNC-Machinery-4.webp 500w, https:\/\/fmp-components.com\/wp-content\/uploads\/2025\/03\/Stainless-Steel-Worm-Gear-for-CNC-Machinery-4-480x576.webp 480w\" sizes=\"(min-width: 0px) and (max-width: 480px) 480px, (min-width: 481px) 500px, 100vw\" \/><\/p>\n<h2>Parametre produktu<\/h2>\n<div class=\"rich-text-table\">\n<table border=\"1\">\n<colgroup>\n<col \/>\n<col \/><\/colgroup>\n<tbody>\n<tr>\n<td>N\u00e1zov produktu<\/td>\n<td>Z\u00e1vitovkov\u00fd prevod a z\u00e1vitovkov\u00e9 koleso<\/td>\n<\/tr>\n<tr>\n<td>Dostupn\u00e9 materi\u00e1ly<\/td>\n<td>Nerezov\u00e1 oce\u013e, uhl\u00edkov\u00e1 oce\u013e, mosadz, bronz, \u017eelezo, hlin\u00edkov\u00e1 zliatina, me\u010f, plast, nylon, PA66, MC, PEER, MSM, POM, derlin at\u010f.<\/td>\n<\/tr>\n<tr>\n<td>Tepeln\u00e9 spracovanie<\/td>\n<td>Kalenie a pop\u00fa\u0161\u0165anie, cement\u00e1cia a kalenie, vysokofrekven\u010dn\u00e9 kalenie, nitrokarboniz\u00e1cia\u2026\u2026<\/td>\n<\/tr>\n<tr>\n<td>Povrchov\u00e1 \u00faprava<\/td>\n<td>Kalenie a cementovanie, pop\u00fa\u0161\u0165anie, vysok\u00e9 kalenie povrchu zubov, kalenie, pop\u00fa\u0161\u0165anie<\/td>\n<\/tr>\n<tr>\n<td>VRT<\/td>\n<td>Hotov\u00fd otvor, pilotn\u00fd otvor, \u0161peci\u00e1lna po\u017eiadavka<\/td>\n<\/tr>\n<tr>\n<td>Met\u00f3da spracovania<\/td>\n<td>Lisovanie, holenie, odva\u013eovanie, v\u0155tanie, rezanie z\u00e1vitov, vystru\u017eovanie, ru\u010dn\u00e9 zr\u00e1\u017eanie hran, br\u00fasenie at\u010f.<\/td>\n<\/tr>\n<tr>\n<td>Uhol tlaku<\/td>\n<td>20 stup\u0148ov<\/td>\n<\/tr>\n<tr>\n<td>Tvrdos\u0165<\/td>\n<td>55 \u2013 60 HRC<\/td>\n<\/tr>\n<tr>\n<td>Ve\u013ekos\u0165<\/td>\n<td>V\u00fdkresy z\u00e1kazn\u00edka a norma ISO<\/td>\n<\/tr>\n<tr>\n<td>Bal\u00edk<\/td>\n<td>Dreven\u00e1 debna\/kontajner a paleta alebo na objedn\u00e1vku<\/td>\n<\/tr>\n<tr>\n<td>Certifik\u00e1t<\/td>\n<td>ISO9001:2008<\/td>\n<\/tr>\n<tr>\n<td>Aplik\u00e1cie<\/td>\n<td>Elektrick\u00e9 stroje, hutn\u00edcke stroje, stroje na ochranu \u017eivotn\u00e9ho prostredia, elektronick\u00e9 a elektrick\u00e9 spotrebi\u010de, stroje na v\u00fdstavbu ciest, chemick\u00e9 stroje, potravin\u00e1rske stroje, \u013eahk\u00e9 priemyseln\u00e9 stroje, bansk\u00e9 stroje, dopravn\u00e9 stroje, stavebn\u00e9 stroje, stroje na stavebn\u00e9 materi\u00e1ly, cement\u00e1rske stroje, gum\u00e1rske stroje, stroje na ochranu vodn\u00fdch zdrojov a ropn\u00e9 stroje<\/td>\n<\/tr>\n<tr>\n<td>Proces obr\u00e1bania<\/td>\n<td>Pr\u00edprava materi\u00e1lu, normaliz\u00e1cia, hrub\u00e9 s\u00fastru\u017eenie, kalenie a pop\u00fa\u0161\u0165anie, polojemn\u00e9 s\u00fastru\u017eenie vonkaj\u0161ieho kruhu, hrub\u00e9 s\u00fastru\u017eenie \u0161pir\u00e1lov\u00e9ho povrchu, jemn\u00e9 s\u00fastru\u017eenie (jemn\u00e9 br\u00fasenie) \u010delnej plochy vn\u00fatorn\u00e9ho otvoru, dr\u00e1\u017eka pre k\u013e\u00fa\u010d, polojemn\u00e9 s\u00fastru\u017eenie \u0161pir\u00e1lov\u00e9ho povrchu, klie\u0161te (zvy\u0161n\u00e9 ne\u00fapln\u00e9 zuby), polojemn\u00e9 br\u00fasenie vonkaj\u0161ieho kruhu, polojemn\u00e9 br\u00fasenie \u0161pir\u00e1lov\u00e9ho povrchu, br\u00fasenie stredov\u00e9ho otvoru, jemn\u00e9 br\u00fasenie vonkaj\u0161ieho kr\u00fa\u017eku, jemn\u00e9 \u0161krabanie \u0161pir\u00e1lov\u00e9ho povrchu, kontrola hotov\u00e9ho v\u00fdrobku.<\/td>\n<\/tr>\n<tr>\n<td>V\u00fdhody<\/td>\n<td>1. Vyr\u00e1bajte pr\u00edsne pod\u013ea \u0161tandardn\u00fdch rozmerov ANSI alebo DIN<br \/>\n2. Materi\u00e1l: oce\u013e SCM 415<br \/>\n3. V\u0155tanie: Hotov\u00e9 v\u0155tanie<br \/>\n4. Stupe\u0148 presnosti: DIN 5 a\u017e DIN 7<br \/>\n5. Povrchov\u00e1 \u00faprava: Cement\u00e1cia a kalenie<br \/>\n6. Modul: Od 1 do 4<br \/>\n7. Zub: Od Z15 do Z70<\/td>\n<\/tr>\n<\/tbody>\n<\/table>\n<\/div>\n<h2>\u0160pecifik\u00e1cia:<\/h2>\n<div class=\"rich-text-table\">\n<table border=\"1\">\n<tbody>\n<tr>\n<td colspan=\"2\">\u010c\u00edslo<\/td>\n<td rowspan=\"2\">Po\u010det zubov<\/td>\n<td colspan=\"2\">Priemer otvoru hriade\u013ea AH7 (pr\u00edrastok 1 mm)<\/td>\n<td rowspan=\"2\">Smer kr\u00fatenia<\/td>\n<td rowspan=\"2\">B.<\/td>\n<td rowspan=\"2\">C<\/td>\n<td rowspan=\"2\">D<\/td>\n<td rowspan=\"2\">V<\/td>\n<td rowspan=\"2\">F<\/td>\n<td rowspan=\"2\">G<\/td>\n<\/tr>\n<tr>\n<td>Typ<\/td>\n<td>Modul<\/td>\n<td>Rovn\u00fd otvor Rovn\u00fd otvor + z\u00e1vitn\u00edk<\/td>\n<td>Dr\u00e1\u017eka + z\u00e1vitn\u00edk<\/td>\n<\/tr>\n<tr>\n<td rowspan=\"22\">Rovn\u00fd otvor<\/p>\n<p>Priamy otvor + z\u00e1vitn\u00edk<\/p>\n<p>Dr\u00e1\u017eka + z\u00e1vitn\u00edk<\/td>\n<td rowspan=\"5\">1.0<\/td>\n<td>20<\/td>\n<td>6<\/td>\n<td>8<\/td>\n<td rowspan=\"22\">L (v\u013eavo)<\/p>\n<p>R (vpravo)<\/td>\n<td>17<\/td>\n<td>20<\/td>\n<td>22<\/td>\n<td colspan=\"1\" rowspan=\"5\">8<\/td>\n<td rowspan=\"5\">10<\/td>\n<td rowspan=\"5\">18<\/td>\n<\/tr>\n<tr>\n<td>22~ 28<\/td>\n<td>8<\/td>\n<td>8~13<\/td>\n<td>18~20<\/td>\n<td>22~28<\/td>\n<td>24~30<\/td>\n<\/tr>\n<tr>\n<td>30~48<\/td>\n<td>10<\/td>\n<td>10~17<\/td>\n<td>25~30<\/td>\n<td>30~48<\/td>\n<td>32~50<\/td>\n<\/tr>\n<tr>\n<td>50~70<\/td>\n<td>12<\/td>\n<td>12~17<\/td>\n<td>35~40<\/td>\n<td>50~70<\/td>\n<td colspan=\"1\">52~72<\/td>\n<\/tr>\n<tr>\n<td>80~100<\/td>\n<td>15<\/td>\n<td>15~30<\/td>\n<td>50<\/td>\n<td>80~100<\/td>\n<td colspan=\"1\">82~102<\/td>\n<\/tr>\n<tr>\n<td rowspan=\"4\">1.5<\/td>\n<td>20~26<\/td>\n<td>12<\/td>\n<td>12~17<\/td>\n<td>24~32<\/td>\n<td>30~39<\/td>\n<td colspan=\"1\">33~42<\/td>\n<td colspan=\"1\" rowspan=\"4\">12<\/td>\n<td rowspan=\"4\">12<\/td>\n<td rowspan=\"4\">24<\/td>\n<\/tr>\n<tr>\n<td>28~44<\/td>\n<td>15<\/td>\n<td>15~30<\/td>\n<td>36~50<\/td>\n<td>42~67.5<\/td>\n<td colspan=\"1\">45~70.5<\/td>\n<\/tr>\n<tr>\n<td>45~52<\/td>\n<td>18<\/td>\n<td>18~40<\/td>\n<td>50~60<\/td>\n<td>72~78<\/td>\n<td colspan=\"1\">75~81<\/td>\n<\/tr>\n<tr>\n<td>60~100<\/td>\n<td>20<\/td>\n<td>20-50<\/td>\n<td>60~70<\/td>\n<td>90~150<\/td>\n<td colspan=\"1\">93\u00b7153<\/td>\n<\/tr>\n<tr>\n<td rowspan=\"5\">2.0<\/td>\n<td>15~18<\/td>\n<td>12<\/td>\n<td>12~17<\/td>\n<td>24~30<\/td>\n<td>30~36<\/td>\n<td>34~40<\/td>\n<td colspan=\"1\" rowspan=\"5\">16<\/td>\n<td rowspan=\"5\">13<\/td>\n<td rowspan=\"5\">29<\/td>\n<\/tr>\n<tr>\n<td>20~28<\/td>\n<td>15<\/td>\n<td>15\u00b722<\/td>\n<td>32~45<\/td>\n<td>40~56<\/td>\n<td>44~60<\/td>\n<\/tr>\n<tr>\n<td>30~36<\/td>\n<td>18<\/td>\n<td>18~40<\/td>\n<td>50<\/td>\n<td>60~72<\/td>\n<td>64~76<\/td>\n<\/tr>\n<tr>\n<td>40~48<\/td>\n<td>20<\/td>\n<td>20~44<\/td>\n<td>60<\/td>\n<td>80~96<\/td>\n<td>84~100<\/td>\n<\/tr>\n<tr>\n<td>50~100<\/td>\n<td>25<\/td>\n<td>25~60<\/td>\n<td>60~100<\/td>\n<td>100~200<\/td>\n<td>104~204<\/td>\n<\/tr>\n<tr>\n<td rowspan=\"4\">2.5<\/td>\n<td>15~18<\/td>\n<td>15<\/td>\n<td>15~30<\/td>\n<td>30~38<\/td>\n<td>37.5~45<\/td>\n<td>42.5~50<\/td>\n<td colspan=\"1\" rowspan=\"4\">20<\/td>\n<td rowspan=\"4\">14<\/td>\n<td rowspan=\"4\">34<\/td>\n<\/tr>\n<tr>\n<td>20~24<\/td>\n<td>18<\/td>\n<td>18~40<\/td>\n<td>40~48<\/td>\n<td>50~60<\/td>\n<td>55~65<\/td>\n<\/tr>\n<tr>\n<td>25~36<\/td>\n<td>20<\/td>\n<td>20~50<\/td>\n<td>50~70<\/td>\n<td>62.5~90<\/td>\n<td>67.5~95<\/td>\n<\/tr>\n<tr>\n<td>40~60<\/td>\n<td>25<\/td>\n<td>25~70<\/td>\n<td>70~80<\/td>\n<td>90~150<\/td>\n<td>95~155<\/td>\n<\/tr>\n<tr>\n<td rowspan=\"4\">3.0<\/td>\n<td>15~18<\/td>\n<td>18<\/td>\n<td>18~22<\/td>\n<td>36~40<\/td>\n<td>45~54<\/td>\n<td>51~60<\/td>\n<td colspan=\"1\" rowspan=\"4\">25<\/td>\n<td rowspan=\"4\">16<\/td>\n<td rowspan=\"4\">4<\/td>\n<\/tr>\n<\/tbody>\n<\/table>\n<h3>S\u00favisiaci produkt<\/h3>\n<p><img loading=\"lazy\" decoding=\"async\" class=\"alignnone size-full wp-image-7170\" src=\"https:\/\/fmp-components.com\/wp-content\/uploads\/2025\/03\/Stainless-Steel-Worm-Gear-for-CNC-Machinery-3.webp\" alt=\"Z\u00e1vitovkov\u00fd prevod z nehrdzavej\u00facej ocele pre CNC stroje\" width=\"1000\" height=\"400\" title=\"\" srcset=\"https:\/\/fmp-components.com\/wp-content\/uploads\/2025\/03\/Stainless-Steel-Worm-Gear-for-CNC-Machinery-3.webp 1000w, https:\/\/fmp-components.com\/wp-content\/uploads\/2025\/03\/Stainless-Steel-Worm-Gear-for-CNC-Machinery-3-980x392.webp 980w, https:\/\/fmp-components.com\/wp-content\/uploads\/2025\/03\/Stainless-Steel-Worm-Gear-for-CNC-Machinery-3-480x192.webp 480w\" sizes=\"(min-width: 0px) and (max-width: 480px) 480px, (min-width: 481px) and (max-width: 980px) 980px, (min-width: 981px) 1000px, 100vw\" \/><\/p>\n<p>Chceli by sme zd\u00f4razni\u0165, \u017ee spolo\u010dnos\u0165 FMP hrdo vyr\u00e1ba aj nerezov\u00e9 z\u00e1vitovkov\u00e9 prevodovky, ktor\u00e9 s\u00fa \u0161peci\u00e1lne navrhnut\u00e9 tak, aby sp\u013a\u0148ali pr\u00edsne po\u017eiadavky potravin\u00e1rskeho priemyslu. Tieto prevodovky s\u00fa vyroben\u00e9 s presnos\u0165ou, \u010do zaru\u010duje odolnos\u0165, odolnos\u0165 vo\u010di kor\u00f3zii a s\u00falad s hygienick\u00fdmi normami, v\u010faka \u010domu s\u00fa ide\u00e1lnou vo\u013ebou pre aplik\u00e1cie spracovania potrav\u00edn. Ak m\u00e1te ak\u00e9ko\u013evek po\u017eiadavky alebo ot\u00e1zky t\u00fdkaj\u00face sa na\u0161ich nerezov\u00fdch z\u00e1vitovkov\u00fdch prevodoviek, nev\u00e1hajte n\u00e1s kontaktova\u0165. N\u00e1\u0161 \u0161pecializovan\u00fd t\u00edm je pripraven\u00fd v\u00e1m promptne pom\u00f4c\u0165 a poskytn\u00fa\u0165 rie\u0161enia na mieru pre zlep\u0161enie va\u0161ej prev\u00e1dzky. Kontaktujte n\u00e1s e\u0161te dnes a preberte s nami svoje potreby!<\/p>\n<p><img loading=\"lazy\" decoding=\"async\" class=\"alignnone size-full wp-image-7173\" src=\"https:\/\/fmp-components.com\/wp-content\/uploads\/2025\/03\/Stainless-Steel-Worm-Gearbox.webp\" alt=\"\u0160nekov\u00e1 prevodovka z nehrdzavej\u00facej ocele\" width=\"1000\" height=\"668\" title=\"\" srcset=\"https:\/\/fmp-components.com\/wp-content\/uploads\/2025\/03\/Stainless-Steel-Worm-Gearbox.webp 1000w, https:\/\/fmp-components.com\/wp-content\/uploads\/2025\/03\/Stainless-Steel-Worm-Gearbox-980x655.webp 980w, https:\/\/fmp-components.com\/wp-content\/uploads\/2025\/03\/Stainless-Steel-Worm-Gearbox-480x321.webp 480w\" sizes=\"(min-width: 0px) and (max-width: 480px) 480px, (min-width: 481px) and (max-width: 980px) 980px, (min-width: 981px) 1000px, 100vw\" \/><\/p>\n<\/div>","protected":false},"excerpt":{"rendered":"<p>At FMP Company, we specialize in manufacturing a wide range of Stainless Steel Worm Gears designed to meet diverse industrial needs. In addition to our extensive catalog, we also offer custom solutions tailored to your specific requirements. If you don\u2019t find the exact model you\u2019re looking for in our product list, it\u2019s likely we haven\u2019t [&hellip;]<\/p>","protected":false},"featured_media":7169,"comment_status":"open","ping_status":"closed","template":"","meta":{"_et_pb_use_builder":"","_et_pb_old_content":"","_et_gb_content_width":""},"product_brand":[],"product_cat":[107],"product_tag":[],"class_list":{"0":"post-7168","1":"product","2":"type-product","3":"status-publish","4":"has-post-thumbnail","6":"product_cat-worm-gear","8":"first","9":"instock","10":"shipping-taxable","11":"product-type-simple"},"_links":{"self":[{"href":"https:\/\/fmp-components.com\/sk\/wp-json\/wp\/v2\/product\/7168","targetHints":{"allow":["GET"]}}],"collection":[{"href":"https:\/\/fmp-components.com\/sk\/wp-json\/wp\/v2\/product"}],"about":[{"href":"https:\/\/fmp-components.com\/sk\/wp-json\/wp\/v2\/types\/product"}],"replies":[{"embeddable":true,"href":"https:\/\/fmp-components.com\/sk\/wp-json\/wp\/v2\/comments?post=7168"}],"wp:featuredmedia":[{"embeddable":true,"href":"https:\/\/fmp-components.com\/sk\/wp-json\/wp\/v2\/media\/7169"}],"wp:attachment":[{"href":"https:\/\/fmp-components.com\/sk\/wp-json\/wp\/v2\/media?parent=7168"}],"wp:term":[{"taxonomy":"product_brand","embeddable":true,"href":"https:\/\/fmp-components.com\/sk\/wp-json\/wp\/v2\/product_brand?post=7168"},{"taxonomy":"product_cat","embeddable":true,"href":"https:\/\/fmp-components.com\/sk\/wp-json\/wp\/v2\/product_cat?post=7168"},{"taxonomy":"product_tag","embeddable":true,"href":"https:\/\/fmp-components.com\/sk\/wp-json\/wp\/v2\/product_tag?post=7168"}],"curies":[{"name":"pracovn\u00fd list","href":"https:\/\/api.w.org\/{rel}","templated":true}]}}