{"id":7097,"date":"2025-03-18T03:11:18","date_gmt":"2025-03-18T03:11:18","guid":{"rendered":"https:\/\/fmp-components.com\/?post_type=product&#038;p=7097"},"modified":"2025-03-27T01:24:20","modified_gmt":"2025-03-27T01:24:20","slug":"bevel-gears-european-standard","status":"publish","type":"product","link":"https:\/\/fmp-components.com\/sk\/product\/bevel-gears-european-standard\/","title":{"rendered":"Ku\u017ee\u013eov\u00e9 ozuben\u00e9 koles\u00e1 (eur\u00f3pska norma)"},"content":{"rendered":"<p>Ku\u017ee\u013eov\u00e9 ozuben\u00e9 koles\u00e1 (eur\u00f3pska norma) s\u00fa presne vyroben\u00e9 ozuben\u00e9 koles\u00e1 ur\u010den\u00e9 na prenos v\u00fdkonu medzi pret\u00ednaj\u00facimi sa hriade\u013emi, zvy\u010dajne pod uhlom 90\u00b0, pri\u010dom dodr\u017eiavaj\u00fa pr\u00edsne eur\u00f3pske normy kvality a rozmerov pre optim\u00e1lny v\u00fdkon v stroj\u00e1rstve a priemyseln\u00fdch aplik\u00e1ci\u00e1ch. V spolo\u010dnosti FMP s hrdos\u0165ou vyr\u00e1bame \u0161irok\u00fa \u0161k\u00e1lu... <a href=\"https:\/\/fmp-components.com\/sk\/bevel-gear-2\/\">Ku\u017ee\u013eov\u00e9 ozuben\u00e9 koles\u00e1<\/a>, vr\u00e1tane rovn\u00fdch, \u0161pir\u00e1lov\u00fdch a hypoidn\u00fdch typov, a pon\u00fakame plne prisp\u00f4soben\u00e9 rie\u0161enia prisp\u00f4soben\u00e9 va\u0161im \u0161pecifick\u00fdm potreb\u00e1m. Ak v na\u0161om zozname produktov nevid\u00edte po\u017eadovan\u00fd model, znamen\u00e1 to jednoducho, \u017ee sme ho e\u0161te nenahrali \u2013 nev\u00e1hajte n\u00e1m posla\u0165 e-mail s va\u0161ou po\u017eiadavkou a na\u0161i sk\u00fasen\u00ed technici v\u00e1m odpovedia do 24 hod\u00edn, aby v\u00e1m pomohli.<\/p>\n<h2>Ku\u017ee\u013eov\u00e9 ozuben\u00e9 koles\u00e1 typu A: 1:1, 1:2, 1:3, 1:4\u00a0<img loading=\"lazy\" decoding=\"async\" class=\"alignnone size-full wp-image-7100\" src=\"https:\/\/fmp-components.com\/wp-content\/uploads\/2025\/03\/bevel-gear-2-1.webp\" alt=\"ku\u017ee\u013eov\u00e9 ozuben\u00e9 koleso\" width=\"739\" height=\"930\" title=\"\" srcset=\"https:\/\/fmp-components.com\/wp-content\/uploads\/2025\/03\/bevel-gear-2-1.webp 739w, https:\/\/fmp-components.com\/wp-content\/uploads\/2025\/03\/bevel-gear-2-1-480x604.webp 480w\" sizes=\"(min-width: 0px) and (max-width: 480px) 480px, (min-width: 481px) 739px, 100vw\" \/> <img loading=\"lazy\" decoding=\"async\" class=\"alignnone size-full wp-image-7101\" src=\"https:\/\/fmp-components.com\/wp-content\/uploads\/2025\/03\/bevel-gear-1_1.webp\" alt=\"ku\u017ee\u013eov\u00e9 ozuben\u00e9 koleso\" width=\"717\" height=\"943\" title=\"\" srcset=\"https:\/\/fmp-components.com\/wp-content\/uploads\/2025\/03\/bevel-gear-1_1.webp 717w, https:\/\/fmp-components.com\/wp-content\/uploads\/2025\/03\/bevel-gear-1_1-480x631.webp 480w\" sizes=\"(min-width: 0px) and (max-width: 480px) 480px, (min-width: 481px) 717px, 100vw\" \/><\/h2>\n<h2>Ku\u017ee\u013eov\u00e9 ozuben\u00e9 koles\u00e1 typu B: 1:1, 1:2, 1:3, 1:4<\/h2>\n<p><img loading=\"lazy\" decoding=\"async\" class=\"alignnone size-full wp-image-7099\" src=\"https:\/\/fmp-components.com\/wp-content\/uploads\/2025\/03\/bevel-gear-3-1_1.webp\" alt=\"ku\u017ee\u013eov\u00e9 ozuben\u00e9 koleso\" width=\"722\" height=\"931\" title=\"\" srcset=\"https:\/\/fmp-components.com\/wp-content\/uploads\/2025\/03\/bevel-gear-3-1_1.webp 722w, https:\/\/fmp-components.com\/wp-content\/uploads\/2025\/03\/bevel-gear-3-1_1-480x619.webp 480w\" sizes=\"(min-width: 0px) and (max-width: 480px) 480px, (min-width: 481px) 722px, 100vw\" \/><\/p>\n<p><img loading=\"lazy\" decoding=\"async\" class=\"alignnone size-full wp-image-7098\" src=\"https:\/\/fmp-components.com\/wp-content\/uploads\/2025\/03\/bevel-gear-4-1.webp\" alt=\"ku\u017ee\u013eov\u00e9 ozuben\u00e9 koleso\" width=\"711\" height=\"942\" title=\"\" srcset=\"https:\/\/fmp-components.com\/wp-content\/uploads\/2025\/03\/bevel-gear-4-1.webp 711w, https:\/\/fmp-components.com\/wp-content\/uploads\/2025\/03\/bevel-gear-4-1-480x636.webp 480w\" sizes=\"(min-width: 0px) and (max-width: 480px) 480px, (min-width: 481px) 711px, 100vw\" \/><\/p>\n<p>&nbsp;<\/p>","protected":false},"excerpt":{"rendered":"<p>Bevel Gears (European Standard) are precision-engineered gears designed to transmit power between intersecting shafts, typically at a 90\u00b0 angle, adhering to strict European quality and dimensional standards for optimal performance in machinery and industrial applications. At FMP Company, we proudly manufacture a wide range of Bevel Gears, including straight, spiral, and hypoid types, and offer [&hellip;]<\/p>","protected":false},"featured_media":7102,"comment_status":"open","ping_status":"closed","template":"","meta":{"_et_pb_use_builder":"on","_et_pb_old_content":"Bevel Gears (European Standard) are precision-engineered gears designed to transmit power between intersecting shafts, typically at a 90\u00b0 angle, adhering to strict European quality and dimensional standards for optimal performance in machinery and industrial applications. At FMP Company, we proudly manufacture a wide range of <a href=\"https:\/\/fmp-components.com\/en\/bevel-gear-2\">Bevel Gears<\/a>, including straight, spiral, and hypoid types, and offer fully customized solutions tailored to your specific needs. If you don\u2019t see the model you require in our product list, it simply means we haven\u2019t uploaded it yet\u2014please feel free to email us with your inquiry, and our skilled engineers will respond within 24 hours to assist you.\r\n<h2>Bevel Gears Type A: 1:1, 1:2, 1:3, 1:4\u00a0<img class=\"alignnone size-full wp-image-7100\" src=\"https:\/\/fmp-components.com\/wp-content\/uploads\/2025\/03\/bevel-gear-2-1.webp\" alt=\"bevel-gear\" width=\"739\" height=\"930\" \/> <img class=\"alignnone size-full wp-image-7101\" src=\"https:\/\/fmp-components.com\/wp-content\/uploads\/2025\/03\/bevel-gear-1_1.webp\" alt=\"bevel-gear\" width=\"717\" height=\"943\" \/><\/h2>\r\n<h2>Bevel Gears Type B: 1:1, 1:2, 1:3, 1:4<\/h2>\r\n<img class=\"alignnone size-full wp-image-7099\" src=\"https:\/\/fmp-components.com\/wp-content\/uploads\/2025\/03\/bevel-gear-3-1_1.webp\" alt=\"bevel-gear\" width=\"722\" height=\"931\" \/>\r\n\r\n<img class=\"alignnone size-full wp-image-7098\" src=\"https:\/\/fmp-components.com\/wp-content\/uploads\/2025\/03\/bevel-gear-4-1.webp\" alt=\"bevel-gear\" width=\"711\" height=\"942\" \/>\r\n\r\n&nbsp;","_et_gb_content_width":""},"product_brand":[],"product_cat":[106],"product_tag":[],"class_list":{"0":"post-7097","1":"product","2":"type-product","3":"status-publish","4":"has-post-thumbnail","6":"product_cat-bevel-gears","8":"first","9":"instock","10":"shipping-taxable","11":"product-type-simple"},"_links":{"self":[{"href":"https:\/\/fmp-components.com\/sk\/wp-json\/wp\/v2\/product\/7097","targetHints":{"allow":["GET"]}}],"collection":[{"href":"https:\/\/fmp-components.com\/sk\/wp-json\/wp\/v2\/product"}],"about":[{"href":"https:\/\/fmp-components.com\/sk\/wp-json\/wp\/v2\/types\/product"}],"replies":[{"embeddable":true,"href":"https:\/\/fmp-components.com\/sk\/wp-json\/wp\/v2\/comments?post=7097"}],"wp:featuredmedia":[{"embeddable":true,"href":"https:\/\/fmp-components.com\/sk\/wp-json\/wp\/v2\/media\/7102"}],"wp:attachment":[{"href":"https:\/\/fmp-components.com\/sk\/wp-json\/wp\/v2\/media?parent=7097"}],"wp:term":[{"taxonomy":"product_brand","embeddable":true,"href":"https:\/\/fmp-components.com\/sk\/wp-json\/wp\/v2\/product_brand?post=7097"},{"taxonomy":"product_cat","embeddable":true,"href":"https:\/\/fmp-components.com\/sk\/wp-json\/wp\/v2\/product_cat?post=7097"},{"taxonomy":"product_tag","embeddable":true,"href":"https:\/\/fmp-components.com\/sk\/wp-json\/wp\/v2\/product_tag?post=7097"}],"curies":[{"name":"pracovn\u00fd list","href":"https:\/\/api.w.org\/{rel}","templated":true}]}}