{"id":7035,"date":"2025-03-14T08:21:41","date_gmt":"2025-03-14T08:21:41","guid":{"rendered":"https:\/\/fmp-components.com\/?post_type=product&#038;p=7035"},"modified":"2025-03-27T01:24:36","modified_gmt":"2025-03-27T01:24:36","slug":"miter-gears","status":"publish","type":"product","link":"https:\/\/fmp-components.com\/sk\/product\/miter-gears\/","title":{"rendered":"Pokosov\u00e9 ozuben\u00e9 koles\u00e1"},"content":{"rendered":"<p>Pokosov\u00e9 ozuben\u00e9 koles\u00e1 s\u00fa typom <a href=\"https:\/\/fmp-components.com\/sk\/bevel-gear-2\/\">ku\u017ee\u013eov\u00e9 ozuben\u00e9 koleso<\/a> ur\u010den\u00e9 na prenos v\u00fdkonu medzi pret\u00ednaj\u00facimi sa hriade\u013emi, zvy\u010dajne v uhle 90 stup\u0148ov, s prevodov\u00fdm pomerom 1:1, \u010do zabezpe\u010duje efekt\u00edvny a presn\u00fd prenos pohybu v r\u00f4znych mechanick\u00fdch aplik\u00e1ci\u00e1ch. V spolo\u010dnosti FMP vyr\u00e1bame \u0161irok\u00fa \u0161k\u00e1lu pokosov\u00fdch ozuben\u00fdch kolies a pon\u00fakame prisp\u00f4sobenie pod\u013ea va\u0161ich \u0161pecifick\u00fdch po\u017eiadaviek. Ak model, ktor\u00fd potrebujete, nie je uveden\u00fd v na\u0161om katal\u00f3gu produktov, mo\u017eno e\u0161te nebol aktualizovan\u00fd \u2013 po\u0161lite n\u00e1m e-mail s po\u017eadovan\u00fdmi \u0161pecifik\u00e1ciami a na\u0161i technici v\u00e1m odpovedia do 24 hod\u00edn.<\/p>\n<div>\n<h3>\u0160pecifik\u00e1cie produktu s pokosov\u00fdmi prevodmi<\/h3>\n<p class=\"break-words\">Presk\u00famajte n\u00e1\u0161 sortiment vysokokvalitn\u00fdch pokosov\u00fdch ozuben\u00fdch kolies, navrhnut\u00fdch pre efekt\u00edvny prenos v\u00fdkonu pri uhle hriade\u013ea 90\u00b0 s prevodov\u00fdm pomerom 1:1. Tieto pokosov\u00e9 ozuben\u00e9 koles\u00e1, ktor\u00e9 s\u00fa k dispoz\u00edcii v r\u00f4znych materi\u00e1loch, typoch zubov a ve\u013ekostiach modulov, s\u00fa ide\u00e1lne pre priemyseln\u00e9 aplik\u00e1cie, stroje a z\u00e1kazkov\u00e9 in\u017einierske projekty.<\/p>\n<div class=\"overflow-x-auto my-2\">\n<table style=\"width: 100%;\" border=\"1\" width=\"100%\" cellspacing=\"0\" cellpadding=\"0\">\n<thead class=\"border-b border-primary\/20\">\n<tr class=\"border-primary\/10\">\n<th class=\"break-words\" style=\"width: 17.3016%;\"><strong>Model produktu<\/strong><\/th>\n<th class=\"break-words\" style=\"width: 7.46029%;\"><strong>Materi\u00e1l<\/strong><\/th>\n<th class=\"break-words\" style=\"width: 7.93651%;\"><strong>Modul<\/strong><\/th>\n<th class=\"break-words\" style=\"width: 12.2222%;\"><strong>Po\u010det zubov<\/strong><\/th>\n<th class=\"break-words\" style=\"width: 13.0158%;\"><strong>Priemer otvoru (mm)<\/strong><\/th>\n<th class=\"break-words\" style=\"width: 10.9524%;\"><strong>Typ zuba<\/strong><\/th>\n<th class=\"break-words\" style=\"width: 12.381%;\"><strong>Uhol tlaku<\/strong><\/th>\n<th class=\"break-words\" style=\"width: 8.88889%;\"><strong>Uhol hriade\u013ea<\/strong><\/th>\n<th class=\"break-words\" style=\"width: 9.52381%;\"><strong>Hmotnos\u0165 (kg)<\/strong><\/th>\n<\/tr>\n<\/thead>\n<tbody>\n<tr class=\"border-primary\/10\">\n<td class=\"break-words\" style=\"width: 17.3016%;\">MG-ST-101<\/td>\n<td class=\"break-words\" style=\"width: 7.46029%;\">Oce\u013e<\/td>\n<td class=\"break-words\" style=\"width: 7.93651%;\">1.0<\/td>\n<td class=\"break-words\" style=\"width: 12.2222%;\">20<\/td>\n<td class=\"break-words\" style=\"width: 13.0158%;\">8<\/td>\n<td class=\"break-words\" style=\"width: 10.9524%;\">Rovn\u00fd<\/td>\n<td class=\"break-words\" style=\"width: 12.381%;\">20\u00b0<\/td>\n<td class=\"break-words\" style=\"width: 8.88889%;\">90\u00b0<\/td>\n<td class=\"break-words\" style=\"width: 9.52381%;\">0.15<\/td>\n<\/tr>\n<tr class=\"border-primary\/10\">\n<td class=\"break-words\" style=\"width: 17.3016%;\">MG-SP-152<\/td>\n<td class=\"break-words\" style=\"width: 7.46029%;\">Nerezov\u00e1 oce\u013e<\/td>\n<td class=\"break-words\" style=\"width: 7.93651%;\">1.5<\/td>\n<td class=\"break-words\" style=\"width: 12.2222%;\">25<\/td>\n<td class=\"break-words\" style=\"width: 13.0158%;\">10<\/td>\n<td class=\"break-words\" style=\"width: 10.9524%;\">\u0160pir\u00e1la<\/td>\n<td class=\"break-words\" style=\"width: 12.381%;\">20\u00b0<\/td>\n<td class=\"break-words\" style=\"width: 8.88889%;\">90\u00b0<\/td>\n<td class=\"break-words\" style=\"width: 9.52381%;\">0.25<\/td>\n<\/tr>\n<tr class=\"border-primary\/10\">\n<td class=\"break-words\" style=\"width: 17.3016%;\">MG-PL-203<\/td>\n<td class=\"break-words\" style=\"width: 7.46029%;\">Plast (nylon)<\/td>\n<td class=\"break-words\" style=\"width: 7.93651%;\">2.0<\/td>\n<td class=\"break-words\" style=\"width: 12.2222%;\">30<\/td>\n<td class=\"break-words\" style=\"width: 13.0158%;\">12<\/td>\n<td class=\"break-words\" style=\"width: 10.9524%;\">Rovn\u00fd<\/td>\n<td class=\"break-words\" style=\"width: 12.381%;\">20\u00b0<\/td>\n<td class=\"break-words\" style=\"width: 8.88889%;\">90\u00b0<\/td>\n<td class=\"break-words\" style=\"width: 9.52381%;\">0.10<\/td>\n<\/tr>\n<tr class=\"border-primary\/10\">\n<td class=\"break-words\" style=\"width: 17.3016%;\">MG-ST-254<\/td>\n<td class=\"break-words\" style=\"width: 7.46029%;\">Oce\u013e<\/td>\n<td class=\"break-words\" style=\"width: 7.93651%;\">2.5<\/td>\n<td class=\"break-words\" style=\"width: 12.2222%;\">20<\/td>\n<td class=\"break-words\" style=\"width: 13.0158%;\">15<\/td>\n<td class=\"break-words\" style=\"width: 10.9524%;\">Rovn\u00fd<\/td>\n<td class=\"break-words\" style=\"width: 12.381%;\">20\u00b0<\/td>\n<td class=\"break-words\" style=\"width: 8.88889%;\">90\u00b0<\/td>\n<td class=\"break-words\" style=\"width: 9.52381%;\">0.35<\/td>\n<\/tr>\n<tr class=\"border-primary\/10\">\n<td class=\"break-words\" style=\"width: 17.3016%;\">MG-SP-305<\/td>\n<td class=\"break-words\" style=\"width: 7.46029%;\">Nerezov\u00e1 oce\u013e<\/td>\n<td class=\"break-words\" style=\"width: 7.93651%;\">3.0<\/td>\n<td class=\"break-words\" style=\"width: 12.2222%;\">25<\/td>\n<td class=\"break-words\" style=\"width: 13.0158%;\">20<\/td>\n<td class=\"break-words\" style=\"width: 10.9524%;\">\u0160pir\u00e1la<\/td>\n<td class=\"break-words\" style=\"width: 12.381%;\">20\u00b0<\/td>\n<td class=\"break-words\" style=\"width: 8.88889%;\">90\u00b0<\/td>\n<td class=\"break-words\" style=\"width: 9.52381%;\">0.50<\/td>\n<\/tr>\n<tr class=\"border-primary\/10\">\n<td class=\"break-words\" style=\"width: 17.3016%;\">MG-AN-451<\/td>\n<td class=\"break-words\" style=\"width: 7.46029%;\">Hlin\u00edk<\/td>\n<td class=\"break-words\" style=\"width: 7.93651%;\">4.0<\/td>\n<td class=\"break-words\" style=\"width: 12.2222%;\">30<\/td>\n<td class=\"break-words\" style=\"width: 13.0158%;\">25<\/td>\n<td class=\"break-words\" style=\"width: 10.9524%;\">Rovn\u00fd<\/td>\n<td class=\"break-words\" style=\"width: 12.381%;\">20\u00b0<\/td>\n<td class=\"break-words\" style=\"width: 8.88889%;\">45\u00b0<\/td>\n<td class=\"break-words\" style=\"width: 9.52381%;\">0.40<\/td>\n<\/tr>\n<tr class=\"border-primary\/10\">\n<td class=\"break-words\" style=\"width: 17.3016%;\">MG-CH-502<\/td>\n<td class=\"break-words\" style=\"width: 7.46029%;\">Cementovan\u00e1 oce\u013e<\/td>\n<td class=\"break-words\" style=\"width: 7.93651%;\">5.0<\/td>\n<td class=\"break-words\" style=\"width: 12.2222%;\">20<\/td>\n<td class=\"break-words\" style=\"width: 13.0158%;\">30<\/td>\n<td class=\"break-words\" style=\"width: 10.9524%;\">\u0160pir\u00e1la<\/td>\n<td class=\"break-words\" style=\"width: 12.381%;\">20\u00b0<\/td>\n<td class=\"break-words\" style=\"width: 8.88889%;\">90\u00b0<\/td>\n<td class=\"break-words\" style=\"width: 9.52381%;\">0.75<\/td>\n<\/tr>\n<\/tbody>\n<\/table>\n<h2>S\u00favisiaci produkt<\/h2>\n<p><img loading=\"lazy\" decoding=\"async\" class=\"alignnone size-full wp-image-7104\" src=\"https:\/\/fmp-components.com\/wp-content\/uploads\/2025\/03\/miter-gear-product.webp\" alt=\"produkt-pokosov\u00e9ho-prevodu\" width=\"1000\" height=\"800\" title=\"\" srcset=\"https:\/\/fmp-components.com\/wp-content\/uploads\/2025\/03\/miter-gear-product.webp 1000w, https:\/\/fmp-components.com\/wp-content\/uploads\/2025\/03\/miter-gear-product-980x784.webp 980w, https:\/\/fmp-components.com\/wp-content\/uploads\/2025\/03\/miter-gear-product-480x384.webp 480w\" sizes=\"(min-width: 0px) and (max-width: 480px) 480px, (min-width: 481px) and (max-width: 980px) 980px, (min-width: 981px) 1000px, 100vw\" \/><\/p>\n<\/div>\n<\/div>\n<h2>Vlastnosti pokosov\u00fdch prevodov<\/h2>\n<div>\n<ul>\n<li class=\"break-words\"><strong>Pravouhl\u00fd prevod<\/strong>Pokosov\u00e9 ozuben\u00e9 koles\u00e1 s\u00fa \u0161peci\u00e1lne navrhnut\u00e9 na prenos sily a pohybu medzi dvoma hriade\u013emi pret\u00ednaj\u00facimi sa v uhle 90 stup\u0148ov, v\u010faka \u010domu s\u00fa ide\u00e1lne pre kompaktn\u00e9 rozmiestnenie.<\/li>\n<li class=\"break-words\"><strong>Prevodov\u00fd pomer 1:1<\/strong>Tieto ozuben\u00e9 koles\u00e1 udr\u017eiavaj\u00fa rovnak\u00fd pomer ot\u00e1\u010dok medzi hnac\u00edm a hnan\u00fdm hriade\u013eom, \u010d\u00edm zabezpe\u010duj\u00fa konzistentn\u00fa r\u00fdchlos\u0165 ot\u00e1\u010dania bez zr\u00fdchlenia alebo zn\u00ed\u017eenia.<\/li>\n<li class=\"break-words\"><strong>Dizajn s rovn\u00fdmi zubami<\/strong>Pokosov\u00e9 ozuben\u00e9 koles\u00e1, ktor\u00e9 sa zvy\u010dajne vyzna\u010duj\u00fa rovn\u00fdmi zubami, poskytuj\u00fa jednoduch\u00fd, ale efekt\u00edvny z\u00e1ber pre plynul\u00fd a spo\u013eahliv\u00fd chod v r\u00f4znych aplik\u00e1ci\u00e1ch.<\/li>\n<li class=\"break-words\"><strong>V\u0161estrann\u00e9 aplik\u00e1cie<\/strong>V\u010faka svojej kon\u0161trukcii sa pokosov\u00e9 ozuben\u00e9 koles\u00e1 \u0161iroko pou\u017e\u00edvaj\u00fa v strojoch, ako je robotika, automobilov\u00e9 syst\u00e9my a priemyseln\u00e9 zariadenia, ktor\u00e9 vy\u017eaduj\u00fa presn\u00e9 zmeny smeru.<\/li>\n<li class=\"break-words\"><strong>Vysok\u00e1 pevnos\u0165 a odolnos\u0165<\/strong>Pokosov\u00e9 ozuben\u00e9 koles\u00e1 s\u00fa vyroben\u00e9 z robustn\u00fdch materi\u00e1lov a s\u00fa navrhnut\u00e9 tak, aby odolali zna\u010dn\u00e9mu mechanick\u00e9mu nam\u00e1haniu a pon\u00fakali dlhotrvaj\u00faci v\u00fdkon a spo\u013eahlivos\u0165.<\/li>\n<\/ul>\n<h2>O FMP<\/h2>\n<p>FMP je popredn\u00fd taliansky v\u00fdrobca ozuben\u00fdch kolies a ozuben\u00fdch ty\u010d\u00ed, zn\u00e1my svojou odbornos\u0165ou vo v\u00fdrobe \u0161tandardn\u00fdch komponentov aj z\u00e1kazkov\u00fdch rie\u0161en\u00ed. Okrem n\u00e1\u0161ho sortimentu \u0161tandardn\u00fdch dielov sa FMP \u0161pecializuje na v\u00fdrobu \u0161tandardn\u00fdch a \u0161pecializovan\u00fdch ozuben\u00fdch kolies na z\u00e1klade v\u00fdkresov alebo vzoriek poskytnut\u00fdch na\u0161imi klientmi. Na\u0161e ozuben\u00e9 koles\u00e1 s\u00fa dostupn\u00e9 v r\u00f4znych materi\u00e1loch vr\u00e1tane uhl\u00edkovej ocele, nehrdzavej\u00facej ocele, hlin\u00edka, medi, mosadze a plastov\u00fdch \u0161pir\u00e1lov\u00fdch alebo \u010deln\u00fdch konfigur\u00e1ci\u00ed. Ak m\u00e1te ak\u00e9ko\u013evek po\u017eiadavky na z\u00e1kazkov\u00e9 ozuben\u00e9 koles\u00e1, nev\u00e1hajte n\u00e1s kontaktova\u0165 e-mailom. \u0160pecializovan\u00fd t\u00edm profesion\u00e1lnych in\u017einierov FMP odpovie na va\u0161u po\u017eiadavku do 24 hod\u00edn.<\/p>\n<p><img loading=\"lazy\" decoding=\"async\" class=\"alignnone size-full wp-image-7010\" src=\"https:\/\/fmp-components.com\/wp-content\/uploads\/2025\/03\/bevel-gear-3.webp\" alt=\"ku\u017ee\u013eov\u00e9 ozuben\u00e9 koleso\" width=\"1076\" height=\"721\" title=\"\" srcset=\"https:\/\/fmp-components.com\/wp-content\/uploads\/2025\/03\/bevel-gear-3.webp 1076w, https:\/\/fmp-components.com\/wp-content\/uploads\/2025\/03\/bevel-gear-3-980x657.webp 980w, https:\/\/fmp-components.com\/wp-content\/uploads\/2025\/03\/bevel-gear-3-480x322.webp 480w\" sizes=\"(min-width: 0px) and (max-width: 480px) 480px, (min-width: 481px) and (max-width: 980px) 980px, (min-width: 981px) 1076px, 100vw\" \/><\/p>\n<\/div>","protected":false},"excerpt":{"rendered":"<p>Miter Gears are a type of bevel gear designed to transmit power between intersecting shafts, typically at a 90-degree angle, with a 1:1 gear ratio, providing efficient and precise motion transfer in various mechanical applications. At FMP Company, we produce a diverse range of Miter Gears and offer customization to meet your specific requirements. If [&hellip;]<\/p>","protected":false},"featured_media":4722,"comment_status":"open","ping_status":"closed","template":"","meta":{"_et_pb_use_builder":"","_et_pb_old_content":"","_et_gb_content_width":""},"product_brand":[],"product_cat":[106],"product_tag":[],"class_list":{"0":"post-7035","1":"product","2":"type-product","3":"status-publish","4":"has-post-thumbnail","6":"product_cat-bevel-gears","8":"first","9":"instock","10":"shipping-taxable","11":"product-type-simple"},"_links":{"self":[{"href":"https:\/\/fmp-components.com\/sk\/wp-json\/wp\/v2\/product\/7035","targetHints":{"allow":["GET"]}}],"collection":[{"href":"https:\/\/fmp-components.com\/sk\/wp-json\/wp\/v2\/product"}],"about":[{"href":"https:\/\/fmp-components.com\/sk\/wp-json\/wp\/v2\/types\/product"}],"replies":[{"embeddable":true,"href":"https:\/\/fmp-components.com\/sk\/wp-json\/wp\/v2\/comments?post=7035"}],"wp:featuredmedia":[{"embeddable":true,"href":"https:\/\/fmp-components.com\/sk\/wp-json\/wp\/v2\/media\/4722"}],"wp:attachment":[{"href":"https:\/\/fmp-components.com\/sk\/wp-json\/wp\/v2\/media?parent=7035"}],"wp:term":[{"taxonomy":"product_brand","embeddable":true,"href":"https:\/\/fmp-components.com\/sk\/wp-json\/wp\/v2\/product_brand?post=7035"},{"taxonomy":"product_cat","embeddable":true,"href":"https:\/\/fmp-components.com\/sk\/wp-json\/wp\/v2\/product_cat?post=7035"},{"taxonomy":"product_tag","embeddable":true,"href":"https:\/\/fmp-components.com\/sk\/wp-json\/wp\/v2\/product_tag?post=7035"}],"curies":[{"name":"pracovn\u00fd list","href":"https:\/\/api.w.org\/{rel}","templated":true}]}}