{"id":7032,"date":"2025-03-14T08:14:15","date_gmt":"2025-03-14T08:14:15","guid":{"rendered":"https:\/\/fmp-components.com\/?post_type=product&#038;p=7032"},"modified":"2025-03-27T01:24:51","modified_gmt":"2025-03-27T01:24:51","slug":"spiral-miter-gears","status":"publish","type":"product","link":"https:\/\/fmp-components.com\/sk\/product\/spiral-miter-gears\/","title":{"rendered":"\u0160pir\u00e1lov\u00e9 pokosov\u00e9 ozuben\u00e9 koles\u00e1"},"content":{"rendered":"<p>\u0160pir\u00e1lov\u00e9 pokosov\u00e9 ozuben\u00e9 koles\u00e1 s\u00fa typom <a href=\"https:\/\/fmp-components.com\/sk\/bevel-gear-2\/\">ku\u017ee\u013eov\u00e9 ozuben\u00e9 koleso<\/a> so \u0161pir\u00e1lov\u00fdmi zubami navrhnut\u00fdmi na prenos sily medzi pret\u00ednaj\u00facimi sa hriade\u013emi v pravom uhle, \u010do pon\u00faka plynulej\u0161\u00ed chod a vy\u0161\u0161iu nosnos\u0165 v porovnan\u00ed s priamymi pokosov\u00fdmi ozuben\u00fdmi kolesami. V spolo\u010dnosti FMP vyr\u00e1bame \u0161irok\u00fa \u0161k\u00e1lu \u0161pir\u00e1lov\u00fdch pokosov\u00fdch ozuben\u00fdch kolies a pon\u00fakame aj prisp\u00f4sobenie pod\u013ea va\u0161ich \u0161pecifick\u00fdch potrieb. Ak v na\u0161om zozname produktov nen\u00e1jdete model, ktor\u00fd h\u013ead\u00e1te, mo\u017eno e\u0161te nebol nahran\u00fd \u2013 nev\u00e1hajte n\u00e1m posla\u0165 e-mail s va\u0161imi po\u017eiadavkami a na\u0161i technici v\u00e1m odpovedia do 24 hod\u00edn.<\/p>\n<div data-scroll-horizontal=\"wrap-body\">\n<h2>\u0160pecifik\u00e1cie \u0161pir\u00e1lov\u00e9ho pokosov\u00e9ho ozuben\u00e9ho kolesa<\/h2>\n<table style=\"width: 100%;\" border=\"1\" width=\"100%\" cellspacing=\"0\" cellpadding=\"0\">\n<tbody>\n<tr style=\"height: 43.20pt;\">\n<td class=\"et2\" style=\"height: 43.2pt; width: 13.9447%;\" width=\"83\" height=\"72\">Model<\/td>\n<td class=\"et2\" style=\"width: 1.25628%;\" width=\"80\">Modul<\/td>\n<td class=\"et2\" style=\"width: 6.03015%;\" width=\"154\">Zuby<\/td>\n<td class=\"et2\" style=\"width: 10.6784%;\" width=\"80\">\u0160pir\u00e1lny smer<\/td>\n<td class=\"et2\" style=\"width: 8.54269%;\" width=\"153\">Priemer rozstupu (mm)<\/td>\n<td class=\"et2\" style=\"width: 8.54272%;\" width=\"80\">Priemer otvoru (mm)<\/td>\n<td class=\"et2\" style=\"width: 10.3015%;\" width=\"144\">\u0160\u00edrka tv\u00e1re (mm)<\/td>\n<td class=\"et2\" style=\"width: 13.3166%;\" width=\"192\">Materi\u00e1l<\/td>\n<td class=\"et2\" style=\"width: 8.0402%;\" width=\"101\">Uhol tlaku<\/td>\n<td class=\"et2\" style=\"width: 6.40699%;\" width=\"181\">Uhol \u0161pir\u00e1ly<\/td>\n<td class=\"et2\" style=\"width: 14.5729%;\" width=\"80\">Aplik\u00e1cia<\/td>\n<\/tr>\n<tr style=\"height: 14.40pt;\">\n<td style=\"height: 14.4pt; width: 13.9447%;\" height=\"24\">SMG-20-2-RH<\/td>\n<td style=\"width: 1.25628%;\" align=\"right\">2<\/td>\n<td style=\"width: 6.03015%;\" align=\"right\">20<\/td>\n<td style=\"width: 10.6784%;\">Prav\u00e1 ruka<\/td>\n<td style=\"width: 8.54269%;\" align=\"right\">40<\/td>\n<td style=\"width: 8.54272%;\" align=\"right\">12<\/td>\n<td style=\"width: 10.3015%;\" align=\"right\">9<\/td>\n<td style=\"width: 13.3166%;\">Kalen\u00e1 oce\u013e<\/td>\n<td style=\"width: 8.0402%;\">20\u00b0<\/td>\n<td style=\"width: 6.40699%;\">35\u00b0<\/td>\n<td style=\"width: 14.5729%;\">V\u0161eobecn\u00e9 priemyseln\u00e9 stroje<\/td>\n<\/tr>\n<tr style=\"height: 14.40pt;\">\n<td style=\"height: 14.4pt; width: 13.9447%;\" height=\"24\">SMG-25-3-LH<\/td>\n<td style=\"width: 1.25628%;\" align=\"right\">3<\/td>\n<td style=\"width: 6.03015%;\" align=\"right\">25<\/td>\n<td style=\"width: 10.6784%;\">\u013dav\u00e1 ruka<\/td>\n<td style=\"width: 8.54269%;\" align=\"right\">75<\/td>\n<td style=\"width: 8.54272%;\" align=\"right\">20<\/td>\n<td style=\"width: 10.3015%;\" align=\"right\">15<\/td>\n<td style=\"width: 13.3166%;\">Cementovan\u00e1 oce\u013e<\/td>\n<td style=\"width: 8.0402%;\">20\u00b0<\/td>\n<td style=\"width: 6.40699%;\">35\u00b0<\/td>\n<td style=\"width: 14.5729%;\">Prevodovka s vysok\u00fdm kr\u00fatiacim momentom<\/td>\n<\/tr>\n<tr style=\"height: 14.40pt;\">\n<td style=\"height: 14.4pt; width: 13.9447%;\" height=\"24\">SMG-15-1,5-RH<\/td>\n<td style=\"width: 1.25628%;\" align=\"right\">1.5<\/td>\n<td style=\"width: 6.03015%;\" align=\"right\">15<\/td>\n<td style=\"width: 10.6784%;\">Prav\u00e1 ruka<\/td>\n<td style=\"width: 8.54269%;\" align=\"right\">22.5<\/td>\n<td style=\"width: 8.54272%;\" align=\"right\">8<\/td>\n<td style=\"width: 10.3015%;\" align=\"right\">7<\/td>\n<td style=\"width: 13.3166%;\">Nerezov\u00e1 oce\u013e (SUS303)<\/td>\n<td style=\"width: 8.0402%;\">20\u00b0<\/td>\n<td style=\"width: 6.40699%;\">35\u00b0<\/td>\n<td style=\"width: 14.5729%;\">Zariadenia na spracovanie potrav\u00edn<\/td>\n<\/tr>\n<tr style=\"height: 14.40pt;\">\n<td style=\"height: 14.4pt; width: 13.9447%;\" height=\"24\">SMG-30-4-LH<\/td>\n<td style=\"width: 1.25628%;\" align=\"right\">4<\/td>\n<td style=\"width: 6.03015%;\" align=\"right\">30<\/td>\n<td style=\"width: 10.6784%;\">\u013dav\u00e1 ruka<\/td>\n<td style=\"width: 8.54269%;\" align=\"right\">120<\/td>\n<td style=\"width: 8.54272%;\" align=\"right\">25<\/td>\n<td style=\"width: 10.3015%;\" align=\"right\">20<\/td>\n<td style=\"width: 13.3166%;\">Legovan\u00e1 oce\u013e (SCM415)<\/td>\n<td style=\"width: 8.0402%;\">20\u00b0<\/td>\n<td style=\"width: 6.40699%;\">35\u00b0<\/td>\n<td style=\"width: 14.5729%;\">\u0164a\u017ek\u00e9 dopravn\u00edky<\/td>\n<\/tr>\n<tr style=\"height: 14.40pt;\">\n<td style=\"height: 14.4pt; width: 13.9447%;\" height=\"24\">SMG-18-2.5-RH<\/td>\n<td style=\"width: 1.25628%;\" align=\"right\">2.5<\/td>\n<td style=\"width: 6.03015%;\" align=\"right\">18<\/td>\n<td style=\"width: 10.6784%;\">Prav\u00e1 ruka<\/td>\n<td style=\"width: 8.54269%;\" align=\"right\">45<\/td>\n<td style=\"width: 8.54272%;\" align=\"right\">15<\/td>\n<td style=\"width: 10.3015%;\" align=\"right\">12<\/td>\n<td style=\"width: 13.3166%;\">Kalen\u00e1 oce\u013e (\u010dierny oxid)<\/td>\n<td style=\"width: 8.0402%;\">20\u00b0<\/td>\n<td style=\"width: 6.40699%;\">35\u00b0<\/td>\n<td style=\"width: 14.5729%;\">Automobilov\u00e9 syst\u00e9my<\/td>\n<\/tr>\n<tr style=\"height: 14.40pt;\">\n<td style=\"height: 14.4pt; width: 13.9447%;\" height=\"24\">SMG-12-1-RH<\/td>\n<td style=\"width: 1.25628%;\" align=\"right\">1<\/td>\n<td style=\"width: 6.03015%;\" align=\"right\">12<\/td>\n<td style=\"width: 10.6784%;\">Prav\u00e1 ruka<\/td>\n<td style=\"width: 8.54269%;\" align=\"right\">12<\/td>\n<td style=\"width: 8.54272%;\" align=\"right\">6<\/td>\n<td style=\"width: 10.3015%;\" align=\"right\">5<\/td>\n<td style=\"width: 13.3166%;\">Mosadz<\/td>\n<td style=\"width: 8.0402%;\">20\u00b0<\/td>\n<td style=\"width: 6.40699%;\">35\u00b0<\/td>\n<td style=\"width: 14.5729%;\">Presn\u00e9 pr\u00edstroje<\/td>\n<\/tr>\n<tr style=\"height: 14.40pt;\">\n<td style=\"height: 14.4pt; width: 13.9447%;\" height=\"24\">SMG-35-5-LH<\/td>\n<td style=\"width: 1.25628%;\" align=\"right\">5<\/td>\n<td style=\"width: 6.03015%;\" align=\"right\">35<\/td>\n<td style=\"width: 10.6784%;\">\u013dav\u00e1 ruka<\/td>\n<td style=\"width: 8.54269%;\" align=\"right\">175<\/td>\n<td style=\"width: 8.54272%;\" align=\"right\">30<\/td>\n<td style=\"width: 10.3015%;\" align=\"right\">25<\/td>\n<td style=\"width: 13.3166%;\">Kalen\u00e1 oce\u013e<\/td>\n<td style=\"width: 8.0402%;\">20\u00b0<\/td>\n<td style=\"width: 6.40699%;\">35\u00b0<\/td>\n<td style=\"width: 14.5729%;\">\u0164a\u017eobn\u00e9 zariadenia<\/td>\n<\/tr>\n<tr style=\"height: 14.40pt;\">\n<td style=\"height: 14.4pt; width: 13.9447%;\" height=\"24\">SMG-16-2-LH<\/td>\n<td style=\"width: 1.25628%;\" align=\"right\">2<\/td>\n<td style=\"width: 6.03015%;\" align=\"right\">16<\/td>\n<td style=\"width: 10.6784%;\">\u013dav\u00e1 ruka<\/td>\n<td style=\"width: 8.54269%;\" align=\"right\">32<\/td>\n<td style=\"width: 8.54272%;\" align=\"right\">10<\/td>\n<td style=\"width: 10.3015%;\" align=\"right\">8<\/td>\n<td style=\"width: 13.3166%;\">Nerezov\u00e1 oce\u013e (SUS304)<\/td>\n<td style=\"width: 8.0402%;\">20\u00b0<\/td>\n<td style=\"width: 6.40699%;\">35\u00b0<\/td>\n<td style=\"width: 14.5729%;\">N\u00e1morn\u00e9 aplik\u00e1cie<\/td>\n<\/tr>\n<tr style=\"height: 14.40pt;\">\n<td style=\"height: 14.4pt; width: 13.9447%;\" height=\"24\">SMG-22-3-RH<\/td>\n<td style=\"width: 1.25628%;\" align=\"right\">3<\/td>\n<td style=\"width: 6.03015%;\" align=\"right\">22<\/td>\n<td style=\"width: 10.6784%;\">Prav\u00e1 ruka<\/td>\n<td style=\"width: 8.54269%;\" align=\"right\">66<\/td>\n<td style=\"width: 8.54272%;\" align=\"right\">18<\/td>\n<td style=\"width: 10.3015%;\" align=\"right\">14<\/td>\n<td style=\"width: 13.3166%;\">Legovan\u00e1 oce\u013e (SCM435)<\/td>\n<td style=\"width: 8.0402%;\">20\u00b0<\/td>\n<td style=\"width: 6.40699%;\">35\u00b0<\/td>\n<td style=\"width: 14.5729%;\">Robotika<\/td>\n<\/tr>\n<tr style=\"height: 14.40pt;\">\n<td style=\"height: 14.4pt; width: 13.9447%;\" height=\"24\">SMG-28-4-RH<\/td>\n<td style=\"width: 1.25628%;\" align=\"right\">4<\/td>\n<td style=\"width: 6.03015%;\" align=\"right\">28<\/td>\n<td style=\"width: 10.6784%;\">Prav\u00e1 ruka<\/td>\n<td style=\"width: 8.54269%;\" align=\"right\">112<\/td>\n<td style=\"width: 8.54272%;\" align=\"right\">22<\/td>\n<td style=\"width: 10.3015%;\" align=\"right\">18<\/td>\n<td style=\"width: 13.3166%;\">Cementovan\u00e1 oce\u013e<\/td>\n<td style=\"width: 8.0402%;\">20\u00b0<\/td>\n<td style=\"width: 6.40699%;\">35\u00b0<\/td>\n<td style=\"width: 14.5729%;\">Stavebn\u00e9 stroje<\/td>\n<\/tr>\n<\/tbody>\n<\/table>\n<h2>Vlastnosti \u0161pir\u00e1lov\u00fdch pokosov\u00fdch ozuben\u00fdch kolies<\/h2>\n<div>\n<ul>\n<li class=\"break-words\"><strong>Dizajn \u0161pir\u00e1lov\u00e9ho zuba<\/strong>\u0160pir\u00e1lov\u00e9 pokosov\u00e9 ozuben\u00e9 koles\u00e1 maj\u00fa \u0161pir\u00e1lovit\u00e9 zuby, ktor\u00e9 s\u00fa zakriven\u00e9, \u010do umo\u017e\u0148uje postupn\u00fd z\u00e1ber, plynulej\u0161\u00ed chod a zn\u00ed\u017een\u00fd hluk v porovnan\u00ed s rovn\u00fdmi ozuben\u00fdmi kolesami.<\/li>\n<li class=\"break-words\"><strong>Vysok\u00e1 nosnos\u0165<\/strong>\u0160pir\u00e1lov\u00e1 konfigur\u00e1cia zubov rozde\u013euje sily rovnomernej\u0161ie na zuby ozuben\u00e9ho kolesa, \u010do umo\u017e\u0148uje t\u00fdmto ozuben\u00fdm koles\u00e1m efekt\u00edvnej\u0161ie zvl\u00e1da\u0165 vy\u0161\u0161\u00ed kr\u00fatiaci moment a v\u00e4\u010d\u0161ie za\u0165a\u017eenie.<\/li>\n<li class=\"break-words\"><strong>Pravouhl\u00fd prenos v\u00fdkonu<\/strong>Tieto ozuben\u00e9 koles\u00e1 s\u00fa ur\u010den\u00e9 na prenos v\u00fdkonu medzi dvoma hriade\u013emi pret\u00ednaj\u00facimi sa pod uhlom 90 stup\u0148ov, v\u010faka \u010domu s\u00fa ide\u00e1lne pre kompaktn\u00e9 mechanick\u00e9 syst\u00e9my.<\/li>\n<li class=\"break-words\"><strong>Zv\u00fd\u0161en\u00e1 \u00fa\u010dinnos\u0165<\/strong>\u0160pir\u00e1lov\u00e1 kon\u0161trukcia minimalizuje vibr\u00e1cie a v\u00f4\u013eu, \u010do vedie k vy\u0161\u0161ej \u00fa\u010dinnosti a presnosti pri prenose v\u00fdkonu.<\/li>\n<li class=\"break-words\"><strong>Trvanlivos\u0165 a dlh\u00e1 \u017eivotnos\u0165<\/strong>\u0160pir\u00e1lov\u00e9 pokosov\u00e9 ozuben\u00e9 koles\u00e1 vyroben\u00e9 z vysoko kvalitn\u00fdch materi\u00e1lov a skon\u0161truovan\u00e9 pre optim\u00e1lny kontakt zubov pon\u00fakaj\u00fa zv\u00fd\u0161en\u00fa odolnos\u0165 proti opotrebovaniu a dlh\u0161iu \u017eivotnos\u0165.<\/li>\n<\/ul>\n<p><img loading=\"lazy\" decoding=\"async\" class=\"alignnone size-full wp-image-7034\" src=\"https:\/\/fmp-components.com\/wp-content\/uploads\/2025\/03\/Spiral-Miter-Gears-Product.webp\" alt=\"Produkt so \u0161pir\u00e1lov\u00fdmi pokosov\u00fdmi ozuben\u00fdmi kolesami\" width=\"1200\" height=\"1200\" title=\"\" srcset=\"https:\/\/fmp-components.com\/wp-content\/uploads\/2025\/03\/Spiral-Miter-Gears-Product.webp 1200w, https:\/\/fmp-components.com\/wp-content\/uploads\/2025\/03\/Spiral-Miter-Gears-Product-980x980.webp 980w, https:\/\/fmp-components.com\/wp-content\/uploads\/2025\/03\/Spiral-Miter-Gears-Product-480x480.webp 480w\" sizes=\"(min-width: 0px) and (max-width: 480px) 480px, (min-width: 481px) and (max-width: 980px) 980px, (min-width: 981px) 1200px, 100vw\" \/><\/p>\n<\/div>\n<\/div>\n<div data-scroll-horizontal=\"wrap-body\">\n<h2>O FMP<\/h2>\n<p>FMP je popredn\u00fd taliansky v\u00fdrobca ozuben\u00fdch kolies a ozuben\u00fdch ty\u010d\u00ed, zn\u00e1my svojou odbornos\u0165ou vo v\u00fdrobe \u0161tandardn\u00fdch komponentov aj z\u00e1kazkov\u00fdch rie\u0161en\u00ed. Okrem n\u00e1\u0161ho sortimentu \u0161tandardn\u00fdch dielov sa FMP \u0161pecializuje na v\u00fdrobu \u0161tandardn\u00fdch a \u0161pecializovan\u00fdch ozuben\u00fdch kolies na z\u00e1klade v\u00fdkresov alebo vzoriek poskytnut\u00fdch na\u0161imi klientmi. Na\u0161e ozuben\u00e9 koles\u00e1 s\u00fa dostupn\u00e9 v r\u00f4znych materi\u00e1loch vr\u00e1tane uhl\u00edkovej ocele, nehrdzavej\u00facej ocele, hlin\u00edka, medi, mosadze a plastov\u00fdch \u0161pir\u00e1lov\u00fdch alebo \u010deln\u00fdch konfigur\u00e1ci\u00ed. Ak m\u00e1te ak\u00e9ko\u013evek po\u017eiadavky na z\u00e1kazkov\u00e9 ozuben\u00e9 koles\u00e1, nev\u00e1hajte n\u00e1s kontaktova\u0165 e-mailom. \u0160pecializovan\u00fd t\u00edm profesion\u00e1lnych in\u017einierov FMP odpovie na va\u0161u po\u017eiadavku do 24 hod\u00edn.<\/p>\n<p><img loading=\"lazy\" decoding=\"async\" class=\"alignnone size-full wp-image-7010\" src=\"https:\/\/fmp-components.com\/wp-content\/uploads\/2025\/03\/bevel-gear-3.webp\" alt=\"ku\u017ee\u013eov\u00e9 ozuben\u00e9 koleso\" width=\"1076\" height=\"721\" title=\"\" srcset=\"https:\/\/fmp-components.com\/wp-content\/uploads\/2025\/03\/bevel-gear-3.webp 1076w, https:\/\/fmp-components.com\/wp-content\/uploads\/2025\/03\/bevel-gear-3-980x657.webp 980w, https:\/\/fmp-components.com\/wp-content\/uploads\/2025\/03\/bevel-gear-3-480x322.webp 480w\" sizes=\"(min-width: 0px) and (max-width: 480px) 480px, (min-width: 481px) and (max-width: 980px) 980px, (min-width: 981px) 1076px, 100vw\" \/><\/p>\n<\/div>","protected":false},"excerpt":{"rendered":"<p>Spiral Miter Gears are a type of bevel gear with helical teeth designed to transmit power between intersecting shafts at a right angle, offering smoother operation and higher load capacity compared to straight miter gears. At FMP Company, we manufacture a wide variety of Spiral Miter Gears and also offer customization to meet your specific [&hellip;]<\/p>","protected":false},"featured_media":4344,"comment_status":"open","ping_status":"closed","template":"","meta":{"_et_pb_use_builder":"","_et_pb_old_content":"","_et_gb_content_width":""},"product_brand":[],"product_cat":[15],"product_tag":[],"class_list":{"0":"post-7032","1":"product","2":"type-product","3":"status-publish","4":"has-post-thumbnail","6":"product_cat-uncategorized","8":"first","9":"instock","10":"shipping-taxable","11":"product-type-simple"},"_links":{"self":[{"href":"https:\/\/fmp-components.com\/sk\/wp-json\/wp\/v2\/product\/7032","targetHints":{"allow":["GET"]}}],"collection":[{"href":"https:\/\/fmp-components.com\/sk\/wp-json\/wp\/v2\/product"}],"about":[{"href":"https:\/\/fmp-components.com\/sk\/wp-json\/wp\/v2\/types\/product"}],"replies":[{"embeddable":true,"href":"https:\/\/fmp-components.com\/sk\/wp-json\/wp\/v2\/comments?post=7032"}],"wp:featuredmedia":[{"embeddable":true,"href":"https:\/\/fmp-components.com\/sk\/wp-json\/wp\/v2\/media\/4344"}],"wp:attachment":[{"href":"https:\/\/fmp-components.com\/sk\/wp-json\/wp\/v2\/media?parent=7032"}],"wp:term":[{"taxonomy":"product_brand","embeddable":true,"href":"https:\/\/fmp-components.com\/sk\/wp-json\/wp\/v2\/product_brand?post=7032"},{"taxonomy":"product_cat","embeddable":true,"href":"https:\/\/fmp-components.com\/sk\/wp-json\/wp\/v2\/product_cat?post=7032"},{"taxonomy":"product_tag","embeddable":true,"href":"https:\/\/fmp-components.com\/sk\/wp-json\/wp\/v2\/product_tag?post=7032"}],"curies":[{"name":"pracovn\u00fd list","href":"https:\/\/api.w.org\/{rel}","templated":true}]}}