{"id":7021,"date":"2025-03-14T06:47:26","date_gmt":"2025-03-14T06:47:26","guid":{"rendered":"https:\/\/fmp-components.com\/?post_type=product&#038;p=7021"},"modified":"2025-03-14T06:47:27","modified_gmt":"2025-03-14T06:47:27","slug":"zero-degree-spiral-bevel-gear","status":"publish","type":"product","link":"https:\/\/fmp-components.com\/sk\/product\/zero-degree-spiral-bevel-gear\/","title":{"rendered":"\u0160pir\u00e1lov\u00e9 ku\u017ee\u013eov\u00e9 ozuben\u00e9 koleso s nulov\u00fdm stup\u0148om"},"content":{"rendered":"<h2>\u0160pecifik\u00e1cia<\/h2>\n<table class=\"table\" border=\"1\" width=\"100%\" cellspacing=\"0\" cellpadding=\"0\">\n<tbody>\n<tr class=\"firstRow\">\n<td valign=\"center\" width=\"132\">\u010c\u00edslo modelu<\/td>\n<td valign=\"center\" width=\"491\">M3, M4, M5, M8, M12 at\u010f.<\/td>\n<\/tr>\n<tr>\n<td valign=\"center\" width=\"132\">Materi\u00e1l<\/td>\n<td valign=\"center\" width=\"491\">Mosadz, oce\u013e C45, nehrdzavej\u00faca oce\u013e, me\u010f, POM, hlin\u00edk, zliatina at\u010f.<\/td>\n<\/tr>\n<tr>\n<td valign=\"center\" width=\"132\">Povrchov\u00e1 \u00faprava<\/td>\n<td valign=\"center\" width=\"491\">Pozinkovan\u00e9, poniklovan\u00e9, pasiv\u00e1cia, oxid\u00e1cia, anodiz\u00e1cia,<br \/>\nGeomet, Dacromet, \u010dierny oxid, fosf\u00e1tovanie, pr\u00e1\u0161kov\u00e9 lakovanie a elektrofor\u00e9za<\/td>\n<\/tr>\n<tr>\n<td valign=\"center\" width=\"132\">\u0160tandard<\/td>\n<td valign=\"center\" width=\"491\">ISO, DIN, ANSI, JIS, BS a ne\u0161tandardn\u00e9.<\/td>\n<\/tr>\n<tr>\n<td valign=\"center\" width=\"132\">Presnos\u0165<\/td>\n<td valign=\"center\" width=\"491\">DIN6, DIN7, DIN8, DIN9.<\/td>\n<\/tr>\n<tr>\n<td valign=\"center\" width=\"132\">O\u0161etrenie zubov<\/td>\n<td valign=\"center\" width=\"491\">Kalen\u00e9, fr\u00e9zovan\u00e9 alebo br\u00fasen\u00e9<\/td>\n<\/tr>\n<tr>\n<td valign=\"center\" width=\"132\">Tolerancia<\/td>\n<td valign=\"center\" width=\"491\">0,001 mm \u2013 0,01 mm \u2013 0,1 mm<\/td>\n<\/tr>\n<tr>\n<td valign=\"center\" width=\"132\">Dokon\u010di\u0165<\/td>\n<td valign=\"center\" width=\"491\">pieskovanie\/brokovanie, tepeln\u00e9 spracovanie, \u017e\u00edhanie, pop\u00fa\u0161\u0165anie, le\u0161tenie, eloxovanie, pozinkovanie<\/td>\n<\/tr>\n<tr>\n<td valign=\"center\" width=\"132\">Balenie vec\u00ed<\/td>\n<td valign=\"center\" width=\"491\">Plastov\u00e9 vrecko + kart\u00f3ny alebo dreven\u00e9 balenie<\/td>\n<\/tr>\n<tr>\n<td valign=\"center\" width=\"132\">Platobn\u00e9 podmienky<\/td>\n<td valign=\"center\" width=\"491\">T\/T, akredit\u00edv<\/td>\n<\/tr>\n<tr>\n<td valign=\"center\" width=\"132\">Dodacia lehota v\u00fdroby<\/td>\n<td valign=\"center\" width=\"491\">20 pracovn\u00fdch dn\u00ed pre vzorku, 25 dn\u00ed pre hromadn\u00e9 balenie<\/td>\n<\/tr>\n<tr>\n<td valign=\"center\" width=\"132\">Vzorky<\/td>\n<td valign=\"center\" width=\"491\">Vzorov\u00e9 cenov\u00e9 rozp\u00e4tie od $2 do $100.<br \/>\nvzor expresnej po\u017eiadavky platenej klientmi<\/td>\n<\/tr>\n<tr>\n<td valign=\"center\" width=\"132\">Aplik\u00e1cia<\/td>\n<td valign=\"center\" width=\"491\">1. Automatick\u00fd riadiaci stroj<br \/>\n2. Polovodi\u010dov\u00fd priemysel<br \/>\n3. V\u0161eobecn\u00e9 priemyseln\u00e9 stroje<br \/>\n4. Zdravotn\u00edcke vybavenie<br \/>\n5. Zariadenia na sol\u00e1rnu energiu<br \/>\n6. Obr\u00e1bac\u00ed stroj<br \/>\n7. Parkovac\u00ed syst\u00e9m<br \/>\n8. Zariadenia pre vysokor\u00fdchlostn\u00fa \u017eelezni\u010dn\u00fa a leteck\u00fa dopravu at\u010f.<\/td>\n<\/tr>\n<\/tbody>\n<\/table>\n<h2>Vlastnosti \u0161pir\u00e1lov\u00e9ho ku\u017ee\u013eov\u00e9ho ozuben\u00e9ho kolesa s nulov\u00fdm stup\u0148om<\/h2>\n<div>\n<ul>\n<li class=\"break-words\"><strong>Geometria rovn\u00fdch zubov<\/strong>Na rozdiel od typick\u00fdch \u0161pir\u00e1lov\u00fdch ku\u017ee\u013eov\u00fdch ozuben\u00fdch kolies so zakriven\u00fdmi zubami maj\u00fa \u0161pir\u00e1lov\u00e9 ku\u017ee\u013eov\u00e9 ozuben\u00e9 koles\u00e1 s nulov\u00fdm uhlom priame zuby zarovnan\u00e9 v \u0161pir\u00e1lovom uhle 0 stup\u0148ov, \u010d\u00edm sa podobaj\u00fa priamym ku\u017ee\u013eov\u00fdm ozuben\u00fdm koles\u00e1m, ale maj\u00fa ku\u017ee\u013eovit\u00fd tvar pre pret\u00ednaj\u00face sa hriadele.<\/li>\n<li class=\"break-words\"><strong>Efekt\u00edvny prenos v\u00fdkonu<\/strong>Tieto ozuben\u00e9 koles\u00e1 zabezpe\u010duj\u00fa plynul\u00fd a efekt\u00edvny prenos kr\u00fatiaceho momentu medzi hriade\u013emi pod uhlom (zvy\u010dajne 90 stup\u0148ov), v\u010faka \u010domu s\u00fa vhodn\u00e9 pre automobilov\u00e9 a priemyseln\u00e9 aplik\u00e1cie vy\u017eaduj\u00face presn\u00e9 zmeny smeru.<\/li>\n<li class=\"break-words\"><strong>Zn\u00ed\u017een\u00fd hluk a vibr\u00e1cie<\/strong>Dizajn s nulov\u00fdm uhlom n\u00e1behu minimalizuje klzn\u00fd kontakt medzi zubami v porovnan\u00ed s vy\u0161\u0161\u00edmi uhlami \u0161pir\u00e1ly, \u010do vedie k tich\u0161ej prev\u00e1dzke a ni\u017e\u0161\u00edm vibr\u00e1ci\u00e1m, ide\u00e1lnym pre prostredia citliv\u00e9 na hluk.<\/li>\n<li class=\"break-words\"><strong>Zjednodu\u0161en\u00e1 v\u00fdroba<\/strong>V\u010faka rovn\u00fdm zubom a \u017eiadnemu \u0161pir\u00e1lov\u00e9mu zakriveniu sa \u0161pir\u00e1lov\u00e9 ku\u017ee\u013eov\u00e9 ozuben\u00e9 koles\u00e1 s nulov\u00fdm stup\u0148om vyr\u00e1baj\u00fa jednoduch\u0161ie a lacnej\u0161ie ako tradi\u010dn\u00e9 \u0161pir\u00e1lov\u00e9 ku\u017ee\u013eov\u00e9 ozuben\u00e9 koles\u00e1 a z\u00e1rove\u0148 pon\u00fakaj\u00fa robustn\u00fd v\u00fdkon.<\/li>\n<li class=\"break-words\"><strong>Vysok\u00e1 nosnos\u0165<\/strong>Napriek ich jednoduch\u0161ej kon\u0161trukcii s\u00fa tieto ozuben\u00e9 koles\u00e1 vyroben\u00e9 z odoln\u00fdch materi\u00e1lov, ako je kalen\u00e1 oce\u013e, \u010do im umo\u017e\u0148uje zvl\u00e1da\u0165 zna\u010dn\u00e9 za\u0165a\u017eenie a nam\u00e1hanie v syst\u00e9moch, ako s\u00fa diferenci\u00e1ly alebo prevodovky.<\/li>\n<\/ul>\n<div>\n<div>\n<h3>Dod\u00e1vate\u013e plastov\u00fdch ku\u017ee\u013eov\u00fdch ozuben\u00fdch kolies<\/h3>\n<p>FMP m\u00e1 v\u0161etky plastov\u00e9 ozuben\u00e9 koles\u00e1, ktor\u00e9 potrebujete. Pon\u00fakame presn\u00e9 plastov\u00e9 \u010deln\u00e9 ozuben\u00e9 koles\u00e1, plastov\u00e9 hrebene, plastov\u00e9 \u0161pir\u00e1lov\u00e9 a ku\u017ee\u013eov\u00e9 ozuben\u00e9 koles\u00e1, plastov\u00e9 z\u00e1vitovkov\u00e9 ozuben\u00e9 koles\u00e1 a \u0161neky, plastov\u00e9 ku\u017ee\u013eov\u00e9 ozuben\u00e9 koles\u00e1, plastov\u00e9 ozuben\u00e9 koles\u00e1, plastov\u00e9 pastorky a plastov\u00e9 hrebene.<\/p>\n<p>Zavolajte n\u00e1m, ak potrebujete pomoc s n\u00e1jden\u00edm spr\u00e1vneho prevodov\u00e9ho stup\u0148a alebo \u00fapravou \u0161tandardnej polo\u017eky z katal\u00f3gu alebo z\u00e1kazkov\u00e9ho n\u00e1vrhu; na\u0161i technici v\u00e1m poskytn\u00fa najlep\u0161ie rie\u0161enie pre va\u0161u aplik\u00e1ciu.<\/p>\n<p><img loading=\"lazy\" decoding=\"async\" class=\"alignnone size-full wp-image-7019\" src=\"https:\/\/fmp-components.com\/wp-content\/uploads\/2025\/03\/Plastic-Bevel-Gears-Supplier1.webp\" alt=\"Dod\u00e1vate\u013e plastov\u00fdch ku\u017ee\u013eov\u00fdch ozuben\u00fdch kolies\" width=\"1200\" height=\"1000\" title=\"\" srcset=\"https:\/\/fmp-components.com\/wp-content\/uploads\/2025\/03\/Plastic-Bevel-Gears-Supplier1.webp 1200w, https:\/\/fmp-components.com\/wp-content\/uploads\/2025\/03\/Plastic-Bevel-Gears-Supplier1-980x817.webp 980w, https:\/\/fmp-components.com\/wp-content\/uploads\/2025\/03\/Plastic-Bevel-Gears-Supplier1-480x400.webp 480w\" sizes=\"(min-width: 0px) and (max-width: 480px) 480px, (min-width: 481px) and (max-width: 980px) 980px, (min-width: 981px) 1200px, 100vw\" \/><\/p>\n<\/div>\n<\/div>\n<div class=\"table-responsive\">\n<h2>O FMP<\/h2>\n<p>FMP je popredn\u00fd taliansky v\u00fdrobca ozuben\u00fdch kolies a ozuben\u00fdch ty\u010d\u00ed, zn\u00e1my svojou odbornos\u0165ou vo v\u00fdrobe \u0161tandardn\u00fdch komponentov aj z\u00e1kazkov\u00fdch rie\u0161en\u00ed. Okrem n\u00e1\u0161ho sortimentu \u0161tandardn\u00fdch dielov sa FMP \u0161pecializuje na v\u00fdrobu \u0161tandardn\u00fdch a \u0161pecializovan\u00fdch ozuben\u00fdch kolies na z\u00e1klade v\u00fdkresov alebo vzoriek poskytnut\u00fdch na\u0161imi klientmi. Na\u0161e ozuben\u00e9 koles\u00e1 s\u00fa dostupn\u00e9 v r\u00f4znych materi\u00e1loch vr\u00e1tane uhl\u00edkovej ocele, nehrdzavej\u00facej ocele, hlin\u00edka, medi, mosadze a plastov\u00fdch \u0161pir\u00e1lov\u00fdch alebo \u010deln\u00fdch konfigur\u00e1ci\u00ed. Ak m\u00e1te ak\u00e9ko\u013evek po\u017eiadavky na z\u00e1kazkov\u00e9 ozuben\u00e9 koles\u00e1, nev\u00e1hajte n\u00e1s kontaktova\u0165 e-mailom. \u0160pecializovan\u00fd t\u00edm profesion\u00e1lnych in\u017einierov FMP odpovie na va\u0161u po\u017eiadavku do 24 hod\u00edn.<\/p>\n<p><img loading=\"lazy\" decoding=\"async\" class=\"alignnone size-full wp-image-7010\" src=\"https:\/\/fmp-components.com\/wp-content\/uploads\/2025\/03\/bevel-gear-3.webp\" alt=\"ku\u017ee\u013eov\u00e9 ozuben\u00e9 koleso\" width=\"1076\" height=\"721\" title=\"\" srcset=\"https:\/\/fmp-components.com\/wp-content\/uploads\/2025\/03\/bevel-gear-3.webp 1076w, https:\/\/fmp-components.com\/wp-content\/uploads\/2025\/03\/bevel-gear-3-980x657.webp 980w, https:\/\/fmp-components.com\/wp-content\/uploads\/2025\/03\/bevel-gear-3-480x322.webp 480w\" sizes=\"(min-width: 0px) and (max-width: 480px) 480px, (min-width: 481px) and (max-width: 980px) 980px, (min-width: 981px) 1076px, 100vw\" \/><\/p>\n<\/div>\n<\/div>","protected":false},"excerpt":{"rendered":"<p>Specification Model Number M3,M4,M5,M8,M12 and etc. Material Brass, C45 steel, Stainless steel, Copper, POM, Aluminum, Alloy, and so on Surface treatment Zinc-plated, Nickel plated, Passivation, Oxidation, Anodization, Geomet, Dacromet, Black Oxide, Phosphatizing, Powder Coating, and Electrophoresis Standard ISO, DIN, ANSI, JIS, BS, and Non-standard. Precision DIN6,DIN7,DIN8,DIN9. Teeth treatment Hardened, Milled, or Ground Tolerance 0.001mm-0.01mm-0.1mm Finish [&hellip;]<\/p>","protected":false},"featured_media":4346,"comment_status":"open","ping_status":"closed","template":"","meta":{"_et_pb_use_builder":"","_et_pb_old_content":"","_et_gb_content_width":""},"product_brand":[],"product_cat":[106],"product_tag":[],"class_list":{"0":"post-7021","1":"product","2":"type-product","3":"status-publish","4":"has-post-thumbnail","6":"product_cat-bevel-gears","8":"first","9":"instock","10":"shipping-taxable","11":"product-type-simple"},"_links":{"self":[{"href":"https:\/\/fmp-components.com\/sk\/wp-json\/wp\/v2\/product\/7021","targetHints":{"allow":["GET"]}}],"collection":[{"href":"https:\/\/fmp-components.com\/sk\/wp-json\/wp\/v2\/product"}],"about":[{"href":"https:\/\/fmp-components.com\/sk\/wp-json\/wp\/v2\/types\/product"}],"replies":[{"embeddable":true,"href":"https:\/\/fmp-components.com\/sk\/wp-json\/wp\/v2\/comments?post=7021"}],"wp:featuredmedia":[{"embeddable":true,"href":"https:\/\/fmp-components.com\/sk\/wp-json\/wp\/v2\/media\/4346"}],"wp:attachment":[{"href":"https:\/\/fmp-components.com\/sk\/wp-json\/wp\/v2\/media?parent=7021"}],"wp:term":[{"taxonomy":"product_brand","embeddable":true,"href":"https:\/\/fmp-components.com\/sk\/wp-json\/wp\/v2\/product_brand?post=7021"},{"taxonomy":"product_cat","embeddable":true,"href":"https:\/\/fmp-components.com\/sk\/wp-json\/wp\/v2\/product_cat?post=7021"},{"taxonomy":"product_tag","embeddable":true,"href":"https:\/\/fmp-components.com\/sk\/wp-json\/wp\/v2\/product_tag?post=7021"}],"curies":[{"name":"pracovn\u00fd list","href":"https:\/\/api.w.org\/{rel}","templated":true}]}}