{"id":7020,"date":"2025-03-14T06:42:58","date_gmt":"2025-03-14T06:42:58","guid":{"rendered":"https:\/\/fmp-components.com\/?post_type=product&#038;p=7020"},"modified":"2025-03-27T01:27:19","modified_gmt":"2025-03-27T01:27:19","slug":"industrial-bevel-gears","status":"publish","type":"product","link":"https:\/\/fmp-components.com\/sk\/product\/industrial-bevel-gears\/","title":{"rendered":"Priemyseln\u00e9 ku\u017ee\u013eov\u00e9 ozuben\u00e9 koles\u00e1"},"content":{"rendered":"<p><a href=\"https:\/\/fmp-components.com\/sk\/bevel-gear-2\/\">Ku\u017ee\u013eov\u00e9 ozuben\u00e9 koleso<\/a> Priemer M3-M20 do 1200 mm Vyroben\u00e9 z 20crmiti\/20crmnmo\/42CrMo pre reduktor\/olejov\u00fd stroj\/stavebn\u00e9 stroje\/n\u00e1kladn\u00e9 vozidl\u00e1\/po\u013enohospod\u00e1rske stroje<\/p>\n<h2>\u0160pecifik\u00e1cia produktu<\/h2>\n<div class=\"table-responsive\">\n<table class=\"table\" style=\"width: 99.8343%; height: 197px;\" border=\"1\">\n<tbody>\n<tr>\n<td style=\"width: 29.443%;\">Aplik\u00e1cia:<\/td>\n<td style=\"width: 75.199%;\">Stroje, n\u00e1morn\u00e9, po\u013enohospod\u00e1rske stroje, ropn\u00e9 stroje<\/td>\n<\/tr>\n<tr>\n<td style=\"width: 29.443%;\">Tvrdos\u0165:<\/td>\n<td style=\"width: 75.199%;\">Skalen\u00fd povrch zuba<\/td>\n<\/tr>\n<tr>\n<td style=\"width: 29.443%;\">Poloha prevodov\u00e9ho stup\u0148a:<\/td>\n<td style=\"width: 75.199%;\">Vonkaj\u0161\u00ed prevodov\u00fd stupe\u0148<\/td>\n<\/tr>\n<tr>\n<td style=\"width: 29.443%;\">Sp\u00f4sob v\u00fdroby:<\/td>\n<td style=\"width: 75.199%;\">Br\u00fasne ozuben\u00e9 koleso<\/td>\n<\/tr>\n<tr>\n<td style=\"width: 29.443%;\">Tvar ozubenej \u010dasti:<\/td>\n<td style=\"width: 75.199%;\">Ku\u017ee\u013eov\u00e9 koleso<\/td>\n<\/tr>\n<tr>\n<td style=\"width: 29.443%;\">Materi\u00e1l:<\/td>\n<td style=\"width: 75.199%;\">20crmnti<\/td>\n<\/tr>\n<\/tbody>\n<tbody>\n<tr>\n<td>Model ozuben\u00e9ho hriade\u013ea<\/td>\n<td>Prisp\u00f4soben\u00e9 ozuben\u00e9 koleso pod\u013ea vzorky alebo v\u00fdkresu z\u00e1kazn\u00edka<\/td>\n<\/tr>\n<tr>\n<td>Spracovate\u013esk\u00fd stroj<\/td>\n<td>CNC stroj<\/td>\n<\/tr>\n<tr>\n<td>Materi\u00e1l<\/td>\n<td>20CrMnTi\/ 20CrMnMo\/ 42CrMo\/ 45# oce\u013e\/ 40Cr\/ 20CrNi2MoA<\/td>\n<\/tr>\n<tr>\n<td>Tepeln\u00e9 spracovanie<\/td>\n<td>Cement\u00e1cia a kalenie\/ Pop\u00fa\u0161\u0165anie\/ Nitrid\u00e1cia\/ Nitrid\u00e1cia karboniz\u00e1ciou\/ Induk\u010dn\u00e9 kalenie<\/td>\n<\/tr>\n<tr>\n<td>Tvrdos\u0165<\/td>\n<td>58-62HRC<\/td>\n<\/tr>\n<tr>\n<td>\u0160tandard kvality<\/td>\n<td>GB\/DIN\/JIS\/AGMA<\/td>\n<\/tr>\n<tr>\n<td>Trieda presnosti<\/td>\n<td>5. \u2013 8. ro\u010dn\u00edk<\/td>\n<\/tr>\n<tr>\n<td>Doprava<\/td>\n<td>N\u00e1morn\u00e1 doprava \/ Leteck\u00e1 doprava \/ Expresn\u00e1 doprava<\/td>\n<\/tr>\n<tr>\n<td>Dodacia lehota<\/td>\n<td>30 dn\u00ed<\/td>\n<\/tr>\n<\/tbody>\n<\/table>\n<h2>O FMP<\/h2>\n<p>FMP je popredn\u00fd taliansky v\u00fdrobca ozuben\u00fdch kolies a ozuben\u00fdch ty\u010d\u00ed, zn\u00e1my svojou odbornos\u0165ou vo v\u00fdrobe \u0161tandardn\u00fdch komponentov aj z\u00e1kazkov\u00fdch rie\u0161en\u00ed. Okrem n\u00e1\u0161ho sortimentu \u0161tandardn\u00fdch dielov sa FMP \u0161pecializuje na v\u00fdrobu \u0161tandardn\u00fdch a \u0161pecializovan\u00fdch ozuben\u00fdch kolies na z\u00e1klade v\u00fdkresov alebo vzoriek poskytnut\u00fdch na\u0161imi klientmi. Na\u0161e ozuben\u00e9 koles\u00e1 s\u00fa dostupn\u00e9 v r\u00f4znych materi\u00e1loch vr\u00e1tane uhl\u00edkovej ocele, nehrdzavej\u00facej ocele, hlin\u00edka, medi, mosadze a plastov\u00fdch \u0161pir\u00e1lov\u00fdch alebo \u010deln\u00fdch konfigur\u00e1ci\u00ed. Ak m\u00e1te ak\u00e9ko\u013evek po\u017eiadavky na z\u00e1kazkov\u00e9 ozuben\u00e9 koles\u00e1, nev\u00e1hajte n\u00e1s kontaktova\u0165 e-mailom. \u0160pecializovan\u00fd t\u00edm profesion\u00e1lnych in\u017einierov FMP odpovie na va\u0161u po\u017eiadavku do 24 hod\u00edn.<\/p>\n<p><img loading=\"lazy\" decoding=\"async\" class=\"alignnone size-full wp-image-7010\" src=\"https:\/\/fmp-components.com\/wp-content\/uploads\/2025\/03\/bevel-gear-3.webp\" alt=\"ku\u017ee\u013eov\u00e9 ozuben\u00e9 koleso\" width=\"1076\" height=\"721\" title=\"\" srcset=\"https:\/\/fmp-components.com\/wp-content\/uploads\/2025\/03\/bevel-gear-3.webp 1076w, https:\/\/fmp-components.com\/wp-content\/uploads\/2025\/03\/bevel-gear-3-980x657.webp 980w, https:\/\/fmp-components.com\/wp-content\/uploads\/2025\/03\/bevel-gear-3-480x322.webp 480w\" sizes=\"(min-width: 0px) and (max-width: 480px) 480px, (min-width: 481px) and (max-width: 980px) 980px, (min-width: 981px) 1076px, 100vw\" \/><\/p>\n<\/div>","protected":false},"excerpt":{"rendered":"<p>Bevel Gear M3-M20 Diameter Within 1200mm Made of 20crmiti\/20crmnmo\/42CrMo for Reducer\/ Oil Machine\/ Construction Machinery\/ Truck\/ Agricultural Machinery Product Specification Application: Machinery, Marine, Agricultural Machinery, Oil Machinery Hardness: Hardened Tooth Surface Gear Position: External Gear Manufacturing Method: Grinding Gear Toothed Portion Shape: Bevel Wheel Material: 20crmnti Gear shaft model Customized gear accoding to customers sample [&hellip;]<\/p>","protected":false},"featured_media":4336,"comment_status":"open","ping_status":"closed","template":"","meta":{"_et_pb_use_builder":"","_et_pb_old_content":"","_et_gb_content_width":""},"product_brand":[],"product_cat":[106],"product_tag":[],"class_list":{"0":"post-7020","1":"product","2":"type-product","3":"status-publish","4":"has-post-thumbnail","6":"product_cat-bevel-gears","8":"first","9":"instock","10":"shipping-taxable","11":"product-type-simple"},"_links":{"self":[{"href":"https:\/\/fmp-components.com\/sk\/wp-json\/wp\/v2\/product\/7020","targetHints":{"allow":["GET"]}}],"collection":[{"href":"https:\/\/fmp-components.com\/sk\/wp-json\/wp\/v2\/product"}],"about":[{"href":"https:\/\/fmp-components.com\/sk\/wp-json\/wp\/v2\/types\/product"}],"replies":[{"embeddable":true,"href":"https:\/\/fmp-components.com\/sk\/wp-json\/wp\/v2\/comments?post=7020"}],"wp:featuredmedia":[{"embeddable":true,"href":"https:\/\/fmp-components.com\/sk\/wp-json\/wp\/v2\/media\/4336"}],"wp:attachment":[{"href":"https:\/\/fmp-components.com\/sk\/wp-json\/wp\/v2\/media?parent=7020"}],"wp:term":[{"taxonomy":"product_brand","embeddable":true,"href":"https:\/\/fmp-components.com\/sk\/wp-json\/wp\/v2\/product_brand?post=7020"},{"taxonomy":"product_cat","embeddable":true,"href":"https:\/\/fmp-components.com\/sk\/wp-json\/wp\/v2\/product_cat?post=7020"},{"taxonomy":"product_tag","embeddable":true,"href":"https:\/\/fmp-components.com\/sk\/wp-json\/wp\/v2\/product_tag?post=7020"}],"curies":[{"name":"pracovn\u00fd list","href":"https:\/\/api.w.org\/{rel}","templated":true}]}}