{"id":7016,"date":"2025-03-14T06:40:35","date_gmt":"2025-03-14T06:40:35","guid":{"rendered":"https:\/\/fmp-components.com\/?post_type=product&#038;p=7016"},"modified":"2025-03-27T01:30:16","modified_gmt":"2025-03-27T01:30:16","slug":"automotive-bevel-gear","status":"publish","type":"product","link":"https:\/\/fmp-components.com\/sk\/product\/automotive-bevel-gear\/","title":{"rendered":"Automobilov\u00fd ku\u017ee\u013eov\u00fd prevod"},"content":{"rendered":"<p>Rozmer: \u03a63 mm - \u03a6120 mm<br \/>\nModul: M2.2<br \/>\nTyp materi\u00e1lu: Kov pod\u013ea po\u017eiadaviek z\u00e1kazn\u00edka<\/p>\n<h2>\u0160pecifik\u00e1cia produktu<\/h2>\n<div class=\"table-responsive\">\n<table class=\"table\" style=\"width: 100.25%; height: 353px;\" border=\"1\">\n<tbody>\n<tr>\n<td colspan=\"2\">Automobilov\u00fd ku\u017ee\u013eov\u00fd prevod<\/td>\n<\/tr>\n<tr>\n<td>Rozmer<\/td>\n<td>\u03a612mm<\/td>\n<\/tr>\n<tr>\n<td>Modul<\/td>\n<td>M0,15 \u2013 M2,2<\/td>\n<\/tr>\n<tr>\n<td>Typ materi\u00e1lu<\/td>\n<td>Kov, bronz, oce\u013e, zliatina, POM, zinok, hlin\u00edk, \u017eelezo, nehrdzavej\u00faca oce\u013e, mosadz, me\u010f<\/td>\n<\/tr>\n<tr>\n<td>Stupe\u0148 sie\u0165ovania<\/td>\n<td>JGMA 1, JIS 6, AGMA 13, DIN 6, DIN 5, AGMA12<\/td>\n<\/tr>\n<tr>\n<td>Aplik\u00e1cia<\/td>\n<td>Automobilov\u00fd priemysel, vojensk\u00fd priemysel, leteck\u00fd priemysel, stroj\u00e1rstvo, priemysel, medic\u00edna<\/td>\n<\/tr>\n<tr>\n<td>Prisp\u00f4soben\u00e9<\/td>\n<td>ODM\/OEM<\/td>\n<\/tr>\n<tr>\n<td>Vzorka<\/td>\n<td>Vzorka k dispoz\u00edcii<\/td>\n<\/tr>\n<tr>\n<td>Sp\u00f4soby balenia<\/td>\n<td>V\u00e1kuovo balen\u00e9 s plastovou miskou<\/td>\n<\/tr>\n<tr>\n<td>Sp\u00f4soby doru\u010denia<\/td>\n<td>DHL a UPS<\/td>\n<\/tr>\n<tr>\n<td>Certifik\u00e1t<\/td>\n<td>ISO 9001: 2008\/TS16949<\/td>\n<\/tr>\n<\/tbody>\n<\/table>\n<\/div>\n<h2>Vlastnosti automobilov\u00fdch ku\u017ee\u013eov\u00fdch prevodov<\/h2>\n<div>\n<ul>\n<li class=\"break-words\"><strong>Uhlov\u00fd prenos v\u00fdkonu<\/strong>: <a href=\"https:\/\/fmp-components.com\/sk\/bevel-gear-2\/\">Ku\u017ee\u013eov\u00e9 ozuben\u00e9 koles\u00e1<\/a> s\u00fa navrhnut\u00e9 na prenos v\u00fdkonu medzi hriade\u013emi, ktor\u00e9 sa pret\u00ednaj\u00fa pod uhlom, zvy\u010dajne 90 stup\u0148ov, v\u010faka \u010domu s\u00fa ide\u00e1lne pre aplik\u00e1cie, ako s\u00fa diferenci\u00e1ly vo vozidl\u00e1ch, kde je potrebn\u00e9 zmeni\u0165 smer kr\u00fatiaceho momentu.<\/li>\n<li class=\"break-words\"><strong>Vysok\u00e1 nosnos\u0165<\/strong>Tieto prevody s\u00fa skon\u0161truovan\u00e9 tak, aby zvl\u00e1dli zna\u010dn\u00fd kr\u00fatiaci moment a za\u0165a\u017eenie, \u010d\u00edm zabezpe\u010duj\u00fa odolnos\u0165 a spo\u013eahlivos\u0165 pri nam\u00e1han\u00ed automobilovej prev\u00e1dzky, napr\u00edklad v syst\u00e9moch s pohonom zadn\u00fdch alebo v\u0161etk\u00fdch kolies.<\/li>\n<li class=\"break-words\"><strong>Prec\u00edzny dizajn zubov<\/strong>Zuby ku\u017ee\u013eov\u00fdch ozuben\u00fdch kolies s\u00fa rezan\u00e9 pod uhlom (rovo, \u0161pir\u00e1lovito alebo hypoidne), \u010do umo\u017e\u0148uje plynul\u00fd z\u00e1ber a efekt\u00edvny prenos v\u00fdkonu a z\u00e1rove\u0148 zni\u017euje hluk a vibr\u00e1cie po\u010das prev\u00e1dzky.<\/li>\n<li class=\"break-words\"><strong>Kompaktn\u00fd a v\u0161estrann\u00fd<\/strong>Ku\u017ee\u013eov\u00e9 ozuben\u00e9 koles\u00e1 umo\u017e\u0148uj\u00fa kompaktn\u00e9 kon\u0161trukcie v automobilov\u00fdch syst\u00e9moch, ako s\u00fa n\u00e1pravy a mechanizmy riadenia, v\u010faka svojej schopnosti umiestni\u0165 sa do stiesnen\u00fdch priestorov a z\u00e1rove\u0148 si zachova\u0165 funk\u010dnos\u0165 pri r\u00f4znych prevodov\u00fdch pomeroch.<\/li>\n<li class=\"break-words\"><strong>Odolnos\u0165 proti opotrebovaniu<\/strong>Ku\u017ee\u013eov\u00e9 ozuben\u00e9 koles\u00e1 pre automobily s\u00fa vyroben\u00e9 z odoln\u00fdch materi\u00e1lov, ako je kalen\u00e1 oce\u013e alebo zliatiny, a \u010dasto s\u00fa sp\u00e1rovan\u00e9 s mazac\u00edmi syst\u00e9mami. S\u00fa skon\u0161truovan\u00e9 tak, aby odol\u00e1vali opotrebovaniu a pred\u013a\u017eili \u017eivotnos\u0165 pri vysok\u00fdch r\u00fdchlostiach a vysokom tlaku.<\/li>\n<\/ul>\n<\/div>\n<div class=\"table-responsive\">\n<h2>O FMP<\/h2>\n<p>FMP je popredn\u00fd taliansky v\u00fdrobca ozuben\u00fdch kolies a ozuben\u00fdch ty\u010d\u00ed, zn\u00e1my svojou odbornos\u0165ou vo v\u00fdrobe \u0161tandardn\u00fdch komponentov aj z\u00e1kazkov\u00fdch rie\u0161en\u00ed. Okrem n\u00e1\u0161ho sortimentu \u0161tandardn\u00fdch dielov sa FMP \u0161pecializuje na v\u00fdrobu \u0161tandardn\u00fdch a \u0161pecializovan\u00fdch ozuben\u00fdch kolies na z\u00e1klade v\u00fdkresov alebo vzoriek poskytnut\u00fdch na\u0161imi klientmi. Na\u0161e ozuben\u00e9 koles\u00e1 s\u00fa dostupn\u00e9 v r\u00f4znych materi\u00e1loch vr\u00e1tane uhl\u00edkovej ocele, nehrdzavej\u00facej ocele, hlin\u00edka, medi, mosadze a plastov\u00fdch \u0161pir\u00e1lov\u00fdch alebo \u010deln\u00fdch konfigur\u00e1ci\u00ed. Ak m\u00e1te ak\u00e9ko\u013evek po\u017eiadavky na z\u00e1kazkov\u00e9 ozuben\u00e9 koles\u00e1, nev\u00e1hajte n\u00e1s kontaktova\u0165 e-mailom. \u0160pecializovan\u00fd t\u00edm profesion\u00e1lnych in\u017einierov FMP odpovie na va\u0161u po\u017eiadavku do 24 hod\u00edn.<\/p>\n<p><img loading=\"lazy\" decoding=\"async\" class=\"alignnone size-full wp-image-7010\" src=\"https:\/\/fmp-components.com\/wp-content\/uploads\/2025\/03\/bevel-gear-3.webp\" alt=\"ku\u017ee\u013eov\u00e9 ozuben\u00e9 koleso\" width=\"1076\" height=\"721\" title=\"\" srcset=\"https:\/\/fmp-components.com\/wp-content\/uploads\/2025\/03\/bevel-gear-3.webp 1076w, https:\/\/fmp-components.com\/wp-content\/uploads\/2025\/03\/bevel-gear-3-980x657.webp 980w, https:\/\/fmp-components.com\/wp-content\/uploads\/2025\/03\/bevel-gear-3-480x322.webp 480w\" sizes=\"(min-width: 0px) and (max-width: 480px) 480px, (min-width: 481px) and (max-width: 980px) 980px, (min-width: 981px) 1076px, 100vw\" \/><\/p>\n<\/div>","protected":false},"excerpt":{"rendered":"<p>Dimension:\u03a63mm- \u03a6120mm Module: M2.2 Material Type: Metal as customer required Product Specification Automotive Bevel Gear Dimension \u03a612mm Module M0.15-M2.2 Material Type Metal, Bronze, Steel, Alloy, POM, Zinc, Aluminum, Iron, Stainless, Brass, Copper Meshing Grade JGMA 1, JIS 6, AGMA 13, DIN 6,Din5,AGMA12 Application Automotive, Military, Aircraft, Mechanical, industrial, Medical Customized ODM\/OEM Sample Sample available Modes [&hellip;]<\/p>","protected":false},"featured_media":4331,"comment_status":"open","ping_status":"closed","template":"","meta":{"_et_pb_use_builder":"","_et_pb_old_content":"","_et_gb_content_width":""},"product_brand":[],"product_cat":[106],"product_tag":[],"class_list":{"0":"post-7016","1":"product","2":"type-product","3":"status-publish","4":"has-post-thumbnail","6":"product_cat-bevel-gears","8":"first","9":"instock","10":"shipping-taxable","11":"product-type-simple"},"_links":{"self":[{"href":"https:\/\/fmp-components.com\/sk\/wp-json\/wp\/v2\/product\/7016","targetHints":{"allow":["GET"]}}],"collection":[{"href":"https:\/\/fmp-components.com\/sk\/wp-json\/wp\/v2\/product"}],"about":[{"href":"https:\/\/fmp-components.com\/sk\/wp-json\/wp\/v2\/types\/product"}],"replies":[{"embeddable":true,"href":"https:\/\/fmp-components.com\/sk\/wp-json\/wp\/v2\/comments?post=7016"}],"wp:featuredmedia":[{"embeddable":true,"href":"https:\/\/fmp-components.com\/sk\/wp-json\/wp\/v2\/media\/4331"}],"wp:attachment":[{"href":"https:\/\/fmp-components.com\/sk\/wp-json\/wp\/v2\/media?parent=7016"}],"wp:term":[{"taxonomy":"product_brand","embeddable":true,"href":"https:\/\/fmp-components.com\/sk\/wp-json\/wp\/v2\/product_brand?post=7016"},{"taxonomy":"product_cat","embeddable":true,"href":"https:\/\/fmp-components.com\/sk\/wp-json\/wp\/v2\/product_cat?post=7016"},{"taxonomy":"product_tag","embeddable":true,"href":"https:\/\/fmp-components.com\/sk\/wp-json\/wp\/v2\/product_tag?post=7016"}],"curies":[{"name":"pracovn\u00fd list","href":"https:\/\/api.w.org\/{rel}","templated":true}]}}