{"id":7012,"date":"2025-03-14T06:22:07","date_gmt":"2025-03-14T06:22:07","guid":{"rendered":"https:\/\/fmp-components.com\/?post_type=product&#038;p=7012"},"modified":"2025-03-27T01:30:42","modified_gmt":"2025-03-27T01:30:42","slug":"plastic-bevel-gears","status":"publish","type":"product","link":"https:\/\/fmp-components.com\/sk\/product\/plastic-bevel-gears\/","title":{"rendered":"Plastov\u00e9 ku\u017ee\u013eov\u00e9 ozuben\u00e9 koles\u00e1"},"content":{"rendered":"<h2>Popis plastov\u00fdch ku\u017ee\u013eov\u00fdch ozuben\u00fdch kolies<\/h2>\n<p>Rozmer: \u03a612<br \/>\nModul: M0.25<br \/>\nTyp materi\u00e1lu: Plast, POM, nylon\u2026 pod\u013ea po\u017eiadaviek z\u00e1kazn\u00edka<br \/>\nPomery: 1:1, 2:1, 3:1, 4:1, 5:1<br \/>\nPrev\u00e1dzkov\u00e1 teplota: -40 \u00b0C a\u017e 80 \u00b0C<\/p>\n<table style=\"border-collapse: collapse; width: 102.442%; height: 315px;\" border=\"0\" width=\"163\" cellspacing=\"0\" cellpadding=\"0\">\n<tbody>\n<tr style=\"height: 14.40pt;\">\n<td style=\"height: 14.40pt; width: 49.80pt;\" align=\"right\" width=\"83\" height=\"24\"><img loading=\"lazy\" decoding=\"async\" class=\"alignnone size-full wp-image-7014\" src=\"https:\/\/fmp-components.com\/wp-content\/uploads\/2025\/03\/Plastic-Bevel-Gears-1.webp\" alt=\"Plastov\u00e9 ku\u017ee\u013eov\u00e9 ozuben\u00e9 koles\u00e1\" width=\"520\" height=\"360\" title=\"\" srcset=\"https:\/\/fmp-components.com\/wp-content\/uploads\/2025\/03\/Plastic-Bevel-Gears-1.webp 520w, https:\/\/fmp-components.com\/wp-content\/uploads\/2025\/03\/Plastic-Bevel-Gears-1-480x332.webp 480w\" sizes=\"(min-width: 0px) and (max-width: 480px) 480px, (min-width: 481px) 520px, 100vw\" \/><\/td>\n<td style=\"width: 48.00pt;\" align=\"right\" width=\"80\"><img loading=\"lazy\" decoding=\"async\" class=\"alignnone size-full wp-image-7013\" src=\"https:\/\/fmp-components.com\/wp-content\/uploads\/2025\/03\/Plastic-Bevel-Gears.webp\" alt=\"Plastov\u00e9 ku\u017ee\u013eov\u00e9 ozuben\u00e9 koles\u00e1\" width=\"520\" height=\"360\" title=\"\" srcset=\"https:\/\/fmp-components.com\/wp-content\/uploads\/2025\/03\/Plastic-Bevel-Gears.webp 520w, https:\/\/fmp-components.com\/wp-content\/uploads\/2025\/03\/Plastic-Bevel-Gears-480x332.webp 480w\" sizes=\"(min-width: 0px) and (max-width: 480px) 480px, (min-width: 481px) 520px, 100vw\" \/><\/td>\n<\/tr>\n<\/tbody>\n<\/table>\n<table style=\"width: 101.183%; height: 1072px;\" border=\"1\" cellspacing=\"0\" cellpadding=\"0\">\n<thead>\n<tr>\n<th rowspan=\"2\">\u010c\u00edslo dielu<br \/>\n(Odkaz)<\/th>\n<td rowspan=\"2\">V\u00fd\u0161ka t\u00f3nu<br \/>\n(modifikovan\u00fd)<\/td>\n<th rowspan=\"2\">Nie.<br \/>\nz<br \/>\nZuby<\/th>\n<th colspan=\"9\" align=\"left\">V\u0161etky rozmery v mm<\/th>\n<th rowspan=\"2\">Mosadz<br \/>\nVlo\u017ei\u0165<br \/>\na<br \/>\nSada<br \/>\nSkrutka<\/th>\n<\/tr>\n<tr>\n<th>Vonku<br \/>\nPriemer.<\/th>\n<th>V\u00fd\u0161ka t\u00f3nu<br \/>\nPriemer.<\/th>\n<th>V\u0155tanie<br \/>\nPriemer.<br \/>\n\u201eB\u201c<\/th>\n<td>CD<\/td>\n<td>Centrum<br \/>\npriemer 'C'<\/td>\n<td>\u0160\u00e9f<br \/>\nD\u013a\u017eka \u201eE\u201c<\/td>\n<td>Zub<br \/>\n\u0160\u00edrka 'F'<\/td>\n<td>D\u013a\u017eka<br \/>\nG<\/td>\n<td>D\u013a\u017eka<br \/>\nH<\/td>\n<\/tr>\n<tr>\n<td colspan=\"13\">Pomer 1:1<\/td>\n<\/tr>\n<\/thead>\n<tbody>\n<tr>\n<td>GB05M016<\/td>\n<td>0.5<\/td>\n<td>16<\/td>\n<td>8.7<\/td>\n<td>8.0<\/td>\n<td>3.0<\/td>\n<td>10.5<\/td>\n<td>7.0<\/td>\n<td>6.0<\/td>\n<td>2.0<\/td>\n<td>8.0<\/td>\n<td>8.0<\/td>\n<td><img decoding=\"async\" src=\"https:\/\/www.motionco.co.uk\/image\/data\/motionco\/no_icon_back.png\" alt=\"Nie\" title=\"\"><\/td>\n<\/tr>\n<tr>\n<td><\/td>\n<td><\/td>\n<td><\/td>\n<td><\/td>\n<td><\/td>\n<td><\/td>\n<td><\/td>\n<td><\/td>\n<td><\/td>\n<td><\/td>\n<td><\/td>\n<td><\/td>\n<td><\/td>\n<\/tr>\n<tr>\n<td>GB1M016<\/td>\n<td>1<\/td>\n<td>16<\/td>\n<td>17.6<\/td>\n<td>16<\/td>\n<td>5.0<\/td>\n<td>18.4<\/td>\n<td>12.0<\/td>\n<td>8.0<\/td>\n<td>4.7<\/td>\n<td>13.6<\/td>\n<td>13.6<\/td>\n<td><img decoding=\"async\" src=\"https:\/\/www.motionco.co.uk\/image\/data\/motionco\/no_icon_back.png\" alt=\"Nie\" title=\"\"><\/td>\n<\/tr>\n<tr>\n<td><\/td>\n<td><\/td>\n<td><\/td>\n<td><\/td>\n<td><\/td>\n<td><\/td>\n<td><\/td>\n<td><\/td>\n<td><\/td>\n<td><\/td>\n<td><\/td>\n<td><\/td>\n<td><\/td>\n<\/tr>\n<tr>\n<td>GB1M016BS<\/td>\n<td>1<\/td>\n<td>16<\/td>\n<td>17.6<\/td>\n<td>16<\/td>\n<td>5.0<\/td>\n<td>18.4<\/td>\n<td>16.0<\/td>\n<td>8.0<\/td>\n<td>4.7<\/td>\n<td>13.6<\/td>\n<td>13.6<\/td>\n<td><img decoding=\"async\" src=\"https:\/\/www.motionco.co.uk\/image\/data\/motionco\/affirmative.png\" alt=\"\u00c1no\" title=\"\"><\/td>\n<\/tr>\n<\/tbody>\n<thead>\n<tr>\n<td colspan=\"13\">Pomer 2:1<\/td>\n<\/tr>\n<\/thead>\n<tbody>\n<tr>\n<td rowspan=\"2\">GB1M215030<\/td>\n<td rowspan=\"2\">1<\/td>\n<td>15<\/td>\n<td>16.8<\/td>\n<td>15.0<\/td>\n<td>5.0<\/td>\n<td>26.4<\/td>\n<td>12.2<\/td>\n<td>10.6<\/td>\n<td>6.6<\/td>\n<td>17.0<\/td>\n<td>17.0<\/td>\n<td><img decoding=\"async\" src=\"https:\/\/www.motionco.co.uk\/image\/data\/motionco\/no_icon_back.png\" alt=\"Nie\" title=\"\"><\/td>\n<\/tr>\n<tr>\n<td>30<\/td>\n<td>31.1<\/td>\n<td>30.0<\/td>\n<td>8.0<\/td>\n<td>20.9<\/td>\n<td>18.0<\/td>\n<td>9.1<\/td>\n<td>6.6<\/td>\n<td>14.8<\/td>\n<td>16.2<\/td>\n<td><img decoding=\"async\" src=\"https:\/\/www.motionco.co.uk\/image\/data\/motionco\/no_icon_back.png\" alt=\"Nie\" title=\"\"><\/td>\n<\/tr>\n<tr>\n<td><\/td>\n<td><\/td>\n<td><\/td>\n<td><\/td>\n<td><\/td>\n<td><\/td>\n<td><\/td>\n<td><\/td>\n<td><\/td>\n<td><\/td>\n<td><\/td>\n<td><\/td>\n<td><\/td>\n<\/tr>\n<tr>\n<td rowspan=\"2\">GB1M215030BS<\/td>\n<td rowspan=\"2\">1<\/td>\n<td>15<\/td>\n<td>16.8<\/td>\n<td>15.0<\/td>\n<td>5.0<\/td>\n<td>26.4<\/td>\n<td>16.0<\/td>\n<td>10.6<\/td>\n<td>6.6<\/td>\n<td>17.0<\/td>\n<td>17.0<\/td>\n<td><img decoding=\"async\" src=\"https:\/\/www.motionco.co.uk\/image\/data\/motionco\/affirmative.png\" alt=\"\u00c1no\" title=\"\"><\/td>\n<\/tr>\n<tr>\n<td>30<\/td>\n<td>31.1<\/td>\n<td>30.0<\/td>\n<td>4.0<\/td>\n<td>20.9<\/td>\n<td>18.0<\/td>\n<td>9.1<\/td>\n<td>6.6<\/td>\n<td>14.8<\/td>\n<td>16.2<\/td>\n<td><img decoding=\"async\" src=\"https:\/\/www.motionco.co.uk\/image\/data\/motionco\/affirmative.png\" alt=\"\u00c1no\" title=\"\"><\/td>\n<\/tr>\n<\/tbody>\n<thead>\n<tr>\n<td colspan=\"13\">Pomer 3:1<\/td>\n<\/tr>\n<\/thead>\n<tbody>\n<tr>\n<td rowspan=\"2\">GB1M315045<\/td>\n<td rowspan=\"2\">1<\/td>\n<td>15<\/td>\n<td>16.6<\/td>\n<td>15.0<\/td>\n<td>5.0<\/td>\n<td>34.3<\/td>\n<td>12.3<\/td>\n<td>11.0<\/td>\n<td>9.2<\/td>\n<td><\/td>\n<td>20.4<\/td>\n<td><img decoding=\"async\" src=\"https:\/\/www.motionco.co.uk\/image\/data\/motionco\/no_icon_back.png\" alt=\"Nie\" title=\"\"><\/td>\n<\/tr>\n<tr>\n<td>45<\/td>\n<td>46.1<\/td>\n<td>45.0<\/td>\n<td>10.0<\/td>\n<td>22.7<\/td>\n<td>23.4<\/td>\n<td>9.6<\/td>\n<td>9.2<\/td>\n<td>16.5<\/td>\n<td>18.2<\/td>\n<td><img decoding=\"async\" src=\"https:\/\/www.motionco.co.uk\/image\/data\/motionco\/no_icon_back.png\" alt=\"Nie\" title=\"\"><\/td>\n<\/tr>\n<tr>\n<td><\/td>\n<td><\/td>\n<td><\/td>\n<td><\/td>\n<td><\/td>\n<td><\/td>\n<td><\/td>\n<td><\/td>\n<td><\/td>\n<td><\/td>\n<td><\/td>\n<td><\/td>\n<td><\/td>\n<\/tr>\n<tr>\n<td rowspan=\"2\">GB1M315045BS<\/td>\n<td rowspan=\"2\">1<\/td>\n<td>15<\/td>\n<td>16.6<\/td>\n<td>15.0<\/td>\n<td>5.0<\/td>\n<td>34.3<\/td>\n<td>16.0<\/td>\n<td>11.0<\/td>\n<td>9.2<\/td>\n<td><\/td>\n<td>20.4<\/td>\n<td><img decoding=\"async\" src=\"https:\/\/www.motionco.co.uk\/image\/data\/motionco\/affirmative.png\" alt=\"\u00c1no\" title=\"\"><\/td>\n<\/tr>\n<tr>\n<td>45<\/td>\n<td>46.1<\/td>\n<td>45.0<\/td>\n<td>6.0<\/td>\n<td>22.7<\/td>\n<td>23.4<\/td>\n<td>9.6<\/td>\n<td>9.2<\/td>\n<td>16.5<\/td>\n<td>18.2<\/td>\n<td><img decoding=\"async\" src=\"https:\/\/www.motionco.co.uk\/image\/data\/motionco\/affirmative.png\" alt=\"\u00c1no\" title=\"\"><\/td>\n<\/tr>\n<\/tbody>\n<thead>\n<tr>\n<td colspan=\"13\">Pomer 4:1<\/td>\n<\/tr>\n<\/thead>\n<tbody>\n<tr>\n<td rowspan=\"2\">GB1M410040<\/td>\n<td rowspan=\"2\">1<\/td>\n<td>10<\/td>\n<td>12.0<\/td>\n<td>10.0<\/td>\n<td>4.0<\/td>\n<td>30.1<\/td>\n<td>7.8<\/td>\n<td>9.3<\/td>\n<td>8.2<\/td>\n<td><\/td>\n<td>17.7<\/td>\n<td><img decoding=\"async\" src=\"https:\/\/www.motionco.co.uk\/image\/data\/motionco\/no_icon_back.png\" alt=\"Nie\" title=\"\"><\/td>\n<\/tr>\n<tr>\n<td>40<\/td>\n<td>40.8<\/td>\n<td>40.0<\/td>\n<td>10.0<\/td>\n<td>20.1<\/td>\n<td>23.4<\/td>\n<td>10.8<\/td>\n<td>8.2<\/td>\n<td>15.7<\/td>\n<td>17.0<\/td>\n<td><img decoding=\"async\" src=\"https:\/\/www.motionco.co.uk\/image\/data\/motionco\/no_icon_back.png\" alt=\"Nie\" title=\"\"><\/td>\n<\/tr>\n<tr>\n<td><\/td>\n<td><\/td>\n<td><\/td>\n<td><\/td>\n<td><\/td>\n<td><\/td>\n<td><\/td>\n<td><\/td>\n<td><\/td>\n<td><\/td>\n<td><\/td>\n<td><\/td>\n<td><\/td>\n<\/tr>\n<tr>\n<td rowspan=\"2\">GB1M410040BS<\/td>\n<td rowspan=\"2\">1<\/td>\n<td>10<\/td>\n<td>12.0<\/td>\n<td>10.0<\/td>\n<td>4.0<\/td>\n<td>30.1<\/td>\n<td>12.7<\/td>\n<td>9.3<\/td>\n<td>8.2<\/td>\n<td><\/td>\n<td>17.7<\/td>\n<td><img decoding=\"async\" src=\"https:\/\/www.motionco.co.uk\/image\/data\/motionco\/affirmative.png\" alt=\"\u00c1no\" title=\"\"><\/td>\n<\/tr>\n<tr>\n<td>40<\/td>\n<td>40.8<\/td>\n<td>40.0<\/td>\n<td>6.0<\/td>\n<td>20.1<\/td>\n<td>23.4<\/td>\n<td>10.8<\/td>\n<td>8.2<\/td>\n<td>15.7<\/td>\n<td>17.0<\/td>\n<td><img decoding=\"async\" src=\"https:\/\/www.motionco.co.uk\/image\/data\/motionco\/affirmative.png\" alt=\"\u00c1no\" title=\"\"><\/td>\n<\/tr>\n<\/tbody>\n<thead>\n<tr>\n<td colspan=\"13\">Pomer 5:1<\/td>\n<\/tr>\n<\/thead>\n<tbody>\n<tr>\n<td rowspan=\"2\">GB1M512060<\/td>\n<td rowspan=\"2\">1<\/td>\n<td>12<\/td>\n<td>13.7<\/td>\n<td>12.0<\/td>\n<td>4.0<\/td>\n<td>40.5<\/td>\n<td>9.5<\/td>\n<td>10.0<\/td>\n<td>9.5<\/td>\n<td><\/td>\n<td>20.3<\/td>\n<td><img decoding=\"async\" src=\"https:\/\/www.motionco.co.uk\/image\/data\/motionco\/no_icon_back.png\" alt=\"Nie\" title=\"\"><\/td>\n<\/tr>\n<tr>\n<td>60<\/td>\n<td>60.4<\/td>\n<td>60<\/td>\n<td>10.0<\/td>\n<td>21.0<\/td>\n<td>20.5<\/td>\n<td>11.0<\/td>\n<td>9.5<\/td>\n<td>15.5<\/td>\n<td>17.4<\/td>\n<td><img decoding=\"async\" src=\"https:\/\/www.motionco.co.uk\/image\/data\/motionco\/no_icon_back.png\" alt=\"Nie\" title=\"\"><\/td>\n<\/tr>\n<tr>\n<td><\/td>\n<td><\/td>\n<td><\/td>\n<td><\/td>\n<td><\/td>\n<td><\/td>\n<td><\/td>\n<td><\/td>\n<td><\/td>\n<td><\/td>\n<td><\/td>\n<td><\/td>\n<td><\/td>\n<\/tr>\n<tr>\n<td rowspan=\"2\">GB1M512060BS<\/td>\n<td rowspan=\"2\">1<\/td>\n<td>12<\/td>\n<td>13.7<\/td>\n<td>12.0<\/td>\n<td>4.0<\/td>\n<td>40.5<\/td>\n<td>14.3<\/td>\n<td>10.0<\/td>\n<td>9.5<\/td>\n<td><\/td>\n<td>20.3<\/td>\n<td><img decoding=\"async\" src=\"https:\/\/www.motionco.co.uk\/image\/data\/motionco\/affirmative.png\" alt=\"\u00c1no\" title=\"\"><\/td>\n<\/tr>\n<tr>\n<td>60<\/td>\n<td>60.4<\/td>\n<td>60<\/td>\n<td>6.0<\/td>\n<td>21.0<\/td>\n<td>20.5<\/td>\n<td>11.0<\/td>\n<td>9.5<\/td>\n<td>15.5<\/td>\n<td>17.4<\/td>\n<td><img decoding=\"async\" src=\"https:\/\/www.motionco.co.uk\/image\/data\/motionco\/affirmative.png\" alt=\"\u00c1no\" title=\"\"><\/td>\n<\/tr>\n<tr>\n<td><\/td>\n<td><\/td>\n<td><\/td>\n<td><\/td>\n<td><\/td>\n<td><\/td>\n<td><\/td>\n<td><\/td>\n<td><\/td>\n<td><\/td>\n<td><\/td>\n<td><\/td>\n<td><\/td>\n<\/tr>\n<tr>\n<td>GB1M512*<\/td>\n<td>1<\/td>\n<td>12<\/td>\n<td>13.7<\/td>\n<td>12.0<\/td>\n<td>4.0<\/td>\n<td>40.5<\/td>\n<td>9.5<\/td>\n<td>10.0<\/td>\n<td>9.5<\/td>\n<td><\/td>\n<td>20.3<\/td>\n<td><img decoding=\"async\" src=\"https:\/\/www.motionco.co.uk\/image\/data\/motionco\/no_icon_back.png\" alt=\"Nie\" title=\"\"><\/td>\n<\/tr>\n<tr>\n<td>GB1M512BS*<\/td>\n<td>1<\/td>\n<td>12<\/td>\n<td>13.7<\/td>\n<td>12.0<\/td>\n<td>4.0<\/td>\n<td>40.5<\/td>\n<td>14.3<\/td>\n<td>10.0<\/td>\n<td>9.5<\/td>\n<td><\/td>\n<td>20.3<\/td>\n<td><img decoding=\"async\" src=\"https:\/\/www.motionco.co.uk\/image\/data\/motionco\/affirmative.png\" alt=\"\u00c1no\" title=\"\"><\/td>\n<\/tr>\n<\/tbody>\n<thead>\n<tr>\n<td colspan=\"13\">*Pozn\u00e1mka: Tieto ozuben\u00e9 koles\u00e1 s\u00fa kompatibiln\u00e9 iba so 60-zubov\u00fdmi ku\u017ee\u013eov\u00fdmi kolesami. Ich geometria nie je kompatibiln\u00e1 s in\u00fdmi ozuben\u00fdmi kolesami.<\/td>\n<\/tr>\n<\/thead>\n<\/table>\n<h2>\u0160pecifik\u00e1cia plastov\u00fdch ku\u017ee\u013eov\u00fdch ozuben\u00fdch kolies<\/h2>\n<div class=\"table-responsive\">\n<table class=\"table\" style=\"width: 102.218%; height: 370px;\" border=\"1\" cellspacing=\"0\" cellpadding=\"0\">\n<tbody>\n<tr>\n<td style=\"width: 99.7543%;\" colspan=\"2\">Plastov\u00e9 ku\u017ee\u013eov\u00e9 ozuben\u00e9 koleso<\/td>\n<\/tr>\n<tr>\n<td style=\"width: 21.7445%;\">Rozmer<\/td>\n<td style=\"width: 78.0098%;\">\u03a63 mm - \u03a6120 mm<\/td>\n<\/tr>\n<tr>\n<td style=\"width: 21.7445%;\">Modul<\/td>\n<td style=\"width: 78.0098%;\">M0,15, M0,2, M0,25 \u2013 M0,8, M0,8<br \/>\nM1.5<\/td>\n<\/tr>\n<tr>\n<td style=\"width: 21.7445%;\">Typ materi\u00e1lu<\/td>\n<td style=\"width: 78.0098%;\">POM, PA, PPA, PBT PEEK pod\u013ea vlastn\u00e9ho uv\u00e1\u017eenia<\/td>\n<\/tr>\n<tr>\n<td style=\"width: 21.7445%;\">Stupe\u0148 sie\u0165ovania<\/td>\n<td style=\"width: 78.0098%;\">GB 6, ISO 6, JGMA 1, JIS 6, AGMA 13, DIN 6, DIN5<\/td>\n<\/tr>\n<tr>\n<td style=\"width: 21.7445%;\">Aplik\u00e1cia<\/td>\n<td style=\"width: 78.0098%;\">Lek\u00e1rske, Priemyseln\u00e9, Automobilov\u00e9, Vojensk\u00e9, Lietadlov\u00e9, Mechanick\u00e9, Automatick\u00e9<\/td>\n<\/tr>\n<tr>\n<td style=\"width: 21.7445%;\">Prisp\u00f4soben\u00e9<\/td>\n<td style=\"width: 78.0098%;\">ODM\/OEM<\/td>\n<\/tr>\n<tr>\n<td style=\"width: 21.7445%;\">Vzorka<\/td>\n<td style=\"width: 78.0098%;\">Vzorka k dispoz\u00edcii<\/td>\n<\/tr>\n<tr>\n<td style=\"width: 21.7445%;\">Sp\u00f4soby balenia<\/td>\n<td style=\"width: 78.0098%;\">V\u00e1kuovo balen\u00e9 s plastovou miskou<\/td>\n<\/tr>\n<tr>\n<td style=\"width: 21.7445%;\">Sp\u00f4soby doru\u010denia<\/td>\n<td style=\"width: 78.0098%;\">DHL &amp; TNT &amp; FedEx &amp; UPS<\/td>\n<\/tr>\n<tr>\n<td style=\"width: 21.7445%;\">Certifik\u00e1t<\/td>\n<td style=\"width: 78.0098%;\">ISO 9001: 2008\/TS16949<\/td>\n<\/tr>\n<\/tbody>\n<\/table>\n<h2>Vlastnosti plastov\u00fdch ku\u017ee\u013eov\u00fdch ozuben\u00fdch kolies<\/h2>\n<\/div>\n<div>\n<ul>\n<li class=\"break-words\"><strong>\u013dahk\u00e1 kon\u0161trukcia<\/strong>Plast <a href=\"https:\/\/fmp-components.com\/sk\/bevel-gear-2\/\">ku\u017ee\u013eov\u00e9 ozuben\u00e9 koles\u00e1<\/a> s\u00fa v\u00fdrazne \u013eah\u0161ie ako ich kovov\u00e9 n\u00e1protivky v\u010faka pou\u017eitiu materi\u00e1lov ako nylon, acetal alebo polykarbon\u00e1t. To zni\u017euje celkov\u00fa hmotnos\u0165 strojov a zlep\u0161uje efektivitu v aplik\u00e1ci\u00e1ch, kde je hmotnos\u0165 d\u00f4le\u017eit\u00e1.<\/li>\n<li class=\"break-words\"><strong>Odolnos\u0165 proti kor\u00f3zii<\/strong>Na rozdiel od kovov\u00fdch ozuben\u00fdch kolies s\u00fa plastov\u00e9 ku\u017ee\u013eov\u00e9 ozuben\u00e9 koles\u00e1 vysoko odoln\u00e9 vo\u010di kor\u00f3zii a hrdzi, v\u010faka \u010domu s\u00fa ide\u00e1lne na pou\u017eitie vo vlhkom, mokrom alebo chemicky agres\u00edvnom prostred\u00ed bez potreby dodato\u010dn\u00fdch ochrann\u00fdch n\u00e1terov.<\/li>\n<li class=\"break-words\"><strong>Tich\u00e1 prev\u00e1dzka<\/strong>V\u010faka inherentn\u00fdm tlmiacim vlastnostiam plastov\u00fdch materi\u00e1lov je ich prev\u00e1dzka v porovnan\u00ed s kovov\u00fdmi prevodmi tich\u0161ia. V\u010faka tomu s\u00fa vhodn\u00e9 pre aplik\u00e1cie, kde je prioritou zn\u00ed\u017eenie hluku, napr\u00edklad v dom\u00e1cich spotrebi\u010doch alebo kancel\u00e1rskych zariadeniach.<\/li>\n<li class=\"break-words\"><strong>N\u00e1kladovo efekt\u00edvna v\u00fdroba<\/strong>Plastov\u00e9 ku\u017ee\u013eov\u00e9 ozuben\u00e9 koles\u00e1 sa daj\u00fa hromadne vyr\u00e1ba\u0165 vstrekovan\u00edm plastov alebo in\u00fdmi ekonomick\u00fdmi v\u00fdrobn\u00fdmi procesmi, \u010do vedie k ni\u017e\u0161\u00edm v\u00fdrobn\u00fdm n\u00e1kladom a rob\u00ed z nich cenovo dostupn\u00fa vo\u013ebu pre mnoh\u00e9 odvetvia.<\/li>\n<li class=\"break-words\"><strong>Samomazacie vlastnosti<\/strong>Mnoh\u00e9 plastov\u00e9 materi\u00e1ly pou\u017e\u00edvan\u00e9 v ku\u017ee\u013eov\u00fdch prevodoch, ako napr\u00edklad nylon alebo plasty s pr\u00eddavkom PTFE, maj\u00fa prirodzen\u00fa mazivos\u0165, \u010do zni\u017euje potrebu extern\u00e9ho mazania a minimalizuje po\u017eiadavky na \u00fadr\u017ebu mechanick\u00fdch syst\u00e9mov.<\/li>\n<\/ul>\n<div>\n<h3>Aplik\u00e1cie plastov\u00fdch ku\u017ee\u013eov\u00fdch ozuben\u00fdch kolies<\/h3>\n<p class=\"break-words\">Plastov\u00e9 ku\u017ee\u013eov\u00e9 ozuben\u00e9 koles\u00e1, hoci s\u00fa menej pevn\u00e9 ako oce\u013eov\u00e9 ozuben\u00e9 koles\u00e1, pon\u00fakaj\u00fa odolnos\u0165 vo\u010di opotrebovaniu a tich\u00fd chod. S\u00fa ide\u00e1lne na:<\/p>\n<ol class=\"marker:text-secondary\">\n<li class=\"break-words\"><strong>Zariadenia na automatiz\u00e1ciu kancel\u00e1ri\u00ed<\/strong>Pou\u017e\u00edva sa v tla\u010diar\u0148ach a kop\u00edrkach pre plynul\u00e9 a tich\u00e9 pohonn\u00e9 syst\u00e9my.<\/li>\n<li class=\"break-words\"><strong>Elektronick\u00e9 naklada\u010de tovaru<\/strong>Nach\u00e1dza sa v DVD prehr\u00e1va\u010doch a mal\u00fdch spotrebi\u010doch pre spo\u013eahliv\u00fd a \u013eahk\u00fd pohyb.<\/li>\n<li class=\"break-words\"><strong>Hra\u010dky<\/strong>Be\u017en\u00e9 v aut\u00ed\u010dkach a robotoch, pri\u010dom sa vyva\u017euje cena, odolnos\u0165 a n\u00edzka hlu\u010dnos\u0165.<\/li>\n<\/ol>\n<p class=\"break-words\">Ich siln\u00e9 str\u00e1nky s\u00fa vhodn\u00e9 pre \u013eah\u0161ie pou\u017eitie, kde \u00fa\u010dinnos\u0165 preva\u017euje nad potrebou vysokej pevnosti.<\/p>\n<table style=\"border-collapse: collapse; width: 102.488%; height: 329px;\" border=\"0\" width=\"163\" cellspacing=\"0\" cellpadding=\"0\">\n<tbody>\n<tr style=\"height: 14.40pt;\">\n<td style=\"height: 14.4pt; width: 49.8775%;\" width=\"83\" height=\"24\"><img loading=\"lazy\" decoding=\"async\" class=\"wp-image-7018 aligncenter\" src=\"https:\/\/fmp-components.com\/wp-content\/uploads\/2025\/03\/Plastic-Bevel-Gears-Applications-1.webp\" alt=\"Aplik\u00e1cie plastov\u00fdch ku\u017ee\u013eov\u00fdch ozuben\u00fdch kolies\" width=\"413\" height=\"295\" title=\"\"><\/td>\n<td style=\"width: 50%;\" align=\"right\" width=\"80\"><img loading=\"lazy\" decoding=\"async\" class=\"wp-image-7017 aligncenter\" src=\"https:\/\/fmp-components.com\/wp-content\/uploads\/2025\/03\/Plastic-Bevel-Gears-Applications.webp\" alt=\"Aplik\u00e1cie plastov\u00fdch ku\u017ee\u013eov\u00fdch ozuben\u00fdch kolies\" width=\"405\" height=\"289\" title=\"\"><\/td>\n<\/tr>\n<\/tbody>\n<\/table>\n<h3>Dod\u00e1vate\u013e plastov\u00fdch ku\u017ee\u013eov\u00fdch ozuben\u00fdch kolies<\/h3>\n<p>FMP m\u00e1 v\u0161etky plastov\u00e9 ozuben\u00e9 koles\u00e1, ktor\u00e9 potrebujete. Pon\u00fakame presn\u00e9 plastov\u00e9 \u010deln\u00e9 ozuben\u00e9 koles\u00e1, plastov\u00e9 hrebene, plastov\u00e9 \u0161pir\u00e1lov\u00e9 a ku\u017ee\u013eov\u00e9 ozuben\u00e9 koles\u00e1, plastov\u00e9 z\u00e1vitovkov\u00e9 ozuben\u00e9 koles\u00e1 a \u0161neky, plastov\u00e9 ku\u017ee\u013eov\u00e9 ozuben\u00e9 koles\u00e1, plastov\u00e9 ozuben\u00e9 koles\u00e1, plastov\u00e9 pastorky a plastov\u00e9 hrebene.<\/p>\n<p>Zavolajte n\u00e1m, ak potrebujete pomoc s n\u00e1jden\u00edm spr\u00e1vneho prevodov\u00e9ho stup\u0148a alebo \u00fapravou \u0161tandardnej polo\u017eky z katal\u00f3gu alebo z\u00e1kazkov\u00e9ho n\u00e1vrhu; na\u0161i technici v\u00e1m poskytn\u00fa najlep\u0161ie rie\u0161enie pre va\u0161u aplik\u00e1ciu.<\/p>\n<p><img loading=\"lazy\" decoding=\"async\" class=\"alignnone size-full wp-image-7019\" src=\"https:\/\/fmp-components.com\/wp-content\/uploads\/2025\/03\/Plastic-Bevel-Gears-Supplier1.webp\" alt=\"Dod\u00e1vate\u013e plastov\u00fdch ku\u017ee\u013eov\u00fdch ozuben\u00fdch kolies\" width=\"1200\" height=\"1000\" title=\"\" srcset=\"https:\/\/fmp-components.com\/wp-content\/uploads\/2025\/03\/Plastic-Bevel-Gears-Supplier1.webp 1200w, https:\/\/fmp-components.com\/wp-content\/uploads\/2025\/03\/Plastic-Bevel-Gears-Supplier1-980x817.webp 980w, https:\/\/fmp-components.com\/wp-content\/uploads\/2025\/03\/Plastic-Bevel-Gears-Supplier1-480x400.webp 480w\" sizes=\"(min-width: 0px) and (max-width: 480px) 480px, (min-width: 481px) and (max-width: 980px) 980px, (min-width: 981px) 1200px, 100vw\" \/><\/p>\n<\/div>\n<\/div>\n<div class=\"table-responsive\">\n<h2>O FMP<\/h2>\n<p>FMP je popredn\u00fd taliansky v\u00fdrobca ozuben\u00fdch kolies a ozuben\u00fdch ty\u010d\u00ed, zn\u00e1my svojou odbornos\u0165ou vo v\u00fdrobe \u0161tandardn\u00fdch komponentov aj z\u00e1kazkov\u00fdch rie\u0161en\u00ed. Okrem n\u00e1\u0161ho sortimentu \u0161tandardn\u00fdch dielov sa FMP \u0161pecializuje na v\u00fdrobu \u0161tandardn\u00fdch a \u0161pecializovan\u00fdch ozuben\u00fdch kolies na z\u00e1klade v\u00fdkresov alebo vzoriek poskytnut\u00fdch na\u0161imi klientmi. Na\u0161e ozuben\u00e9 koles\u00e1 s\u00fa dostupn\u00e9 v r\u00f4znych materi\u00e1loch vr\u00e1tane uhl\u00edkovej ocele, nehrdzavej\u00facej ocele, hlin\u00edka, medi, mosadze a plastov\u00fdch \u0161pir\u00e1lov\u00fdch alebo \u010deln\u00fdch konfigur\u00e1ci\u00ed. Ak m\u00e1te ak\u00e9ko\u013evek po\u017eiadavky na z\u00e1kazkov\u00e9 ozuben\u00e9 koles\u00e1, nev\u00e1hajte n\u00e1s kontaktova\u0165 e-mailom. \u0160pecializovan\u00fd t\u00edm profesion\u00e1lnych in\u017einierov FMP odpovie na va\u0161u po\u017eiadavku do 24 hod\u00edn.<\/p>\n<p><img loading=\"lazy\" decoding=\"async\" class=\"alignnone size-full wp-image-7010\" src=\"https:\/\/fmp-components.com\/wp-content\/uploads\/2025\/03\/bevel-gear-3.webp\" alt=\"ku\u017ee\u013eov\u00e9 ozuben\u00e9 koleso\" width=\"1076\" height=\"721\" title=\"\" srcset=\"https:\/\/fmp-components.com\/wp-content\/uploads\/2025\/03\/bevel-gear-3.webp 1076w, https:\/\/fmp-components.com\/wp-content\/uploads\/2025\/03\/bevel-gear-3-980x657.webp 980w, https:\/\/fmp-components.com\/wp-content\/uploads\/2025\/03\/bevel-gear-3-480x322.webp 480w\" sizes=\"(min-width: 0px) and (max-width: 480px) 480px, (min-width: 481px) and (max-width: 980px) 980px, (min-width: 981px) 1076px, 100vw\" \/><\/p>\n<\/div>","protected":false},"excerpt":{"rendered":"<p>Plastic Bevel Gears Description Dimension:\u03a612 Module: M0.25 Material Type: Plastic, POM, Nylon\u2026as the customer required Ratios: 1:1, 2:1, 3:1, 4:1, 5:1 Operating temperature: -40\u00b0C to 80\u00b0C Part no (Link) Pitch (mod) No. of Teeth All dimensions in mm Brass Insert and Set Screw Outside Dia. Pitch Dia. Bore Dia. &#8220;B&#8221; &#8216;CD&#8217; Hub dia &#8216;C&#8217; Boss [&hellip;]<\/p>","protected":false},"featured_media":4659,"comment_status":"open","ping_status":"closed","template":"","meta":{"_et_pb_use_builder":"","_et_pb_old_content":"","_et_gb_content_width":""},"product_brand":[],"product_cat":[106],"product_tag":[],"class_list":{"0":"post-7012","1":"product","2":"type-product","3":"status-publish","4":"has-post-thumbnail","6":"product_cat-bevel-gears","8":"first","9":"instock","10":"shipping-taxable","11":"product-type-simple"},"_links":{"self":[{"href":"https:\/\/fmp-components.com\/sk\/wp-json\/wp\/v2\/product\/7012","targetHints":{"allow":["GET"]}}],"collection":[{"href":"https:\/\/fmp-components.com\/sk\/wp-json\/wp\/v2\/product"}],"about":[{"href":"https:\/\/fmp-components.com\/sk\/wp-json\/wp\/v2\/types\/product"}],"replies":[{"embeddable":true,"href":"https:\/\/fmp-components.com\/sk\/wp-json\/wp\/v2\/comments?post=7012"}],"wp:featuredmedia":[{"embeddable":true,"href":"https:\/\/fmp-components.com\/sk\/wp-json\/wp\/v2\/media\/4659"}],"wp:attachment":[{"href":"https:\/\/fmp-components.com\/sk\/wp-json\/wp\/v2\/media?parent=7012"}],"wp:term":[{"taxonomy":"product_brand","embeddable":true,"href":"https:\/\/fmp-components.com\/sk\/wp-json\/wp\/v2\/product_brand?post=7012"},{"taxonomy":"product_cat","embeddable":true,"href":"https:\/\/fmp-components.com\/sk\/wp-json\/wp\/v2\/product_cat?post=7012"},{"taxonomy":"product_tag","embeddable":true,"href":"https:\/\/fmp-components.com\/sk\/wp-json\/wp\/v2\/product_tag?post=7012"}],"curies":[{"name":"pracovn\u00fd list","href":"https:\/\/api.w.org\/{rel}","templated":true}]}}