{"id":7011,"date":"2025-03-14T06:16:24","date_gmt":"2025-03-14T06:16:24","guid":{"rendered":"https:\/\/fmp-components.com\/?post_type=product&#038;p=7011"},"modified":"2025-03-27T01:30:59","modified_gmt":"2025-03-27T01:30:59","slug":"metal-bevel-gear","status":"publish","type":"product","link":"https:\/\/fmp-components.com\/sk\/product\/metal-bevel-gear\/","title":{"rendered":"Kovov\u00e9 ku\u017ee\u013eov\u00e9 ozuben\u00e9 koleso"},"content":{"rendered":"<p>Rozmer: \u03a63 mm - \u03a6120 mm<br \/>\nModul: M1.5<br \/>\nTyp materi\u00e1lu: Kov pod\u013ea po\u017eiadaviek z\u00e1kazn\u00edka<\/p>\n<h2>\u0160pecifik\u00e1cia produktu<\/h2>\n<div class=\"table-responsive\">\n<table class=\"table\" style=\"width: 100%; height: 367px;\" border=\"1\">\n<tbody>\n<tr>\n<td colspan=\"2\">Kovov\u00e9 ku\u017ee\u013eov\u00e9 ozuben\u00e9 koleso<\/td>\n<\/tr>\n<tr>\n<td>Rozmer<\/td>\n<td>\u03a68 mm<\/td>\n<\/tr>\n<tr>\n<td>Modul<\/td>\n<td>M0,15 \u2013 M2,0<\/td>\n<\/tr>\n<tr>\n<td>Typ materi\u00e1lu<\/td>\n<td>Kov, bronz, oce\u013e, zliatina, POM, zinok, hlin\u00edk, \u017eelezo, nehrdzavej\u00faca oce\u013e, mosadz, me\u010f<\/td>\n<\/tr>\n<tr>\n<td>Stupe\u0148 sie\u0165ovania<\/td>\n<td>JGMA 1, JIS 6, AGMA 13, DIN 6, DIN 5, AGMA12<\/td>\n<\/tr>\n<tr>\n<td>Aplik\u00e1cia<\/td>\n<td>Automobilov\u00fd priemysel, vojensk\u00fd priemysel, leteck\u00fd priemysel, stroj\u00e1rstvo, priemysel, medic\u00edna<\/td>\n<\/tr>\n<tr>\n<td>Prisp\u00f4soben\u00e9<\/td>\n<td>ODM\/OEM<\/td>\n<\/tr>\n<tr>\n<td>Vzorka<\/td>\n<td>Vzorka k dispoz\u00edcii<\/td>\n<\/tr>\n<tr>\n<td>Sp\u00f4soby balenia<\/td>\n<td>V\u00e1kuovo balen\u00e9 s plastovou miskou<\/td>\n<\/tr>\n<tr>\n<td>Sp\u00f4soby doru\u010denia<\/td>\n<td>DHL a UPS<\/td>\n<\/tr>\n<tr>\n<td>Certifik\u00e1t<\/td>\n<td>ISO 9001: 2008\/TS16949<\/td>\n<\/tr>\n<\/tbody>\n<\/table>\n<\/div>\n<h2>Vlastnosti kovov\u00e9ho ku\u017ee\u013eov\u00e9ho ozuben\u00e9ho kolesa<\/h2>\n<p>Ku\u017ee\u013eovit\u00fd tvar so \u0161ikm\u00fdmi zubami: Kov <a href=\"https:\/\/fmp-components.com\/sk\/bevel-gear-2\/\">ku\u017ee\u013eov\u00e9 ozuben\u00e9 koles\u00e1<\/a> maj\u00fa z\u00fa\u017een\u00fa, ku\u017ee\u013eovit\u00fa \u0161trukt\u00faru so zubami rezan\u00fdmi pod uhlom, \u010do im umo\u017e\u0148uje pren\u00e1\u0161a\u0165 silu medzi pret\u00ednaj\u00facimi sa hriade\u013emi, \u010dasto pod uhlom 90 stup\u0148ov.<br \/>\nVysok\u00e1 pevnos\u0165 a odolnos\u0165: S\u00fa vyroben\u00e9 z robustn\u00fdch kovov, ako je oce\u013e, hlin\u00edk alebo mosadz, a s\u00fa navrhnut\u00e9 tak, aby v priebehu \u010dasu odol\u00e1vali zna\u010dn\u00e9mu mechanick\u00e9mu nam\u00e1haniu, opotrebovaniu a \u0165a\u017ek\u00fdm za\u0165a\u017eeniam.<br \/>\nPresn\u00e9 in\u017einierstvo: S\u00fa vyroben\u00e9 s presn\u00fdmi toleranciami, aby sa zabezpe\u010dil hladk\u00fd z\u00e1ber, efekt\u00edvny prenos v\u00fdkonu a minim\u00e1lna v\u00f4\u013ea, v\u010faka \u010domu s\u00fa vhodn\u00e9 pre vysokov\u00fdkonn\u00e9 aplik\u00e1cie.<br \/>\nOdolnos\u0165 proti kor\u00f3zii: V z\u00e1vislosti od pou\u017eit\u00e9ho kovu (napr. nehrdzavej\u00faca oce\u013e alebo potiahnut\u00e9 zliatiny) sa \u010dasto vyzna\u010duj\u00fa odolnos\u0165ou vo\u010di hrdzi a environment\u00e1lnym vplyvom, \u010do zvy\u0161uje \u017eivotnos\u0165 v n\u00e1ro\u010dn\u00fdch podmienkach.<br \/>\nPrisp\u00f4sobite\u013en\u00e9 profily zubov: K dispoz\u00edcii s\u00fa r\u00f4zne prevedenia zubov \u2013 napr\u00edklad rovn\u00e9, \u0161pir\u00e1lov\u00e9 alebo nulov\u00e9 \u2013 \u010do pon\u00faka v\u0161estrannos\u0165 pri zni\u017eovan\u00ed hluku, zlep\u0161ovan\u00ed rozlo\u017eenia za\u0165a\u017eenia a sp\u013a\u0148an\u00ed \u0161pecifick\u00fdch prev\u00e1dzkov\u00fdch potrieb.<\/p>\n<div class=\"table-responsive\">\n<h2>O FMP<\/h2>\n<p>FMP je popredn\u00fd taliansky v\u00fdrobca ozuben\u00fdch kolies a ozuben\u00fdch ty\u010d\u00ed, zn\u00e1my svojou odbornos\u0165ou vo v\u00fdrobe \u0161tandardn\u00fdch komponentov aj z\u00e1kazkov\u00fdch rie\u0161en\u00ed. Okrem n\u00e1\u0161ho sortimentu \u0161tandardn\u00fdch dielov sa FMP \u0161pecializuje na v\u00fdrobu \u0161tandardn\u00fdch a \u0161pecializovan\u00fdch ozuben\u00fdch kolies na z\u00e1klade v\u00fdkresov alebo vzoriek poskytnut\u00fdch na\u0161imi klientmi. Na\u0161e ozuben\u00e9 koles\u00e1 s\u00fa dostupn\u00e9 v r\u00f4znych materi\u00e1loch vr\u00e1tane uhl\u00edkovej ocele, nehrdzavej\u00facej ocele, hlin\u00edka, medi, mosadze a plastov\u00fdch \u0161pir\u00e1lov\u00fdch alebo \u010deln\u00fdch konfigur\u00e1ci\u00ed. Ak m\u00e1te ak\u00e9ko\u013evek po\u017eiadavky na z\u00e1kazkov\u00e9 ozuben\u00e9 koles\u00e1, nev\u00e1hajte n\u00e1s kontaktova\u0165 e-mailom. \u0160pecializovan\u00fd t\u00edm profesion\u00e1lnych in\u017einierov FMP odpovie na va\u0161u po\u017eiadavku do 24 hod\u00edn.<\/p>\n<p><img loading=\"lazy\" decoding=\"async\" class=\"alignnone size-full wp-image-7010\" src=\"https:\/\/fmp-components.com\/wp-content\/uploads\/2025\/03\/bevel-gear-3.webp\" alt=\"ku\u017ee\u013eov\u00e9 ozuben\u00e9 koleso\" width=\"1076\" height=\"721\" title=\"\" srcset=\"https:\/\/fmp-components.com\/wp-content\/uploads\/2025\/03\/bevel-gear-3.webp 1076w, https:\/\/fmp-components.com\/wp-content\/uploads\/2025\/03\/bevel-gear-3-980x657.webp 980w, https:\/\/fmp-components.com\/wp-content\/uploads\/2025\/03\/bevel-gear-3-480x322.webp 480w\" sizes=\"(min-width: 0px) and (max-width: 480px) 480px, (min-width: 481px) and (max-width: 980px) 980px, (min-width: 981px) 1076px, 100vw\" \/><\/p>\n<\/div>","protected":false},"excerpt":{"rendered":"<p>Dimension:\u03a63mm- \u03a6120mm Module: M1.5 Material Type: Metal as customer required Product Specification Metal Bevel Gear Dimension \u03a68mm Module M0.15-M2.0 Material Type Metal, Bronze, Steel, Alloy, POM, Zinc, Aluminum, Iron, Stainless, Brass, Copper Meshing Grade JGMA 1, JIS 6, AGMA 13, DIN 6,Din5,AGMA12 Application Automotive, Military, Aircraft, Mechanical, industrial, Medical Customized ODM\/OEM Sample Sample available Modes [&hellip;]<\/p>","protected":false},"featured_media":4337,"comment_status":"open","ping_status":"closed","template":"","meta":{"_et_pb_use_builder":"","_et_pb_old_content":"","_et_gb_content_width":""},"product_brand":[],"product_cat":[106],"product_tag":[],"class_list":{"0":"post-7011","1":"product","2":"type-product","3":"status-publish","4":"has-post-thumbnail","6":"product_cat-bevel-gears","8":"first","9":"instock","10":"shipping-taxable","11":"product-type-simple"},"_links":{"self":[{"href":"https:\/\/fmp-components.com\/sk\/wp-json\/wp\/v2\/product\/7011","targetHints":{"allow":["GET"]}}],"collection":[{"href":"https:\/\/fmp-components.com\/sk\/wp-json\/wp\/v2\/product"}],"about":[{"href":"https:\/\/fmp-components.com\/sk\/wp-json\/wp\/v2\/types\/product"}],"replies":[{"embeddable":true,"href":"https:\/\/fmp-components.com\/sk\/wp-json\/wp\/v2\/comments?post=7011"}],"wp:featuredmedia":[{"embeddable":true,"href":"https:\/\/fmp-components.com\/sk\/wp-json\/wp\/v2\/media\/4337"}],"wp:attachment":[{"href":"https:\/\/fmp-components.com\/sk\/wp-json\/wp\/v2\/media?parent=7011"}],"wp:term":[{"taxonomy":"product_brand","embeddable":true,"href":"https:\/\/fmp-components.com\/sk\/wp-json\/wp\/v2\/product_brand?post=7011"},{"taxonomy":"product_cat","embeddable":true,"href":"https:\/\/fmp-components.com\/sk\/wp-json\/wp\/v2\/product_cat?post=7011"},{"taxonomy":"product_tag","embeddable":true,"href":"https:\/\/fmp-components.com\/sk\/wp-json\/wp\/v2\/product_tag?post=7011"}],"curies":[{"name":"pracovn\u00fd list","href":"https:\/\/api.w.org\/{rel}","templated":true}]}}