{"id":7005,"date":"2025-03-14T05:36:02","date_gmt":"2025-03-14T05:36:02","guid":{"rendered":"https:\/\/fmp-components.com\/?post_type=product&#038;p=7005"},"modified":"2025-03-27T01:32:34","modified_gmt":"2025-03-27T01:32:34","slug":"medical-bevel-gear","status":"publish","type":"product","link":"https:\/\/fmp-components.com\/sk\/product\/medical-bevel-gear\/","title":{"rendered":"Lek\u00e1rske ku\u017ee\u013eov\u00e9 ozuben\u00e9 koleso"},"content":{"rendered":"<p>Rozmer: \u03a63 mm - \u03a6120 mm<br \/>\nModul: M0.25<br \/>\nTyp materi\u00e1lu: Kov pod\u013ea po\u017eiadaviek z\u00e1kazn\u00edka<\/p>\n<h2>\u0160pecifik\u00e1cia produktu<\/h2>\n<div class=\"table-responsive\">\n<table class=\"table\" style=\"width: 98.375%; height: 341px;\" border=\"1\">\n<tbody>\n<tr>\n<td colspan=\"2\">Lek\u00e1rske ku\u017ee\u013eov\u00e9 ozuben\u00e9 koleso<\/td>\n<\/tr>\n<tr>\n<td>Rozmer<\/td>\n<td>\u03a66 mm<\/td>\n<\/tr>\n<tr>\n<td>Modul<\/td>\n<td>M0,15 \u2013 M2,2<\/td>\n<\/tr>\n<tr>\n<td>Typ materi\u00e1lu<\/td>\n<td>Kov, bronz, oce\u013e, zliatina, POM, zinok, hlin\u00edk, \u017eelezo, nehrdzavej\u00faca oce\u013e, mosadz, me\u010f<\/td>\n<\/tr>\n<tr>\n<td>Stupe\u0148 sie\u0165ovania<\/td>\n<td>ISO6, JGMA 1, JIS 6, AGMA 13, DIN 6, DIN 5, AGMA12<\/td>\n<\/tr>\n<tr>\n<td>Aplik\u00e1cia<\/td>\n<td>Automobilov\u00fd priemysel, vojensk\u00fd priemysel, leteck\u00fd priemysel, stroj\u00e1rstvo, priemysel, medic\u00edna<\/td>\n<\/tr>\n<tr>\n<td>Prisp\u00f4soben\u00e9<\/td>\n<td>ODM\/OEM<\/td>\n<\/tr>\n<tr>\n<td>Vzorka<\/td>\n<td>Vzorka k dispoz\u00edcii<\/td>\n<\/tr>\n<tr>\n<td>Sp\u00f4soby balenia<\/td>\n<td>V\u00e1kuovo balen\u00e9 s plastovou miskou<\/td>\n<\/tr>\n<tr>\n<td>Sp\u00f4soby doru\u010denia<\/td>\n<td>DHL a UPS<\/td>\n<\/tr>\n<tr>\n<td>Certifik\u00e1t<\/td>\n<td>ISO 9001: 2008\/TS16949<\/td>\n<\/tr>\n<\/tbody>\n<\/table>\n<p><img loading=\"lazy\" decoding=\"async\" class=\"size-full wp-image-4347 aligncenter\" src=\"https:\/\/fmp-components.com\/wp-content\/uploads\/2025\/01\/Medical-Bevel-Gear.webp\" alt=\"Lek\u00e1rske ku\u017ee\u013eov\u00e9 ozuben\u00e9 koleso\" width=\"600\" height=\"600\" title=\"\" srcset=\"https:\/\/fmp-components.com\/wp-content\/uploads\/2025\/01\/Medical-Bevel-Gear.webp 600w, https:\/\/fmp-components.com\/wp-content\/uploads\/2025\/01\/Medical-Bevel-Gear-480x480.webp 480w\" sizes=\"(min-width: 0px) and (max-width: 480px) 480px, (min-width: 481px) 600px, 100vw\" \/><\/p>\n<h2>Vlastnosti lek\u00e1rskeho ku\u017ee\u013eov\u00e9ho ozuben\u00e9ho kolesa<\/h2>\n<div>\n<ul>\n<li class=\"break-words\"><strong>Presn\u00e9 in\u017einierstvo<\/strong>Lek\u00e1rske <a href=\"https:\/\/fmp-components.com\/sk\/bevel-gear-2\/\">ku\u017ee\u013eov\u00e9 ozuben\u00e9 koles\u00e1<\/a> s\u00fa navrhnut\u00e9 s vysokou presnos\u0165ou, aby sa zabezpe\u010dil presn\u00fd prenos pohybu a kr\u00fatiaceho momentu, \u010do je k\u013e\u00fa\u010dov\u00e9 pre zdravotn\u00edcke pom\u00f4cky, ako s\u00fa chirurgick\u00e9 n\u00e1stroje alebo zobrazovacie zariadenia, kde s\u00fa presn\u00e9 pohyby nevyhnutn\u00e9.<\/li>\n<li class=\"break-words\"><strong>Kompaktn\u00fd dizajn<\/strong>Tieto ozuben\u00e9 koles\u00e1 maj\u00fa ku\u017ee\u013eovit\u00fd tvar, ktor\u00fd im umo\u017e\u0148uje umiestni\u0165 sa do stiesnen\u00fdch priestorov, v\u010faka \u010domu s\u00fa ide\u00e1lne pre kompaktn\u00e9 lek\u00e1rske n\u00e1stroje s obmedzen\u00fdm priestorom, napr\u00edklad v endoskopick\u00fdch zariadeniach alebo robotick\u00fdch chirurgick\u00fdch syst\u00e9moch.<\/li>\n<li class=\"break-words\"><strong>Plynul\u00e1 prev\u00e1dzka<\/strong>Lek\u00e1rske ku\u017ee\u013eov\u00e9 ozuben\u00e9 koles\u00e1, \u010dasto vybaven\u00e9 rovn\u00fdmi, \u0161pir\u00e1lov\u00fdmi alebo nulov\u00fdmi zubami, poskytuj\u00fa plynul\u00fd a tich\u00fd chod, \u010d\u00edm zni\u017euj\u00fa vibr\u00e1cie a hluk \u2013 \u010do je d\u00f4le\u017eit\u00e9 pre pohodlie pacienta a presnos\u0165 potrebn\u00fa pri lek\u00e1rskych z\u00e1krokoch.<\/li>\n<li class=\"break-words\"><strong>Trvanlivos\u0165 a kvalita materi\u00e1lu<\/strong>Tieto ozuben\u00e9 koles\u00e1 s\u00fa vyroben\u00e9 z biokompatibiln\u00fdch a kor\u00f3zii odoln\u00fdch materi\u00e1lov, ako je nehrdzavej\u00faca oce\u013e alebo \u0161peci\u00e1lne zliatiny, a s\u00fa skon\u0161truovan\u00e9 tak, aby odolali steriliza\u010dn\u00fdm procesom a zabezpe\u010dili dlhodob\u00fa spo\u013eahlivos\u0165 v lek\u00e1rskom prostred\u00ed.<\/li>\n<li class=\"break-words\"><strong>Smerov\u00e1 flexibilita<\/strong>Ku\u017ee\u013eov\u00e9 ozuben\u00e9 koles\u00e1 v medic\u00ednskych aplik\u00e1ci\u00e1ch m\u00f4\u017eu pren\u00e1\u0161a\u0165 v\u00fdkon medzi pret\u00ednaj\u00facimi sa hriade\u013emi, zvy\u010dajne v uhloch 90 stup\u0148ov, \u010do umo\u017e\u0148uje zlo\u017eit\u00e9 mechanick\u00e9 konfigur\u00e1cie v zariadeniach, ako s\u00fa zubn\u00e9 v\u0155ta\u010dky alebo ortopedick\u00e9 n\u00e1stroje, kde s\u00fa potrebn\u00e9 zmeny smeru.<\/li>\n<\/ul>\n<h2>O FMP<\/h2>\n<p>FMP je popredn\u00fd taliansky v\u00fdrobca ozuben\u00fdch kolies a ozuben\u00fdch ty\u010d\u00ed, zn\u00e1my svojou odbornos\u0165ou vo v\u00fdrobe \u0161tandardn\u00fdch komponentov aj z\u00e1kazkov\u00fdch rie\u0161en\u00ed. Okrem n\u00e1\u0161ho sortimentu \u0161tandardn\u00fdch dielov sa FMP \u0161pecializuje na v\u00fdrobu \u0161tandardn\u00fdch a \u0161pecializovan\u00fdch ozuben\u00fdch kolies na z\u00e1klade v\u00fdkresov alebo vzoriek poskytnut\u00fdch na\u0161imi klientmi. Na\u0161e ozuben\u00e9 koles\u00e1 s\u00fa dostupn\u00e9 v r\u00f4znych materi\u00e1loch vr\u00e1tane uhl\u00edkovej ocele, nehrdzavej\u00facej ocele, hlin\u00edka, medi, mosadze a plastov\u00fdch \u0161pir\u00e1lov\u00fdch alebo \u010deln\u00fdch konfigur\u00e1ci\u00ed. Ak m\u00e1te ak\u00e9ko\u013evek po\u017eiadavky na z\u00e1kazkov\u00e9 ozuben\u00e9 koles\u00e1, nev\u00e1hajte n\u00e1s kontaktova\u0165 e-mailom. \u0160pecializovan\u00fd t\u00edm profesion\u00e1lnych in\u017einierov FMP odpovie na va\u0161u po\u017eiadavku do 24 hod\u00edn.<\/p>\n<p><img loading=\"lazy\" decoding=\"async\" class=\"alignnone size-full wp-image-7010\" src=\"https:\/\/fmp-components.com\/wp-content\/uploads\/2025\/03\/bevel-gear-3.webp\" alt=\"ku\u017ee\u013eov\u00e9 ozuben\u00e9 koleso\" width=\"1076\" height=\"721\" title=\"\" srcset=\"https:\/\/fmp-components.com\/wp-content\/uploads\/2025\/03\/bevel-gear-3.webp 1076w, https:\/\/fmp-components.com\/wp-content\/uploads\/2025\/03\/bevel-gear-3-980x657.webp 980w, https:\/\/fmp-components.com\/wp-content\/uploads\/2025\/03\/bevel-gear-3-480x322.webp 480w\" sizes=\"(min-width: 0px) and (max-width: 480px) 480px, (min-width: 481px) and (max-width: 980px) 980px, (min-width: 981px) 1076px, 100vw\" \/><\/p>\n<\/div>\n<\/div>","protected":false},"excerpt":{"rendered":"<p>Rozmer: \u03a63 mm - \u03a6120 mm Modul: M0,25 Typ materi\u00e1lu: Kov pod\u013ea po\u017eiadaviek z\u00e1kazn\u00edka \u0160pecifik\u00e1cia produktu Lek\u00e1rske ku\u017ee\u013eov\u00e9 ozuben\u00e9 koleso Rozmer \u03a66 mm Modul M0,15-M2,2 Typ materi\u00e1lu Kov, bronz, oce\u013e, zliatina, POM, zinok, hlin\u00edk, \u017eelezo, nehrdzavej\u00faca oce\u013e, mosadz, me\u010f Trieda z\u00e1beru ISO6, JGMA 1, JIS 6, AGMA 13, DIN 6, Din5, AGMA12 Pou\u017eitie Automobilov\u00fd priemysel, arm\u00e1da, lietadl\u00e1, stroj\u00e1rstvo, priemysel, lek\u00e1rstvo Vzorka ODM\/OEM na mieru k dispoz\u00edcii [\u2026]<\/p>","protected":false},"featured_media":4347,"comment_status":"open","ping_status":"closed","template":"","meta":{"_et_pb_use_builder":"","_et_pb_old_content":"","_et_gb_content_width":""},"product_brand":[],"product_cat":[106],"product_tag":[],"class_list":{"0":"post-7005","1":"product","2":"type-product","3":"status-publish","4":"has-post-thumbnail","6":"product_cat-bevel-gears","8":"first","9":"instock","10":"shipping-taxable","11":"product-type-simple"},"_links":{"self":[{"href":"https:\/\/fmp-components.com\/sk\/wp-json\/wp\/v2\/product\/7005","targetHints":{"allow":["GET"]}}],"collection":[{"href":"https:\/\/fmp-components.com\/sk\/wp-json\/wp\/v2\/product"}],"about":[{"href":"https:\/\/fmp-components.com\/sk\/wp-json\/wp\/v2\/types\/product"}],"replies":[{"embeddable":true,"href":"https:\/\/fmp-components.com\/sk\/wp-json\/wp\/v2\/comments?post=7005"}],"wp:featuredmedia":[{"embeddable":true,"href":"https:\/\/fmp-components.com\/sk\/wp-json\/wp\/v2\/media\/4347"}],"wp:attachment":[{"href":"https:\/\/fmp-components.com\/sk\/wp-json\/wp\/v2\/media?parent=7005"}],"wp:term":[{"taxonomy":"product_brand","embeddable":true,"href":"https:\/\/fmp-components.com\/sk\/wp-json\/wp\/v2\/product_brand?post=7005"},{"taxonomy":"product_cat","embeddable":true,"href":"https:\/\/fmp-components.com\/sk\/wp-json\/wp\/v2\/product_cat?post=7005"},{"taxonomy":"product_tag","embeddable":true,"href":"https:\/\/fmp-components.com\/sk\/wp-json\/wp\/v2\/product_tag?post=7005"}],"curies":[{"name":"pracovn\u00fd list","href":"https:\/\/api.w.org\/{rel}","templated":true}]}}