{"id":6652,"date":"2025-03-11T06:36:21","date_gmt":"2025-03-11T06:36:21","guid":{"rendered":"https:\/\/fmp-components.com\/product\/professional-long-stroke-double-acting-small-dump-truck-multistage-hydraulic-cylinder"},"modified":"2025-03-12T08:24:10","modified_gmt":"2025-03-12T08:24:10","slug":"professional-long-stroke-double-acting-small-dump-truck-multistage-hydraulic-cylinder","status":"publish","type":"product","link":"https:\/\/fmp-components.com\/sk\/product\/professional-long-stroke-double-acting-small-dump-truck-multistage-hydraulic-cylinder\/","title":{"rendered":"Profesion\u00e1lny viacstup\u0148ov\u00fd hydraulick\u00fd valec pre mal\u00e9 skl\u00e1pa\u010de s dlh\u00fdm zdvihom"},"content":{"rendered":"<h2>Profesion\u00e1lny viacstup\u0148ov\u00fd hydraulick\u00fd valec pre mal\u00e9 skl\u00e1pa\u010de s dlh\u00fdm zdvihom<\/h2>\n<p>N\u00e1\u0161 profesion\u00e1lny dvoj\u010dinn\u00fd viacstup\u0148ov\u00fd hydraulick\u00fd valec s dlh\u00fdm zdvihom pre mal\u00e9 skl\u00e1pa\u010de je nov\u00fd produkt s ro\u010dnou z\u00e1rukou. Je ur\u010den\u00fd na pou\u017eitie v r\u00f4znych odvetviach, ako s\u00fa opravovne strojov, farmy, energetika a ban\u00edctvo, v\u00fdroba strojov a stroj\u00e1rne. Je vyroben\u00fd z odolnej ocele, pon\u00faka maxim\u00e1lny \u0165ah 3000 a maxim\u00e1lnu \u0165a\u017en\u00fa kapacitu 20 ton. Dod\u00e1va sa v \u0161tandardnej \u010diernej farbe a m\u00e1 certifik\u00e1t ISO9001:2000.<\/p>\n<h2>\u0160pecifik\u00e1cie produktu<\/h2>\n<table style=\"width: 96.0953%;\" border=\"\">\n<tbody>\n<tr>\n<td style=\"width: 43.5028%;\"><strong>Ve\u013ekos\u0165 otvoru<\/strong><\/td>\n<td style=\"width: 464.407%;\">2-6 palcov<\/td>\n<\/tr>\n<tr>\n<td style=\"width: 43.5028%;\"><strong>Ve\u013ekos\u0165 ty\u010de<\/strong><\/td>\n<td style=\"width: 464.407%;\">1,125-4 palca<\/td>\n<\/tr>\n<tr>\n<td style=\"width: 43.5028%;\"><strong>Ve\u013ekos\u0165 \u0165ahu<\/strong><\/td>\n<td style=\"width: 464.407%;\">4-100 palcov<\/td>\n<\/tr>\n<tr>\n<td style=\"width: 43.5028%;\"><strong>Ve\u013ekos\u0165 \u010dapu<\/strong><\/td>\n<td style=\"width: 464.407%;\">0,5-2 palce<\/td>\n<\/tr>\n<tr>\n<td style=\"width: 43.5028%;\"><strong>Porty<\/strong><\/td>\n<td style=\"width: 464.407%;\">G\/SAE\/NPT\/M<\/td>\n<\/tr>\n<\/tbody>\n<\/table>\n<h2>Jedine\u010dn\u00e9 vlastnosti a v\u00fdhody<\/h2>\n<ul>\n<li>Energeticky \u00fasporn\u00e9<\/li>\n<li>Vysoko \u00fa\u010dinn\u00fd<\/li>\n<li>Bezpe\u010dn\u00e9 na pou\u017eitie<\/li>\n<\/ul>\n<h2>Princ\u00edp fungovania a aplik\u00e1cie<\/h2>\n<p>Hydraulick\u00fd valec funguje na z\u00e1kladnom princ\u00edpe premeny hydraulickej energie na mechanick\u00fd pohyb p\u00f4soben\u00edm tlaku. Tento proces za\u010d\u00edna, ke\u010f je hydraulick\u00e1 kvapalina natlakovan\u00e1, zvy\u010dajne hydraulick\u00fdm \u010derpadlom. Tlakov\u00e1 kvapalina je potom smerovan\u00e1 do valca, kde p\u00f4sob\u00ed silou na piest vo vn\u00fatri. Ke\u010f kvapalina vstupuje do valca, tla\u010d\u00ed na piest, \u010d\u00edm sp\u00f4sobuje jeho pohyb v line\u00e1rnom smere. Tento pohyb mo\u017eno vyu\u017ei\u0165 na vykon\u00e1vanie r\u00f4znych mechanick\u00fdch \u00faloh, ako je zdv\u00edhanie, tla\u010denie alebo \u0165ahanie \u0165a\u017ek\u00fdch bremien.<\/p>\n<p>\u00da\u010dinnos\u0165 hydraulick\u00fdch valcov spo\u010d\u00edva v ich schopnosti pren\u00e1\u0161a\u0165 silu na vzdialenosti bez v\u00fdznamnej straty energie. Nestla\u010dite\u013enos\u0165 hydraulickej kvapaliny umo\u017e\u0148uje presn\u00e9 ovl\u00e1danie pohybu, \u010do umo\u017e\u0148uje obsluhe nastavi\u0165 r\u00fdchlos\u0165 a polohu piestu s pozoruhodnou presnos\u0165ou. T\u00e1to schopnos\u0165 rob\u00ed hydraulick\u00e9 syst\u00e9my v\u0161estrann\u00fdmi a spo\u013eahliv\u00fdmi pre cel\u00fd rad aplik\u00e1ci\u00ed, kde je potrebn\u00fd vysok\u00fd v\u00fdkon v kompaktnom preveden\u00ed.<\/p>\n<p><img loading=\"lazy\" decoding=\"async\" class=\"alignnone  wp-image-6659\" src=\"https:\/\/fmp-components.com\/wp-content\/uploads\/2025\/03\/telescopic-hydraulic-cylinder-12.webp\" alt=\"teleskopick\u00fd hydraulick\u00fd valec\" width=\"926\" height=\"926\" title=\"\" srcset=\"https:\/\/fmp-components.com\/wp-content\/uploads\/2025\/03\/telescopic-hydraulic-cylinder-12.webp 926w, https:\/\/fmp-components.com\/wp-content\/uploads\/2025\/03\/telescopic-hydraulic-cylinder-12-480x480.webp 480w\" sizes=\"(min-width: 0px) and (max-width: 480px) 480px, (min-width: 481px) 926px, 100vw\" \/><\/p>\n<h2>Aplik\u00e1cie<\/h2>\n<p>Hydraulick\u00e9 valce sa pou\u017e\u00edvaj\u00fa v mnoh\u00fdch odvetviach a aplik\u00e1ci\u00e1ch, \u010do preukazuje ich v\u0161estrannos\u0165 a \u00fa\u010dinnos\u0165:<\/p>\n<ul>\n<li><strong>Skl\u00e1pa\u010de:<\/strong> V dopravnom sektore s\u00fa hydraulick\u00e9 valce nevyhnutn\u00e9 pre prev\u00e1dzku skl\u00e1pa\u010dov. Umo\u017e\u0148uj\u00fa skl\u00e1pac\u00ed mechanizmus, ktor\u00fd umo\u017e\u0148uje zdvihn\u00fa\u0165 a nakloni\u0165 korbu n\u00e1kladn\u00e9ho vozidla, aby sa efekt\u00edvne vylo\u017eili materi\u00e1ly, ako je zemina, \u0161trk a sutiny.<\/li>\n<li><strong>V\u00fdroba strojov:<\/strong> Vo v\u00fdrobnom prostred\u00ed zohr\u00e1vaj\u00fa hydraulick\u00e9 valce k\u013e\u00fa\u010dov\u00fa \u00falohu pri mont\u00e1\u017ei a prev\u00e1dzke strojov. Pou\u017e\u00edvaj\u00fa sa na \u00falohy, ako je lisovanie kovov\u00fdch dielov, zdv\u00edhanie \u0165a\u017ek\u00fdch komponentov a poskytovanie sily potrebnej pre automatizovan\u00e9 procesy na mont\u00e1\u017enych link\u00e1ch.<\/li>\n<li><strong>Kon\u0161trukcia:<\/strong> Hydraulick\u00e9 valce s\u00fa neoddelite\u013enou s\u00fa\u010das\u0165ou r\u00f4znych stavebn\u00fdch strojov vr\u00e1tane r\u00fdpadiel, r\u00fdpadiel-naklada\u010dov a buldoz\u00e9rov. Poskytuj\u00fa v\u00fdkon potrebn\u00fd na kopanie, zdv\u00edhanie a premiest\u0148ovanie \u0165a\u017ek\u00fdch materi\u00e1lov, v\u010faka \u010domu s\u00fa na stavenisk\u00e1ch nevyhnutn\u00e9.<\/li>\n<li><strong>Po\u013enohospod\u00e1rske stroje:<\/strong> V po\u013enohospod\u00e1rstve sa hydraulick\u00e9 valce pou\u017e\u00edvaj\u00fa v traktoroch, pluhoch a kombajnoch. Pom\u00e1haj\u00fa pri \u00faloh\u00e1ch, ako je zdv\u00edhanie a sp\u00fa\u0161\u0165anie n\u00e1strojov, \u010d\u00edm sa zlep\u0161uje \u00fa\u010dinnos\u0165 a efekt\u00edvnos\u0165 po\u013enohospod\u00e1rskych oper\u00e1ci\u00ed.<\/li>\n<li><strong>\u0164a\u017eobn\u00fd priemysel:<\/strong> Hydraulick\u00e9 valce sa pou\u017e\u00edvaj\u00fa v bansk\u00fdch strojoch na v\u0155tanie, v\u00fdkopov\u00e9 pr\u00e1ce a manipul\u00e1ciu s materi\u00e1lom. Ich robustn\u00e1 kon\u0161trukcia im umo\u017e\u0148uje spo\u013eahlivo fungova\u0165 v n\u00e1ro\u010dn\u00fdch podmienkach, kde je k\u013e\u00fa\u010dov\u00e1 vysok\u00e1 sila a odolnos\u0165.<\/li>\n<li><strong>Manipul\u00e1cia s materi\u00e1lom:<\/strong> V skladoch a distribu\u010dn\u00fdch centr\u00e1ch sa hydraulick\u00e9 valce pou\u017e\u00edvaj\u00fa vo vysokozdvi\u017en\u00fdch voz\u00edkoch a zdv\u00edhac\u00edch stoloch na premiest\u0148ovanie a polohovanie \u0165a\u017ek\u00fdch bremien, \u010d\u00edm sa zvy\u0161uje prev\u00e1dzkov\u00e1 efektivita a bezpe\u010dnos\u0165 pracovn\u00edkov.<\/li>\n<\/ul>\n<p>Roz\u0161\u00edren\u00e9 pou\u017e\u00edvanie hydraulick\u00fdch valcov v t\u00fdchto rozmanit\u00fdch aplik\u00e1ci\u00e1ch pod\u010diarkuje ich d\u00f4le\u017eitos\u0165 v modern\u00fdch in\u017einierskych a priemyseln\u00fdch procesoch. Ich schopnos\u0165 vykon\u00e1va\u0165 siln\u00fd a kontrolovan\u00fd pohyb z nich rob\u00ed d\u00f4le\u017eit\u00e9 n\u00e1stroje v mnoh\u00fdch odvetviach, ktor\u00e9 podporuj\u00fa produktivitu a inov\u00e1cie.<\/p>\n<h3>O FMP<\/h3>\n<p>FMP je popredn\u00fd taliansky v\u00fdrobca zn\u00e1my svojimi odborn\u00fdmi znalos\u0165ami v oblasti n\u00e1vrhu, v\u00fdvoja a v\u00fdroby vysokokvalitn\u00fdch hydraulick\u00fdch valcov. V\u010faka desa\u0165ro\u010diam sk\u00fasenost\u00ed v tomto odvetv\u00ed bezprobl\u00e9movo sp\u00e1jame tradi\u010dn\u00e9 talianske remeseln\u00e9 spracovanie s najmodernej\u0161\u00edmi technol\u00f3giami, aby sme dod\u00e1vali vynikaj\u00face hydraulick\u00e9 rie\u0161enia prisp\u00f4soben\u00e9 rozmanit\u00fdm potreb\u00e1m na\u0161ich z\u00e1kazn\u00edkov po celom svete. Spolo\u010dnos\u0165 FMP so s\u00eddlom v Taliansku, centre in\u017einierskej excelentnosti, sa etablovala ako d\u00f4veryhodn\u00e9 meno v hydraulickom sektore a venuje sa poskytovaniu spo\u013eahliv\u00fdch, odoln\u00fdch a inovat\u00edvnych produktov, ktor\u00e9 posil\u0148uj\u00fa podniky na celom svete.<\/p>\n<p>Na\u0161a spolo\u010dnos\u0165 kombinuje to najlep\u0161ie z pokro\u010dil\u00fdch v\u00fdrobn\u00fdch postupov s progres\u00edvnym pr\u00edstupom. V\u010faka dlhoro\u010dn\u00fdm sk\u00fasenostiam v oblasti hydraulick\u00fdch syst\u00e9mov sa spolo\u010dnos\u0165 FMP vyvinula v modern\u00fd podnik, ktor\u00fd vynik\u00e1 vo v\u00fdskume, dizajne a v\u00fdrobe. Pon\u00fakame \u0161irok\u00fd sortiment hydraulick\u00fdch valcov vr\u00e1tane dvoj\u010dinn\u00fdch valcov, zdv\u00edhac\u00edch valcov pre automobily, valcov pre po\u013enohospod\u00e1rske stroje a na mieru vyroben\u00fdch rie\u0161en\u00ed pre r\u00f4zne priemyseln\u00e9 aplik\u00e1cie. \u010ci u\u017e ide o stavebn\u00edctvo, priemyseln\u00e9 in\u0161tal\u00e1cie, po\u013enohospod\u00e1rstvo alebo \u0165a\u017ek\u00e9 stroje, na\u0161e hydraulick\u00e9 valce s\u00fa navrhnut\u00e9 tak, aby fungovali v najn\u00e1ro\u010dnej\u0161\u00edch podmienkach a zabezpe\u010dovali bezpe\u010dnos\u0165, \u00fa\u010dinnos\u0165 a dlh\u00fa \u017eivotnos\u0165.<\/p>\n<p>V spolo\u010dnosti FMP sme hrd\u00ed na na\u0161e najmodernej\u0161ie v\u00fdrobn\u00e9 zariadenia, vybaven\u00e9 presn\u00fdmi strojmi a pokro\u010dil\u00fdmi testovac\u00edmi syst\u00e9mami. Na\u0161e v\u00fdrobn\u00e9 procesy sp\u013a\u0148aj\u00fa pr\u00edsne n\u00e1rodn\u00e9 a medzin\u00e1rodn\u00e9 normy, \u010do zaru\u010duje, \u017ee ka\u017ed\u00fd vyroben\u00fd hydraulick\u00fd valec sp\u013a\u0148a najvy\u0161\u0161ie \u0161tandardy kvality a spo\u013eahlivosti. V\u010faka sk\u00fasen\u00e9mu technick\u00e9mu t\u00edmu a najmodernej\u0161iemu vybaveniu udr\u017eiavame pr\u00edsnu kontrolu kvality v ka\u017edej f\u00e1ze v\u00fdroby \u2013 od v\u00fdberu surov\u00edn a\u017e po kone\u010dn\u00fa kontrolu. Tento z\u00e1v\u00e4zok k dokonalosti n\u00e1m vyniesol certifik\u00e1cie a uznanie od priemyseln\u00fdch autor\u00edt, \u010d\u00edm posil\u0148ujeme na\u0161u reput\u00e1ciu spo\u013eahliv\u00e9ho partnera.<\/p>\n<p><img loading=\"lazy\" decoding=\"async\" class=\"alignnone size-full wp-image-6720\" src=\"https:\/\/fmp-components.com\/wp-content\/uploads\/2025\/03\/hydraulic-cylinder-8.webp\" alt=\"Teleskopick\u00e9 hydraulick\u00e9 valce\" width=\"933\" height=\"526\" title=\"\" srcset=\"https:\/\/fmp-components.com\/wp-content\/uploads\/2025\/03\/hydraulic-cylinder-8.webp 933w, https:\/\/fmp-components.com\/wp-content\/uploads\/2025\/03\/hydraulic-cylinder-8-480x271.webp 480w\" sizes=\"(min-width: 0px) and (max-width: 480px) 480px, (min-width: 481px) 933px, 100vw\" \/><\/p>\n<p>Na\u0161e poslanie je priamo\u010diare aj ambici\u00f3zne: poskytova\u0165 na\u0161im z\u00e1kazn\u00edkom hydraulick\u00e9 valce, ktor\u00e9 prekon\u00e1vaj\u00fa o\u010dak\u00e1vania vo v\u00fdkone, odolnosti a hodnote. Dodr\u017eiavame z\u00e1kladn\u00e9 princ\u00edpy profesionality, integrity a zamerania sa na z\u00e1kazn\u00edka. Podporou kult\u00fary inov\u00e1ci\u00ed a presnosti neust\u00e1le vylep\u0161ujeme na\u0161e produkty, aby sme si udr\u017eali n\u00e1skok na konkuren\u010dnom trhu. N\u00e1\u0161 rozsiahly sortiment produktov a schopnos\u0165 pon\u00faka\u0165 rie\u0161enia na mieru z n\u00e1s robia preferovan\u00fa vo\u013ebu pre firmy, ktor\u00e9 h\u013eadaj\u00fa vysoko v\u00fdkonn\u00e9 hydraulick\u00e9 valce.<\/p>\n<p>FMP je viac ne\u017e len v\u00fdrobca; sme oddan\u00fdmi partnermi vo va\u0161om \u00faspechu. Ch\u00e1peme, \u017ee na\u0161i z\u00e1kazn\u00edci sa na n\u00e1s spoliehaj\u00fa, \u017ee im poskytneme n\u00e1stroje, ktor\u00e9 zvy\u0161uj\u00fa produktivitu a bezpe\u010dnos\u0165. Preto sa venujeme nielen poskytovaniu \u0161pi\u010dkov\u00fdch produktov, ale aj v\u00fdnimo\u010dn\u00fdch slu\u017eieb. Od po\u010diato\u010dn\u00fdch konzult\u00e1ci\u00ed a\u017e po popredajn\u00fa podporu \u00fazko spolupracujeme s na\u0161imi klientmi, aby sme zabezpe\u010dili, \u017ee ich potreby bud\u00fa splnen\u00e9 s profesionalitou a starostlivos\u0165ou. Na\u0161e konkurencieschopn\u00e9 ceny v kombin\u00e1cii s neochvejn\u00fdm z\u00e1v\u00e4zkom ku kvalite robia z FMP inteligentn\u00fa vo\u013ebu pre spolo\u010dnosti, ktor\u00e9 chc\u00fa investova\u0165 do d\u00f4veryhodn\u00fdch hydraulick\u00fdch rie\u0161en\u00ed.<\/p>","protected":false},"excerpt":{"rendered":"<p>Professional Long Stroke Double Acting Small Dump Truck Multistage Hydraulic Cylinder Our professional long stroke double acting small dump truck multistage hydraulic cylinder is a new product with a one-year warranty. It is designed for use in various industries such as machinery repair shops, farms, energy &amp; mining, machinery manufacturing, and machinery factories. Made of [&hellip;]<\/p>","protected":false},"featured_media":6762,"comment_status":"closed","ping_status":"closed","template":"","meta":{"_et_pb_use_builder":"","_et_pb_old_content":"","_et_gb_content_width":""},"product_brand":[],"product_cat":[103],"product_tag":[34,105],"class_list":{"0":"post-6652","1":"product","2":"type-product","3":"status-publish","4":"has-post-thumbnail","6":"product_cat-telescopic-hydraulic-cylinders","7":"product_tag-hydraulic-cylinder","8":"product_tag-telescopic-hydraulic-cylinders","10":"first","11":"instock","12":"product-type-simple"},"_links":{"self":[{"href":"https:\/\/fmp-components.com\/sk\/wp-json\/wp\/v2\/product\/6652","targetHints":{"allow":["GET"]}}],"collection":[{"href":"https:\/\/fmp-components.com\/sk\/wp-json\/wp\/v2\/product"}],"about":[{"href":"https:\/\/fmp-components.com\/sk\/wp-json\/wp\/v2\/types\/product"}],"replies":[{"embeddable":true,"href":"https:\/\/fmp-components.com\/sk\/wp-json\/wp\/v2\/comments?post=6652"}],"wp:featuredmedia":[{"embeddable":true,"href":"https:\/\/fmp-components.com\/sk\/wp-json\/wp\/v2\/media\/6762"}],"wp:attachment":[{"href":"https:\/\/fmp-components.com\/sk\/wp-json\/wp\/v2\/media?parent=6652"}],"wp:term":[{"taxonomy":"product_brand","embeddable":true,"href":"https:\/\/fmp-components.com\/sk\/wp-json\/wp\/v2\/product_brand?post=6652"},{"taxonomy":"product_cat","embeddable":true,"href":"https:\/\/fmp-components.com\/sk\/wp-json\/wp\/v2\/product_cat?post=6652"},{"taxonomy":"product_tag","embeddable":true,"href":"https:\/\/fmp-components.com\/sk\/wp-json\/wp\/v2\/product_tag?post=6652"}],"curies":[{"name":"pracovn\u00fd list","href":"https:\/\/api.w.org\/{rel}","templated":true}]}}