{"id":6650,"date":"2025-03-11T06:36:21","date_gmt":"2025-03-11T06:36:21","guid":{"rendered":"https:\/\/fmp-components.com\/product\/good-quality-telescopic-hydraulic-cylinder-dump-truck-and-trailer-hydraulic-cylinder"},"modified":"2025-03-12T08:21:57","modified_gmt":"2025-03-12T08:21:57","slug":"good-quality-telescopic-hydraulic-cylinder-dump-truck-and-trailer-hydraulic-cylinder","status":"publish","type":"product","link":"https:\/\/fmp-components.com\/sk\/product\/good-quality-telescopic-hydraulic-cylinder-dump-truck-and-trailer-hydraulic-cylinder\/","title":{"rendered":"Kvalitn\u00fd teleskopick\u00fd hydraulick\u00fd valec pre skl\u00e1pa\u010de a pr\u00edvesy"},"content":{"rendered":"<h2>Kvalitn\u00fd teleskopick\u00fd hydraulick\u00fd valec pre skl\u00e1pa\u010de a pr\u00edvesy<\/h2>\n<p>Teleskopick\u00fd hydraulick\u00fd valec je nevyhnutn\u00fdm zariaden\u00edm, ktor\u00e9 pon\u00faka pevnos\u0165 aj odolnos\u0165. Jeho \u00falohou je premie\u0148a\u0165 hydraulick\u00fa energiu na mechanick\u00fa energiu a poskytova\u0165 spo\u013eahliv\u00fa silu a ovl\u00e1danie v r\u00f4znych aplik\u00e1ci\u00e1ch.<\/p>\n<h2>V\u00fdznam a pou\u017eitie teleskopick\u00e9ho hydraulick\u00e9ho valca<\/h2>\n<p>Teleskopick\u00e9 hydraulick\u00e9 valce s\u00fa mimoriadne d\u00f4le\u017eit\u00e9 v odvetviach, ako s\u00fa v\u00fdrobn\u00e9 z\u00e1vody, opravovne strojov, farmy a energetika a ban\u00edctvo. Zohr\u00e1vaj\u00fa d\u00f4le\u017eit\u00fa \u00falohu pri oper\u00e1ci\u00e1ch vy\u017eaduj\u00facich vysok\u00fa silu, ako je zdv\u00edhanie \u0165a\u017ek\u00fdch bremien a lisovanie materi\u00e1lov.<\/p>\n<h2>Technick\u00e9 parametre produktu<\/h2>\n<p>Teleskopick\u00fd hydraulick\u00fd valec sa m\u00f4\u017ee pochv\u00e1li\u0165 hmotnos\u0165ou 13 kg, maxim\u00e1lnym \u0165ahom 3000 a maxim\u00e1lnym \u0165ahom 600. Produkt m\u00e1 certifik\u00e1t ISO9001:2000, \u010do zaru\u010duje jeho kvalitu a v\u00fdkon.<\/p>\n<table style=\"width: 96.0373%;\" border=\"\">\n<tbody>\n<tr>\n<td style=\"width: 42.3729%;\">Ve\u013ekos\u0165 otvoru<\/td>\n<td style=\"width: 447.458%;\">3,75 \u2013 4,5 palca<\/td>\n<\/tr>\n<tr>\n<td style=\"width: 42.3729%;\">Kapacita<\/td>\n<td style=\"width: 447.458%;\">7-12 ton<\/td>\n<\/tr>\n<tr>\n<td style=\"width: 42.3729%;\">Ve\u013ekos\u0165 \u0165ahu<\/td>\n<td style=\"width: 447.458%;\">78 \u2013 144 palcov<\/td>\n<\/tr>\n<tr>\n<td style=\"width: 42.3729%;\">Ve\u013ekos\u0165 pin<\/td>\n<td style=\"width: 447.458%;\">1.015<\/td>\n<\/tr>\n<tr>\n<td style=\"width: 42.3729%;\">Porty<\/td>\n<td style=\"width: 447.458%;\">G\/SAE\/NPT\/M<\/td>\n<\/tr>\n<\/tbody>\n<\/table>\n<h2>Jedine\u010dn\u00e9 vlastnosti a v\u00fdhody<\/h2>\n<ul>\n<li style=\"list-style-type: none;\">\n<ul>\n<li><strong>Energeticky \u00fasporn\u00e9:<\/strong> Teleskopick\u00fd hydraulick\u00fd valec je navrhnut\u00fd tak, aby maximalizoval produktivitu a z\u00e1rove\u0148 minimalizoval spotrebu energie.<\/li>\n<li><strong>Vysok\u00fd v\u00fdkon:<\/strong> Tento produkt poskytuje spo\u013eahliv\u00fa a efekt\u00edvnu prev\u00e1dzku aj v t\u00fdch najn\u00e1ro\u010dnej\u0161\u00edch podmienkach.<\/li>\n<\/ul>\n<\/li>\n<\/ul>\n<ul>\n<li><strong>Bezpe\u010dnos\u0165:<\/strong> Jeho robustn\u00e1 kon\u0161trukcia zais\u0165uje bezpe\u010dnos\u0165 po\u010das prev\u00e1dzky a predch\u00e1dza potenci\u00e1lnym nehod\u00e1m alebo poruch\u00e1m.<\/li>\n<\/ul>\n<h3>Hydraulick\u00e9 syst\u00e9my a princ\u00edp \u010dinnosti<\/h3>\n<p>Teleskopick\u00fd hydraulick\u00fd valec funguje na princ\u00edpoch hydraulick\u00fdch syst\u00e9mov. Transformuje hydraulick\u00fa energiu na mechanick\u00fa energiu a vyv\u00edja silu prostredn\u00edctvom pohybu kvapaliny vo valci. Tlak kvapaliny p\u00f4sob\u00ed silou na piest, \u010do sp\u00f4sobuje jeho pohyb a vykon\u00e1vanie pr\u00e1ce.<\/p>\n<h2>Pou\u017eitie teleskopick\u00e9ho hydraulick\u00e9ho valca<\/h2>\n<p>Tento hydraulick\u00fd valec je pou\u017eite\u013en\u00fd v r\u00f4znych odvetviach, ako s\u00fa v\u00fdrobn\u00e9 z\u00e1vody, opravovne strojov, farmy, energetika a ban\u00edctvo a \u010fal\u0161ie.<\/p>\n<p><img loading=\"lazy\" decoding=\"async\" class=\"alignnone  wp-image-6657\" src=\"https:\/\/fmp-components.com\/wp-content\/uploads\/2025\/03\/telescopic-hydraulic-cylinder-3.webp\" alt=\"teleskopick\u00fd hydraulick\u00fd valec\" width=\"906\" height=\"906\" title=\"\" srcset=\"https:\/\/fmp-components.com\/wp-content\/uploads\/2025\/03\/telescopic-hydraulic-cylinder-3.webp 906w, https:\/\/fmp-components.com\/wp-content\/uploads\/2025\/03\/telescopic-hydraulic-cylinder-3-480x480.webp 480w\" sizes=\"(min-width: 0px) and (max-width: 480px) 480px, (min-width: 481px) 906px, 100vw\" \/><\/p>\n<h2>Hydraulick\u00e9 valce a pohonn\u00e9 jednotky<\/h2>\n<p>Hydraulick\u00fd valec a pohonn\u00e1 jednotka s\u00fa neoddelite\u013enou s\u00fa\u010das\u0165ou hydraulick\u00e9ho syst\u00e9mu. Ich synergia zabezpe\u010duje \u0161irok\u00e9 uplatnenie hydraulickej technol\u00f3gie v priemyselnej oblasti a poskytuje spo\u013eahliv\u00fd v\u00fdkon a riadenie pre r\u00f4zne technick\u00e9 a mechanick\u00e9 zariadenia. Hydraulick\u00fd valec ako aktu\u00e1tor je zodpovedn\u00fd za transform\u00e1ciu hydraulickej energie na mechanick\u00fd pohyb a premenu tlaku na silu. Pohonn\u00e1 jednotka je na druhej strane jadrom, ktor\u00e9 poskytuje potrebn\u00fa energiu a riadiace sign\u00e1ly pre hydraulick\u00fd syst\u00e9m. Ich koordinovan\u00e1 spolupr\u00e1ca umo\u017e\u0148uje norm\u00e1lnu prev\u00e1dzku hydraulick\u00e9ho syst\u00e9mu. FMP tie\u017e pon\u00faka na predaj pohonn\u00e9 jednotky.<\/p>\n<h2>\u010casto kladen\u00e9 ot\u00e1zky<\/h2>\n<h3>Ot\u00e1zka 1: Ak\u00e1 je z\u00e1ruka na teleskopick\u00fd hydraulick\u00fd valec?<\/h3>\n<p>A1: Produkt sa dod\u00e1va s 1-ro\u010dnou z\u00e1rukou.<\/p>\n<h3>Ot\u00e1zka 2: Ak\u00fd je maxim\u00e1lny \u0165ah, ktor\u00fd dok\u00e1\u017ee teleskopick\u00fd hydraulick\u00fd valec poskytn\u00fa\u0165?<\/h3>\n<p>A2: Maxim\u00e1lny \u0165ah, ktor\u00fd dok\u00e1\u017ee teleskopick\u00fd hydraulick\u00fd valec poskytn\u00fa\u0165, je 3000.<\/p>\n<h3>Ot\u00e1zka 3: S\u00fa teleskopick\u00e9 hydraulick\u00e9 valce certifikovan\u00e9 pod\u013ea ISO?<\/h3>\n<p>A3: \u00c1no, s\u00fa certifikovan\u00e9 pod\u013ea normy ISO9001: 2000.<\/p>\n<h3>O FMP<\/h3>\n<p>FMP je popredn\u00fd taliansky v\u00fdrobca zn\u00e1my svojimi odborn\u00fdmi znalos\u0165ami v oblasti n\u00e1vrhu, v\u00fdvoja a v\u00fdroby vysokokvalitn\u00fdch hydraulick\u00fdch valcov. V\u010faka desa\u0165ro\u010diam sk\u00fasenost\u00ed v tomto odvetv\u00ed bezprobl\u00e9movo sp\u00e1jame tradi\u010dn\u00e9 talianske remeseln\u00e9 spracovanie s najmodernej\u0161\u00edmi technol\u00f3giami, aby sme dod\u00e1vali vynikaj\u00face hydraulick\u00e9 rie\u0161enia prisp\u00f4soben\u00e9 rozmanit\u00fdm potreb\u00e1m na\u0161ich z\u00e1kazn\u00edkov po celom svete. Spolo\u010dnos\u0165 FMP so s\u00eddlom v Taliansku, centre in\u017einierskej excelentnosti, sa etablovala ako d\u00f4veryhodn\u00e9 meno v hydraulickom sektore a venuje sa poskytovaniu spo\u013eahliv\u00fdch, odoln\u00fdch a inovat\u00edvnych produktov, ktor\u00e9 posil\u0148uj\u00fa podniky na celom svete.<\/p>\n<p>Na\u0161a spolo\u010dnos\u0165 kombinuje to najlep\u0161ie z pokro\u010dil\u00fdch v\u00fdrobn\u00fdch postupov s progres\u00edvnym pr\u00edstupom. V\u010faka dlhoro\u010dn\u00fdm sk\u00fasenostiam v oblasti hydraulick\u00fdch syst\u00e9mov sa spolo\u010dnos\u0165 FMP vyvinula v modern\u00fd podnik, ktor\u00fd vynik\u00e1 vo v\u00fdskume, dizajne a v\u00fdrobe. Pon\u00fakame \u0161irok\u00fd sortiment hydraulick\u00fdch valcov vr\u00e1tane dvoj\u010dinn\u00fdch valcov, zdv\u00edhac\u00edch valcov pre automobily, valcov pre po\u013enohospod\u00e1rske stroje a na mieru vyroben\u00fdch rie\u0161en\u00ed pre r\u00f4zne priemyseln\u00e9 aplik\u00e1cie. \u010ci u\u017e ide o stavebn\u00edctvo, priemyseln\u00e9 in\u0161tal\u00e1cie, po\u013enohospod\u00e1rstvo alebo \u0165a\u017ek\u00e9 stroje, na\u0161e hydraulick\u00e9 valce s\u00fa navrhnut\u00e9 tak, aby fungovali v najn\u00e1ro\u010dnej\u0161\u00edch podmienkach a zabezpe\u010dovali bezpe\u010dnos\u0165, \u00fa\u010dinnos\u0165 a dlh\u00fa \u017eivotnos\u0165.<\/p>\n<p>V spolo\u010dnosti FMP sme hrd\u00ed na na\u0161e najmodernej\u0161ie v\u00fdrobn\u00e9 zariadenia, vybaven\u00e9 presn\u00fdmi strojmi a pokro\u010dil\u00fdmi testovac\u00edmi syst\u00e9mami. Na\u0161e v\u00fdrobn\u00e9 procesy sp\u013a\u0148aj\u00fa pr\u00edsne n\u00e1rodn\u00e9 a medzin\u00e1rodn\u00e9 normy, \u010do zaru\u010duje, \u017ee ka\u017ed\u00fd vyroben\u00fd hydraulick\u00fd valec sp\u013a\u0148a najvy\u0161\u0161ie \u0161tandardy kvality a spo\u013eahlivosti. V\u010faka sk\u00fasen\u00e9mu technick\u00e9mu t\u00edmu a najmodernej\u0161iemu vybaveniu udr\u017eiavame pr\u00edsnu kontrolu kvality v ka\u017edej f\u00e1ze v\u00fdroby \u2013 od v\u00fdberu surov\u00edn a\u017e po kone\u010dn\u00fa kontrolu. Tento z\u00e1v\u00e4zok k dokonalosti n\u00e1m vyniesol certifik\u00e1cie a uznanie od priemyseln\u00fdch autor\u00edt, \u010d\u00edm posil\u0148ujeme na\u0161u reput\u00e1ciu spo\u013eahliv\u00e9ho partnera.<\/p>\n<p><img loading=\"lazy\" decoding=\"async\" class=\"alignnone size-full wp-image-6720\" src=\"https:\/\/fmp-components.com\/wp-content\/uploads\/2025\/03\/hydraulic-cylinder-8.webp\" alt=\"Teleskopick\u00e9 hydraulick\u00e9 valce\" width=\"933\" height=\"526\" title=\"\" srcset=\"https:\/\/fmp-components.com\/wp-content\/uploads\/2025\/03\/hydraulic-cylinder-8.webp 933w, https:\/\/fmp-components.com\/wp-content\/uploads\/2025\/03\/hydraulic-cylinder-8-480x271.webp 480w\" sizes=\"(min-width: 0px) and (max-width: 480px) 480px, (min-width: 481px) 933px, 100vw\" \/><\/p>\n<p>Na\u0161e poslanie je priamo\u010diare aj ambici\u00f3zne: poskytova\u0165 na\u0161im z\u00e1kazn\u00edkom hydraulick\u00e9 valce, ktor\u00e9 prekon\u00e1vaj\u00fa o\u010dak\u00e1vania vo v\u00fdkone, odolnosti a hodnote. Dodr\u017eiavame z\u00e1kladn\u00e9 princ\u00edpy profesionality, integrity a zamerania sa na z\u00e1kazn\u00edka. Podporou kult\u00fary inov\u00e1ci\u00ed a presnosti neust\u00e1le vylep\u0161ujeme na\u0161e produkty, aby sme si udr\u017eali n\u00e1skok na konkuren\u010dnom trhu. N\u00e1\u0161 rozsiahly sortiment produktov a schopnos\u0165 pon\u00faka\u0165 rie\u0161enia na mieru z n\u00e1s robia preferovan\u00fa vo\u013ebu pre firmy, ktor\u00e9 h\u013eadaj\u00fa vysoko v\u00fdkonn\u00e9 hydraulick\u00e9 valce.<\/p>\n<p>FMP je viac ne\u017e len v\u00fdrobca; sme oddan\u00fdmi partnermi vo va\u0161om \u00faspechu. Ch\u00e1peme, \u017ee na\u0161i z\u00e1kazn\u00edci sa na n\u00e1s spoliehaj\u00fa, \u017ee im poskytneme n\u00e1stroje, ktor\u00e9 zvy\u0161uj\u00fa produktivitu a bezpe\u010dnos\u0165. Preto sa venujeme nielen poskytovaniu \u0161pi\u010dkov\u00fdch produktov, ale aj v\u00fdnimo\u010dn\u00fdch slu\u017eieb. Od po\u010diato\u010dn\u00fdch konzult\u00e1ci\u00ed a\u017e po popredajn\u00fa podporu \u00fazko spolupracujeme s na\u0161imi klientmi, aby sme zabezpe\u010dili, \u017ee ich potreby bud\u00fa splnen\u00e9 s profesionalitou a starostlivos\u0165ou. Na\u0161e konkurencieschopn\u00e9 ceny v kombin\u00e1cii s neochvejn\u00fdm z\u00e1v\u00e4zkom ku kvalite robia z FMP inteligentn\u00fa vo\u013ebu pre spolo\u010dnosti, ktor\u00e9 chc\u00fa investova\u0165 do d\u00f4veryhodn\u00fdch hydraulick\u00fdch rie\u0161en\u00ed.<\/p>","protected":false},"excerpt":{"rendered":"<p>Good Quality Telescopic Hydraulic Cylinder Dump Truck And Trailer Hydraulic Cylinder The Telescopic Hydraulic Cylinder is an essential piece of equipment, offering both strength and durability. Its role is to transform hydraulic power into mechanical power, providing reliable force and control in various applications. Importance and Uses of Telescopic Hydraulic Cylinder Telescopic Hydraulic Cylinders are [&hellip;]<\/p>","protected":false},"featured_media":6760,"comment_status":"closed","ping_status":"closed","template":"","meta":{"_et_pb_use_builder":"","_et_pb_old_content":"","_et_gb_content_width":""},"product_brand":[],"product_cat":[103],"product_tag":[34,105],"class_list":{"0":"post-6650","1":"product","2":"type-product","3":"status-publish","4":"has-post-thumbnail","6":"product_cat-telescopic-hydraulic-cylinders","7":"product_tag-hydraulic-cylinder","8":"product_tag-telescopic-hydraulic-cylinders","10":"first","11":"instock","12":"product-type-simple"},"_links":{"self":[{"href":"https:\/\/fmp-components.com\/sk\/wp-json\/wp\/v2\/product\/6650","targetHints":{"allow":["GET"]}}],"collection":[{"href":"https:\/\/fmp-components.com\/sk\/wp-json\/wp\/v2\/product"}],"about":[{"href":"https:\/\/fmp-components.com\/sk\/wp-json\/wp\/v2\/types\/product"}],"replies":[{"embeddable":true,"href":"https:\/\/fmp-components.com\/sk\/wp-json\/wp\/v2\/comments?post=6650"}],"wp:featuredmedia":[{"embeddable":true,"href":"https:\/\/fmp-components.com\/sk\/wp-json\/wp\/v2\/media\/6760"}],"wp:attachment":[{"href":"https:\/\/fmp-components.com\/sk\/wp-json\/wp\/v2\/media?parent=6650"}],"wp:term":[{"taxonomy":"product_brand","embeddable":true,"href":"https:\/\/fmp-components.com\/sk\/wp-json\/wp\/v2\/product_brand?post=6650"},{"taxonomy":"product_cat","embeddable":true,"href":"https:\/\/fmp-components.com\/sk\/wp-json\/wp\/v2\/product_cat?post=6650"},{"taxonomy":"product_tag","embeddable":true,"href":"https:\/\/fmp-components.com\/sk\/wp-json\/wp\/v2\/product_tag?post=6650"}],"curies":[{"name":"pracovn\u00fd list","href":"https:\/\/api.w.org\/{rel}","templated":true}]}}