{"id":6648,"date":"2025-03-11T06:36:21","date_gmt":"2025-03-11T06:36:21","guid":{"rendered":"https:\/\/fmp-components.com\/product\/20-ton-hydraulic-cylinder-double-acting-telescopic-hydraulic-cylinder"},"modified":"2025-03-18T01:55:17","modified_gmt":"2025-03-18T01:55:17","slug":"20-ton-hydraulic-cylinder-double-acting-telescopic-hydraulic-cylinder","status":"publish","type":"product","link":"https:\/\/fmp-components.com\/sk\/product\/20-ton-hydraulic-cylinder-double-acting-telescopic-hydraulic-cylinder\/","title":{"rendered":"20-tonov\u00fd hydraulick\u00fd valec Dvoj\u010dinn\u00fd teleskopick\u00fd hydraulick\u00fd valec"},"content":{"rendered":"<h2>20-tonov\u00fd hydraulick\u00fd valec Dvoj\u010dinn\u00fd teleskopick\u00fd hydraulick\u00fd valec<\/h2>\n<p>Tento 20-tonov\u00fd hydraulick\u00fd valec je dvoj\u010dinn\u00fd teleskopick\u00fd hydraulick\u00fd valec, ktor\u00fd je nov\u00fd s 1-ro\u010dnou z\u00e1rukou. Je vhodn\u00fd na pou\u017eitie v r\u00f4znych odvetviach vr\u00e1tane opravovn\u00ed strojov, fariem, energetiky a ban\u00edctva, v\u00fdroby strojov a stroj\u00e1rskych z\u00e1vodov.<\/p>\n<h3>\u0160pecifik\u00e1cie produktu<\/h3>\n<p>Hydraulick\u00fd valec v\u00e1\u017ei 120 kg a m\u00e1 maxim\u00e1lnu \u0165ahov\u00fa kapacitu 3000. Je to viacstup\u0148ov\u00fd hydraulick\u00fd valec s portami G\/SAE\/NPT\/M a dok\u00e1\u017ee utiahnu\u0165 maxim\u00e1lne za\u0165a\u017eenie 20 ton. Valec m\u00e1 certifik\u00e1t ISO9001:2000 a dod\u00e1va sa v \u0161tandardnej \u010diernej farbe.<\/p>\n<h3>Podrobn\u00e9 parametre<\/h3>\n<table style=\"width: 93.7263%; height: 127px;\" border=\"\">\n<tbody>\n<tr>\n<th>Ve\u013ekos\u0165 otvoru<\/th>\n<td>2-6 palcov<\/td>\n<\/tr>\n<tr>\n<th>Ve\u013ekos\u0165 ty\u010de<\/th>\n<td>1,125-4 palca<\/td>\n<\/tr>\n<tr>\n<th>Ve\u013ekos\u0165 \u0165ahu<\/th>\n<td>4-100 palcov<\/td>\n<\/tr>\n<tr>\n<th>Ve\u013ekos\u0165 \u010dapu<\/th>\n<td>0,5-2 palce<\/td>\n<\/tr>\n<tr>\n<th>Porty<\/th>\n<td>G\/SAE\/NPT\/M<\/td>\n<\/tr>\n<\/tbody>\n<\/table>\n<h2>Jedine\u010dn\u00e9 vlastnosti a v\u00fdhody<\/h2>\n<ul>\n<li>Energeticky \u00fasporn\u00e9<\/li>\n<li>Vysoko \u00fa\u010dinn\u00fd<\/li>\n<li>Bezpe\u010dn\u00e9 pou\u017eitie<\/li>\n<\/ul>\n<h2>Hydraulick\u00fd syst\u00e9m a princ\u00edp \u010dinnosti<\/h2>\n<p>Hydraulick\u00fd valec funguje na z\u00e1klade z\u00e1kladn\u00e9ho princ\u00edpu premeny hydraulickej energie na mechanick\u00fd pohyb. T\u00e1to transform\u00e1cia za\u010d\u00edna, ke\u010f je hydraulick\u00e1 kvapalina natlakovan\u00e1 vo valci. Ke\u010f sa na kvapalinu aplikuje tlak, vyv\u00edja sa sila na piest vo vn\u00fatri valca, \u010do sp\u00f4sobuje pohyb piesta. Tento pohyb generuje line\u00e1rny pohyb, ktor\u00fd mo\u017eno vyu\u017ei\u0165 na vykon\u00e1vanie \u0161irokej \u0161k\u00e1ly mechanick\u00fdch \u00faloh. \u00da\u010dinnos\u0165 tohto procesu umo\u017e\u0148uje hydraulick\u00fdm syst\u00e9mom poskytova\u0165 v\u00fdznamn\u00fd v\u00fdstupn\u00fd v\u00fdkon z relat\u00edvne mal\u00fdch vstupov, v\u010faka \u010domu s\u00fa ide\u00e1lne pre aplik\u00e1cie vy\u017eaduj\u00face zna\u010dn\u00fa silu v kompaktnom preveden\u00ed.<\/p>\n<p><img loading=\"lazy\" decoding=\"async\" class=\"alignnone wp-image-6656\" src=\"https:\/\/fmp-components.com\/wp-content\/uploads\/2025\/03\/telescopic-hydraulic-cylinder-5.webp\" alt=\"teleskopick\u00fd hydraulick\u00fd valec\" width=\"917\" height=\"917\" title=\"\" srcset=\"https:\/\/fmp-components.com\/wp-content\/uploads\/2025\/03\/telescopic-hydraulic-cylinder-5.webp 917w, https:\/\/fmp-components.com\/wp-content\/uploads\/2025\/03\/telescopic-hydraulic-cylinder-5-480x480.webp 480w\" sizes=\"(min-width: 0px) and (max-width: 480px) 480px, (min-width: 481px) 917px, 100vw\" \/><\/p>\n<p>V\u010faka zlo\u017eitej kon\u0161trukcii hydraulick\u00fdch valcov m\u00f4\u017eu efekt\u00edvne pracova\u0165 v r\u00f4znych podmienkach. V\u010faka vyu\u017eitiu nestla\u010dite\u013enej hydraulickej kvapaliny dok\u00e1\u017eu tieto syst\u00e9my pren\u00e1\u0161a\u0165 silu na dlh\u00e9 vzdialenosti s minim\u00e1lnou stratou energie. Okrem toho schopnos\u0165 regulova\u0165 prietok a tlak hydraulickej kvapaliny umo\u017e\u0148uje presn\u00e9 ovl\u00e1danie r\u00fdchlosti a polohy piestu, \u010d\u00edm sa zvy\u0161uje v\u0161estrannos\u0165 a citlivos\u0165 hydraulick\u00fdch syst\u00e9mov.<\/p>\n<h2>Scen\u00e1re aplik\u00e1ci\u00ed<\/h2>\n<p>Hydraulick\u00e9 valce s\u00fa neoddelite\u013enou s\u00fa\u010das\u0165ou mnoh\u00fdch odvetv\u00ed a preukazuj\u00fa svoju v\u0161estrannos\u0165 a \u00fa\u010dinnos\u0165 v r\u00f4znych aplik\u00e1ci\u00e1ch vr\u00e1tane:<\/p>\n<ul>\n<li><strong>V\u00fdroba a \u00fadr\u017eba strojov:<\/strong> Vo v\u00fdrobnom prostred\u00ed sa hydraulick\u00e9 valce pou\u017e\u00edvaj\u00fa na \u00falohy, ako je zdv\u00edhanie \u0165a\u017ek\u00fdch komponentov, lisovanie materi\u00e1lov a obsluha automatizovan\u00fdch strojov. Zohr\u00e1vaj\u00fa d\u00f4le\u017eit\u00fa \u00falohu v mont\u00e1\u017enych link\u00e1ch a \u00fadr\u017eb\u00e1rskych oper\u00e1ci\u00e1ch, preto\u017ee poskytuj\u00fa potrebn\u00fa silu a presnos\u0165 na zabezpe\u010denie plynul\u00e9ho chodu.<\/li>\n<li><strong>Po\u013enohospod\u00e1rstvo:<\/strong> V po\u013enohospod\u00e1rstve sa hydraulick\u00e9 valce pou\u017e\u00edvaj\u00fa v r\u00f4znych zariadeniach vr\u00e1tane traktorov a kombajnov. Pom\u00e1haj\u00fa pri \u00faloh\u00e1ch, ako je zdv\u00edhanie a sp\u00fa\u0161\u0165anie n\u00e1strojov, nakl\u00e1\u0148anie pluhov a ovl\u00e1danie pr\u00edslu\u0161enstva, \u010d\u00edm zvy\u0161uj\u00fa produktivitu a efektivitu po\u013enohospod\u00e1rskych oper\u00e1ci\u00ed.<\/li>\n<li><strong>Energia a ban\u00edctvo:<\/strong> Hydraulick\u00e9 syst\u00e9my s\u00fa k\u013e\u00fa\u010dov\u00e9 v energetickom a banskom sektore, kde sa pou\u017e\u00edvaj\u00fa na v\u0155tanie, kopanie a zdv\u00edhanie \u0165a\u017ek\u00fdch bremien. Ich schopnos\u0165 pracova\u0165 v extr\u00e9mnych podmienkach a poskytova\u0165 vysok\u00fd v\u00fdkon ich rob\u00ed v t\u00fdchto n\u00e1ro\u010dn\u00fdch prostrediach nenahradite\u013en\u00fdmi.<\/li>\n<li><strong>Kon\u0161trukcia:<\/strong> Hydraulick\u00e9 valce sa be\u017ene nach\u00e1dzaj\u00fa v stavebn\u00fdch strojoch, ako s\u00fa bagre, buldoz\u00e9ry a \u017eeriavy. Umo\u017e\u0148uj\u00fa v\u00fdkonn\u00e9 zdv\u00edhanie a kopanie, \u010d\u00edm u\u013eah\u010duj\u00fa r\u00f4zne stavebn\u00e9 \u00falohy s presnos\u0165ou a \u013eahkos\u0165ou.<\/li>\n<li><strong>Doprava:<\/strong> V dopravnom sektore sa hydraulick\u00e9 valce pou\u017e\u00edvaj\u00fa vo vozidl\u00e1ch na r\u00f4zne funkcie vr\u00e1tane zdv\u00edhania zadn\u00fdch dver\u00ed, ovl\u00e1dania hydraulick\u00fdch b\u0155zd a ovl\u00e1dania syst\u00e9mov odpru\u017eenia, \u010do prispieva k bezpe\u010dnosti a v\u00fdkonu.<\/li>\n<\/ul>\n<p>\u0160irok\u00e9 vyu\u017eitie hydraulick\u00fdch valcov v t\u00fdchto odvetviach zd\u00f4raz\u0148uje ich z\u00e1sadn\u00fa \u00falohu v modernom in\u017einierstve a stroj\u00e1rstve, pri\u010dom zvy\u0161uje efektivitu a produktivitu v mnoh\u00fdch prostrediach.<\/p>\n<h2>Hydraulick\u00e9 valce a pohonn\u00e9 jednotky<\/h2>\n<p>Hydraulick\u00fd valec a pohonn\u00e1 jednotka s\u00fa neoddelite\u013enou s\u00fa\u010das\u0165ou hydraulick\u00e9ho syst\u00e9mu. Ich spolo\u010dn\u00e1 prev\u00e1dzka zabezpe\u010duje \u0161irok\u00e9 uplatnenie hydraulickej technol\u00f3gie v priemyselnom sektore a poskytuje spo\u013eahliv\u00fa podporu nap\u00e1jania a riadenia pre r\u00f4zne technick\u00e9 a mechanick\u00e9 zariadenia. Hydraulick\u00fd valec ako ovl\u00e1da\u010d je zodpovedn\u00fd za premenu hydraulickej energie na mechanick\u00fd pohyb a premenu tlaku na silu. Pohonn\u00e1 jednotka je jadrom, ktor\u00e9 poskytuje energiu a riadiace sign\u00e1ly potrebn\u00e9 pre hydraulick\u00fd syst\u00e9m. Koordinovan\u00e1 prev\u00e1dzka t\u00fdchto dvoch jednotiek umo\u017e\u0148uje norm\u00e1lnu prev\u00e1dzku hydraulick\u00e9ho syst\u00e9mu. FMP tie\u017e pon\u00faka na predaj pohonn\u00e9 jednotky.<\/p>\n<h2>\u010casto kladen\u00e9 ot\u00e1zky<\/h2>\n<p>Ot\u00e1zka: Ste obchodn\u00e1 spolo\u010dnos\u0165 alebo v\u00fdrobca?<br \/>\nA: Sme v\u00fdrobca.<\/p>\n<p>Ot\u00e1zka: Ak\u00e1 je dodacia lehota?<br \/>\nA: Vo v\u0161eobecnosti je to 25-35 dn\u00ed.<\/p>\n<p>Ot\u00e1zka: Poskytujete vzorky? Je to zadarmo alebo navy\u0161e?<br \/>\nA: \u00c1no, mohli by sme pon\u00faknu\u0165 vzorku, ale nie je zadarmo.<\/p>\n<h3>O FMP<\/h3>\n<p>FMP je popredn\u00fd taliansky v\u00fdrobca zn\u00e1my svojimi odborn\u00fdmi znalos\u0165ami v oblasti n\u00e1vrhu, v\u00fdvoja a v\u00fdroby vysokokvalitn\u00fdch hydraulick\u00fdch valcov. V\u010faka desa\u0165ro\u010diam sk\u00fasenost\u00ed v tomto odvetv\u00ed bezprobl\u00e9movo sp\u00e1jame tradi\u010dn\u00e9 talianske remeseln\u00e9 spracovanie s najmodernej\u0161\u00edmi technol\u00f3giami, aby sme dod\u00e1vali vynikaj\u00face hydraulick\u00e9 rie\u0161enia prisp\u00f4soben\u00e9 rozmanit\u00fdm potreb\u00e1m na\u0161ich z\u00e1kazn\u00edkov po celom svete. Spolo\u010dnos\u0165 FMP so s\u00eddlom v Taliansku, centre in\u017einierskej excelentnosti, sa etablovala ako d\u00f4veryhodn\u00e9 meno v hydraulickom sektore a venuje sa poskytovaniu spo\u013eahliv\u00fdch, odoln\u00fdch a inovat\u00edvnych produktov, ktor\u00e9 posil\u0148uj\u00fa podniky na celom svete.<\/p>\n<p>Na\u0161a spolo\u010dnos\u0165 kombinuje to najlep\u0161ie z pokro\u010dil\u00fdch v\u00fdrobn\u00fdch postupov s progres\u00edvnym pr\u00edstupom. V\u010faka dlhoro\u010dn\u00fdm sk\u00fasenostiam v oblasti hydraulick\u00fdch syst\u00e9mov sa spolo\u010dnos\u0165 FMP vyvinula v modern\u00fd podnik, ktor\u00fd vynik\u00e1 vo v\u00fdskume, dizajne a v\u00fdrobe. Pon\u00fakame \u0161irok\u00fd sortiment hydraulick\u00fdch valcov vr\u00e1tane dvoj\u010dinn\u00fdch valcov, zdv\u00edhac\u00edch valcov pre automobily, valcov pre po\u013enohospod\u00e1rske stroje a na mieru vyroben\u00fdch rie\u0161en\u00ed pre r\u00f4zne priemyseln\u00e9 aplik\u00e1cie. \u010ci u\u017e ide o stavebn\u00edctvo, priemyseln\u00e9 in\u0161tal\u00e1cie, po\u013enohospod\u00e1rstvo alebo \u0165a\u017ek\u00e9 stroje, na\u0161e hydraulick\u00e9 valce s\u00fa navrhnut\u00e9 tak, aby fungovali v najn\u00e1ro\u010dnej\u0161\u00edch podmienkach a zabezpe\u010dovali bezpe\u010dnos\u0165, \u00fa\u010dinnos\u0165 a dlh\u00fa \u017eivotnos\u0165.<\/p>\n<p>V spolo\u010dnosti FMP sme hrd\u00ed na na\u0161e najmodernej\u0161ie v\u00fdrobn\u00e9 zariadenia, vybaven\u00e9 presn\u00fdmi strojmi a pokro\u010dil\u00fdmi testovac\u00edmi syst\u00e9mami. Na\u0161e v\u00fdrobn\u00e9 procesy sp\u013a\u0148aj\u00fa pr\u00edsne n\u00e1rodn\u00e9 a medzin\u00e1rodn\u00e9 normy, \u010do zaru\u010duje, \u017ee ka\u017ed\u00fd vyroben\u00fd hydraulick\u00fd valec sp\u013a\u0148a najvy\u0161\u0161ie \u0161tandardy kvality a spo\u013eahlivosti. V\u010faka sk\u00fasen\u00e9mu technick\u00e9mu t\u00edmu a najmodernej\u0161iemu vybaveniu udr\u017eiavame pr\u00edsnu kontrolu kvality v ka\u017edej f\u00e1ze v\u00fdroby \u2013 od v\u00fdberu surov\u00edn a\u017e po kone\u010dn\u00fa kontrolu. Tento z\u00e1v\u00e4zok k dokonalosti n\u00e1m vyniesol certifik\u00e1cie a uznanie od priemyseln\u00fdch autor\u00edt, \u010d\u00edm posil\u0148ujeme na\u0161u reput\u00e1ciu spo\u013eahliv\u00e9ho partnera.<\/p>\n<p><img loading=\"lazy\" decoding=\"async\" class=\"alignnone size-full wp-image-6720\" src=\"https:\/\/fmp-components.com\/wp-content\/uploads\/2025\/03\/hydraulic-cylinder-8.webp\" alt=\"Teleskopick\u00e9 hydraulick\u00e9 valce\" width=\"933\" height=\"526\" title=\"\" srcset=\"https:\/\/fmp-components.com\/wp-content\/uploads\/2025\/03\/hydraulic-cylinder-8.webp 933w, https:\/\/fmp-components.com\/wp-content\/uploads\/2025\/03\/hydraulic-cylinder-8-480x271.webp 480w\" sizes=\"(min-width: 0px) and (max-width: 480px) 480px, (min-width: 481px) 933px, 100vw\" \/><\/p>\n<p>Na\u0161e poslanie je priamo\u010diare aj ambici\u00f3zne: poskytova\u0165 na\u0161im z\u00e1kazn\u00edkom hydraulick\u00e9 valce, ktor\u00e9 prekon\u00e1vaj\u00fa o\u010dak\u00e1vania vo v\u00fdkone, odolnosti a hodnote. Dodr\u017eiavame z\u00e1kladn\u00e9 princ\u00edpy profesionality, integrity a zamerania sa na z\u00e1kazn\u00edka. Podporou kult\u00fary inov\u00e1ci\u00ed a presnosti neust\u00e1le vylep\u0161ujeme na\u0161e produkty, aby sme si udr\u017eali n\u00e1skok na konkuren\u010dnom trhu. N\u00e1\u0161 rozsiahly sortiment produktov a schopnos\u0165 pon\u00faka\u0165 rie\u0161enia na mieru z n\u00e1s robia preferovan\u00fa vo\u013ebu pre firmy, ktor\u00e9 h\u013eadaj\u00fa vysoko v\u00fdkonn\u00e9 hydraulick\u00e9 valce.<\/p>\n<p>FMP je viac ne\u017e len v\u00fdrobca; sme oddan\u00fdmi partnermi vo va\u0161om \u00faspechu. Ch\u00e1peme, \u017ee na\u0161i z\u00e1kazn\u00edci sa na n\u00e1s spoliehaj\u00fa, \u017ee im poskytneme n\u00e1stroje, ktor\u00e9 zvy\u0161uj\u00fa produktivitu a bezpe\u010dnos\u0165. Preto sa venujeme nielen poskytovaniu \u0161pi\u010dkov\u00fdch produktov, ale aj v\u00fdnimo\u010dn\u00fdch slu\u017eieb. Od po\u010diato\u010dn\u00fdch konzult\u00e1ci\u00ed a\u017e po popredajn\u00fa podporu \u00fazko spolupracujeme s na\u0161imi klientmi, aby sme zabezpe\u010dili, \u017ee ich potreby bud\u00fa splnen\u00e9 s profesionalitou a starostlivos\u0165ou. Na\u0161e konkurencieschopn\u00e9 ceny v kombin\u00e1cii s neochvejn\u00fdm z\u00e1v\u00e4zkom ku kvalite robia z FMP inteligentn\u00fa vo\u013ebu pre spolo\u010dnosti, ktor\u00e9 chc\u00fa investova\u0165 do d\u00f4veryhodn\u00fdch hydraulick\u00fdch rie\u0161en\u00ed.<\/p>","protected":false},"excerpt":{"rendered":"<p>20 Ton Hydraulic Cylinder Double Acting Telescopic Hydraulic Cylinder This 20 Ton hydraulic cylinder is a double acting telescopic hydraulic cylinder that is new with a 1-year warranty. It is suitable for use in various industries including machinery repair shops, farms, energy and mining, machinery manufacturing, and machinery factories. Product Specifications The hydraulic cylinder weighs [&hellip;]<\/p>","protected":false},"featured_media":6758,"comment_status":"closed","ping_status":"closed","template":"","meta":{"_et_pb_use_builder":"","_et_pb_old_content":"","_et_gb_content_width":""},"product_brand":[],"product_cat":[103],"product_tag":[34,105],"class_list":{"0":"post-6648","1":"product","2":"type-product","3":"status-publish","4":"has-post-thumbnail","6":"product_cat-telescopic-hydraulic-cylinders","7":"product_tag-hydraulic-cylinder","8":"product_tag-telescopic-hydraulic-cylinders","10":"first","11":"instock","12":"product-type-simple"},"_links":{"self":[{"href":"https:\/\/fmp-components.com\/sk\/wp-json\/wp\/v2\/product\/6648","targetHints":{"allow":["GET"]}}],"collection":[{"href":"https:\/\/fmp-components.com\/sk\/wp-json\/wp\/v2\/product"}],"about":[{"href":"https:\/\/fmp-components.com\/sk\/wp-json\/wp\/v2\/types\/product"}],"replies":[{"embeddable":true,"href":"https:\/\/fmp-components.com\/sk\/wp-json\/wp\/v2\/comments?post=6648"}],"wp:featuredmedia":[{"embeddable":true,"href":"https:\/\/fmp-components.com\/sk\/wp-json\/wp\/v2\/media\/6758"}],"wp:attachment":[{"href":"https:\/\/fmp-components.com\/sk\/wp-json\/wp\/v2\/media?parent=6648"}],"wp:term":[{"taxonomy":"product_brand","embeddable":true,"href":"https:\/\/fmp-components.com\/sk\/wp-json\/wp\/v2\/product_brand?post=6648"},{"taxonomy":"product_cat","embeddable":true,"href":"https:\/\/fmp-components.com\/sk\/wp-json\/wp\/v2\/product_cat?post=6648"},{"taxonomy":"product_tag","embeddable":true,"href":"https:\/\/fmp-components.com\/sk\/wp-json\/wp\/v2\/product_tag?post=6648"}],"curies":[{"name":"pracovn\u00fd list","href":"https:\/\/api.w.org\/{rel}","templated":true}]}}