{"id":6647,"date":"2025-03-11T06:36:21","date_gmt":"2025-03-11T06:36:21","guid":{"rendered":"https:\/\/fmp-components.com\/product\/multi-stage-dump-truck-hydraulic-hoist-cylinder"},"modified":"2025-03-12T07:00:10","modified_gmt":"2025-03-12T07:00:10","slug":"multi-stage-dump-truck-hydraulic-hoist-cylinder","status":"publish","type":"product","link":"https:\/\/fmp-components.com\/sk\/product\/multi-stage-dump-truck-hydraulic-hoist-cylinder\/","title":{"rendered":"Hydraulick\u00fd zdv\u00edhac\u00ed valec pre viacstup\u0148ov\u00e9 skl\u00e1pa\u010de"},"content":{"rendered":"<h2>Hydraulick\u00fd zdv\u00edhac\u00ed valec pre viacstup\u0148ov\u00e9 skl\u00e1pa\u010de<\/h2>\n<p>Predstavujeme n\u00e1\u0161 \u00faplne nov\u00fd produkt, viacstup\u0148ov\u00fd hydraulick\u00fd valec pre zdvih\u00e1ky. Tento hydraulick\u00fd valec, ktor\u00fd je d\u00f4le\u017eitou s\u00fa\u010das\u0165ou \u0165a\u017ek\u00fdch strojov, je ide\u00e1lny pre opravovne strojov, farmy, energetick\u00fd a \u0165a\u017eobn\u00fd priemysel, ako aj pre v\u00fdrobu strojov a tov\u00e1rne.<\/p>\n<h3>Vlastnosti a \u0161pecifik\u00e1cie produktu<\/h3>\n<p>Tento vysokokvalitn\u00fd hydraulick\u00fd zdv\u00edhac\u00ed valec m\u00e1 1-ro\u010dn\u00fa z\u00e1ruku a v\u00e1\u017ei 120 kg. Na hlavn\u00e9 komponenty, medzi ktor\u00e9 patria lo\u017eisk\u00e1 a samotn\u00fd hydraulick\u00fd valec, sa tie\u017e vz\u0165ahuje 1-ro\u010dn\u00e1 z\u00e1ruka. Ide o \u0161tandardn\u00fd piestov\u00fd valec s telesom vyroben\u00fdm z pevnej ocele. Maxim\u00e1lna \u0165ahov\u00e1 sila a sila, ktor\u00e9 dok\u00e1\u017ee zvl\u00e1dnu\u0165, s\u00fa 3 000 a 20 ton. Jeho priemer otvoru sa pohybuje od 2 do 6 palcov a ve\u013ekos\u0165 ty\u010de sa pohybuje od 1,125 do 4 palcov. Ve\u013ekos\u0165 zdvihu sa pohybuje od 4 do 100 palcov a ve\u013ekos\u0165 \u010dapu sa pohybuje od 0,5 do 2 palcov. Hydraulick\u00fd zdv\u00edhac\u00ed valec je \u010diernej farby.<\/p>\n<h3>Technick\u00e9 \u0161pecifik\u00e1cie<\/h3>\n<table style=\"width: 95.5642%;\" border=\"\">\n<tbody>\n<tr>\n<td style=\"width: 43.5028%;\"><b>Ve\u013ekos\u0165 otvoru<\/b><\/td>\n<td style=\"width: 461.582%;\">2-6 palcov<\/td>\n<\/tr>\n<tr>\n<td style=\"width: 43.5028%;\"><b>Ve\u013ekos\u0165 ty\u010de<\/b><\/td>\n<td style=\"width: 461.582%;\">1,125-4 palca<\/td>\n<\/tr>\n<tr>\n<td style=\"width: 43.5028%;\"><b>Ve\u013ekos\u0165 \u0165ahu<\/b><\/td>\n<td style=\"width: 461.582%;\">4-100 palcov<\/td>\n<\/tr>\n<tr>\n<td style=\"width: 43.5028%;\"><b>Ve\u013ekos\u0165 \u010dapu<\/b><\/td>\n<td style=\"width: 461.582%;\">0,5-2 palce<\/td>\n<\/tr>\n<tr>\n<td style=\"width: 43.5028%;\"><b>Porty<\/b><\/td>\n<td style=\"width: 461.582%;\">G\/SAE\/NPT\/M<\/td>\n<\/tr>\n<\/tbody>\n<\/table>\n<h2>V\u00fdhody produktu<\/h2>\n<p>Hydraulick\u00fd zdv\u00edhac\u00ed valec pre viacstup\u0148ov\u00e9 skl\u00e1pa\u010de je energeticky \u00fasporn\u00fd, vysoko \u00fa\u010dinn\u00fd a neuverite\u013ene bezpe\u010dn\u00fd, v\u010faka \u010domu je ide\u00e1lnou vo\u013ebou pre potreby v\u00e1\u0161ho odvetvia.<\/p>\n<h3>Hydraulick\u00fd syst\u00e9m a princ\u00edpy fungovania<\/h3>\n<p>Hydraulick\u00fd valec zdv\u00edhacieho zariadenia je jadrom hydraulick\u00e9ho syst\u00e9mu. Premie\u0148a hydraulick\u00fa energiu na mechanick\u00fd pohyb, \u010d\u00edm transformuje tlak na silu. Hydraulick\u00e1 jednotka dod\u00e1va potrebn\u00fa energiu a riadiace sign\u00e1ly pre hydraulick\u00fd syst\u00e9m, \u010d\u00edm zabezpe\u010duje jeho plynul\u00fd chod.<\/p>\n<p><img loading=\"lazy\" decoding=\"async\" class=\"alignnone  wp-image-6657\" src=\"https:\/\/fmp-components.com\/wp-content\/uploads\/2025\/03\/telescopic-hydraulic-cylinder-3.webp\" alt=\"teleskopick\u00fd hydraulick\u00fd valec\" width=\"952\" height=\"952\" title=\"\" srcset=\"https:\/\/fmp-components.com\/wp-content\/uploads\/2025\/03\/telescopic-hydraulic-cylinder-3.webp 952w, https:\/\/fmp-components.com\/wp-content\/uploads\/2025\/03\/telescopic-hydraulic-cylinder-3-480x480.webp 480w\" sizes=\"(min-width: 0px) and (max-width: 480px) 480px, (min-width: 481px) 952px, 100vw\" \/><\/p>\n<h2>Aplik\u00e1cia produktu<\/h2>\n<p>Tento hydraulick\u00fd zdv\u00edhac\u00ed valec je ide\u00e1lny na pou\u017eitie v opravovniach strojov, na farm\u00e1ch, v energetickom a \u0165a\u017eobnom priemysle, ako aj vo v\u00fdrobe strojov a tov\u00e1r\u0148ach. Je navrhnut\u00fd na manipul\u00e1ciu s \u0165a\u017ek\u00fdmi bremenami a prev\u00e1dzku v n\u00e1ro\u010dn\u00fdch podmienkach.<\/p>\n<h2>Hydraulick\u00e9 valce a pohonn\u00e9 jednotky<\/h2>\n<p>Hydraulick\u00e9 valce a pohonn\u00e9 jednotky s\u00fa neoddelite\u013enou s\u00fa\u010das\u0165ou hydraulick\u00e9ho syst\u00e9mu. Ich spolo\u010dn\u00e1 prev\u00e1dzka zabezpe\u010duje \u0161irok\u00e9 uplatnenie hydraulickej technol\u00f3gie v priemyselnej oblasti a poskytuje spo\u013eahliv\u00fa podporu nap\u00e1jania a riadenia pre r\u00f4zne technick\u00e9 a mechanick\u00e9 zariadenia. V spolo\u010dnosti FMP pon\u00fakame na predaj aj pohonn\u00e9 jednotky.<\/p>\n<h2>\u010casto kladen\u00e9 ot\u00e1zky<\/h2>\n<p><b>Ot\u00e1zka: Ste obchodn\u00e1 spolo\u010dnos\u0165 alebo v\u00fdrobca?<\/b><br \/>\nA: Sme tov\u00e1re\u0148.<\/p>\n<p><b>Ot\u00e1zka: Ak\u00e1 je va\u0161a dodacia lehota?<\/b><br \/>\nA: Vo v\u0161eobecnosti je to 25-35 dn\u00ed.<\/p>\n<p><b>Ot\u00e1zka: Poskytujete vzorky? Je to zadarmo alebo navy\u0161e?<\/b><br \/>\nA: \u00c1no, mohli by sme pon\u00faknu\u0165 vzorku, ale nie je zadarmo.<\/p>\n<h3>O FMP<\/h3>\n<p>FMP je popredn\u00fd taliansky v\u00fdrobca zn\u00e1my svojimi odborn\u00fdmi znalos\u0165ami v oblasti n\u00e1vrhu, v\u00fdvoja a v\u00fdroby vysokokvalitn\u00fdch hydraulick\u00fdch valcov. V\u010faka desa\u0165ro\u010diam sk\u00fasenost\u00ed v tomto odvetv\u00ed bezprobl\u00e9movo sp\u00e1jame tradi\u010dn\u00e9 talianske remeseln\u00e9 spracovanie s najmodernej\u0161\u00edmi technol\u00f3giami, aby sme dod\u00e1vali vynikaj\u00face hydraulick\u00e9 rie\u0161enia prisp\u00f4soben\u00e9 rozmanit\u00fdm potreb\u00e1m na\u0161ich z\u00e1kazn\u00edkov po celom svete. Spolo\u010dnos\u0165 FMP so s\u00eddlom v Taliansku, centre in\u017einierskej excelentnosti, sa etablovala ako d\u00f4veryhodn\u00e9 meno v hydraulickom sektore a venuje sa poskytovaniu spo\u013eahliv\u00fdch, odoln\u00fdch a inovat\u00edvnych produktov, ktor\u00e9 posil\u0148uj\u00fa podniky na celom svete.<\/p>\n<p>Na\u0161a spolo\u010dnos\u0165 kombinuje to najlep\u0161ie z pokro\u010dil\u00fdch v\u00fdrobn\u00fdch postupov s progres\u00edvnym pr\u00edstupom. V\u010faka dlhoro\u010dn\u00fdm sk\u00fasenostiam v oblasti hydraulick\u00fdch syst\u00e9mov sa spolo\u010dnos\u0165 FMP vyvinula v modern\u00fd podnik, ktor\u00fd vynik\u00e1 vo v\u00fdskume, dizajne a v\u00fdrobe. Pon\u00fakame \u0161irok\u00fd sortiment hydraulick\u00fdch valcov vr\u00e1tane dvoj\u010dinn\u00fdch valcov, zdv\u00edhac\u00edch valcov pre automobily, valcov pre po\u013enohospod\u00e1rske stroje a na mieru vyroben\u00fdch rie\u0161en\u00ed pre r\u00f4zne priemyseln\u00e9 aplik\u00e1cie. \u010ci u\u017e ide o stavebn\u00edctvo, priemyseln\u00e9 in\u0161tal\u00e1cie, po\u013enohospod\u00e1rstvo alebo \u0165a\u017ek\u00e9 stroje, na\u0161e hydraulick\u00e9 valce s\u00fa navrhnut\u00e9 tak, aby fungovali v najn\u00e1ro\u010dnej\u0161\u00edch podmienkach a zabezpe\u010dovali bezpe\u010dnos\u0165, \u00fa\u010dinnos\u0165 a dlh\u00fa \u017eivotnos\u0165.<\/p>\n<p>V spolo\u010dnosti FMP sme hrd\u00ed na na\u0161e najmodernej\u0161ie v\u00fdrobn\u00e9 zariadenia, vybaven\u00e9 presn\u00fdmi strojmi a pokro\u010dil\u00fdmi testovac\u00edmi syst\u00e9mami. Na\u0161e v\u00fdrobn\u00e9 procesy sp\u013a\u0148aj\u00fa pr\u00edsne n\u00e1rodn\u00e9 a medzin\u00e1rodn\u00e9 normy, \u010do zaru\u010duje, \u017ee ka\u017ed\u00fd vyroben\u00fd hydraulick\u00fd valec sp\u013a\u0148a najvy\u0161\u0161ie \u0161tandardy kvality a spo\u013eahlivosti. V\u010faka sk\u00fasen\u00e9mu technick\u00e9mu t\u00edmu a najmodernej\u0161iemu vybaveniu udr\u017eiavame pr\u00edsnu kontrolu kvality v ka\u017edej f\u00e1ze v\u00fdroby \u2013 od v\u00fdberu surov\u00edn a\u017e po kone\u010dn\u00fa kontrolu. Tento z\u00e1v\u00e4zok k dokonalosti n\u00e1m vyniesol certifik\u00e1cie a uznanie od priemyseln\u00fdch autor\u00edt, \u010d\u00edm posil\u0148ujeme na\u0161u reput\u00e1ciu spo\u013eahliv\u00e9ho partnera.<\/p>\n<p><img loading=\"lazy\" decoding=\"async\" class=\"alignnone size-full wp-image-6720\" src=\"https:\/\/fmp-components.com\/wp-content\/uploads\/2025\/03\/hydraulic-cylinder-8.webp\" alt=\"Teleskopick\u00e9 hydraulick\u00e9 valce\" width=\"933\" height=\"526\" title=\"\" srcset=\"https:\/\/fmp-components.com\/wp-content\/uploads\/2025\/03\/hydraulic-cylinder-8.webp 933w, https:\/\/fmp-components.com\/wp-content\/uploads\/2025\/03\/hydraulic-cylinder-8-480x271.webp 480w\" sizes=\"(min-width: 0px) and (max-width: 480px) 480px, (min-width: 481px) 933px, 100vw\" \/><\/p>\n<p>Na\u0161e poslanie je priamo\u010diare aj ambici\u00f3zne: poskytova\u0165 na\u0161im z\u00e1kazn\u00edkom hydraulick\u00e9 valce, ktor\u00e9 prekon\u00e1vaj\u00fa o\u010dak\u00e1vania vo v\u00fdkone, odolnosti a hodnote. Dodr\u017eiavame z\u00e1kladn\u00e9 princ\u00edpy profesionality, integrity a zamerania sa na z\u00e1kazn\u00edka. Podporou kult\u00fary inov\u00e1ci\u00ed a presnosti neust\u00e1le vylep\u0161ujeme na\u0161e produkty, aby sme si udr\u017eali n\u00e1skok na konkuren\u010dnom trhu. N\u00e1\u0161 rozsiahly sortiment produktov a schopnos\u0165 pon\u00faka\u0165 rie\u0161enia na mieru z n\u00e1s robia preferovan\u00fa vo\u013ebu pre firmy, ktor\u00e9 h\u013eadaj\u00fa vysoko v\u00fdkonn\u00e9 hydraulick\u00e9 valce.<\/p>\n<p>FMP je viac ne\u017e len v\u00fdrobca; sme oddan\u00fdmi partnermi vo va\u0161om \u00faspechu. Ch\u00e1peme, \u017ee na\u0161i z\u00e1kazn\u00edci sa na n\u00e1s spoliehaj\u00fa, \u017ee im poskytneme n\u00e1stroje, ktor\u00e9 zvy\u0161uj\u00fa produktivitu a bezpe\u010dnos\u0165. Preto sa venujeme nielen poskytovaniu \u0161pi\u010dkov\u00fdch produktov, ale aj v\u00fdnimo\u010dn\u00fdch slu\u017eieb. Od po\u010diato\u010dn\u00fdch konzult\u00e1ci\u00ed a\u017e po popredajn\u00fa podporu \u00fazko spolupracujeme s na\u0161imi klientmi, aby sme zabezpe\u010dili, \u017ee ich potreby bud\u00fa splnen\u00e9 s profesionalitou a starostlivos\u0165ou. Na\u0161e konkurencieschopn\u00e9 ceny v kombin\u00e1cii s neochvejn\u00fdm z\u00e1v\u00e4zkom ku kvalite robia z FMP inteligentn\u00fa vo\u013ebu pre spolo\u010dnosti, ktor\u00e9 chc\u00fa investova\u0165 do d\u00f4veryhodn\u00fdch hydraulick\u00fdch rie\u0161en\u00ed.<\/p>","protected":false},"excerpt":{"rendered":"<p>Multi Stage Dump Truck Hydraulic Hoist Cylinder Introducing our brand-new product, the Multi Stage Dump Truck Hydraulic Hoist Cylinder. A vital component for heavy machinery, this hydraulic cylinder is perfect for machinery repair shops, farms, energy and mining industries, and machinery manufacturing and factories. Product Features and Specifications This top-quality hydraulic hoist cylinder comes with [&hellip;]<\/p>","protected":false},"featured_media":6757,"comment_status":"closed","ping_status":"closed","template":"","meta":{"_et_pb_use_builder":"","_et_pb_old_content":"","_et_gb_content_width":""},"product_brand":[],"product_cat":[103],"product_tag":[34,105],"class_list":{"0":"post-6647","1":"product","2":"type-product","3":"status-publish","4":"has-post-thumbnail","6":"product_cat-telescopic-hydraulic-cylinders","7":"product_tag-hydraulic-cylinder","8":"product_tag-telescopic-hydraulic-cylinders","10":"first","11":"instock","12":"product-type-simple"},"_links":{"self":[{"href":"https:\/\/fmp-components.com\/sk\/wp-json\/wp\/v2\/product\/6647","targetHints":{"allow":["GET"]}}],"collection":[{"href":"https:\/\/fmp-components.com\/sk\/wp-json\/wp\/v2\/product"}],"about":[{"href":"https:\/\/fmp-components.com\/sk\/wp-json\/wp\/v2\/types\/product"}],"replies":[{"embeddable":true,"href":"https:\/\/fmp-components.com\/sk\/wp-json\/wp\/v2\/comments?post=6647"}],"wp:featuredmedia":[{"embeddable":true,"href":"https:\/\/fmp-components.com\/sk\/wp-json\/wp\/v2\/media\/6757"}],"wp:attachment":[{"href":"https:\/\/fmp-components.com\/sk\/wp-json\/wp\/v2\/media?parent=6647"}],"wp:term":[{"taxonomy":"product_brand","embeddable":true,"href":"https:\/\/fmp-components.com\/sk\/wp-json\/wp\/v2\/product_brand?post=6647"},{"taxonomy":"product_cat","embeddable":true,"href":"https:\/\/fmp-components.com\/sk\/wp-json\/wp\/v2\/product_cat?post=6647"},{"taxonomy":"product_tag","embeddable":true,"href":"https:\/\/fmp-components.com\/sk\/wp-json\/wp\/v2\/product_tag?post=6647"}],"curies":[{"name":"pracovn\u00fd list","href":"https:\/\/api.w.org\/{rel}","templated":true}]}}