{"id":6645,"date":"2025-03-11T06:35:17","date_gmt":"2025-03-11T06:35:17","guid":{"rendered":"https:\/\/fmp-components.com\/product\/5-stage-hydraulic-hoist-cylinder-dump-truck-hydraulic-cylinder"},"modified":"2025-03-12T08:36:56","modified_gmt":"2025-03-12T08:36:56","slug":"5-stage-hydraulic-hoist-cylinder-dump-truck-hydraulic-cylinder","status":"publish","type":"product","link":"https:\/\/fmp-components.com\/sk\/product\/5-stage-hydraulic-hoist-cylinder-dump-truck-hydraulic-cylinder\/","title":{"rendered":"5-stup\u0148ov\u00fd hydraulick\u00fd zdv\u00edhac\u00ed valec Hydraulick\u00fd valec pre skl\u00e1pa\u010de"},"content":{"rendered":"<h2>5-stup\u0148ov\u00fd hydraulick\u00fd zdv\u00edhac\u00ed valec Hydraulick\u00fd valec pre skl\u00e1pa\u010de<\/h2>\n<p>Hydraulick\u00fd valec s 5-stup\u0148ov\u00fdm hydraulick\u00fdm zdv\u00edhac\u00edm valcom pre skl\u00e1pa\u010de je najmodernej\u0161\u00ed produkt navrhnut\u00fd tak, aby poskytoval najvy\u0161\u0161iu \u00farove\u0148 \u00fa\u010dinnosti a v\u00fdkonu. Jeho spo\u013eahliv\u00e1 a odoln\u00e1 kon\u0161trukcia z neho rob\u00ed nevyhnutn\u00fa s\u00fa\u010das\u0165 v opravovniach strojov, farm\u00e1ch, energetickom a banskom sektore, stroj\u00e1rstve a stroj\u00e1rskych tov\u00e1r\u0148ach.<\/p>\n<p><img loading=\"lazy\" decoding=\"async\" class=\"alignnone  wp-image-6664\" src=\"https:\/\/fmp-components.com\/wp-content\/uploads\/2025\/03\/telescopic-hydraulic-cylinder-8.webp\" alt=\"teleskopick\u00fd hydraulick\u00fd valec\" width=\"861\" height=\"861\" title=\"\" srcset=\"https:\/\/fmp-components.com\/wp-content\/uploads\/2025\/03\/telescopic-hydraulic-cylinder-8.webp 861w, https:\/\/fmp-components.com\/wp-content\/uploads\/2025\/03\/telescopic-hydraulic-cylinder-8-480x480.webp 480w\" sizes=\"(min-width: 0px) and (max-width: 480px) 480px, (min-width: 481px) 861px, 100vw\" \/><\/p>\n<h3>Vlastnosti a \u0161pecifik\u00e1cie produktu<\/h3>\n<p>Tento hydraulick\u00fd valec m\u00e1 1-ro\u010dn\u00fa z\u00e1ruku a v\u00e1\u017ei 28 kg. M\u00e1 \u0161tandardn\u00fa kon\u0161trukciu piestov\u00e9ho valca poh\u00e1\u0148an\u00e9ho hydraulickou energiou, vyroben\u00fa z vysoko kvalitnej ocele pre maxim\u00e1lnu odolnos\u0165. M\u00e1 maxim\u00e1lny \u0165ah 3000 a maxim\u00e1lny \u0165ah 20 ton. Je \u010diernej farby a ide o viacstup\u0148ov\u00fd hydraulick\u00fd valec.<\/p>\n<table style=\"width: 95.1506%; height: 115px;\" border=\"\">\n<tbody>\n<tr style=\"height: 23px;\">\n<th style=\"width: 43.5028%; height: 23px;\">Ve\u013ekos\u0165 otvoru<\/th>\n<td style=\"width: 459.393%; height: 23px;\">2-6 palcov<\/td>\n<\/tr>\n<tr style=\"height: 23px;\">\n<th style=\"width: 43.5028%; height: 23px;\">Ve\u013ekos\u0165 ty\u010de<\/th>\n<td style=\"width: 459.393%; height: 23px;\">1,125-4 palca<\/td>\n<\/tr>\n<tr style=\"height: 23px;\">\n<th style=\"width: 43.5028%; height: 23px;\">Ve\u013ekos\u0165 \u0165ahu<\/th>\n<td style=\"width: 459.393%; height: 23px;\">4-100 palcov<\/td>\n<\/tr>\n<tr style=\"height: 23px;\">\n<th style=\"width: 43.5028%; height: 23px;\">Ve\u013ekos\u0165 \u010dapu<\/th>\n<td style=\"width: 459.393%; height: 23px;\">0,5-2 palce<\/td>\n<\/tr>\n<tr style=\"height: 23px;\">\n<th style=\"width: 43.5028%; height: 23px;\">Porty<\/th>\n<td style=\"width: 459.393%; height: 23px;\">G\/SAE\/NPT\/M<\/td>\n<\/tr>\n<\/tbody>\n<\/table>\n<h2>Jedine\u010dn\u00e9 vlastnosti a v\u00fdhody<\/h2>\n<p>Tento hydraulick\u00fd valec je navrhnut\u00fd s d\u00f4razom na energetick\u00fa \u00fa\u010dinnos\u0165, vysok\u00fd v\u00fdkon a bezpe\u010dnos\u0165, v\u010faka \u010domu je poprednou vo\u013ebou na trhu. Jeho inovat\u00edvne funkcie zabezpe\u010duj\u00fa, \u017ee pracuje s maxim\u00e1lnym v\u00fdkonom a z\u00e1rove\u0148 minimalizuje vplyv na \u017eivotn\u00e9 prostredie. Optimaliz\u00e1ciou premeny hydraulickej energie tento valec nielen\u017ee zni\u017euje n\u00e1klady na energiu, ale podporuje aj udr\u017eate\u013en\u00e9 postupy. Jeho robustn\u00e1 kon\u0161trukcia a pokro\u010dil\u00e9 in\u017einierstvo navy\u0161e poskytuj\u00fa pokoj v du\u0161i, preto\u017ee sp\u013a\u0148a pr\u00edsne bezpe\u010dnostn\u00e9 normy a zais\u0165uje spo\u013eahliv\u00fa prev\u00e1dzku v n\u00e1ro\u010dn\u00fdch podmienkach.<\/p>\n<h3>Hydraulick\u00e9 syst\u00e9my a princ\u00edpy fungovania<\/h3>\n<p>Hydraulick\u00fd valec funguje na z\u00e1kladnom princ\u00edpe premeny hydraulickej energie na mechanick\u00fd pohyb. Tento proces zah\u0155\u0148a premenu tlaku na silu, \u010do umo\u017e\u0148uje valcu vykon\u00e1va\u0165 r\u00f4zne mechanick\u00e9 \u00falohy s presnos\u0165ou. Ke\u010f je hydraulick\u00e1 kvapalina pod tlakom, tla\u010d\u00ed na piest vo valci, \u010d\u00edm vytv\u00e1ra line\u00e1rny pohyb. T\u00e1to efekt\u00edvna premena energie rob\u00ed z hydraulick\u00fdch valcov nevyhnutn\u00e9 s\u00fa\u010dasti v mnoh\u00fdch stroj\u00e1rskych a technick\u00fdch aplik\u00e1ci\u00e1ch, ktor\u00e9 umo\u017e\u0148uj\u00fa obsluhe \u013eahko zdv\u00edha\u0165, tla\u010di\u0165 alebo \u0165aha\u0165 \u0165a\u017ek\u00e9 bremen\u00e1.<\/p>\n<p><img loading=\"lazy\" decoding=\"async\" class=\"alignnone  wp-image-6665\" src=\"https:\/\/fmp-components.com\/wp-content\/uploads\/2025\/03\/telescopic-hydraulic-cylinder-9.webp\" alt=\"teleskopick\u00fd hydraulick\u00fd valec\" width=\"912\" height=\"912\" title=\"\" srcset=\"https:\/\/fmp-components.com\/wp-content\/uploads\/2025\/03\/telescopic-hydraulic-cylinder-9.webp 912w, https:\/\/fmp-components.com\/wp-content\/uploads\/2025\/03\/telescopic-hydraulic-cylinder-9-480x480.webp 480w\" sizes=\"(min-width: 0px) and (max-width: 480px) 480px, (min-width: 481px) 912px, 100vw\" \/><\/p>\n<h3>Scen\u00e1re aplik\u00e1ci\u00ed<\/h3>\n<p>Tento hydraulick\u00fd valec nach\u00e1dza \u0161irok\u00e9 uplatnenie v r\u00f4znych odvetviach vr\u00e1tane:<\/p>\n<ul>\n<li><strong>Opravovne strojov:<\/strong> V oprav\u00e1rensk\u00fdch prostrediach hydraulick\u00e9 valce u\u013eah\u010duj\u00fa zdv\u00edhanie a polohovanie komponentov \u0165a\u017ek\u00fdch strojov, \u010d\u00edm zefekt\u00edv\u0148uj\u00fa procesy \u00fadr\u017eby a zvy\u0161uj\u00fa prev\u00e1dzkov\u00fa efektivitu.<\/li>\n<li><strong>Po\u013enohospod\u00e1rstvo:<\/strong> V po\u013enohospod\u00e1rskom sektore s\u00fa tieto valce k\u013e\u00fa\u010dov\u00e9 pre obsluhu zariaden\u00ed, ako s\u00fa traktory a kombajny. Pom\u00e1haj\u00fa pri \u00faloh\u00e1ch, ako je zdv\u00edhanie, orba a preprava tovaru, \u010d\u00edm v\u00fdrazne zvy\u0161uj\u00fa produktivitu na farm\u00e1ch.<\/li>\n<li><strong>Energia a ban\u00edctvo:<\/strong> Hydraulick\u00e9 valce s\u00fa nevyhnutn\u00e9 v energetick\u00fdch a bansk\u00fdch prev\u00e1dzkach, kde sa pou\u017e\u00edvaj\u00fa na v\u0155tanie, v\u00fdkopov\u00e9 pr\u00e1ce a manipul\u00e1ciu s materi\u00e1lom. Ich schopnos\u0165 spo\u013eahlivo fungova\u0165 v n\u00e1ro\u010dn\u00fdch podmienkach ich rob\u00ed nevyhnutn\u00fdmi pre zariadenia v t\u00fdchto odvetviach.<\/li>\n<li><strong>V\u00fdroba strojov:<\/strong> Vo v\u00fdrobnom prostred\u00ed sa hydraulick\u00e9 valce pou\u017e\u00edvaj\u00fa na automatiz\u00e1ciu procesov, zdv\u00edhanie \u0165a\u017ek\u00fdch materi\u00e1lov a nap\u00e1janie mont\u00e1\u017enych liniek. Ich \u00fa\u010dinnos\u0165 prispieva k zv\u00fd\u0161eniu produktivity a presnosti vo v\u00fdrobe.<\/li>\n<li><strong>Stroj\u00e1rne:<\/strong> Tieto valce zohr\u00e1vaj\u00fa k\u013e\u00fa\u010dov\u00fa \u00falohu pri mont\u00e1\u017ei a prev\u00e1dzke r\u00f4znych strojn\u00fdch komponentov, \u010d\u00edm zabezpe\u010duj\u00fa plynul\u00e9 pracovn\u00e9 postupy a efekt\u00edvnu manipul\u00e1ciu s materi\u00e1lom v tov\u00e1renskom prostred\u00ed.<\/li>\n<\/ul>\n<h2>Hydraulick\u00e9 valce a pohonn\u00e9 jednotky<\/h2>\n<p>Hydraulick\u00e9 valce a pohonn\u00e9 jednotky s\u00fa z\u00e1kladn\u00fdmi s\u00fa\u010das\u0165ami ka\u017ed\u00e9ho hydraulick\u00e9ho syst\u00e9mu a spolupracuj\u00fa na poskytovan\u00ed spo\u013eahliv\u00e9ho v\u00fdkonu a ovl\u00e1dania. Hydraulick\u00fd valec sl\u00fa\u017ei ako ovl\u00e1da\u010d, ktor\u00fd premie\u0148a hydraulick\u00fa energiu na mechanick\u00fd pohyb, zatia\u013e \u010do pohonn\u00e1 jednotka generuje a reguluje hydraulick\u00fd tlak potrebn\u00fd na prev\u00e1dzku. Tento symbiotick\u00fd vz\u0165ah umo\u017e\u0148uje rozsiahle vyu\u017eitie hydraulickej technol\u00f3gie v r\u00f4znych odvetviach, \u010d\u00edm sa zabezpe\u010duje efekt\u00edvna a \u00fa\u010dinn\u00e1 prev\u00e1dzka stroj\u00e1rskych a mechanick\u00fdch zariaden\u00ed. Integr\u00e1ciou vysokokvalitn\u00fdch hydraulick\u00fdch valcov s pokro\u010dil\u00fdmi pohonn\u00fdmi jednotkami m\u00f4\u017eu podniky dosiahnu\u0165 optim\u00e1lny v\u00fdkon a spo\u013eahlivos\u0165 vo svojich prev\u00e1dzkach, \u010d\u00edm sa zvy\u0161uje produktivita a inov\u00e1cie vo svojich pr\u00edslu\u0161n\u00fdch oblastiach.<\/p>\n<h2>\u010casto kladen\u00e9 ot\u00e1zky<\/h2>\n<p><b>Ot\u00e1zka: Ste obchodn\u00e1 spolo\u010dnos\u0165 alebo v\u00fdrobca?<\/b><br \/>\nA: Sme tov\u00e1re\u0148.<\/p>\n<p><b>Ot\u00e1zka: Ak\u00e1 je va\u0161a dodacia lehota?<\/b><br \/>\nA: Vo v\u0161eobecnosti je to 25-35 dn\u00ed.<\/p>\n<p><b>Ot\u00e1zka: Poskytujete vzorky? Je to zadarmo alebo navy\u0161e?<\/b><br \/>\nA: \u00c1no, mohli by sme pon\u00faknu\u0165 vzorku, ale nie je zadarmo.<\/p>\n<h3>O FMP<\/h3>\n<p class=\"break-words\">FMP je popredn\u00fd taliansky v\u00fdrobca \u0161pecializuj\u00faci sa na n\u00e1vrh, v\u00fdvoj a v\u00fdrobu vysokokvalitn\u00fdch hydraulick\u00fdch valcov. S bohat\u00fdm dedi\u010dstvom zakorenen\u00fdm v desa\u0165ro\u010diach odborn\u00fdch znalost\u00ed hrdo kombinujeme talianske remeseln\u00e9 spracovanie s najmodernej\u0161ou technol\u00f3giou, aby sme dod\u00e1vali v\u00fdnimo\u010dn\u00e9 hydraulick\u00e9 rie\u0161enia prisp\u00f4soben\u00e9 rozmanit\u00fdm potreb\u00e1m na\u0161ich glob\u00e1lnych klientov. Spolo\u010dnos\u0165 FMP so s\u00eddlom v Taliansku, centre in\u017einierskej excelentnosti, je d\u00f4veryhodn\u00fdm menom v hydraulickom priemysle a je odhodlan\u00e1 poskytova\u0165 spo\u013eahliv\u00e9, odoln\u00e9 a inovat\u00edvne produkty, ktor\u00e9 posil\u0148uj\u00fa podniky na celom svete.<\/p>\n<p class=\"break-words\">Na\u0161a spolo\u010dnos\u0165 sp\u00e1ja to najlep\u0161ie z pokro\u010dil\u00fdch v\u00fdrobn\u00fdch trad\u00edci\u00ed s progres\u00edvnym pr\u00edstupom. V\u010faka dlhoro\u010dn\u00fdm sk\u00fasenostiam v oblasti hydraulick\u00fdch syst\u00e9mov sa spolo\u010dnos\u0165 FMP vyvinula v modern\u00fd podnik, ktor\u00fd vynik\u00e1 vo v\u00fdskume, dizajne a v\u00fdrobe. \u0160pecializujeme sa na \u0161irok\u00fa \u0161k\u00e1lu hydraulick\u00fdch valcov vr\u00e1tane dvoj\u010dinn\u00fdch valcov, zdv\u00edhac\u00edch valcov pre automobily, valcov pre po\u013enohospod\u00e1rske stroje a na mieru vyroben\u00fdch rie\u0161en\u00ed pre r\u00f4zne priemyseln\u00e9 aplik\u00e1cie. \u010ci u\u017e ide o stavebn\u00edctvo, priemyseln\u00e9 in\u0161tal\u00e1cie, po\u013enohospod\u00e1rstvo alebo \u0165a\u017ek\u00e9 stroje, na\u0161e hydraulick\u00e9 valce s\u00fa skon\u0161truovan\u00e9 tak, aby fungovali v naj\u0165a\u017e\u0161\u00edch podmienkach a zabezpe\u010dovali bezpe\u010dnos\u0165, \u00fa\u010dinnos\u0165 a dlh\u00fa \u017eivotnos\u0165.<\/p>\n<p><img loading=\"lazy\" decoding=\"async\" class=\"alignnone size-full wp-image-6720\" src=\"https:\/\/fmp-components.com\/wp-content\/uploads\/2025\/03\/hydraulic-cylinder-8.webp\" alt=\"Teleskopick\u00e9 hydraulick\u00e9 valce\" width=\"933\" height=\"526\" title=\"\" srcset=\"https:\/\/fmp-components.com\/wp-content\/uploads\/2025\/03\/hydraulic-cylinder-8.webp 933w, https:\/\/fmp-components.com\/wp-content\/uploads\/2025\/03\/hydraulic-cylinder-8-480x271.webp 480w\" sizes=\"(min-width: 0px) and (max-width: 480px) 480px, (min-width: 481px) 933px, 100vw\" \/><\/p>\n<p class=\"break-words\">V spolo\u010dnosti FMP sme hrd\u00ed na na\u0161e najmodernej\u0161ie v\u00fdrobn\u00e9 zariadenia, vybaven\u00e9 presn\u00fdmi strojmi a pokro\u010dil\u00fdmi testovac\u00edmi syst\u00e9mami. Na\u0161e v\u00fdrobn\u00e9 procesy sp\u013a\u0148aj\u00fa pr\u00edsne n\u00e1rodn\u00e9 a medzin\u00e1rodn\u00e9 normy, \u010do zabezpe\u010duje, \u017ee ka\u017ed\u00fd hydraulick\u00fd valec op\u00fa\u0161\u0165aj\u00faci na\u0161u tov\u00e1re\u0148 m\u00e1 vynikaj\u00facu kvalitu a spo\u013eahlivos\u0165. N\u00e1\u0161 sk\u00fasen\u00fd technick\u00fd t\u00edm v spojen\u00ed s najmodernej\u0161\u00edm vybaven\u00edm n\u00e1m umo\u017e\u0148uje udr\u017eiava\u0165 pr\u00edsnu kontrolu kvality v ka\u017edej f\u00e1ze v\u00fdroby \u2013 od v\u00fdberu surov\u00edn a\u017e po kone\u010dn\u00fa kontrolu. Toto odhodlanie k dokonalosti n\u00e1m prinieslo certifik\u00e1cie a uznanie od priemyseln\u00fdch autor\u00edt, \u010do \u010falej upev\u0148uje na\u0161u reput\u00e1ciu spo\u013eahliv\u00e9ho partnera.<\/p>\n<p class=\"break-words\">Na\u0161e poslanie je jednoduch\u00e9, no ambici\u00f3zne: poskytova\u0165 na\u0161im z\u00e1kazn\u00edkom hydraulick\u00e9 valce, ktor\u00e9 prekon\u00e1vaj\u00fa o\u010dak\u00e1vania v oblasti v\u00fdkonu, odolnosti a hodnoty. Pracujeme v s\u00falade s hlavn\u00fdmi princ\u00edpmi profesionality, integrity a zamerania sa na z\u00e1kazn\u00edka. Podporou kult\u00fary inov\u00e1ci\u00ed a presnosti neust\u00e1le zdokona\u013eujeme na\u0161e produkty, aby sme si udr\u017eali n\u00e1skok na konkuren\u010dnom trhu. N\u00e1\u0161 komplexn\u00fd sortiment produktov a schopnos\u0165 pon\u00faka\u0165 rie\u0161enia na mieru z n\u00e1s robia vo\u013ebu pre firmy, ktor\u00e9 h\u013eadaj\u00fa vysoko v\u00fdkonn\u00e9 hydraulick\u00e9 valce.<\/p>\n<p class=\"break-words\">FMP je viac ne\u017e len v\u00fdrobca \u2013 sme partnerom vo va\u0161om \u00faspechu. Ch\u00e1peme, \u017ee na\u0161i z\u00e1kazn\u00edci sa na n\u00e1s spoliehaj\u00fa, \u017ee im dod\u00e1me n\u00e1stroje, ktor\u00e9 zvy\u0161uj\u00fa ich produktivitu a bezpe\u010dnos\u0165. Preto sa zav\u00e4zujeme pon\u00faka\u0165 nielen \u0161pi\u010dkov\u00e9 produkty, ale aj v\u00fdnimo\u010dn\u00fd servis. Od \u00favodnej konzult\u00e1cie a\u017e po popredajn\u00fa podporu \u00fazko spolupracujeme s na\u0161imi klientmi, aby sme zabezpe\u010dili, \u017ee ich potreby bud\u00fa splnen\u00e9 s profesionalitou a starostlivos\u0165ou. Na\u0161e konkurencieschopn\u00e9 ceny v spojen\u00ed s na\u0161\u00edm neochvejn\u00fdm z\u00e1v\u00e4zkom ku kvalite robia z FMP inteligentn\u00fa vo\u013ebu pre spolo\u010dnosti, ktor\u00e9 chc\u00fa investova\u0165 do hydraulick\u00fdch rie\u0161en\u00ed, ktor\u00fdm m\u00f4\u017eu d\u00f4verova\u0165.<\/p>","protected":false},"excerpt":{"rendered":"<p>5 Stage Hydraulic Hoist Cylinder Dump Truck Hydraulic Cylinder The 5 Stage Hydraulic Hoist Cylinder Dump Truck hydraulic cylinder is a state-of-the-art product designed to provide the highest level of efficiency and power. Its reliable and durable design makes it an essential component in machinery repair shops, farms, energy and mining sectors, machinery manufacturing and [&hellip;]<\/p>","protected":false},"featured_media":6767,"comment_status":"closed","ping_status":"closed","template":"","meta":{"_et_pb_use_builder":"","_et_pb_old_content":"","_et_gb_content_width":""},"product_brand":[],"product_cat":[103],"product_tag":[34,105],"class_list":{"0":"post-6645","1":"product","2":"type-product","3":"status-publish","4":"has-post-thumbnail","6":"product_cat-telescopic-hydraulic-cylinders","7":"product_tag-hydraulic-cylinder","8":"product_tag-telescopic-hydraulic-cylinders","10":"first","11":"instock","12":"product-type-simple"},"_links":{"self":[{"href":"https:\/\/fmp-components.com\/sk\/wp-json\/wp\/v2\/product\/6645","targetHints":{"allow":["GET"]}}],"collection":[{"href":"https:\/\/fmp-components.com\/sk\/wp-json\/wp\/v2\/product"}],"about":[{"href":"https:\/\/fmp-components.com\/sk\/wp-json\/wp\/v2\/types\/product"}],"replies":[{"embeddable":true,"href":"https:\/\/fmp-components.com\/sk\/wp-json\/wp\/v2\/comments?post=6645"}],"wp:featuredmedia":[{"embeddable":true,"href":"https:\/\/fmp-components.com\/sk\/wp-json\/wp\/v2\/media\/6767"}],"wp:attachment":[{"href":"https:\/\/fmp-components.com\/sk\/wp-json\/wp\/v2\/media?parent=6645"}],"wp:term":[{"taxonomy":"product_brand","embeddable":true,"href":"https:\/\/fmp-components.com\/sk\/wp-json\/wp\/v2\/product_brand?post=6645"},{"taxonomy":"product_cat","embeddable":true,"href":"https:\/\/fmp-components.com\/sk\/wp-json\/wp\/v2\/product_cat?post=6645"},{"taxonomy":"product_tag","embeddable":true,"href":"https:\/\/fmp-components.com\/sk\/wp-json\/wp\/v2\/product_tag?post=6645"}],"curies":[{"name":"pracovn\u00fd list","href":"https:\/\/api.w.org\/{rel}","templated":true}]}}