{"id":6644,"date":"2025-03-11T06:35:17","date_gmt":"2025-03-11T06:35:17","guid":{"rendered":"https:\/\/fmp-components.com\/product\/long-stroke-double-acting-telescopic-hydraulic-cylinder"},"modified":"2025-03-12T08:31:23","modified_gmt":"2025-03-12T08:31:23","slug":"long-stroke-double-acting-telescopic-hydraulic-cylinder","status":"publish","type":"product","link":"https:\/\/fmp-components.com\/sk\/product\/long-stroke-double-acting-telescopic-hydraulic-cylinder\/","title":{"rendered":"Dvoj\u010dinn\u00fd teleskopick\u00fd hydraulick\u00fd valec s dlh\u00fdm zdvihom"},"content":{"rendered":"<h2>Dvoj\u010dinn\u00fd teleskopick\u00fd hydraulick\u00fd valec s dlh\u00fdm zdvihom<\/h2>\n<p>Tento \u00faplne nov\u00fd dvoj\u010dinn\u00fd teleskopick\u00fd hydraulick\u00fd valec s dlh\u00fdm zdvihom je perfektn\u00fdm doplnkom pre va\u0161e priemyseln\u00e9 stroje. S hmotnos\u0165ou 32 kg a ro\u010dnou z\u00e1rukou je ide\u00e1lnou vo\u013ebou pre opravovne strojov, farmy, energetiku a ban\u00edctvo, v\u00fdrobu strojov a stroj\u00e1rne.<\/p>\n<h3>\u0160pecifik\u00e1cie produktu<\/h3>\n<table style=\"width: 91.7171%;\" border=\"\">\n<tbody>\n<tr>\n<th style=\"width: 16.9576%;\">Ve\u013ekos\u0165 otvoru<\/th>\n<th style=\"width: 20.4489%;\">Ve\u013ekos\u0165 ty\u010de<\/th>\n<th style=\"width: 19.9501%;\">Ve\u013ekos\u0165 \u0165ahu<\/th>\n<th style=\"width: 16.4589%;\">Ve\u013ekos\u0165 \u010dapu<\/th>\n<th style=\"width: 134.775%;\">Porty<\/th>\n<\/tr>\n<tr>\n<td style=\"width: 16.9576%;\">2-6 palcov<\/td>\n<td style=\"width: 20.4489%;\">1,125-4 palca<\/td>\n<td style=\"width: 19.9501%;\">4-100 palcov<\/td>\n<td style=\"width: 16.4589%;\">0,5-2 palce<\/td>\n<td style=\"width: 134.775%;\">G\/SAE\/NPT\/M<\/td>\n<\/tr>\n<\/tbody>\n<\/table>\n<p>N\u00e1\u0161 hydraulick\u00fd valec je vyroben\u00fd z vysoko kvalitnej ocele, \u010do zaru\u010duje odolnos\u0165 a dlh\u00fa \u017eivotnos\u0165. Ide o \u0161tandardn\u00fd piestov\u00fd valec s maxim\u00e1lnym tlakom 3000 a maxim\u00e1lnym \u0165ahom 20 ton. Tento viacstup\u0148ov\u00fd hydraulick\u00fd valec je certifikovan\u00fd pod\u013ea normy ISO9001:2000, ktor\u00e1 zaru\u010duje najvy\u0161\u0161ie \u0161tandardy kvality.<\/p>\n<h2>Jedine\u010dn\u00e9 vlastnosti a v\u00fdhody<\/h2>\n<ul>\n<li>Energeticky \u00fasporn\u00fd: N\u00e1\u0161 hydraulick\u00fd valec vyu\u017e\u00edva hydraulick\u00fa energiu, \u010d\u00edm zni\u017euje n\u00e1klady na energiu a z\u00e1rove\u0148 zachov\u00e1va optim\u00e1lny v\u00fdkon.<\/li>\n<li>Vysok\u00e1 \u00fa\u010dinnos\u0165: S maxim\u00e1lnym \u0165ahom 3000 poskytuje n\u00e1\u0161 valec siln\u00fd v\u00fdkon.<\/li>\n<li>Bezpe\u010dn\u00fd: N\u00e1\u0161 hydraulick\u00fd valec je certifikovan\u00fd pod\u013ea normy ISO9001:2000 a sp\u013a\u0148a medzin\u00e1rodn\u00e9 bezpe\u010dnostn\u00e9 normy.<\/li>\n<\/ul>\n<p><img loading=\"lazy\" decoding=\"async\" class=\"alignnone  wp-image-6663\" src=\"https:\/\/fmp-components.com\/wp-content\/uploads\/2025\/03\/telescopic-hydraulic-cylinder-11.webp\" alt=\"teleskopick\u00fd hydraulick\u00fd valec\" width=\"886\" height=\"886\" title=\"\" srcset=\"https:\/\/fmp-components.com\/wp-content\/uploads\/2025\/03\/telescopic-hydraulic-cylinder-11.webp 886w, https:\/\/fmp-components.com\/wp-content\/uploads\/2025\/03\/telescopic-hydraulic-cylinder-11-480x480.webp 480w\" sizes=\"(min-width: 0px) and (max-width: 480px) 480px, (min-width: 481px) 886px, 100vw\" \/><\/p>\n<h2>Princ\u00edp fungovania a aplik\u00e1cie<\/h2>\n<p>Hydraulick\u00fd valec funguje tak, \u017ee premie\u0148a hydraulick\u00fa energiu na mechanick\u00fd pohyb. Ke\u010f je hydraulick\u00e1 kvapalina pod tlakom, p\u00f4sob\u00ed silou na piest vo valci, \u010do sp\u00f4sobuje jeho line\u00e1rny pohyb. T\u00e1to premena energie umo\u017e\u0148uje hydraulick\u00e9mu valcu vykon\u00e1va\u0165 r\u00f4zne mechanick\u00e9 \u00falohy efekt\u00edvne a \u00fa\u010dinne.<\/p>\n<p>N\u00e1\u0161 dvoj\u010dinn\u00fd teleskopick\u00fd hydraulick\u00fd valec s dlh\u00fdm zdvihom je obzvl\u00e1\u0161\u0165 vhodn\u00fd pre \u0161irok\u00fa \u0161k\u00e1lu aplik\u00e1ci\u00ed v r\u00f4znych odvetviach vr\u00e1tane:<\/p>\n<ul>\n<li><strong>V\u00fdroba a opravovne strojov:<\/strong> V t\u00fdchto prostrediach sa n\u00e1\u0161 hydraulick\u00fd valec pou\u017e\u00edva na zdv\u00edhanie \u0165a\u017ek\u00fdch strojov\u00fdch komponentov, u\u013eah\u010denie opr\u00e1v a zabezpe\u010denie plynulej prev\u00e1dzky na mont\u00e1\u017enych link\u00e1ch. Jeho robustn\u00e1 kon\u0161trukcia mu umo\u017e\u0148uje odol\u00e1va\u0165 n\u00e1ro\u010dn\u00fdm ka\u017edodenn\u00fdm podmienkam v ru\u0161nom priemyselnom prostred\u00ed.<\/li>\n<li><strong>Farmy:<\/strong> Po\u013enohospod\u00e1rske prev\u00e1dzky profituj\u00fa z n\u00e1\u0161ho hydraulick\u00e9ho valca pri \u00faloh\u00e1ch, ako je zdv\u00edhanie a polohovanie zariaden\u00ed, ovl\u00e1danie pluhov a zvy\u0161ovanie funk\u010dnosti traktorov. Jeho vysok\u00e1 \u0165a\u017en\u00e1 kapacita zabezpe\u010duje, \u017ee zvl\u00e1dne \u0165a\u017ek\u00e9 bremen\u00e1 typick\u00e9 pre po\u013enohospod\u00e1rske aplik\u00e1cie.<\/li>\n<li><strong>Energia a ban\u00edctvo:<\/strong> V energetickom a banskom sektore je n\u00e1\u0161 hydraulick\u00fd valec nevyhnutn\u00fd pre v\u0155tanie, v\u00fdkopov\u00e9 pr\u00e1ce a manipul\u00e1ciu s materi\u00e1lom. Jeho schopnos\u0165 spo\u013eahlivo fungova\u0165 v extr\u00e9mnych podmienkach ho rob\u00ed nevyhnutn\u00fdm pre zariadenia, ktor\u00e9 pracuj\u00fa v n\u00e1ro\u010dnom prostred\u00ed.<\/li>\n<li><strong>Tov\u00e1rne:<\/strong> Vo v\u00fdrobn\u00fdch zariadeniach zohr\u00e1va n\u00e1\u0161 hydraulick\u00fd valec k\u013e\u00fa\u010dov\u00fa \u00falohu pri automatiz\u00e1cii procesov, zdv\u00edhan\u00ed materi\u00e1lov a obsluhe strojov. Jeho \u00fa\u010dinnos\u0165 a v\u00fdkon prispievaj\u00fa k zv\u00fd\u0161eniu produktivity a zefekt\u00edvneniu prev\u00e1dzky.<\/li>\n<\/ul>\n<p>Celkovo je v\u0161estrannos\u0165 n\u00e1\u0161ho dvoj\u010dinn\u00e9ho teleskopick\u00e9ho hydraulick\u00e9ho valca s dlh\u00fdm zdvihom v\u010faka svojej v\u0161estrannosti nevyhnutnou s\u00fa\u010das\u0165ou v r\u00f4znych odvetviach, \u010do zvy\u0161uje \u00fa\u010dinnos\u0165 a efekt\u00edvnos\u0165 v \u0161irokej \u0161k\u00e1le aplik\u00e1ci\u00ed.<\/p>\n<h2>\u010casto kladen\u00e9 ot\u00e1zky<\/h2>\n<h3>Ot\u00e1zka: Ste obchodn\u00e1 spolo\u010dnos\u0165 alebo v\u00fdrobca?<\/h3>\n<p>A: Sme v\u00fdrobca.<\/p>\n<h3>Ot\u00e1zka: Ak\u00e1 je va\u0161a dodacia lehota?<\/h3>\n<p>A: Vo v\u0161eobecnosti je to 25-35 dn\u00ed.<\/p>\n<h3>Ot\u00e1zka: Poskytujete vzorky?<\/h3>\n<p>A: \u00c1no, mohli by sme pon\u00faknu\u0165 vzorku, ale nie je zadarmo.<\/p>\n<h3>O FMP<\/h3>\n<p>FMP je popredn\u00fd taliansky v\u00fdrobca zn\u00e1my svojimi odborn\u00fdmi znalos\u0165ami v oblasti n\u00e1vrhu, v\u00fdvoja a v\u00fdroby vysokokvalitn\u00fdch hydraulick\u00fdch valcov. V\u010faka desa\u0165ro\u010diam sk\u00fasenost\u00ed v tomto odvetv\u00ed bezprobl\u00e9movo sp\u00e1jame tradi\u010dn\u00e9 talianske remeseln\u00e9 spracovanie s najmodernej\u0161\u00edmi technol\u00f3giami, aby sme dod\u00e1vali vynikaj\u00face hydraulick\u00e9 rie\u0161enia prisp\u00f4soben\u00e9 rozmanit\u00fdm potreb\u00e1m na\u0161ich z\u00e1kazn\u00edkov po celom svete. Spolo\u010dnos\u0165 FMP so s\u00eddlom v Taliansku, centre in\u017einierskej excelentnosti, sa etablovala ako d\u00f4veryhodn\u00e9 meno v hydraulickom sektore a venuje sa poskytovaniu spo\u013eahliv\u00fdch, odoln\u00fdch a inovat\u00edvnych produktov, ktor\u00e9 posil\u0148uj\u00fa podniky na celom svete.<\/p>\n<p>Na\u0161a spolo\u010dnos\u0165 kombinuje to najlep\u0161ie z pokro\u010dil\u00fdch v\u00fdrobn\u00fdch postupov s progres\u00edvnym pr\u00edstupom. V\u010faka dlhoro\u010dn\u00fdm sk\u00fasenostiam v oblasti hydraulick\u00fdch syst\u00e9mov sa spolo\u010dnos\u0165 FMP vyvinula v modern\u00fd podnik, ktor\u00fd vynik\u00e1 vo v\u00fdskume, dizajne a v\u00fdrobe. Pon\u00fakame \u0161irok\u00fd sortiment hydraulick\u00fdch valcov vr\u00e1tane dvoj\u010dinn\u00fdch valcov, zdv\u00edhac\u00edch valcov pre automobily, valcov pre po\u013enohospod\u00e1rske stroje a na mieru vyroben\u00fdch rie\u0161en\u00ed pre r\u00f4zne priemyseln\u00e9 aplik\u00e1cie. \u010ci u\u017e ide o stavebn\u00edctvo, priemyseln\u00e9 in\u0161tal\u00e1cie, po\u013enohospod\u00e1rstvo alebo \u0165a\u017ek\u00e9 stroje, na\u0161e hydraulick\u00e9 valce s\u00fa navrhnut\u00e9 tak, aby fungovali v najn\u00e1ro\u010dnej\u0161\u00edch podmienkach a zabezpe\u010dovali bezpe\u010dnos\u0165, \u00fa\u010dinnos\u0165 a dlh\u00fa \u017eivotnos\u0165.<\/p>\n<p>V spolo\u010dnosti FMP sme hrd\u00ed na na\u0161e najmodernej\u0161ie v\u00fdrobn\u00e9 zariadenia, vybaven\u00e9 presn\u00fdmi strojmi a pokro\u010dil\u00fdmi testovac\u00edmi syst\u00e9mami. Na\u0161e v\u00fdrobn\u00e9 procesy sp\u013a\u0148aj\u00fa pr\u00edsne n\u00e1rodn\u00e9 a medzin\u00e1rodn\u00e9 normy, \u010do zaru\u010duje, \u017ee ka\u017ed\u00fd vyroben\u00fd hydraulick\u00fd valec sp\u013a\u0148a najvy\u0161\u0161ie \u0161tandardy kvality a spo\u013eahlivosti. V\u010faka sk\u00fasen\u00e9mu technick\u00e9mu t\u00edmu a najmodernej\u0161iemu vybaveniu udr\u017eiavame pr\u00edsnu kontrolu kvality v ka\u017edej f\u00e1ze v\u00fdroby \u2013 od v\u00fdberu surov\u00edn a\u017e po kone\u010dn\u00fa kontrolu. Tento z\u00e1v\u00e4zok k dokonalosti n\u00e1m vyniesol certifik\u00e1cie a uznanie od priemyseln\u00fdch autor\u00edt, \u010d\u00edm posil\u0148ujeme na\u0161u reput\u00e1ciu spo\u013eahliv\u00e9ho partnera.<\/p>\n<p><img loading=\"lazy\" decoding=\"async\" class=\"alignnone size-full wp-image-6720\" src=\"https:\/\/fmp-components.com\/wp-content\/uploads\/2025\/03\/hydraulic-cylinder-8.webp\" alt=\"Teleskopick\u00e9 hydraulick\u00e9 valce\" width=\"933\" height=\"526\" title=\"\" srcset=\"https:\/\/fmp-components.com\/wp-content\/uploads\/2025\/03\/hydraulic-cylinder-8.webp 933w, https:\/\/fmp-components.com\/wp-content\/uploads\/2025\/03\/hydraulic-cylinder-8-480x271.webp 480w\" sizes=\"(min-width: 0px) and (max-width: 480px) 480px, (min-width: 481px) 933px, 100vw\" \/><\/p>\n<p>Na\u0161e poslanie je priamo\u010diare aj ambici\u00f3zne: poskytova\u0165 na\u0161im z\u00e1kazn\u00edkom hydraulick\u00e9 valce, ktor\u00e9 prekon\u00e1vaj\u00fa o\u010dak\u00e1vania vo v\u00fdkone, odolnosti a hodnote. Dodr\u017eiavame z\u00e1kladn\u00e9 princ\u00edpy profesionality, integrity a zamerania sa na z\u00e1kazn\u00edka. Podporou kult\u00fary inov\u00e1ci\u00ed a presnosti neust\u00e1le vylep\u0161ujeme na\u0161e produkty, aby sme si udr\u017eali n\u00e1skok na konkuren\u010dnom trhu. N\u00e1\u0161 rozsiahly sortiment produktov a schopnos\u0165 pon\u00faka\u0165 rie\u0161enia na mieru z n\u00e1s robia preferovan\u00fa vo\u013ebu pre firmy, ktor\u00e9 h\u013eadaj\u00fa vysoko v\u00fdkonn\u00e9 hydraulick\u00e9 valce.<\/p>\n<p>FMP je viac ne\u017e len v\u00fdrobca; sme oddan\u00fdmi partnermi vo va\u0161om \u00faspechu. Ch\u00e1peme, \u017ee na\u0161i z\u00e1kazn\u00edci sa na n\u00e1s spoliehaj\u00fa, \u017ee im poskytneme n\u00e1stroje, ktor\u00e9 zvy\u0161uj\u00fa produktivitu a bezpe\u010dnos\u0165. Preto sa venujeme nielen poskytovaniu \u0161pi\u010dkov\u00fdch produktov, ale aj v\u00fdnimo\u010dn\u00fdch slu\u017eieb. Od po\u010diato\u010dn\u00fdch konzult\u00e1ci\u00ed a\u017e po popredajn\u00fa podporu \u00fazko spolupracujeme s na\u0161imi klientmi, aby sme zabezpe\u010dili, \u017ee ich potreby bud\u00fa splnen\u00e9 s profesionalitou a starostlivos\u0165ou. Na\u0161e konkurencieschopn\u00e9 ceny v kombin\u00e1cii s neochvejn\u00fdm z\u00e1v\u00e4zkom ku kvalite robia z FMP inteligentn\u00fa vo\u013ebu pre spolo\u010dnosti, ktor\u00e9 chc\u00fa investova\u0165 do d\u00f4veryhodn\u00fdch hydraulick\u00fdch rie\u0161en\u00ed.<\/p>","protected":false},"excerpt":{"rendered":"<p>Long Stroke Double Acting Telescopic Hydraulic Cylinder This brand new Long Stroke Double Acting Telescopic hydraulic cylinder is the perfect addition to your industrial machinery. With a weight of 32 KG and a one-year warranty, it&#8217;s the ideal choice for machinery repair shops, farms, energy &amp; mining, machinery manufacturing, and machinery factories. Product Specifications Bore [&hellip;]<\/p>","protected":false},"featured_media":6765,"comment_status":"closed","ping_status":"closed","template":"","meta":{"_et_pb_use_builder":"","_et_pb_old_content":"","_et_gb_content_width":""},"product_brand":[],"product_cat":[103],"product_tag":[34,105],"class_list":{"0":"post-6644","1":"product","2":"type-product","3":"status-publish","4":"has-post-thumbnail","6":"product_cat-telescopic-hydraulic-cylinders","7":"product_tag-hydraulic-cylinder","8":"product_tag-telescopic-hydraulic-cylinders","10":"first","11":"instock","12":"product-type-simple"},"_links":{"self":[{"href":"https:\/\/fmp-components.com\/sk\/wp-json\/wp\/v2\/product\/6644","targetHints":{"allow":["GET"]}}],"collection":[{"href":"https:\/\/fmp-components.com\/sk\/wp-json\/wp\/v2\/product"}],"about":[{"href":"https:\/\/fmp-components.com\/sk\/wp-json\/wp\/v2\/types\/product"}],"replies":[{"embeddable":true,"href":"https:\/\/fmp-components.com\/sk\/wp-json\/wp\/v2\/comments?post=6644"}],"wp:featuredmedia":[{"embeddable":true,"href":"https:\/\/fmp-components.com\/sk\/wp-json\/wp\/v2\/media\/6765"}],"wp:attachment":[{"href":"https:\/\/fmp-components.com\/sk\/wp-json\/wp\/v2\/media?parent=6644"}],"wp:term":[{"taxonomy":"product_brand","embeddable":true,"href":"https:\/\/fmp-components.com\/sk\/wp-json\/wp\/v2\/product_brand?post=6644"},{"taxonomy":"product_cat","embeddable":true,"href":"https:\/\/fmp-components.com\/sk\/wp-json\/wp\/v2\/product_cat?post=6644"},{"taxonomy":"product_tag","embeddable":true,"href":"https:\/\/fmp-components.com\/sk\/wp-json\/wp\/v2\/product_tag?post=6644"}],"curies":[{"name":"pracovn\u00fd list","href":"https:\/\/api.w.org\/{rel}","templated":true}]}}