{"id":6635,"date":"2025-03-11T06:35:17","date_gmt":"2025-03-11T06:35:17","guid":{"rendered":"https:\/\/fmp-components.com\/product\/excellent-quality-20-ton-multistage-5-stage-small-dump-truck-hydraulic-cylinder"},"modified":"2025-03-12T08:49:51","modified_gmt":"2025-03-12T08:49:51","slug":"excellent-quality-20-ton-multistage-5-stage-small-dump-truck-hydraulic-cylinder","status":"publish","type":"product","link":"https:\/\/fmp-components.com\/sk\/product\/excellent-quality-20-ton-multistage-5-stage-small-dump-truck-hydraulic-cylinder\/","title":{"rendered":"Vynikaj\u00faci 20-tonov\u00fd viacstup\u0148ov\u00fd 5-stup\u0148ov\u00fd hydraulick\u00fd valec pre mal\u00e9 skl\u00e1pa\u010de"},"content":{"rendered":"<h2>Vynikaj\u00faci 20-tonov\u00fd viacstup\u0148ov\u00fd 5-stup\u0148ov\u00fd hydraulick\u00fd valec pre mal\u00e9 skl\u00e1pa\u010de<\/h2>\n<p>Predstavujeme v\u00e1m n\u00e1\u0161 \u0161pi\u010dkov\u00fd 20-tonov\u00fd viacstup\u0148ov\u00fd 5-stup\u0148ov\u00fd hydraulick\u00fd valec pre mal\u00e9 skl\u00e1pa\u010de, ktor\u00fd je perfektn\u00fdm rie\u0161en\u00edm pre odvetvia, ako s\u00fa opravovne strojov, farmy, energetika a ban\u00edctvo, v\u00fdroba strojov a stroj\u00e1rne. V\u010faka pevn\u00e9mu oce\u013eov\u00e9mu telu a vysokej aksi\u00e1lnej sile 3000 je navrhnut\u00fd tak, aby fungoval pri \u0165a\u017ek\u00fdch za\u0165a\u017eeniach bez kompromisov v \u00fa\u010dinnosti a spo\u013eahlivosti. Tento hydraulick\u00fd valec zohr\u00e1va k\u013e\u00fa\u010dov\u00fa \u00falohu pri premene hydraulickej sily na line\u00e1rnu mechanick\u00fa silu a pohyb, v\u010faka \u010domu je nevyhnutnou s\u00fa\u010das\u0165ou ka\u017ed\u00e9ho hydraulick\u00e9ho syst\u00e9mu.<\/p>\n<h3>Technick\u00e9 \u0161pecifik\u00e1cie<\/h3>\n<table style=\"width: 96.8474%;\" border=\"\">\n<tbody>\n<tr>\n<td style=\"width: 43.4286%;\"><b>Ve\u013ekos\u0165 otvoru<\/b><\/td>\n<td style=\"width: 402.286%;\">2-6 palcov<\/td>\n<\/tr>\n<tr>\n<td style=\"width: 43.4286%;\"><b>Ve\u013ekos\u0165 ty\u010de<\/b><\/td>\n<td style=\"width: 402.286%;\">1,125-4 palca<\/td>\n<\/tr>\n<tr>\n<td style=\"width: 43.4286%;\"><b>Ve\u013ekos\u0165 \u0165ahu<\/b><\/td>\n<td style=\"width: 402.286%;\">4-100 palcov<\/td>\n<\/tr>\n<tr>\n<td style=\"width: 43.4286%;\"><b>Ve\u013ekos\u0165 \u010dapu<\/b><\/td>\n<td style=\"width: 402.286%;\">0,5-2 palce<\/td>\n<\/tr>\n<tr>\n<td style=\"width: 43.4286%;\"><b>Porty<\/b><\/td>\n<td style=\"width: 402.286%;\">G\/SAE\/NPT\/M<\/td>\n<\/tr>\n<\/tbody>\n<\/table>\n<h2>Jedine\u010dn\u00e9 vlastnosti a v\u00fdhody<\/h2>\n<ul>\n<li>Energeticky \u00fasporn\u00fd: Navrhnut\u00fd na zn\u00ed\u017eenie spotreby energie a z\u00e1rove\u0148 maximaliz\u00e1ciu v\u00fdkonu.<\/li>\n<li>Vysok\u00e1 \u00fa\u010dinnos\u0165: Viacstup\u0148ov\u00e1 kon\u0161trukcia umo\u017e\u0148uje zv\u00fd\u0161en\u00fa \u00fa\u010dinnos\u0165 a v\u00fdkon.<\/li>\n<li>Bezpe\u010dnos\u0165: Vyroben\u00e9 z vysoko kvalitn\u00fdch materi\u00e1lov pre zaistenie bezpe\u010dnosti a dlhej \u017eivotnosti.<\/li>\n<\/ul>\n<p><img loading=\"lazy\" decoding=\"async\" class=\"alignnone  wp-image-6656\" src=\"https:\/\/fmp-components.com\/wp-content\/uploads\/2025\/03\/telescopic-hydraulic-cylinder-5.webp\" alt=\"teleskopick\u00fd hydraulick\u00fd valec\" width=\"787\" height=\"787\" title=\"\" srcset=\"https:\/\/fmp-components.com\/wp-content\/uploads\/2025\/03\/telescopic-hydraulic-cylinder-5.webp 787w, https:\/\/fmp-components.com\/wp-content\/uploads\/2025\/03\/telescopic-hydraulic-cylinder-5-480x480.webp 480w\" sizes=\"(min-width: 0px) and (max-width: 480px) 480px, (min-width: 481px) 787px, 100vw\" \/><\/p>\n<h2>Hydraulick\u00e9 syst\u00e9my a princ\u00edpy fungovania<\/h2>\n<p>N\u00e1\u0161 hydraulick\u00fd valec funguje na princ\u00edpe tlakovej hydraulickej kvapaliny, ktor\u00e1 sp\u00f4sobuje pohyb piestu a vykon\u00e1vanie pr\u00e1ce. Je k\u013e\u00fa\u010dovou s\u00fa\u010das\u0165ou skl\u00e1pa\u010dov a in\u00fdch \u0165a\u017ek\u00fdch strojov, ktor\u00fd poskytuje energiu potrebn\u00fa na zdv\u00edhanie, sp\u00fa\u0161\u0165anie a nakl\u00e1\u0148anie bremien.<\/p>\n<h2>Scen\u00e1re aplik\u00e1ci\u00ed<\/h2>\n<p>Viacstup\u0148ov\u00fd hydraulick\u00fd valec sa \u0161iroko pou\u017e\u00edva v r\u00f4znych oblastiach, ako je stavebn\u00edctvo, po\u013enohospod\u00e1rstvo a ban\u00edctvo. Je to z\u00e1kladn\u00e1 s\u00fa\u010das\u0165 skl\u00e1pa\u010dov, v\u010faka \u010domu je v t\u00fdchto odvetviach d\u00f4le\u017eit\u00fdm hr\u00e1\u010dom.<\/p>\n<h2>\u010casto kladen\u00e9 ot\u00e1zky<\/h2>\n<p><b>Ot\u00e1zka: Ste obchodn\u00e1 spolo\u010dnos\u0165 alebo v\u00fdrobca?<\/b><br \/>\nA: Sme v\u00fdrobca s vlastnou tov\u00e1r\u0148ou.<\/p>\n<p><b>Ot\u00e1zka: Ak\u00e1 je va\u0161a dodacia lehota?<\/b><br \/>\nA: Vo v\u0161eobecnosti je to 25-35 dn\u00ed. M\u00f4\u017ee sa to v\u0161ak l\u00ed\u0161i\u0165 v z\u00e1vislosti od mno\u017estva objedn\u00e1vky a ro\u010dn\u00e9ho obdobia.<\/p>\n<p><b>Ot\u00e1zka: Poskytujete vzorky?<\/b><br \/>\nA: \u00c1no, mohli by sme pon\u00faknu\u0165 vzorku, ale nie je zadarmo.<\/p>\n<h3>O FMP<\/h3>\n<p class=\"break-words\">FMP je popredn\u00fd taliansky v\u00fdrobca \u0161pecializuj\u00faci sa na n\u00e1vrh, v\u00fdvoj a v\u00fdrobu vysokokvalitn\u00fdch hydraulick\u00fdch valcov. S bohat\u00fdm dedi\u010dstvom zakorenen\u00fdm v desa\u0165ro\u010diach odborn\u00fdch znalost\u00ed hrdo kombinujeme talianske remeseln\u00e9 spracovanie s najmodernej\u0161ou technol\u00f3giou, aby sme dod\u00e1vali v\u00fdnimo\u010dn\u00e9 hydraulick\u00e9 rie\u0161enia prisp\u00f4soben\u00e9 rozmanit\u00fdm potreb\u00e1m na\u0161ich glob\u00e1lnych klientov. Spolo\u010dnos\u0165 FMP so s\u00eddlom v Taliansku, centre in\u017einierskej excelentnosti, je d\u00f4veryhodn\u00fdm menom v hydraulickom priemysle a je odhodlan\u00e1 poskytova\u0165 spo\u013eahliv\u00e9, odoln\u00e9 a inovat\u00edvne produkty, ktor\u00e9 posil\u0148uj\u00fa podniky na celom svete.<\/p>\n<p class=\"break-words\">Na\u0161a spolo\u010dnos\u0165 sp\u00e1ja to najlep\u0161ie z pokro\u010dil\u00fdch v\u00fdrobn\u00fdch trad\u00edci\u00ed s progres\u00edvnym pr\u00edstupom. V\u010faka dlhoro\u010dn\u00fdm sk\u00fasenostiam v oblasti hydraulick\u00fdch syst\u00e9mov sa spolo\u010dnos\u0165 FMP vyvinula v modern\u00fd podnik, ktor\u00fd vynik\u00e1 vo v\u00fdskume, dizajne a v\u00fdrobe. \u0160pecializujeme sa na \u0161irok\u00fa \u0161k\u00e1lu hydraulick\u00fdch valcov vr\u00e1tane dvoj\u010dinn\u00fdch valcov, zdv\u00edhac\u00edch valcov pre automobily, valcov pre po\u013enohospod\u00e1rske stroje a na mieru vyroben\u00fdch rie\u0161en\u00ed pre r\u00f4zne priemyseln\u00e9 aplik\u00e1cie. \u010ci u\u017e ide o stavebn\u00edctvo, priemyseln\u00e9 in\u0161tal\u00e1cie, po\u013enohospod\u00e1rstvo alebo \u0165a\u017ek\u00e9 stroje, na\u0161e hydraulick\u00e9 valce s\u00fa skon\u0161truovan\u00e9 tak, aby fungovali v naj\u0165a\u017e\u0161\u00edch podmienkach a zabezpe\u010dovali bezpe\u010dnos\u0165, \u00fa\u010dinnos\u0165 a dlh\u00fa \u017eivotnos\u0165.<\/p>\n<p><img loading=\"lazy\" decoding=\"async\" class=\"alignnone size-full wp-image-6720\" src=\"https:\/\/fmp-components.com\/wp-content\/uploads\/2025\/03\/hydraulic-cylinder-8.webp\" alt=\"Teleskopick\u00e9 hydraulick\u00e9 valce\" width=\"933\" height=\"526\" title=\"\" srcset=\"https:\/\/fmp-components.com\/wp-content\/uploads\/2025\/03\/hydraulic-cylinder-8.webp 933w, https:\/\/fmp-components.com\/wp-content\/uploads\/2025\/03\/hydraulic-cylinder-8-480x271.webp 480w\" sizes=\"(min-width: 0px) and (max-width: 480px) 480px, (min-width: 481px) 933px, 100vw\" \/><\/p>\n<p class=\"break-words\">V spolo\u010dnosti FMP sme hrd\u00ed na na\u0161e najmodernej\u0161ie v\u00fdrobn\u00e9 zariadenia, vybaven\u00e9 presn\u00fdmi strojmi a pokro\u010dil\u00fdmi testovac\u00edmi syst\u00e9mami. Na\u0161e v\u00fdrobn\u00e9 procesy sp\u013a\u0148aj\u00fa pr\u00edsne n\u00e1rodn\u00e9 a medzin\u00e1rodn\u00e9 normy, \u010do zabezpe\u010duje, \u017ee ka\u017ed\u00fd hydraulick\u00fd valec op\u00fa\u0161\u0165aj\u00faci na\u0161u tov\u00e1re\u0148 m\u00e1 vynikaj\u00facu kvalitu a spo\u013eahlivos\u0165. N\u00e1\u0161 sk\u00fasen\u00fd technick\u00fd t\u00edm v spojen\u00ed s najmodernej\u0161\u00edm vybaven\u00edm n\u00e1m umo\u017e\u0148uje udr\u017eiava\u0165 pr\u00edsnu kontrolu kvality v ka\u017edej f\u00e1ze v\u00fdroby \u2013 od v\u00fdberu surov\u00edn a\u017e po kone\u010dn\u00fa kontrolu. Toto odhodlanie k dokonalosti n\u00e1m prinieslo certifik\u00e1cie a uznanie od priemyseln\u00fdch autor\u00edt, \u010do \u010falej upev\u0148uje na\u0161u reput\u00e1ciu spo\u013eahliv\u00e9ho partnera.<\/p>\n<p class=\"break-words\">Na\u0161e poslanie je jednoduch\u00e9, no ambici\u00f3zne: poskytova\u0165 na\u0161im z\u00e1kazn\u00edkom hydraulick\u00e9 valce, ktor\u00e9 prekon\u00e1vaj\u00fa o\u010dak\u00e1vania v oblasti v\u00fdkonu, odolnosti a hodnoty. Pracujeme v s\u00falade s hlavn\u00fdmi princ\u00edpmi profesionality, integrity a zamerania sa na z\u00e1kazn\u00edka. Podporou kult\u00fary inov\u00e1ci\u00ed a presnosti neust\u00e1le zdokona\u013eujeme na\u0161e produkty, aby sme si udr\u017eali n\u00e1skok na konkuren\u010dnom trhu. N\u00e1\u0161 komplexn\u00fd sortiment produktov a schopnos\u0165 pon\u00faka\u0165 rie\u0161enia na mieru z n\u00e1s robia vo\u013ebu pre firmy, ktor\u00e9 h\u013eadaj\u00fa vysoko v\u00fdkonn\u00e9 hydraulick\u00e9 valce.<\/p>\n<p class=\"break-words\">FMP je viac ne\u017e len v\u00fdrobca \u2013 sme partnerom vo va\u0161om \u00faspechu. Ch\u00e1peme, \u017ee na\u0161i z\u00e1kazn\u00edci sa na n\u00e1s spoliehaj\u00fa, \u017ee im dod\u00e1me n\u00e1stroje, ktor\u00e9 zvy\u0161uj\u00fa ich produktivitu a bezpe\u010dnos\u0165. Preto sa zav\u00e4zujeme pon\u00faka\u0165 nielen \u0161pi\u010dkov\u00e9 produkty, ale aj v\u00fdnimo\u010dn\u00fd servis. Od \u00favodnej konzult\u00e1cie a\u017e po popredajn\u00fa podporu \u00fazko spolupracujeme s na\u0161imi klientmi, aby sme zabezpe\u010dili, \u017ee ich potreby bud\u00fa splnen\u00e9 s profesionalitou a starostlivos\u0165ou. Na\u0161e konkurencieschopn\u00e9 ceny v spojen\u00ed s na\u0161\u00edm neochvejn\u00fdm z\u00e1v\u00e4zkom ku kvalite robia z FMP inteligentn\u00fa vo\u013ebu pre spolo\u010dnosti, ktor\u00e9 chc\u00fa investova\u0165 do hydraulick\u00fdch rie\u0161en\u00ed, ktor\u00fdm m\u00f4\u017eu d\u00f4verova\u0165.<\/p>","protected":false},"excerpt":{"rendered":"<p>Excellent Quality 20 Ton Multistage 5 Stage Small Dump Truck Hydraulic Cylinder Introducing our top-notch 20 Ton Multistage 5 Stage Small Dump Truck Hydraulic Cylinder, a perfect solution for industries such as Machinery Repair Shops, Farms, Energy &amp; Mining, Machinery manufacturing, and Machinery Factory. With a solid steel body and high thrust capacity of 3000, [&hellip;]<\/p>","protected":false},"featured_media":6774,"comment_status":"closed","ping_status":"closed","template":"","meta":{"_et_pb_use_builder":"","_et_pb_old_content":"","_et_gb_content_width":""},"product_brand":[],"product_cat":[103],"product_tag":[34,105],"class_list":{"0":"post-6635","1":"product","2":"type-product","3":"status-publish","4":"has-post-thumbnail","6":"product_cat-telescopic-hydraulic-cylinders","7":"product_tag-hydraulic-cylinder","8":"product_tag-telescopic-hydraulic-cylinders","10":"first","11":"instock","12":"product-type-simple"},"_links":{"self":[{"href":"https:\/\/fmp-components.com\/sk\/wp-json\/wp\/v2\/product\/6635","targetHints":{"allow":["GET"]}}],"collection":[{"href":"https:\/\/fmp-components.com\/sk\/wp-json\/wp\/v2\/product"}],"about":[{"href":"https:\/\/fmp-components.com\/sk\/wp-json\/wp\/v2\/types\/product"}],"replies":[{"embeddable":true,"href":"https:\/\/fmp-components.com\/sk\/wp-json\/wp\/v2\/comments?post=6635"}],"wp:featuredmedia":[{"embeddable":true,"href":"https:\/\/fmp-components.com\/sk\/wp-json\/wp\/v2\/media\/6774"}],"wp:attachment":[{"href":"https:\/\/fmp-components.com\/sk\/wp-json\/wp\/v2\/media?parent=6635"}],"wp:term":[{"taxonomy":"product_brand","embeddable":true,"href":"https:\/\/fmp-components.com\/sk\/wp-json\/wp\/v2\/product_brand?post=6635"},{"taxonomy":"product_cat","embeddable":true,"href":"https:\/\/fmp-components.com\/sk\/wp-json\/wp\/v2\/product_cat?post=6635"},{"taxonomy":"product_tag","embeddable":true,"href":"https:\/\/fmp-components.com\/sk\/wp-json\/wp\/v2\/product_tag?post=6635"}],"curies":[{"name":"pracovn\u00fd list","href":"https:\/\/api.w.org\/{rel}","templated":true}]}}